{"id":14605,"date":"2024-09-24T07:41:05","date_gmt":"2024-09-24T07:41:05","guid":{"rendered":"https:\/\/www.elementvape.de\/?post_type=product&#038;p=14605"},"modified":"2024-10-09T07:27:02","modified_gmt":"2024-10-09T07:27:02","slug":"erleben-sie-die-geheimnisvolle-frische-von-mr-blue-bang-tn12000-puffs-einweg-e-zigarette-mit-12000-zuegen-intensiver-beerenaromen","status":"publish","type":"product","link":"https:\/\/www.elementvape.de\/sk\/produkt\/erleben-sie-die-geheimnisvolle-frische-von-mr-blue-bang-tn12000-puffs-einweg-e-zigarette-mit-12000-zuegen-intensiver-beerenaromen\/","title":{"rendered":"Za\u017eite tajomn\u00fa svie\u017eos\u0165 MR BLUE BANG TN12000 PUFFS Jednorazov\u00e1 e-cigareta s 12000 \u0165ahmi intenz\u00edvnych bobu\u013eov\u00fdch ar\u00f3m"},"content":{"rendered":"<h3>Unik\u00e1tne vapingov\u00e9 z\u00e1\u017eitky s MR BLUE BANG TN12000 PUFFS<\/h3>\n<p>Jednorazov\u00e1 elektronick\u00e1 cigareta MR BLUE BANG TN12000 PUFFS v\u00e1m pon\u00faka <strong><a href=\"https:\/\/www.elementvape.de\/sk\/p-tag\/groesser-oder-gleich-12000-zuege\/\" target=\"_blank\" rel=\"noopener\">12000 \u0165ahov<\/a><\/strong> pln\u00fa intenz\u00edvnych ovocn\u00fdch ar\u00f3m, ktor\u00e9 v ka\u017edom \u0165ahu odha\u013euj\u00fa tajomn\u00fa svie\u017eos\u0165. T\u00e1to zmes r\u00f4znych bob\u00fa\u013e zabezpe\u010duje bohat\u00fd a vrstven\u00fd chu\u0165ov\u00fd z\u00e1\u017eitok, ktor\u00fd sa pohybuje od sladk\u00e9ho po osvie\u017euj\u00faci.<\/p>\n<p>V\u010faka dokonale vyv\u00e1\u017eenej kombin\u00e1cii bobu\u013eov\u00fdch ar\u00f3m, vr\u00e1tane \u010du\u010doriedok, mal\u00edn a ostru\u017e\u00edn, si s ka\u017ed\u00fdm n\u00e1dychom vychutn\u00e1vate pln\u00fa silu pr\u00edrody. Chladiv\u00fd n\u00e1dych zabezpe\u010duje osvie\u017euj\u00face zakon\u010denie, ktor\u00e9 o\u017eiv\u00ed va\u0161e zmysly a dopln\u00ed p\u00f4\u017eitok \u2013 ide\u00e1lne pre ka\u017ed\u00e9ho vapera, ktor\u00fd h\u013ead\u00e1 ovocn\u00fa svie\u017eos\u0165.<\/p>\n<hr \/>\n<h3>2. Technick\u00e9 \u0161pecifik\u00e1cie pre dlhodob\u00fd p\u00f4\u017eitok<\/h3>\n<table>\n<thead>\n<tr>\n<th>Technick\u00e9 \u00fadaje<\/th>\n<th>Detaily<\/th>\n<\/tr>\n<\/thead>\n<tbody>\n<tr>\n<td>Bat\u00e9ria<\/td>\n<td>650mAh (18250)<\/td>\n<\/tr>\n<tr>\n<td>Kapacita e-liquidu<\/td>\n<td>22 ml<\/td>\n<\/tr>\n<tr>\n<td>Potiahnutia<\/td>\n<td>12.000<\/td>\n<\/tr>\n<tr>\n<td>Cievky<\/td>\n<td>1.0 Ohm Mesh cievka<\/td>\n<\/tr>\n<tr>\n<td>Pripojenie na nab\u00edjanie<\/td>\n<td>Type-C<\/td>\n<\/tr>\n<tr>\n<td>Obsah N<\/td>\n<td>2%, 5%<\/td>\n<\/tr>\n<tr>\n<td>Materi\u00e1l<\/td>\n<td>PC<\/td>\n<\/tr>\n<tr>\n<td>Balenie na jednotku<\/td>\n<td>1 krabica (10 kusov)<\/td>\n<\/tr>\n<\/tbody>\n<\/table>\n<p>MR BLUE BANG TN<strong><a href=\"https:\/\/www.elementvape.de\/sk\/p-tag\/groesser-oder-gleich-12000-zuege\/\" target=\"_blank\" rel=\"noopener\">12000 PUFFS<\/a><\/strong> nie je len chu\u0165ovo presved\u010div\u00fd, ale aj technicky na najvy\u0161\u0161ej \u00farovni. Vybaven\u00fd bat\u00e9riou s kapacitou 650mAh, pon\u00faka dostatok v\u00fdkonu pre dlh\u00e9 a kontinu\u00e1lne vapovanie. Mesh \u017ehaviaca cievka s odporom 1.0 Ohm zabezpe\u010duje rovnomern\u00e9 odparovanie 22 ml e-liquidu, \u010d\u00edm vznikaj\u00fa hust\u00e9 oblaky a intenz\u00edvna chu\u0165.<\/p>\n<p>Type-C nab\u00edjac\u00ed port zabezpe\u010duje r\u00fdchle a jednoduch\u00e9 nab\u00edjanie. S v\u00fdberom obsahu nikot\u00ednu medzi 2% a 5% m\u00e1te mo\u017enos\u0165 prisp\u00f4sobi\u0165 si svoje vapovacie z\u00e1\u017eitky pod\u013ea vlastn\u00fdch preferenci\u00ed. Odoln\u00fd plastov\u00fd materi\u00e1l zabezpe\u010duje vysok\u00fa odolnos\u0165 zariadenia.<img loading=\"lazy\" decoding=\"async\" class=\"alignnone size-medium wp-image-14586\" src=\"https:\/\/www.elementvape.de\/wp-content\/uploads\/2024\/09\/mmexport1703904077212-300x186.png\" alt=\"\" width=\"300\" height=\"186\" srcset=\"https:\/\/www.elementvape.de\/wp-content\/uploads\/2024\/09\/mmexport1703904077212-300x186.png 300w, https:\/\/www.elementvape.de\/wp-content\/uploads\/2024\/09\/mmexport1703904077212-1024x636.png 1024w, https:\/\/www.elementvape.de\/wp-content\/uploads\/2024\/09\/mmexport1703904077212-768x477.png 768w, https:\/\/www.elementvape.de\/wp-content\/uploads\/2024\/09\/mmexport1703904077212-600x372.png 600w, https:\/\/www.elementvape.de\/wp-content\/uploads\/2024\/09\/mmexport1703904077212.png 1242w\" sizes=\"(max-width: 300px) 100vw, 300px\" \/><\/p>\n<h3>Pou\u017e\u00edvate\u013esk\u00e1 pr\u00edvetivos\u0165 a chu\u0165ov\u00fd z\u00e1\u017eitok<\/h3>\n<p>S MR BLUE BANG TN12000 PUFFS si m\u00f4\u017eete vapovanie vychutna\u0165 bez n\u00e1mahy. V\u010faka funkcii jednorazovosti je <strong><a href=\"https:\/\/www.elementvape.de\/sk\/\" target=\"_blank\" rel=\"noopener\">E-cigareta<\/a><\/strong> okam\u017eite pripraven\u00e1 na pou\u017eitie \u2013 \u017eiadne dop\u013a\u0148anie, \u017eiadna \u00fadr\u017eba, \u017eiadne starosti. Sta\u010d\u00ed rozbali\u0165 a za\u010da\u0165 vapova\u0165! To ju rob\u00ed ide\u00e1lnou na cestovanie alebo pre pou\u017e\u00edvate\u013eov, ktor\u00ed h\u013eadaj\u00fa jednoduch\u00fd, ale kvalitn\u00fd vapingov\u00fd z\u00e1\u017eitok.<\/p>\n<p>Chu\u0165ovo pon\u00faka zmes ovocn\u00fdch ar\u00f3m osvie\u017euj\u00faci a sladk\u00fd vapingov\u00fd z\u00e1\u017eitok. Ka\u017ed\u00fd n\u00e1dych odha\u013euje ovocn\u00fa svie\u017eos\u0165 \u010du\u010doriedok a \u010fal\u0161\u00edch bob\u00fa\u013e, zatia\u013e \u010do \u013eadov\u00e1 svie\u017eos\u0165 prid\u00e1va \u0161peci\u00e1lny n\u00e1dych. Toto zariadenie je ide\u00e1lne pre t\u00fdch, ktor\u00ed chc\u00fa za\u017ei\u0165 intenz\u00edvne ar\u00f3my v pou\u017e\u00edvate\u013esky pr\u00edvetivom dizajne.<\/p>","protected":false},"excerpt":{"rendered":"<p>1. Unverwechselbares Vaping-Erlebnis mit MR BLUE BANG TN12000 PUFFS Die MR BLUE BANG TN12000 PUFFS Einweg-E-Zigarette bietet Ihnen 12000 Z\u00fcge voller intensiver Beerenaromen, die in jedem Zug eine geheimnisvolle Frische entfalten. Diese Mischung aus verschiedenen Beeren sorgt f\u00fcr ein reichhaltiges und vielschichtiges Geschmackserlebnis, das von s\u00fc\u00df bis erfrischend reicht. Dank der perfekt abgestimmten Kombination aus [&hellip;]<\/p>","protected":false},"featured_media":14588,"template":"","meta":{"inline_featured_image":false},"product_cat":[15,728,739,743,744,755,738,751],"product_tag":[710,673],"tiered_pricing_type":"fixed","tiered_pricing_fixed_rules":{"60":"6.58","110":"5.85","200":"5.12"},"tiered_pricing_percentage_rules":[],"tiered_pricing_minimum":1,"_administrator_tiered_pricing_type":"fixed","_administrator_tiered_pricing_fixed_rules":[],"_editor_tiered_pricing_type":"fixed","_editor_tiered_pricing_fixed_rules":[],"_author_tiered_pricing_type":"fixed","_author_tiered_pricing_fixed_rules":[],"_contributor_tiered_pricing_type":"fixed","_contributor_tiered_pricing_fixed_rules":[],"_subscriber_tiered_pricing_type":"fixed","_subscriber_tiered_pricing_fixed_rules":[],"_customer_tiered_pricing_type":"fixed","_customer_tiered_pricing_fixed_rules":[],"_shop_manager_tiered_pricing_type":"fixed","_shop_manager_tiered_pricing_fixed_rules":[],"_wpseo_manager_tiered_pricing_type":"fixed","_wpseo_manager_tiered_pricing_fixed_rules":[],"_wpseo_editor_tiered_pricing_type":"fixed","_wpseo_editor_tiered_pricing_fixed_rules":[],"_wholesale_customer_tiered_pricing_type":"fixed","_wholesale_customer_tiered_pricing_fixed_rules":[],"_marketer_tiered_pricing_type":"fixed","_marketer_tiered_pricing_fixed_rules":[],"_sales_manager_tiered_pricing_type":"fixed","_sales_manager_tiered_pricing_fixed_rules":[],"_sales_rep_tiered_pricing_type":"fixed","_sales_rep_tiered_pricing_fixed_rules":[],"yoast_head":"<!-- This site is optimized with the Yoast SEO plugin v23.3 - https:\/\/yoast.com\/wordpress\/plugins\/seo\/ -->\n<title>Erleben Sie die geheimnisvolle Frische von MR BLUE BANG TN12000 PUFFS Einweg-E-Zigarette mit 12000 Z\u00fcgen intensiver Beerenaromen | ElementVape.de<\/title>\n<meta name=\"description\" content=\"Wir bieten Erleben Sie die geheimnisvolle Frische von MR BLUE BANG TN12000 PUFFS Einweg-E-Zigarette mit 12000 Z\u00fcgen intensiver Beerenaromen , Elementvape.de akzeptieren Gro\u00df-und Einzelhandel Bestellungen.\" \/>\n<meta name=\"robots\" content=\"index, follow, max-snippet:-1, max-image-preview:large, max-video-preview:-1\" \/>\n<link rel=\"canonical\" href=\"https:\/\/www.elementvape.de\/sk\/produkt\/erleben-sie-die-geheimnisvolle-frische-von-mr-blue-bang-tn12000-puffs-einweg-e-zigarette-mit-12000-zuegen-intensiver-beerenaromen\/\" \/>\n<meta property=\"og:locale\" content=\"sk_SK\" \/>\n<meta property=\"og:type\" content=\"article\" \/>\n<meta property=\"og:title\" content=\"Erleben Sie die geheimnisvolle Frische von MR BLUE BANG TN12000 PUFFS Einweg-E-Zigarette mit 12000 Z\u00fcgen intensiver Beerenaromen | ElementVape.de\" \/>\n<meta property=\"og:description\" content=\"Wir bieten Erleben Sie die geheimnisvolle Frische von MR BLUE BANG TN12000 PUFFS Einweg-E-Zigarette mit 12000 Z\u00fcgen intensiver Beerenaromen , Elementvape.de akzeptieren Gro\u00df-und Einzelhandel Bestellungen.\" \/>\n<meta property=\"og:url\" content=\"https:\/\/www.elementvape.de\/sk\/produkt\/erleben-sie-die-geheimnisvolle-frische-von-mr-blue-bang-tn12000-puffs-einweg-e-zigarette-mit-12000-zuegen-intensiver-beerenaromen\/\" \/>\n<meta property=\"og:site_name\" content=\"ElementVape.de\" \/>\n<meta property=\"article:modified_time\" content=\"2024-10-09T07:27:02+00:00\" \/>\n<meta property=\"og:image\" content=\"https:\/\/www.elementvape.de\/wp-content\/uploads\/2024\/09\/Mr-Blue-scaled.jpg\" \/>\n\t<meta property=\"og:image:width\" content=\"2560\" \/>\n\t<meta property=\"og:image:height\" content=\"1898\" \/>\n\t<meta property=\"og:image:type\" content=\"image\/jpeg\" \/>\n<meta name=\"twitter:card\" content=\"summary_large_image\" \/>\n<meta name=\"twitter:label1\" content=\"Est. reading time\" \/>\n\t<meta name=\"twitter:data1\" content=\"3 min\u00faty\" \/>\n<script type=\"application\/ld+json\" class=\"yoast-schema-graph\">{\"@context\":\"https:\/\/schema.org\",\"@graph\":[{\"@type\":\"WebPage\",\"@id\":\"https:\/\/www.elementvape.de\/da\/produkt\/erleben-sie-die-geheimnisvolle-frische-von-mr-blue-bang-tn12000-puffs-einweg-e-zigarette-mit-12000-zuegen-intensiver-beerenaromen\/\",\"url\":\"https:\/\/www.elementvape.de\/da\/produkt\/erleben-sie-die-geheimnisvolle-frische-von-mr-blue-bang-tn12000-puffs-einweg-e-zigarette-mit-12000-zuegen-intensiver-beerenaromen\/\",\"name\":\"Erleben Sie die geheimnisvolle Frische von MR BLUE BANG TN12000 PUFFS Einweg-E-Zigarette mit 12000 Z\u00fcgen intensiver Beerenaromen | ElementVape.de\",\"isPartOf\":{\"@id\":\"https:\/\/www.elementvape.de\/#website\"},\"primaryImageOfPage\":{\"@id\":\"https:\/\/www.elementvape.de\/da\/produkt\/erleben-sie-die-geheimnisvolle-frische-von-mr-blue-bang-tn12000-puffs-einweg-e-zigarette-mit-12000-zuegen-intensiver-beerenaromen\/#primaryimage\"},\"image\":{\"@id\":\"https:\/\/www.elementvape.de\/da\/produkt\/erleben-sie-die-geheimnisvolle-frische-von-mr-blue-bang-tn12000-puffs-einweg-e-zigarette-mit-12000-zuegen-intensiver-beerenaromen\/#primaryimage\"},\"thumbnailUrl\":\"https:\/\/www.elementvape.de\/wp-content\/uploads\/2024\/09\/Mr-Blue-scaled.jpg\",\"datePublished\":\"2024-09-24T07:41:05+00:00\",\"dateModified\":\"2024-10-09T07:27:02+00:00\",\"description\":\"Wir bieten Erleben Sie die geheimnisvolle Frische von MR BLUE BANG TN12000 PUFFS Einweg-E-Zigarette mit 12000 Z\u00fcgen intensiver Beerenaromen , Elementvape.de akzeptieren Gro\u00df-und Einzelhandel Bestellungen.\",\"breadcrumb\":{\"@id\":\"https:\/\/www.elementvape.de\/da\/produkt\/erleben-sie-die-geheimnisvolle-frische-von-mr-blue-bang-tn12000-puffs-einweg-e-zigarette-mit-12000-zuegen-intensiver-beerenaromen\/#breadcrumb\"},\"inLanguage\":\"sk-SK\",\"potentialAction\":[{\"@type\":\"ReadAction\",\"target\":[\"https:\/\/www.elementvape.de\/da\/produkt\/erleben-sie-die-geheimnisvolle-frische-von-mr-blue-bang-tn12000-puffs-einweg-e-zigarette-mit-12000-zuegen-intensiver-beerenaromen\/\"]}]},{\"@type\":\"ImageObject\",\"inLanguage\":\"sk-SK\",\"@id\":\"https:\/\/www.elementvape.de\/da\/produkt\/erleben-sie-die-geheimnisvolle-frische-von-mr-blue-bang-tn12000-puffs-einweg-e-zigarette-mit-12000-zuegen-intensiver-beerenaromen\/#primaryimage\",\"url\":\"https:\/\/www.elementvape.de\/wp-content\/uploads\/2024\/09\/Mr-Blue-scaled.jpg\",\"contentUrl\":\"https:\/\/www.elementvape.de\/wp-content\/uploads\/2024\/09\/Mr-Blue-scaled.jpg\",\"width\":2560,\"height\":1898,\"caption\":\"Mr Blue\"},{\"@type\":\"BreadcrumbList\",\"@id\":\"https:\/\/www.elementvape.de\/da\/produkt\/erleben-sie-die-geheimnisvolle-frische-von-mr-blue-bang-tn12000-puffs-einweg-e-zigarette-mit-12000-zuegen-intensiver-beerenaromen\/#breadcrumb\",\"itemListElement\":[{\"@type\":\"ListItem\",\"position\":1,\"name\":\"Home\",\"item\":\"https:\/\/www.elementvape.de\/\"},{\"@type\":\"ListItem\",\"position\":2,\"name\":\"Shop\",\"item\":\"https:\/\/www.elementvape.de\/shop\/\"},{\"@type\":\"ListItem\",\"position\":3,\"name\":\"Erleben Sie die geheimnisvolle Frische von MR BLUE BANG TN12000 PUFFS Einweg-E-Zigarette mit 12000 Z\u00fcgen intensiver Beerenaromen\"}]},{\"@type\":\"WebSite\",\"@id\":\"https:\/\/www.elementvape.de\/#website\",\"url\":\"https:\/\/www.elementvape.de\/\",\"name\":\"ElementVape.de\",\"description\":\"\",\"publisher\":{\"@id\":\"https:\/\/www.elementvape.de\/#organization\"},\"potentialAction\":[{\"@type\":\"SearchAction\",\"target\":{\"@type\":\"EntryPoint\",\"urlTemplate\":\"https:\/\/www.elementvape.de\/?s={search_term_string}\"},\"query-input\":\"required name=search_term_string\"}],\"inLanguage\":\"sk-SK\"},{\"@type\":\"Organization\",\"@id\":\"https:\/\/www.elementvape.de\/#organization\",\"name\":\"ElementVape.DE\",\"url\":\"https:\/\/www.elementvape.de\/\",\"logo\":{\"@type\":\"ImageObject\",\"inLanguage\":\"sk-SK\",\"@id\":\"https:\/\/www.elementvape.de\/#\/schema\/logo\/image\/\",\"url\":\"https:\/\/www.elementvape.de\/wp-content\/uploads\/2024\/09\/cropped-1elementvape-3.png\",\"contentUrl\":\"https:\/\/www.elementvape.de\/wp-content\/uploads\/2024\/09\/cropped-1elementvape-3.png\",\"width\":285,\"height\":228,\"caption\":\"ElementVape.DE\"},\"image\":{\"@id\":\"https:\/\/www.elementvape.de\/#\/schema\/logo\/image\/\"}}]}<\/script>\n<!-- \/ Yoast SEO plugin. -->","yoast_head_json":{"title":"Erleben Sie die geheimnisvolle Frische von MR BLUE BANG TN12000 PUFFS Einweg-E-Zigarette mit 12000 Z\u00fcgen intensiver Beerenaromen | ElementVape.de","description":"Wir bieten Erleben Sie die geheimnisvolle Frische von MR BLUE BANG TN12000 PUFFS Einweg-E-Zigarette mit 12000 Z\u00fcgen intensiver Beerenaromen , Elementvape.de akzeptieren Gro\u00df-und Einzelhandel Bestellungen.","robots":{"index":"index","follow":"follow","max-snippet":"max-snippet:-1","max-image-preview":"max-image-preview:large","max-video-preview":"max-video-preview:-1"},"canonical":"https:\/\/www.elementvape.de\/sk\/produkt\/erleben-sie-die-geheimnisvolle-frische-von-mr-blue-bang-tn12000-puffs-einweg-e-zigarette-mit-12000-zuegen-intensiver-beerenaromen\/","og_locale":"sk_SK","og_type":"article","og_title":"Erleben Sie die geheimnisvolle Frische von MR BLUE BANG TN12000 PUFFS Einweg-E-Zigarette mit 12000 Z\u00fcgen intensiver Beerenaromen | ElementVape.de","og_description":"Wir bieten Erleben Sie die geheimnisvolle Frische von MR BLUE BANG TN12000 PUFFS Einweg-E-Zigarette mit 12000 Z\u00fcgen intensiver Beerenaromen , Elementvape.de akzeptieren Gro\u00df-und Einzelhandel Bestellungen.","og_url":"https:\/\/www.elementvape.de\/sk\/produkt\/erleben-sie-die-geheimnisvolle-frische-von-mr-blue-bang-tn12000-puffs-einweg-e-zigarette-mit-12000-zuegen-intensiver-beerenaromen\/","og_site_name":"ElementVape.de","article_modified_time":"2024-10-09T07:27:02+00:00","og_image":[{"width":2560,"height":1898,"url":"https:\/\/www.elementvape.de\/wp-content\/uploads\/2024\/09\/Mr-Blue-scaled.jpg","type":"image\/jpeg"}],"twitter_card":"summary_large_image","twitter_misc":{"Est. reading time":"3 min\u00faty"},"schema":{"@context":"https:\/\/schema.org","@graph":[{"@type":"WebPage","@id":"https:\/\/www.elementvape.de\/da\/produkt\/erleben-sie-die-geheimnisvolle-frische-von-mr-blue-bang-tn12000-puffs-einweg-e-zigarette-mit-12000-zuegen-intensiver-beerenaromen\/","url":"https:\/\/www.elementvape.de\/da\/produkt\/erleben-sie-die-geheimnisvolle-frische-von-mr-blue-bang-tn12000-puffs-einweg-e-zigarette-mit-12000-zuegen-intensiver-beerenaromen\/","name":"Erleben Sie die geheimnisvolle Frische von MR BLUE BANG TN12000 PUFFS Einweg-E-Zigarette mit 12000 Z\u00fcgen intensiver Beerenaromen | ElementVape.de","isPartOf":{"@id":"https:\/\/www.elementvape.de\/#website"},"primaryImageOfPage":{"@id":"https:\/\/www.elementvape.de\/da\/produkt\/erleben-sie-die-geheimnisvolle-frische-von-mr-blue-bang-tn12000-puffs-einweg-e-zigarette-mit-12000-zuegen-intensiver-beerenaromen\/#primaryimage"},"image":{"@id":"https:\/\/www.elementvape.de\/da\/produkt\/erleben-sie-die-geheimnisvolle-frische-von-mr-blue-bang-tn12000-puffs-einweg-e-zigarette-mit-12000-zuegen-intensiver-beerenaromen\/#primaryimage"},"thumbnailUrl":"https:\/\/www.elementvape.de\/wp-content\/uploads\/2024\/09\/Mr-Blue-scaled.jpg","datePublished":"2024-09-24T07:41:05+00:00","dateModified":"2024-10-09T07:27:02+00:00","description":"Wir bieten Erleben Sie die geheimnisvolle Frische von MR BLUE BANG TN12000 PUFFS Einweg-E-Zigarette mit 12000 Z\u00fcgen intensiver Beerenaromen , Elementvape.de akzeptieren Gro\u00df-und Einzelhandel Bestellungen.","breadcrumb":{"@id":"https:\/\/www.elementvape.de\/da\/produkt\/erleben-sie-die-geheimnisvolle-frische-von-mr-blue-bang-tn12000-puffs-einweg-e-zigarette-mit-12000-zuegen-intensiver-beerenaromen\/#breadcrumb"},"inLanguage":"sk-SK","potentialAction":[{"@type":"ReadAction","target":["https:\/\/www.elementvape.de\/da\/produkt\/erleben-sie-die-geheimnisvolle-frische-von-mr-blue-bang-tn12000-puffs-einweg-e-zigarette-mit-12000-zuegen-intensiver-beerenaromen\/"]}]},{"@type":"ImageObject","inLanguage":"sk-SK","@id":"https:\/\/www.elementvape.de\/da\/produkt\/erleben-sie-die-geheimnisvolle-frische-von-mr-blue-bang-tn12000-puffs-einweg-e-zigarette-mit-12000-zuegen-intensiver-beerenaromen\/#primaryimage","url":"https:\/\/www.elementvape.de\/wp-content\/uploads\/2024\/09\/Mr-Blue-scaled.jpg","contentUrl":"https:\/\/www.elementvape.de\/wp-content\/uploads\/2024\/09\/Mr-Blue-scaled.jpg","width":2560,"height":1898,"caption":"Mr Blue"},{"@type":"BreadcrumbList","@id":"https:\/\/www.elementvape.de\/da\/produkt\/erleben-sie-die-geheimnisvolle-frische-von-mr-blue-bang-tn12000-puffs-einweg-e-zigarette-mit-12000-zuegen-intensiver-beerenaromen\/#breadcrumb","itemListElement":[{"@type":"ListItem","position":1,"name":"Home","item":"https:\/\/www.elementvape.de\/"},{"@type":"ListItem","position":2,"name":"Shop","item":"https:\/\/www.elementvape.de\/shop\/"},{"@type":"ListItem","position":3,"name":"Erleben Sie die geheimnisvolle Frische von MR BLUE BANG TN12000 PUFFS Einweg-E-Zigarette mit 12000 Z\u00fcgen intensiver Beerenaromen"}]},{"@type":"WebSite","@id":"https:\/\/www.elementvape.de\/#website","url":"https:\/\/www.elementvape.de\/","name":"ElementVape.de","description":"","publisher":{"@id":"https:\/\/www.elementvape.de\/#organization"},"potentialAction":[{"@type":"SearchAction","target":{"@type":"EntryPoint","urlTemplate":"https:\/\/www.elementvape.de\/?s={search_term_string}"},"query-input":"required name=search_term_string"}],"inLanguage":"sk-SK"},{"@type":"Organization","@id":"https:\/\/www.elementvape.de\/#organization","name":"ElementVape.DE","url":"https:\/\/www.elementvape.de\/","logo":{"@type":"ImageObject","inLanguage":"sk-SK","@id":"https:\/\/www.elementvape.de\/#\/schema\/logo\/image\/","url":"https:\/\/www.elementvape.de\/wp-content\/uploads\/2024\/09\/cropped-1elementvape-3.png","contentUrl":"https:\/\/www.elementvape.de\/wp-content\/uploads\/2024\/09\/cropped-1elementvape-3.png","width":285,"height":228,"caption":"ElementVape.DE"},"image":{"@id":"https:\/\/www.elementvape.de\/#\/schema\/logo\/image\/"}}]}},"_links":{"self":[{"href":"https:\/\/www.elementvape.de\/sk\/wp-json\/wp\/v2\/product\/14605"}],"collection":[{"href":"https:\/\/www.elementvape.de\/sk\/wp-json\/wp\/v2\/product"}],"about":[{"href":"https:\/\/www.elementvape.de\/sk\/wp-json\/wp\/v2\/types\/product"}],"wp:featuredmedia":[{"embeddable":true,"href":"https:\/\/www.elementvape.de\/sk\/wp-json\/wp\/v2\/media\/14588"}],"wp:attachment":[{"href":"https:\/\/www.elementvape.de\/sk\/wp-json\/wp\/v2\/media?parent=14605"}],"wp:term":[{"taxonomy":"product_cat","embeddable":true,"href":"https:\/\/www.elementvape.de\/sk\/wp-json\/wp\/v2\/product_cat?post=14605"},{"taxonomy":"product_tag","embeddable":true,"href":"https:\/\/www.elementvape.de\/sk\/wp-json\/wp\/v2\/product_tag?post=14605"}],"curies":[{"name":"wp","href":"https:\/\/api.w.org\/{rel}","templated":true}]}}