{"id":14571,"date":"2024-09-23T07:08:12","date_gmt":"2024-09-23T07:08:12","guid":{"rendered":"https:\/\/www.elementvape.de\/?post_type=product&#038;p=14571"},"modified":"2024-10-10T02:19:33","modified_gmt":"2024-10-10T02:19:33","slug":"royal-grape-bang-15000-puffs-ist-eine-wahre-hommage-an-die-koenigliche-frucht-geniessen-sie-das-volle-aroma-in-jedem-zug","status":"publish","type":"product","link":"https:\/\/www.elementvape.de\/sk\/produkt\/royal-grape-bang-15000-puffs-ist-eine-wahre-hommage-an-die-koenigliche-frucht-geniessen-sie-das-volle-aroma-in-jedem-zug\/","title":{"rendered":"Royal Grape Bang 15000 potiahnut\u00ed je skuto\u010dn\u00e1 pocta kr\u00e1\u013eovskej ovocnej chuti, vychutnajte si pln\u00e9 ar\u00f3ma pri ka\u017edom potiahnut\u00ed"},"content":{"rendered":"<h2>Royal Grape Bang 15000 Pufov Hom\u00e1\u017e k kr\u00e1\u013eovskej plodine<\/h2>\n<p>Vaping v posledn\u00fdch rokoch z\u00edskava \u010doraz v\u00e4\u010d\u0161iu popularitu a svet komunity vapera sa neust\u00e1le vyv\u00edja. Pre mnoh\u00fdch vapera zohr\u00e1va chu\u0165 rozhoduj\u00facu \u00falohu pri v\u00fdbere ich zariaden\u00ed. A ke\u010f ide o chu\u0165ov\u00e9 z\u00e1\u017eitky, Royal Grape Bang 15000 Pufov Dob\u00edjate\u013en\u00fd Jednorazov\u00fd <strong><a href=\"https:\/\/www.elementvape.de\/sk\/c\/pod\/\" target=\"_blank\" rel=\"noopener\">Pod<\/a><\/strong> m\u00e1 \u010do pon\u00faknu\u0165. Tento produkt kombinuje ovocn\u00e9 ar\u00f3my s pokro\u010dilou technol\u00f3giou a pon\u00faka vapera kr\u00e1\u013eovsk\u00fd z\u00e1\u017eitok vo v\u0161etk\u00fdch oh\u013eadoch.<\/p>\n<h3>Gustov\u00e1 cesta do sveta hrozna<\/h3>\n<p>Hrozno, najm\u00e4 vo svojej zrel\u00e9 a pln\u0161ej forme, m\u00e1 nie\u010do vzne\u0161en\u00e9 a majest\u00e1tne. Nie je n\u00e1hodou, \u017ee je ozna\u010dovan\u00e9 ako \u201ekr\u00e1\u013eovsk\u00e1 plodina\u201c. Po st\u00e1ro\u010dia je symbolom blahobytu a luxusu a \u010dasto sa sp\u00e1ja s v\u00fdberov\u00fdmi v\u00ednami a lahodn\u00fdmi dezertmi. Royal Grape Bang 15000 Puffs zachyt\u00e1va pr\u00e1ve tieto asoci\u00e1cie a dod\u00e1va chu\u0165, ktor\u00e1 ct\u00ed t\u00fato trad\u00edciu.<\/p>\n<h4>Autentickos\u0165 chuti<\/h4>\n<p>Pri vapovan\u00ed Royal Grape Bang je okam\u017eite jasn\u00e9, \u017ee ide o pr\u00e9miov\u00fd produkt. Chu\u0165 je autentick\u00e1 a<\/p>\n<p><img loading=\"lazy\" decoding=\"async\" class=\"wp-image-14537 alignright\" src=\"https:\/\/www.elementvape.de\/wp-content\/uploads\/2024\/09\/mmexport1705987082905-300x250.jpg\" alt=\"\" width=\"504\" height=\"420\" srcset=\"https:\/\/www.elementvape.de\/wp-content\/uploads\/2024\/09\/mmexport1705987082905-300x250.jpg 300w, https:\/\/www.elementvape.de\/wp-content\/uploads\/2024\/09\/mmexport1705987082905-1024x853.jpg 1024w, https:\/\/www.elementvape.de\/wp-content\/uploads\/2024\/09\/mmexport1705987082905-768x640.jpg 768w, https:\/\/www.elementvape.de\/wp-content\/uploads\/2024\/09\/mmexport1705987082905-600x500.jpg 600w, https:\/\/www.elementvape.de\/wp-content\/uploads\/2024\/09\/mmexport1705987082905.jpg 1296w\" sizes=\"(max-width: 504px) 100vw, 504px\" \/><\/p>\n<p>pripom\u00edna \u010derstvo zozbieran\u00e9, \u0161\u0165avnat\u00e9 hrozno. T\u00e1to prirodzen\u00e1 a intenz\u00edvna chu\u0165 sa v\u00fdrazne odli\u0161uje od umelo chutnaj\u00facich alternat\u00edv, ktor\u00e9 sa \u010dasto nach\u00e1dzaj\u00fa vo svete vapingu.<\/p>\n<p>Rovnov\u00e1ha medzi sladkos\u0165ou a svie\u017eos\u0165ou je vynikaj\u00faca, tak\u017ee <strong><a href=\"https:\/\/www.elementvape.de\/sk\/\" target=\"_blank\" rel=\"noopener\">vysk\u00fa\u0161a\u0165 vapovanie<\/a><\/strong> nie je len chutn\u00e9, ale aj osvie\u017euj\u00face.<\/p>\n<p>Ar\u00f3my sa s ka\u017ed\u00fdm \u0165ahom rozv\u00edjaj\u00fa nanovo a vytv\u00e1raj\u00fa jedine\u010dn\u00fa zmes ovocnosti a h\u013abky. Prirodzen\u00e1 sladkos\u0165 hrozna je doplnen\u00e1 jemn\u00fdmi, trpk\u00fdmi t\u00f3nmi, ktor\u00e9 dop\u013a\u0148aj\u00fa z\u00e1\u017eitok z vapingu a robia produkt ob\u013e\u00faben\u00fdm medzi milovn\u00edkmi ovocn\u00fdch chut\u00ed.<\/p>\n<p>Hrozno nie je v svete ar\u00f3m ni\u010d\u00edm nov\u00fdm. M\u00e1 pevn\u00e9 miesto v palete ovocn\u00fdch vapovac\u00edch ar\u00f3m, ale Royal Grape Bang <strong><a href=\"https:\/\/www.elementvape.de\/sk\/p-tag\/groesser-oder-gleich-15000-zuege\/\" target=\"_blank\" rel=\"noopener\">15000 Pufov<\/a><\/strong> prekra\u010duje hranice. Kvalita pou\u017eit\u00fdch ar\u00f3m odr\u00e1\u017ea starostlivos\u0165, s akou bol tento produkt vyvinut\u00fd. Nie je to len \u010fal\u0161ie vapovanie s hroznovou ar\u00f3mou \u2013 je to pocta hroznu ako chu\u0165ov\u00e9mu klenotu.<\/p>\n<p>Hroznov\u00e9 ar\u00f3my boli v\u017edy ob\u013e\u00faben\u00e9, preto\u017ee s\u00fa v\u0161estrann\u00e9 a pon\u00fakaj\u00fa sladk\u00e9 aj svie\u017ee komponenty. Royal Grape Bang v\u0161ak stanovuje nov\u00e9 \u0161tandardy t\u00fdm, \u017ee plne vyu\u017e\u00edva potenci\u00e1l tejto ar\u00f3my a pos\u00fava ju na nov\u00fa \u00farove\u0148. Tento pod prin\u00e1\u0161a chu\u0165 zrel\u00e9ho hrozna v podobe, ktor\u00e1 je intenz\u00edvna a dlhotrvaj\u00faca, bez toho, aby p\u00f4sobila umelo.<\/p>\n<h3>Technick\u00e9 \u0161pecifik\u00e1cie: Ohromuj\u00faci v\u00fdkon<\/h3>\n<p>Samotn\u00e1 chu\u0165 v\u0161ak nesta\u010d\u00ed na vytvorenie produktu na vapovanie najvy\u0161\u0161ej kvality. D\u00f4le\u017eit\u00e1 je aj technol\u00f3gia, a v tejto oblasti Royal Grape Bang 15000 Puffs p\u00f4sob\u00ed na v\u0161etk\u00fdch frontoch.<\/p>\n<ul>\n<li>Modelov\u00e9 \u010d\u00edslo: Bang 15000 Puffs Dob\u00edjate\u013en\u00e1 jednorazov\u00e1 Pod<\/li>\n<li>Kapacita e-liquidu: 23 ml<\/li>\n<li>Obsah N: 2% a 5%<\/li>\n<li>Bat\u00e9ria: 650 mAh, nab\u00edjate\u013en\u00e1<\/li>\n<li>Po\u010det potiahnut\u00ed: A\u017e 15 000 \u0165ahov<\/li>\n<li>Nab\u00edjac\u00ed port: Type-C<\/li>\n<li>Odpor: 1,1 Ohm<\/li>\n<\/ul>\n<p>Tieto \u0161pecifik\u00e1cie ukazuj\u00fa, \u017ee ide o produkt navrhnut\u00fd s d\u00f4razom na trvanlivos\u0165 a pou\u017e\u00edvate\u013esk\u00fa priate\u013enos\u0165. S po\u010dtom pufov a\u017e do 15000 patr\u00ed Royal Grape Bang medzi v\u00fdkonnej\u0161ie zariadenia na trhu. To znamen\u00e1, \u017ee pou\u017e\u00edvate\u013e si m\u00f4\u017ee dlhodobo vychutn\u00e1va\u0165 pln\u00fd chu\u0165ov\u00fd z\u00e1\u017eitok bez ob\u00e1v, \u017ee pod r\u00fdchlo d\u00f4jde.<\/p>\n<h4>Kapacita e-liquidu a obsah N<\/h4>\n<p>S kapacitou e-liquidu 23 ml pon\u00faka Royal Grape Bang p\u00f4sobiv\u00e9 mno\u017estvo tekutiny, ktor\u00e1 vysta\u010d\u00ed na mnoho hod\u00edn vapovania. Obsah N 2% a 5% rob\u00ed produkt flexibiln\u00fdm a atrakt\u00edvnym pre \u0161irok\u00fa cie\u013eov\u00fa skupinu. Pou\u017e\u00edvatelia si m\u00f4\u017eu pod\u013ea preferenci\u00ed a zvyklost\u00ed vybra\u0165 vhodn\u00fd obsah N, \u010do je d\u00f4le\u017eit\u00e9 pre za\u010diato\u010dn\u00edkov aj sk\u00fasen\u00fdch <strong><a href=\"https:\/\/www.elementvape.de\/sk\/\" target=\"_blank\" rel=\"noopener\">vapova\u010dov<\/a><\/strong>, ktor\u00ed presne poznaj\u00fa svoj obsah N.<\/p>\n<p>Nab\u00edjate\u013en\u00e1 bat\u00e9ria s kapacitou 650 mAh zais\u0165uje, \u017ee Royal Grape Bang vydr\u017e\u00ed dlho aj pri intenz\u00edvnom pou\u017e\u00edvan\u00ed. V\u00fdhoda nab\u00edjate\u013enej bat\u00e9rie je zrejm\u00e1: nemus\u00edte kupova\u0165 nov\u00e9 pody, ke\u010f sa bat\u00e9ria vybije, ale jednoducho pou\u017eijete port Type-C na r\u00fdchle a jednoduch\u00e9 nabitie zariadenia.<\/p>\n<p>Port Type-C pon\u00faka v porovnan\u00ed so star\u0161\u00edmi portami Micro-USB r\u00fdchlej\u0161ie a efekt\u00edvnej\u0161ie nab\u00edjanie, \u010do je obzvl\u00e1\u0161\u0165 praktick\u00e9, ak zariadenie pou\u017e\u00edvate na cest\u00e1ch. Doba nab\u00edjania je v\u00fdrazne skr\u00e1ten\u00e1, tak\u017ee nemus\u00edte tr\u00e1vi\u0165 to\u013eko \u010dasu bez zariadenia a m\u00f4\u017eete si r\u00fdchlej\u0161ie vychutna\u0165 kr\u00e1\u013eovsk\u00fa hroznov\u00fa ar\u00f3mu.<\/p>\n<h4>Odpor a Mesh Coil<\/h4>\n<p>S odporom 1,1 Ohmu a Mesh Coil pon\u00faka Royal Grape Bang rovnomern\u00fa a kon\u0161tantn\u00fa produkciu pary. Mesh Coily s\u00fa zn\u00e1me t\u00fdm, \u017ee pon\u00fakaj\u00fa v\u00e4\u010d\u0161iu plochu pre odparovanie e-liquidu, \u010do vedie k intenz\u00edvnej\u0161ej a rovnomernej\u0161ej chuti. To je obzvl\u00e1\u0161\u0165 d\u00f4le\u017eit\u00e9 pri ovocn\u00fdch ar\u00f3mach, ako je hrozno, preto\u017ee tie \u010dasto profituj\u00fa z vy\u0161\u0161ej teploty, aby sa rozvinuli ich pln\u00e9 chu\u0165ov\u00e9 nuansy.<\/p>\n<p>Technick\u00e1 prevaha Royal Grape Bang 15000 Puffs by nemala ve\u013ek\u00fa hodnotu, ak by neviedla k vynikaj\u00facemu pou\u017e\u00edvate\u013esk\u00e9mu z\u00e1\u017eitku. Na\u0161\u0165astie m\u00e1 tento produkt nielen siln\u00e9 \u0161pecifik\u00e1cie na papieri, ale pon\u00faka aj prvotriedny z\u00e1\u017eitok z vapovania v praxi.<\/p>\n<p>Ergonomick\u00fd dizajn Royal Grape Bang zais\u0165uje, \u017ee zariadenie dobre padne do ruky a \u013eahko sa pou\u017e\u00edva. V\u010faka \u0161t\u00edhlemu a kompaktn\u00e9mu tvaru je ide\u00e1lny na prepravu, tak\u017ee ho m\u00f4\u017eete bez probl\u00e9mov nosi\u0165 vo vrecku. \u010ci u\u017e ste na cest\u00e1ch alebo relaxujete doma \u2013 Royal Grape Bang je v\u017edy vern\u00fd spolo\u010dn\u00edk, ktor\u00fd v\u00e1m poskytne kr\u00e1\u013eovsk\u00fd p\u00f4\u017eitok.<\/p>\n<h4>Dlhotrvaj\u00faca chu\u0165<\/h4>\n<p>\u010eal\u0161\u00edm vrcholom tohto produktu je konzistencia chuti po\u010das celej \u017eivotnosti podu. Mnoh\u00ed vaperi u\u017e maj\u00fa sk\u00fasenos\u0165, \u017ee chu\u0165 pri in\u00fdch produktoch po chv\u00edli kles\u00e1. To pri Royal Grape Bang nie je pr\u00edpad. V\u010faka kvalitnej Mesh Coil a optim\u00e1lnej kapacite e-liquidu zost\u00e1va chu\u0165 od prv\u00e9ho do posledn\u00e9ho vd\u00fdchnutia intenz\u00edvna a nemenn\u00e1.<\/p>\n<p>Okrem chuti je d\u00f4le\u017eit\u00fdm faktorom pri vapovan\u00ed aj objem pary. Royal Grape Bang pon\u00faka v\u010faka svojej pokro\u010dilej technol\u00f3gii p\u00f4sobiv\u00fa produkciu pary. Ka\u017ed\u00fd \u0165ah poskytuje ve\u013ek\u00e9 mno\u017estvo hustej, aromatickej pary, \u010do e\u0161te viac zintenz\u00edv\u0148uje z\u00e1\u017eitok z vapovania.<\/p>\n<h3>Pre koho je Royal Grape Bang 15000 Puffs vhodn\u00fd?<\/h3>\n<p>Royal Grape Bang 15000 Puffs je ur\u010den\u00fd pre \u0161irok\u00fa cie\u013eov\u00fa skupinu, od za\u010diato\u010dn\u00edkov a\u017e po sk\u00fasen\u00fdch vaperov. Obzvl\u00e1\u0161\u0165 vhodn\u00fd je pre t\u00fdch, ktor\u00ed preferuj\u00fa intenz\u00edvnu, ovocn\u00fa chu\u0165 a h\u013eadaj\u00fa dlhotrvaj\u00faci z\u00e1\u017eitok z vapovania.<\/p>\n<p>Tento pod je ide\u00e1lny pre milovn\u00edkov ovocn\u00fdch a sladk\u00fdch ar\u00f3m, najm\u00e4 hrozna. Chu\u0165 je hlbok\u00e1 a bohat\u00e1, bez toho, aby p\u00f4sobila umelo. Pre vaperov, ktor\u00ed oce\u0148uj\u00fa chu\u0165 zrel\u00e9ho ovocia, je Royal Grape Bang vynikaj\u00facou vo\u013ebou. Pon\u00faka chu\u0165ov\u00fd z\u00e1\u017eitok, ktor\u00fd nadchne za\u010diato\u010dn\u00edkov aj sk\u00fasen\u00fdch vaperov.<\/p>\n<p>Hoci je Royal Grape Bang navrhnut\u00fd na ka\u017edodenn\u00e9 pou\u017eitie, pon\u00faka luxusn\u00fd z\u00e1\u017eitok z vapovania aj pri \u0161peci\u00e1lnych pr\u00edle\u017eitostiach. V\u010faka svojej dlhej \u017eivotnosti a intenz\u00edvnej chuti si ho m\u00f4\u017eete vychutna\u0165 v ka\u017edodennom \u017eivote aj pri \u0161peci\u00e1lnych pr\u00edle\u017eitostiach.<\/p>\n<h3>Produkt, ktor\u00fd si zasl\u00fa\u017ei meno \u201eRoyal\u201c<\/h3>\n<p>Royal Grape Bang 15000 Puffs je ove\u013ea viac ako len \u010fal\u0161\u00ed Disposable Pod. Je to skuto\u010dn\u00e9 majstrovsk\u00e9 dielo vapovacej technol\u00f3gie a pon\u00faka neporovnate\u013en\u00fd chu\u0165ov\u00fd z\u00e1\u017eitok. Od autentickej reprodukcie hroznovej ar\u00f3my a\u017e po pokro\u010dil\u00fa techniku \u2013 tento produkt nastavuje nov\u00e9 \u0161tandardy vo svete vapovania.<\/p>\n<p>Pre v\u0161etk\u00fdch, ktor\u00ed h\u013eadaj\u00fa produkt, ktor\u00fd presved\u010d\u00ed chu\u0165ou aj technikou, je Royal Grape Bang 15000 Puffs vynikaj\u00facou vo\u013ebou. \u010ci u\u017e ste za\u010diato\u010dn\u00edk alebo sk\u00fasen\u00fd vaper, tento produkt v\u00e1m pon\u00fakne kr\u00e1\u013eovsk\u00fd p\u00f4\u017eitok v ka\u017edom oh\u013eade.<\/p>","protected":false},"excerpt":{"rendered":"<p>Royal Grape Bang 15000 Puffs Eine Hommage an die k\u00f6nigliche Frucht Vaping hat in den letzten Jahren immer mehr an Popularit\u00e4t gewonnen und die Welt der Dampfergemeinde entwickelt sich stetig weiter. F\u00fcr viele Vaper spielt der Geschmack eine entscheidende Rolle bei der Wahl ihrer Ger\u00e4te. Und wenn es um Geschmackserlebnisse geht, hat die Royal Grape [&hellip;]<\/p>","protected":false},"featured_media":14548,"template":"","meta":{"inline_featured_image":false},"product_cat":[15,769,739,743,744,755,738,751],"product_tag":[710,674],"tiered_pricing_type":"fixed","tiered_pricing_fixed_rules":{"60":"6.58","110":"5.85","200":"5.12"},"tiered_pricing_percentage_rules":[],"tiered_pricing_minimum":1,"_administrator_tiered_pricing_type":"fixed","_administrator_tiered_pricing_fixed_rules":[],"_editor_tiered_pricing_type":"fixed","_editor_tiered_pricing_fixed_rules":[],"_author_tiered_pricing_type":"fixed","_author_tiered_pricing_fixed_rules":[],"_contributor_tiered_pricing_type":"fixed","_contributor_tiered_pricing_fixed_rules":[],"_subscriber_tiered_pricing_type":"fixed","_subscriber_tiered_pricing_fixed_rules":[],"_customer_tiered_pricing_type":"fixed","_customer_tiered_pricing_fixed_rules":[],"_shop_manager_tiered_pricing_type":"fixed","_shop_manager_tiered_pricing_fixed_rules":[],"_wpseo_manager_tiered_pricing_type":"fixed","_wpseo_manager_tiered_pricing_fixed_rules":[],"_wpseo_editor_tiered_pricing_type":"fixed","_wpseo_editor_tiered_pricing_fixed_rules":[],"_wholesale_customer_tiered_pricing_type":"fixed","_wholesale_customer_tiered_pricing_fixed_rules":[],"_marketer_tiered_pricing_type":"fixed","_marketer_tiered_pricing_fixed_rules":[],"_sales_manager_tiered_pricing_type":"fixed","_sales_manager_tiered_pricing_fixed_rules":[],"_sales_rep_tiered_pricing_type":"fixed","_sales_rep_tiered_pricing_fixed_rules":[],"yoast_head":"<!-- This site is optimized with the Yoast SEO plugin v23.3 - https:\/\/yoast.com\/wordpress\/plugins\/seo\/ -->\n<title>Royal Grape Bang 15000 Puffs ist eine wahre Hommage an die k\u00f6nigliche Frucht genie\u00dfen Sie das volle Aroma in jedem Zug | ElementVape.de<\/title>\n<meta name=\"description\" content=\"Wir bieten Royal Grape Bang 15000 Puffs ist eine wahre Hommage an die k\u00f6nigliche Frucht genie\u00dfen Sie das volle Aroma in jedem Zug , Elementvape.de akzeptieren Gro\u00df-und Einzelhandel Bestellungen.\" \/>\n<meta name=\"robots\" content=\"index, follow, max-snippet:-1, max-image-preview:large, max-video-preview:-1\" \/>\n<link rel=\"canonical\" href=\"https:\/\/www.elementvape.de\/sk\/produkt\/royal-grape-bang-15000-puffs-ist-eine-wahre-hommage-an-die-koenigliche-frucht-geniessen-sie-das-volle-aroma-in-jedem-zug\/\" \/>\n<meta property=\"og:locale\" content=\"sk_SK\" \/>\n<meta property=\"og:type\" content=\"article\" \/>\n<meta property=\"og:title\" content=\"Royal Grape Bang 15000 Puffs ist eine wahre Hommage an die k\u00f6nigliche Frucht genie\u00dfen Sie das volle Aroma in jedem Zug | ElementVape.de\" \/>\n<meta property=\"og:description\" content=\"Wir bieten Royal Grape Bang 15000 Puffs ist eine wahre Hommage an die k\u00f6nigliche Frucht genie\u00dfen Sie das volle Aroma in jedem Zug , Elementvape.de akzeptieren Gro\u00df-und Einzelhandel Bestellungen.\" \/>\n<meta property=\"og:url\" content=\"https:\/\/www.elementvape.de\/sk\/produkt\/royal-grape-bang-15000-puffs-ist-eine-wahre-hommage-an-die-koenigliche-frucht-geniessen-sie-das-volle-aroma-in-jedem-zug\/\" \/>\n<meta property=\"og:site_name\" content=\"ElementVape.de\" \/>\n<meta property=\"article:modified_time\" content=\"2024-10-10T02:19:33+00:00\" \/>\n<meta property=\"og:image\" content=\"https:\/\/www.elementvape.de\/wp-content\/uploads\/2024\/09\/Royal-Grape.jpg\" \/>\n\t<meta property=\"og:image:width\" content=\"1681\" \/>\n\t<meta property=\"og:image:height\" content=\"1020\" \/>\n\t<meta property=\"og:image:type\" content=\"image\/jpeg\" \/>\n<meta name=\"twitter:card\" content=\"summary_large_image\" \/>\n<meta name=\"twitter:label1\" content=\"Est. reading time\" \/>\n\t<meta name=\"twitter:data1\" content=\"8 min\u00fat\" \/>\n<script type=\"application\/ld+json\" class=\"yoast-schema-graph\">{\"@context\":\"https:\/\/schema.org\",\"@graph\":[{\"@type\":\"WebPage\",\"@id\":\"https:\/\/www.elementvape.de\/el\/produkt\/royal-grape-bang-15000-puffs-ist-eine-wahre-hommage-an-die-koenigliche-frucht-geniessen-sie-das-volle-aroma-in-jedem-zug\/\",\"url\":\"https:\/\/www.elementvape.de\/el\/produkt\/royal-grape-bang-15000-puffs-ist-eine-wahre-hommage-an-die-koenigliche-frucht-geniessen-sie-das-volle-aroma-in-jedem-zug\/\",\"name\":\"Royal Grape Bang 15000 Puffs ist eine wahre Hommage an die k\u00f6nigliche Frucht genie\u00dfen Sie das volle Aroma in jedem Zug | ElementVape.de\",\"isPartOf\":{\"@id\":\"https:\/\/www.elementvape.de\/#website\"},\"primaryImageOfPage\":{\"@id\":\"https:\/\/www.elementvape.de\/el\/produkt\/royal-grape-bang-15000-puffs-ist-eine-wahre-hommage-an-die-koenigliche-frucht-geniessen-sie-das-volle-aroma-in-jedem-zug\/#primaryimage\"},\"image\":{\"@id\":\"https:\/\/www.elementvape.de\/el\/produkt\/royal-grape-bang-15000-puffs-ist-eine-wahre-hommage-an-die-koenigliche-frucht-geniessen-sie-das-volle-aroma-in-jedem-zug\/#primaryimage\"},\"thumbnailUrl\":\"https:\/\/www.elementvape.de\/wp-content\/uploads\/2024\/09\/Royal-Grape.jpg\",\"datePublished\":\"2024-09-23T07:08:12+00:00\",\"dateModified\":\"2024-10-10T02:19:33+00:00\",\"description\":\"Wir bieten Royal Grape Bang 15000 Puffs ist eine wahre Hommage an die k\u00f6nigliche Frucht genie\u00dfen Sie das volle Aroma in jedem Zug , Elementvape.de akzeptieren Gro\u00df-und Einzelhandel Bestellungen.\",\"breadcrumb\":{\"@id\":\"https:\/\/www.elementvape.de\/el\/produkt\/royal-grape-bang-15000-puffs-ist-eine-wahre-hommage-an-die-koenigliche-frucht-geniessen-sie-das-volle-aroma-in-jedem-zug\/#breadcrumb\"},\"inLanguage\":\"sk-SK\",\"potentialAction\":[{\"@type\":\"ReadAction\",\"target\":[\"https:\/\/www.elementvape.de\/el\/produkt\/royal-grape-bang-15000-puffs-ist-eine-wahre-hommage-an-die-koenigliche-frucht-geniessen-sie-das-volle-aroma-in-jedem-zug\/\"]}]},{\"@type\":\"ImageObject\",\"inLanguage\":\"sk-SK\",\"@id\":\"https:\/\/www.elementvape.de\/el\/produkt\/royal-grape-bang-15000-puffs-ist-eine-wahre-hommage-an-die-koenigliche-frucht-geniessen-sie-das-volle-aroma-in-jedem-zug\/#primaryimage\",\"url\":\"https:\/\/www.elementvape.de\/wp-content\/uploads\/2024\/09\/Royal-Grape.jpg\",\"contentUrl\":\"https:\/\/www.elementvape.de\/wp-content\/uploads\/2024\/09\/Royal-Grape.jpg\",\"width\":1681,\"height\":1020,\"caption\":\"Royal Grape\"},{\"@type\":\"BreadcrumbList\",\"@id\":\"https:\/\/www.elementvape.de\/el\/produkt\/royal-grape-bang-15000-puffs-ist-eine-wahre-hommage-an-die-koenigliche-frucht-geniessen-sie-das-volle-aroma-in-jedem-zug\/#breadcrumb\",\"itemListElement\":[{\"@type\":\"ListItem\",\"position\":1,\"name\":\"Home\",\"item\":\"https:\/\/www.elementvape.de\/\"},{\"@type\":\"ListItem\",\"position\":2,\"name\":\"Shop\",\"item\":\"https:\/\/www.elementvape.de\/shop\/\"},{\"@type\":\"ListItem\",\"position\":3,\"name\":\"Royal Grape Bang 15000 Puffs ist eine wahre Hommage an die k\u00f6nigliche Frucht genie\u00dfen Sie das volle Aroma in jedem Zug\"}]},{\"@type\":\"WebSite\",\"@id\":\"https:\/\/www.elementvape.de\/#website\",\"url\":\"https:\/\/www.elementvape.de\/\",\"name\":\"ElementVape.de\",\"description\":\"\",\"publisher\":{\"@id\":\"https:\/\/www.elementvape.de\/#organization\"},\"potentialAction\":[{\"@type\":\"SearchAction\",\"target\":{\"@type\":\"EntryPoint\",\"urlTemplate\":\"https:\/\/www.elementvape.de\/?s={search_term_string}\"},\"query-input\":\"required name=search_term_string\"}],\"inLanguage\":\"sk-SK\"},{\"@type\":\"Organization\",\"@id\":\"https:\/\/www.elementvape.de\/#organization\",\"name\":\"ElementVape.DE\",\"url\":\"https:\/\/www.elementvape.de\/\",\"logo\":{\"@type\":\"ImageObject\",\"inLanguage\":\"sk-SK\",\"@id\":\"https:\/\/www.elementvape.de\/#\/schema\/logo\/image\/\",\"url\":\"https:\/\/www.elementvape.de\/wp-content\/uploads\/2024\/09\/cropped-1elementvape-3.png\",\"contentUrl\":\"https:\/\/www.elementvape.de\/wp-content\/uploads\/2024\/09\/cropped-1elementvape-3.png\",\"width\":285,\"height\":228,\"caption\":\"ElementVape.DE\"},\"image\":{\"@id\":\"https:\/\/www.elementvape.de\/#\/schema\/logo\/image\/\"}}]}<\/script>\n<!-- \/ Yoast SEO plugin. -->","yoast_head_json":{"title":"Royal Grape Bang 15000 Puffs ist eine wahre Hommage an die k\u00f6nigliche Frucht genie\u00dfen Sie das volle Aroma in jedem Zug | ElementVape.de","description":"Wir bieten Royal Grape Bang 15000 Puffs ist eine wahre Hommage an die k\u00f6nigliche Frucht genie\u00dfen Sie das volle Aroma in jedem Zug , Elementvape.de akzeptieren Gro\u00df-und Einzelhandel Bestellungen.","robots":{"index":"index","follow":"follow","max-snippet":"max-snippet:-1","max-image-preview":"max-image-preview:large","max-video-preview":"max-video-preview:-1"},"canonical":"https:\/\/www.elementvape.de\/sk\/produkt\/royal-grape-bang-15000-puffs-ist-eine-wahre-hommage-an-die-koenigliche-frucht-geniessen-sie-das-volle-aroma-in-jedem-zug\/","og_locale":"sk_SK","og_type":"article","og_title":"Royal Grape Bang 15000 Puffs ist eine wahre Hommage an die k\u00f6nigliche Frucht genie\u00dfen Sie das volle Aroma in jedem Zug | ElementVape.de","og_description":"Wir bieten Royal Grape Bang 15000 Puffs ist eine wahre Hommage an die k\u00f6nigliche Frucht genie\u00dfen Sie das volle Aroma in jedem Zug , Elementvape.de akzeptieren Gro\u00df-und Einzelhandel Bestellungen.","og_url":"https:\/\/www.elementvape.de\/sk\/produkt\/royal-grape-bang-15000-puffs-ist-eine-wahre-hommage-an-die-koenigliche-frucht-geniessen-sie-das-volle-aroma-in-jedem-zug\/","og_site_name":"ElementVape.de","article_modified_time":"2024-10-10T02:19:33+00:00","og_image":[{"width":1681,"height":1020,"url":"https:\/\/www.elementvape.de\/wp-content\/uploads\/2024\/09\/Royal-Grape.jpg","type":"image\/jpeg"}],"twitter_card":"summary_large_image","twitter_misc":{"Est. reading time":"8 min\u00fat"},"schema":{"@context":"https:\/\/schema.org","@graph":[{"@type":"WebPage","@id":"https:\/\/www.elementvape.de\/el\/produkt\/royal-grape-bang-15000-puffs-ist-eine-wahre-hommage-an-die-koenigliche-frucht-geniessen-sie-das-volle-aroma-in-jedem-zug\/","url":"https:\/\/www.elementvape.de\/el\/produkt\/royal-grape-bang-15000-puffs-ist-eine-wahre-hommage-an-die-koenigliche-frucht-geniessen-sie-das-volle-aroma-in-jedem-zug\/","name":"Royal Grape Bang 15000 Puffs ist eine wahre Hommage an die k\u00f6nigliche Frucht genie\u00dfen Sie das volle Aroma in jedem Zug | ElementVape.de","isPartOf":{"@id":"https:\/\/www.elementvape.de\/#website"},"primaryImageOfPage":{"@id":"https:\/\/www.elementvape.de\/el\/produkt\/royal-grape-bang-15000-puffs-ist-eine-wahre-hommage-an-die-koenigliche-frucht-geniessen-sie-das-volle-aroma-in-jedem-zug\/#primaryimage"},"image":{"@id":"https:\/\/www.elementvape.de\/el\/produkt\/royal-grape-bang-15000-puffs-ist-eine-wahre-hommage-an-die-koenigliche-frucht-geniessen-sie-das-volle-aroma-in-jedem-zug\/#primaryimage"},"thumbnailUrl":"https:\/\/www.elementvape.de\/wp-content\/uploads\/2024\/09\/Royal-Grape.jpg","datePublished":"2024-09-23T07:08:12+00:00","dateModified":"2024-10-10T02:19:33+00:00","description":"Wir bieten Royal Grape Bang 15000 Puffs ist eine wahre Hommage an die k\u00f6nigliche Frucht genie\u00dfen Sie das volle Aroma in jedem Zug , Elementvape.de akzeptieren Gro\u00df-und Einzelhandel Bestellungen.","breadcrumb":{"@id":"https:\/\/www.elementvape.de\/el\/produkt\/royal-grape-bang-15000-puffs-ist-eine-wahre-hommage-an-die-koenigliche-frucht-geniessen-sie-das-volle-aroma-in-jedem-zug\/#breadcrumb"},"inLanguage":"sk-SK","potentialAction":[{"@type":"ReadAction","target":["https:\/\/www.elementvape.de\/el\/produkt\/royal-grape-bang-15000-puffs-ist-eine-wahre-hommage-an-die-koenigliche-frucht-geniessen-sie-das-volle-aroma-in-jedem-zug\/"]}]},{"@type":"ImageObject","inLanguage":"sk-SK","@id":"https:\/\/www.elementvape.de\/el\/produkt\/royal-grape-bang-15000-puffs-ist-eine-wahre-hommage-an-die-koenigliche-frucht-geniessen-sie-das-volle-aroma-in-jedem-zug\/#primaryimage","url":"https:\/\/www.elementvape.de\/wp-content\/uploads\/2024\/09\/Royal-Grape.jpg","contentUrl":"https:\/\/www.elementvape.de\/wp-content\/uploads\/2024\/09\/Royal-Grape.jpg","width":1681,"height":1020,"caption":"Royal Grape"},{"@type":"BreadcrumbList","@id":"https:\/\/www.elementvape.de\/el\/produkt\/royal-grape-bang-15000-puffs-ist-eine-wahre-hommage-an-die-koenigliche-frucht-geniessen-sie-das-volle-aroma-in-jedem-zug\/#breadcrumb","itemListElement":[{"@type":"ListItem","position":1,"name":"Home","item":"https:\/\/www.elementvape.de\/"},{"@type":"ListItem","position":2,"name":"Shop","item":"https:\/\/www.elementvape.de\/shop\/"},{"@type":"ListItem","position":3,"name":"Royal Grape Bang 15000 Puffs ist eine wahre Hommage an die k\u00f6nigliche Frucht genie\u00dfen Sie das volle Aroma in jedem Zug"}]},{"@type":"WebSite","@id":"https:\/\/www.elementvape.de\/#website","url":"https:\/\/www.elementvape.de\/","name":"ElementVape.de","description":"","publisher":{"@id":"https:\/\/www.elementvape.de\/#organization"},"potentialAction":[{"@type":"SearchAction","target":{"@type":"EntryPoint","urlTemplate":"https:\/\/www.elementvape.de\/?s={search_term_string}"},"query-input":"required name=search_term_string"}],"inLanguage":"sk-SK"},{"@type":"Organization","@id":"https:\/\/www.elementvape.de\/#organization","name":"ElementVape.DE","url":"https:\/\/www.elementvape.de\/","logo":{"@type":"ImageObject","inLanguage":"sk-SK","@id":"https:\/\/www.elementvape.de\/#\/schema\/logo\/image\/","url":"https:\/\/www.elementvape.de\/wp-content\/uploads\/2024\/09\/cropped-1elementvape-3.png","contentUrl":"https:\/\/www.elementvape.de\/wp-content\/uploads\/2024\/09\/cropped-1elementvape-3.png","width":285,"height":228,"caption":"ElementVape.DE"},"image":{"@id":"https:\/\/www.elementvape.de\/#\/schema\/logo\/image\/"}}]}},"_links":{"self":[{"href":"https:\/\/www.elementvape.de\/sk\/wp-json\/wp\/v2\/product\/14571"}],"collection":[{"href":"https:\/\/www.elementvape.de\/sk\/wp-json\/wp\/v2\/product"}],"about":[{"href":"https:\/\/www.elementvape.de\/sk\/wp-json\/wp\/v2\/types\/product"}],"wp:featuredmedia":[{"embeddable":true,"href":"https:\/\/www.elementvape.de\/sk\/wp-json\/wp\/v2\/media\/14548"}],"wp:attachment":[{"href":"https:\/\/www.elementvape.de\/sk\/wp-json\/wp\/v2\/media?parent=14571"}],"wp:term":[{"taxonomy":"product_cat","embeddable":true,"href":"https:\/\/www.elementvape.de\/sk\/wp-json\/wp\/v2\/product_cat?post=14571"},{"taxonomy":"product_tag","embeddable":true,"href":"https:\/\/www.elementvape.de\/sk\/wp-json\/wp\/v2\/product_tag?post=14571"}],"curies":[{"name":"wp","href":"https:\/\/api.w.org\/{rel}","templated":true}]}}