{"id":14561,"date":"2024-09-23T06:06:27","date_gmt":"2024-09-23T06:06:27","guid":{"rendered":"https:\/\/www.elementvape.de\/?post_type=product&#038;p=14561"},"modified":"2024-10-10T02:30:26","modified_gmt":"2024-10-10T02:30:26","slug":"die-melon-mint-bang-15000-puffs-rechargeable-disposable-pod-bietet-einen-intensiven-geschmack-der-die-suesse-der-melone-mit-der-frische-der-minze-vereint","status":"publish","type":"product","link":"https:\/\/www.elementvape.de\/sk\/produkt\/die-melon-mint-bang-15000-puffs-rechargeable-disposable-pod-bietet-einen-intensiven-geschmack-der-die-suesse-der-melone-mit-der-frische-der-minze-vereint\/","title":{"rendered":"Melon Mint Bang 15000 Puffs dob\u00edjate\u013en\u00e1 jednorazov\u00e1 podov\u00e1 n\u00e1pl\u0148 pon\u00faka intenz\u00edvnu chu\u0165, ktor\u00e1 sp\u00e1ja sladkos\u0165 mel\u00f3nu s osvie\u017euj\u00facou m\u00e4tou"},"content":{"rendered":"<h2>Melon Mint Bang 15000 Puffs dob\u00edjate\u013en\u00e1 jednorazov\u00e1 podov\u00e1 n\u00e1pl\u0148 pon\u00faka intenz\u00edvnu chu\u0165, ktor\u00e1 sp\u00e1ja sladkos\u0165 mel\u00f3nu s osvie\u017euj\u00facou m\u00e4tou<\/h2>\n<p>Objavte chu\u0165ov\u00fa symf\u00f3niu s Melon Mint Bang 15000 Puffs Rechargeable Disposable Pod, ktor\u00e1 sp\u00e1ja sladkos\u0165 \u0161\u0165avnat\u00e9ho mel\u00f3nu s osvie\u017euj\u00facou chladivos\u0165ou m\u00e4ty. Toto inovat\u00edvne rie\u0161enie vapovania pon\u00faka jedine\u010dn\u00fd z\u00e1\u017eitok z vapovania, ktor\u00fd pote\u0161\u00ed chu\u0165ov\u00e9 poh\u00e1riky a z\u00e1rove\u0148 poskytuje osvie\u017euj\u00faci z\u00e1\u017eitok. \u010ci u\u017e ste sk\u00fasen\u00fd vaper alebo nov\u00e1\u010dik, Melon Mint Pod je vynikaj\u00facou vo\u013ebou pre ka\u017ed\u00e9ho, kto miluje ovocn\u00e9 a osvie\u017euj\u00face ar\u00f3my.<\/p>\n<p>Melon Mint Bang Pod presvied\u010da svojimi vynikaj\u00facimi technick\u00fdmi \u0161pecifik\u00e1ciami:<\/p>\n<ul>\n<li>Modelov\u00e9 \u010d\u00edslo: Bang 15000 Puffs Dob\u00edjate\u013en\u00e1 jednorazov\u00e1 Pod<\/li>\n<li>Kapacita E-Liquidu: 23 ml<\/li>\n<li>Nikot\u00edn: 2% a 5%<\/li>\n<li>Bat\u00e9ria: 650 mAh<\/li>\n<li>Po\u010det \u0165ahov: 15 000<\/li>\n<li>Nab\u00edjac\u00ed port: Type-C<\/li>\n<li>Odpor: 1,1 Ohm<\/li>\n<\/ul>\n<p>S kapacitou 23 ml e-liquidu a 15 000 potiahnutiami s\u00fa zaru\u010den\u00e9 dlh\u00e9 vapovacie sessions. V\u00fdber medzi 2% a 5% obsahom nikot\u00ednu umo\u017e\u0148uje individu\u00e1lne prisp\u00f4sobenie va\u0161im preferenci\u00e1m. Nab\u00edjac\u00ed port Type-C zais\u0165uje r\u00fdchle nab\u00edjanie, zatia\u013e \u010do odpor 1,1 Ohmu poskytuje hust\u00e9 oblaky a intenz\u00edvnu chu\u0165.<\/p>\n<h3>Chu\u0165ov\u00fd z\u00e1\u017eitok<\/h3>\n<p>Chu\u0165ov\u00fd z\u00e1\u017eitok z Melon Mint Bang Pod je skuto\u010dn\u00fdm pote\u0161en\u00edm. Sladk\u00e1 chu\u0165 mel\u00f3nu je dokonale doplnen\u00e1 chladivou svie\u017eos\u0165ou m\u00e4ty. Ka\u017ed\u00fd \u0165ah sprostredkuje pocit, akoby ste sa zahryzli do \u010derstvo pripraven\u00e9ho mel\u00f3novo-m\u00e4tov\u00e9ho smoothie. Rovnov\u00e1ha medzi sladkos\u0165ou a svie\u017eos\u0165ou zais\u0165uje, \u017ee sa ar\u00f3my harmonicky rozvin\u00fa bez toho, aby jedna prevl\u00e1dala.<\/p>\n<p>Kombin\u00e1cia ovocn\u00fdch a svie\u017eich t\u00f3nov rob\u00ed z Melon Mint Pod ide\u00e1lnu vo\u013ebu pre ka\u017ed\u00fa pr\u00edle\u017eitos\u0165, \u010di u\u017e ide o relaxa\u010dn\u00e9 ve\u010dery doma alebo spolo\u010densk\u00e9 stretnutia s priate\u013emi. S ka\u017edou d\u00e1vkou za\u017eijete osvie\u017euj\u00faci pocit, ktor\u00fd v\u00e1s bude neust\u00e1le vraca\u0165.<\/p>\n<h3>Dizajn a pou\u017e\u00edvate\u013esk\u00e1 pr\u00edvetivos\u0165<\/h3>\n<p>Melon Mint Bang <strong><a href=\"https:\/\/www.elementvape.de\/sk\/c\/pod\/\" target=\"_blank\" rel=\"noopener\">Pod<\/a><\/strong> boduje nielen svojou chu\u0165ou, ale aj modern\u00fdm a ergonomick\u00fdm dizajnom. \u0160t\u00edhly tvar pr\u00edjemne padne do ruky a \u013eahko sa pren\u00e1\u0161a. Nab\u00edjac\u00ed port Type-C umo\u017e\u0148uje jednoduch\u00e9 a r\u00fdchle nab\u00edjanie, zatia\u013e \u010do priezor neust\u00e1le sleduje stav naplnenia e-liquidu.<\/p>\n<p>Pou\u017e\u00edvate\u013esk\u00e1 pr\u00edvetivos\u0165 je \u010fal\u0161\u00edm highlightom. Nie s\u00fa potrebn\u00e9 \u017eiadne komplikovan\u00e9 nastavenia \u2013 jednoducho si u\u017e\u00edvajte! V\u010faka tomu je Melon Mint Pod obzvl\u00e1\u0161\u0165 vhodn\u00fd pre za\u010diato\u010dn\u00edkov a ide\u00e1lny pre v\u0161etk\u00fdch, ktor\u00ed h\u013eadaj\u00fa nekomplikovan\u00fd p\u00f4\u017eitok.<\/p>\n<h3>Cie\u013eov\u00e1 skupina<\/h3>\n<p>Melon Mint Bang Pod oslovuje \u0161irok\u00fa cie\u013eov\u00fa skupinu, najm\u00e4 vaperov, ktor\u00ed preferuj\u00fa svie\u017ee a ovocn\u00e9 ar\u00f3my. Kombin\u00e1cia mel\u00f3nu a m\u00e4ty je ide\u00e1lna pre v\u0161etk\u00fdch, ktor\u00ed h\u013eadaj\u00fa osvie\u017euj\u00faci z\u00e1\u017eitok z vapovania. Je vhodn\u00fd pre za\u010diato\u010dn\u00edkov aj pre sk\u00fasen\u00fdch <strong><a href=\"https:\/\/www.elementvape.de\/sk\/\" target=\"_blank\" rel=\"noopener\">Vaperov<\/a><\/strong> vhodn\u00fd, ktor\u00ed h\u013eadaj\u00fa dlh\u00fd a p\u00f4\u017eitk\u00e1rsky z\u00e1\u017eitok z vapovania.<\/p>\n<p>V porovnan\u00ed s in\u00fdmi produktmi na trhu pon\u00faka Melon Mint Bang Pod jedine\u010dn\u00fa chu\u0165 a vysok\u00fd po\u010det potiahnut\u00ed. Mnoh\u00e9 konkuren\u010dn\u00e9 produkty pon\u00fakaj\u00fa bu\u010f len jednoduch\u00e9 ovocn\u00e9 ar\u00f3my, alebo s\u00fa obmedzen\u00e9 na jednu chu\u0165. Melon Mint Pod na druhej strane kombinuje oba prvky do vynikaj\u00faceho z\u00e1\u017eitku.<\/p>\n<h3>Z\u00e1ver<\/h3>\n<p>Melon Mint Bang Pod je ide\u00e1lnou vo\u013ebou pre vaperov, ktor\u00ed h\u013eadaj\u00fa intenz\u00edvny a osvie\u017euj\u00faci chu\u0165ov\u00fd z\u00e1\u017eitok. Vychutnajte si sladk\u00fd mel\u00f3n a osvie\u017euj\u00facu m\u00e4tu v prvotriednom rie\u0161en\u00ed vapovania, ktor\u00e9 prin\u00e1\u0161a dlhotrvaj\u00facu rados\u0165. Nenechajte si ujs\u0165 tento lahodn\u00fd z\u00e1\u017eitok z vapovania!<\/p>","protected":false},"excerpt":{"rendered":"<p>Die Melon Mint Bang 15000 Puffs Rechargeable Disposable Pod bietet einen intensiven Geschmack der die S\u00fc\u00dfe der Melone mit der Frische der Minze vereint Entdecken Sie mit der Melon Mint Bang 15000 Puffs Rechargeable Disposable Pod eine geschmackliche Symphonie, die die S\u00fc\u00dfe der saftigen Melone mit der erfrischenden K\u00fchle der Minze vereint. Diese innovative Vape-L\u00f6sung [&hellip;]<\/p>","protected":false},"featured_media":14535,"template":"","meta":{"inline_featured_image":false},"product_cat":[15,769,739,743,744,755,738,751],"product_tag":[710,674],"tiered_pricing_type":"fixed","tiered_pricing_fixed_rules":{"60":"6.58","110":"5.85","200":"5.12"},"tiered_pricing_percentage_rules":[],"tiered_pricing_minimum":1,"_administrator_tiered_pricing_type":"fixed","_administrator_tiered_pricing_fixed_rules":[],"_editor_tiered_pricing_type":"fixed","_editor_tiered_pricing_fixed_rules":[],"_author_tiered_pricing_type":"fixed","_author_tiered_pricing_fixed_rules":[],"_contributor_tiered_pricing_type":"fixed","_contributor_tiered_pricing_fixed_rules":[],"_subscriber_tiered_pricing_type":"fixed","_subscriber_tiered_pricing_fixed_rules":[],"_customer_tiered_pricing_type":"fixed","_customer_tiered_pricing_fixed_rules":[],"_shop_manager_tiered_pricing_type":"fixed","_shop_manager_tiered_pricing_fixed_rules":[],"_wpseo_manager_tiered_pricing_type":"fixed","_wpseo_manager_tiered_pricing_fixed_rules":[],"_wpseo_editor_tiered_pricing_type":"fixed","_wpseo_editor_tiered_pricing_fixed_rules":[],"_wholesale_customer_tiered_pricing_type":"fixed","_wholesale_customer_tiered_pricing_fixed_rules":[],"_marketer_tiered_pricing_type":"fixed","_marketer_tiered_pricing_fixed_rules":[],"_sales_manager_tiered_pricing_type":"fixed","_sales_manager_tiered_pricing_fixed_rules":[],"_sales_rep_tiered_pricing_type":"fixed","_sales_rep_tiered_pricing_fixed_rules":[],"yoast_head":"<!-- This site is optimized with the Yoast SEO plugin v23.3 - https:\/\/yoast.com\/wordpress\/plugins\/seo\/ -->\n<title>Die Melon Mint Bang 15000 Puffs Rechargeable Disposable Pod bietet einen intensiven Geschmack der die S\u00fc\u00dfe der Melone mit der Frische der Minze vereint | ElementVape.de<\/title>\n<meta name=\"description\" content=\"Wir bieten Die Melon Mint Bang 15000 Puffs Rechargeable Disposable Pod bietet einen intensiven Geschmack der die S\u00fc\u00dfe der Melone mit der Frische der Minze vereint , Elementvape.de akzeptieren Gro\u00df-und Einzelhandel Bestellungen.\" \/>\n<meta name=\"robots\" content=\"index, follow, max-snippet:-1, max-image-preview:large, max-video-preview:-1\" \/>\n<link rel=\"canonical\" href=\"https:\/\/www.elementvape.de\/sk\/produkt\/die-melon-mint-bang-15000-puffs-rechargeable-disposable-pod-bietet-einen-intensiven-geschmack-der-die-suesse-der-melone-mit-der-frische-der-minze-vereint\/\" \/>\n<meta property=\"og:locale\" content=\"sk_SK\" \/>\n<meta property=\"og:type\" content=\"article\" \/>\n<meta property=\"og:title\" content=\"Die Melon Mint Bang 15000 Puffs Rechargeable Disposable Pod bietet einen intensiven Geschmack der die S\u00fc\u00dfe der Melone mit der Frische der Minze vereint | ElementVape.de\" \/>\n<meta property=\"og:description\" content=\"Wir bieten Die Melon Mint Bang 15000 Puffs Rechargeable Disposable Pod bietet einen intensiven Geschmack der die S\u00fc\u00dfe der Melone mit der Frische der Minze vereint , Elementvape.de akzeptieren Gro\u00df-und Einzelhandel Bestellungen.\" \/>\n<meta property=\"og:url\" content=\"https:\/\/www.elementvape.de\/sk\/produkt\/die-melon-mint-bang-15000-puffs-rechargeable-disposable-pod-bietet-einen-intensiven-geschmack-der-die-suesse-der-melone-mit-der-frische-der-minze-vereint\/\" \/>\n<meta property=\"og:site_name\" content=\"ElementVape.de\" \/>\n<meta property=\"article:modified_time\" content=\"2024-10-10T02:30:26+00:00\" \/>\n<meta property=\"og:image\" content=\"https:\/\/www.elementvape.de\/wp-content\/uploads\/2024\/09\/Melon-Mint.jpg\" \/>\n\t<meta property=\"og:image:width\" content=\"1681\" \/>\n\t<meta property=\"og:image:height\" content=\"1020\" \/>\n\t<meta property=\"og:image:type\" content=\"image\/jpeg\" \/>\n<meta name=\"twitter:card\" content=\"summary_large_image\" \/>\n<meta name=\"twitter:label1\" content=\"Est. reading time\" \/>\n\t<meta name=\"twitter:data1\" content=\"4 min\u00faty\" \/>\n<script type=\"application\/ld+json\" class=\"yoast-schema-graph\">{\"@context\":\"https:\/\/schema.org\",\"@graph\":[{\"@type\":\"WebPage\",\"@id\":\"https:\/\/www.elementvape.de\/en\/produkt\/die-melon-mint-bang-15000-puffs-rechargeable-disposable-pod-bietet-einen-intensiven-geschmack-der-die-suesse-der-melone-mit-der-frische-der-minze-vereint\/\",\"url\":\"https:\/\/www.elementvape.de\/en\/produkt\/die-melon-mint-bang-15000-puffs-rechargeable-disposable-pod-bietet-einen-intensiven-geschmack-der-die-suesse-der-melone-mit-der-frische-der-minze-vereint\/\",\"name\":\"Die Melon Mint Bang 15000 Puffs Rechargeable Disposable Pod bietet einen intensiven Geschmack der die S\u00fc\u00dfe der Melone mit der Frische der Minze vereint | ElementVape.de\",\"isPartOf\":{\"@id\":\"https:\/\/www.elementvape.de\/#website\"},\"primaryImageOfPage\":{\"@id\":\"https:\/\/www.elementvape.de\/en\/produkt\/die-melon-mint-bang-15000-puffs-rechargeable-disposable-pod-bietet-einen-intensiven-geschmack-der-die-suesse-der-melone-mit-der-frische-der-minze-vereint\/#primaryimage\"},\"image\":{\"@id\":\"https:\/\/www.elementvape.de\/en\/produkt\/die-melon-mint-bang-15000-puffs-rechargeable-disposable-pod-bietet-einen-intensiven-geschmack-der-die-suesse-der-melone-mit-der-frische-der-minze-vereint\/#primaryimage\"},\"thumbnailUrl\":\"https:\/\/www.elementvape.de\/wp-content\/uploads\/2024\/09\/Melon-Mint.jpg\",\"datePublished\":\"2024-09-23T06:06:27+00:00\",\"dateModified\":\"2024-10-10T02:30:26+00:00\",\"description\":\"Wir bieten Die Melon Mint Bang 15000 Puffs Rechargeable Disposable Pod bietet einen intensiven Geschmack der die S\u00fc\u00dfe der Melone mit der Frische der Minze vereint , Elementvape.de akzeptieren Gro\u00df-und Einzelhandel Bestellungen.\",\"breadcrumb\":{\"@id\":\"https:\/\/www.elementvape.de\/en\/produkt\/die-melon-mint-bang-15000-puffs-rechargeable-disposable-pod-bietet-einen-intensiven-geschmack-der-die-suesse-der-melone-mit-der-frische-der-minze-vereint\/#breadcrumb\"},\"inLanguage\":\"sk-SK\",\"potentialAction\":[{\"@type\":\"ReadAction\",\"target\":[\"https:\/\/www.elementvape.de\/en\/produkt\/die-melon-mint-bang-15000-puffs-rechargeable-disposable-pod-bietet-einen-intensiven-geschmack-der-die-suesse-der-melone-mit-der-frische-der-minze-vereint\/\"]}]},{\"@type\":\"ImageObject\",\"inLanguage\":\"sk-SK\",\"@id\":\"https:\/\/www.elementvape.de\/en\/produkt\/die-melon-mint-bang-15000-puffs-rechargeable-disposable-pod-bietet-einen-intensiven-geschmack-der-die-suesse-der-melone-mit-der-frische-der-minze-vereint\/#primaryimage\",\"url\":\"https:\/\/www.elementvape.de\/wp-content\/uploads\/2024\/09\/Melon-Mint.jpg\",\"contentUrl\":\"https:\/\/www.elementvape.de\/wp-content\/uploads\/2024\/09\/Melon-Mint.jpg\",\"width\":1681,\"height\":1020,\"caption\":\"Melon Mint\"},{\"@type\":\"BreadcrumbList\",\"@id\":\"https:\/\/www.elementvape.de\/en\/produkt\/die-melon-mint-bang-15000-puffs-rechargeable-disposable-pod-bietet-einen-intensiven-geschmack-der-die-suesse-der-melone-mit-der-frische-der-minze-vereint\/#breadcrumb\",\"itemListElement\":[{\"@type\":\"ListItem\",\"position\":1,\"name\":\"Home\",\"item\":\"https:\/\/www.elementvape.de\/\"},{\"@type\":\"ListItem\",\"position\":2,\"name\":\"Shop\",\"item\":\"https:\/\/www.elementvape.de\/shop\/\"},{\"@type\":\"ListItem\",\"position\":3,\"name\":\"Die Melon Mint Bang 15000 Puffs Rechargeable Disposable Pod bietet einen intensiven Geschmack der die S\u00fc\u00dfe der Melone mit der Frische der Minze vereint\"}]},{\"@type\":\"WebSite\",\"@id\":\"https:\/\/www.elementvape.de\/#website\",\"url\":\"https:\/\/www.elementvape.de\/\",\"name\":\"ElementVape.de\",\"description\":\"\",\"publisher\":{\"@id\":\"https:\/\/www.elementvape.de\/#organization\"},\"potentialAction\":[{\"@type\":\"SearchAction\",\"target\":{\"@type\":\"EntryPoint\",\"urlTemplate\":\"https:\/\/www.elementvape.de\/?s={search_term_string}\"},\"query-input\":\"required name=search_term_string\"}],\"inLanguage\":\"sk-SK\"},{\"@type\":\"Organization\",\"@id\":\"https:\/\/www.elementvape.de\/#organization\",\"name\":\"ElementVape.DE\",\"url\":\"https:\/\/www.elementvape.de\/\",\"logo\":{\"@type\":\"ImageObject\",\"inLanguage\":\"sk-SK\",\"@id\":\"https:\/\/www.elementvape.de\/#\/schema\/logo\/image\/\",\"url\":\"https:\/\/www.elementvape.de\/wp-content\/uploads\/2024\/09\/cropped-1elementvape-3.png\",\"contentUrl\":\"https:\/\/www.elementvape.de\/wp-content\/uploads\/2024\/09\/cropped-1elementvape-3.png\",\"width\":285,\"height\":228,\"caption\":\"ElementVape.DE\"},\"image\":{\"@id\":\"https:\/\/www.elementvape.de\/#\/schema\/logo\/image\/\"}}]}<\/script>\n<!-- \/ Yoast SEO plugin. -->","yoast_head_json":{"title":"Die Melon Mint Bang 15000 Puffs Rechargeable Disposable Pod bietet einen intensiven Geschmack der die S\u00fc\u00dfe der Melone mit der Frische der Minze vereint | ElementVape.de","description":"Wir bieten Die Melon Mint Bang 15000 Puffs Rechargeable Disposable Pod bietet einen intensiven Geschmack der die S\u00fc\u00dfe der Melone mit der Frische der Minze vereint , Elementvape.de akzeptieren Gro\u00df-und Einzelhandel Bestellungen.","robots":{"index":"index","follow":"follow","max-snippet":"max-snippet:-1","max-image-preview":"max-image-preview:large","max-video-preview":"max-video-preview:-1"},"canonical":"https:\/\/www.elementvape.de\/sk\/produkt\/die-melon-mint-bang-15000-puffs-rechargeable-disposable-pod-bietet-einen-intensiven-geschmack-der-die-suesse-der-melone-mit-der-frische-der-minze-vereint\/","og_locale":"sk_SK","og_type":"article","og_title":"Die Melon Mint Bang 15000 Puffs Rechargeable Disposable Pod bietet einen intensiven Geschmack der die S\u00fc\u00dfe der Melone mit der Frische der Minze vereint | ElementVape.de","og_description":"Wir bieten Die Melon Mint Bang 15000 Puffs Rechargeable Disposable Pod bietet einen intensiven Geschmack der die S\u00fc\u00dfe der Melone mit der Frische der Minze vereint , Elementvape.de akzeptieren Gro\u00df-und Einzelhandel Bestellungen.","og_url":"https:\/\/www.elementvape.de\/sk\/produkt\/die-melon-mint-bang-15000-puffs-rechargeable-disposable-pod-bietet-einen-intensiven-geschmack-der-die-suesse-der-melone-mit-der-frische-der-minze-vereint\/","og_site_name":"ElementVape.de","article_modified_time":"2024-10-10T02:30:26+00:00","og_image":[{"width":1681,"height":1020,"url":"https:\/\/www.elementvape.de\/wp-content\/uploads\/2024\/09\/Melon-Mint.jpg","type":"image\/jpeg"}],"twitter_card":"summary_large_image","twitter_misc":{"Est. reading time":"4 min\u00faty"},"schema":{"@context":"https:\/\/schema.org","@graph":[{"@type":"WebPage","@id":"https:\/\/www.elementvape.de\/en\/produkt\/die-melon-mint-bang-15000-puffs-rechargeable-disposable-pod-bietet-einen-intensiven-geschmack-der-die-suesse-der-melone-mit-der-frische-der-minze-vereint\/","url":"https:\/\/www.elementvape.de\/en\/produkt\/die-melon-mint-bang-15000-puffs-rechargeable-disposable-pod-bietet-einen-intensiven-geschmack-der-die-suesse-der-melone-mit-der-frische-der-minze-vereint\/","name":"Die Melon Mint Bang 15000 Puffs Rechargeable Disposable Pod bietet einen intensiven Geschmack der die S\u00fc\u00dfe der Melone mit der Frische der Minze vereint | ElementVape.de","isPartOf":{"@id":"https:\/\/www.elementvape.de\/#website"},"primaryImageOfPage":{"@id":"https:\/\/www.elementvape.de\/en\/produkt\/die-melon-mint-bang-15000-puffs-rechargeable-disposable-pod-bietet-einen-intensiven-geschmack-der-die-suesse-der-melone-mit-der-frische-der-minze-vereint\/#primaryimage"},"image":{"@id":"https:\/\/www.elementvape.de\/en\/produkt\/die-melon-mint-bang-15000-puffs-rechargeable-disposable-pod-bietet-einen-intensiven-geschmack-der-die-suesse-der-melone-mit-der-frische-der-minze-vereint\/#primaryimage"},"thumbnailUrl":"https:\/\/www.elementvape.de\/wp-content\/uploads\/2024\/09\/Melon-Mint.jpg","datePublished":"2024-09-23T06:06:27+00:00","dateModified":"2024-10-10T02:30:26+00:00","description":"Wir bieten Die Melon Mint Bang 15000 Puffs Rechargeable Disposable Pod bietet einen intensiven Geschmack der die S\u00fc\u00dfe der Melone mit der Frische der Minze vereint , Elementvape.de akzeptieren Gro\u00df-und Einzelhandel Bestellungen.","breadcrumb":{"@id":"https:\/\/www.elementvape.de\/en\/produkt\/die-melon-mint-bang-15000-puffs-rechargeable-disposable-pod-bietet-einen-intensiven-geschmack-der-die-suesse-der-melone-mit-der-frische-der-minze-vereint\/#breadcrumb"},"inLanguage":"sk-SK","potentialAction":[{"@type":"ReadAction","target":["https:\/\/www.elementvape.de\/en\/produkt\/die-melon-mint-bang-15000-puffs-rechargeable-disposable-pod-bietet-einen-intensiven-geschmack-der-die-suesse-der-melone-mit-der-frische-der-minze-vereint\/"]}]},{"@type":"ImageObject","inLanguage":"sk-SK","@id":"https:\/\/www.elementvape.de\/en\/produkt\/die-melon-mint-bang-15000-puffs-rechargeable-disposable-pod-bietet-einen-intensiven-geschmack-der-die-suesse-der-melone-mit-der-frische-der-minze-vereint\/#primaryimage","url":"https:\/\/www.elementvape.de\/wp-content\/uploads\/2024\/09\/Melon-Mint.jpg","contentUrl":"https:\/\/www.elementvape.de\/wp-content\/uploads\/2024\/09\/Melon-Mint.jpg","width":1681,"height":1020,"caption":"Melon Mint"},{"@type":"BreadcrumbList","@id":"https:\/\/www.elementvape.de\/en\/produkt\/die-melon-mint-bang-15000-puffs-rechargeable-disposable-pod-bietet-einen-intensiven-geschmack-der-die-suesse-der-melone-mit-der-frische-der-minze-vereint\/#breadcrumb","itemListElement":[{"@type":"ListItem","position":1,"name":"Home","item":"https:\/\/www.elementvape.de\/"},{"@type":"ListItem","position":2,"name":"Shop","item":"https:\/\/www.elementvape.de\/shop\/"},{"@type":"ListItem","position":3,"name":"Die Melon Mint Bang 15000 Puffs Rechargeable Disposable Pod bietet einen intensiven Geschmack der die S\u00fc\u00dfe der Melone mit der Frische der Minze vereint"}]},{"@type":"WebSite","@id":"https:\/\/www.elementvape.de\/#website","url":"https:\/\/www.elementvape.de\/","name":"ElementVape.de","description":"","publisher":{"@id":"https:\/\/www.elementvape.de\/#organization"},"potentialAction":[{"@type":"SearchAction","target":{"@type":"EntryPoint","urlTemplate":"https:\/\/www.elementvape.de\/?s={search_term_string}"},"query-input":"required name=search_term_string"}],"inLanguage":"sk-SK"},{"@type":"Organization","@id":"https:\/\/www.elementvape.de\/#organization","name":"ElementVape.DE","url":"https:\/\/www.elementvape.de\/","logo":{"@type":"ImageObject","inLanguage":"sk-SK","@id":"https:\/\/www.elementvape.de\/#\/schema\/logo\/image\/","url":"https:\/\/www.elementvape.de\/wp-content\/uploads\/2024\/09\/cropped-1elementvape-3.png","contentUrl":"https:\/\/www.elementvape.de\/wp-content\/uploads\/2024\/09\/cropped-1elementvape-3.png","width":285,"height":228,"caption":"ElementVape.DE"},"image":{"@id":"https:\/\/www.elementvape.de\/#\/schema\/logo\/image\/"}}]}},"_links":{"self":[{"href":"https:\/\/www.elementvape.de\/sk\/wp-json\/wp\/v2\/product\/14561"}],"collection":[{"href":"https:\/\/www.elementvape.de\/sk\/wp-json\/wp\/v2\/product"}],"about":[{"href":"https:\/\/www.elementvape.de\/sk\/wp-json\/wp\/v2\/types\/product"}],"wp:featuredmedia":[{"embeddable":true,"href":"https:\/\/www.elementvape.de\/sk\/wp-json\/wp\/v2\/media\/14535"}],"wp:attachment":[{"href":"https:\/\/www.elementvape.de\/sk\/wp-json\/wp\/v2\/media?parent=14561"}],"wp:term":[{"taxonomy":"product_cat","embeddable":true,"href":"https:\/\/www.elementvape.de\/sk\/wp-json\/wp\/v2\/product_cat?post=14561"},{"taxonomy":"product_tag","embeddable":true,"href":"https:\/\/www.elementvape.de\/sk\/wp-json\/wp\/v2\/product_tag?post=14561"}],"curies":[{"name":"wp","href":"https:\/\/api.w.org\/{rel}","templated":true}]}}