{"id":14516,"date":"2024-09-23T02:19:01","date_gmt":"2024-09-23T02:19:01","guid":{"rendered":"https:\/\/www.elementvape.de\/?post_type=product&#038;p=14516"},"modified":"2024-10-10T03:07:29","modified_gmt":"2024-10-10T03:07:29","slug":"erleben-sie-die-erfrischende-kombination-aus-saftiger-wassermelone-und-kuehler-frische-mit-der-bang-tick-tock-20000-puffs-watermelon-ice","status":"publish","type":"product","link":"https:\/\/www.elementvape.de\/sk\/produkt\/erleben-sie-die-erfrischende-kombination-aus-saftiger-wassermelone-und-kuehler-frische-mit-der-bang-tick-tock-20000-puffs-watermelon-ice\/","title":{"rendered":"Za\u017eite osvie\u017euj\u00facu kombin\u00e1ciu \u0161\u0165avnat\u00e9ho vodn\u00e9ho mel\u00f3nu a chladivej svie\u017eosti s BANG Tick Tock 20000 Puffs Watermelon Ice"},"content":{"rendered":"<p>Za\u017eite osvie\u017euj\u00facu kombin\u00e1ciu \u0161\u0165avnat\u00e9ho vodn\u00e9ho mel\u00f3nu a chladivej svie\u017eosti s BANG Tick Tock 20000 Puffs Watermelon Ice<\/p>\n<p>S BANG Tick Tock 20000 Puffs Watermelon Ice v\u00e1s \u010dak\u00e1 osvie\u017euj\u00faci a ovocn\u00fd z\u00e1\u017eitok z vapovania, ktor\u00fd o\u017eiv\u00ed va\u0161e zmysly. Dokonal\u00e9 spojenie sladkej vodnej mel\u00f3nu a pr\u00edjemnej, chladivej \u013eadovej pozn\u00e1mky pon\u00faka osvie\u017euj\u00faci p\u00f4\u017eitok, ktor\u00fd vydr\u017e\u00ed cel\u00fd de\u0148.<\/p>\n<h3>\u0160\u0165avnat\u00e1 vodn\u00e1 mel\u00f3n sa stret\u00e1va s \u013eadovou svie\u017eos\u0165ou<\/h3>\n<p>BANG Tick Tock Watermelon Ice pon\u00faka intenz\u00edvny chu\u0165ov\u00fd z\u00e1\u017eitok, pri ktorom s\u00fa ovocn\u00e9 a svie\u017ee ar\u00f3my dokonale zos\u00faladen\u00e9.<\/p>\n<p>Dominantnou pozn\u00e1mkou tejto e-cigarety je zrel\u00e1, \u0161\u0165avnat\u00e1 vodn\u00e1 mel\u00f3n. Chu\u0165 pripom\u00edna hor\u00face letn\u00e9 dni, ke\u010f chladen\u00e1 vodn\u00e1 mel\u00f3n poskytuje dokonal\u00e9 osvie\u017eenie. Ka\u017ed\u00fd \u0165ah odha\u013euje bohat\u00fa sladkos\u0165, ktor\u00e1 okam\u017eite pripom\u00edna \u010derstvo nakr\u00e1jan\u00e9 vodn\u00e9 mel\u00f3ny.<\/p>\n<p>Chladn\u00e1 \u013eadov\u00e1 pozn\u00e1mka prin\u00e1\u0161a osvie\u017euj\u00faci v\u00e1nok do chu\u0165ov\u00e9ho z\u00e1\u017eitku. Vyva\u017euje intenz\u00edvnu sladkos\u0165 vodnej mel\u00f3nu a zabezpe\u010duje, \u017ee ka\u017ed\u00fd \u0165ah je pr\u00edjemne svie\u017ei a nie pr\u00edli\u0161 sladk\u00fd. To rob\u00ed Watermelon Ice ide\u00e1lnou vo\u013ebou pre t\u00fdch, ktor\u00ed h\u013eadaj\u00fa \u013eahk\u00fd a povzbudzuj\u00faci z\u00e1\u017eitok z vapovania.<\/p>\n<h3>Technick\u00e9 vlastnosti BANG Tick Tock Watermelon Ice<\/h3>\n<p>Okrem vynikaj\u00facej chuti pon\u00faka BANG Tick Tock Watermelon Ice p\u00f4sobiv\u00e9 technick\u00e9 \u0161pecifik\u00e1cie, ktor\u00e9 zlep\u0161ia va\u0161e vapovacie z\u00e1\u017eitky.<\/p>\n<h4>1. 20 000 \u0165ahov \u2013 extra dlh\u00e1 doba u\u017e\u00edvania<\/h4>\n<p>S 20 000 pufmi je BANG Tick Tock ide\u00e1lny pre vapovanie, ak si cen\u00edte dlh\u00fa \u017eivotnos\u0165. Vysok\u00fd po\u010det pufov zabezpe\u010duje, \u017ee sa nebudete musie\u0165 dlho stara\u0165 o v\u00fdmenu zariadenia.<\/p>\n<h4>2. Ve\u013ek\u00e1 kapacita e-liquidu<\/h4>\n<p>Ve\u013ekorys\u00e1 kapacita e-liquidu umo\u017e\u0148uje dlh\u00e9 vapovanie bez \u010dast\u00e9ho nab\u00edjania alebo v\u00fdmeny zariadenia. Ide\u00e1lne na cest\u00e1ch alebo pre dlhodob\u00fd z\u00e1\u017eitok z vapovania bez preru\u0161enia.<\/p>\n<h4>3. Inovat\u00edvna technol\u00f3gia mesh-\u0161pir\u00e1lky<\/h4>\n<p>V\u010faka modernej technol\u00f3gii mesh-\u0161pir\u00e1lky sa e-liquid rovnomerne zahrieva, \u010do vedie k intenz\u00edvnej\u0161iemu rozvoju chuti. Zaru\u010duje, \u017ee ka\u017ed\u00fd \u0165ah je rovnako aromatick\u00fd ako prv\u00fd, bez straty intenzity.<\/p>\n<h4>4. Opakovane nab\u00edjate\u013en\u00e1 bat\u00e9ria<\/h4>\n<p>V\u00fdkonn\u00e1, opakovane nab\u00edjate\u013en\u00e1 bat\u00e9ria zabezpe\u010duje, \u017ee zariadenie nezn\u00ed\u017ei v\u00fdkon ani pri intenz\u00edvnom pou\u017e\u00edvan\u00ed. S praktick\u00fdm nab\u00edjac\u00edm portom typu C je BANG Tick Tock Watermelon Ice r\u00fdchlo a jednoducho nab\u00edjate\u013en\u00e1, tak\u017ee ste v\u017edy pripraven\u00ed na vapovanie.<\/p>\n<h3>Pou\u017e\u00edvate\u013esk\u00e1 pr\u00edvetivos\u0165 a dizajn<\/h3>\n<p>BANG Tick Tock Watermelon Ice vynik\u00e1 svoj\u00edm pou\u017e\u00edvate\u013esky pr\u00edvetiv\u00fdm dizajnom a jednoduchou obsluhou. Je ide\u00e1lna pre za\u010diato\u010dn\u00edkov aj sk\u00fasen\u00fdch vapova\u010dov.<\/p>\n<p>Zariadenie je okam\u017eite pripraven\u00e9 na pou\u017eitie, bez zlo\u017eit\u00fdch nastaven\u00ed. Sta\u010d\u00ed ho aktivova\u0165 a m\u00f4\u017eete okam\u017eite za\u010da\u0165 vapova\u0165.<\/p>\n<p>V\u010faka kompaktn\u00e9mu a \u013eahk\u00e9mu prevedeniu je BANG Tick Tock Watermelon Ice dokonal\u00fdm spolo\u010dn\u00edkom na cest\u00e1ch. Bez probl\u00e9mov sa zmest\u00ed do ka\u017edej ta\u0161ky a v\u017edy pon\u00faka osvie\u017euj\u00faci oddych.<\/p>\n<h3>Doprava bez cla a priame doru\u010denie do kraj\u00edn E\u00da<\/h3>\n<p>Osobitnou atrakciou je mo\u017enos\u0165 bezcoln\u00e9ho odoslania do kraj\u00edn E\u00da, \u010do v\u00e1m u\u0161etr\u00ed \u010fal\u0161ie n\u00e1klady a starosti. Bez oh\u013eadu na to, kde \u017eijete v E\u00da \u2013 BANG Tick Tock Watermelon Ice v\u00e1m bude doru\u010den\u00e9 priamo domov, tak\u017ee sa m\u00f4\u017eete spo\u013eahn\u00fa\u0165 na jednoduch\u00fd a r\u00fdchly n\u00e1kupn\u00fd z\u00e1\u017eitok.<\/p>\n<h3>Pre\u010do je BANG Tick Tock Watermelon Ice ide\u00e1lnou vo\u013ebou pre vapera<\/h3>\n<h4>1. Dlhodob\u00e9 pote\u0161enie s 20 000 potiahnutiami<\/h4>\n<p>Dlh\u00e1 po\u010detnos\u0165 potiahnut\u00ed <strong><a href=\"https:\/\/www.elementvape.de\/sk\/p-tag\/groesser-oder-gleich-20000-zuege\/\" target=\"_blank\" rel=\"noopener\">20 000 potiahnut\u00ed<\/a><\/strong> zabezpe\u010duje, \u017ee sa nemus\u00edte ob\u00e1va\u0165 r\u00fdchleho vy\u010derpania zariadenia. To rob\u00ed z BANG Tick Tock Watermelon Ice vynikaj\u00facu vo\u013ebu pre <strong><a href=\"https:\/\/www.elementvape.de\/sk\/\" target=\"_blank\" rel=\"noopener\">vapova\u010dov<\/a><\/strong>, ktor\u00ed h\u013eadaj\u00fa vytrval\u00e9 zariadenie.<\/p>\n<h4>2. Osve\u017euj\u00faci z\u00e1\u017eitok z chuti<\/h4>\n<p>Spojenie sladkej vodnej mel\u00f3nu a chladnej \u013eadovej svie\u017eosti pon\u00faka vyv\u00e1\u017een\u00fd vapovac\u00ed z\u00e1\u017eitok, ktor\u00fd nikdy nie je nudn\u00fd. Tento z\u00e1\u017eitok z chuti je vhodn\u00fd ako na hor\u00face letn\u00e9 dni, tak aj na ak\u00fdko\u013evek in\u00fd moment, ke\u010f si chcete dopria\u0165 osvie\u017euj\u00facu prest\u00e1vku.<\/p>\n<h4>3. Vysok\u00e1 spo\u013eahlivos\u0165 a v\u00fdkon<\/h4>\n<p>V\u010faka kvalitn\u00fdm mesh cievkam a silnej bat\u00e9rii pon\u00faka BANG Tick Tock Watermelon Ice kon\u0161tantn\u00fd v\u00fdkon a intenz\u00edvnu chu\u0165 pri ka\u017edom potiahnut\u00ed. M\u00f4\u017eete sa spo\u013eahn\u00fa\u0165 na st\u00e1le vysok\u00fa kvalitu bez kompromisov v produkcii pary alebo chuti.<\/p>\n<h4>4. Ide\u00e1lne na cestovanie a do ka\u017edodenn\u00e9ho \u017eivota<\/h4>\n<p>Prenosn\u00e1 ve\u013ekos\u0165 a jednoduch\u00e9 ovl\u00e1danie robia z BANG Tick Tock Watermelon Ice dokonal\u00fa vo\u013ebu na cest\u00e1ch. Pasuje do ka\u017edej ta\u0161ky a je pripraven\u00e9 na pou\u017eitie kedyko\u013evek \u2013 \u010di u\u017e na cest\u00e1ch, v pr\u00e1ci alebo doma.<\/p>\n<h3>Tipy na vapovanie pre optim\u00e1lny z\u00e1\u017eitok<\/h3>\n<p>Aby ste z BANG Tick Tock Watermelon Ice z\u00edskali \u010do najviac, tu je nieko\u013eko u\u017eito\u010dn\u00fdch tipov:<\/p>\n<p>Uchov\u00e1vajte zariadenie na chladnom, suchom mieste, aby ste zachovali kvalitu e-liquidu a chr\u00e1nili bat\u00e9riu.<\/p>\n<p>Uistite sa, \u017ee bat\u00e9ria je v\u017edy dostato\u010dne nabit\u00e1, aby ste si mohli vychutna\u0165 \u00fapln\u00fd vapovac\u00ed z\u00e1\u017eitok. Pou\u017e\u00edvajte praktick\u00fd konektor typu C na r\u00fdchle a efekt\u00edvne nab\u00edjanie zariadenia.<\/p>\n<p>Pre najlep\u0161\u00ed z\u00e1\u017eitok z chuti odpor\u00fa\u010dame pomal\u00e9 a rovnomern\u00e9 potiahnutia. Takto sa najlep\u0161ie prejavia ar\u00f3my vodnej mel\u00f3nu a osvie\u017euj\u00faca \u013eadov\u00e1 nota.<\/p>\n<h3>Dokonal\u00e1 kombin\u00e1cia svie\u017eosti a ovocia<\/h3>\n<p>BANG Tick Tock 20000 Puffs Watermelon Ice je ide\u00e1lnou vo\u013ebou pre vapera, ktor\u00fd h\u013ead\u00e1 intenz\u00edvny a osvie\u017euj\u00faci ovocn\u00fd z\u00e1\u017eitok. S jedine\u010dnou zmesou \u0161\u0165avnatej vodnej mel\u00f3nu a chladnej \u013eadovej svie\u017eosti pon\u00faka osvie\u017euj\u00faci vapovac\u00ed z\u00e1\u017eitok, ktor\u00fd vydr\u017e\u00ed dlho.<\/p>\n<p>V\u010faka dlhej po\u010detnosti potiahnut\u00ed, inovat\u00edvnej technol\u00f3gii mesh cievok a jednoduch\u00e9mu ovl\u00e1daniu je spo\u013eahliv\u00fdm spolo\u010dn\u00edkom pre ka\u017ed\u00e9ho vapera, ktor\u00fd chce kombinova\u0165 kvalitu a chu\u0165 v jednom zariaden\u00ed. Objednajte si teraz BANG Tick Tock Watermelon Ice a za\u017eite 20 000 potiahnut\u00ed pln\u00fdch ovocnej svie\u017eosti!<\/p>","protected":false},"excerpt":{"rendered":"<p>Erleben Sie die erfrischende Kombination aus saftiger Wassermelone und k\u00fchler Frische mit der BANG Tick Tock 20000 Puffs Watermelon Ice Mit der BANG Tick Tock 20000 Puffs Watermelon Ice erwartet Sie ein erfrischendes und fruchtiges Dampferlebnis, das Ihre Sinne belebt. Die perfekte Verschmelzung von s\u00fc\u00dfer Wassermelone und einer angenehmen, k\u00fchlen Eisnote bietet einen erfrischenden Genuss, [&hellip;]<\/p>","protected":false},"featured_media":14515,"template":"","meta":{"inline_featured_image":false},"product_cat":[15,762,739,743,744,755,738,751],"product_tag":[710,725],"tiered_pricing_type":"fixed","tiered_pricing_fixed_rules":{"60":"9.4","110":"8.35","200":"7.31"},"tiered_pricing_percentage_rules":[],"tiered_pricing_minimum":1,"_administrator_tiered_pricing_type":"fixed","_administrator_tiered_pricing_fixed_rules":[],"_editor_tiered_pricing_type":"fixed","_editor_tiered_pricing_fixed_rules":[],"_author_tiered_pricing_type":"fixed","_author_tiered_pricing_fixed_rules":[],"_contributor_tiered_pricing_type":"fixed","_contributor_tiered_pricing_fixed_rules":[],"_subscriber_tiered_pricing_type":"fixed","_subscriber_tiered_pricing_fixed_rules":[],"_customer_tiered_pricing_type":"fixed","_customer_tiered_pricing_fixed_rules":[],"_shop_manager_tiered_pricing_type":"fixed","_shop_manager_tiered_pricing_fixed_rules":[],"_wpseo_manager_tiered_pricing_type":"fixed","_wpseo_manager_tiered_pricing_fixed_rules":[],"_wpseo_editor_tiered_pricing_type":"fixed","_wpseo_editor_tiered_pricing_fixed_rules":[],"_wholesale_customer_tiered_pricing_type":"fixed","_wholesale_customer_tiered_pricing_fixed_rules":[],"_marketer_tiered_pricing_type":"fixed","_marketer_tiered_pricing_fixed_rules":[],"_sales_manager_tiered_pricing_type":"fixed","_sales_manager_tiered_pricing_fixed_rules":[],"_sales_rep_tiered_pricing_type":"fixed","_sales_rep_tiered_pricing_fixed_rules":[],"yoast_head":"<!-- This site is optimized with the Yoast SEO plugin v23.3 - https:\/\/yoast.com\/wordpress\/plugins\/seo\/ -->\n<title>Erleben Sie die erfrischende Kombination aus saftiger Wassermelone und k\u00fchler Frische mit der BANG Tick Tock 20000 Puffs Watermelon Ice | ElementVape.de<\/title>\n<meta name=\"description\" content=\"Wir bieten Erleben Sie die erfrischende Kombination aus saftiger Wassermelone und k\u00fchler Frische mit der BANG Tick Tock 20000 Puffs Watermelon Ice , Elementvape.de akzeptieren Gro\u00df-und Einzelhandel Bestellungen.\" \/>\n<meta name=\"robots\" content=\"index, follow, max-snippet:-1, max-image-preview:large, max-video-preview:-1\" \/>\n<link rel=\"canonical\" href=\"https:\/\/www.elementvape.de\/sk\/produkt\/erleben-sie-die-erfrischende-kombination-aus-saftiger-wassermelone-und-kuehler-frische-mit-der-bang-tick-tock-20000-puffs-watermelon-ice\/\" \/>\n<meta property=\"og:locale\" content=\"sk_SK\" \/>\n<meta property=\"og:type\" content=\"article\" \/>\n<meta property=\"og:title\" content=\"Erleben Sie die erfrischende Kombination aus saftiger Wassermelone und k\u00fchler Frische mit der BANG Tick Tock 20000 Puffs Watermelon Ice | ElementVape.de\" \/>\n<meta property=\"og:description\" content=\"Wir bieten Erleben Sie die erfrischende Kombination aus saftiger Wassermelone und k\u00fchler Frische mit der BANG Tick Tock 20000 Puffs Watermelon Ice , Elementvape.de akzeptieren Gro\u00df-und Einzelhandel Bestellungen.\" \/>\n<meta property=\"og:url\" content=\"https:\/\/www.elementvape.de\/sk\/produkt\/erleben-sie-die-erfrischende-kombination-aus-saftiger-wassermelone-und-kuehler-frische-mit-der-bang-tick-tock-20000-puffs-watermelon-ice\/\" \/>\n<meta property=\"og:site_name\" content=\"ElementVape.de\" \/>\n<meta property=\"article:modified_time\" content=\"2024-10-10T03:07:29+00:00\" \/>\n<meta property=\"og:image\" content=\"https:\/\/www.elementvape.de\/wp-content\/uploads\/2024\/09\/Watermelon-Ice-7-scaled.jpg\" \/>\n\t<meta property=\"og:image:width\" content=\"2560\" \/>\n\t<meta property=\"og:image:height\" content=\"1536\" \/>\n\t<meta property=\"og:image:type\" content=\"image\/jpeg\" \/>\n<meta name=\"twitter:card\" content=\"summary_large_image\" \/>\n<meta name=\"twitter:label1\" content=\"Est. reading time\" \/>\n\t<meta name=\"twitter:data1\" content=\"6 min\u00fat\" \/>\n<script type=\"application\/ld+json\" class=\"yoast-schema-graph\">{\"@context\":\"https:\/\/schema.org\",\"@graph\":[{\"@type\":\"WebPage\",\"@id\":\"https:\/\/www.elementvape.de\/produkt\/erleben-sie-die-erfrischende-kombination-aus-saftiger-wassermelone-und-kuehler-frische-mit-der-bang-tick-tock-20000-puffs-watermelon-ice\/\",\"url\":\"https:\/\/www.elementvape.de\/produkt\/erleben-sie-die-erfrischende-kombination-aus-saftiger-wassermelone-und-kuehler-frische-mit-der-bang-tick-tock-20000-puffs-watermelon-ice\/\",\"name\":\"Erleben Sie die erfrischende Kombination aus saftiger Wassermelone und k\u00fchler Frische mit der BANG Tick Tock 20000 Puffs Watermelon Ice | ElementVape.de\",\"isPartOf\":{\"@id\":\"https:\/\/www.elementvape.de\/#website\"},\"primaryImageOfPage\":{\"@id\":\"https:\/\/www.elementvape.de\/produkt\/erleben-sie-die-erfrischende-kombination-aus-saftiger-wassermelone-und-kuehler-frische-mit-der-bang-tick-tock-20000-puffs-watermelon-ice\/#primaryimage\"},\"image\":{\"@id\":\"https:\/\/www.elementvape.de\/produkt\/erleben-sie-die-erfrischende-kombination-aus-saftiger-wassermelone-und-kuehler-frische-mit-der-bang-tick-tock-20000-puffs-watermelon-ice\/#primaryimage\"},\"thumbnailUrl\":\"https:\/\/www.elementvape.de\/wp-content\/uploads\/2024\/09\/Watermelon-Ice-7-scaled.jpg\",\"datePublished\":\"2024-09-23T02:19:01+00:00\",\"dateModified\":\"2024-10-10T03:07:29+00:00\",\"description\":\"Wir bieten Erleben Sie die erfrischende Kombination aus saftiger Wassermelone und k\u00fchler Frische mit der BANG Tick Tock 20000 Puffs Watermelon Ice , Elementvape.de akzeptieren Gro\u00df-und Einzelhandel Bestellungen.\",\"breadcrumb\":{\"@id\":\"https:\/\/www.elementvape.de\/produkt\/erleben-sie-die-erfrischende-kombination-aus-saftiger-wassermelone-und-kuehler-frische-mit-der-bang-tick-tock-20000-puffs-watermelon-ice\/#breadcrumb\"},\"inLanguage\":\"sk-SK\",\"potentialAction\":[{\"@type\":\"ReadAction\",\"target\":[\"https:\/\/www.elementvape.de\/produkt\/erleben-sie-die-erfrischende-kombination-aus-saftiger-wassermelone-und-kuehler-frische-mit-der-bang-tick-tock-20000-puffs-watermelon-ice\/\"]}]},{\"@type\":\"ImageObject\",\"inLanguage\":\"sk-SK\",\"@id\":\"https:\/\/www.elementvape.de\/produkt\/erleben-sie-die-erfrischende-kombination-aus-saftiger-wassermelone-und-kuehler-frische-mit-der-bang-tick-tock-20000-puffs-watermelon-ice\/#primaryimage\",\"url\":\"https:\/\/www.elementvape.de\/wp-content\/uploads\/2024\/09\/Watermelon-Ice-7-scaled.jpg\",\"contentUrl\":\"https:\/\/www.elementvape.de\/wp-content\/uploads\/2024\/09\/Watermelon-Ice-7-scaled.jpg\",\"width\":2560,\"height\":1536,\"caption\":\"Watermelon Ice\"},{\"@type\":\"BreadcrumbList\",\"@id\":\"https:\/\/www.elementvape.de\/produkt\/erleben-sie-die-erfrischende-kombination-aus-saftiger-wassermelone-und-kuehler-frische-mit-der-bang-tick-tock-20000-puffs-watermelon-ice\/#breadcrumb\",\"itemListElement\":[{\"@type\":\"ListItem\",\"position\":1,\"name\":\"Home\",\"item\":\"https:\/\/www.elementvape.de\/\"},{\"@type\":\"ListItem\",\"position\":2,\"name\":\"Shop\",\"item\":\"https:\/\/www.elementvape.de\/shop\/\"},{\"@type\":\"ListItem\",\"position\":3,\"name\":\"Erleben Sie die erfrischende Kombination aus saftiger Wassermelone und k\u00fchler Frische mit der BANG Tick Tock 20000 Puffs Watermelon Ice\"}]},{\"@type\":\"WebSite\",\"@id\":\"https:\/\/www.elementvape.de\/#website\",\"url\":\"https:\/\/www.elementvape.de\/\",\"name\":\"ElementVape.de\",\"description\":\"\",\"publisher\":{\"@id\":\"https:\/\/www.elementvape.de\/#organization\"},\"potentialAction\":[{\"@type\":\"SearchAction\",\"target\":{\"@type\":\"EntryPoint\",\"urlTemplate\":\"https:\/\/www.elementvape.de\/?s={search_term_string}\"},\"query-input\":\"required name=search_term_string\"}],\"inLanguage\":\"sk-SK\"},{\"@type\":\"Organization\",\"@id\":\"https:\/\/www.elementvape.de\/#organization\",\"name\":\"ElementVape.DE\",\"url\":\"https:\/\/www.elementvape.de\/\",\"logo\":{\"@type\":\"ImageObject\",\"inLanguage\":\"sk-SK\",\"@id\":\"https:\/\/www.elementvape.de\/#\/schema\/logo\/image\/\",\"url\":\"https:\/\/www.elementvape.de\/wp-content\/uploads\/2024\/09\/cropped-1elementvape-3.png\",\"contentUrl\":\"https:\/\/www.elementvape.de\/wp-content\/uploads\/2024\/09\/cropped-1elementvape-3.png\",\"width\":285,\"height\":228,\"caption\":\"ElementVape.DE\"},\"image\":{\"@id\":\"https:\/\/www.elementvape.de\/#\/schema\/logo\/image\/\"}}]}<\/script>\n<!-- \/ Yoast SEO plugin. -->","yoast_head_json":{"title":"Erleben Sie die erfrischende Kombination aus saftiger Wassermelone und k\u00fchler Frische mit der BANG Tick Tock 20000 Puffs Watermelon Ice | ElementVape.de","description":"Wir bieten Erleben Sie die erfrischende Kombination aus saftiger Wassermelone und k\u00fchler Frische mit der BANG Tick Tock 20000 Puffs Watermelon Ice , Elementvape.de akzeptieren Gro\u00df-und Einzelhandel Bestellungen.","robots":{"index":"index","follow":"follow","max-snippet":"max-snippet:-1","max-image-preview":"max-image-preview:large","max-video-preview":"max-video-preview:-1"},"canonical":"https:\/\/www.elementvape.de\/sk\/produkt\/erleben-sie-die-erfrischende-kombination-aus-saftiger-wassermelone-und-kuehler-frische-mit-der-bang-tick-tock-20000-puffs-watermelon-ice\/","og_locale":"sk_SK","og_type":"article","og_title":"Erleben Sie die erfrischende Kombination aus saftiger Wassermelone und k\u00fchler Frische mit der BANG Tick Tock 20000 Puffs Watermelon Ice | ElementVape.de","og_description":"Wir bieten Erleben Sie die erfrischende Kombination aus saftiger Wassermelone und k\u00fchler Frische mit der BANG Tick Tock 20000 Puffs Watermelon Ice , Elementvape.de akzeptieren Gro\u00df-und Einzelhandel Bestellungen.","og_url":"https:\/\/www.elementvape.de\/sk\/produkt\/erleben-sie-die-erfrischende-kombination-aus-saftiger-wassermelone-und-kuehler-frische-mit-der-bang-tick-tock-20000-puffs-watermelon-ice\/","og_site_name":"ElementVape.de","article_modified_time":"2024-10-10T03:07:29+00:00","og_image":[{"width":2560,"height":1536,"url":"https:\/\/www.elementvape.de\/wp-content\/uploads\/2024\/09\/Watermelon-Ice-7-scaled.jpg","type":"image\/jpeg"}],"twitter_card":"summary_large_image","twitter_misc":{"Est. reading time":"6 min\u00fat"},"schema":{"@context":"https:\/\/schema.org","@graph":[{"@type":"WebPage","@id":"https:\/\/www.elementvape.de\/produkt\/erleben-sie-die-erfrischende-kombination-aus-saftiger-wassermelone-und-kuehler-frische-mit-der-bang-tick-tock-20000-puffs-watermelon-ice\/","url":"https:\/\/www.elementvape.de\/produkt\/erleben-sie-die-erfrischende-kombination-aus-saftiger-wassermelone-und-kuehler-frische-mit-der-bang-tick-tock-20000-puffs-watermelon-ice\/","name":"Erleben Sie die erfrischende Kombination aus saftiger Wassermelone und k\u00fchler Frische mit der BANG Tick Tock 20000 Puffs Watermelon Ice | ElementVape.de","isPartOf":{"@id":"https:\/\/www.elementvape.de\/#website"},"primaryImageOfPage":{"@id":"https:\/\/www.elementvape.de\/produkt\/erleben-sie-die-erfrischende-kombination-aus-saftiger-wassermelone-und-kuehler-frische-mit-der-bang-tick-tock-20000-puffs-watermelon-ice\/#primaryimage"},"image":{"@id":"https:\/\/www.elementvape.de\/produkt\/erleben-sie-die-erfrischende-kombination-aus-saftiger-wassermelone-und-kuehler-frische-mit-der-bang-tick-tock-20000-puffs-watermelon-ice\/#primaryimage"},"thumbnailUrl":"https:\/\/www.elementvape.de\/wp-content\/uploads\/2024\/09\/Watermelon-Ice-7-scaled.jpg","datePublished":"2024-09-23T02:19:01+00:00","dateModified":"2024-10-10T03:07:29+00:00","description":"Wir bieten Erleben Sie die erfrischende Kombination aus saftiger Wassermelone und k\u00fchler Frische mit der BANG Tick Tock 20000 Puffs Watermelon Ice , Elementvape.de akzeptieren Gro\u00df-und Einzelhandel Bestellungen.","breadcrumb":{"@id":"https:\/\/www.elementvape.de\/produkt\/erleben-sie-die-erfrischende-kombination-aus-saftiger-wassermelone-und-kuehler-frische-mit-der-bang-tick-tock-20000-puffs-watermelon-ice\/#breadcrumb"},"inLanguage":"sk-SK","potentialAction":[{"@type":"ReadAction","target":["https:\/\/www.elementvape.de\/produkt\/erleben-sie-die-erfrischende-kombination-aus-saftiger-wassermelone-und-kuehler-frische-mit-der-bang-tick-tock-20000-puffs-watermelon-ice\/"]}]},{"@type":"ImageObject","inLanguage":"sk-SK","@id":"https:\/\/www.elementvape.de\/produkt\/erleben-sie-die-erfrischende-kombination-aus-saftiger-wassermelone-und-kuehler-frische-mit-der-bang-tick-tock-20000-puffs-watermelon-ice\/#primaryimage","url":"https:\/\/www.elementvape.de\/wp-content\/uploads\/2024\/09\/Watermelon-Ice-7-scaled.jpg","contentUrl":"https:\/\/www.elementvape.de\/wp-content\/uploads\/2024\/09\/Watermelon-Ice-7-scaled.jpg","width":2560,"height":1536,"caption":"Watermelon Ice"},{"@type":"BreadcrumbList","@id":"https:\/\/www.elementvape.de\/produkt\/erleben-sie-die-erfrischende-kombination-aus-saftiger-wassermelone-und-kuehler-frische-mit-der-bang-tick-tock-20000-puffs-watermelon-ice\/#breadcrumb","itemListElement":[{"@type":"ListItem","position":1,"name":"Home","item":"https:\/\/www.elementvape.de\/"},{"@type":"ListItem","position":2,"name":"Shop","item":"https:\/\/www.elementvape.de\/shop\/"},{"@type":"ListItem","position":3,"name":"Erleben Sie die erfrischende Kombination aus saftiger Wassermelone und k\u00fchler Frische mit der BANG Tick Tock 20000 Puffs Watermelon Ice"}]},{"@type":"WebSite","@id":"https:\/\/www.elementvape.de\/#website","url":"https:\/\/www.elementvape.de\/","name":"ElementVape.de","description":"","publisher":{"@id":"https:\/\/www.elementvape.de\/#organization"},"potentialAction":[{"@type":"SearchAction","target":{"@type":"EntryPoint","urlTemplate":"https:\/\/www.elementvape.de\/?s={search_term_string}"},"query-input":"required name=search_term_string"}],"inLanguage":"sk-SK"},{"@type":"Organization","@id":"https:\/\/www.elementvape.de\/#organization","name":"ElementVape.DE","url":"https:\/\/www.elementvape.de\/","logo":{"@type":"ImageObject","inLanguage":"sk-SK","@id":"https:\/\/www.elementvape.de\/#\/schema\/logo\/image\/","url":"https:\/\/www.elementvape.de\/wp-content\/uploads\/2024\/09\/cropped-1elementvape-3.png","contentUrl":"https:\/\/www.elementvape.de\/wp-content\/uploads\/2024\/09\/cropped-1elementvape-3.png","width":285,"height":228,"caption":"ElementVape.DE"},"image":{"@id":"https:\/\/www.elementvape.de\/#\/schema\/logo\/image\/"}}]}},"_links":{"self":[{"href":"https:\/\/www.elementvape.de\/sk\/wp-json\/wp\/v2\/product\/14516"}],"collection":[{"href":"https:\/\/www.elementvape.de\/sk\/wp-json\/wp\/v2\/product"}],"about":[{"href":"https:\/\/www.elementvape.de\/sk\/wp-json\/wp\/v2\/types\/product"}],"wp:featuredmedia":[{"embeddable":true,"href":"https:\/\/www.elementvape.de\/sk\/wp-json\/wp\/v2\/media\/14515"}],"wp:attachment":[{"href":"https:\/\/www.elementvape.de\/sk\/wp-json\/wp\/v2\/media?parent=14516"}],"wp:term":[{"taxonomy":"product_cat","embeddable":true,"href":"https:\/\/www.elementvape.de\/sk\/wp-json\/wp\/v2\/product_cat?post=14516"},{"taxonomy":"product_tag","embeddable":true,"href":"https:\/\/www.elementvape.de\/sk\/wp-json\/wp\/v2\/product_tag?post=14516"}],"curies":[{"name":"wp","href":"https:\/\/api.w.org\/{rel}","templated":true}]}}