{"id":14367,"date":"2024-09-17T07:50:05","date_gmt":"2024-09-17T07:50:05","guid":{"rendered":"https:\/\/www.elementvape.de\/?post_type=product&#038;p=14367"},"modified":"2024-10-09T08:19:02","modified_gmt":"2024-10-09T08:19:02","slug":"fruchtige-blaubeere-trifft-auf-eisige-kuehle-die-bang-36000-puffs-einweg-e-zigarette-mit-mesh-coil-fuer-ein-unvergessliches-blueberry-ice-erlebnis","status":"publish","type":"product","link":"https:\/\/www.elementvape.de\/sk\/produkt\/fruchtige-blaubeere-trifft-auf-eisige-kuehle-die-bang-36000-puffs-einweg-e-zigarette-mit-mesh-coil-fuer-ein-unvergessliches-blueberry-ice-erlebnis\/","title":{"rendered":"Ovocn\u00e1 \u010du\u010doriedka sa stret\u00e1va s \u013eadovou svie\u017eos\u0165ou Jednorazov\u00e1 e-cigareta Bang 36000 Puffs s Mesh Coil pre nezabudnute\u013en\u00fd z\u00e1\u017eitok z Blueberry Ice"},"content":{"rendered":"<p>Za\u017eite dokonal\u00fa zmes ovocnej sladkosti a osvie\u017euj\u00facej chladivosti s jednorazovou e-cigaretou Bang 36000 Puffs. Ar\u00f3ma Blueberry Ice kombinuje \u0161\u0165avnat\u00fa sladkos\u0165 zrel\u00fdch \u010du\u010doriedok s \u013eadov\u00fdm chladiv\u00fdm efektom, ktor\u00fd rob\u00ed ka\u017ed\u00fd \u0165ah osvie\u017euj\u00facim z\u00e1\u017eitkom. Vybaven\u00e1 pokro\u010dilou technol\u00f3giou Mesh Coil, t\u00e1to zariadenie zaru\u010duje nielen intenz\u00edvnu chu\u0165, ale aj mimoriadnu kvalitu pary.<\/p>\n<h3>Blueberry Ice: Zmes ovocnej sladkosti a \u013eadovej svie\u017eosti<\/h3>\n<p>Ar\u00f3ma Blueberry Ice pon\u00faka jedine\u010dn\u00fa kombin\u00e1ciu:<\/p>\n<ul>\n<li>\u0160\u0165avnat\u00fdch \u010du\u010doriedok: Prirodzen\u00e9 sladk\u00e9 t\u00f3ny zrel\u00fdch \u010du\u010doriedok zabezpe\u010duj\u00fa chu\u0165ov\u00fd z\u00e1\u017eitok, ktor\u00fd rozmazn\u00e1 va\u0161e chu\u0165ov\u00e9 poh\u00e1riky. Ovocn\u00e1 sladkos\u0165 je pln\u00e1 a pr\u00edjemn\u00e1.<\/li>\n<li>\u013dadovej chladivosti: Chladiv\u00fd efekt prin\u00e1\u0161a osvie\u017euj\u00faci n\u00e1dych, ktor\u00fd prid\u00e1va \u010fal\u0161\u00ed n\u00e1dych svie\u017eosti k sladkej chuti \u010du\u010doriedok. T\u00e1to \u013eadov\u00e1 zlo\u017eka dokonale dop\u013a\u0148a ar\u00f3mu a rob\u00ed ka\u017ed\u00fd \u0165ah revitalizuj\u00facim z\u00e1\u017eitkom.<\/li>\n<\/ul>\n<p>Toto harmonick\u00e9 spojenie ovocnej sladkosti a \u013eadovej svie\u017eosti pon\u00faka vyv\u00e1\u017een\u00fa chu\u0165ov\u00fa kombin\u00e1ciu, ktor\u00e1 je osvie\u017euj\u00faca nielen v hor\u00facich d\u0148och, ale aj po\u010das cel\u00e9ho roka.<\/p>\n<p>S kapacitou 36000 \u0165ahov pon\u00faka Bang <strong><a href=\"https:\/\/www.elementvape.de\/sk\/c\/einweg-zigarette\/\" target=\"_blank\" rel=\"noopener\">Jednorazov\u00e1 E-cigareta<\/a><\/strong> mimoriadne dlh\u00e9 z\u00e1\u017eitky s parou. T\u00e1to p\u00f4sobiv\u00e1 po\u010det \u0165ahov zabezpe\u010duje, \u017ee si ar\u00f3mu Blueberry Ice m\u00f4\u017eete vychutn\u00e1va\u0165 t\u00fd\u017edne bez starost\u00ed o dop\u013a\u0148anie alebo \u00fadr\u017ebu. Ide\u00e1lne pre vapery, ktor\u00ed h\u013eadaj\u00fa spo\u013eahliv\u00fd a dlhodob\u00fd z\u00e1\u017eitok s parou.<\/p>\n<h3>Mesh Coil \u2013 Maxim\u00e1lna intenzita chuti a ve\u013ek\u00e9 oblaky pary<\/h3>\n<p>Technol\u00f3gia Mesh Coil je srdcom Bang 36.000 Puffs a zabezpe\u010duje:<\/p>\n<ul>\n<li>Intenz\u00edvny chu\u0165ov\u00fd z\u00e1\u017eitok: V\u00e4\u010d\u0161ia ohrevn\u00e1 plocha Mesh Coil umo\u017e\u0148uje rovnomern\u00e9 a efekt\u00edvne zahrievanie e-liquidu, \u010d\u00edm sa plne prejavia ovocn\u00e9 a chladiv\u00e9 t\u00f3ny ar\u00f3my Blueberry Ice.<\/li>\n<li>R\u00fdchle zahrievanie: Rovnomern\u00e9 rozlo\u017eenie tepla zabezpe\u010duje rovnomern\u00e9 zahrievanie e-liquidu, \u010do vedie k konzistentne vysokej chuti.<\/li>\n<li>Hust\u00e9 oblaky pary: Mesh Coil produkuje v\u00e4\u010d\u0161ie, hustej\u0161ie oblaky pary, ktor\u00e9 vizu\u00e1lne zv\u00fdraz\u0148uj\u00fa z\u00e1\u017eitok a posil\u0148uj\u00fa ar\u00f3mu.<\/li>\n<\/ul>\n<p>Aj ke\u010f je Bang 36.000 Puffs navrhnut\u00e9 na dlh\u00fa \u017eivotnos\u0165, m\u00f4\u017ee by\u0165 potrebn\u00e9 nabi\u0165 bat\u00e9riu. Typ-C nab\u00edjac\u00ed port umo\u017e\u0148uje r\u00fdchle a jednoduch\u00e9 nab\u00edjanie, aby ste mohli vyu\u017ei\u0165 pln\u00fa kapacitu zariadenia bez dlh\u00e9ho \u010dakania. To zvy\u0161uje pou\u017e\u00edvate\u013esk\u00fa priate\u013enos\u0165 a zabezpe\u010duje plynul\u00fd z\u00e1\u017eitok s parou.<\/p>\n<h3>Blueberry Ice \u2013 Ovocn\u00e1 \u013eadov\u00e1 lah\u00f4dka s jednorazovou e-cigaretou Bang 36000 Puffs<\/h3>\n<p>Jednorazov\u00e1 e-cigareta Bang 36.000 Puffs s ar\u00f3mou Blueberry Ice pon\u00faka nezabudnute\u013en\u00fd z\u00e1\u017eitok s parou, ktor\u00fd vynik\u00e1 kombin\u00e1ciou sladk\u00fdch \u010du\u010doriedok a osvie\u017euj\u00facej chladivosti. Pokro\u010dil\u00e1 technol\u00f3gia Mesh Coil zabezpe\u010duje, \u017ee chu\u0165 zost\u00e1va intenz\u00edvna a konzistentn\u00e1, zatia\u013e \u010do hust\u00e9 oblaky pary obohacuj\u00fa vizu\u00e1lny z\u00e1\u017eitok. S p\u00f4sobivou kapacitou <strong><a href=\"https:\/\/www.elementvape.de\/sk\/p-tag\/vaep-36000-zuege\/\" target=\"_blank\" rel=\"noopener\">36000 \u0165ahov<\/a><\/strong> a praktick\u00fdm typ-C nab\u00edjac\u00edm portom je t\u00e1to e-cigareta vynikaj\u00facou vo\u013ebou pre v\u0161etk\u00fdch, ktor\u00ed h\u013eadaj\u00fa intenz\u00edvnu chu\u0165 a vysok\u00fd v\u00fdkon v jednom zariaden\u00ed.<\/p>","protected":false},"excerpt":{"rendered":"<p>Erleben Sie den perfekten Mix aus fruchtiger S\u00fc\u00dfe und erfrischender K\u00fchle mit der Bang 36000 Puffs Einweg-E-Zigarette. Das Blueberry Ice-Aroma kombiniert die saftige S\u00fc\u00dfe von reifen Blaubeeren mit einem eisigen K\u00fchleffekt, der jeden Zug zu einem erfrischenden Erlebnis macht. Ausgestattet mit der fortschrittlichen Mesh Coil-Technologie, garantiert dieses Ger\u00e4t nicht nur intensiven Geschmack, sondern auch eine [&hellip;]<\/p>","protected":false},"featured_media":14351,"template":"","meta":{"inline_featured_image":false},"product_cat":[15,760,78,750,737,736,749,752,756],"product_tag":[710,761],"tiered_pricing_type":"fixed","tiered_pricing_fixed_rules":{"60":"9.4","110":"8.35","200":"7.31"},"tiered_pricing_percentage_rules":[],"tiered_pricing_minimum":1,"_administrator_tiered_pricing_type":"fixed","_administrator_tiered_pricing_fixed_rules":[],"_editor_tiered_pricing_type":"fixed","_editor_tiered_pricing_fixed_rules":[],"_author_tiered_pricing_type":"fixed","_author_tiered_pricing_fixed_rules":[],"_contributor_tiered_pricing_type":"fixed","_contributor_tiered_pricing_fixed_rules":[],"_subscriber_tiered_pricing_type":"fixed","_subscriber_tiered_pricing_fixed_rules":[],"_customer_tiered_pricing_type":"fixed","_customer_tiered_pricing_fixed_rules":[],"_shop_manager_tiered_pricing_type":"fixed","_shop_manager_tiered_pricing_fixed_rules":[],"_wpseo_manager_tiered_pricing_type":"fixed","_wpseo_manager_tiered_pricing_fixed_rules":[],"_wpseo_editor_tiered_pricing_type":"fixed","_wpseo_editor_tiered_pricing_fixed_rules":[],"_wholesale_customer_tiered_pricing_type":"fixed","_wholesale_customer_tiered_pricing_fixed_rules":[],"_marketer_tiered_pricing_type":"fixed","_marketer_tiered_pricing_fixed_rules":[],"_sales_manager_tiered_pricing_type":"fixed","_sales_manager_tiered_pricing_fixed_rules":[],"_sales_rep_tiered_pricing_type":"fixed","_sales_rep_tiered_pricing_fixed_rules":[],"yoast_head":"<!-- This site is optimized with the Yoast SEO plugin v23.3 - https:\/\/yoast.com\/wordpress\/plugins\/seo\/ -->\n<title>Fruchtige Blaubeere trifft auf eisige K\u00fchle Die Bang 36000 Puffs Einweg-E-Zigarette mit Mesh Coil f\u00fcr ein unvergessliches Blueberry Ice Erlebnis | ElementVape.de<\/title>\n<meta name=\"description\" content=\"Wir bieten Fruchtige Blaubeere trifft auf eisige K\u00fchle Die Bang 36000 Puffs Einweg-E-Zigarette mit Mesh Coil f\u00fcr ein unvergessliches Blueberry Ice Erlebnis , Elementvape.de akzeptieren Gro\u00df-und Einzelhandel Bestellungen.\" \/>\n<meta name=\"robots\" content=\"index, follow, max-snippet:-1, max-image-preview:large, max-video-preview:-1\" \/>\n<link rel=\"canonical\" href=\"https:\/\/www.elementvape.de\/sk\/produkt\/fruchtige-blaubeere-trifft-auf-eisige-kuehle-die-bang-36000-puffs-einweg-e-zigarette-mit-mesh-coil-fuer-ein-unvergessliches-blueberry-ice-erlebnis\/\" \/>\n<meta property=\"og:locale\" content=\"sk_SK\" \/>\n<meta property=\"og:type\" content=\"article\" \/>\n<meta property=\"og:title\" content=\"Fruchtige Blaubeere trifft auf eisige K\u00fchle Die Bang 36000 Puffs Einweg-E-Zigarette mit Mesh Coil f\u00fcr ein unvergessliches Blueberry Ice Erlebnis | ElementVape.de\" \/>\n<meta property=\"og:description\" content=\"Wir bieten Fruchtige Blaubeere trifft auf eisige K\u00fchle Die Bang 36000 Puffs Einweg-E-Zigarette mit Mesh Coil f\u00fcr ein unvergessliches Blueberry Ice Erlebnis , Elementvape.de akzeptieren Gro\u00df-und Einzelhandel Bestellungen.\" \/>\n<meta property=\"og:url\" content=\"https:\/\/www.elementvape.de\/sk\/produkt\/fruchtige-blaubeere-trifft-auf-eisige-kuehle-die-bang-36000-puffs-einweg-e-zigarette-mit-mesh-coil-fuer-ein-unvergessliches-blueberry-ice-erlebnis\/\" \/>\n<meta property=\"og:site_name\" content=\"ElementVape.de\" \/>\n<meta property=\"article:modified_time\" content=\"2024-10-09T08:19:02+00:00\" \/>\n<meta property=\"og:image\" content=\"https:\/\/www.elementvape.de\/wp-content\/uploads\/2024\/09\/BLUEBERRY-ICE-1-scaled.jpg\" \/>\n\t<meta property=\"og:image:width\" content=\"2560\" \/>\n\t<meta property=\"og:image:height\" content=\"2249\" \/>\n\t<meta property=\"og:image:type\" content=\"image\/jpeg\" \/>\n<meta name=\"twitter:card\" content=\"summary_large_image\" \/>\n<meta name=\"twitter:label1\" content=\"Est. reading time\" \/>\n\t<meta name=\"twitter:data1\" content=\"3 min\u00faty\" \/>\n<script type=\"application\/ld+json\" class=\"yoast-schema-graph\">{\"@context\":\"https:\/\/schema.org\",\"@graph\":[{\"@type\":\"WebPage\",\"@id\":\"https:\/\/www.elementvape.de\/pt\/produkt\/fruchtige-blaubeere-trifft-auf-eisige-kuehle-die-bang-36000-puffs-einweg-e-zigarette-mit-mesh-coil-fuer-ein-unvergessliches-blueberry-ice-erlebnis\/\",\"url\":\"https:\/\/www.elementvape.de\/pt\/produkt\/fruchtige-blaubeere-trifft-auf-eisige-kuehle-die-bang-36000-puffs-einweg-e-zigarette-mit-mesh-coil-fuer-ein-unvergessliches-blueberry-ice-erlebnis\/\",\"name\":\"Fruchtige Blaubeere trifft auf eisige K\u00fchle Die Bang 36000 Puffs Einweg-E-Zigarette mit Mesh Coil f\u00fcr ein unvergessliches Blueberry Ice Erlebnis | ElementVape.de\",\"isPartOf\":{\"@id\":\"https:\/\/www.elementvape.de\/#website\"},\"primaryImageOfPage\":{\"@id\":\"https:\/\/www.elementvape.de\/pt\/produkt\/fruchtige-blaubeere-trifft-auf-eisige-kuehle-die-bang-36000-puffs-einweg-e-zigarette-mit-mesh-coil-fuer-ein-unvergessliches-blueberry-ice-erlebnis\/#primaryimage\"},\"image\":{\"@id\":\"https:\/\/www.elementvape.de\/pt\/produkt\/fruchtige-blaubeere-trifft-auf-eisige-kuehle-die-bang-36000-puffs-einweg-e-zigarette-mit-mesh-coil-fuer-ein-unvergessliches-blueberry-ice-erlebnis\/#primaryimage\"},\"thumbnailUrl\":\"https:\/\/www.elementvape.de\/wp-content\/uploads\/2024\/09\/BLUEBERRY-ICE-1-scaled.jpg\",\"datePublished\":\"2024-09-17T07:50:05+00:00\",\"dateModified\":\"2024-10-09T08:19:02+00:00\",\"description\":\"Wir bieten Fruchtige Blaubeere trifft auf eisige K\u00fchle Die Bang 36000 Puffs Einweg-E-Zigarette mit Mesh Coil f\u00fcr ein unvergessliches Blueberry Ice Erlebnis , Elementvape.de akzeptieren Gro\u00df-und Einzelhandel Bestellungen.\",\"breadcrumb\":{\"@id\":\"https:\/\/www.elementvape.de\/pt\/produkt\/fruchtige-blaubeere-trifft-auf-eisige-kuehle-die-bang-36000-puffs-einweg-e-zigarette-mit-mesh-coil-fuer-ein-unvergessliches-blueberry-ice-erlebnis\/#breadcrumb\"},\"inLanguage\":\"sk-SK\",\"potentialAction\":[{\"@type\":\"ReadAction\",\"target\":[\"https:\/\/www.elementvape.de\/pt\/produkt\/fruchtige-blaubeere-trifft-auf-eisige-kuehle-die-bang-36000-puffs-einweg-e-zigarette-mit-mesh-coil-fuer-ein-unvergessliches-blueberry-ice-erlebnis\/\"]}]},{\"@type\":\"ImageObject\",\"inLanguage\":\"sk-SK\",\"@id\":\"https:\/\/www.elementvape.de\/pt\/produkt\/fruchtige-blaubeere-trifft-auf-eisige-kuehle-die-bang-36000-puffs-einweg-e-zigarette-mit-mesh-coil-fuer-ein-unvergessliches-blueberry-ice-erlebnis\/#primaryimage\",\"url\":\"https:\/\/www.elementvape.de\/wp-content\/uploads\/2024\/09\/BLUEBERRY-ICE-1-scaled.jpg\",\"contentUrl\":\"https:\/\/www.elementvape.de\/wp-content\/uploads\/2024\/09\/BLUEBERRY-ICE-1-scaled.jpg\",\"width\":2560,\"height\":2249,\"caption\":\"BLUEBERRY ICE\"},{\"@type\":\"BreadcrumbList\",\"@id\":\"https:\/\/www.elementvape.de\/pt\/produkt\/fruchtige-blaubeere-trifft-auf-eisige-kuehle-die-bang-36000-puffs-einweg-e-zigarette-mit-mesh-coil-fuer-ein-unvergessliches-blueberry-ice-erlebnis\/#breadcrumb\",\"itemListElement\":[{\"@type\":\"ListItem\",\"position\":1,\"name\":\"Home\",\"item\":\"https:\/\/www.elementvape.de\/\"},{\"@type\":\"ListItem\",\"position\":2,\"name\":\"Shop\",\"item\":\"https:\/\/www.elementvape.de\/shop\/\"},{\"@type\":\"ListItem\",\"position\":3,\"name\":\"Fruchtige Blaubeere trifft auf eisige K\u00fchle Die Bang 36000 Puffs Einweg-E-Zigarette mit Mesh Coil f\u00fcr ein unvergessliches Blueberry Ice Erlebnis\"}]},{\"@type\":\"WebSite\",\"@id\":\"https:\/\/www.elementvape.de\/#website\",\"url\":\"https:\/\/www.elementvape.de\/\",\"name\":\"ElementVape.de\",\"description\":\"\",\"publisher\":{\"@id\":\"https:\/\/www.elementvape.de\/#organization\"},\"potentialAction\":[{\"@type\":\"SearchAction\",\"target\":{\"@type\":\"EntryPoint\",\"urlTemplate\":\"https:\/\/www.elementvape.de\/?s={search_term_string}\"},\"query-input\":\"required name=search_term_string\"}],\"inLanguage\":\"sk-SK\"},{\"@type\":\"Organization\",\"@id\":\"https:\/\/www.elementvape.de\/#organization\",\"name\":\"ElementVape.DE\",\"url\":\"https:\/\/www.elementvape.de\/\",\"logo\":{\"@type\":\"ImageObject\",\"inLanguage\":\"sk-SK\",\"@id\":\"https:\/\/www.elementvape.de\/#\/schema\/logo\/image\/\",\"url\":\"https:\/\/www.elementvape.de\/wp-content\/uploads\/2024\/09\/cropped-1elementvape-3.png\",\"contentUrl\":\"https:\/\/www.elementvape.de\/wp-content\/uploads\/2024\/09\/cropped-1elementvape-3.png\",\"width\":285,\"height\":228,\"caption\":\"ElementVape.DE\"},\"image\":{\"@id\":\"https:\/\/www.elementvape.de\/#\/schema\/logo\/image\/\"}}]}<\/script>\n<!-- \/ Yoast SEO plugin. -->","yoast_head_json":{"title":"Fruchtige Blaubeere trifft auf eisige K\u00fchle Die Bang 36000 Puffs Einweg-E-Zigarette mit Mesh Coil f\u00fcr ein unvergessliches Blueberry Ice Erlebnis | ElementVape.de","description":"Wir bieten Fruchtige Blaubeere trifft auf eisige K\u00fchle Die Bang 36000 Puffs Einweg-E-Zigarette mit Mesh Coil f\u00fcr ein unvergessliches Blueberry Ice Erlebnis , Elementvape.de akzeptieren Gro\u00df-und Einzelhandel Bestellungen.","robots":{"index":"index","follow":"follow","max-snippet":"max-snippet:-1","max-image-preview":"max-image-preview:large","max-video-preview":"max-video-preview:-1"},"canonical":"https:\/\/www.elementvape.de\/sk\/produkt\/fruchtige-blaubeere-trifft-auf-eisige-kuehle-die-bang-36000-puffs-einweg-e-zigarette-mit-mesh-coil-fuer-ein-unvergessliches-blueberry-ice-erlebnis\/","og_locale":"sk_SK","og_type":"article","og_title":"Fruchtige Blaubeere trifft auf eisige K\u00fchle Die Bang 36000 Puffs Einweg-E-Zigarette mit Mesh Coil f\u00fcr ein unvergessliches Blueberry Ice Erlebnis | ElementVape.de","og_description":"Wir bieten Fruchtige Blaubeere trifft auf eisige K\u00fchle Die Bang 36000 Puffs Einweg-E-Zigarette mit Mesh Coil f\u00fcr ein unvergessliches Blueberry Ice Erlebnis , Elementvape.de akzeptieren Gro\u00df-und Einzelhandel Bestellungen.","og_url":"https:\/\/www.elementvape.de\/sk\/produkt\/fruchtige-blaubeere-trifft-auf-eisige-kuehle-die-bang-36000-puffs-einweg-e-zigarette-mit-mesh-coil-fuer-ein-unvergessliches-blueberry-ice-erlebnis\/","og_site_name":"ElementVape.de","article_modified_time":"2024-10-09T08:19:02+00:00","og_image":[{"width":2560,"height":2249,"url":"https:\/\/www.elementvape.de\/wp-content\/uploads\/2024\/09\/BLUEBERRY-ICE-1-scaled.jpg","type":"image\/jpeg"}],"twitter_card":"summary_large_image","twitter_misc":{"Est. reading time":"3 min\u00faty"},"schema":{"@context":"https:\/\/schema.org","@graph":[{"@type":"WebPage","@id":"https:\/\/www.elementvape.de\/pt\/produkt\/fruchtige-blaubeere-trifft-auf-eisige-kuehle-die-bang-36000-puffs-einweg-e-zigarette-mit-mesh-coil-fuer-ein-unvergessliches-blueberry-ice-erlebnis\/","url":"https:\/\/www.elementvape.de\/pt\/produkt\/fruchtige-blaubeere-trifft-auf-eisige-kuehle-die-bang-36000-puffs-einweg-e-zigarette-mit-mesh-coil-fuer-ein-unvergessliches-blueberry-ice-erlebnis\/","name":"Fruchtige Blaubeere trifft auf eisige K\u00fchle Die Bang 36000 Puffs Einweg-E-Zigarette mit Mesh Coil f\u00fcr ein unvergessliches Blueberry Ice Erlebnis | ElementVape.de","isPartOf":{"@id":"https:\/\/www.elementvape.de\/#website"},"primaryImageOfPage":{"@id":"https:\/\/www.elementvape.de\/pt\/produkt\/fruchtige-blaubeere-trifft-auf-eisige-kuehle-die-bang-36000-puffs-einweg-e-zigarette-mit-mesh-coil-fuer-ein-unvergessliches-blueberry-ice-erlebnis\/#primaryimage"},"image":{"@id":"https:\/\/www.elementvape.de\/pt\/produkt\/fruchtige-blaubeere-trifft-auf-eisige-kuehle-die-bang-36000-puffs-einweg-e-zigarette-mit-mesh-coil-fuer-ein-unvergessliches-blueberry-ice-erlebnis\/#primaryimage"},"thumbnailUrl":"https:\/\/www.elementvape.de\/wp-content\/uploads\/2024\/09\/BLUEBERRY-ICE-1-scaled.jpg","datePublished":"2024-09-17T07:50:05+00:00","dateModified":"2024-10-09T08:19:02+00:00","description":"Wir bieten Fruchtige Blaubeere trifft auf eisige K\u00fchle Die Bang 36000 Puffs Einweg-E-Zigarette mit Mesh Coil f\u00fcr ein unvergessliches Blueberry Ice Erlebnis , Elementvape.de akzeptieren Gro\u00df-und Einzelhandel Bestellungen.","breadcrumb":{"@id":"https:\/\/www.elementvape.de\/pt\/produkt\/fruchtige-blaubeere-trifft-auf-eisige-kuehle-die-bang-36000-puffs-einweg-e-zigarette-mit-mesh-coil-fuer-ein-unvergessliches-blueberry-ice-erlebnis\/#breadcrumb"},"inLanguage":"sk-SK","potentialAction":[{"@type":"ReadAction","target":["https:\/\/www.elementvape.de\/pt\/produkt\/fruchtige-blaubeere-trifft-auf-eisige-kuehle-die-bang-36000-puffs-einweg-e-zigarette-mit-mesh-coil-fuer-ein-unvergessliches-blueberry-ice-erlebnis\/"]}]},{"@type":"ImageObject","inLanguage":"sk-SK","@id":"https:\/\/www.elementvape.de\/pt\/produkt\/fruchtige-blaubeere-trifft-auf-eisige-kuehle-die-bang-36000-puffs-einweg-e-zigarette-mit-mesh-coil-fuer-ein-unvergessliches-blueberry-ice-erlebnis\/#primaryimage","url":"https:\/\/www.elementvape.de\/wp-content\/uploads\/2024\/09\/BLUEBERRY-ICE-1-scaled.jpg","contentUrl":"https:\/\/www.elementvape.de\/wp-content\/uploads\/2024\/09\/BLUEBERRY-ICE-1-scaled.jpg","width":2560,"height":2249,"caption":"BLUEBERRY ICE"},{"@type":"BreadcrumbList","@id":"https:\/\/www.elementvape.de\/pt\/produkt\/fruchtige-blaubeere-trifft-auf-eisige-kuehle-die-bang-36000-puffs-einweg-e-zigarette-mit-mesh-coil-fuer-ein-unvergessliches-blueberry-ice-erlebnis\/#breadcrumb","itemListElement":[{"@type":"ListItem","position":1,"name":"Home","item":"https:\/\/www.elementvape.de\/"},{"@type":"ListItem","position":2,"name":"Shop","item":"https:\/\/www.elementvape.de\/shop\/"},{"@type":"ListItem","position":3,"name":"Fruchtige Blaubeere trifft auf eisige K\u00fchle Die Bang 36000 Puffs Einweg-E-Zigarette mit Mesh Coil f\u00fcr ein unvergessliches Blueberry Ice Erlebnis"}]},{"@type":"WebSite","@id":"https:\/\/www.elementvape.de\/#website","url":"https:\/\/www.elementvape.de\/","name":"ElementVape.de","description":"","publisher":{"@id":"https:\/\/www.elementvape.de\/#organization"},"potentialAction":[{"@type":"SearchAction","target":{"@type":"EntryPoint","urlTemplate":"https:\/\/www.elementvape.de\/?s={search_term_string}"},"query-input":"required name=search_term_string"}],"inLanguage":"sk-SK"},{"@type":"Organization","@id":"https:\/\/www.elementvape.de\/#organization","name":"ElementVape.DE","url":"https:\/\/www.elementvape.de\/","logo":{"@type":"ImageObject","inLanguage":"sk-SK","@id":"https:\/\/www.elementvape.de\/#\/schema\/logo\/image\/","url":"https:\/\/www.elementvape.de\/wp-content\/uploads\/2024\/09\/cropped-1elementvape-3.png","contentUrl":"https:\/\/www.elementvape.de\/wp-content\/uploads\/2024\/09\/cropped-1elementvape-3.png","width":285,"height":228,"caption":"ElementVape.DE"},"image":{"@id":"https:\/\/www.elementvape.de\/#\/schema\/logo\/image\/"}}]}},"_links":{"self":[{"href":"https:\/\/www.elementvape.de\/sk\/wp-json\/wp\/v2\/product\/14367"}],"collection":[{"href":"https:\/\/www.elementvape.de\/sk\/wp-json\/wp\/v2\/product"}],"about":[{"href":"https:\/\/www.elementvape.de\/sk\/wp-json\/wp\/v2\/types\/product"}],"wp:featuredmedia":[{"embeddable":true,"href":"https:\/\/www.elementvape.de\/sk\/wp-json\/wp\/v2\/media\/14351"}],"wp:attachment":[{"href":"https:\/\/www.elementvape.de\/sk\/wp-json\/wp\/v2\/media?parent=14367"}],"wp:term":[{"taxonomy":"product_cat","embeddable":true,"href":"https:\/\/www.elementvape.de\/sk\/wp-json\/wp\/v2\/product_cat?post=14367"},{"taxonomy":"product_tag","embeddable":true,"href":"https:\/\/www.elementvape.de\/sk\/wp-json\/wp\/v2\/product_tag?post=14367"}],"curies":[{"name":"wp","href":"https:\/\/api.w.org\/{rel}","templated":true}]}}