{"id":14365,"date":"2024-09-17T07:06:43","date_gmt":"2024-09-17T07:06:43","guid":{"rendered":"https:\/\/www.elementvape.de\/?post_type=product&#038;p=14365"},"modified":"2024-10-09T08:14:59","modified_gmt":"2024-10-09T08:14:59","slug":"erleben-sie-den-doppelt-intensiven-apfelgeschmack-die-bang-36000-puffs-einweg-e-zigarette-mit-double-apples-und-mesh-coil-fuer-maximalen-genuss","status":"publish","type":"product","link":"https:\/\/www.elementvape.de\/sk\/produkt\/erleben-sie-den-doppelt-intensiven-apfelgeschmack-die-bang-36000-puffs-einweg-e-zigarette-mit-double-apples-und-mesh-coil-fuer-maximalen-genuss\/","title":{"rendered":"Za\u017eite dvojn\u00e1sobne intenz\u00edvnu chu\u0165 jablka s Bang 36000 Puffs jednorazovou e-cigaretou s Double Apples a Mesh Coil pre maxim\u00e1lny p\u00f4\u017eitok"},"content":{"rendered":"<h2>Za\u017eite dvojn\u00e1sobne intenz\u00edvnu chu\u0165 jablka s Bang 36000 Puffs jednorazovou e-cigaretou s Double Apples a Mesh Coil pre maxim\u00e1lny p\u00f4\u017eitok<\/h2>\n<p>Pre v\u0161etk\u00fdch, ktor\u00ed miluj\u00fa ovocn\u00fa chu\u0165 jab\u013ak, pon\u00faka Bang 36000 Puffs jednorazov\u00fa e-cigaretu s ultim\u00e1tnym z\u00e1\u017eitkom v\u010faka svojej chuti Double Apples. T\u00e1to jedine\u010dn\u00e1 zmes sladk\u00fdch \u010derven\u00fdch jab\u013ak a osvie\u017euj\u00facich zelen\u00fdch jab\u013ak zabezpe\u010duje intenz\u00edvny a vyv\u00e1\u017een\u00fd chu\u0165ov\u00fd z\u00e1\u017eitok pri ka\u017edom \u0165ahu. V kombin\u00e1cii s technol\u00f3giou Mesh Coil pos\u00fava toto zariadenie na nov\u00fa \u00farove\u0148 a pon\u00faka maxim\u00e1lny p\u00f4\u017eitok, ktor\u00fd vydr\u017e\u00ed dlho.<\/p>\n<h3>Double Apples Dvojit\u00e1 ovocn\u00e1 sila pre intenz\u00edvnu chu\u0165<\/h3>\n<p>Chu\u0165 Double Apples je dokonalou rovnov\u00e1hou medzi sladk\u00fdmi a kysl\u00fdmi jablkov\u00fdmi t\u00f3nmi, ktor\u00e9 harmonicky spolu vytv\u00e1raj\u00fa intenz\u00edvny ovocn\u00fd z\u00e1\u017eitok:<\/p>\n<ul>\n<li>\u010cerven\u00e9 jablk\u00e1: Chu\u0165 zrel\u00fdch, sladk\u00fdch \u010derven\u00fdch jab\u013ak prin\u00e1\u0161a \u0161\u0165avnat\u00fa sladkos\u0165 do zmesi, ktor\u00e1 rozmazn\u00e1va chu\u0165ov\u00e9 poh\u00e1riky a zabezpe\u010duje pr\u00edjemn\u00fa plnos\u0165 chuti.<\/li>\n<li>Zelen\u00e9 jablk\u00e1: Osvie\u017euj\u00faca kyslos\u0165 zelen\u00fdch jab\u013ak prid\u00e1va povzbudzuj\u00faci n\u00e1dych a vytv\u00e1ra dokonal\u00fd kontrast k sladkosti \u010derven\u00fdch jab\u013ak, \u010d\u00edm sa chu\u0165ov\u00fd z\u00e1\u017eitok dop\u013a\u0148a.<\/li>\n<\/ul>\n<p>T\u00e1to kombin\u00e1cia sladk\u00fdch a kysl\u00fdch jablkov\u00fdch t\u00f3nov rob\u00ed chu\u0165 Double Apples v\u0161estrannou vo\u013ebou, ktor\u00e1 nadchne milovn\u00edkov sladk\u00fdch aj osvie\u017euj\u00facich kysl\u00fdch ar\u00f3m. Ka\u017ed\u00fd \u0165ah pon\u00faka vyv\u00e1\u017een\u00fa a z\u00e1rove\u0148 siln\u00fa jablkov\u00fa ar\u00f3mu, ktor\u00e1 zost\u00e1va osvie\u017euj\u00faca cel\u00fd de\u0148.<\/p>\n<p>S kapacitou 36 000 \u0165ahov pon\u00faka Bang <strong><a href=\"https:\/\/www.elementvape.de\/sk\/c\/einweg-zigarette\/\" target=\"_blank\" rel=\"noopener\">Jednorazov\u00e1 E-cigareta<\/a><\/strong> p\u00f4sobiv\u00fa \u017eivotnos\u0165, ktor\u00e1 umo\u017e\u0148uje t\u00fd\u017ed\u0148ov\u00e9 vapovanie bez dop\u013a\u0148ania alebo \u00fadr\u017eby. T\u00e1to odoln\u00e1 jednorazov\u00e1 e-cigareta je ide\u00e1lna pre t\u00fdch, ktor\u00ed h\u013eadaj\u00fa bezstarostn\u00fd z\u00e1\u017eitok z vapovania a nechc\u00fa sa vzda\u0165 intenz\u00edvnej chuti. \u010ci u\u017e ste na cest\u00e1ch alebo jednoducho preferujete zariadenie bez neust\u00e1lej \u00fadr\u017eby \u2013 Bang 36 000 Puffs zabezpe\u010d\u00ed, \u017ee chu\u0165 Double Apples zostane dlho zachovan\u00e1.<\/p>\n<h3>Mesh Coil \u2013 Intenz\u00edvna chu\u0165 pri ka\u017edom \u0165ahu<\/h3>\n<p>Technol\u00f3gia Mesh Coil zabezpe\u010duje, \u017ee chu\u0165 Double Apples je obzvl\u00e1\u0161\u0165 intenz\u00edvna. V\u010faka v\u00e4\u010d\u0161ej ohrevnej ploche Mesh Coil sa e-liquid rovnomernej\u0161ie zahrieva, \u010do vedie k pln\u0161ej chuti a hust\u00fdm oblakom pary. V\u00fdhody Mesh Coil v preh\u013eade:<\/p>\n<ul>\n<li>R\u00fdchlej\u0161ie a rovnomernej\u0161ie zahrievanie: Mesh Coil efekt\u00edvnej\u0161ie zahrieva e-liquid ako be\u017en\u00e9 cievky, tak\u017ee chu\u0165 jablka zost\u00e1va pri ka\u017edom \u0165ahu jasn\u00e1 a intenz\u00edvna.<\/li>\n<li>Viac h\u013abky chuti: V\u010faka rovnomern\u00e9mu zahrievaniu zost\u00e1vaj\u00fa sladk\u00e9 a kysl\u00e9 jablkov\u00e9 t\u00f3ny v\u017edy dokonale vyv\u00e1\u017een\u00e9, tak\u017ee ka\u017ed\u00fd \u0165ah pon\u00faka pln\u00fa chu\u0165.<\/li>\n<li>Hust\u00e9 obl\u00e1ky pary: Okrem intenz\u00edvnej chuti Mesh Coil produkuje aj v\u00e4\u010d\u0161ie a hustej\u0161ie obl\u00e1ky pary, \u010d\u00edm zvy\u0161uje z\u00e1\u017eitok z vapovania.<\/li>\n<\/ul>\n<p>Jednorazov\u00e1 e-cigareta Bang 36 000 Puffs je vybaven\u00e1 USB-C nab\u00edjac\u00edm portom, ktor\u00fd umo\u017e\u0148uje r\u00fdchle a jednoduch\u00e9 nab\u00edjanie. Hoci je <strong><a href=\"https:\/\/www.elementvape.de\/sk\/\" target=\"_blank\" rel=\"noopener\">E-cigareta<\/a><\/strong> navrhnut\u00e1 na dlh\u00fa \u017eivotnos\u0165, opakovane nab\u00edjate\u013en\u00fd akumul\u00e1tor zabezpe\u010duje, \u017ee m\u00f4\u017eete kedyko\u013evek vyu\u017ei\u0165 pln\u00fd v\u00fdkon bez ob\u00e1v z vybit\u00fdch bat\u00e9ri\u00ed. To rob\u00ed zariadenie ve\u013emi pou\u017e\u00edvate\u013esky pr\u00edvetiv\u00fdm a praktick\u00fdm pre ka\u017edodenn\u00e9 pou\u017eitie.<\/p>\n<h3>Dvojit\u00e1 intenzita jablkovej rozko\u0161e s jednorazovou e-cigaretou Bang 36000 Puffs<\/h3>\n<p>Jednorazov\u00e1 e-cigareta Bang 36 000 Puffs s chu\u0165ou Double Apples pon\u00faka jedine\u010dn\u00fd vapovac\u00ed z\u00e1\u017eitok, ktor\u00fd nadchne milovn\u00edkov sladk\u00fdch aj osvie\u017euj\u00facich kysl\u00fdch ar\u00f3m. Kombin\u00e1cia \u010derven\u00fdch a zelen\u00fdch jab\u013ak vytv\u00e1ra harmonick\u00e9 ovocn\u00e9 chu\u0165ov\u00e9 z\u00e1\u017eitky, ktor\u00e9 e\u0161te viac umoc\u0148uje technol\u00f3gia Mesh Coil. S obrovskou kapacitou <strong><a href=\"https:\/\/www.elementvape.de\/sk\/p-tag\/vaep-36000-zuege\/\" target=\"_blank\" rel=\"noopener\">36000 \u0165ahov<\/a><\/strong> a USB-C nab\u00edjac\u00edm portom je toto zariadenie odolnou a praktickou vo\u013ebou pre t\u00fdch, ktor\u00ed si chc\u00fa vychutna\u0165 siln\u00fa ovocn\u00fa ar\u00f3mu bez kompromisov.<\/p>","protected":false},"excerpt":{"rendered":"<p>Erleben Sie den doppelt intensiven Apfelgeschmack Die Bang 36.000 Puffs Einweg-E-Zigarette mit Double Apples und Mesh Coil f\u00fcr maximalen Genuss F\u00fcr alle, die den fruchtigen Geschmack von \u00c4pfeln lieben, bietet die Bang 36000 Puffs Einweg-E-Zigarette das ultimative Erlebnis mit ihrem Double Apples-Geschmack. Diese einzigartige Mischung aus s\u00fc\u00dfen roten \u00c4pfeln und erfrischenden gr\u00fcnen \u00c4pfeln sorgt f\u00fcr [&hellip;]<\/p>","protected":false},"featured_media":14353,"template":"","meta":{"inline_featured_image":false},"product_cat":[15,760,78,750,737,736,749,752,756],"product_tag":[710,761],"tiered_pricing_type":"fixed","tiered_pricing_fixed_rules":{"60":"9.4","110":"8.35","200":"7.31"},"tiered_pricing_percentage_rules":[],"tiered_pricing_minimum":1,"_administrator_tiered_pricing_type":"fixed","_administrator_tiered_pricing_fixed_rules":[],"_editor_tiered_pricing_type":"fixed","_editor_tiered_pricing_fixed_rules":[],"_author_tiered_pricing_type":"fixed","_author_tiered_pricing_fixed_rules":[],"_contributor_tiered_pricing_type":"fixed","_contributor_tiered_pricing_fixed_rules":[],"_subscriber_tiered_pricing_type":"fixed","_subscriber_tiered_pricing_fixed_rules":[],"_customer_tiered_pricing_type":"fixed","_customer_tiered_pricing_fixed_rules":[],"_shop_manager_tiered_pricing_type":"fixed","_shop_manager_tiered_pricing_fixed_rules":[],"_wpseo_manager_tiered_pricing_type":"fixed","_wpseo_manager_tiered_pricing_fixed_rules":[],"_wpseo_editor_tiered_pricing_type":"fixed","_wpseo_editor_tiered_pricing_fixed_rules":[],"_wholesale_customer_tiered_pricing_type":"fixed","_wholesale_customer_tiered_pricing_fixed_rules":[],"_marketer_tiered_pricing_type":"fixed","_marketer_tiered_pricing_fixed_rules":[],"_sales_manager_tiered_pricing_type":"fixed","_sales_manager_tiered_pricing_fixed_rules":[],"_sales_rep_tiered_pricing_type":"fixed","_sales_rep_tiered_pricing_fixed_rules":[],"yoast_head":"<!-- This site is optimized with the Yoast SEO plugin v23.3 - https:\/\/yoast.com\/wordpress\/plugins\/seo\/ -->\n<title>Erleben Sie den doppelt intensiven Apfelgeschmack Die Bang 36000 Puffs Einweg-E-Zigarette mit Double Apples und Mesh Coil f\u00fcr maximalen Genuss | ElementVape.de<\/title>\n<meta name=\"description\" content=\"Wir bieten Erleben Sie den doppelt intensiven Apfelgeschmack Die Bang 36000 Puffs Einweg-E-Zigarette mit Double Apples und Mesh Coil f\u00fcr maximalen Genuss , Elementvape.de akzeptieren Gro\u00df-und Einzelhandel Bestellungen.\" \/>\n<meta name=\"robots\" content=\"index, follow, max-snippet:-1, max-image-preview:large, max-video-preview:-1\" \/>\n<link rel=\"canonical\" href=\"https:\/\/www.elementvape.de\/sk\/produkt\/erleben-sie-den-doppelt-intensiven-apfelgeschmack-die-bang-36000-puffs-einweg-e-zigarette-mit-double-apples-und-mesh-coil-fuer-maximalen-genuss\/\" \/>\n<meta property=\"og:locale\" content=\"sk_SK\" \/>\n<meta property=\"og:type\" content=\"article\" \/>\n<meta property=\"og:title\" content=\"Erleben Sie den doppelt intensiven Apfelgeschmack Die Bang 36000 Puffs Einweg-E-Zigarette mit Double Apples und Mesh Coil f\u00fcr maximalen Genuss | ElementVape.de\" \/>\n<meta property=\"og:description\" content=\"Wir bieten Erleben Sie den doppelt intensiven Apfelgeschmack Die Bang 36000 Puffs Einweg-E-Zigarette mit Double Apples und Mesh Coil f\u00fcr maximalen Genuss , Elementvape.de akzeptieren Gro\u00df-und Einzelhandel Bestellungen.\" \/>\n<meta property=\"og:url\" content=\"https:\/\/www.elementvape.de\/sk\/produkt\/erleben-sie-den-doppelt-intensiven-apfelgeschmack-die-bang-36000-puffs-einweg-e-zigarette-mit-double-apples-und-mesh-coil-fuer-maximalen-genuss\/\" \/>\n<meta property=\"og:site_name\" content=\"ElementVape.de\" \/>\n<meta property=\"article:modified_time\" content=\"2024-10-09T08:14:59+00:00\" \/>\n<meta property=\"og:image\" content=\"https:\/\/www.elementvape.de\/wp-content\/uploads\/2024\/09\/DOUBLE-APPLES-scaled.jpg\" \/>\n\t<meta property=\"og:image:width\" content=\"2560\" \/>\n\t<meta property=\"og:image:height\" content=\"2249\" \/>\n\t<meta property=\"og:image:type\" content=\"image\/jpeg\" \/>\n<meta name=\"twitter:card\" content=\"summary_large_image\" \/>\n<meta name=\"twitter:label1\" content=\"Est. reading time\" \/>\n\t<meta name=\"twitter:data1\" content=\"4 min\u00faty\" \/>\n<script type=\"application\/ld+json\" class=\"yoast-schema-graph\">{\"@context\":\"https:\/\/schema.org\",\"@graph\":[{\"@type\":\"WebPage\",\"@id\":\"https:\/\/www.elementvape.de\/es\/produkt\/erleben-sie-den-doppelt-intensiven-apfelgeschmack-die-bang-36000-puffs-einweg-e-zigarette-mit-double-apples-und-mesh-coil-fuer-maximalen-genuss\/\",\"url\":\"https:\/\/www.elementvape.de\/es\/produkt\/erleben-sie-den-doppelt-intensiven-apfelgeschmack-die-bang-36000-puffs-einweg-e-zigarette-mit-double-apples-und-mesh-coil-fuer-maximalen-genuss\/\",\"name\":\"Erleben Sie den doppelt intensiven Apfelgeschmack Die Bang 36000 Puffs Einweg-E-Zigarette mit Double Apples und Mesh Coil f\u00fcr maximalen Genuss | ElementVape.de\",\"isPartOf\":{\"@id\":\"https:\/\/www.elementvape.de\/#website\"},\"primaryImageOfPage\":{\"@id\":\"https:\/\/www.elementvape.de\/es\/produkt\/erleben-sie-den-doppelt-intensiven-apfelgeschmack-die-bang-36000-puffs-einweg-e-zigarette-mit-double-apples-und-mesh-coil-fuer-maximalen-genuss\/#primaryimage\"},\"image\":{\"@id\":\"https:\/\/www.elementvape.de\/es\/produkt\/erleben-sie-den-doppelt-intensiven-apfelgeschmack-die-bang-36000-puffs-einweg-e-zigarette-mit-double-apples-und-mesh-coil-fuer-maximalen-genuss\/#primaryimage\"},\"thumbnailUrl\":\"https:\/\/www.elementvape.de\/wp-content\/uploads\/2024\/09\/DOUBLE-APPLES-scaled.jpg\",\"datePublished\":\"2024-09-17T07:06:43+00:00\",\"dateModified\":\"2024-10-09T08:14:59+00:00\",\"description\":\"Wir bieten Erleben Sie den doppelt intensiven Apfelgeschmack Die Bang 36000 Puffs Einweg-E-Zigarette mit Double Apples und Mesh Coil f\u00fcr maximalen Genuss , Elementvape.de akzeptieren Gro\u00df-und Einzelhandel Bestellungen.\",\"breadcrumb\":{\"@id\":\"https:\/\/www.elementvape.de\/es\/produkt\/erleben-sie-den-doppelt-intensiven-apfelgeschmack-die-bang-36000-puffs-einweg-e-zigarette-mit-double-apples-und-mesh-coil-fuer-maximalen-genuss\/#breadcrumb\"},\"inLanguage\":\"sk-SK\",\"potentialAction\":[{\"@type\":\"ReadAction\",\"target\":[\"https:\/\/www.elementvape.de\/es\/produkt\/erleben-sie-den-doppelt-intensiven-apfelgeschmack-die-bang-36000-puffs-einweg-e-zigarette-mit-double-apples-und-mesh-coil-fuer-maximalen-genuss\/\"]}]},{\"@type\":\"ImageObject\",\"inLanguage\":\"sk-SK\",\"@id\":\"https:\/\/www.elementvape.de\/es\/produkt\/erleben-sie-den-doppelt-intensiven-apfelgeschmack-die-bang-36000-puffs-einweg-e-zigarette-mit-double-apples-und-mesh-coil-fuer-maximalen-genuss\/#primaryimage\",\"url\":\"https:\/\/www.elementvape.de\/wp-content\/uploads\/2024\/09\/DOUBLE-APPLES-scaled.jpg\",\"contentUrl\":\"https:\/\/www.elementvape.de\/wp-content\/uploads\/2024\/09\/DOUBLE-APPLES-scaled.jpg\",\"width\":2560,\"height\":2249,\"caption\":\"DOUBLE APPLES\"},{\"@type\":\"BreadcrumbList\",\"@id\":\"https:\/\/www.elementvape.de\/es\/produkt\/erleben-sie-den-doppelt-intensiven-apfelgeschmack-die-bang-36000-puffs-einweg-e-zigarette-mit-double-apples-und-mesh-coil-fuer-maximalen-genuss\/#breadcrumb\",\"itemListElement\":[{\"@type\":\"ListItem\",\"position\":1,\"name\":\"Home\",\"item\":\"https:\/\/www.elementvape.de\/\"},{\"@type\":\"ListItem\",\"position\":2,\"name\":\"Shop\",\"item\":\"https:\/\/www.elementvape.de\/shop\/\"},{\"@type\":\"ListItem\",\"position\":3,\"name\":\"Erleben Sie den doppelt intensiven Apfelgeschmack Die Bang 36000 Puffs Einweg-E-Zigarette mit Double Apples und Mesh Coil f\u00fcr maximalen Genuss\"}]},{\"@type\":\"WebSite\",\"@id\":\"https:\/\/www.elementvape.de\/#website\",\"url\":\"https:\/\/www.elementvape.de\/\",\"name\":\"ElementVape.de\",\"description\":\"\",\"publisher\":{\"@id\":\"https:\/\/www.elementvape.de\/#organization\"},\"potentialAction\":[{\"@type\":\"SearchAction\",\"target\":{\"@type\":\"EntryPoint\",\"urlTemplate\":\"https:\/\/www.elementvape.de\/?s={search_term_string}\"},\"query-input\":\"required name=search_term_string\"}],\"inLanguage\":\"sk-SK\"},{\"@type\":\"Organization\",\"@id\":\"https:\/\/www.elementvape.de\/#organization\",\"name\":\"ElementVape.DE\",\"url\":\"https:\/\/www.elementvape.de\/\",\"logo\":{\"@type\":\"ImageObject\",\"inLanguage\":\"sk-SK\",\"@id\":\"https:\/\/www.elementvape.de\/#\/schema\/logo\/image\/\",\"url\":\"https:\/\/www.elementvape.de\/wp-content\/uploads\/2024\/09\/cropped-1elementvape-3.png\",\"contentUrl\":\"https:\/\/www.elementvape.de\/wp-content\/uploads\/2024\/09\/cropped-1elementvape-3.png\",\"width\":285,\"height\":228,\"caption\":\"ElementVape.DE\"},\"image\":{\"@id\":\"https:\/\/www.elementvape.de\/#\/schema\/logo\/image\/\"}}]}<\/script>\n<!-- \/ Yoast SEO plugin. -->","yoast_head_json":{"title":"Erleben Sie den doppelt intensiven Apfelgeschmack Die Bang 36000 Puffs Einweg-E-Zigarette mit Double Apples und Mesh Coil f\u00fcr maximalen Genuss | ElementVape.de","description":"Wir bieten Erleben Sie den doppelt intensiven Apfelgeschmack Die Bang 36000 Puffs Einweg-E-Zigarette mit Double Apples und Mesh Coil f\u00fcr maximalen Genuss , Elementvape.de akzeptieren Gro\u00df-und Einzelhandel Bestellungen.","robots":{"index":"index","follow":"follow","max-snippet":"max-snippet:-1","max-image-preview":"max-image-preview:large","max-video-preview":"max-video-preview:-1"},"canonical":"https:\/\/www.elementvape.de\/sk\/produkt\/erleben-sie-den-doppelt-intensiven-apfelgeschmack-die-bang-36000-puffs-einweg-e-zigarette-mit-double-apples-und-mesh-coil-fuer-maximalen-genuss\/","og_locale":"sk_SK","og_type":"article","og_title":"Erleben Sie den doppelt intensiven Apfelgeschmack Die Bang 36000 Puffs Einweg-E-Zigarette mit Double Apples und Mesh Coil f\u00fcr maximalen Genuss | ElementVape.de","og_description":"Wir bieten Erleben Sie den doppelt intensiven Apfelgeschmack Die Bang 36000 Puffs Einweg-E-Zigarette mit Double Apples und Mesh Coil f\u00fcr maximalen Genuss , Elementvape.de akzeptieren Gro\u00df-und Einzelhandel Bestellungen.","og_url":"https:\/\/www.elementvape.de\/sk\/produkt\/erleben-sie-den-doppelt-intensiven-apfelgeschmack-die-bang-36000-puffs-einweg-e-zigarette-mit-double-apples-und-mesh-coil-fuer-maximalen-genuss\/","og_site_name":"ElementVape.de","article_modified_time":"2024-10-09T08:14:59+00:00","og_image":[{"width":2560,"height":2249,"url":"https:\/\/www.elementvape.de\/wp-content\/uploads\/2024\/09\/DOUBLE-APPLES-scaled.jpg","type":"image\/jpeg"}],"twitter_card":"summary_large_image","twitter_misc":{"Est. reading time":"4 min\u00faty"},"schema":{"@context":"https:\/\/schema.org","@graph":[{"@type":"WebPage","@id":"https:\/\/www.elementvape.de\/es\/produkt\/erleben-sie-den-doppelt-intensiven-apfelgeschmack-die-bang-36000-puffs-einweg-e-zigarette-mit-double-apples-und-mesh-coil-fuer-maximalen-genuss\/","url":"https:\/\/www.elementvape.de\/es\/produkt\/erleben-sie-den-doppelt-intensiven-apfelgeschmack-die-bang-36000-puffs-einweg-e-zigarette-mit-double-apples-und-mesh-coil-fuer-maximalen-genuss\/","name":"Erleben Sie den doppelt intensiven Apfelgeschmack Die Bang 36000 Puffs Einweg-E-Zigarette mit Double Apples und Mesh Coil f\u00fcr maximalen Genuss | ElementVape.de","isPartOf":{"@id":"https:\/\/www.elementvape.de\/#website"},"primaryImageOfPage":{"@id":"https:\/\/www.elementvape.de\/es\/produkt\/erleben-sie-den-doppelt-intensiven-apfelgeschmack-die-bang-36000-puffs-einweg-e-zigarette-mit-double-apples-und-mesh-coil-fuer-maximalen-genuss\/#primaryimage"},"image":{"@id":"https:\/\/www.elementvape.de\/es\/produkt\/erleben-sie-den-doppelt-intensiven-apfelgeschmack-die-bang-36000-puffs-einweg-e-zigarette-mit-double-apples-und-mesh-coil-fuer-maximalen-genuss\/#primaryimage"},"thumbnailUrl":"https:\/\/www.elementvape.de\/wp-content\/uploads\/2024\/09\/DOUBLE-APPLES-scaled.jpg","datePublished":"2024-09-17T07:06:43+00:00","dateModified":"2024-10-09T08:14:59+00:00","description":"Wir bieten Erleben Sie den doppelt intensiven Apfelgeschmack Die Bang 36000 Puffs Einweg-E-Zigarette mit Double Apples und Mesh Coil f\u00fcr maximalen Genuss , Elementvape.de akzeptieren Gro\u00df-und Einzelhandel Bestellungen.","breadcrumb":{"@id":"https:\/\/www.elementvape.de\/es\/produkt\/erleben-sie-den-doppelt-intensiven-apfelgeschmack-die-bang-36000-puffs-einweg-e-zigarette-mit-double-apples-und-mesh-coil-fuer-maximalen-genuss\/#breadcrumb"},"inLanguage":"sk-SK","potentialAction":[{"@type":"ReadAction","target":["https:\/\/www.elementvape.de\/es\/produkt\/erleben-sie-den-doppelt-intensiven-apfelgeschmack-die-bang-36000-puffs-einweg-e-zigarette-mit-double-apples-und-mesh-coil-fuer-maximalen-genuss\/"]}]},{"@type":"ImageObject","inLanguage":"sk-SK","@id":"https:\/\/www.elementvape.de\/es\/produkt\/erleben-sie-den-doppelt-intensiven-apfelgeschmack-die-bang-36000-puffs-einweg-e-zigarette-mit-double-apples-und-mesh-coil-fuer-maximalen-genuss\/#primaryimage","url":"https:\/\/www.elementvape.de\/wp-content\/uploads\/2024\/09\/DOUBLE-APPLES-scaled.jpg","contentUrl":"https:\/\/www.elementvape.de\/wp-content\/uploads\/2024\/09\/DOUBLE-APPLES-scaled.jpg","width":2560,"height":2249,"caption":"DOUBLE APPLES"},{"@type":"BreadcrumbList","@id":"https:\/\/www.elementvape.de\/es\/produkt\/erleben-sie-den-doppelt-intensiven-apfelgeschmack-die-bang-36000-puffs-einweg-e-zigarette-mit-double-apples-und-mesh-coil-fuer-maximalen-genuss\/#breadcrumb","itemListElement":[{"@type":"ListItem","position":1,"name":"Home","item":"https:\/\/www.elementvape.de\/"},{"@type":"ListItem","position":2,"name":"Shop","item":"https:\/\/www.elementvape.de\/shop\/"},{"@type":"ListItem","position":3,"name":"Erleben Sie den doppelt intensiven Apfelgeschmack Die Bang 36000 Puffs Einweg-E-Zigarette mit Double Apples und Mesh Coil f\u00fcr maximalen Genuss"}]},{"@type":"WebSite","@id":"https:\/\/www.elementvape.de\/#website","url":"https:\/\/www.elementvape.de\/","name":"ElementVape.de","description":"","publisher":{"@id":"https:\/\/www.elementvape.de\/#organization"},"potentialAction":[{"@type":"SearchAction","target":{"@type":"EntryPoint","urlTemplate":"https:\/\/www.elementvape.de\/?s={search_term_string}"},"query-input":"required name=search_term_string"}],"inLanguage":"sk-SK"},{"@type":"Organization","@id":"https:\/\/www.elementvape.de\/#organization","name":"ElementVape.DE","url":"https:\/\/www.elementvape.de\/","logo":{"@type":"ImageObject","inLanguage":"sk-SK","@id":"https:\/\/www.elementvape.de\/#\/schema\/logo\/image\/","url":"https:\/\/www.elementvape.de\/wp-content\/uploads\/2024\/09\/cropped-1elementvape-3.png","contentUrl":"https:\/\/www.elementvape.de\/wp-content\/uploads\/2024\/09\/cropped-1elementvape-3.png","width":285,"height":228,"caption":"ElementVape.DE"},"image":{"@id":"https:\/\/www.elementvape.de\/#\/schema\/logo\/image\/"}}]}},"_links":{"self":[{"href":"https:\/\/www.elementvape.de\/sk\/wp-json\/wp\/v2\/product\/14365"}],"collection":[{"href":"https:\/\/www.elementvape.de\/sk\/wp-json\/wp\/v2\/product"}],"about":[{"href":"https:\/\/www.elementvape.de\/sk\/wp-json\/wp\/v2\/types\/product"}],"wp:featuredmedia":[{"embeddable":true,"href":"https:\/\/www.elementvape.de\/sk\/wp-json\/wp\/v2\/media\/14353"}],"wp:attachment":[{"href":"https:\/\/www.elementvape.de\/sk\/wp-json\/wp\/v2\/media?parent=14365"}],"wp:term":[{"taxonomy":"product_cat","embeddable":true,"href":"https:\/\/www.elementvape.de\/sk\/wp-json\/wp\/v2\/product_cat?post=14365"},{"taxonomy":"product_tag","embeddable":true,"href":"https:\/\/www.elementvape.de\/sk\/wp-json\/wp\/v2\/product_tag?post=14365"}],"curies":[{"name":"wp","href":"https:\/\/api.w.org\/{rel}","templated":true}]}}