{"id":14362,"date":"2024-09-17T06:26:56","date_gmt":"2024-09-17T06:26:56","guid":{"rendered":"https:\/\/www.elementvape.de\/?post_type=product&#038;p=14362"},"modified":"2024-10-09T08:13:31","modified_gmt":"2024-10-09T08:13:31","slug":"eiskalter-minzgeschmack-in-jeder-zug-die-bang-einweg-e-zigarette-mit-36000-puffs-und-mesh-coil-fuer-den-ultimativen-frischekick","status":"publish","type":"product","link":"https:\/\/www.elementvape.de\/sk\/produkt\/eiskalter-minzgeschmack-in-jeder-zug-die-bang-einweg-e-zigarette-mit-36000-puffs-und-mesh-coil-fuer-den-ultimativen-frischekick\/","title":{"rendered":"\u013dadovo chladn\u00e1 m\u00e4tov\u00e1 chu\u0165 v ka\u017edom \u0165ahu Bang Jednor\u00e1zov\u00e1 e-cigareta s 36000 Puffs a Mesh Coil pre maxim\u00e1lnu svie\u017eos\u0165"},"content":{"rendered":"<h2>\u013dadovo chladn\u00e1 m\u00e4tov\u00e1 chu\u0165 v ka\u017edom \u0165ahu Bang Jednor\u00e1zov\u00e1 e-cigareta s 36000 Puffs a Mesh Coil pre maxim\u00e1lnu svie\u017eos\u0165<\/h2>\n<p>Pre milovn\u00edkov osvie\u017euj\u00facich, chladiv\u00fdch ar\u00f3m je Bang jednorazov\u00e1 e-cigareta s 36000 potiahnutiami v pr\u00edchuti mrazen\u00e1 m\u00e4ta ide\u00e1lnou vo\u013ebou. T\u00e1to <strong><a href=\"https:\/\/www.elementvape.de\/sk\/\" target=\"_blank\" rel=\"noopener\">E-cigareta<\/a><\/strong> sp\u00e1ja najmodernej\u0161iu technol\u00f3giu s intenz\u00edvnym osvie\u017euj\u00facim z\u00e1\u017eitkom z chuti, ktor\u00fd pri ka\u017edom potiahnut\u00ed zanech\u00e1va pr\u00edjemn\u00fd chladiv\u00fd efekt. \u010ci u\u017e v hor\u00facich letn\u00fdch d\u0148och alebo jednoducho na prebudenie zmyslov \u2013 m\u00e4tov\u00e1 pr\u00edchu\u0165 zabezpe\u010duje trval\u00fa svie\u017eos\u0165, ktor\u00e1 presved\u010d\u00ed ka\u017ed\u00e9ho vapera.<\/p>\n<h3>Mrazen\u00e1 m\u00e4ta \u2013 \u010dist\u00e1 svie\u017eos\u0165 pri ka\u017edom potiahnut\u00ed<\/h3>\n<p>Hlavn\u00fdm zameran\u00edm tejto e-cigarety je kri\u0161t\u00e1\u013eovo \u010dist\u00e1, mraziv\u00e1 m\u00e4tov\u00e1 pr\u00edchu\u0165, ktor\u00e1 pon\u00faka intenz\u00edvnu, chladiv\u00fa svie\u017eos\u0165. M\u00e4ta je odjak\u017eiva ob\u013e\u00fabenou pr\u00edchu\u0165ou vo svete vapingu, preto\u017ee o\u017eivuje zmysly a osvie\u017euje dych. Mrazen\u00e1 m\u00e4ta od Bang jednorazovej e-cigarety je dokonale vyv\u00e1\u017een\u00e1, tak\u017ee:<\/p>\n<ul>\n<li>Osvie\u017euje a chlad\u00ed: Ka\u017ed\u00e9 potiahnutie poskytuje jemn\u00fa, no \u00fa\u010dinn\u00fa chladivos\u0165, ktor\u00e1 je dlhodobo trv\u00e1cna.<\/li>\n<li>Udr\u017eiava chu\u0165 jasn\u00fa a \u010dist\u00fa: Bez pre\u0165a\u017eovania, m\u00e4ta zabezpe\u010duje pr\u00edjemn\u00fd chladiv\u00fd dozvuk, ktor\u00fd jemne obklop\u00ed jazyk.<\/li>\n<li>Ide\u00e1lna na ka\u017edodenn\u00e9 pou\u017eitie: \u010ci u\u017e r\u00e1no, na obed alebo ve\u010der \u2013 m\u00e4tov\u00e1 pr\u00edchu\u0165 zost\u00e1va osvie\u017euj\u00faca a pr\u00edjemn\u00e1.<\/li>\n<\/ul>\n<h3>36000 potiahnut\u00ed pre extr\u00e9mne dlh\u00e9 pou\u017e\u00edvanie<\/h3>\n<p>Bang 36 000 potiahnut\u00ed jednorazov\u00e1 e-cigareta je navrhnut\u00e1 tak, aby poskytovala mimoriadne dlh\u00fa dobu pou\u017e\u00edvania. S kapacitou a\u017e 36 000 potiahnut\u00ed t\u00e1to e-cigareta vydr\u017e\u00ed extr\u00e9mne dlho a zabezpe\u010duje, \u017ee svie\u017eos\u0165 m\u00e4ty si m\u00f4\u017eete vychutn\u00e1va\u0165 t\u00fd\u017edne bez nutnosti dop\u013a\u0148ania alebo nab\u00edjania. To ju rob\u00ed ide\u00e1lnou na cest\u00e1ch alebo pre t\u00fdch, ktor\u00ed h\u013eadaj\u00fa trval\u00e9 rie\u0161enie bez neust\u00e1lej \u00fadr\u017eby.<\/p>\n<h3>Mesh cievka \u2013 intenz\u00edvnej\u0161ia chu\u0165 a maxim\u00e1lna svie\u017eos\u0165<\/h3>\n<p>\u010co e\u0161te odli\u0161uje t\u00fato e-cigaretu, je inovat\u00edvna technol\u00f3gia Mesh cievky. Mesh cievky pon\u00fakaj\u00fa v\u00e4\u010d\u0161iu ohrevn\u00fa plochu ako be\u017en\u00e9 cievky, \u010do vedie k intenz\u00edvnej\u0161ej chuti a rovnomernej produkcii pary. To znamen\u00e1:<\/p>\n<ul>\n<li>R\u00fdchlej\u0161ie zahrievanie: Mesh cievka umo\u017e\u0148uje r\u00fdchle a efekt\u00edvne zahrievanie e-liquidu, tak\u017ee si m\u00f4\u017eete ihne\u010f po aktiv\u00e1cii vychutna\u0165 intenz\u00edvnu m\u00e4tov\u00fa chu\u0165.<\/li>\n<li>Rovnomern\u00e1 para: Rovnomern\u00e9 rozlo\u017eenie tepla zabezpe\u010duje, \u017ee ka\u017ed\u00fd potiahnutie je kon\u0161tantn\u00e9, bez straty chuti alebo svie\u017eosti.<\/li>\n<li>Viac objemu pary: Okrem intenz\u00edvneho rozvoja chuti Mesh cievka vytv\u00e1ra aj hust\u00e9 oblaky pary, \u010d\u00edm zvy\u0161uje z\u00e1\u017eitok z vapingu.<\/li>\n<\/ul>\n<p>Okrem p\u00f4sobivej kapacity a pr\u00edjemnej chuti je Bang 36 000 potiahnut\u00ed jednorazov\u00e1 e-cigareta vybaven\u00e1 aj USB-C nab\u00edjac\u00edm portom. To zabezpe\u010duje r\u00fdchle a pohodln\u00e9 nab\u00edjanie kedyko\u013evek je potrebn\u00e9. V\u00fdhodou nab\u00edjate\u013enej bat\u00e9rie v jednorazovej e-cigarette je, \u017ee m\u00f4\u017eete vyu\u017ei\u0165 pln\u00fa kapacitu e-liquidu bez ob\u00e1v, \u017ee sa bat\u00e9ria r\u00fdchlo vybije.<\/p>\n<p>Bang <strong><a href=\"https:\/\/www.elementvape.de\/sk\/c\/einweg-zigarette\/\" target=\"_blank\" rel=\"noopener\">Jednorazov\u00e1 E-cigareta<\/a><\/strong> s mrazivou m\u00e4tovou pr\u00edchu\u0165ou pon\u00faka dokonal\u00fa kombin\u00e1ciu intenz\u00edvneho m\u00e4tov\u00e9ho chuti, dlhotrvaj\u00faceho v\u00fdkonu a modernej technol\u00f3gie. V\u010faka technol\u00f3gii Mesh cievky za\u017eijete plnohodnotn\u00fd, mrazivo chladiv\u00fd m\u00e4tov\u00fd z\u00e1\u017eitok pri ka\u017edom potiahnut\u00ed, sprev\u00e1dzan\u00fd hust\u00fdmi parn\u00fdmi oblakmi a dlhotrvaj\u00facou svie\u017eos\u0165ou. Obrovsk\u00e1 kapacita 36 000 potiahnut\u00ed zabezpe\u010duje, \u017ee toto zariadenie vydr\u017e\u00ed extr\u00e9mne dlho, a USB-C nab\u00edjac\u00ed port u\u013eah\u010duje nab\u00edjanie. Ak h\u013ead\u00e1te e-cigaretu, ktor\u00e1 pon\u00faka maxim\u00e1lne osvie\u017eenie a pou\u017e\u00edvate\u013esk\u00fa pr\u00edvetivos\u0165, je to ide\u00e1lna vo\u013eba pre v\u00e1s.<\/p>","protected":false},"excerpt":{"rendered":"<p>Eiskalter Minzgeschmack in jeder Zug Die Bang Einweg-E-Zigarette mit 36000 Puffs und Mesh Coil f\u00fcr den ultimativen Frischekick F\u00fcr Liebhaber von erfrischenden, k\u00fchlen Aromen ist die Bang Einweg-E-Zigarette mit 36000 Puffs in der Geschmacksrichtung Eiskalte Minze die ideale Wahl. Diese E-Zigarette kombiniert modernste Technologie mit einem intensiv erfrischenden Geschmackserlebnis, das bei jedem Zug einen angenehmen [&hellip;]<\/p>","protected":false},"featured_media":14356,"template":"","meta":{"inline_featured_image":false},"product_cat":[15,760,78,750,737,736,749,752,756],"product_tag":[710,761],"tiered_pricing_type":"fixed","tiered_pricing_fixed_rules":{"60":"9.4","110":"8.35","200":"7.31"},"tiered_pricing_percentage_rules":[],"tiered_pricing_minimum":1,"_administrator_tiered_pricing_type":"fixed","_administrator_tiered_pricing_fixed_rules":[],"_editor_tiered_pricing_type":"fixed","_editor_tiered_pricing_fixed_rules":[],"_author_tiered_pricing_type":"fixed","_author_tiered_pricing_fixed_rules":[],"_contributor_tiered_pricing_type":"fixed","_contributor_tiered_pricing_fixed_rules":[],"_subscriber_tiered_pricing_type":"fixed","_subscriber_tiered_pricing_fixed_rules":[],"_customer_tiered_pricing_type":"fixed","_customer_tiered_pricing_fixed_rules":[],"_shop_manager_tiered_pricing_type":"fixed","_shop_manager_tiered_pricing_fixed_rules":[],"_wpseo_manager_tiered_pricing_type":"fixed","_wpseo_manager_tiered_pricing_fixed_rules":[],"_wpseo_editor_tiered_pricing_type":"fixed","_wpseo_editor_tiered_pricing_fixed_rules":[],"_wholesale_customer_tiered_pricing_type":"fixed","_wholesale_customer_tiered_pricing_fixed_rules":[],"_marketer_tiered_pricing_type":"fixed","_marketer_tiered_pricing_fixed_rules":[],"_sales_manager_tiered_pricing_type":"fixed","_sales_manager_tiered_pricing_fixed_rules":[],"_sales_rep_tiered_pricing_type":"fixed","_sales_rep_tiered_pricing_fixed_rules":[],"yoast_head":"<!-- This site is optimized with the Yoast SEO plugin v23.3 - https:\/\/yoast.com\/wordpress\/plugins\/seo\/ -->\n<title>Eiskalter Minzgeschmack in jeder Zug Die Bang Einweg-E-Zigarette mit 36000 Puffs und Mesh Coil f\u00fcr den ultimativen Frischekick | ElementVape.de<\/title>\n<meta name=\"description\" content=\"Wir bieten Eiskalter Minzgeschmack in jeder Zug Die Bang Einweg-E-Zigarette mit 36000 Puffs und Mesh Coil f\u00fcr den ultimativen Frischekick , Elementvape.de akzeptieren Gro\u00df-und Einzelhandel Bestellungen.\" \/>\n<meta name=\"robots\" content=\"index, follow, max-snippet:-1, max-image-preview:large, max-video-preview:-1\" \/>\n<link rel=\"canonical\" href=\"https:\/\/www.elementvape.de\/sk\/produkt\/eiskalter-minzgeschmack-in-jeder-zug-die-bang-einweg-e-zigarette-mit-36000-puffs-und-mesh-coil-fuer-den-ultimativen-frischekick\/\" \/>\n<meta property=\"og:locale\" content=\"sk_SK\" \/>\n<meta property=\"og:type\" content=\"article\" \/>\n<meta property=\"og:title\" content=\"Eiskalter Minzgeschmack in jeder Zug Die Bang Einweg-E-Zigarette mit 36000 Puffs und Mesh Coil f\u00fcr den ultimativen Frischekick | ElementVape.de\" \/>\n<meta property=\"og:description\" content=\"Wir bieten Eiskalter Minzgeschmack in jeder Zug Die Bang Einweg-E-Zigarette mit 36000 Puffs und Mesh Coil f\u00fcr den ultimativen Frischekick , Elementvape.de akzeptieren Gro\u00df-und Einzelhandel Bestellungen.\" \/>\n<meta property=\"og:url\" content=\"https:\/\/www.elementvape.de\/sk\/produkt\/eiskalter-minzgeschmack-in-jeder-zug-die-bang-einweg-e-zigarette-mit-36000-puffs-und-mesh-coil-fuer-den-ultimativen-frischekick\/\" \/>\n<meta property=\"og:site_name\" content=\"ElementVape.de\" \/>\n<meta property=\"article:modified_time\" content=\"2024-10-09T08:13:31+00:00\" \/>\n<meta property=\"og:image\" content=\"https:\/\/www.elementvape.de\/wp-content\/uploads\/2024\/09\/MINT-ICE-1-scaled.jpg\" \/>\n\t<meta property=\"og:image:width\" content=\"2560\" \/>\n\t<meta property=\"og:image:height\" content=\"2249\" \/>\n\t<meta property=\"og:image:type\" content=\"image\/jpeg\" \/>\n<meta name=\"twitter:card\" content=\"summary_large_image\" \/>\n<meta name=\"twitter:label1\" content=\"Est. reading time\" \/>\n\t<meta name=\"twitter:data1\" content=\"4 min\u00faty\" \/>\n<script type=\"application\/ld+json\" class=\"yoast-schema-graph\">{\"@context\":\"https:\/\/schema.org\",\"@graph\":[{\"@type\":\"WebPage\",\"@id\":\"https:\/\/www.elementvape.de\/pl\/produkt\/eiskalter-minzgeschmack-in-jeder-zug-die-bang-einweg-e-zigarette-mit-36000-puffs-und-mesh-coil-fuer-den-ultimativen-frischekick\/\",\"url\":\"https:\/\/www.elementvape.de\/pl\/produkt\/eiskalter-minzgeschmack-in-jeder-zug-die-bang-einweg-e-zigarette-mit-36000-puffs-und-mesh-coil-fuer-den-ultimativen-frischekick\/\",\"name\":\"Eiskalter Minzgeschmack in jeder Zug Die Bang Einweg-E-Zigarette mit 36000 Puffs und Mesh Coil f\u00fcr den ultimativen Frischekick | ElementVape.de\",\"isPartOf\":{\"@id\":\"https:\/\/www.elementvape.de\/#website\"},\"primaryImageOfPage\":{\"@id\":\"https:\/\/www.elementvape.de\/pl\/produkt\/eiskalter-minzgeschmack-in-jeder-zug-die-bang-einweg-e-zigarette-mit-36000-puffs-und-mesh-coil-fuer-den-ultimativen-frischekick\/#primaryimage\"},\"image\":{\"@id\":\"https:\/\/www.elementvape.de\/pl\/produkt\/eiskalter-minzgeschmack-in-jeder-zug-die-bang-einweg-e-zigarette-mit-36000-puffs-und-mesh-coil-fuer-den-ultimativen-frischekick\/#primaryimage\"},\"thumbnailUrl\":\"https:\/\/www.elementvape.de\/wp-content\/uploads\/2024\/09\/MINT-ICE-1-scaled.jpg\",\"datePublished\":\"2024-09-17T06:26:56+00:00\",\"dateModified\":\"2024-10-09T08:13:31+00:00\",\"description\":\"Wir bieten Eiskalter Minzgeschmack in jeder Zug Die Bang Einweg-E-Zigarette mit 36000 Puffs und Mesh Coil f\u00fcr den ultimativen Frischekick , Elementvape.de akzeptieren Gro\u00df-und Einzelhandel Bestellungen.\",\"breadcrumb\":{\"@id\":\"https:\/\/www.elementvape.de\/pl\/produkt\/eiskalter-minzgeschmack-in-jeder-zug-die-bang-einweg-e-zigarette-mit-36000-puffs-und-mesh-coil-fuer-den-ultimativen-frischekick\/#breadcrumb\"},\"inLanguage\":\"sk-SK\",\"potentialAction\":[{\"@type\":\"ReadAction\",\"target\":[\"https:\/\/www.elementvape.de\/pl\/produkt\/eiskalter-minzgeschmack-in-jeder-zug-die-bang-einweg-e-zigarette-mit-36000-puffs-und-mesh-coil-fuer-den-ultimativen-frischekick\/\"]}]},{\"@type\":\"ImageObject\",\"inLanguage\":\"sk-SK\",\"@id\":\"https:\/\/www.elementvape.de\/pl\/produkt\/eiskalter-minzgeschmack-in-jeder-zug-die-bang-einweg-e-zigarette-mit-36000-puffs-und-mesh-coil-fuer-den-ultimativen-frischekick\/#primaryimage\",\"url\":\"https:\/\/www.elementvape.de\/wp-content\/uploads\/2024\/09\/MINT-ICE-1-scaled.jpg\",\"contentUrl\":\"https:\/\/www.elementvape.de\/wp-content\/uploads\/2024\/09\/MINT-ICE-1-scaled.jpg\",\"width\":2560,\"height\":2249,\"caption\":\"MINT ICE\"},{\"@type\":\"BreadcrumbList\",\"@id\":\"https:\/\/www.elementvape.de\/pl\/produkt\/eiskalter-minzgeschmack-in-jeder-zug-die-bang-einweg-e-zigarette-mit-36000-puffs-und-mesh-coil-fuer-den-ultimativen-frischekick\/#breadcrumb\",\"itemListElement\":[{\"@type\":\"ListItem\",\"position\":1,\"name\":\"Home\",\"item\":\"https:\/\/www.elementvape.de\/\"},{\"@type\":\"ListItem\",\"position\":2,\"name\":\"Shop\",\"item\":\"https:\/\/www.elementvape.de\/shop\/\"},{\"@type\":\"ListItem\",\"position\":3,\"name\":\"Eiskalter Minzgeschmack in jeder Zug Die Bang Einweg-E-Zigarette mit 36000 Puffs und Mesh Coil f\u00fcr den ultimativen Frischekick\"}]},{\"@type\":\"WebSite\",\"@id\":\"https:\/\/www.elementvape.de\/#website\",\"url\":\"https:\/\/www.elementvape.de\/\",\"name\":\"ElementVape.de\",\"description\":\"\",\"publisher\":{\"@id\":\"https:\/\/www.elementvape.de\/#organization\"},\"potentialAction\":[{\"@type\":\"SearchAction\",\"target\":{\"@type\":\"EntryPoint\",\"urlTemplate\":\"https:\/\/www.elementvape.de\/?s={search_term_string}\"},\"query-input\":\"required name=search_term_string\"}],\"inLanguage\":\"sk-SK\"},{\"@type\":\"Organization\",\"@id\":\"https:\/\/www.elementvape.de\/#organization\",\"name\":\"ElementVape.DE\",\"url\":\"https:\/\/www.elementvape.de\/\",\"logo\":{\"@type\":\"ImageObject\",\"inLanguage\":\"sk-SK\",\"@id\":\"https:\/\/www.elementvape.de\/#\/schema\/logo\/image\/\",\"url\":\"https:\/\/www.elementvape.de\/wp-content\/uploads\/2024\/09\/cropped-1elementvape-3.png\",\"contentUrl\":\"https:\/\/www.elementvape.de\/wp-content\/uploads\/2024\/09\/cropped-1elementvape-3.png\",\"width\":285,\"height\":228,\"caption\":\"ElementVape.DE\"},\"image\":{\"@id\":\"https:\/\/www.elementvape.de\/#\/schema\/logo\/image\/\"}}]}<\/script>\n<!-- \/ Yoast SEO plugin. -->","yoast_head_json":{"title":"Eiskalter Minzgeschmack in jeder Zug Die Bang Einweg-E-Zigarette mit 36000 Puffs und Mesh Coil f\u00fcr den ultimativen Frischekick | ElementVape.de","description":"Wir bieten Eiskalter Minzgeschmack in jeder Zug Die Bang Einweg-E-Zigarette mit 36000 Puffs und Mesh Coil f\u00fcr den ultimativen Frischekick , Elementvape.de akzeptieren Gro\u00df-und Einzelhandel Bestellungen.","robots":{"index":"index","follow":"follow","max-snippet":"max-snippet:-1","max-image-preview":"max-image-preview:large","max-video-preview":"max-video-preview:-1"},"canonical":"https:\/\/www.elementvape.de\/sk\/produkt\/eiskalter-minzgeschmack-in-jeder-zug-die-bang-einweg-e-zigarette-mit-36000-puffs-und-mesh-coil-fuer-den-ultimativen-frischekick\/","og_locale":"sk_SK","og_type":"article","og_title":"Eiskalter Minzgeschmack in jeder Zug Die Bang Einweg-E-Zigarette mit 36000 Puffs und Mesh Coil f\u00fcr den ultimativen Frischekick | ElementVape.de","og_description":"Wir bieten Eiskalter Minzgeschmack in jeder Zug Die Bang Einweg-E-Zigarette mit 36000 Puffs und Mesh Coil f\u00fcr den ultimativen Frischekick , Elementvape.de akzeptieren Gro\u00df-und Einzelhandel Bestellungen.","og_url":"https:\/\/www.elementvape.de\/sk\/produkt\/eiskalter-minzgeschmack-in-jeder-zug-die-bang-einweg-e-zigarette-mit-36000-puffs-und-mesh-coil-fuer-den-ultimativen-frischekick\/","og_site_name":"ElementVape.de","article_modified_time":"2024-10-09T08:13:31+00:00","og_image":[{"width":2560,"height":2249,"url":"https:\/\/www.elementvape.de\/wp-content\/uploads\/2024\/09\/MINT-ICE-1-scaled.jpg","type":"image\/jpeg"}],"twitter_card":"summary_large_image","twitter_misc":{"Est. reading time":"4 min\u00faty"},"schema":{"@context":"https:\/\/schema.org","@graph":[{"@type":"WebPage","@id":"https:\/\/www.elementvape.de\/pl\/produkt\/eiskalter-minzgeschmack-in-jeder-zug-die-bang-einweg-e-zigarette-mit-36000-puffs-und-mesh-coil-fuer-den-ultimativen-frischekick\/","url":"https:\/\/www.elementvape.de\/pl\/produkt\/eiskalter-minzgeschmack-in-jeder-zug-die-bang-einweg-e-zigarette-mit-36000-puffs-und-mesh-coil-fuer-den-ultimativen-frischekick\/","name":"Eiskalter Minzgeschmack in jeder Zug Die Bang Einweg-E-Zigarette mit 36000 Puffs und Mesh Coil f\u00fcr den ultimativen Frischekick | ElementVape.de","isPartOf":{"@id":"https:\/\/www.elementvape.de\/#website"},"primaryImageOfPage":{"@id":"https:\/\/www.elementvape.de\/pl\/produkt\/eiskalter-minzgeschmack-in-jeder-zug-die-bang-einweg-e-zigarette-mit-36000-puffs-und-mesh-coil-fuer-den-ultimativen-frischekick\/#primaryimage"},"image":{"@id":"https:\/\/www.elementvape.de\/pl\/produkt\/eiskalter-minzgeschmack-in-jeder-zug-die-bang-einweg-e-zigarette-mit-36000-puffs-und-mesh-coil-fuer-den-ultimativen-frischekick\/#primaryimage"},"thumbnailUrl":"https:\/\/www.elementvape.de\/wp-content\/uploads\/2024\/09\/MINT-ICE-1-scaled.jpg","datePublished":"2024-09-17T06:26:56+00:00","dateModified":"2024-10-09T08:13:31+00:00","description":"Wir bieten Eiskalter Minzgeschmack in jeder Zug Die Bang Einweg-E-Zigarette mit 36000 Puffs und Mesh Coil f\u00fcr den ultimativen Frischekick , Elementvape.de akzeptieren Gro\u00df-und Einzelhandel Bestellungen.","breadcrumb":{"@id":"https:\/\/www.elementvape.de\/pl\/produkt\/eiskalter-minzgeschmack-in-jeder-zug-die-bang-einweg-e-zigarette-mit-36000-puffs-und-mesh-coil-fuer-den-ultimativen-frischekick\/#breadcrumb"},"inLanguage":"sk-SK","potentialAction":[{"@type":"ReadAction","target":["https:\/\/www.elementvape.de\/pl\/produkt\/eiskalter-minzgeschmack-in-jeder-zug-die-bang-einweg-e-zigarette-mit-36000-puffs-und-mesh-coil-fuer-den-ultimativen-frischekick\/"]}]},{"@type":"ImageObject","inLanguage":"sk-SK","@id":"https:\/\/www.elementvape.de\/pl\/produkt\/eiskalter-minzgeschmack-in-jeder-zug-die-bang-einweg-e-zigarette-mit-36000-puffs-und-mesh-coil-fuer-den-ultimativen-frischekick\/#primaryimage","url":"https:\/\/www.elementvape.de\/wp-content\/uploads\/2024\/09\/MINT-ICE-1-scaled.jpg","contentUrl":"https:\/\/www.elementvape.de\/wp-content\/uploads\/2024\/09\/MINT-ICE-1-scaled.jpg","width":2560,"height":2249,"caption":"MINT ICE"},{"@type":"BreadcrumbList","@id":"https:\/\/www.elementvape.de\/pl\/produkt\/eiskalter-minzgeschmack-in-jeder-zug-die-bang-einweg-e-zigarette-mit-36000-puffs-und-mesh-coil-fuer-den-ultimativen-frischekick\/#breadcrumb","itemListElement":[{"@type":"ListItem","position":1,"name":"Home","item":"https:\/\/www.elementvape.de\/"},{"@type":"ListItem","position":2,"name":"Shop","item":"https:\/\/www.elementvape.de\/shop\/"},{"@type":"ListItem","position":3,"name":"Eiskalter Minzgeschmack in jeder Zug Die Bang Einweg-E-Zigarette mit 36000 Puffs und Mesh Coil f\u00fcr den ultimativen Frischekick"}]},{"@type":"WebSite","@id":"https:\/\/www.elementvape.de\/#website","url":"https:\/\/www.elementvape.de\/","name":"ElementVape.de","description":"","publisher":{"@id":"https:\/\/www.elementvape.de\/#organization"},"potentialAction":[{"@type":"SearchAction","target":{"@type":"EntryPoint","urlTemplate":"https:\/\/www.elementvape.de\/?s={search_term_string}"},"query-input":"required name=search_term_string"}],"inLanguage":"sk-SK"},{"@type":"Organization","@id":"https:\/\/www.elementvape.de\/#organization","name":"ElementVape.DE","url":"https:\/\/www.elementvape.de\/","logo":{"@type":"ImageObject","inLanguage":"sk-SK","@id":"https:\/\/www.elementvape.de\/#\/schema\/logo\/image\/","url":"https:\/\/www.elementvape.de\/wp-content\/uploads\/2024\/09\/cropped-1elementvape-3.png","contentUrl":"https:\/\/www.elementvape.de\/wp-content\/uploads\/2024\/09\/cropped-1elementvape-3.png","width":285,"height":228,"caption":"ElementVape.DE"},"image":{"@id":"https:\/\/www.elementvape.de\/#\/schema\/logo\/image\/"}}]}},"_links":{"self":[{"href":"https:\/\/www.elementvape.de\/sk\/wp-json\/wp\/v2\/product\/14362"}],"collection":[{"href":"https:\/\/www.elementvape.de\/sk\/wp-json\/wp\/v2\/product"}],"about":[{"href":"https:\/\/www.elementvape.de\/sk\/wp-json\/wp\/v2\/types\/product"}],"wp:featuredmedia":[{"embeddable":true,"href":"https:\/\/www.elementvape.de\/sk\/wp-json\/wp\/v2\/media\/14356"}],"wp:attachment":[{"href":"https:\/\/www.elementvape.de\/sk\/wp-json\/wp\/v2\/media?parent=14362"}],"wp:term":[{"taxonomy":"product_cat","embeddable":true,"href":"https:\/\/www.elementvape.de\/sk\/wp-json\/wp\/v2\/product_cat?post=14362"},{"taxonomy":"product_tag","embeddable":true,"href":"https:\/\/www.elementvape.de\/sk\/wp-json\/wp\/v2\/product_tag?post=14362"}],"curies":[{"name":"wp","href":"https:\/\/api.w.org\/{rel}","templated":true}]}}