{"id":14347,"date":"2024-09-17T02:52:10","date_gmt":"2024-09-17T02:52:10","guid":{"rendered":"https:\/\/www.elementvape.de\/?post_type=product&#038;p=14347"},"modified":"2024-10-09T09:37:16","modified_gmt":"2024-10-09T09:37:16","slug":"fruchtig-frisch-und-intensiv-strawberry-kiwi-aromen-in-jeder-zug-unserer-praktischen-einweg-e-zigarette-fuer-langanhaltenden-genuss","status":"publish","type":"product","link":"https:\/\/www.elementvape.de\/sk\/produkt\/fruchtig-frisch-und-intensiv-strawberry-kiwi-aromen-in-jeder-zug-unserer-praktischen-einweg-e-zigarette-fuer-langanhaltenden-genuss\/","title":{"rendered":"Ovocne svie\u017ee a intenz\u00edvne PRALINKY STRAWBERRY Kiwi ar\u00f3my v ka\u017edom \u0165ahu na\u0161ej praktickej jednorazovej elektronickej cigarety pre dlhodob\u00fd p\u00f4\u017eitok BANG 36000 PUFFS"},"content":{"rendered":"<h2><strong>\u00davod do sveta jednorazov\u00fdch e-cigariet: Nov\u00fd \u0161tandard s intenz\u00edvnymi pr\u00edchu\u0165ami jahoda-kiwi<\/strong><\/h2>\n<p>Priemysel e-cigariet v posledn\u00fdch rokoch pre\u0161iel pozoruhodn\u00fdm v\u00fdvojom. Nov\u00e9 technol\u00f3gie, inovat\u00edvne dizajny a \u0161irok\u00e1 \u0161k\u00e1la pr\u00edchut\u00ed posunuli z\u00e1\u017eitok z vapovania na nov\u00fa \u00farove\u0148. V\u00fdnimo\u010dn\u00fdm pr\u00edkladom toho je najnov\u0161ie <strong><a href=\"https:\/\/www.elementvape.de\/sk\/c\/einweg-zigarette\/\">Jednorazov\u00e1 E-cigareta<\/a><\/strong> s nezamenite\u013enou a intenz\u00edvnou chu\u0165ou jahoda-kiwi. Toto zariadenie s\u013eubuje nielen vynikaj\u00faci v\u00fdkon, ale aj pozoruhodn\u00fa odolnos\u0165 a pou\u017e\u00edvate\u013esk\u00fa pr\u00edvetivos\u0165. S a\u017e 36 000 potiahnutiami, v\u00fdkonnou bat\u00e9riou s kapacitou 650mAh a \u0161irokou \u0161k\u00e1lou pr\u00edchut\u00ed pon\u00faka prvotriedny z\u00e1\u017eitok z vapovania, ktor\u00fd oslov\u00ed ako za\u010diato\u010dn\u00edkov, tak aj sk\u00fasen\u00fdch vapera.<\/p>\n<p>Jedn\u00fdm z najv\u00fdraznej\u0161\u00edch aspektov tejto jednorazovej e-cigarety je dvojit\u00e1 n\u00e1dr\u017e na e-liquid. T\u00e1to technol\u00f3gia umo\u017e\u0148uje zariadeniu ulo\u017ei\u0165 mimoriadne ve\u013ek\u00e9 mno\u017estvo e-liquidu, a\u017e 40 ml, \u010do je ove\u013ea viac ako \u0161tandard. Dvojit\u00e1 n\u00e1dr\u017e zabezpe\u010duje, \u017ee zariadenie vydr\u017e\u00ed dlh\u0161ie bez nutnosti dop\u013a\u0148ania. Pre pou\u017e\u00edvate\u013eov, ktor\u00ed si \u017eelaj\u00fa dlh\u00fd a nep\u0159eru\u0161ovan\u00fd z\u00e1\u017eitok z vapovania, je t\u00e1to funkcia skuto\u010dn\u00fdm pr\u00ednosom. Okrem toho pom\u00e1ha dvojit\u00e1 n\u00e1dr\u017e optim\u00e1lne premie\u0161a\u0165 ar\u00f3my, \u010d\u00edm zost\u00e1va chu\u0165 jahody a kiwi pri ka\u017edom \u0165ahu intenz\u00edvnej\u0161ia a svie\u017eej\u0161ia.<\/p>\n<h3>Akumul\u00e1tor, ktor\u00fd vydr\u017e\u00ed: 650 mAh dob\u00edjate\u013en\u00e1 bat\u00e9ria<\/h3>\n<p>\u010eal\u0161\u00edm vynikaj\u00facim prvkom tejto e-cigarety je v\u00fdkonn\u00e1 bat\u00e9ria s kapacitou 650 mAh. Zatia\u013e \u010do mnoho jednorazov\u00fdch zariaden\u00ed m\u00e1 obmedzen\u00fa v\u00fddr\u017e bat\u00e9rie, t\u00e1to bat\u00e9ria sa d\u00e1 \u013eahko dob\u00edja\u0165. V\u010faka nab\u00edjaciemu portu typu C je nab\u00edjanie r\u00fdchle a efekt\u00edvne, tak\u017ee pou\u017e\u00edvatelia nikdy nemusia dlho \u010daka\u0165 na \u010fal\u0161\u00ed z\u00e1\u017eitok s paren\u00edm. T\u00e1to funkcia zabezpe\u010duje, \u017ee zariadenie m\u00f4\u017ee by\u0165 pou\u017e\u00edvan\u00e9 a\u017e do poslednej kvapky e-liquidu, bez zn\u00ed\u017eenia v\u00fdkonu. Obzvl\u00e1\u0161\u0165 v kombin\u00e1cii s obrovskou kapacitou a\u017e do 36 000 potiahnut\u00ed rob\u00ed z jednorazovej e-cigarety spo\u013eahliv\u00e9ho spolo\u010dn\u00edka na cest\u00e1ch.<\/p>\n<p>Vaping do p\u013e\u00fac, zn\u00e1my aj ako Direct-to-Lung (DTL), je ob\u013e\u00faben\u00e1 technika medzi sk\u00fasen\u00fdmi vapermi, ktor\u00ed ocenia intenz\u00edvnej\u0161iu chu\u0165 a v\u00e4\u010d\u0161ie oblaky pary. Toto zariadenie bolo \u0161peci\u00e1lne navrhnut\u00e9 pre DTL vapery a pon\u00faka optim\u00e1lnu rovnov\u00e1hu medzi chu\u0165ou a produkciou pary. Sub-Ohm cievka s odporom 0,6 ohmu zabezpe\u010duje tvorbu ve\u013ek\u00e9ho mno\u017estva pary, \u010do rob\u00ed z\u00e1\u017eitok z vapovania intenz\u00edvnym a uspokojiv\u00fdm. Z\u00e1rove\u0148 zost\u00e1va chu\u0165 jahody a kiwi jasn\u00e1 a nezamenite\u013en\u00e1, tak\u017ee ka\u017ed\u00fd \u0165ah je p\u00f4\u017eitkom.<\/p>\n<h3>\u00darovne nikot\u00ednu: Flexibilita pre ka\u017ed\u00e9ho vapera<\/h3>\n<p>\u010eal\u0161ou ve\u013ekou v\u00fdhodou tejto jednorazovej e-cigarety je v\u00fdber nikot\u00ednov\u00fdch koncentr\u00e1ci\u00ed. Pou\u017e\u00edvatelia si m\u00f4\u017eu vybra\u0165 medzi koncentr\u00e1ciou nikot\u00ednu 2% alebo 5%, v z\u00e1vislosti od ich osobn\u00fdch preferenci\u00ed a potrieb. Pre t\u00fdch, ktor\u00ed h\u013eadaj\u00fa siln\u00fd nikot\u00ednov\u00fd \u0161ok, je ide\u00e1lna mo\u017enos\u0165 5%. Na druhej strane, verzia 2% pon\u00faka jemnej\u0161iu alternat\u00edvu, ktor\u00e1 je ide\u00e1lna pre vapovanie, ak chc\u00fa zn\u00ed\u017ei\u0165 pr\u00edjem nikot\u00ednu. T\u00e1to flexibilita rob\u00ed zariadenie vynikaj\u00facou vo\u013ebou pre pr\u00edle\u017eitostn\u00fdch vapova\u010dov aj pre pravideln\u00fdch pou\u017e\u00edvate\u013eov.<\/p>\n<p>Pou\u017eitie sub-Ohmovej cievky s odporom 0,6 ohmu je rozhoduj\u00facim faktorom, ktor\u00fd odli\u0161uje tento jednorazov\u00fd e-cigaretu od konkurencie. Sub-Ohmov\u00e9 vapovanie umo\u017e\u0148uje z\u00edska\u0165 viac v\u00fdkonu zo zariadenia a z\u00e1rove\u0148 vaporizova\u0165 v\u00e4\u010d\u0161ie mno\u017estvo e-liquidu. To vedie k intenz\u00edvnej\u0161ej produkcii pary a silnej\u0161ej chuti. Obzvl\u00e1\u0161\u0165 v kombin\u00e1cii s ovocn\u00fdmi a svie\u017eimi pr\u00edchu\u0165ami jahody a kiwi technol\u00f3gia sub-Ohm zabezpe\u010duje neopakovate\u013en\u00fd z\u00e1\u017eitok z vapovania. \u010ci u\u017e h\u013ead\u00e1te hlbok\u00fd, intenz\u00edvny \u0165ah alebo jemn\u00fa chu\u0165ov\u00fa nuansu, t\u00e1to e-cigareta poskytne oboje s \u013eahkos\u0165ou.<\/p>\n<h3>LED farebn\u00e9 svetlo pre vizu\u00e1lne zv\u00fdraznenia<\/h3>\n<p>Okrem technick\u00e9ho v\u00fdkonu pon\u00faka toto <strong><a href=\"https:\/\/www.elementvape.de\/sk\/\" target=\"_blank\" rel=\"noopener\">E-cigareta<\/a><\/strong> aj vizu\u00e1lne prvky. Integrovan\u00e9 LED farebn\u00e9 svetlo zabezpe\u010duje atmosf\u00e9rick\u00fd z\u00e1\u017eitok z vapovania, ktor\u00fd vynik\u00e1 najm\u00e4 v tmav\u0161\u00edch prostrediach. T\u00e1to funkcia dod\u00e1va zariadeniu futuristick\u00fd n\u00e1dych a odli\u0161uje ho vizu\u00e1lne od in\u00fdch jednorazov\u00fdch zariaden\u00ed. \u010ci u\u017e ako \u0161t\u00fdlov\u00fd doplnok alebo ako p\u00fatav\u00fd prvok pri vapovan\u00ed \u2013 LED svetlo rob\u00ed pou\u017e\u00edvanie e\u0161te zauj\u00edmavej\u0161\u00edm a prid\u00e1va ka\u017edej \u0165ahu \u0161peci\u00e1lnu atmosf\u00e9ru.<\/p>\n<h3>Typ-C nab\u00edjac\u00ed port: R\u00fdchly a efekt\u00edvny<\/h3>\n<p>V svete, kde s\u00fa r\u00fdchle a efekt\u00edvne nab\u00edjacie rie\u0161enia \u010doraz d\u00f4le\u017eitej\u0161ie, tento jednorazov\u00fd e-cigareta presved\u010d\u00ed modern\u00fdm typom-C nab\u00edjac\u00edm portom. T\u00e1to technol\u00f3gia zabezpe\u010duje nielen r\u00fdchlej\u0161ie nab\u00edjanie zariadenia, ale aj dlh\u0161iu v\u00fddr\u017e bat\u00e9rie. V\u010faka univerz\u00e1lnej dostupnosti k\u00e1bla typu-C je nab\u00edjanie zariadenia na cest\u00e1ch alebo doma jednoduch\u00e9. To rob\u00ed zariadenie obzvl\u00e1\u0161\u0165 pou\u017e\u00edvate\u013esky pr\u00edvetiv\u00fdm a zabezpe\u010duje, \u017ee je v\u017edy pripraven\u00e9 na pou\u017eitie.<\/p>\n<p>Okrem intenz\u00edvnych pr\u00edchut\u00ed jahoda-kiwi toto zariadenie pon\u00faka p\u00f4sobiv\u00fd v\u00fdber celkovo 12 pr\u00edchut\u00ed. T\u00e1to \u0161irok\u00e1 paleta zabezpe\u010duje, \u017ee si ka\u017ed\u00fd n\u00e1jde nie\u010do pod\u013ea svojho vkusu. \u010ci u\u017e ovocn\u00e9, sladk\u00e9 alebo osvie\u017euj\u00face pr\u00edchute \u2013 elektronick\u00e1 cigareta spln\u00ed r\u00f4zne preferencie. T\u00e1to rozmanitos\u0165 je obzvl\u00e1\u0161\u0165 zauj\u00edmav\u00e1 pre pou\u017e\u00edvate\u013eov, ktor\u00ed radi sk\u00fa\u0161aj\u00fa a vychutn\u00e1vaj\u00fa si r\u00f4zne pr\u00edchute.<\/p>\n<h3>\u017divotnos\u0165: A\u017e 36 000 potiahnut\u00ed<\/h3>\n<p>Najp\u00f4sobivej\u0161ou vlastnos\u0165ou tohto zariadenia je jeho odolnos\u0165. S kapacitou a\u017e do 36 000 \u0165ahov nastavuje tento jednorazov\u00fd e-cigareta nov\u00e9 \u0161tandardy v odvetv\u00ed. V\u010faka kombin\u00e1cii v\u00fdkonn\u00e9ho bat\u00e9rie, ve\u013ek\u00e9ho tanku na e-liquid a efekt\u00edvnej sub-Ohmovej \u0161pir\u00e1ly je toto zariadenie navrhnut\u00e9 na dlhodob\u00e9 pou\u017e\u00edvanie bez straty v\u00fdkonu. Pre vapery, ktor\u00ed h\u013eadaj\u00fa odoln\u00e9 a spo\u013eahliv\u00e9 zariadenie, ktor\u00e9 je z\u00e1rove\u0148 chu\u0165ovo aj technicky presved\u010div\u00e9, je to ide\u00e1lna vo\u013eba.<\/p>\n<h3>Pou\u017e\u00edvate\u013esk\u00e1 pr\u00edvetivos\u0165 a prenosnos\u0165<\/h3>\n<p>Napriek svojim p\u00f4sobiv\u00fdm technick\u00fdm \u0161pecifik\u00e1ci\u00e1m je t\u00e1to jednorazov\u00e1 e-cigareta mimoriadne jednoduch\u00e1 na pou\u017e\u00edvanie a prenosn\u00e1. \u0160t\u00edhly a kompaktn\u00fd dizajn umo\u017e\u0148uje \u013eahk\u00e9 ulo\u017eenie do ta\u0161ky a nosenie kamko\u013evek. V\u010faka jednoduch\u00e9mu ovl\u00e1daniu a n\u00edzkej \u00fadr\u017ebe je ide\u00e1lna pre pou\u017e\u00edvate\u013eov, ktor\u00ed si \u017eelaj\u00fa jednoduch\u00fd z\u00e1\u017eitok z vapovania bez toho, aby museli obetova\u0165 kvalitu a v\u00fdkon.<\/p>\n<p>\u010eal\u0161\u00edm d\u00f4le\u017eit\u00fdm aspektom tejto jednorazovej e-cigarety je jej \u0161etrnos\u0165 k \u017eivotn\u00e9mu prostrediu. Na rozdiel od be\u017en\u00fdch jednorazov\u00fdch zariaden\u00ed, ktor\u00e9 je potrebn\u00e9 po vybit\u00ed bat\u00e9rie vyhodi\u0165, t\u00e1to e-cigareta v\u010faka svojmu dob\u00edjate\u013en\u00e9mu akumul\u00e1toru m\u00f4\u017ee by\u0165 pou\u017eit\u00e1 opakovane. To nielen\u017ee zni\u017euje odpad, ale tie\u017e zabezpe\u010duje, \u017ee zariadenie m\u00f4\u017ee by\u0165 vyu\u017e\u00edvan\u00e9 dlh\u0161iu dobu. V \u010dase, ke\u010f je environment\u00e1lne povedomie \u010doraz d\u00f4le\u017eitej\u0161ie, je toto rozhoduj\u00faca v\u00fdhoda, ktor\u00e1 by mohla pril\u00e1ka\u0165 mnoho vapera.<\/p>\n<h3>Jednorazov\u00e9 e-cigarety redefinovan\u00e9<\/h3>\n<p>T\u00e1to jednorazov\u00e1 e-cigareta stanovuje nov\u00e9 \u0161tandardy vo svete vapovania. S technol\u00f3giou dvojit\u00e9ho tanku, v\u00fdkonn\u00fdm akumul\u00e1torom, sub-Ohm cievkou a a\u017e 36 000 potiahnutiami pon\u00faka p\u00f4sobiv\u00fd v\u00fdkon a \u017eivotnos\u0165. Intenz\u00edvne jahodovo-kiwi ar\u00f3my, spojen\u00e9 s ve\u013ek\u00fdm v\u00fdberom \u010fal\u0161\u00edch pr\u00edchut\u00ed, robia z\u00e1\u017eitok z vapovania skuto\u010dn\u00fdm p\u00f4\u017eitkom. \u010ci u\u017e h\u013ead\u00e1te intenz\u00edvnu chu\u0165, ve\u013ek\u00e9 obl\u00e1ky dymu alebo dlh\u00fa dobu pou\u017e\u00edvania, toto zariadenie spln\u00ed v\u0161etky tieto po\u017eiadavky s \u013eahkos\u0165ou. Pre vapera, ktor\u00ed chc\u00fa vy\u0165a\u017ei\u0165 maximum zo svojej sk\u00fasenosti, je t\u00e1to jednorazov\u00e1 e-cigareta ide\u00e1lnou vo\u013ebou.<\/p>","protected":false},"excerpt":{"rendered":"<p>Einf\u00fchrung in die Welt der Einweg-E-Zigaretten: Der neue Standard mit intensiven Strawberry-Kiwi-Aromen Die E-Zigaretten-Industrie hat in den letzten Jahren eine bemerkenswerte Entwicklung durchlaufen. Neue Technologien, innovative Designs und eine breite Palette von Geschmacksrichtungen haben das Dampferlebnis auf ein neues Niveau gehoben. Ein herausragendes Beispiel daf\u00fcr ist die neueste Einweg-E-Zigarette mit einem unverwechselbaren und intensiven Geschmack [&hellip;]<\/p>","protected":false},"featured_media":14348,"template":"","meta":{"inline_featured_image":false},"product_cat":[15,760,78,750,737,736,749,752,756],"product_tag":[710,761],"tiered_pricing_type":"fixed","tiered_pricing_fixed_rules":{"60":"9.4","110":"8.35","200":"7.31"},"tiered_pricing_percentage_rules":[],"tiered_pricing_minimum":1,"_administrator_tiered_pricing_type":"fixed","_administrator_tiered_pricing_fixed_rules":[],"_editor_tiered_pricing_type":"fixed","_editor_tiered_pricing_fixed_rules":[],"_author_tiered_pricing_type":"fixed","_author_tiered_pricing_fixed_rules":[],"_contributor_tiered_pricing_type":"fixed","_contributor_tiered_pricing_fixed_rules":[],"_subscriber_tiered_pricing_type":"fixed","_subscriber_tiered_pricing_fixed_rules":[],"_customer_tiered_pricing_type":"fixed","_customer_tiered_pricing_fixed_rules":[],"_shop_manager_tiered_pricing_type":"fixed","_shop_manager_tiered_pricing_fixed_rules":[],"_wpseo_manager_tiered_pricing_type":"fixed","_wpseo_manager_tiered_pricing_fixed_rules":[],"_wpseo_editor_tiered_pricing_type":"fixed","_wpseo_editor_tiered_pricing_fixed_rules":[],"_wholesale_customer_tiered_pricing_type":"fixed","_wholesale_customer_tiered_pricing_fixed_rules":[],"_marketer_tiered_pricing_type":"fixed","_marketer_tiered_pricing_fixed_rules":[],"_sales_manager_tiered_pricing_type":"fixed","_sales_manager_tiered_pricing_fixed_rules":[],"_sales_rep_tiered_pricing_type":"fixed","_sales_rep_tiered_pricing_fixed_rules":[],"yoast_head":"<!-- This site is optimized with the Yoast SEO plugin v23.3 - https:\/\/yoast.com\/wordpress\/plugins\/seo\/ -->\n<title>Fruchtig frisch und intensiv STRAWBERRY Kiwi Aromen in jeder Zug unserer praktischen Einweg-E-Zigarette f\u00fcr langanhaltenden Genuss BANG 36000 PUFFS | ElementVape.de<\/title>\n<meta name=\"description\" content=\"Wir bieten Fruchtig frisch und intensiv STRAWBERRY Kiwi Aromen in jeder Zug unserer praktischen Einweg-E-Zigarette f\u00fcr langanhaltenden Genuss BANG 36000 PUFFS , Elementvape.de akzeptieren Gro\u00df-und Einzelhandel Bestellungen.\" \/>\n<meta name=\"robots\" content=\"index, follow, max-snippet:-1, max-image-preview:large, max-video-preview:-1\" \/>\n<link rel=\"canonical\" href=\"https:\/\/www.elementvape.de\/sk\/produkt\/fruchtig-frisch-und-intensiv-strawberry-kiwi-aromen-in-jeder-zug-unserer-praktischen-einweg-e-zigarette-fuer-langanhaltenden-genuss\/\" \/>\n<meta property=\"og:locale\" content=\"sk_SK\" \/>\n<meta property=\"og:type\" content=\"article\" \/>\n<meta property=\"og:title\" content=\"Fruchtig frisch und intensiv STRAWBERRY Kiwi Aromen in jeder Zug unserer praktischen Einweg-E-Zigarette f\u00fcr langanhaltenden Genuss BANG 36000 PUFFS | ElementVape.de\" \/>\n<meta property=\"og:description\" content=\"Wir bieten Fruchtig frisch und intensiv STRAWBERRY Kiwi Aromen in jeder Zug unserer praktischen Einweg-E-Zigarette f\u00fcr langanhaltenden Genuss BANG 36000 PUFFS , Elementvape.de akzeptieren Gro\u00df-und Einzelhandel Bestellungen.\" \/>\n<meta property=\"og:url\" content=\"https:\/\/www.elementvape.de\/sk\/produkt\/fruchtig-frisch-und-intensiv-strawberry-kiwi-aromen-in-jeder-zug-unserer-praktischen-einweg-e-zigarette-fuer-langanhaltenden-genuss\/\" \/>\n<meta property=\"og:site_name\" content=\"ElementVape.de\" \/>\n<meta property=\"article:modified_time\" content=\"2024-10-09T09:37:16+00:00\" \/>\n<meta property=\"og:image\" content=\"https:\/\/www.elementvape.de\/wp-content\/uploads\/2024\/09\/STRAWBERRY-KIWI-2-scaled.jpg\" \/>\n\t<meta property=\"og:image:width\" content=\"2560\" \/>\n\t<meta property=\"og:image:height\" content=\"2249\" \/>\n\t<meta property=\"og:image:type\" content=\"image\/jpeg\" \/>\n<meta name=\"twitter:card\" content=\"summary_large_image\" \/>\n<meta name=\"twitter:label1\" content=\"Est. reading time\" \/>\n\t<meta name=\"twitter:data1\" content=\"6 min\u00fat\" \/>\n<script type=\"application\/ld+json\" class=\"yoast-schema-graph\">{\"@context\":\"https:\/\/schema.org\",\"@graph\":[{\"@type\":\"WebPage\",\"@id\":\"https:\/\/www.elementvape.de\/el\/produkt\/fruchtig-frisch-und-intensiv-strawberry-kiwi-aromen-in-jeder-zug-unserer-praktischen-einweg-e-zigarette-fuer-langanhaltenden-genuss\/\",\"url\":\"https:\/\/www.elementvape.de\/el\/produkt\/fruchtig-frisch-und-intensiv-strawberry-kiwi-aromen-in-jeder-zug-unserer-praktischen-einweg-e-zigarette-fuer-langanhaltenden-genuss\/\",\"name\":\"Fruchtig frisch und intensiv STRAWBERRY Kiwi Aromen in jeder Zug unserer praktischen Einweg-E-Zigarette f\u00fcr langanhaltenden Genuss BANG 36000 PUFFS | ElementVape.de\",\"isPartOf\":{\"@id\":\"https:\/\/www.elementvape.de\/#website\"},\"primaryImageOfPage\":{\"@id\":\"https:\/\/www.elementvape.de\/el\/produkt\/fruchtig-frisch-und-intensiv-strawberry-kiwi-aromen-in-jeder-zug-unserer-praktischen-einweg-e-zigarette-fuer-langanhaltenden-genuss\/#primaryimage\"},\"image\":{\"@id\":\"https:\/\/www.elementvape.de\/el\/produkt\/fruchtig-frisch-und-intensiv-strawberry-kiwi-aromen-in-jeder-zug-unserer-praktischen-einweg-e-zigarette-fuer-langanhaltenden-genuss\/#primaryimage\"},\"thumbnailUrl\":\"https:\/\/www.elementvape.de\/wp-content\/uploads\/2024\/09\/STRAWBERRY-KIWI-2-scaled.jpg\",\"datePublished\":\"2024-09-17T02:52:10+00:00\",\"dateModified\":\"2024-10-09T09:37:16+00:00\",\"description\":\"Wir bieten Fruchtig frisch und intensiv STRAWBERRY Kiwi Aromen in jeder Zug unserer praktischen Einweg-E-Zigarette f\u00fcr langanhaltenden Genuss BANG 36000 PUFFS , Elementvape.de akzeptieren Gro\u00df-und Einzelhandel Bestellungen.\",\"breadcrumb\":{\"@id\":\"https:\/\/www.elementvape.de\/el\/produkt\/fruchtig-frisch-und-intensiv-strawberry-kiwi-aromen-in-jeder-zug-unserer-praktischen-einweg-e-zigarette-fuer-langanhaltenden-genuss\/#breadcrumb\"},\"inLanguage\":\"sk-SK\",\"potentialAction\":[{\"@type\":\"ReadAction\",\"target\":[\"https:\/\/www.elementvape.de\/el\/produkt\/fruchtig-frisch-und-intensiv-strawberry-kiwi-aromen-in-jeder-zug-unserer-praktischen-einweg-e-zigarette-fuer-langanhaltenden-genuss\/\"]}]},{\"@type\":\"ImageObject\",\"inLanguage\":\"sk-SK\",\"@id\":\"https:\/\/www.elementvape.de\/el\/produkt\/fruchtig-frisch-und-intensiv-strawberry-kiwi-aromen-in-jeder-zug-unserer-praktischen-einweg-e-zigarette-fuer-langanhaltenden-genuss\/#primaryimage\",\"url\":\"https:\/\/www.elementvape.de\/wp-content\/uploads\/2024\/09\/STRAWBERRY-KIWI-2-scaled.jpg\",\"contentUrl\":\"https:\/\/www.elementvape.de\/wp-content\/uploads\/2024\/09\/STRAWBERRY-KIWI-2-scaled.jpg\",\"width\":2560,\"height\":2249,\"caption\":\"STRAWBERRY KIWI\"},{\"@type\":\"BreadcrumbList\",\"@id\":\"https:\/\/www.elementvape.de\/el\/produkt\/fruchtig-frisch-und-intensiv-strawberry-kiwi-aromen-in-jeder-zug-unserer-praktischen-einweg-e-zigarette-fuer-langanhaltenden-genuss\/#breadcrumb\",\"itemListElement\":[{\"@type\":\"ListItem\",\"position\":1,\"name\":\"Home\",\"item\":\"https:\/\/www.elementvape.de\/\"},{\"@type\":\"ListItem\",\"position\":2,\"name\":\"Shop\",\"item\":\"https:\/\/www.elementvape.de\/shop\/\"},{\"@type\":\"ListItem\",\"position\":3,\"name\":\"Fruchtig frisch und intensiv STRAWBERRY Kiwi Aromen in jeder Zug unserer praktischen Einweg-E-Zigarette f\u00fcr langanhaltenden Genuss BANG 36000 PUFFS\"}]},{\"@type\":\"WebSite\",\"@id\":\"https:\/\/www.elementvape.de\/#website\",\"url\":\"https:\/\/www.elementvape.de\/\",\"name\":\"ElementVape.de\",\"description\":\"\",\"publisher\":{\"@id\":\"https:\/\/www.elementvape.de\/#organization\"},\"potentialAction\":[{\"@type\":\"SearchAction\",\"target\":{\"@type\":\"EntryPoint\",\"urlTemplate\":\"https:\/\/www.elementvape.de\/?s={search_term_string}\"},\"query-input\":\"required name=search_term_string\"}],\"inLanguage\":\"sk-SK\"},{\"@type\":\"Organization\",\"@id\":\"https:\/\/www.elementvape.de\/#organization\",\"name\":\"ElementVape.DE\",\"url\":\"https:\/\/www.elementvape.de\/\",\"logo\":{\"@type\":\"ImageObject\",\"inLanguage\":\"sk-SK\",\"@id\":\"https:\/\/www.elementvape.de\/#\/schema\/logo\/image\/\",\"url\":\"https:\/\/www.elementvape.de\/wp-content\/uploads\/2024\/09\/cropped-1elementvape-3.png\",\"contentUrl\":\"https:\/\/www.elementvape.de\/wp-content\/uploads\/2024\/09\/cropped-1elementvape-3.png\",\"width\":285,\"height\":228,\"caption\":\"ElementVape.DE\"},\"image\":{\"@id\":\"https:\/\/www.elementvape.de\/#\/schema\/logo\/image\/\"}}]}<\/script>\n<!-- \/ Yoast SEO plugin. -->","yoast_head_json":{"title":"Fruchtig frisch und intensiv STRAWBERRY Kiwi Aromen in jeder Zug unserer praktischen Einweg-E-Zigarette f\u00fcr langanhaltenden Genuss BANG 36000 PUFFS | ElementVape.de","description":"Wir bieten Fruchtig frisch und intensiv STRAWBERRY Kiwi Aromen in jeder Zug unserer praktischen Einweg-E-Zigarette f\u00fcr langanhaltenden Genuss BANG 36000 PUFFS , Elementvape.de akzeptieren Gro\u00df-und Einzelhandel Bestellungen.","robots":{"index":"index","follow":"follow","max-snippet":"max-snippet:-1","max-image-preview":"max-image-preview:large","max-video-preview":"max-video-preview:-1"},"canonical":"https:\/\/www.elementvape.de\/sk\/produkt\/fruchtig-frisch-und-intensiv-strawberry-kiwi-aromen-in-jeder-zug-unserer-praktischen-einweg-e-zigarette-fuer-langanhaltenden-genuss\/","og_locale":"sk_SK","og_type":"article","og_title":"Fruchtig frisch und intensiv STRAWBERRY Kiwi Aromen in jeder Zug unserer praktischen Einweg-E-Zigarette f\u00fcr langanhaltenden Genuss BANG 36000 PUFFS | ElementVape.de","og_description":"Wir bieten Fruchtig frisch und intensiv STRAWBERRY Kiwi Aromen in jeder Zug unserer praktischen Einweg-E-Zigarette f\u00fcr langanhaltenden Genuss BANG 36000 PUFFS , Elementvape.de akzeptieren Gro\u00df-und Einzelhandel Bestellungen.","og_url":"https:\/\/www.elementvape.de\/sk\/produkt\/fruchtig-frisch-und-intensiv-strawberry-kiwi-aromen-in-jeder-zug-unserer-praktischen-einweg-e-zigarette-fuer-langanhaltenden-genuss\/","og_site_name":"ElementVape.de","article_modified_time":"2024-10-09T09:37:16+00:00","og_image":[{"width":2560,"height":2249,"url":"https:\/\/www.elementvape.de\/wp-content\/uploads\/2024\/09\/STRAWBERRY-KIWI-2-scaled.jpg","type":"image\/jpeg"}],"twitter_card":"summary_large_image","twitter_misc":{"Est. reading time":"6 min\u00fat"},"schema":{"@context":"https:\/\/schema.org","@graph":[{"@type":"WebPage","@id":"https:\/\/www.elementvape.de\/el\/produkt\/fruchtig-frisch-und-intensiv-strawberry-kiwi-aromen-in-jeder-zug-unserer-praktischen-einweg-e-zigarette-fuer-langanhaltenden-genuss\/","url":"https:\/\/www.elementvape.de\/el\/produkt\/fruchtig-frisch-und-intensiv-strawberry-kiwi-aromen-in-jeder-zug-unserer-praktischen-einweg-e-zigarette-fuer-langanhaltenden-genuss\/","name":"Fruchtig frisch und intensiv STRAWBERRY Kiwi Aromen in jeder Zug unserer praktischen Einweg-E-Zigarette f\u00fcr langanhaltenden Genuss BANG 36000 PUFFS | ElementVape.de","isPartOf":{"@id":"https:\/\/www.elementvape.de\/#website"},"primaryImageOfPage":{"@id":"https:\/\/www.elementvape.de\/el\/produkt\/fruchtig-frisch-und-intensiv-strawberry-kiwi-aromen-in-jeder-zug-unserer-praktischen-einweg-e-zigarette-fuer-langanhaltenden-genuss\/#primaryimage"},"image":{"@id":"https:\/\/www.elementvape.de\/el\/produkt\/fruchtig-frisch-und-intensiv-strawberry-kiwi-aromen-in-jeder-zug-unserer-praktischen-einweg-e-zigarette-fuer-langanhaltenden-genuss\/#primaryimage"},"thumbnailUrl":"https:\/\/www.elementvape.de\/wp-content\/uploads\/2024\/09\/STRAWBERRY-KIWI-2-scaled.jpg","datePublished":"2024-09-17T02:52:10+00:00","dateModified":"2024-10-09T09:37:16+00:00","description":"Wir bieten Fruchtig frisch und intensiv STRAWBERRY Kiwi Aromen in jeder Zug unserer praktischen Einweg-E-Zigarette f\u00fcr langanhaltenden Genuss BANG 36000 PUFFS , Elementvape.de akzeptieren Gro\u00df-und Einzelhandel Bestellungen.","breadcrumb":{"@id":"https:\/\/www.elementvape.de\/el\/produkt\/fruchtig-frisch-und-intensiv-strawberry-kiwi-aromen-in-jeder-zug-unserer-praktischen-einweg-e-zigarette-fuer-langanhaltenden-genuss\/#breadcrumb"},"inLanguage":"sk-SK","potentialAction":[{"@type":"ReadAction","target":["https:\/\/www.elementvape.de\/el\/produkt\/fruchtig-frisch-und-intensiv-strawberry-kiwi-aromen-in-jeder-zug-unserer-praktischen-einweg-e-zigarette-fuer-langanhaltenden-genuss\/"]}]},{"@type":"ImageObject","inLanguage":"sk-SK","@id":"https:\/\/www.elementvape.de\/el\/produkt\/fruchtig-frisch-und-intensiv-strawberry-kiwi-aromen-in-jeder-zug-unserer-praktischen-einweg-e-zigarette-fuer-langanhaltenden-genuss\/#primaryimage","url":"https:\/\/www.elementvape.de\/wp-content\/uploads\/2024\/09\/STRAWBERRY-KIWI-2-scaled.jpg","contentUrl":"https:\/\/www.elementvape.de\/wp-content\/uploads\/2024\/09\/STRAWBERRY-KIWI-2-scaled.jpg","width":2560,"height":2249,"caption":"STRAWBERRY KIWI"},{"@type":"BreadcrumbList","@id":"https:\/\/www.elementvape.de\/el\/produkt\/fruchtig-frisch-und-intensiv-strawberry-kiwi-aromen-in-jeder-zug-unserer-praktischen-einweg-e-zigarette-fuer-langanhaltenden-genuss\/#breadcrumb","itemListElement":[{"@type":"ListItem","position":1,"name":"Home","item":"https:\/\/www.elementvape.de\/"},{"@type":"ListItem","position":2,"name":"Shop","item":"https:\/\/www.elementvape.de\/shop\/"},{"@type":"ListItem","position":3,"name":"Fruchtig frisch und intensiv STRAWBERRY Kiwi Aromen in jeder Zug unserer praktischen Einweg-E-Zigarette f\u00fcr langanhaltenden Genuss BANG 36000 PUFFS"}]},{"@type":"WebSite","@id":"https:\/\/www.elementvape.de\/#website","url":"https:\/\/www.elementvape.de\/","name":"ElementVape.de","description":"","publisher":{"@id":"https:\/\/www.elementvape.de\/#organization"},"potentialAction":[{"@type":"SearchAction","target":{"@type":"EntryPoint","urlTemplate":"https:\/\/www.elementvape.de\/?s={search_term_string}"},"query-input":"required name=search_term_string"}],"inLanguage":"sk-SK"},{"@type":"Organization","@id":"https:\/\/www.elementvape.de\/#organization","name":"ElementVape.DE","url":"https:\/\/www.elementvape.de\/","logo":{"@type":"ImageObject","inLanguage":"sk-SK","@id":"https:\/\/www.elementvape.de\/#\/schema\/logo\/image\/","url":"https:\/\/www.elementvape.de\/wp-content\/uploads\/2024\/09\/cropped-1elementvape-3.png","contentUrl":"https:\/\/www.elementvape.de\/wp-content\/uploads\/2024\/09\/cropped-1elementvape-3.png","width":285,"height":228,"caption":"ElementVape.DE"},"image":{"@id":"https:\/\/www.elementvape.de\/#\/schema\/logo\/image\/"}}]}},"_links":{"self":[{"href":"https:\/\/www.elementvape.de\/sk\/wp-json\/wp\/v2\/product\/14347"}],"collection":[{"href":"https:\/\/www.elementvape.de\/sk\/wp-json\/wp\/v2\/product"}],"about":[{"href":"https:\/\/www.elementvape.de\/sk\/wp-json\/wp\/v2\/types\/product"}],"wp:featuredmedia":[{"embeddable":true,"href":"https:\/\/www.elementvape.de\/sk\/wp-json\/wp\/v2\/media\/14348"}],"wp:attachment":[{"href":"https:\/\/www.elementvape.de\/sk\/wp-json\/wp\/v2\/media?parent=14347"}],"wp:term":[{"taxonomy":"product_cat","embeddable":true,"href":"https:\/\/www.elementvape.de\/sk\/wp-json\/wp\/v2\/product_cat?post=14347"},{"taxonomy":"product_tag","embeddable":true,"href":"https:\/\/www.elementvape.de\/sk\/wp-json\/wp\/v2\/product_tag?post=14347"}],"curies":[{"name":"wp","href":"https:\/\/api.w.org\/{rel}","templated":true}]}}