{"id":14132,"date":"2024-09-05T03:14:00","date_gmt":"2024-09-05T03:14:00","guid":{"rendered":"https:\/\/www.elementvape.de\/?post_type=product&#038;p=14132"},"modified":"2024-10-15T02:46:23","modified_gmt":"2024-10-15T02:46:23","slug":"bang-box-12000-puff-e-zigarette-hochwertige-einweg-e-zigaretten-mit-koestlichem-watermelon-bubble-gum-geschmack-fuer-12000-puffs-unvergesslichen-genuss-perfekt-fuer-intensiven-und-langanhalt","status":"publish","type":"product","link":"https:\/\/www.elementvape.de\/sk\/produkt\/bang-box-12000-puff-e-zigarette-hochwertige-einweg-e-zigaretten-mit-koestlichem-watermelon-bubble-gum-geschmack-fuer-12000-puffs-unvergesslichen-genuss-perfekt-fuer-intensiven-und-langanhalt\/","title":{"rendered":"Bang Box 12000 Pufov E-cigareta kvalitn\u00e9 jednor\u00e1zov\u00e9 e-cigarety s lahodnou chu\u0165ou Watermelon Bubble Gum pre 12000 pufov nezabudnute\u013en\u00e9ho p\u00f4\u017eitku \u2013 ide\u00e1lne pre intenz\u00edvne a dlhodob\u00e9 parenie"},"content":{"rendered":"<h2><strong>Bang Box 12000 Puf E-Cigareta Vysoko kvalitn\u00e1 jednorazov\u00e1 E-Cigareta s lahodnou pr\u00edchu\u0165ou Watermelon Bubble Gum<\/strong><\/h2>\n<p>Bang Box 12000 Puf E-Cigareta pon\u00faka nielen vynikaj\u00faci z\u00e1\u017eitok z vapovania, ale aj neporovnate\u013ene sladk\u00fa chu\u0165, ktor\u00e1 pripom\u00edna klasick\u00fa ar\u00f3mu Watermelon Bubble Gum. S p\u00f4sobivou kapacitou 12000 pufov je tento model ide\u00e1lny pre vapovanie, ktor\u00e9 si zaklad\u00e1 na intenz\u00edvnom a dlhotrvaj\u00facom p\u00f4\u017eitku. Od praktick\u00e9ho tvaru po inovat\u00edvnu technol\u00f3giu je t\u00e1to E-cigareta spo\u013eahliv\u00fdm spolo\u010dn\u00edkom na cest\u00e1ch aj doma. V nasleduj\u00facich \u010dastiach s\u00fa bli\u017e\u0161ie predstaven\u00e9 v\u00fdnimo\u010dn\u00e9 vlastnosti tejto E-cigarety.<\/p>\n<p>V\u00fdkonn\u00e1 bat\u00e9ria pre vytrval\u00e9 vapovanie Bang Box 12000 Puf E-Cigareta je vybaven\u00e1 odolnou bat\u00e9riou 650mAh, ktor\u00e1 umo\u017e\u0148uje vychutn\u00e1va\u0165 si a\u017e 12000 pufov bez preru\u0161enia. T\u00e1to p\u00f4sobiv\u00e1 doba prev\u00e1dzky znamen\u00e1, \u017ee zariadenie m\u00f4\u017eete pou\u017e\u00edva\u0165 dlh\u00fd \u010das bez ob\u00e1v z \u010dast\u00e9ho nab\u00edjania. Ve\u013ek\u00e1 kapacita pufov rob\u00ed z Bang Box skvel\u00e9ho spolo\u010dn\u00edka pre vapovanie na cest\u00e1ch, ktor\u00fd nechce robi\u0165 kompromisy v v\u00fdkone.<\/p>\n<p>Opakovate\u013en\u00e9 nab\u00edjanie pre neust\u00e1le pou\u017eitie S portom Type-C na nab\u00edjanie sa Bang Box r\u00fdchlo a pohodlne nab\u00edja, tak\u017ee je op\u00e4\u0165 pripraven\u00e1 na pou\u017eitie v kr\u00e1tkom \u010dase. To ju rob\u00ed nielen ve\u013emi praktickou, ale aj ekologickej\u0161ou ako be\u017en\u00e9 jednorazov\u00e9 modely, ktor\u00e9 je potrebn\u00e9 po pou\u017eit\u00ed vyhodi\u0165. Opakovate\u013en\u00e9 nab\u00edjanie zni\u017euje mno\u017estvo odpadu a zabezpe\u010duje, \u017ee zariadenie m\u00f4\u017eete opakovane pou\u017e\u00edva\u0165, \u010do je v\u00fdhodn\u00e9 z ekonomick\u00e9ho aj ekologick\u00e9ho h\u013eadiska.<\/p>\n<h3>Lahodn\u00e1 pr\u00edchu\u0165 Watermelon Bubble Gum<\/h3>\n<p>Osvie\u017euj\u00faca chu\u0165 pre nezabudnute\u013en\u00fd p\u00f4\u017eitok Pr\u00edchu\u0165 Watermelon Bubble Gum v Bang Box prin\u00e1\u0161a osvie\u017euj\u00faco sladk\u00fa nuansu do ka\u017ed\u00e9ho vapovacieho z\u00e1\u017eitku. Tento mix \u0161\u0165avnatej vodnej mel\u00f3nu a nostalgickej ar\u00f3my \u017euva\u010dky je ide\u00e1lny pre t\u00fdch, ktor\u00ed preferuj\u00fa ovocn\u00e9 a sladk\u00e9 chute. Pri ka\u017edom \u0165ahu sa uvo\u013en\u00ed pln\u00e9 aroma a pon\u00faka nezabudnute\u013en\u00fd p\u00f4\u017eitok, ktor\u00fd dlho vydr\u017e\u00ed a nezni\u017euje svoju intenzitu.<\/p>\n<p>Intenz\u00edvna chu\u0165 v\u010faka pokro\u010dilej technol\u00f3gii \u0161pir\u00e1lky In\u0161talovan\u00e1 v Bang Box 0.8ohm Mesh Coil zabezpe\u010duje, \u017ee ar\u00f3ma Watermelon Bubble Gum je v\u017edy intenz\u00edvna a rovnomern\u00e1. T\u00e1to pokro\u010dil\u00e1 technol\u00f3gia umo\u017e\u0148uje vytv\u00e1ra\u0165 hust\u00e9 a aromatick\u00e9 oblaky pary, ktor\u00e9 garantuj\u00fa pln\u00fd chu\u0165ov\u00fd z\u00e1\u017eitok a\u017e po posledn\u00fd puf. \u010ci pri prvom alebo poslednom \u0165ahu \u2013 chu\u0165 zost\u00e1va kon\u0161tantn\u00e1 a lahodn\u00e1.<\/p>\n<h3>U\u017e\u00edvate\u013esky pr\u00edvetiv\u00fd dizajn a manipul\u00e1cia<\/h3>\n<p>Kompaktn\u00fd a \u013eahk\u00fd dizajn pre maxim\u00e1lnu mobilitu Bang Box 12000 Puf E-Cigareta v\u00e1\u017ei iba 85g a m\u00e1 rozmery 113mm x 32mm, \u010do ju rob\u00ed \u013eahkou a praktickou. Tento kompaktn\u00fd tvar je ide\u00e1lny na ka\u017edodenn\u00e9 pou\u017eitie, preto\u017ee sa bez probl\u00e9mov zmest\u00ed do ka\u017edej ta\u0161ky. Ergonomick\u00fd dizajn zabezpe\u010duje, \u017ee zariadenie pr\u00edjemne sed\u00ed v ruke, zatia\u013e \u010do jednoduch\u00e9 ovl\u00e1danie ju rob\u00ed ide\u00e1lnou vo\u013ebou na cest\u00e1ch.<\/p>\n<p>Intuit\u00edvne ovl\u00e1danie pre za\u010diato\u010dn\u00edkov aj sk\u00fasen\u00fdch vapova\u010dov Bang Box je vhodn\u00e1 pre za\u010diato\u010dn\u00edkov aj sk\u00fasen\u00fdch vapova\u010dov. V\u010faka intuit\u00edvnemu ovl\u00e1daniu zariadenie nevy\u017eaduje zlo\u017eit\u00e9 nastavenia ani predch\u00e1dzaj\u00face znalosti \u2013 sta\u010d\u00ed \u0165aha\u0165 a u\u017e\u00edva\u0165 si. T\u00e1to pou\u017e\u00edvate\u013esk\u00e1 pr\u00edstupnos\u0165 rob\u00ed Bang Box atrakt\u00edvnou najm\u00e4 pre nov\u00e1\u010dikov, zatia\u013e \u010do sk\u00fasen\u00ed vapova\u010di ocenia kon\u0161tantn\u00fd v\u00fdkon a vysokokvalitn\u00fd z\u00e1\u017eitok z vapovania.<\/p>\n<h3>Spo\u013eahliv\u00e1 kvalita a bezpe\u010dnos\u0165<\/h3>\n<p>Vysoko kvalitn\u00e9 materi\u00e1ly pre dlhodob\u00e9 pou\u017e\u00edvanie Bang Box je vyroben\u00e1 z odoln\u00fdch a kvalitn\u00fdch materi\u00e1lov, ktor\u00e9 zabezpe\u010duj\u00fa dlh\u00fa a bezpe\u010dn\u00fa prev\u00e1dzku. Robustn\u00e9 puzdro chr\u00e1ni vn\u00fatro zariadenia a zabezpe\u010duje, \u017ee E-cigareta bude spo\u013eahlivo fungova\u0165 aj pri \u010dastej\u0161om pou\u017e\u00edvan\u00ed. Kvalita materi\u00e1lov prispieva k dlhovekosti zariadenia, \u010do z neho rob\u00ed rozumn\u00fa a udr\u017eate\u013en\u00fa vo\u013ebu.<\/p>\n<p>Bezpe\u010dnostn\u00e9 funkcie pre bezstarostn\u00e9 vapovanie <strong><a href=\"https:\/\/www.elementvape.de\/sk\/\" target=\"_blank\" rel=\"noopener\">vysk\u00fa\u0161a\u0165 vapovanie<\/a><\/strong> Pre bezpe\u010dn\u00fd z\u00e1\u017eitok z vapovania je Bang Box vybaven\u00e1 viacer\u00fdmi ochrann\u00fdmi funkciami, vr\u00e1tane ochrany pred prehriat\u00edm a prebit\u00edm. Tieto funkcie pom\u00e1haj\u00fa udr\u017ea\u0165 zariadenie bezpe\u010dn\u00e9 aj pri intenz\u00edvnom pou\u017e\u00edvan\u00ed a chr\u00e1nia pou\u017e\u00edvate\u013ea pred mo\u017en\u00fdmi rizikami. Tak je zabezpe\u010den\u00e9 bezstarostn\u00e9 vapovanie, pri ktorom sa m\u00f4\u017eete plne s\u00fastredi\u0165 na p\u00f4\u017eitok.<\/p>\n<h3>Udr\u017eate\u013enos\u0165 a \u0161etrnos\u0165 k \u017eivotn\u00e9mu prostrediu<\/h3>\n<p>Dob\u00edjate\u013en\u00fd dizajn na zn\u00ed\u017eenie odpadu Na rozdiel od be\u017en\u00fdch <strong><a href=\"https:\/\/www.elementvape.de\/sk\/c\/einweg-zigarette\/\" target=\"_blank\" rel=\"noopener\">jednorazov\u00fdch e-cigaret\u00e1ch<\/a><\/strong> Opakovate\u013en\u00e9 nab\u00edjanie Bang Box prispieva k zn\u00ed\u017eeniu mno\u017estva elektronick\u00e9ho odpadu. Namiesto vyhodenia zariadenia po pou\u017eit\u00ed ho m\u00f4\u017eete jednoducho nabi\u0165 a znova pou\u017ei\u0165, \u010d\u00edm \u0161etr\u00edte peniaze a zni\u017eujete z\u00e1\u0165a\u017e na \u017eivotn\u00e9 prostredie. Mo\u017enos\u0165 opakovane pou\u017e\u00edva\u0165 zariadenie rob\u00ed z Bang Box ekologick\u00fa vo\u013ebu pre environment\u00e1lne uvedomel\u00fdch vapova\u010dov.<\/p>\n<p>Dlh\u00e1 \u017eivotnos\u0165 v\u010faka robustnej kon\u0161trukcii a kvalitnej technol\u00f3gii sa \u017eivotnos\u0165 Bang Box v\u00fdrazne predl\u017euje. M\u00f4\u017eete sa spo\u013eahn\u00fa\u0165 na dlh\u00fa dobu pou\u017e\u00edvania bez straty v\u00fdkonu alebo kvality. To nielen zni\u017euje mno\u017estvo odpadu, ale aj prin\u00e1\u0161a ekonomick\u00fa v\u00fdhodu, preto\u017ee zariadenie m\u00f4\u017eete pou\u017e\u00edva\u0165 dlhodobo.<\/p>\n<p>Bang Box 12000 Puf E-Cigareta pon\u00faka v\u0161etko, \u010do si vapova\u010d \u017eel\u00e1: lahodn\u00fa pr\u00edchu\u0165 Watermelon Bubble Gum, p\u00f4sobiv\u00fa kapacitu 12000 pufov, pokro\u010dil\u00fa technol\u00f3giu a pou\u017e\u00edvate\u013esky pr\u00edvetiv\u00fd dizajn. Kombin\u00e1cia chuti, v\u00fdkonu a dlhovekosti rob\u00ed t\u00fato E-cigaretu ide\u00e1lnou vo\u013ebou pre t\u00fdch, ktor\u00ed h\u013eadaj\u00fa intenz\u00edvny a dlhotrvaj\u00faci z\u00e1\u017eitok z vapovania.<\/p>\n<p>\u010ci ste za\u010diato\u010dn\u00edk alebo sk\u00fasen\u00fd vapova\u010d \u2013 s Bang Box 12000 Puf si vychutn\u00e1te vynikaj\u00faci z\u00e1\u017eitok z vapovania za ka\u017ed\u00fdch okolnost\u00ed. Opakovate\u013en\u00e9 nab\u00edjanie a udr\u017eate\u013en\u00fd dizajn ju robia ekologickou a perspekt\u00edvnou vo\u013ebou. Vyberte si Bang Box a za\u017eite nezabudnute\u013en\u00fd p\u00f4\u017eitok, ktor\u00fd pon\u00faka len 12000 pufov.<\/p>","protected":false},"excerpt":{"rendered":"<p>Bang Box 12000 Puff E-Zigarette Hochwertige Einweg-E-Zigarette mit k\u00f6stlichem Watermelon Bubble Gum Geschmack Die Bang Box 12000 Puff E-Zigarette bietet nicht nur ein herausragendes Dampferlebnis, sondern auch einen unvergleichlich s\u00fc\u00dfen Geschmack, der an das klassische Aroma von Watermelon Bubble Gum erinnert. Mit einer beeindruckenden Kapazit\u00e4t von 12000 Puffs ist dieses Modell ideal f\u00fcr Dampfer, die [&hellip;]<\/p>","protected":false},"featured_media":14133,"template":"","meta":{"inline_featured_image":false},"product_cat":[15,728,78,735,746,741,733,750,737,736,749,752,756,744,755,738,751],"product_tag":[710,673],"tiered_pricing_type":"fixed","tiered_pricing_fixed_rules":{"60":"6.58","110":"5.85","200":"5.12"},"tiered_pricing_percentage_rules":[],"tiered_pricing_minimum":1,"_administrator_tiered_pricing_type":"fixed","_administrator_tiered_pricing_fixed_rules":[],"_editor_tiered_pricing_type":"fixed","_editor_tiered_pricing_fixed_rules":[],"_author_tiered_pricing_type":"fixed","_author_tiered_pricing_fixed_rules":[],"_contributor_tiered_pricing_type":"fixed","_contributor_tiered_pricing_fixed_rules":[],"_subscriber_tiered_pricing_type":"fixed","_subscriber_tiered_pricing_fixed_rules":[],"_customer_tiered_pricing_type":"fixed","_customer_tiered_pricing_fixed_rules":[],"_shop_manager_tiered_pricing_type":"fixed","_shop_manager_tiered_pricing_fixed_rules":[],"_wpseo_manager_tiered_pricing_type":"fixed","_wpseo_manager_tiered_pricing_fixed_rules":[],"_wpseo_editor_tiered_pricing_type":"fixed","_wpseo_editor_tiered_pricing_fixed_rules":[],"_wholesale_customer_tiered_pricing_type":"fixed","_wholesale_customer_tiered_pricing_fixed_rules":[],"_marketer_tiered_pricing_type":"fixed","_marketer_tiered_pricing_fixed_rules":[],"_sales_manager_tiered_pricing_type":"fixed","_sales_manager_tiered_pricing_fixed_rules":[],"_sales_rep_tiered_pricing_type":"fixed","_sales_rep_tiered_pricing_fixed_rules":[],"yoast_head":"<!-- This site is optimized with the Yoast SEO plugin v23.3 - https:\/\/yoast.com\/wordpress\/plugins\/seo\/ -->\n<title>Bang Box 12000 Puff E-Zigarette Hochwertige Einweg-E-Zigaretten mit k\u00f6stlichem Watermelon Bubble Gum Geschmack f\u00fcr 12000 Puffs unvergesslichen Genuss \u2013 Perfekt f\u00fcr intensiven und langanhaltenden Dampfgenuss | ElementVape.de<\/title>\n<meta name=\"description\" content=\"Wir bieten Bang Box 12000 Puff E-Zigarette Hochwertige Einweg-E-Zigaretten mit k\u00f6stlichem Watermelon Bubble Gum Geschmack f\u00fcr 12000 Puffs unvergesslichen Genuss \u2013 Perfekt f\u00fcr intensiven und langanhaltenden Dampfgenuss , Elementvape.de akzeptieren Gro\u00df-und Einzelhandel Bestellungen.\" \/>\n<meta name=\"robots\" content=\"index, follow, max-snippet:-1, max-image-preview:large, max-video-preview:-1\" \/>\n<link rel=\"canonical\" href=\"https:\/\/www.elementvape.de\/sk\/produkt\/bang-box-12000-puff-e-zigarette-hochwertige-einweg-e-zigaretten-mit-koestlichem-watermelon-bubble-gum-geschmack-fuer-12000-puffs-unvergesslichen-genuss-perfekt-fuer-intensiven-und-langanhalt\/\" \/>\n<meta property=\"og:locale\" content=\"sk_SK\" \/>\n<meta property=\"og:type\" content=\"article\" \/>\n<meta property=\"og:title\" content=\"Bang Box 12000 Puff E-Zigarette Hochwertige Einweg-E-Zigaretten mit k\u00f6stlichem Watermelon Bubble Gum Geschmack f\u00fcr 12000 Puffs unvergesslichen Genuss \u2013 Perfekt f\u00fcr intensiven und langanhaltenden Dampfgenuss | ElementVape.de\" \/>\n<meta property=\"og:description\" content=\"Wir bieten Bang Box 12000 Puff E-Zigarette Hochwertige Einweg-E-Zigaretten mit k\u00f6stlichem Watermelon Bubble Gum Geschmack f\u00fcr 12000 Puffs unvergesslichen Genuss \u2013 Perfekt f\u00fcr intensiven und langanhaltenden Dampfgenuss , Elementvape.de akzeptieren Gro\u00df-und Einzelhandel Bestellungen.\" \/>\n<meta property=\"og:url\" content=\"https:\/\/www.elementvape.de\/sk\/produkt\/bang-box-12000-puff-e-zigarette-hochwertige-einweg-e-zigaretten-mit-koestlichem-watermelon-bubble-gum-geschmack-fuer-12000-puffs-unvergesslichen-genuss-perfekt-fuer-intensiven-und-langanhalt\/\" \/>\n<meta property=\"og:site_name\" content=\"ElementVape.de\" \/>\n<meta property=\"article:modified_time\" content=\"2024-10-15T02:46:23+00:00\" \/>\n<meta property=\"og:image\" content=\"https:\/\/www.elementvape.de\/wp-content\/uploads\/2024\/09\/Watermelon-Bubble-Gum-1024x859.jpg\" \/>\n\t<meta property=\"og:image:width\" content=\"1024\" \/>\n\t<meta property=\"og:image:height\" content=\"859\" \/>\n\t<meta property=\"og:image:type\" content=\"image\/jpeg\" \/>\n<meta name=\"twitter:card\" content=\"summary_large_image\" \/>\n<meta name=\"twitter:label1\" content=\"Est. reading time\" \/>\n\t<meta name=\"twitter:data1\" content=\"6 min\u00fat\" \/>\n<script type=\"application\/ld+json\" class=\"yoast-schema-graph\">{\"@context\":\"https:\/\/schema.org\",\"@graph\":[{\"@type\":\"WebPage\",\"@id\":\"https:\/\/www.elementvape.de\/produkt\/bang-box-12000-puff-e-zigarette-hochwertige-einweg-e-zigaretten-mit-koestlichem-watermelon-bubble-gum-geschmack-fuer-12000-puffs-unvergesslichen-genuss-perfekt-fuer-intensiven-und-langanhalt\/\",\"url\":\"https:\/\/www.elementvape.de\/produkt\/bang-box-12000-puff-e-zigarette-hochwertige-einweg-e-zigaretten-mit-koestlichem-watermelon-bubble-gum-geschmack-fuer-12000-puffs-unvergesslichen-genuss-perfekt-fuer-intensiven-und-langanhalt\/\",\"name\":\"Bang Box 12000 Puff E-Zigarette Hochwertige Einweg-E-Zigaretten mit k\u00f6stlichem Watermelon Bubble Gum Geschmack f\u00fcr 12000 Puffs unvergesslichen Genuss \u2013 Perfekt f\u00fcr intensiven und langanhaltenden Dampfgenuss | ElementVape.de\",\"isPartOf\":{\"@id\":\"https:\/\/www.elementvape.de\/#website\"},\"primaryImageOfPage\":{\"@id\":\"https:\/\/www.elementvape.de\/produkt\/bang-box-12000-puff-e-zigarette-hochwertige-einweg-e-zigaretten-mit-koestlichem-watermelon-bubble-gum-geschmack-fuer-12000-puffs-unvergesslichen-genuss-perfekt-fuer-intensiven-und-langanhalt\/#primaryimage\"},\"image\":{\"@id\":\"https:\/\/www.elementvape.de\/produkt\/bang-box-12000-puff-e-zigarette-hochwertige-einweg-e-zigaretten-mit-koestlichem-watermelon-bubble-gum-geschmack-fuer-12000-puffs-unvergesslichen-genuss-perfekt-fuer-intensiven-und-langanhalt\/#primaryimage\"},\"thumbnailUrl\":\"https:\/\/www.elementvape.de\/wp-content\/uploads\/2024\/09\/Watermelon-Bubble-Gum.jpg\",\"datePublished\":\"2024-09-05T03:14:00+00:00\",\"dateModified\":\"2024-10-15T02:46:23+00:00\",\"description\":\"Wir bieten Bang Box 12000 Puff E-Zigarette Hochwertige Einweg-E-Zigaretten mit k\u00f6stlichem Watermelon Bubble Gum Geschmack f\u00fcr 12000 Puffs unvergesslichen Genuss \u2013 Perfekt f\u00fcr intensiven und langanhaltenden Dampfgenuss , Elementvape.de akzeptieren Gro\u00df-und Einzelhandel Bestellungen.\",\"breadcrumb\":{\"@id\":\"https:\/\/www.elementvape.de\/produkt\/bang-box-12000-puff-e-zigarette-hochwertige-einweg-e-zigaretten-mit-koestlichem-watermelon-bubble-gum-geschmack-fuer-12000-puffs-unvergesslichen-genuss-perfekt-fuer-intensiven-und-langanhalt\/#breadcrumb\"},\"inLanguage\":\"sk-SK\",\"potentialAction\":[{\"@type\":\"ReadAction\",\"target\":[\"https:\/\/www.elementvape.de\/produkt\/bang-box-12000-puff-e-zigarette-hochwertige-einweg-e-zigaretten-mit-koestlichem-watermelon-bubble-gum-geschmack-fuer-12000-puffs-unvergesslichen-genuss-perfekt-fuer-intensiven-und-langanhalt\/\"]}]},{\"@type\":\"ImageObject\",\"inLanguage\":\"sk-SK\",\"@id\":\"https:\/\/www.elementvape.de\/produkt\/bang-box-12000-puff-e-zigarette-hochwertige-einweg-e-zigaretten-mit-koestlichem-watermelon-bubble-gum-geschmack-fuer-12000-puffs-unvergesslichen-genuss-perfekt-fuer-intensiven-und-langanhalt\/#primaryimage\",\"url\":\"https:\/\/www.elementvape.de\/wp-content\/uploads\/2024\/09\/Watermelon-Bubble-Gum.jpg\",\"contentUrl\":\"https:\/\/www.elementvape.de\/wp-content\/uploads\/2024\/09\/Watermelon-Bubble-Gum.jpg\",\"width\":2442,\"height\":2048,\"caption\":\"Watermelon Bubble Gum\"},{\"@type\":\"BreadcrumbList\",\"@id\":\"https:\/\/www.elementvape.de\/produkt\/bang-box-12000-puff-e-zigarette-hochwertige-einweg-e-zigaretten-mit-koestlichem-watermelon-bubble-gum-geschmack-fuer-12000-puffs-unvergesslichen-genuss-perfekt-fuer-intensiven-und-langanhalt\/#breadcrumb\",\"itemListElement\":[{\"@type\":\"ListItem\",\"position\":1,\"name\":\"Home\",\"item\":\"https:\/\/www.elementvape.de\/\"},{\"@type\":\"ListItem\",\"position\":2,\"name\":\"Shop\",\"item\":\"https:\/\/www.elementvape.de\/shop\/\"},{\"@type\":\"ListItem\",\"position\":3,\"name\":\"Bang Box 12000 Puff E-Zigarette Hochwertige Einweg-E-Zigaretten mit k\u00f6stlichem Watermelon Bubble Gum Geschmack f\u00fcr 12000 Puffs unvergesslichen Genuss \u2013 Perfekt f\u00fcr intensiven und langanhaltenden Dampfgenuss\"}]},{\"@type\":\"WebSite\",\"@id\":\"https:\/\/www.elementvape.de\/#website\",\"url\":\"https:\/\/www.elementvape.de\/\",\"name\":\"ElementVape.de\",\"description\":\"\",\"publisher\":{\"@id\":\"https:\/\/www.elementvape.de\/#organization\"},\"potentialAction\":[{\"@type\":\"SearchAction\",\"target\":{\"@type\":\"EntryPoint\",\"urlTemplate\":\"https:\/\/www.elementvape.de\/?s={search_term_string}\"},\"query-input\":\"required name=search_term_string\"}],\"inLanguage\":\"sk-SK\"},{\"@type\":\"Organization\",\"@id\":\"https:\/\/www.elementvape.de\/#organization\",\"name\":\"ElementVape.DE\",\"url\":\"https:\/\/www.elementvape.de\/\",\"logo\":{\"@type\":\"ImageObject\",\"inLanguage\":\"sk-SK\",\"@id\":\"https:\/\/www.elementvape.de\/#\/schema\/logo\/image\/\",\"url\":\"https:\/\/www.elementvape.de\/wp-content\/uploads\/2024\/09\/cropped-1elementvape-3.png\",\"contentUrl\":\"https:\/\/www.elementvape.de\/wp-content\/uploads\/2024\/09\/cropped-1elementvape-3.png\",\"width\":285,\"height\":228,\"caption\":\"ElementVape.DE\"},\"image\":{\"@id\":\"https:\/\/www.elementvape.de\/#\/schema\/logo\/image\/\"}}]}<\/script>\n<!-- \/ Yoast SEO plugin. -->","yoast_head_json":{"title":"Bang Box 12000 Puff E-Zigarette Hochwertige Einweg-E-Zigaretten mit k\u00f6stlichem Watermelon Bubble Gum Geschmack f\u00fcr 12000 Puffs unvergesslichen Genuss \u2013 Perfekt f\u00fcr intensiven und langanhaltenden Dampfgenuss | ElementVape.de","description":"Wir bieten Bang Box 12000 Puff E-Zigarette Hochwertige Einweg-E-Zigaretten mit k\u00f6stlichem Watermelon Bubble Gum Geschmack f\u00fcr 12000 Puffs unvergesslichen Genuss \u2013 Perfekt f\u00fcr intensiven und langanhaltenden Dampfgenuss , Elementvape.de akzeptieren Gro\u00df-und Einzelhandel Bestellungen.","robots":{"index":"index","follow":"follow","max-snippet":"max-snippet:-1","max-image-preview":"max-image-preview:large","max-video-preview":"max-video-preview:-1"},"canonical":"https:\/\/www.elementvape.de\/sk\/produkt\/bang-box-12000-puff-e-zigarette-hochwertige-einweg-e-zigaretten-mit-koestlichem-watermelon-bubble-gum-geschmack-fuer-12000-puffs-unvergesslichen-genuss-perfekt-fuer-intensiven-und-langanhalt\/","og_locale":"sk_SK","og_type":"article","og_title":"Bang Box 12000 Puff E-Zigarette Hochwertige Einweg-E-Zigaretten mit k\u00f6stlichem Watermelon Bubble Gum Geschmack f\u00fcr 12000 Puffs unvergesslichen Genuss \u2013 Perfekt f\u00fcr intensiven und langanhaltenden Dampfgenuss | ElementVape.de","og_description":"Wir bieten Bang Box 12000 Puff E-Zigarette Hochwertige Einweg-E-Zigaretten mit k\u00f6stlichem Watermelon Bubble Gum Geschmack f\u00fcr 12000 Puffs unvergesslichen Genuss \u2013 Perfekt f\u00fcr intensiven und langanhaltenden Dampfgenuss , Elementvape.de akzeptieren Gro\u00df-und Einzelhandel Bestellungen.","og_url":"https:\/\/www.elementvape.de\/sk\/produkt\/bang-box-12000-puff-e-zigarette-hochwertige-einweg-e-zigaretten-mit-koestlichem-watermelon-bubble-gum-geschmack-fuer-12000-puffs-unvergesslichen-genuss-perfekt-fuer-intensiven-und-langanhalt\/","og_site_name":"ElementVape.de","article_modified_time":"2024-10-15T02:46:23+00:00","og_image":[{"width":1024,"height":859,"url":"https:\/\/www.elementvape.de\/wp-content\/uploads\/2024\/09\/Watermelon-Bubble-Gum-1024x859.jpg","type":"image\/jpeg"}],"twitter_card":"summary_large_image","twitter_misc":{"Est. reading time":"6 min\u00fat"},"schema":{"@context":"https:\/\/schema.org","@graph":[{"@type":"WebPage","@id":"https:\/\/www.elementvape.de\/produkt\/bang-box-12000-puff-e-zigarette-hochwertige-einweg-e-zigaretten-mit-koestlichem-watermelon-bubble-gum-geschmack-fuer-12000-puffs-unvergesslichen-genuss-perfekt-fuer-intensiven-und-langanhalt\/","url":"https:\/\/www.elementvape.de\/produkt\/bang-box-12000-puff-e-zigarette-hochwertige-einweg-e-zigaretten-mit-koestlichem-watermelon-bubble-gum-geschmack-fuer-12000-puffs-unvergesslichen-genuss-perfekt-fuer-intensiven-und-langanhalt\/","name":"Bang Box 12000 Puff E-Zigarette Hochwertige Einweg-E-Zigaretten mit k\u00f6stlichem Watermelon Bubble Gum Geschmack f\u00fcr 12000 Puffs unvergesslichen Genuss \u2013 Perfekt f\u00fcr intensiven und langanhaltenden Dampfgenuss | ElementVape.de","isPartOf":{"@id":"https:\/\/www.elementvape.de\/#website"},"primaryImageOfPage":{"@id":"https:\/\/www.elementvape.de\/produkt\/bang-box-12000-puff-e-zigarette-hochwertige-einweg-e-zigaretten-mit-koestlichem-watermelon-bubble-gum-geschmack-fuer-12000-puffs-unvergesslichen-genuss-perfekt-fuer-intensiven-und-langanhalt\/#primaryimage"},"image":{"@id":"https:\/\/www.elementvape.de\/produkt\/bang-box-12000-puff-e-zigarette-hochwertige-einweg-e-zigaretten-mit-koestlichem-watermelon-bubble-gum-geschmack-fuer-12000-puffs-unvergesslichen-genuss-perfekt-fuer-intensiven-und-langanhalt\/#primaryimage"},"thumbnailUrl":"https:\/\/www.elementvape.de\/wp-content\/uploads\/2024\/09\/Watermelon-Bubble-Gum.jpg","datePublished":"2024-09-05T03:14:00+00:00","dateModified":"2024-10-15T02:46:23+00:00","description":"Wir bieten Bang Box 12000 Puff E-Zigarette Hochwertige Einweg-E-Zigaretten mit k\u00f6stlichem Watermelon Bubble Gum Geschmack f\u00fcr 12000 Puffs unvergesslichen Genuss \u2013 Perfekt f\u00fcr intensiven und langanhaltenden Dampfgenuss , Elementvape.de akzeptieren Gro\u00df-und Einzelhandel Bestellungen.","breadcrumb":{"@id":"https:\/\/www.elementvape.de\/produkt\/bang-box-12000-puff-e-zigarette-hochwertige-einweg-e-zigaretten-mit-koestlichem-watermelon-bubble-gum-geschmack-fuer-12000-puffs-unvergesslichen-genuss-perfekt-fuer-intensiven-und-langanhalt\/#breadcrumb"},"inLanguage":"sk-SK","potentialAction":[{"@type":"ReadAction","target":["https:\/\/www.elementvape.de\/produkt\/bang-box-12000-puff-e-zigarette-hochwertige-einweg-e-zigaretten-mit-koestlichem-watermelon-bubble-gum-geschmack-fuer-12000-puffs-unvergesslichen-genuss-perfekt-fuer-intensiven-und-langanhalt\/"]}]},{"@type":"ImageObject","inLanguage":"sk-SK","@id":"https:\/\/www.elementvape.de\/produkt\/bang-box-12000-puff-e-zigarette-hochwertige-einweg-e-zigaretten-mit-koestlichem-watermelon-bubble-gum-geschmack-fuer-12000-puffs-unvergesslichen-genuss-perfekt-fuer-intensiven-und-langanhalt\/#primaryimage","url":"https:\/\/www.elementvape.de\/wp-content\/uploads\/2024\/09\/Watermelon-Bubble-Gum.jpg","contentUrl":"https:\/\/www.elementvape.de\/wp-content\/uploads\/2024\/09\/Watermelon-Bubble-Gum.jpg","width":2442,"height":2048,"caption":"Watermelon Bubble Gum"},{"@type":"BreadcrumbList","@id":"https:\/\/www.elementvape.de\/produkt\/bang-box-12000-puff-e-zigarette-hochwertige-einweg-e-zigaretten-mit-koestlichem-watermelon-bubble-gum-geschmack-fuer-12000-puffs-unvergesslichen-genuss-perfekt-fuer-intensiven-und-langanhalt\/#breadcrumb","itemListElement":[{"@type":"ListItem","position":1,"name":"Home","item":"https:\/\/www.elementvape.de\/"},{"@type":"ListItem","position":2,"name":"Shop","item":"https:\/\/www.elementvape.de\/shop\/"},{"@type":"ListItem","position":3,"name":"Bang Box 12000 Puff E-Zigarette Hochwertige Einweg-E-Zigaretten mit k\u00f6stlichem Watermelon Bubble Gum Geschmack f\u00fcr 12000 Puffs unvergesslichen Genuss \u2013 Perfekt f\u00fcr intensiven und langanhaltenden Dampfgenuss"}]},{"@type":"WebSite","@id":"https:\/\/www.elementvape.de\/#website","url":"https:\/\/www.elementvape.de\/","name":"ElementVape.de","description":"","publisher":{"@id":"https:\/\/www.elementvape.de\/#organization"},"potentialAction":[{"@type":"SearchAction","target":{"@type":"EntryPoint","urlTemplate":"https:\/\/www.elementvape.de\/?s={search_term_string}"},"query-input":"required name=search_term_string"}],"inLanguage":"sk-SK"},{"@type":"Organization","@id":"https:\/\/www.elementvape.de\/#organization","name":"ElementVape.DE","url":"https:\/\/www.elementvape.de\/","logo":{"@type":"ImageObject","inLanguage":"sk-SK","@id":"https:\/\/www.elementvape.de\/#\/schema\/logo\/image\/","url":"https:\/\/www.elementvape.de\/wp-content\/uploads\/2024\/09\/cropped-1elementvape-3.png","contentUrl":"https:\/\/www.elementvape.de\/wp-content\/uploads\/2024\/09\/cropped-1elementvape-3.png","width":285,"height":228,"caption":"ElementVape.DE"},"image":{"@id":"https:\/\/www.elementvape.de\/#\/schema\/logo\/image\/"}}]}},"_links":{"self":[{"href":"https:\/\/www.elementvape.de\/sk\/wp-json\/wp\/v2\/product\/14132"}],"collection":[{"href":"https:\/\/www.elementvape.de\/sk\/wp-json\/wp\/v2\/product"}],"about":[{"href":"https:\/\/www.elementvape.de\/sk\/wp-json\/wp\/v2\/types\/product"}],"wp:featuredmedia":[{"embeddable":true,"href":"https:\/\/www.elementvape.de\/sk\/wp-json\/wp\/v2\/media\/14133"}],"wp:attachment":[{"href":"https:\/\/www.elementvape.de\/sk\/wp-json\/wp\/v2\/media?parent=14132"}],"wp:term":[{"taxonomy":"product_cat","embeddable":true,"href":"https:\/\/www.elementvape.de\/sk\/wp-json\/wp\/v2\/product_cat?post=14132"},{"taxonomy":"product_tag","embeddable":true,"href":"https:\/\/www.elementvape.de\/sk\/wp-json\/wp\/v2\/product_tag?post=14132"}],"curies":[{"name":"wp","href":"https:\/\/api.w.org\/{rel}","templated":true}]}}