{"id":14130,"date":"2024-09-05T02:57:07","date_gmt":"2024-09-05T02:57:07","guid":{"rendered":"https:\/\/www.elementvape.de\/?post_type=product&#038;p=14130"},"modified":"2024-10-15T02:46:47","modified_gmt":"2024-10-15T02:46:47","slug":"bang-box-12000-puff-e-zigarette-hochwertige-einweg-e-zigaretten-mit-frischem-strawberry-juice-geschmack-fuer-12000-puffs-anhaltenden-dampfgenuss","status":"publish","type":"product","link":"https:\/\/www.elementvape.de\/sk\/produkt\/bang-box-12000-puff-e-zigarette-hochwertige-einweg-e-zigaretten-mit-frischem-strawberry-juice-geschmack-fuer-12000-puffs-anhaltenden-dampfgenuss\/","title":{"rendered":"Bang Box 12000 Pufov E-cigareta kvalitn\u00e9 jednor\u00e1zov\u00e9 e-cigarety s \u010derstvou chu\u0165ou Strawberry Juice pre 12000 pufov trval\u00e9ho p\u00f4\u017eitku z parenia"},"content":{"rendered":"<h2>Bang Box 12000 Puf E-cigareta Vysokokvalitn\u00fd p\u00f4\u017eitok s \u010derstvou jahodovou \u0161\u0165avou<\/h2>\n<p>Bang Box 12000 Puff E-cigareta pon\u00faka prvotriedny z\u00e1\u017eitok z vapovania, ktor\u00fd sp\u00e1ja modern\u00fa technol\u00f3giu a osvie\u017euj\u00facu chu\u0165 jahodov\u00e9ho d\u017e\u00fasu v jednom zariaden\u00ed. S mimoriadnou kapacitou 12000 potiahnut\u00ed je t\u00e1to <strong><a href=\"https:\/\/www.elementvape.de\/sk\/c\/einweg-zigarette\/\" target=\"_blank\" rel=\"noopener\">Jednorazov\u00e1 E-cigareta<\/a><\/strong> dokonal\u00e1 vo\u013eba pre v\u0161etk\u00fdch, ktor\u00ed h\u013eadaj\u00fa dlhodob\u00fd p\u00f4\u017eitok. \u010ci ste na cest\u00e1ch alebo relaxujete doma, Bang Box v\u00e1m poskytne spo\u013eahliv\u00fd v\u00fdkon a nezamenite\u013en\u00fa chu\u0165. V nasleduj\u00facich \u010dastiach sa pozrieme bli\u017e\u0161ie na vynikaj\u00face vlastnosti tejto vysoko kvalitnej e-cigarety.<\/p>\n<h3>Dlhodob\u00fd z\u00e1\u017eitok z parenia s 12000 potiahnutiami<\/h3>\n<p>Vysoko v\u00fdkonn\u00e1 bat\u00e9ria pre maxim\u00e1lne pote\u0161enie. E-cigareta Bang Box 12000 Puff je vybaven\u00e1 v\u00fdkonnou bat\u00e9riou s kapacitou 650mAh, ktor\u00e1 umo\u017e\u0148uje bez n\u00e1mahy 12000 \u0165ahov. T\u00e1to bat\u00e9ria pon\u00faka pozoruhodn\u00fa dobu prev\u00e1dzky, tak\u017ee zariadenie je mo\u017en\u00e9 pou\u017e\u00edva\u0165 nieko\u013eko dn\u00ed alebo dokonca t\u00fd\u017ed\u0148ov, ne\u017e bude potrebn\u00e9 ho nabi\u0165. To ju rob\u00ed obzvl\u00e1\u0161\u0165 atrakt\u00edvnou pre \u010dast\u00fdch pou\u017e\u00edvate\u013eov, ktor\u00ed si cenia dlhodob\u00e9 pote\u0161enie bez nutnosti \u010dast\u00e9ho nab\u00edjania.<\/p>\n<p>Jednoduch\u00e9 op\u00e4tovn\u00e9 nab\u00edjanie cez port Type-C \u010eal\u0161\u00edm vynikaj\u00facim prvkom Bang Box je nab\u00edjac\u00ed port Type-C, ktor\u00fd umo\u017e\u0148uje r\u00fdchle a efekt\u00edvne nab\u00edjanie. Na rozdiel od be\u017en\u00fdch jednorazov\u00fdch e-cigariet, ktor\u00e9 je potrebn\u00e9 po pou\u017eit\u00ed vyhodi\u0165, m\u00f4\u017eete tento model jednoducho nabi\u0165 a \u010falej pou\u017e\u00edva\u0165. To nielen \u0161etr\u00ed peniaze, ale aj chr\u00e1ni \u017eivotn\u00e9 prostredie, preto\u017ee vznik\u00e1 menej odpadu. V\u010faka pripojeniu Type-C je nab\u00edjanie tie\u017e ve\u013emi jednoduch\u00e9 a flexibiln\u00e9.<\/p>\n<h3>\u010cerstv\u00e1 chu\u0165 jahodovej \u0161\u0165avy<\/h3>\n<p>Intenz\u00edvna a sladk\u00e1 chu\u0165 jah\u00f4d Chu\u0165 Strawberry Juice od Bang Box 12000 Puff E-Cigareta pon\u00faka ovocn\u00fd a osvie\u017euj\u00faci z\u00e1\u017eitok pri ka\u017edom \u0165ahu. Intenz\u00edvna chu\u0165 jah\u00f4d je ide\u00e1lna pre t\u00fdch, ktor\u00ed uprednost\u0148uj\u00fa sladk\u00e9 ar\u00f3my, bez toho aby p\u00f4sobili dotieravo. Ka\u017ed\u00e9 vdychnutie odha\u013euje pln\u00fa, prirodzen\u00fa chu\u0165, ktor\u00e1 zabezpe\u010duje dlhodob\u00fd p\u00f4\u017eitok a zost\u00e1va dlho \u010derstv\u00e1.<\/p>\n<p>St\u00e1la kvalita chuti a\u017e do posledn\u00e9ho \u0165ahu V\u010faka vysoko kvalitnej 0,8ohm Mesh cievke sa ar\u00f3ma rovnomerne a intenz\u00edvne vaporizuje, \u010do zabezpe\u010duje kon\u0161tantn\u00fd pr\u00edjem pr\u00edjemn\u00e9ho chu\u0165ov\u00e9ho z\u00e1\u017eitku. Nez\u00e1le\u017e\u00ed na tom, \u010di si vychutn\u00e1vate prv\u00e9 alebo posledn\u00e9 \u0165ahy \u2013 chu\u0165 jahody zost\u00e1va nezmenen\u00e1 a lahodn\u00e1. Pokro\u010dil\u00e1 technol\u00f3gia cievky navy\u0161e zabezpe\u010duje, \u017ee chu\u0165 nie je skreslen\u00e1 prehriat\u00edm, tak\u017ee si m\u00f4\u017eete vychutna\u0165 pln\u00fa chu\u0165 pri ka\u017edom \u0165ahu.<\/p>\n<h3>Pou\u017e\u00edvate\u013esk\u00e1 pr\u00edvetivos\u0165 a obsluha<\/h3>\n<p>Kompaktn\u00e1 a \u013eahk\u00e1 na cestovanie S hmotnos\u0165ou iba 85 g a kompaktn\u00fdmi rozmermi 113 mm x 32 mm sa Bang Box pohodlne dr\u017e\u00ed v ruke a je \u013eahko prenosn\u00e1. Jej praktick\u00fd dizajn ju rob\u00ed ide\u00e1lnou na ka\u017edodenn\u00e9 pou\u017eitie, \u010di u\u017e ste doma, v kancel\u00e1rii alebo na cest\u00e1ch. \u013dahk\u00e1 kon\u0161trukcia zabezpe\u010duje, \u017ee si e-cigaretu m\u00f4\u017eete pohodlne ulo\u017ei\u0165 do ka\u017edej ta\u0161ky, bez toho, aby v\u00e1m prek\u00e1\u017eala alebo zaberala miesto.<\/p>\n<p>Jednoduch\u00e9 ovl\u00e1danie pre za\u010diato\u010dn\u00edkov a profesion\u00e1lov Bang Box je vhodn\u00e1 nielen pre sk\u00fasen\u00fdch vapera, ale aj pre za\u010diato\u010dn\u00edkov, ktor\u00ed si \u017eelaj\u00fa jednoduch\u00fa a kvalitn\u00fa e-cigaretu. Ovl\u00e1danie je intuit\u00edvne a nevy\u017eaduje \u017eiadne predch\u00e1dzaj\u00face znalosti. Sta\u010d\u00ed nabi\u0165, potiahnu\u0165 a vychutna\u0165 si \u2013 tak jednoduch\u00e9 je vapovanie s Bang Box. Pre sk\u00fasen\u00fdch pou\u017e\u00edvate\u013eov v\u0161ak zariadenie pon\u00faka dostato\u010dn\u00fd v\u00fdkon a prisp\u00f4sobivos\u0165, aby vyhovovalo individu\u00e1lnym po\u017eiadavk\u00e1m.<\/p>\n<h3>Bezpe\u010dnos\u0165 a kvalita<\/h3>\n<p>Odoln\u00e9 materi\u00e1ly pre spo\u013eahliv\u00fd v\u00fdkon. Elektronick\u00e1 cigareta Bang Box 12000 Puff bola vyroben\u00e1 z kvalitn\u00fdch materi\u00e1lov, ktor\u00e9 zaru\u010duj\u00fa dlh\u00fa \u017eivotnos\u0165 a bezpe\u010dnos\u0165. Pevn\u00e9 puzdro chr\u00e1ni vn\u00fatro pred po\u0161koden\u00edm a zabezpe\u010duje, \u017ee elektronick\u00e1 cigareta bude aj po \u010dastej pou\u017e\u00edvan\u00ed fungova\u0165 ako nov\u00e1. Pou\u017eit\u00e9 materi\u00e1ly s\u00fa navy\u0161e zdravotne nez\u00e1vadn\u00e9, tak\u017ee sa m\u00f4\u017eete spo\u013eahn\u00fa\u0165 na bezpe\u010dn\u00fd a spo\u013eahliv\u00fd z\u00e1\u017eitok z vapovania.<\/p>\n<p>Bezpe\u010dnostn\u00e9 funkcie pre bezstarostn\u00e9 vapovanie Okrem odolnej kon\u0161trukcie m\u00e1 Bang Box nieko\u013eko bezpe\u010dnostn\u00fdch funkci\u00ed, vr\u00e1tane ochrann\u00fdch mechanizmov proti prehriatiu a pre\u0165a\u017eeniu. Tieto funkcie zabezpe\u010duj\u00fa, \u017ee zariadenie zost\u00e1va bezpe\u010dn\u00e9 aj pri intenz\u00edvnom pou\u017e\u00edvan\u00ed a jeho v\u00fdkon nie je ovplyvnen\u00fd. Tak\u017ee m\u00f4\u017eete vapova\u0165 bez starost\u00ed, bez ob\u00e1v o mo\u017en\u00e9 rizik\u00e1.<\/p>\n<h3>Ekologicky \u0161etrn\u00e9 a udr\u017eate\u013en\u00e9<\/h3>\n<p>Opakovane pou\u017eite\u013en\u00e1 a \u0161etrn\u00e1 k \u017eivotn\u00e9mu prostrediu Opakovate\u013enos\u0165 Bang Box 12000 Puff E-cigarety v\u00fdrazne zni\u017euje mno\u017estvo elektronick\u00e9ho odpadu. K\u00fdm be\u017en\u00e9 jednorazov\u00e9 modely sa po vy\u010derpan\u00ed bat\u00e9rie vyhadzuj\u00fa, Bang Box je mo\u017en\u00e9 pou\u017ei\u0165 viackr\u00e1t, \u010do prispieva k udr\u017eate\u013enej\u0161iemu vyu\u017e\u00edvaniu. To nie je len ekologick\u00e9, ale aj v\u00fdhodn\u00e9, preto\u017ee na dlh\u00fa dobu u\u0161etr\u00edte peniaze, ke\u010f\u017ee nemus\u00edte neust\u00e1le kupova\u0165 nov\u00e9 zariadenia.<\/p>\n<p>Dlh\u00e1 \u017eivotnos\u0165 v\u010faka vysokej kvalite kon\u0161trukcie Kombin\u00e1cia dob\u00edjate\u013enej bat\u00e9rie a odoln\u00e9ho dizajnu rob\u00ed Bang Box obzvl\u00e1\u0161\u0165 odolnou. Vysokokvalitn\u00e9 materi\u00e1ly zabezpe\u010duj\u00fa, \u017ee zariadenie zost\u00e1va v dobrom stave aj po nieko\u013ek\u00fdch nab\u00edjac\u00edch cykloch a intenz\u00edvnom pou\u017e\u00edvan\u00ed. T\u00e1to odolnos\u0165 tie\u017e prispieva k zn\u00ed\u017eeniu odpadu, preto\u017ee zariadenie sa nemus\u00ed tak \u010dasto vymie\u0148a\u0165 ako in\u00e9 jednorazov\u00e9 modely.<\/p>\n<p>Bang Box 12000 Puff E-cigareta pon\u00faka dokonal\u00fa kombin\u00e1ciu vynikaj\u00facej chuti, dlhotrvaj\u00faceho v\u00fdkonu a ekologick\u00e9ho dizajnu. Chu\u0165 \u010derstv\u00e9ho jahodov\u00e9ho d\u017e\u00fasu zabezpe\u010duje sladk\u00fd a osvie\u017euj\u00faci z\u00e1\u017eitok z vapovania, ktor\u00fd vydr\u017e\u00ed dlho, zatia\u013e \u010do odoln\u00e1 bat\u00e9ria s kapacitou 650mAh zabezpe\u010duje spo\u013eahliv\u00fd p\u00f4\u017eitok z vapovania. V\u010faka op\u00e4tovn\u00e9mu nab\u00edjaniu a pevnej kon\u0161trukcii je t\u00e1to e-cigareta nielen praktick\u00e1, ale aj ekologick\u00e1 vo\u013eba pre modern\u00fdch vapova\u010dov.<\/p>\n<p>Nez\u00e1le\u017e\u00ed na tom, \u010di ste za\u010diato\u010dn\u00edk alebo sk\u00fasen\u00fd <strong><a href=\"https:\/\/www.elementvape.de\/sk\/\" target=\"_blank\" rel=\"noopener\">vapova\u010dov<\/a><\/strong> s\u00fa, Bang Box 12000 Puff E-cigareta pon\u00faka pou\u017e\u00edvate\u013esky pr\u00edvetiv\u00fd a kvalitn\u00fd z\u00e1\u017eitok. Vyberte si Bang Box a vychutnajte si neporovnate\u013en\u00fa chu\u0165 a prvotriednu technol\u00f3giu v jednom zariaden\u00ed.<\/p>","protected":false},"excerpt":{"rendered":"<p>Bang Box 12000 Puff E-Zigarette Hochwertiger Genuss mit frischem Strawberry Juice Die Bang Box 12000 Puff E-Zigarette bietet ein erstklassiges Dampferlebnis, das moderne Technologie und erfrischenden Strawberry Juice-Geschmack in einem einzigen Ger\u00e4t vereint. Mit einer au\u00dfergew\u00f6hnlichen Kapazit\u00e4t von 12000 Z\u00fcgen ist diese Einweg-E-Zigarette die perfekte Wahl f\u00fcr alle, die einen langanhaltenden Genuss suchen. Ob Sie [&hellip;]<\/p>","protected":false},"featured_media":14131,"template":"","meta":{"inline_featured_image":false},"product_cat":[15,728,78,735,746,741,733,750,737,736,749,752,756,744,755,738,751],"product_tag":[710,673],"tiered_pricing_type":"fixed","tiered_pricing_fixed_rules":{"60":"6.58","110":"5.85","200":"5.12"},"tiered_pricing_percentage_rules":[],"tiered_pricing_minimum":1,"_administrator_tiered_pricing_type":"fixed","_administrator_tiered_pricing_fixed_rules":[],"_editor_tiered_pricing_type":"fixed","_editor_tiered_pricing_fixed_rules":[],"_author_tiered_pricing_type":"fixed","_author_tiered_pricing_fixed_rules":[],"_contributor_tiered_pricing_type":"fixed","_contributor_tiered_pricing_fixed_rules":[],"_subscriber_tiered_pricing_type":"fixed","_subscriber_tiered_pricing_fixed_rules":[],"_customer_tiered_pricing_type":"fixed","_customer_tiered_pricing_fixed_rules":[],"_shop_manager_tiered_pricing_type":"fixed","_shop_manager_tiered_pricing_fixed_rules":[],"_wpseo_manager_tiered_pricing_type":"fixed","_wpseo_manager_tiered_pricing_fixed_rules":[],"_wpseo_editor_tiered_pricing_type":"fixed","_wpseo_editor_tiered_pricing_fixed_rules":[],"_wholesale_customer_tiered_pricing_type":"fixed","_wholesale_customer_tiered_pricing_fixed_rules":[],"_marketer_tiered_pricing_type":"fixed","_marketer_tiered_pricing_fixed_rules":[],"_sales_manager_tiered_pricing_type":"fixed","_sales_manager_tiered_pricing_fixed_rules":[],"_sales_rep_tiered_pricing_type":"fixed","_sales_rep_tiered_pricing_fixed_rules":[],"yoast_head":"<!-- This site is optimized with the Yoast SEO plugin v23.3 - https:\/\/yoast.com\/wordpress\/plugins\/seo\/ -->\n<title>Bang Box 12000 Puff E-Zigarette Hochwertige Einweg-E-Zigaretten mit frischem Strawberry Juice Geschmack f\u00fcr 12000 Puffs anhaltenden Dampfgenuss | ElementVape.de<\/title>\n<meta name=\"description\" content=\"Wir bieten Bang Box 12000 Puff E-Zigarette Hochwertige Einweg-E-Zigaretten mit frischem Strawberry Juice Geschmack f\u00fcr 12000 Puffs anhaltenden Dampfgenuss , Elementvape.de akzeptieren Gro\u00df-und Einzelhandel Bestellungen.\" \/>\n<meta name=\"robots\" content=\"index, follow, max-snippet:-1, max-image-preview:large, max-video-preview:-1\" \/>\n<link rel=\"canonical\" href=\"https:\/\/www.elementvape.de\/sk\/produkt\/bang-box-12000-puff-e-zigarette-hochwertige-einweg-e-zigaretten-mit-frischem-strawberry-juice-geschmack-fuer-12000-puffs-anhaltenden-dampfgenuss\/\" \/>\n<meta property=\"og:locale\" content=\"sk_SK\" \/>\n<meta property=\"og:type\" content=\"article\" \/>\n<meta property=\"og:title\" content=\"Bang Box 12000 Puff E-Zigarette Hochwertige Einweg-E-Zigaretten mit frischem Strawberry Juice Geschmack f\u00fcr 12000 Puffs anhaltenden Dampfgenuss | ElementVape.de\" \/>\n<meta property=\"og:description\" content=\"Wir bieten Bang Box 12000 Puff E-Zigarette Hochwertige Einweg-E-Zigaretten mit frischem Strawberry Juice Geschmack f\u00fcr 12000 Puffs anhaltenden Dampfgenuss , Elementvape.de akzeptieren Gro\u00df-und Einzelhandel Bestellungen.\" \/>\n<meta property=\"og:url\" content=\"https:\/\/www.elementvape.de\/sk\/produkt\/bang-box-12000-puff-e-zigarette-hochwertige-einweg-e-zigaretten-mit-frischem-strawberry-juice-geschmack-fuer-12000-puffs-anhaltenden-dampfgenuss\/\" \/>\n<meta property=\"og:site_name\" content=\"ElementVape.de\" \/>\n<meta property=\"article:modified_time\" content=\"2024-10-15T02:46:47+00:00\" \/>\n<meta property=\"og:image\" content=\"https:\/\/www.elementvape.de\/wp-content\/uploads\/2024\/09\/Strawberry-Juice-1024x859.jpg\" \/>\n\t<meta property=\"og:image:width\" content=\"1024\" \/>\n\t<meta property=\"og:image:height\" content=\"859\" \/>\n\t<meta property=\"og:image:type\" content=\"image\/jpeg\" \/>\n<meta name=\"twitter:card\" content=\"summary_large_image\" \/>\n<meta name=\"twitter:label1\" content=\"Est. reading time\" \/>\n\t<meta name=\"twitter:data1\" content=\"5 min\u00fat\" \/>\n<script type=\"application\/ld+json\" class=\"yoast-schema-graph\">{\"@context\":\"https:\/\/schema.org\",\"@graph\":[{\"@type\":\"WebPage\",\"@id\":\"https:\/\/www.elementvape.de\/it\/produkt\/bang-box-12000-puff-e-zigarette-hochwertige-einweg-e-zigaretten-mit-frischem-strawberry-juice-geschmack-fuer-12000-puffs-anhaltenden-dampfgenuss\/\",\"url\":\"https:\/\/www.elementvape.de\/it\/produkt\/bang-box-12000-puff-e-zigarette-hochwertige-einweg-e-zigaretten-mit-frischem-strawberry-juice-geschmack-fuer-12000-puffs-anhaltenden-dampfgenuss\/\",\"name\":\"Bang Box 12000 Puff E-Zigarette Hochwertige Einweg-E-Zigaretten mit frischem Strawberry Juice Geschmack f\u00fcr 12000 Puffs anhaltenden Dampfgenuss | ElementVape.de\",\"isPartOf\":{\"@id\":\"https:\/\/www.elementvape.de\/#website\"},\"primaryImageOfPage\":{\"@id\":\"https:\/\/www.elementvape.de\/it\/produkt\/bang-box-12000-puff-e-zigarette-hochwertige-einweg-e-zigaretten-mit-frischem-strawberry-juice-geschmack-fuer-12000-puffs-anhaltenden-dampfgenuss\/#primaryimage\"},\"image\":{\"@id\":\"https:\/\/www.elementvape.de\/it\/produkt\/bang-box-12000-puff-e-zigarette-hochwertige-einweg-e-zigaretten-mit-frischem-strawberry-juice-geschmack-fuer-12000-puffs-anhaltenden-dampfgenuss\/#primaryimage\"},\"thumbnailUrl\":\"https:\/\/www.elementvape.de\/wp-content\/uploads\/2024\/09\/Strawberry-Juice.jpg\",\"datePublished\":\"2024-09-05T02:57:07+00:00\",\"dateModified\":\"2024-10-15T02:46:47+00:00\",\"description\":\"Wir bieten Bang Box 12000 Puff E-Zigarette Hochwertige Einweg-E-Zigaretten mit frischem Strawberry Juice Geschmack f\u00fcr 12000 Puffs anhaltenden Dampfgenuss , Elementvape.de akzeptieren Gro\u00df-und Einzelhandel Bestellungen.\",\"breadcrumb\":{\"@id\":\"https:\/\/www.elementvape.de\/it\/produkt\/bang-box-12000-puff-e-zigarette-hochwertige-einweg-e-zigaretten-mit-frischem-strawberry-juice-geschmack-fuer-12000-puffs-anhaltenden-dampfgenuss\/#breadcrumb\"},\"inLanguage\":\"sk-SK\",\"potentialAction\":[{\"@type\":\"ReadAction\",\"target\":[\"https:\/\/www.elementvape.de\/it\/produkt\/bang-box-12000-puff-e-zigarette-hochwertige-einweg-e-zigaretten-mit-frischem-strawberry-juice-geschmack-fuer-12000-puffs-anhaltenden-dampfgenuss\/\"]}]},{\"@type\":\"ImageObject\",\"inLanguage\":\"sk-SK\",\"@id\":\"https:\/\/www.elementvape.de\/it\/produkt\/bang-box-12000-puff-e-zigarette-hochwertige-einweg-e-zigaretten-mit-frischem-strawberry-juice-geschmack-fuer-12000-puffs-anhaltenden-dampfgenuss\/#primaryimage\",\"url\":\"https:\/\/www.elementvape.de\/wp-content\/uploads\/2024\/09\/Strawberry-Juice.jpg\",\"contentUrl\":\"https:\/\/www.elementvape.de\/wp-content\/uploads\/2024\/09\/Strawberry-Juice.jpg\",\"width\":2442,\"height\":2048,\"caption\":\"Strawberry Juice\"},{\"@type\":\"BreadcrumbList\",\"@id\":\"https:\/\/www.elementvape.de\/it\/produkt\/bang-box-12000-puff-e-zigarette-hochwertige-einweg-e-zigaretten-mit-frischem-strawberry-juice-geschmack-fuer-12000-puffs-anhaltenden-dampfgenuss\/#breadcrumb\",\"itemListElement\":[{\"@type\":\"ListItem\",\"position\":1,\"name\":\"Home\",\"item\":\"https:\/\/www.elementvape.de\/\"},{\"@type\":\"ListItem\",\"position\":2,\"name\":\"Shop\",\"item\":\"https:\/\/www.elementvape.de\/shop\/\"},{\"@type\":\"ListItem\",\"position\":3,\"name\":\"Bang Box 12000 Puff E-Zigarette Hochwertige Einweg-E-Zigaretten mit frischem Strawberry Juice Geschmack f\u00fcr 12000 Puffs anhaltenden Dampfgenuss\"}]},{\"@type\":\"WebSite\",\"@id\":\"https:\/\/www.elementvape.de\/#website\",\"url\":\"https:\/\/www.elementvape.de\/\",\"name\":\"ElementVape.de\",\"description\":\"\",\"publisher\":{\"@id\":\"https:\/\/www.elementvape.de\/#organization\"},\"potentialAction\":[{\"@type\":\"SearchAction\",\"target\":{\"@type\":\"EntryPoint\",\"urlTemplate\":\"https:\/\/www.elementvape.de\/?s={search_term_string}\"},\"query-input\":\"required name=search_term_string\"}],\"inLanguage\":\"sk-SK\"},{\"@type\":\"Organization\",\"@id\":\"https:\/\/www.elementvape.de\/#organization\",\"name\":\"ElementVape.DE\",\"url\":\"https:\/\/www.elementvape.de\/\",\"logo\":{\"@type\":\"ImageObject\",\"inLanguage\":\"sk-SK\",\"@id\":\"https:\/\/www.elementvape.de\/#\/schema\/logo\/image\/\",\"url\":\"https:\/\/www.elementvape.de\/wp-content\/uploads\/2024\/09\/cropped-1elementvape-3.png\",\"contentUrl\":\"https:\/\/www.elementvape.de\/wp-content\/uploads\/2024\/09\/cropped-1elementvape-3.png\",\"width\":285,\"height\":228,\"caption\":\"ElementVape.DE\"},\"image\":{\"@id\":\"https:\/\/www.elementvape.de\/#\/schema\/logo\/image\/\"}}]}<\/script>\n<!-- \/ Yoast SEO plugin. -->","yoast_head_json":{"title":"Bang Box 12000 Puff E-Zigarette Hochwertige Einweg-E-Zigaretten mit frischem Strawberry Juice Geschmack f\u00fcr 12000 Puffs anhaltenden Dampfgenuss | ElementVape.de","description":"Wir bieten Bang Box 12000 Puff E-Zigarette Hochwertige Einweg-E-Zigaretten mit frischem Strawberry Juice Geschmack f\u00fcr 12000 Puffs anhaltenden Dampfgenuss , Elementvape.de akzeptieren Gro\u00df-und Einzelhandel Bestellungen.","robots":{"index":"index","follow":"follow","max-snippet":"max-snippet:-1","max-image-preview":"max-image-preview:large","max-video-preview":"max-video-preview:-1"},"canonical":"https:\/\/www.elementvape.de\/sk\/produkt\/bang-box-12000-puff-e-zigarette-hochwertige-einweg-e-zigaretten-mit-frischem-strawberry-juice-geschmack-fuer-12000-puffs-anhaltenden-dampfgenuss\/","og_locale":"sk_SK","og_type":"article","og_title":"Bang Box 12000 Puff E-Zigarette Hochwertige Einweg-E-Zigaretten mit frischem Strawberry Juice Geschmack f\u00fcr 12000 Puffs anhaltenden Dampfgenuss | ElementVape.de","og_description":"Wir bieten Bang Box 12000 Puff E-Zigarette Hochwertige Einweg-E-Zigaretten mit frischem Strawberry Juice Geschmack f\u00fcr 12000 Puffs anhaltenden Dampfgenuss , Elementvape.de akzeptieren Gro\u00df-und Einzelhandel Bestellungen.","og_url":"https:\/\/www.elementvape.de\/sk\/produkt\/bang-box-12000-puff-e-zigarette-hochwertige-einweg-e-zigaretten-mit-frischem-strawberry-juice-geschmack-fuer-12000-puffs-anhaltenden-dampfgenuss\/","og_site_name":"ElementVape.de","article_modified_time":"2024-10-15T02:46:47+00:00","og_image":[{"width":1024,"height":859,"url":"https:\/\/www.elementvape.de\/wp-content\/uploads\/2024\/09\/Strawberry-Juice-1024x859.jpg","type":"image\/jpeg"}],"twitter_card":"summary_large_image","twitter_misc":{"Est. reading time":"5 min\u00fat"},"schema":{"@context":"https:\/\/schema.org","@graph":[{"@type":"WebPage","@id":"https:\/\/www.elementvape.de\/it\/produkt\/bang-box-12000-puff-e-zigarette-hochwertige-einweg-e-zigaretten-mit-frischem-strawberry-juice-geschmack-fuer-12000-puffs-anhaltenden-dampfgenuss\/","url":"https:\/\/www.elementvape.de\/it\/produkt\/bang-box-12000-puff-e-zigarette-hochwertige-einweg-e-zigaretten-mit-frischem-strawberry-juice-geschmack-fuer-12000-puffs-anhaltenden-dampfgenuss\/","name":"Bang Box 12000 Puff E-Zigarette Hochwertige Einweg-E-Zigaretten mit frischem Strawberry Juice Geschmack f\u00fcr 12000 Puffs anhaltenden Dampfgenuss | ElementVape.de","isPartOf":{"@id":"https:\/\/www.elementvape.de\/#website"},"primaryImageOfPage":{"@id":"https:\/\/www.elementvape.de\/it\/produkt\/bang-box-12000-puff-e-zigarette-hochwertige-einweg-e-zigaretten-mit-frischem-strawberry-juice-geschmack-fuer-12000-puffs-anhaltenden-dampfgenuss\/#primaryimage"},"image":{"@id":"https:\/\/www.elementvape.de\/it\/produkt\/bang-box-12000-puff-e-zigarette-hochwertige-einweg-e-zigaretten-mit-frischem-strawberry-juice-geschmack-fuer-12000-puffs-anhaltenden-dampfgenuss\/#primaryimage"},"thumbnailUrl":"https:\/\/www.elementvape.de\/wp-content\/uploads\/2024\/09\/Strawberry-Juice.jpg","datePublished":"2024-09-05T02:57:07+00:00","dateModified":"2024-10-15T02:46:47+00:00","description":"Wir bieten Bang Box 12000 Puff E-Zigarette Hochwertige Einweg-E-Zigaretten mit frischem Strawberry Juice Geschmack f\u00fcr 12000 Puffs anhaltenden Dampfgenuss , Elementvape.de akzeptieren Gro\u00df-und Einzelhandel Bestellungen.","breadcrumb":{"@id":"https:\/\/www.elementvape.de\/it\/produkt\/bang-box-12000-puff-e-zigarette-hochwertige-einweg-e-zigaretten-mit-frischem-strawberry-juice-geschmack-fuer-12000-puffs-anhaltenden-dampfgenuss\/#breadcrumb"},"inLanguage":"sk-SK","potentialAction":[{"@type":"ReadAction","target":["https:\/\/www.elementvape.de\/it\/produkt\/bang-box-12000-puff-e-zigarette-hochwertige-einweg-e-zigaretten-mit-frischem-strawberry-juice-geschmack-fuer-12000-puffs-anhaltenden-dampfgenuss\/"]}]},{"@type":"ImageObject","inLanguage":"sk-SK","@id":"https:\/\/www.elementvape.de\/it\/produkt\/bang-box-12000-puff-e-zigarette-hochwertige-einweg-e-zigaretten-mit-frischem-strawberry-juice-geschmack-fuer-12000-puffs-anhaltenden-dampfgenuss\/#primaryimage","url":"https:\/\/www.elementvape.de\/wp-content\/uploads\/2024\/09\/Strawberry-Juice.jpg","contentUrl":"https:\/\/www.elementvape.de\/wp-content\/uploads\/2024\/09\/Strawberry-Juice.jpg","width":2442,"height":2048,"caption":"Strawberry Juice"},{"@type":"BreadcrumbList","@id":"https:\/\/www.elementvape.de\/it\/produkt\/bang-box-12000-puff-e-zigarette-hochwertige-einweg-e-zigaretten-mit-frischem-strawberry-juice-geschmack-fuer-12000-puffs-anhaltenden-dampfgenuss\/#breadcrumb","itemListElement":[{"@type":"ListItem","position":1,"name":"Home","item":"https:\/\/www.elementvape.de\/"},{"@type":"ListItem","position":2,"name":"Shop","item":"https:\/\/www.elementvape.de\/shop\/"},{"@type":"ListItem","position":3,"name":"Bang Box 12000 Puff E-Zigarette Hochwertige Einweg-E-Zigaretten mit frischem Strawberry Juice Geschmack f\u00fcr 12000 Puffs anhaltenden Dampfgenuss"}]},{"@type":"WebSite","@id":"https:\/\/www.elementvape.de\/#website","url":"https:\/\/www.elementvape.de\/","name":"ElementVape.de","description":"","publisher":{"@id":"https:\/\/www.elementvape.de\/#organization"},"potentialAction":[{"@type":"SearchAction","target":{"@type":"EntryPoint","urlTemplate":"https:\/\/www.elementvape.de\/?s={search_term_string}"},"query-input":"required name=search_term_string"}],"inLanguage":"sk-SK"},{"@type":"Organization","@id":"https:\/\/www.elementvape.de\/#organization","name":"ElementVape.DE","url":"https:\/\/www.elementvape.de\/","logo":{"@type":"ImageObject","inLanguage":"sk-SK","@id":"https:\/\/www.elementvape.de\/#\/schema\/logo\/image\/","url":"https:\/\/www.elementvape.de\/wp-content\/uploads\/2024\/09\/cropped-1elementvape-3.png","contentUrl":"https:\/\/www.elementvape.de\/wp-content\/uploads\/2024\/09\/cropped-1elementvape-3.png","width":285,"height":228,"caption":"ElementVape.DE"},"image":{"@id":"https:\/\/www.elementvape.de\/#\/schema\/logo\/image\/"}}]}},"_links":{"self":[{"href":"https:\/\/www.elementvape.de\/sk\/wp-json\/wp\/v2\/product\/14130"}],"collection":[{"href":"https:\/\/www.elementvape.de\/sk\/wp-json\/wp\/v2\/product"}],"about":[{"href":"https:\/\/www.elementvape.de\/sk\/wp-json\/wp\/v2\/types\/product"}],"wp:featuredmedia":[{"embeddable":true,"href":"https:\/\/www.elementvape.de\/sk\/wp-json\/wp\/v2\/media\/14131"}],"wp:attachment":[{"href":"https:\/\/www.elementvape.de\/sk\/wp-json\/wp\/v2\/media?parent=14130"}],"wp:term":[{"taxonomy":"product_cat","embeddable":true,"href":"https:\/\/www.elementvape.de\/sk\/wp-json\/wp\/v2\/product_cat?post=14130"},{"taxonomy":"product_tag","embeddable":true,"href":"https:\/\/www.elementvape.de\/sk\/wp-json\/wp\/v2\/product_tag?post=14130"}],"curies":[{"name":"wp","href":"https:\/\/api.w.org\/{rel}","templated":true}]}}