{"id":14120,"date":"2024-09-03T03:23:34","date_gmt":"2024-09-03T03:23:34","guid":{"rendered":"https:\/\/www.elementvape.de\/?post_type=product&#038;p=14120"},"modified":"2024-10-15T02:55:31","modified_gmt":"2024-10-15T02:55:31","slug":"waspe-15000-puffs-raspberry-pomegranate-juice-e-zigarette-fruchtiger-genuss-zollfrei-und-zu-attraktiven-grosshandelspreisen","status":"publish","type":"product","link":"https:\/\/www.elementvape.de\/sk\/produkt\/waspe-15000-puffs-raspberry-pomegranate-juice-e-zigarette-fruchtiger-genuss-zollfrei-und-zu-attraktiven-grosshandelspreisen\/","title":{"rendered":"WASPE 15000 PUFFS Raspberry Pomegranate Juice E-Cigareta Ovocn\u00e1 chu\u0165 bez cla a za atrakt\u00edvne ve\u013ekoobchodn\u00e9 ceny"},"content":{"rendered":"<div class=\"flex-shrink-0 flex flex-col relative items-end\">\n<div>\n<div class=\"pt-0\">\n<div class=\"gizmo-bot-avatar flex h-8 w-8 items-center justify-center overflow-hidden rounded-full\">\n<div class=\"relative p-1 rounded-sm flex items-center justify-center bg-token-main-surface-primary text-token-text-primary h-8 w-8\">E-Ziato\u010dka WASPE 15000 PUFFS Raspberry Gran\u00e1tov\u00e9 Jablko \u0160\u0165ava je vynikaj\u00facou vo\u013ebou pre v\u0161etk\u00fdch, ktor\u00ed h\u013eadaj\u00fa ovocn\u00fd intenz\u00edvny z\u00e1\u017eitok z vapovania. T\u00e1to e-cigaretka kombinuje sladk\u00fa chu\u0165 \u0161\u0165avnat\u00fdch mal\u00edn s intenz\u00edvnou, mierne trpkou pozn\u00e1mkou gran\u00e1tov\u00e9ho jablka. V\u00fdsledkom je harmonick\u00e1 a nezamenite\u013en\u00e1 ar\u00f3ma, ktor\u00e1 nadchne va\u0161ich z\u00e1kazn\u00edkov. Bez cla a za mimoriadne atrakt\u00edvne ve\u013ekoobchodn\u00e9 ceny je tento produkt skvel\u00fdm doplnkom do ka\u017ed\u00e9ho sortimentu a oslov\u00ed \u0161irok\u00fa cie\u013eov\u00fa skupinu.<\/div>\n<div><\/div>\n<\/div>\n<\/div>\n<\/div>\n<\/div>\n<div class=\"group\/conversation-turn relative flex w-full min-w-0 flex-col agent-turn\">\n<div class=\"flex-col gap-1 md:gap-3\">\n<div class=\"flex max-w-full flex-col flex-grow\">\n<div class=\"min-h-[20px] text-message flex w-full flex-col items-end gap-2 break-words [.text-message+&amp;]:mt-5 overflow-x-auto whitespace-normal\" dir=\"auto\" data-message-author-role=\"assistant\" data-message-id=\"79ae9b8b-fa74-4a81-a90e-bc00d922b6c7\">\n<div class=\"flex w-full flex-col gap-1 empty:hidden first:pt-[3px]\">\n<div class=\"markdown prose w-full break-words dark:prose-invert light\">\n<h2>Nezamenite\u013en\u00e1 chu\u0165: Malina a gran\u00e1tov\u00e9 jablko<\/h2>\n<p>E-Ziato\u010dka WASPE 15000 PUFFS Raspberry Gran\u00e1tov\u00e9 Jablko \u0160\u0165ava <strong><a href=\"https:\/\/www.elementvape.de\/sk\/\" target=\"_blank\" rel=\"noopener\">E-cigareta<\/a><\/strong> pon\u00faka rafinovan\u00fa zmes ovocnej maliny a gran\u00e1tov\u00e9ho jablka, ktor\u00e1 poskytuje dokonale vyv\u00e1\u017een\u00fa chu\u0165. Sladkos\u0165 maliny sa v\u00fdborne hod\u00ed k mierne trpkej a hlbokej note gran\u00e1tov\u00e9ho jablka, \u010d\u00edm vznik\u00e1 pln\u00e1 a uspokojiv\u00e1 z\u00e1\u017eitok z vapovania. T\u00e1to pr\u00edchu\u0165 je ide\u00e1lna pre z\u00e1kazn\u00edkov, ktor\u00ed preferuj\u00fa ovocn\u00e9 ar\u00f3my, ale z\u00e1rove\u0148 h\u013eadaj\u00fa n\u00e1dych komplexnosti a h\u013abky v chuti.<\/p>\n<p>S impozantnou kapacitou 15 000 \u0165ahov patr\u00ed WASPE 15000 PUFFS medzi najodolnej\u0161ie e-cigaretky na trhu. 22 ml e-liquidu zabezpe\u010duje, \u017ee va\u0161i z\u00e1kazn\u00edci si m\u00f4\u017eu dlho vychutn\u00e1va\u0165 ovocn\u00fd z\u00e1\u017eitok bez nutnosti neust\u00e1leho dop\u013a\u0148ania. T\u00e1to vysok\u00e1 kapacita rob\u00ed produkt obzvl\u00e1\u0161\u0165 atrakt\u00edvnym pre v\u00e1\u0161niv\u00fdch vapova\u010dov a v\u0161etk\u00fdch, ktor\u00ed preferuj\u00fa spo\u013eahliv\u00fd a dlhodob\u00fd z\u00e1\u017eitok z vapovania.<\/p>\n<p>E-Ziato\u010dka WASPE 15000 PUFFS Raspberry Gran\u00e1tov\u00e9 Jablko \u0160\u0165ava je dostupn\u00e1 v nieko\u013ek\u00fdch variant\u00e1ch s obsahom N: 2% a 5%. T\u00e1to vo\u013eba umo\u017e\u0148uje pou\u017e\u00edvate\u013eom vybra\u0165 si vhodn\u00fd obsah N, \u010do rob\u00ed tento produkt zauj\u00edmav\u00fdm pre pr\u00edle\u017eitostn\u00fdch vapova\u010dov aj sk\u00fasen\u00fdch pou\u017e\u00edvate\u013eov. T\u00e1to flexibilita v obsahu N rob\u00ed e-cigaretku v\u0161estrannou vo\u013ebou, ktor\u00e1 vyhovuje r\u00f4znym potreb\u00e1m va\u0161ich z\u00e1kazn\u00edkov.<\/p>\n<p>Vybaven\u00e1 v\u00fdkonnou bat\u00e9riou s kapacitou 650mAh, ktor\u00e1 sa nab\u00edja cez Type-C port, pon\u00faka WASPE 15000 PUFFS plynul\u00fd a spo\u013eahliv\u00fd v\u00fdkon. Integrovan\u00fd displej zobrazuje stav bat\u00e9rie a zost\u00e1vaj\u00face mno\u017estvo e-liquidu, \u010d\u00edm maximalizuje pou\u017e\u00edvate\u013esk\u00fa pr\u00edvetivos\u0165. Tieto funkcie, spolu s elegantn\u00fdm a ergonomick\u00fdm dizajnom, robia t\u00fato e-cigaretku pou\u017e\u00edvate\u013esky pr\u00edvetiv\u00fdm zariaden\u00edm, ide\u00e1lnym na ka\u017edodenn\u00e9 pou\u017eitie.<\/p>\n<h3>Bez cla a za atrakt\u00edvne ve\u013ekoobchodn\u00e9 ceny<\/h3>\n<p>Bezcoln\u00e1 dostupnos\u0165 e-cigaretky WASPE 15000 PUFFS Raspberry Gran\u00e1tov\u00e9 Jablko \u0160\u0165ava predstavuje v\u00fdznamn\u00fa v\u00fdhodu pre predajcov, preto\u017ee zni\u017euje n\u00e1klady na n\u00e1kup a umo\u017e\u0148uje pon\u00faka\u0165 konkurencieschopn\u00e9 predajn\u00e9 ceny. Atrakt\u00edvne ve\u013ekoobchodn\u00e9 ceny v\u00e1m umo\u017enia maximalizova\u0165 va\u0161e ziskov\u00e9 mar\u017ee, zatia\u013e \u010do pon\u00fakate kvalitn\u00fd produkt, ktor\u00fd va\u0161i z\u00e1kazn\u00edci ocenia.<\/p>\n<p>E-Ziato\u010dka WASPE 15000 PUFFS Raspberry Gran\u00e1tov\u00e9 Jablko \u0160\u0165ava je ide\u00e1lnou vo\u013ebou pre v\u0161etk\u00fdch, ktor\u00ed h\u013eadaj\u00fa ovocn\u00fd a intenz\u00edvny z\u00e1\u017eitok z vapovania. Kombin\u00e1ciou maliny a gran\u00e1tov\u00e9ho jablka pon\u00faka t\u00e1to e-cigaretka jedine\u010dn\u00fa ar\u00f3mu, ktor\u00e1 je ovocn\u00e1 aj osvie\u017euj\u00faca. Bezcoln\u00e1 dostupnos\u0165 a atrakt\u00edvne ve\u013ekoobchodn\u00e9 ceny robia tento produkt hodnotnou invest\u00edciou do v\u00e1\u0161ho sortimentu, ktor\u00e1 ur\u010dite z\u00edska pozornos\u0165 a spokojnos\u0165 va\u0161ich z\u00e1kazn\u00edkov.<\/p>\n<\/div>\n<\/div>\n<\/div>\n<\/div>\n<\/div>\n<\/div>","protected":false},"excerpt":{"rendered":"<p>Die WASPE 15000 PUFFS Raspberry Pomegranate Juice E-Zigarette ist eine exquisite Wahl f\u00fcr alle, die ein fruchtig intensives Dampferlebnis suchen. Diese E-Zigarette kombiniert den s\u00fc\u00dfen Geschmack von saftigen Himbeeren mit der intensiven, leicht herben Note von Granatapfel. Das Ergebnis ist ein harmonisches und unverwechselbares Aroma, das Ihre Kunden begeistern wird. Zollfrei und zu besonders attraktiven [&hellip;]<\/p>","protected":false},"featured_media":14121,"template":"","meta":{"inline_featured_image":false},"product_cat":[15,78,735,746,741,733,750,737,736,749,752,756,744,755,738,751,723],"product_tag":[710,674],"tiered_pricing_type":"fixed","tiered_pricing_fixed_rules":[],"tiered_pricing_percentage_rules":[],"tiered_pricing_minimum":1,"_administrator_tiered_pricing_type":"fixed","_administrator_tiered_pricing_fixed_rules":[],"_editor_tiered_pricing_type":"fixed","_editor_tiered_pricing_fixed_rules":[],"_author_tiered_pricing_type":"fixed","_author_tiered_pricing_fixed_rules":[],"_contributor_tiered_pricing_type":"fixed","_contributor_tiered_pricing_fixed_rules":[],"_subscriber_tiered_pricing_type":"fixed","_subscriber_tiered_pricing_fixed_rules":[],"_customer_tiered_pricing_type":"fixed","_customer_tiered_pricing_fixed_rules":[],"_shop_manager_tiered_pricing_type":"fixed","_shop_manager_tiered_pricing_fixed_rules":[],"_wpseo_manager_tiered_pricing_type":"fixed","_wpseo_manager_tiered_pricing_fixed_rules":[],"_wpseo_editor_tiered_pricing_type":"fixed","_wpseo_editor_tiered_pricing_fixed_rules":[],"_wholesale_customer_tiered_pricing_type":"fixed","_wholesale_customer_tiered_pricing_fixed_rules":[],"_marketer_tiered_pricing_type":"fixed","_marketer_tiered_pricing_fixed_rules":[],"_sales_manager_tiered_pricing_type":"fixed","_sales_manager_tiered_pricing_fixed_rules":[],"_sales_rep_tiered_pricing_type":"fixed","_sales_rep_tiered_pricing_fixed_rules":[],"yoast_head":"<!-- This site is optimized with the Yoast SEO plugin v23.3 - https:\/\/yoast.com\/wordpress\/plugins\/seo\/ -->\n<title>WASPE 15000 PUFFS Raspberry Pomegranate Juice E-Zigarette Fruchtiger Genuss zollfrei und zu attraktiven Gro\u00dfhandelspreisen | ElementVape.de<\/title>\n<meta name=\"description\" content=\"Wir bieten WASPE 15000 PUFFS Raspberry Pomegranate Juice E-Zigarette Fruchtiger Genuss zollfrei und zu attraktiven Gro\u00dfhandelspreisen , Elementvape.de akzeptieren Gro\u00df-und Einzelhandel Bestellungen.\" \/>\n<meta name=\"robots\" content=\"index, follow, max-snippet:-1, max-image-preview:large, max-video-preview:-1\" \/>\n<link rel=\"canonical\" href=\"https:\/\/www.elementvape.de\/sk\/produkt\/waspe-15000-puffs-raspberry-pomegranate-juice-e-zigarette-fruchtiger-genuss-zollfrei-und-zu-attraktiven-grosshandelspreisen\/\" \/>\n<meta property=\"og:locale\" content=\"sk_SK\" \/>\n<meta property=\"og:type\" content=\"article\" \/>\n<meta property=\"og:title\" content=\"WASPE 15000 PUFFS Raspberry Pomegranate Juice E-Zigarette Fruchtiger Genuss zollfrei und zu attraktiven Gro\u00dfhandelspreisen | ElementVape.de\" \/>\n<meta property=\"og:description\" content=\"Wir bieten WASPE 15000 PUFFS Raspberry Pomegranate Juice E-Zigarette Fruchtiger Genuss zollfrei und zu attraktiven Gro\u00dfhandelspreisen , Elementvape.de akzeptieren Gro\u00df-und Einzelhandel Bestellungen.\" \/>\n<meta property=\"og:url\" content=\"https:\/\/www.elementvape.de\/sk\/produkt\/waspe-15000-puffs-raspberry-pomegranate-juice-e-zigarette-fruchtiger-genuss-zollfrei-und-zu-attraktiven-grosshandelspreisen\/\" \/>\n<meta property=\"og:site_name\" content=\"ElementVape.de\" \/>\n<meta property=\"article:modified_time\" content=\"2024-10-15T02:55:31+00:00\" \/>\n<meta property=\"og:image\" content=\"https:\/\/www.elementvape.de\/wp-content\/uploads\/2024\/09\/raspberry-pomegranate-juice.jpg\" \/>\n\t<meta property=\"og:image:width\" content=\"2000\" \/>\n\t<meta property=\"og:image:height\" content=\"2000\" \/>\n\t<meta property=\"og:image:type\" content=\"image\/jpeg\" \/>\n<meta name=\"twitter:card\" content=\"summary_large_image\" \/>\n<meta name=\"twitter:label1\" content=\"Est. reading time\" \/>\n\t<meta name=\"twitter:data1\" content=\"3 min\u00faty\" \/>\n<script type=\"application\/ld+json\" class=\"yoast-schema-graph\">{\"@context\":\"https:\/\/schema.org\",\"@graph\":[{\"@type\":\"WebPage\",\"@id\":\"https:\/\/www.elementvape.de\/en\/produkt\/waspe-15000-puffs-raspberry-pomegranate-juice-e-zigarette-fruchtiger-genuss-zollfrei-und-zu-attraktiven-grosshandelspreisen\/\",\"url\":\"https:\/\/www.elementvape.de\/en\/produkt\/waspe-15000-puffs-raspberry-pomegranate-juice-e-zigarette-fruchtiger-genuss-zollfrei-und-zu-attraktiven-grosshandelspreisen\/\",\"name\":\"WASPE 15000 PUFFS Raspberry Pomegranate Juice E-Zigarette Fruchtiger Genuss zollfrei und zu attraktiven Gro\u00dfhandelspreisen | ElementVape.de\",\"isPartOf\":{\"@id\":\"https:\/\/www.elementvape.de\/#website\"},\"primaryImageOfPage\":{\"@id\":\"https:\/\/www.elementvape.de\/en\/produkt\/waspe-15000-puffs-raspberry-pomegranate-juice-e-zigarette-fruchtiger-genuss-zollfrei-und-zu-attraktiven-grosshandelspreisen\/#primaryimage\"},\"image\":{\"@id\":\"https:\/\/www.elementvape.de\/en\/produkt\/waspe-15000-puffs-raspberry-pomegranate-juice-e-zigarette-fruchtiger-genuss-zollfrei-und-zu-attraktiven-grosshandelspreisen\/#primaryimage\"},\"thumbnailUrl\":\"https:\/\/www.elementvape.de\/wp-content\/uploads\/2024\/09\/raspberry-pomegranate-juice.jpg\",\"datePublished\":\"2024-09-03T03:23:34+00:00\",\"dateModified\":\"2024-10-15T02:55:31+00:00\",\"description\":\"Wir bieten WASPE 15000 PUFFS Raspberry Pomegranate Juice E-Zigarette Fruchtiger Genuss zollfrei und zu attraktiven Gro\u00dfhandelspreisen , Elementvape.de akzeptieren Gro\u00df-und Einzelhandel Bestellungen.\",\"breadcrumb\":{\"@id\":\"https:\/\/www.elementvape.de\/en\/produkt\/waspe-15000-puffs-raspberry-pomegranate-juice-e-zigarette-fruchtiger-genuss-zollfrei-und-zu-attraktiven-grosshandelspreisen\/#breadcrumb\"},\"inLanguage\":\"sk-SK\",\"potentialAction\":[{\"@type\":\"ReadAction\",\"target\":[\"https:\/\/www.elementvape.de\/en\/produkt\/waspe-15000-puffs-raspberry-pomegranate-juice-e-zigarette-fruchtiger-genuss-zollfrei-und-zu-attraktiven-grosshandelspreisen\/\"]}]},{\"@type\":\"ImageObject\",\"inLanguage\":\"sk-SK\",\"@id\":\"https:\/\/www.elementvape.de\/en\/produkt\/waspe-15000-puffs-raspberry-pomegranate-juice-e-zigarette-fruchtiger-genuss-zollfrei-und-zu-attraktiven-grosshandelspreisen\/#primaryimage\",\"url\":\"https:\/\/www.elementvape.de\/wp-content\/uploads\/2024\/09\/raspberry-pomegranate-juice.jpg\",\"contentUrl\":\"https:\/\/www.elementvape.de\/wp-content\/uploads\/2024\/09\/raspberry-pomegranate-juice.jpg\",\"width\":2000,\"height\":2000,\"caption\":\"raspberry-pomegranate-juice\"},{\"@type\":\"BreadcrumbList\",\"@id\":\"https:\/\/www.elementvape.de\/en\/produkt\/waspe-15000-puffs-raspberry-pomegranate-juice-e-zigarette-fruchtiger-genuss-zollfrei-und-zu-attraktiven-grosshandelspreisen\/#breadcrumb\",\"itemListElement\":[{\"@type\":\"ListItem\",\"position\":1,\"name\":\"Home\",\"item\":\"https:\/\/www.elementvape.de\/\"},{\"@type\":\"ListItem\",\"position\":2,\"name\":\"Shop\",\"item\":\"https:\/\/www.elementvape.de\/shop\/\"},{\"@type\":\"ListItem\",\"position\":3,\"name\":\"WASPE 15000 PUFFS Raspberry Pomegranate Juice E-Zigarette Fruchtiger Genuss zollfrei und zu attraktiven Gro\u00dfhandelspreisen\"}]},{\"@type\":\"WebSite\",\"@id\":\"https:\/\/www.elementvape.de\/#website\",\"url\":\"https:\/\/www.elementvape.de\/\",\"name\":\"ElementVape.de\",\"description\":\"\",\"publisher\":{\"@id\":\"https:\/\/www.elementvape.de\/#organization\"},\"potentialAction\":[{\"@type\":\"SearchAction\",\"target\":{\"@type\":\"EntryPoint\",\"urlTemplate\":\"https:\/\/www.elementvape.de\/?s={search_term_string}\"},\"query-input\":\"required name=search_term_string\"}],\"inLanguage\":\"sk-SK\"},{\"@type\":\"Organization\",\"@id\":\"https:\/\/www.elementvape.de\/#organization\",\"name\":\"ElementVape.DE\",\"url\":\"https:\/\/www.elementvape.de\/\",\"logo\":{\"@type\":\"ImageObject\",\"inLanguage\":\"sk-SK\",\"@id\":\"https:\/\/www.elementvape.de\/#\/schema\/logo\/image\/\",\"url\":\"https:\/\/www.elementvape.de\/wp-content\/uploads\/2024\/09\/cropped-1elementvape-3.png\",\"contentUrl\":\"https:\/\/www.elementvape.de\/wp-content\/uploads\/2024\/09\/cropped-1elementvape-3.png\",\"width\":285,\"height\":228,\"caption\":\"ElementVape.DE\"},\"image\":{\"@id\":\"https:\/\/www.elementvape.de\/#\/schema\/logo\/image\/\"}}]}<\/script>\n<!-- \/ Yoast SEO plugin. -->","yoast_head_json":{"title":"WASPE 15000 PUFFS Raspberry Pomegranate Juice E-Zigarette Fruchtiger Genuss zollfrei und zu attraktiven Gro\u00dfhandelspreisen | ElementVape.de","description":"Wir bieten WASPE 15000 PUFFS Raspberry Pomegranate Juice E-Zigarette Fruchtiger Genuss zollfrei und zu attraktiven Gro\u00dfhandelspreisen , Elementvape.de akzeptieren Gro\u00df-und Einzelhandel Bestellungen.","robots":{"index":"index","follow":"follow","max-snippet":"max-snippet:-1","max-image-preview":"max-image-preview:large","max-video-preview":"max-video-preview:-1"},"canonical":"https:\/\/www.elementvape.de\/sk\/produkt\/waspe-15000-puffs-raspberry-pomegranate-juice-e-zigarette-fruchtiger-genuss-zollfrei-und-zu-attraktiven-grosshandelspreisen\/","og_locale":"sk_SK","og_type":"article","og_title":"WASPE 15000 PUFFS Raspberry Pomegranate Juice E-Zigarette Fruchtiger Genuss zollfrei und zu attraktiven Gro\u00dfhandelspreisen | ElementVape.de","og_description":"Wir bieten WASPE 15000 PUFFS Raspberry Pomegranate Juice E-Zigarette Fruchtiger Genuss zollfrei und zu attraktiven Gro\u00dfhandelspreisen , Elementvape.de akzeptieren Gro\u00df-und Einzelhandel Bestellungen.","og_url":"https:\/\/www.elementvape.de\/sk\/produkt\/waspe-15000-puffs-raspberry-pomegranate-juice-e-zigarette-fruchtiger-genuss-zollfrei-und-zu-attraktiven-grosshandelspreisen\/","og_site_name":"ElementVape.de","article_modified_time":"2024-10-15T02:55:31+00:00","og_image":[{"width":2000,"height":2000,"url":"https:\/\/www.elementvape.de\/wp-content\/uploads\/2024\/09\/raspberry-pomegranate-juice.jpg","type":"image\/jpeg"}],"twitter_card":"summary_large_image","twitter_misc":{"Est. reading time":"3 min\u00faty"},"schema":{"@context":"https:\/\/schema.org","@graph":[{"@type":"WebPage","@id":"https:\/\/www.elementvape.de\/en\/produkt\/waspe-15000-puffs-raspberry-pomegranate-juice-e-zigarette-fruchtiger-genuss-zollfrei-und-zu-attraktiven-grosshandelspreisen\/","url":"https:\/\/www.elementvape.de\/en\/produkt\/waspe-15000-puffs-raspberry-pomegranate-juice-e-zigarette-fruchtiger-genuss-zollfrei-und-zu-attraktiven-grosshandelspreisen\/","name":"WASPE 15000 PUFFS Raspberry Pomegranate Juice E-Zigarette Fruchtiger Genuss zollfrei und zu attraktiven Gro\u00dfhandelspreisen | ElementVape.de","isPartOf":{"@id":"https:\/\/www.elementvape.de\/#website"},"primaryImageOfPage":{"@id":"https:\/\/www.elementvape.de\/en\/produkt\/waspe-15000-puffs-raspberry-pomegranate-juice-e-zigarette-fruchtiger-genuss-zollfrei-und-zu-attraktiven-grosshandelspreisen\/#primaryimage"},"image":{"@id":"https:\/\/www.elementvape.de\/en\/produkt\/waspe-15000-puffs-raspberry-pomegranate-juice-e-zigarette-fruchtiger-genuss-zollfrei-und-zu-attraktiven-grosshandelspreisen\/#primaryimage"},"thumbnailUrl":"https:\/\/www.elementvape.de\/wp-content\/uploads\/2024\/09\/raspberry-pomegranate-juice.jpg","datePublished":"2024-09-03T03:23:34+00:00","dateModified":"2024-10-15T02:55:31+00:00","description":"Wir bieten WASPE 15000 PUFFS Raspberry Pomegranate Juice E-Zigarette Fruchtiger Genuss zollfrei und zu attraktiven Gro\u00dfhandelspreisen , Elementvape.de akzeptieren Gro\u00df-und Einzelhandel Bestellungen.","breadcrumb":{"@id":"https:\/\/www.elementvape.de\/en\/produkt\/waspe-15000-puffs-raspberry-pomegranate-juice-e-zigarette-fruchtiger-genuss-zollfrei-und-zu-attraktiven-grosshandelspreisen\/#breadcrumb"},"inLanguage":"sk-SK","potentialAction":[{"@type":"ReadAction","target":["https:\/\/www.elementvape.de\/en\/produkt\/waspe-15000-puffs-raspberry-pomegranate-juice-e-zigarette-fruchtiger-genuss-zollfrei-und-zu-attraktiven-grosshandelspreisen\/"]}]},{"@type":"ImageObject","inLanguage":"sk-SK","@id":"https:\/\/www.elementvape.de\/en\/produkt\/waspe-15000-puffs-raspberry-pomegranate-juice-e-zigarette-fruchtiger-genuss-zollfrei-und-zu-attraktiven-grosshandelspreisen\/#primaryimage","url":"https:\/\/www.elementvape.de\/wp-content\/uploads\/2024\/09\/raspberry-pomegranate-juice.jpg","contentUrl":"https:\/\/www.elementvape.de\/wp-content\/uploads\/2024\/09\/raspberry-pomegranate-juice.jpg","width":2000,"height":2000,"caption":"raspberry-pomegranate-juice"},{"@type":"BreadcrumbList","@id":"https:\/\/www.elementvape.de\/en\/produkt\/waspe-15000-puffs-raspberry-pomegranate-juice-e-zigarette-fruchtiger-genuss-zollfrei-und-zu-attraktiven-grosshandelspreisen\/#breadcrumb","itemListElement":[{"@type":"ListItem","position":1,"name":"Home","item":"https:\/\/www.elementvape.de\/"},{"@type":"ListItem","position":2,"name":"Shop","item":"https:\/\/www.elementvape.de\/shop\/"},{"@type":"ListItem","position":3,"name":"WASPE 15000 PUFFS Raspberry Pomegranate Juice E-Zigarette Fruchtiger Genuss zollfrei und zu attraktiven Gro\u00dfhandelspreisen"}]},{"@type":"WebSite","@id":"https:\/\/www.elementvape.de\/#website","url":"https:\/\/www.elementvape.de\/","name":"ElementVape.de","description":"","publisher":{"@id":"https:\/\/www.elementvape.de\/#organization"},"potentialAction":[{"@type":"SearchAction","target":{"@type":"EntryPoint","urlTemplate":"https:\/\/www.elementvape.de\/?s={search_term_string}"},"query-input":"required name=search_term_string"}],"inLanguage":"sk-SK"},{"@type":"Organization","@id":"https:\/\/www.elementvape.de\/#organization","name":"ElementVape.DE","url":"https:\/\/www.elementvape.de\/","logo":{"@type":"ImageObject","inLanguage":"sk-SK","@id":"https:\/\/www.elementvape.de\/#\/schema\/logo\/image\/","url":"https:\/\/www.elementvape.de\/wp-content\/uploads\/2024\/09\/cropped-1elementvape-3.png","contentUrl":"https:\/\/www.elementvape.de\/wp-content\/uploads\/2024\/09\/cropped-1elementvape-3.png","width":285,"height":228,"caption":"ElementVape.DE"},"image":{"@id":"https:\/\/www.elementvape.de\/#\/schema\/logo\/image\/"}}]}},"_links":{"self":[{"href":"https:\/\/www.elementvape.de\/sk\/wp-json\/wp\/v2\/product\/14120"}],"collection":[{"href":"https:\/\/www.elementvape.de\/sk\/wp-json\/wp\/v2\/product"}],"about":[{"href":"https:\/\/www.elementvape.de\/sk\/wp-json\/wp\/v2\/types\/product"}],"wp:featuredmedia":[{"embeddable":true,"href":"https:\/\/www.elementvape.de\/sk\/wp-json\/wp\/v2\/media\/14121"}],"wp:attachment":[{"href":"https:\/\/www.elementvape.de\/sk\/wp-json\/wp\/v2\/media?parent=14120"}],"wp:term":[{"taxonomy":"product_cat","embeddable":true,"href":"https:\/\/www.elementvape.de\/sk\/wp-json\/wp\/v2\/product_cat?post=14120"},{"taxonomy":"product_tag","embeddable":true,"href":"https:\/\/www.elementvape.de\/sk\/wp-json\/wp\/v2\/product_tag?post=14120"}],"curies":[{"name":"wp","href":"https:\/\/api.w.org\/{rel}","templated":true}]}}