{"id":14051,"date":"2024-08-30T02:16:33","date_gmt":"2024-08-30T02:16:33","guid":{"rendered":"https:\/\/www.elementvape.de\/?post_type=product&#038;p=14051"},"modified":"2024-10-15T03:24:09","modified_gmt":"2024-10-15T03:24:09","slug":"erleben-sie-die-waspe-8000-puffs-watermelon-ice-e-zigarette-zollfrei-maximale-erfrischung-zum-guenstigsten-grosshandelspreis","status":"publish","type":"product","link":"https:\/\/www.elementvape.de\/sk\/produkt\/erleben-sie-die-waspe-8000-puffs-watermelon-ice-e-zigarette-zollfrei-maximale-erfrischung-zum-guenstigsten-grosshandelspreis\/","title":{"rendered":"Za\u017eite WASPE 8000 PUFFS Watermelon Ice e-cigaretu bez cla \u2013 maxim\u00e1lne osvie\u017eenie za najni\u017e\u0161iu ve\u013ekoobchodn\u00fa cenu"},"content":{"rendered":"<h2><strong>WASPE 8000 PUFFS E-cigareta Maxim\u00e1lna kvalita a p\u00f4\u017eitok<\/strong><\/h2>\n<p>V dynamickom svete <strong><a href=\"https:\/\/www.elementvape.de\/sk\/\" target=\"_blank\" rel=\"noopener\">e-cigarety<\/a><\/strong> je WASPE 8000 PUFFS vynikaj\u00facou vo\u013ebou pre labu\u017en\u00edkov a znalcov. Svoj\u00edm p\u00f4sobiv\u00fdm v\u00fdkonom, ve\u013ek\u00fdm v\u00fdberom pr\u00edchut\u00ed a mno\u017estvom u\u017e\u00edvate\u013esky pr\u00edvetiv\u00fdch funkci\u00ed t\u00e1to e-cigareta nastavuje nov\u00e9 \u0161tandardy. Pozrime sa bli\u017e\u0161ie na \u0161peci\u00e1lne vlastnosti a v\u00fdhody, ktor\u00e9 WASPE 8000 PUFFS pon\u00faka.<\/p>\n<p>Jednou z najv\u00fdznamnej\u0161\u00edch v\u00fdhod e-cigarety WASPE 8000 PUFFS je flexibilita, ktor\u00fa pon\u00faka. S v\u00fdberom obsahu N 2% a 5% m\u00e1te kontrolu nad pr\u00edjmom nikot\u00ednu. To je obzvl\u00e1\u0161\u0165 v\u00fdhodn\u00e9 pre t\u00fdch, ktor\u00ed chc\u00fa postupne zni\u017eova\u0165 spotrebu nikot\u00ednu bez toho, aby sa museli vzda\u0165 p\u00f4\u017eitku z e-cigarety. T\u00e1to flexibilita rob\u00ed z WASPE 8000 PUFFS ide\u00e1lnu vo\u013ebu pre za\u010diato\u010dn\u00edkov aj sk\u00fasen\u00fdch vaperov.<\/p>\n<h3><strong>Dlhotrvaj\u00faci p\u00f4\u017eitok: 8000 \u0165ahov a 16 ml e-liquidu<\/strong><\/h3>\n<p>S p\u00f4sobivou kapacitou 8000 \u0165ahov pon\u00faka WASPE 8000 PUFFS jednu z najdlh\u0161\u00edch \u017eivotnost\u00ed na trhu. To umo\u017e\u0148uje ve\u013ekorys\u00fd 16 ml tank, ktor\u00fd zais\u0165uje nepretr\u017eit\u00fd z\u00e1\u017eitok z vapovania bez neust\u00e1leho dop\u013a\u0148ania. T\u00e1to ve\u013ekorys\u00e1 kapacita znamen\u00e1, \u017ee si m\u00f4\u017eete dlhodobo u\u017e\u00edva\u0165 konzistentn\u00fd a intenz\u00edvny chu\u0165ov\u00fd z\u00e1\u017eitok bez toho, aby ste sa museli stara\u0165 o dop\u013a\u0148anie.<\/p>\n<p>\u0160irok\u00fd v\u00fdber fascinuj\u00facich pr\u00edchut\u00ed<\/p>\n<p>Jedn\u00fdm z najv\u00e4\u010d\u0161\u00edch l\u00e1kadiel WASPE 8000 PUFFS je rozmanitos\u0165 pr\u00edchut\u00ed, ktor\u00e9 pon\u00faka. S desiatimi r\u00f4znymi, fascinuj\u00facimi pr\u00edchu\u0165ami si ka\u017ed\u00fd n\u00e1jde nie\u010do vhodn\u00e9. \u010ci u\u017e preferujete ovocn\u00e9, sladk\u00e9 alebo osvie\u017euj\u00face ar\u00f3my, WASPE 8000 PUFFS m\u00e1 pre ka\u017ed\u00e9ho nie\u010do pripraven\u00e9. T\u00e1to rozmanitos\u0165 chut\u00ed rob\u00ed z ka\u017edej vapovacej rel\u00e1cie nov\u00fd z\u00e1\u017eitok a zais\u0165uje, \u017ee nuda nem\u00e1 \u0161ancu.<\/p>\n<p>Inovat\u00edvna technol\u00f3gia pre optim\u00e1lny z\u00e1\u017eitok z vapovania<\/p>\n<p>WASPE 8000 PUFFS je vybaven\u00e1 najmodernej\u0161ou technol\u00f3giou, ktor\u00e1 zais\u0165uje optim\u00e1lny z\u00e1\u017eitok z vapovania. Srdcom tejto technol\u00f3gie je Mesh Coil s odporom 0,8\u03a9. T\u00e1to Mesh Coil zais\u0165uje rovnomern\u00e9 zahrievanie e-liquidu a t\u00fdm poskytuje intenz\u00edvnu chu\u0165 a hust\u00fa paru. T\u00e1to technologick\u00e1 rafinovanos\u0165 zais\u0165uje, \u017ee ka\u017ed\u00fd \u0165ah je skuto\u010dn\u00fdm p\u00f4\u017eitkom.<\/p>\n<h3><strong>Pou\u017e\u00edvate\u013esky pr\u00edvetiv\u00e9 a modern\u00e9 dizajnov\u00e9 prevedenie<\/strong><\/h3>\n<p>Okrem p\u00f4sobiv\u00e9ho v\u00fdkonu pon\u00faka WASPE 8000 PUFFS aj u\u017e\u00edvate\u013esky pr\u00edvetiv\u00fd a \u0161t\u00fdlov\u00fd dizajn. E-cigareta je vybaven\u00e1 nab\u00edjac\u00edm portom Type-C, ktor\u00fd umo\u017e\u0148uje r\u00fdchle a pohodln\u00e9 nab\u00edjanie. S v\u00fdkonnou 650mAh bat\u00e9riou, ktor\u00e1 je nab\u00edjate\u013en\u00e1, ste v\u017edy pripraven\u00ed na pou\u017eitie. Okrem toho s\u00fa cool funkcie farebn\u00e9ho svetla skuto\u010dn\u00fdm l\u00e1kadlom a robia z <strong><a href=\"https:\/\/www.elementvape.de\/sk\/\" target=\"_blank\" rel=\"noopener\">vysk\u00fa\u0161a\u0165 vapovanie<\/a><\/strong> vizu\u00e1lny z\u00e1\u017eitok.<\/p>\n<h3><strong>Ve\u013ekoobchodn\u00e9 ceny a bezcoln\u00e9 doru\u010denie \u2013 Va\u0161a v\u00fdhoda<\/strong><\/h3>\n<p>Pre maloobchodn\u00edkov a ve\u013ekoobchodn\u00fdch odberate\u013eov pon\u00faka e-cigareta WASPE 8000 PUFFS neprekonate\u013en\u00e9 ve\u013ekoobchodn\u00e9 ceny, ktor\u00e9 v kombin\u00e1cii s bezcoln\u00fdm doru\u010den\u00edm umo\u017e\u0148uj\u00fa zna\u010dn\u00e9 \u00faspory n\u00e1kladov. V\u010faka tomu je WASPE 8000 PUFFS nielen vynikaj\u00facim produktom pre koncov\u00fdch spotrebite\u013eov, ale aj lukrat\u00edvnou mo\u017enos\u0165ou pre predajcov.<\/p>\n<h3><strong>WASPE 8000 PUFFS \u2013 E-cigareta extra triedy<\/strong><\/h3>\n<p>Zhrnut\u00edm mo\u017eno poveda\u0165, \u017ee e-cigareta WASPE 8000 PUFFS je vynikaj\u00faci produkt, ktor\u00fd presved\u010d\u00ed kvalitou, v\u00fdkonom a u\u017e\u00edvate\u013eskou pr\u00edvetivos\u0165ou. S mno\u017estvom pr\u00edchut\u00ed, vysokou kapacitou \u0165ahov a inovat\u00edvnou technol\u00f3giou pon\u00faka neporovnate\u013en\u00fd z\u00e1\u017eitok z vapovania. Flexibiln\u00e9 sily nikot\u00ednu a u\u017e\u00edvate\u013esky pr\u00edvetiv\u00e9 funkcie z nej robia ide\u00e1lnu vo\u013ebu pre ka\u017ed\u00e9ho vapera \u2013 od za\u010diato\u010dn\u00edka a\u017e po sk\u00fasen\u00e9ho profesion\u00e1la.<\/p>\n<p>Vyu\u017eite pr\u00edle\u017eitos\u0165 zabezpe\u010di\u0165 si e-cigaretu WASPE 8000 PUFFS bez cla a profitujte z na\u0161ich atrakt\u00edvnych ve\u013ekoobchodn\u00fdch cien. Maximalizujte svoj p\u00f4\u017eitok a svoje v\u00fdnosy s produktom, ktor\u00fd presved\u010d\u00ed v ka\u017edom oh\u013eade.<\/p>","protected":false},"excerpt":{"rendered":"<p>Die WASPE 8000 PUFFS E-Zigarette Maximale Qualit\u00e4t und Genuss In der dynamischen Welt der E-Zigaretten steht die WASPE 8000 PUFFS als eine herausragende Wahl f\u00fcr Genie\u00dfer und Kenner. Mit ihrer beeindruckenden Leistung, der gro\u00dfen Auswahl an Aromen und einer F\u00fclle an benutzerfreundlichen Funktionen setzt diese E-Zigarette neue Ma\u00dfst\u00e4be. Lassen Sie uns einen tieferen Blick auf [&hellip;]<\/p>","protected":false},"featured_media":14052,"template":"","meta":{"inline_featured_image":false},"product_cat":[15,78,735,746,741,733,744,755,738,751,727],"product_tag":[710,683],"tiered_pricing_type":"fixed","tiered_pricing_fixed_rules":[],"tiered_pricing_percentage_rules":[],"tiered_pricing_minimum":1,"_administrator_tiered_pricing_type":"fixed","_administrator_tiered_pricing_fixed_rules":[],"_editor_tiered_pricing_type":"fixed","_editor_tiered_pricing_fixed_rules":[],"_author_tiered_pricing_type":"fixed","_author_tiered_pricing_fixed_rules":[],"_contributor_tiered_pricing_type":"fixed","_contributor_tiered_pricing_fixed_rules":[],"_subscriber_tiered_pricing_type":"fixed","_subscriber_tiered_pricing_fixed_rules":[],"_customer_tiered_pricing_type":"fixed","_customer_tiered_pricing_fixed_rules":[],"_shop_manager_tiered_pricing_type":"fixed","_shop_manager_tiered_pricing_fixed_rules":[],"_wpseo_manager_tiered_pricing_type":"fixed","_wpseo_manager_tiered_pricing_fixed_rules":[],"_wpseo_editor_tiered_pricing_type":"fixed","_wpseo_editor_tiered_pricing_fixed_rules":[],"_wholesale_customer_tiered_pricing_type":"fixed","_wholesale_customer_tiered_pricing_fixed_rules":[],"_marketer_tiered_pricing_type":"fixed","_marketer_tiered_pricing_fixed_rules":[],"_sales_manager_tiered_pricing_type":"fixed","_sales_manager_tiered_pricing_fixed_rules":[],"_sales_rep_tiered_pricing_type":"fixed","_sales_rep_tiered_pricing_fixed_rules":[],"yoast_head":"<!-- This site is optimized with the Yoast SEO plugin v23.3 - https:\/\/yoast.com\/wordpress\/plugins\/seo\/ -->\n<title>Erleben Sie die WASPE 8000 PUFFS Watermelon Ice E-Zigarette zollfrei \u2013 Maximale Erfrischung zum g\u00fcnstigsten Gro\u00dfhandelspreis | ElementVape.de<\/title>\n<meta name=\"description\" content=\"Wir bieten Erleben Sie die WASPE 8000 PUFFS Watermelon Ice E-Zigarette zollfrei \u2013 Maximale Erfrischung zum g\u00fcnstigsten Gro\u00dfhandelspreis , Elementvape.de akzeptieren Gro\u00df-und Einzelhandel Bestellungen.\" \/>\n<meta name=\"robots\" content=\"index, follow, max-snippet:-1, max-image-preview:large, max-video-preview:-1\" \/>\n<link rel=\"canonical\" href=\"https:\/\/www.elementvape.de\/sk\/produkt\/erleben-sie-die-waspe-8000-puffs-watermelon-ice-e-zigarette-zollfrei-maximale-erfrischung-zum-guenstigsten-grosshandelspreis\/\" \/>\n<meta property=\"og:locale\" content=\"sk_SK\" \/>\n<meta property=\"og:type\" content=\"article\" \/>\n<meta property=\"og:title\" content=\"Erleben Sie die WASPE 8000 PUFFS Watermelon Ice E-Zigarette zollfrei \u2013 Maximale Erfrischung zum g\u00fcnstigsten Gro\u00dfhandelspreis | ElementVape.de\" \/>\n<meta property=\"og:description\" content=\"Wir bieten Erleben Sie die WASPE 8000 PUFFS Watermelon Ice E-Zigarette zollfrei \u2013 Maximale Erfrischung zum g\u00fcnstigsten Gro\u00dfhandelspreis , Elementvape.de akzeptieren Gro\u00df-und Einzelhandel Bestellungen.\" \/>\n<meta property=\"og:url\" content=\"https:\/\/www.elementvape.de\/sk\/produkt\/erleben-sie-die-waspe-8000-puffs-watermelon-ice-e-zigarette-zollfrei-maximale-erfrischung-zum-guenstigsten-grosshandelspreis\/\" \/>\n<meta property=\"og:site_name\" content=\"ElementVape.de\" \/>\n<meta property=\"article:modified_time\" content=\"2024-10-15T03:24:09+00:00\" \/>\n<meta property=\"og:image\" content=\"https:\/\/www.elementvape.de\/wp-content\/uploads\/2024\/08\/Watermelon-lce-1.jpg\" \/>\n\t<meta property=\"og:image:width\" content=\"800\" \/>\n\t<meta property=\"og:image:height\" content=\"800\" \/>\n\t<meta property=\"og:image:type\" content=\"image\/jpeg\" \/>\n<meta name=\"twitter:card\" content=\"summary_large_image\" \/>\n<meta name=\"twitter:label1\" content=\"Est. reading time\" \/>\n\t<meta name=\"twitter:data1\" content=\"4 min\u00faty\" \/>\n<script type=\"application\/ld+json\" class=\"yoast-schema-graph\">{\"@context\":\"https:\/\/schema.org\",\"@graph\":[{\"@type\":\"WebPage\",\"@id\":\"https:\/\/www.elementvape.de\/ro\/produkt\/erleben-sie-die-waspe-8000-puffs-watermelon-ice-e-zigarette-zollfrei-maximale-erfrischung-zum-guenstigsten-grosshandelspreis\/\",\"url\":\"https:\/\/www.elementvape.de\/ro\/produkt\/erleben-sie-die-waspe-8000-puffs-watermelon-ice-e-zigarette-zollfrei-maximale-erfrischung-zum-guenstigsten-grosshandelspreis\/\",\"name\":\"Erleben Sie die WASPE 8000 PUFFS Watermelon Ice E-Zigarette zollfrei \u2013 Maximale Erfrischung zum g\u00fcnstigsten Gro\u00dfhandelspreis | ElementVape.de\",\"isPartOf\":{\"@id\":\"https:\/\/www.elementvape.de\/#website\"},\"primaryImageOfPage\":{\"@id\":\"https:\/\/www.elementvape.de\/ro\/produkt\/erleben-sie-die-waspe-8000-puffs-watermelon-ice-e-zigarette-zollfrei-maximale-erfrischung-zum-guenstigsten-grosshandelspreis\/#primaryimage\"},\"image\":{\"@id\":\"https:\/\/www.elementvape.de\/ro\/produkt\/erleben-sie-die-waspe-8000-puffs-watermelon-ice-e-zigarette-zollfrei-maximale-erfrischung-zum-guenstigsten-grosshandelspreis\/#primaryimage\"},\"thumbnailUrl\":\"https:\/\/www.elementvape.de\/wp-content\/uploads\/2024\/08\/Watermelon-lce-1.jpg\",\"datePublished\":\"2024-08-30T02:16:33+00:00\",\"dateModified\":\"2024-10-15T03:24:09+00:00\",\"description\":\"Wir bieten Erleben Sie die WASPE 8000 PUFFS Watermelon Ice E-Zigarette zollfrei \u2013 Maximale Erfrischung zum g\u00fcnstigsten Gro\u00dfhandelspreis , Elementvape.de akzeptieren Gro\u00df-und Einzelhandel Bestellungen.\",\"breadcrumb\":{\"@id\":\"https:\/\/www.elementvape.de\/ro\/produkt\/erleben-sie-die-waspe-8000-puffs-watermelon-ice-e-zigarette-zollfrei-maximale-erfrischung-zum-guenstigsten-grosshandelspreis\/#breadcrumb\"},\"inLanguage\":\"sk-SK\",\"potentialAction\":[{\"@type\":\"ReadAction\",\"target\":[\"https:\/\/www.elementvape.de\/ro\/produkt\/erleben-sie-die-waspe-8000-puffs-watermelon-ice-e-zigarette-zollfrei-maximale-erfrischung-zum-guenstigsten-grosshandelspreis\/\"]}]},{\"@type\":\"ImageObject\",\"inLanguage\":\"sk-SK\",\"@id\":\"https:\/\/www.elementvape.de\/ro\/produkt\/erleben-sie-die-waspe-8000-puffs-watermelon-ice-e-zigarette-zollfrei-maximale-erfrischung-zum-guenstigsten-grosshandelspreis\/#primaryimage\",\"url\":\"https:\/\/www.elementvape.de\/wp-content\/uploads\/2024\/08\/Watermelon-lce-1.jpg\",\"contentUrl\":\"https:\/\/www.elementvape.de\/wp-content\/uploads\/2024\/08\/Watermelon-lce-1.jpg\",\"width\":800,\"height\":800,\"caption\":\"Watermelon lce\"},{\"@type\":\"BreadcrumbList\",\"@id\":\"https:\/\/www.elementvape.de\/ro\/produkt\/erleben-sie-die-waspe-8000-puffs-watermelon-ice-e-zigarette-zollfrei-maximale-erfrischung-zum-guenstigsten-grosshandelspreis\/#breadcrumb\",\"itemListElement\":[{\"@type\":\"ListItem\",\"position\":1,\"name\":\"Home\",\"item\":\"https:\/\/www.elementvape.de\/\"},{\"@type\":\"ListItem\",\"position\":2,\"name\":\"Shop\",\"item\":\"https:\/\/www.elementvape.de\/shop\/\"},{\"@type\":\"ListItem\",\"position\":3,\"name\":\"Erleben Sie die WASPE 8000 PUFFS Watermelon Ice E-Zigarette zollfrei \u2013 Maximale Erfrischung zum g\u00fcnstigsten Gro\u00dfhandelspreis\"}]},{\"@type\":\"WebSite\",\"@id\":\"https:\/\/www.elementvape.de\/#website\",\"url\":\"https:\/\/www.elementvape.de\/\",\"name\":\"ElementVape.de\",\"description\":\"\",\"publisher\":{\"@id\":\"https:\/\/www.elementvape.de\/#organization\"},\"potentialAction\":[{\"@type\":\"SearchAction\",\"target\":{\"@type\":\"EntryPoint\",\"urlTemplate\":\"https:\/\/www.elementvape.de\/?s={search_term_string}\"},\"query-input\":\"required name=search_term_string\"}],\"inLanguage\":\"sk-SK\"},{\"@type\":\"Organization\",\"@id\":\"https:\/\/www.elementvape.de\/#organization\",\"name\":\"ElementVape.DE\",\"url\":\"https:\/\/www.elementvape.de\/\",\"logo\":{\"@type\":\"ImageObject\",\"inLanguage\":\"sk-SK\",\"@id\":\"https:\/\/www.elementvape.de\/#\/schema\/logo\/image\/\",\"url\":\"https:\/\/www.elementvape.de\/wp-content\/uploads\/2024\/09\/cropped-1elementvape-3.png\",\"contentUrl\":\"https:\/\/www.elementvape.de\/wp-content\/uploads\/2024\/09\/cropped-1elementvape-3.png\",\"width\":285,\"height\":228,\"caption\":\"ElementVape.DE\"},\"image\":{\"@id\":\"https:\/\/www.elementvape.de\/#\/schema\/logo\/image\/\"}}]}<\/script>\n<!-- \/ Yoast SEO plugin. -->","yoast_head_json":{"title":"Erleben Sie die WASPE 8000 PUFFS Watermelon Ice E-Zigarette zollfrei \u2013 Maximale Erfrischung zum g\u00fcnstigsten Gro\u00dfhandelspreis | ElementVape.de","description":"Wir bieten Erleben Sie die WASPE 8000 PUFFS Watermelon Ice E-Zigarette zollfrei \u2013 Maximale Erfrischung zum g\u00fcnstigsten Gro\u00dfhandelspreis , Elementvape.de akzeptieren Gro\u00df-und Einzelhandel Bestellungen.","robots":{"index":"index","follow":"follow","max-snippet":"max-snippet:-1","max-image-preview":"max-image-preview:large","max-video-preview":"max-video-preview:-1"},"canonical":"https:\/\/www.elementvape.de\/sk\/produkt\/erleben-sie-die-waspe-8000-puffs-watermelon-ice-e-zigarette-zollfrei-maximale-erfrischung-zum-guenstigsten-grosshandelspreis\/","og_locale":"sk_SK","og_type":"article","og_title":"Erleben Sie die WASPE 8000 PUFFS Watermelon Ice E-Zigarette zollfrei \u2013 Maximale Erfrischung zum g\u00fcnstigsten Gro\u00dfhandelspreis | ElementVape.de","og_description":"Wir bieten Erleben Sie die WASPE 8000 PUFFS Watermelon Ice E-Zigarette zollfrei \u2013 Maximale Erfrischung zum g\u00fcnstigsten Gro\u00dfhandelspreis , Elementvape.de akzeptieren Gro\u00df-und Einzelhandel Bestellungen.","og_url":"https:\/\/www.elementvape.de\/sk\/produkt\/erleben-sie-die-waspe-8000-puffs-watermelon-ice-e-zigarette-zollfrei-maximale-erfrischung-zum-guenstigsten-grosshandelspreis\/","og_site_name":"ElementVape.de","article_modified_time":"2024-10-15T03:24:09+00:00","og_image":[{"width":800,"height":800,"url":"https:\/\/www.elementvape.de\/wp-content\/uploads\/2024\/08\/Watermelon-lce-1.jpg","type":"image\/jpeg"}],"twitter_card":"summary_large_image","twitter_misc":{"Est. reading time":"4 min\u00faty"},"schema":{"@context":"https:\/\/schema.org","@graph":[{"@type":"WebPage","@id":"https:\/\/www.elementvape.de\/ro\/produkt\/erleben-sie-die-waspe-8000-puffs-watermelon-ice-e-zigarette-zollfrei-maximale-erfrischung-zum-guenstigsten-grosshandelspreis\/","url":"https:\/\/www.elementvape.de\/ro\/produkt\/erleben-sie-die-waspe-8000-puffs-watermelon-ice-e-zigarette-zollfrei-maximale-erfrischung-zum-guenstigsten-grosshandelspreis\/","name":"Erleben Sie die WASPE 8000 PUFFS Watermelon Ice E-Zigarette zollfrei \u2013 Maximale Erfrischung zum g\u00fcnstigsten Gro\u00dfhandelspreis | ElementVape.de","isPartOf":{"@id":"https:\/\/www.elementvape.de\/#website"},"primaryImageOfPage":{"@id":"https:\/\/www.elementvape.de\/ro\/produkt\/erleben-sie-die-waspe-8000-puffs-watermelon-ice-e-zigarette-zollfrei-maximale-erfrischung-zum-guenstigsten-grosshandelspreis\/#primaryimage"},"image":{"@id":"https:\/\/www.elementvape.de\/ro\/produkt\/erleben-sie-die-waspe-8000-puffs-watermelon-ice-e-zigarette-zollfrei-maximale-erfrischung-zum-guenstigsten-grosshandelspreis\/#primaryimage"},"thumbnailUrl":"https:\/\/www.elementvape.de\/wp-content\/uploads\/2024\/08\/Watermelon-lce-1.jpg","datePublished":"2024-08-30T02:16:33+00:00","dateModified":"2024-10-15T03:24:09+00:00","description":"Wir bieten Erleben Sie die WASPE 8000 PUFFS Watermelon Ice E-Zigarette zollfrei \u2013 Maximale Erfrischung zum g\u00fcnstigsten Gro\u00dfhandelspreis , Elementvape.de akzeptieren Gro\u00df-und Einzelhandel Bestellungen.","breadcrumb":{"@id":"https:\/\/www.elementvape.de\/ro\/produkt\/erleben-sie-die-waspe-8000-puffs-watermelon-ice-e-zigarette-zollfrei-maximale-erfrischung-zum-guenstigsten-grosshandelspreis\/#breadcrumb"},"inLanguage":"sk-SK","potentialAction":[{"@type":"ReadAction","target":["https:\/\/www.elementvape.de\/ro\/produkt\/erleben-sie-die-waspe-8000-puffs-watermelon-ice-e-zigarette-zollfrei-maximale-erfrischung-zum-guenstigsten-grosshandelspreis\/"]}]},{"@type":"ImageObject","inLanguage":"sk-SK","@id":"https:\/\/www.elementvape.de\/ro\/produkt\/erleben-sie-die-waspe-8000-puffs-watermelon-ice-e-zigarette-zollfrei-maximale-erfrischung-zum-guenstigsten-grosshandelspreis\/#primaryimage","url":"https:\/\/www.elementvape.de\/wp-content\/uploads\/2024\/08\/Watermelon-lce-1.jpg","contentUrl":"https:\/\/www.elementvape.de\/wp-content\/uploads\/2024\/08\/Watermelon-lce-1.jpg","width":800,"height":800,"caption":"Watermelon lce"},{"@type":"BreadcrumbList","@id":"https:\/\/www.elementvape.de\/ro\/produkt\/erleben-sie-die-waspe-8000-puffs-watermelon-ice-e-zigarette-zollfrei-maximale-erfrischung-zum-guenstigsten-grosshandelspreis\/#breadcrumb","itemListElement":[{"@type":"ListItem","position":1,"name":"Home","item":"https:\/\/www.elementvape.de\/"},{"@type":"ListItem","position":2,"name":"Shop","item":"https:\/\/www.elementvape.de\/shop\/"},{"@type":"ListItem","position":3,"name":"Erleben Sie die WASPE 8000 PUFFS Watermelon Ice E-Zigarette zollfrei \u2013 Maximale Erfrischung zum g\u00fcnstigsten Gro\u00dfhandelspreis"}]},{"@type":"WebSite","@id":"https:\/\/www.elementvape.de\/#website","url":"https:\/\/www.elementvape.de\/","name":"ElementVape.de","description":"","publisher":{"@id":"https:\/\/www.elementvape.de\/#organization"},"potentialAction":[{"@type":"SearchAction","target":{"@type":"EntryPoint","urlTemplate":"https:\/\/www.elementvape.de\/?s={search_term_string}"},"query-input":"required name=search_term_string"}],"inLanguage":"sk-SK"},{"@type":"Organization","@id":"https:\/\/www.elementvape.de\/#organization","name":"ElementVape.DE","url":"https:\/\/www.elementvape.de\/","logo":{"@type":"ImageObject","inLanguage":"sk-SK","@id":"https:\/\/www.elementvape.de\/#\/schema\/logo\/image\/","url":"https:\/\/www.elementvape.de\/wp-content\/uploads\/2024\/09\/cropped-1elementvape-3.png","contentUrl":"https:\/\/www.elementvape.de\/wp-content\/uploads\/2024\/09\/cropped-1elementvape-3.png","width":285,"height":228,"caption":"ElementVape.DE"},"image":{"@id":"https:\/\/www.elementvape.de\/#\/schema\/logo\/image\/"}}]}},"_links":{"self":[{"href":"https:\/\/www.elementvape.de\/sk\/wp-json\/wp\/v2\/product\/14051"}],"collection":[{"href":"https:\/\/www.elementvape.de\/sk\/wp-json\/wp\/v2\/product"}],"about":[{"href":"https:\/\/www.elementvape.de\/sk\/wp-json\/wp\/v2\/types\/product"}],"wp:featuredmedia":[{"embeddable":true,"href":"https:\/\/www.elementvape.de\/sk\/wp-json\/wp\/v2\/media\/14052"}],"wp:attachment":[{"href":"https:\/\/www.elementvape.de\/sk\/wp-json\/wp\/v2\/media?parent=14051"}],"wp:term":[{"taxonomy":"product_cat","embeddable":true,"href":"https:\/\/www.elementvape.de\/sk\/wp-json\/wp\/v2\/product_cat?post=14051"},{"taxonomy":"product_tag","embeddable":true,"href":"https:\/\/www.elementvape.de\/sk\/wp-json\/wp\/v2\/product_tag?post=14051"}],"curies":[{"name":"wp","href":"https:\/\/api.w.org\/{rel}","templated":true}]}}