{"id":14033,"date":"2024-08-27T03:43:17","date_gmt":"2024-08-27T03:43:17","guid":{"rendered":"https:\/\/www.elementvape.de\/?post_type=product&#038;p=14033"},"modified":"2024-10-15T03:33:38","modified_gmt":"2024-10-15T03:33:38","slug":"erleben-sie-die-einzigartige-kombination-aus-blaubeergeschmack-und-frische-mit-der-blueberry-ice-e-zigarette-waspe-5000-puffs-e-zigarette-zollfrei-und-guenstig","status":"publish","type":"product","link":"https:\/\/www.elementvape.de\/sk\/produkt\/erleben-sie-die-einzigartige-kombination-aus-blaubeergeschmack-und-frische-mit-der-blueberry-ice-e-zigarette-waspe-5000-puffs-e-zigarette-zollfrei-und-guenstig\/","title":{"rendered":"Za\u017eite jedine\u010dn\u00fa kombin\u00e1ciu chuti \u010du\u010doriedok a svie\u017eosti s Blueberry Ice elektronickou cigaretou WASPE 5000 PUFFS, bez coln\u00e9ho a v\u00fdhodne"},"content":{"rendered":"<p>Za\u017eite jedine\u010dn\u00fa kombin\u00e1ciu chuti borievok a svie\u017eosti s Blueberry Ice WASPE 5000 PUFFS E-Cigaretou<\/p>\n<p>Vo svete <strong><a href=\"https:\/\/www.elementvape.de\/sk\/\" target=\"_blank\" rel=\"noopener\">e-cigarety<\/a><\/strong> existuje nespo\u010detn\u00e9 mno\u017estvo pr\u00edchut\u00ed, no len m\u00e1lo dok\u00e1\u017ee tak majstrovsky spoji\u0165 dokonal\u00fa rovnov\u00e1hu medzi svie\u017eos\u0165ou a ovocnou chu\u0165ou ako Blueberry Ice WASPE 5000 PUFFS E-Cigareta. T\u00e1to v\u00fdnimo\u010dn\u00e1 e-cigareta v\u00e1m pon\u00faka intenz\u00edvny z\u00e1\u017eitok z vapovania, ktor\u00fd si vychutn\u00e1te od prvej do poslednej sekundy. A \u010do je na tom najlep\u0161ie? T\u00fato pr\u00e9miov\u00fa e-cigaretu si m\u00f4\u017eete zak\u00fapi\u0165 bez cla a za neodolate\u013en\u00fa cenu.<\/p>\n<h3>Pre\u010do pr\u00e1ve Blueberry Ice WASPE 5000 PUFFS E-Cigareta?<\/h3>\n<ol>\n<li>Nezamenite\u013en\u00e1 chu\u0165: Chu\u0165 \u010derstv\u00fdch, sladk\u00fdch borievok spojen\u00e1 s \u013eadovou svie\u017eos\u0165ou je vrcholom tejto e-cigarety. Pri ka\u017edom \u0165ahu za\u017eijete dokonal\u00fa zmes ovocnej ar\u00f3my a osvie\u017euj\u00faceho chladiv\u00e9ho efektu, ktor\u00fd o\u017eiv\u00ed va\u0161e zmysly.<\/li>\n<li>Dlhodob\u00fd p\u00f4\u017eitok: S kapacitou e-liquidu 13 ml a kapacitou bat\u00e9rie 650 mAh pon\u00faka Blueberry Ice WASPE 5000 PUFFS E-Cigareta a\u017e 5000 \u0165ahov. To znamen\u00e1, \u017ee si m\u00f4\u017eete vychutn\u00e1va\u0165 hodiny nep\u0159eru\u0161ovan\u00e9ho p\u00f4\u017eitku bez starost\u00ed o nab\u00edjanie alebo dop\u013a\u0148anie.<\/li>\n<li>Praktick\u00fd dizajn: T\u00e1to e-cigareta je nielen p\u00f4\u017eitkom pre chu\u0165ov\u00e9 poh\u00e1riky, ale aj vizu\u00e1lnym z\u00e1\u017eitkom. S elegantn\u00fdm a kompaktn\u00fdm dizajnom sa pohodlne dr\u017e\u00ed v ruke a \u013eahko sa d\u00e1 vzia\u0165 kamko\u013evek.<\/li>\n<li>Jednoduch\u00e9 pou\u017e\u00edvanie: \u017diadne otravn\u00e9 stl\u00e1\u010danie tla\u010didiel \u2013 sta\u010d\u00ed \u0165aha\u0165 za e-cigaretu a para sa za\u010dne. Pou\u017e\u00edvate\u013esk\u00e1 pr\u00edvetivos\u0165 rob\u00ed z Blueberry Ice WASPE 5000 PUFFS E-Cigarety ide\u00e1lnu vo\u013ebu pre za\u010diato\u010dn\u00edkov aj sk\u00fasen\u00fdch vapera.<\/li>\n<li>Bez cla a za v\u00fdhodn\u00fa cenu: T\u00e1to pr\u00e9miov\u00e1 e-cigareta nie je len kvalitn\u00e1, ale aj cenovo atrakt\u00edvna. V\u010faka bezcoln\u00e9mu n\u00e1kupu a ve\u013ekoobchodn\u00fdm cen\u00e1m si m\u00f4\u017eete vychutna\u0165 \u0161pi\u010dkov\u00fd produkt bez toho, aby ste museli hlboko siahnu\u0165 do pe\u0148a\u017eenky.<\/li>\n<\/ol>\n<h3>Dokonal\u00fd spolo\u010dn\u00edk pre osvie\u017euj\u00faci p\u00f4\u017eitok<\/h3>\n<p>Blueberry Ice WASPE 5000 PUFFS E-Cigareta je ide\u00e1lnou vo\u013ebou pre t\u00fdch, ktor\u00ed h\u013eadaj\u00fa intenz\u00edvnu a osvie\u017euj\u00facu chu\u0165, bez toho aby museli obetova\u0165 kvalitu a komfort. V\u010faka svojej dlhej \u017eivotnosti, jedine\u010dn\u00e9mu z\u00e1\u017eitku z chuti a atrakt\u00edvnemu pomeru ceny a v\u00fdkonu sa r\u00fdchlo stane va\u0161\u00edm st\u00e1lym spolo\u010dn\u00edkom. Doprajte si ultim\u00e1tny z\u00e1\u017eitok z vapovania a za\u017eite dokonal\u00fa symbi\u00f3zu chuti borievok a \u013eadovej svie\u017eosti. Uchmatnite si ho, k\u00fdm je skladom!<\/p>","protected":false},"excerpt":{"rendered":"<p>Erleben Sie die unvergleichliche Kombination aus Blaubeergeschmack und Frische mit der Blueberry Ice WASPE 5000 PUFFS E-Zigarette In der Welt der E-Zigaretten gibt es unz\u00e4hlige Geschmacksrichtungen, doch nur wenige k\u00f6nnen die perfekte Balance zwischen Frische und Fruchtigkeit so meisterhaft vereinen wie die Blueberry Ice WASPE 5000 PUFFS E-Zigarette. Diese au\u00dfergew\u00f6hnliche E-Zigarette bietet Ihnen ein intensives [&hellip;]<\/p>","protected":false},"featured_media":14034,"template":"","meta":{"inline_featured_image":false},"product_cat":[15,78,735,746,741,733,744,755,738,751,726],"product_tag":[710,678],"tiered_pricing_type":"fixed","tiered_pricing_fixed_rules":[],"tiered_pricing_percentage_rules":[],"tiered_pricing_minimum":1,"_administrator_tiered_pricing_type":"fixed","_administrator_tiered_pricing_fixed_rules":[],"_editor_tiered_pricing_type":"fixed","_editor_tiered_pricing_fixed_rules":[],"_author_tiered_pricing_type":"fixed","_author_tiered_pricing_fixed_rules":[],"_contributor_tiered_pricing_type":"fixed","_contributor_tiered_pricing_fixed_rules":[],"_subscriber_tiered_pricing_type":"fixed","_subscriber_tiered_pricing_fixed_rules":[],"_customer_tiered_pricing_type":"fixed","_customer_tiered_pricing_fixed_rules":[],"_shop_manager_tiered_pricing_type":"fixed","_shop_manager_tiered_pricing_fixed_rules":[],"_wpseo_manager_tiered_pricing_type":"fixed","_wpseo_manager_tiered_pricing_fixed_rules":[],"_wpseo_editor_tiered_pricing_type":"fixed","_wpseo_editor_tiered_pricing_fixed_rules":[],"_wholesale_customer_tiered_pricing_type":"fixed","_wholesale_customer_tiered_pricing_fixed_rules":[],"_marketer_tiered_pricing_type":"fixed","_marketer_tiered_pricing_fixed_rules":[],"_sales_manager_tiered_pricing_type":"fixed","_sales_manager_tiered_pricing_fixed_rules":[],"_sales_rep_tiered_pricing_type":"fixed","_sales_rep_tiered_pricing_fixed_rules":[],"yoast_head":"<!-- This site is optimized with the Yoast SEO plugin v23.3 - https:\/\/yoast.com\/wordpress\/plugins\/seo\/ -->\n<title>Erleben Sie die einzigartige Kombination aus Blaubeergeschmack und Frische mit der Blueberry Ice E-Zigarette WASPE 5000 PUFFS E-Zigarette zollfrei und g\u00fcnstig | ElementVape.de<\/title>\n<meta name=\"description\" content=\"Wir bieten Erleben Sie die einzigartige Kombination aus Blaubeergeschmack und Frische mit der Blueberry Ice E-Zigarette WASPE 5000 PUFFS E-Zigarette zollfrei und g\u00fcnstig , Elementvape.de akzeptieren Gro\u00df-und Einzelhandel Bestellungen.\" \/>\n<meta name=\"robots\" content=\"index, follow, max-snippet:-1, max-image-preview:large, max-video-preview:-1\" \/>\n<link rel=\"canonical\" href=\"https:\/\/www.elementvape.de\/sk\/produkt\/erleben-sie-die-einzigartige-kombination-aus-blaubeergeschmack-und-frische-mit-der-blueberry-ice-e-zigarette-waspe-5000-puffs-e-zigarette-zollfrei-und-guenstig\/\" \/>\n<meta property=\"og:locale\" content=\"sk_SK\" \/>\n<meta property=\"og:type\" content=\"article\" \/>\n<meta property=\"og:title\" content=\"Erleben Sie die einzigartige Kombination aus Blaubeergeschmack und Frische mit der Blueberry Ice E-Zigarette WASPE 5000 PUFFS E-Zigarette zollfrei und g\u00fcnstig | ElementVape.de\" \/>\n<meta property=\"og:description\" content=\"Wir bieten Erleben Sie die einzigartige Kombination aus Blaubeergeschmack und Frische mit der Blueberry Ice E-Zigarette WASPE 5000 PUFFS E-Zigarette zollfrei und g\u00fcnstig , Elementvape.de akzeptieren Gro\u00df-und Einzelhandel Bestellungen.\" \/>\n<meta property=\"og:url\" content=\"https:\/\/www.elementvape.de\/sk\/produkt\/erleben-sie-die-einzigartige-kombination-aus-blaubeergeschmack-und-frische-mit-der-blueberry-ice-e-zigarette-waspe-5000-puffs-e-zigarette-zollfrei-und-guenstig\/\" \/>\n<meta property=\"og:site_name\" content=\"ElementVape.de\" \/>\n<meta property=\"article:modified_time\" content=\"2024-10-15T03:33:38+00:00\" \/>\n<meta property=\"og:image\" content=\"https:\/\/www.elementvape.de\/wp-content\/uploads\/2024\/08\/Blueberry-Ice.webp\" \/>\n\t<meta property=\"og:image:width\" content=\"400\" \/>\n\t<meta property=\"og:image:height\" content=\"400\" \/>\n\t<meta property=\"og:image:type\" content=\"image\/webp\" \/>\n<meta name=\"twitter:card\" content=\"summary_large_image\" \/>\n<meta name=\"twitter:label1\" content=\"Est. reading time\" \/>\n\t<meta name=\"twitter:data1\" content=\"3 min\u00faty\" \/>\n<script type=\"application\/ld+json\" class=\"yoast-schema-graph\">{\"@context\":\"https:\/\/schema.org\",\"@graph\":[{\"@type\":\"WebPage\",\"@id\":\"https:\/\/www.elementvape.de\/it\/produkt\/erleben-sie-die-einzigartige-kombination-aus-blaubeergeschmack-und-frische-mit-der-blueberry-ice-e-zigarette-waspe-5000-puffs-e-zigarette-zollfrei-und-guenstig\/\",\"url\":\"https:\/\/www.elementvape.de\/it\/produkt\/erleben-sie-die-einzigartige-kombination-aus-blaubeergeschmack-und-frische-mit-der-blueberry-ice-e-zigarette-waspe-5000-puffs-e-zigarette-zollfrei-und-guenstig\/\",\"name\":\"Erleben Sie die einzigartige Kombination aus Blaubeergeschmack und Frische mit der Blueberry Ice E-Zigarette WASPE 5000 PUFFS E-Zigarette zollfrei und g\u00fcnstig | ElementVape.de\",\"isPartOf\":{\"@id\":\"https:\/\/www.elementvape.de\/#website\"},\"primaryImageOfPage\":{\"@id\":\"https:\/\/www.elementvape.de\/it\/produkt\/erleben-sie-die-einzigartige-kombination-aus-blaubeergeschmack-und-frische-mit-der-blueberry-ice-e-zigarette-waspe-5000-puffs-e-zigarette-zollfrei-und-guenstig\/#primaryimage\"},\"image\":{\"@id\":\"https:\/\/www.elementvape.de\/it\/produkt\/erleben-sie-die-einzigartige-kombination-aus-blaubeergeschmack-und-frische-mit-der-blueberry-ice-e-zigarette-waspe-5000-puffs-e-zigarette-zollfrei-und-guenstig\/#primaryimage\"},\"thumbnailUrl\":\"https:\/\/www.elementvape.de\/wp-content\/uploads\/2024\/08\/Blueberry-Ice.webp\",\"datePublished\":\"2024-08-27T03:43:17+00:00\",\"dateModified\":\"2024-10-15T03:33:38+00:00\",\"description\":\"Wir bieten Erleben Sie die einzigartige Kombination aus Blaubeergeschmack und Frische mit der Blueberry Ice E-Zigarette WASPE 5000 PUFFS E-Zigarette zollfrei und g\u00fcnstig , Elementvape.de akzeptieren Gro\u00df-und Einzelhandel Bestellungen.\",\"breadcrumb\":{\"@id\":\"https:\/\/www.elementvape.de\/it\/produkt\/erleben-sie-die-einzigartige-kombination-aus-blaubeergeschmack-und-frische-mit-der-blueberry-ice-e-zigarette-waspe-5000-puffs-e-zigarette-zollfrei-und-guenstig\/#breadcrumb\"},\"inLanguage\":\"sk-SK\",\"potentialAction\":[{\"@type\":\"ReadAction\",\"target\":[\"https:\/\/www.elementvape.de\/it\/produkt\/erleben-sie-die-einzigartige-kombination-aus-blaubeergeschmack-und-frische-mit-der-blueberry-ice-e-zigarette-waspe-5000-puffs-e-zigarette-zollfrei-und-guenstig\/\"]}]},{\"@type\":\"ImageObject\",\"inLanguage\":\"sk-SK\",\"@id\":\"https:\/\/www.elementvape.de\/it\/produkt\/erleben-sie-die-einzigartige-kombination-aus-blaubeergeschmack-und-frische-mit-der-blueberry-ice-e-zigarette-waspe-5000-puffs-e-zigarette-zollfrei-und-guenstig\/#primaryimage\",\"url\":\"https:\/\/www.elementvape.de\/wp-content\/uploads\/2024\/08\/Blueberry-Ice.webp\",\"contentUrl\":\"https:\/\/www.elementvape.de\/wp-content\/uploads\/2024\/08\/Blueberry-Ice.webp\",\"width\":400,\"height\":400,\"caption\":\"Blueberry Ice\"},{\"@type\":\"BreadcrumbList\",\"@id\":\"https:\/\/www.elementvape.de\/it\/produkt\/erleben-sie-die-einzigartige-kombination-aus-blaubeergeschmack-und-frische-mit-der-blueberry-ice-e-zigarette-waspe-5000-puffs-e-zigarette-zollfrei-und-guenstig\/#breadcrumb\",\"itemListElement\":[{\"@type\":\"ListItem\",\"position\":1,\"name\":\"Home\",\"item\":\"https:\/\/www.elementvape.de\/\"},{\"@type\":\"ListItem\",\"position\":2,\"name\":\"Shop\",\"item\":\"https:\/\/www.elementvape.de\/shop\/\"},{\"@type\":\"ListItem\",\"position\":3,\"name\":\"Erleben Sie die einzigartige Kombination aus Blaubeergeschmack und Frische mit der Blueberry Ice E-Zigarette WASPE 5000 PUFFS E-Zigarette zollfrei und g\u00fcnstig\"}]},{\"@type\":\"WebSite\",\"@id\":\"https:\/\/www.elementvape.de\/#website\",\"url\":\"https:\/\/www.elementvape.de\/\",\"name\":\"ElementVape.de\",\"description\":\"\",\"publisher\":{\"@id\":\"https:\/\/www.elementvape.de\/#organization\"},\"potentialAction\":[{\"@type\":\"SearchAction\",\"target\":{\"@type\":\"EntryPoint\",\"urlTemplate\":\"https:\/\/www.elementvape.de\/?s={search_term_string}\"},\"query-input\":\"required name=search_term_string\"}],\"inLanguage\":\"sk-SK\"},{\"@type\":\"Organization\",\"@id\":\"https:\/\/www.elementvape.de\/#organization\",\"name\":\"ElementVape.DE\",\"url\":\"https:\/\/www.elementvape.de\/\",\"logo\":{\"@type\":\"ImageObject\",\"inLanguage\":\"sk-SK\",\"@id\":\"https:\/\/www.elementvape.de\/#\/schema\/logo\/image\/\",\"url\":\"https:\/\/www.elementvape.de\/wp-content\/uploads\/2024\/09\/cropped-1elementvape-3.png\",\"contentUrl\":\"https:\/\/www.elementvape.de\/wp-content\/uploads\/2024\/09\/cropped-1elementvape-3.png\",\"width\":285,\"height\":228,\"caption\":\"ElementVape.DE\"},\"image\":{\"@id\":\"https:\/\/www.elementvape.de\/#\/schema\/logo\/image\/\"}}]}<\/script>\n<!-- \/ Yoast SEO plugin. -->","yoast_head_json":{"title":"Erleben Sie die einzigartige Kombination aus Blaubeergeschmack und Frische mit der Blueberry Ice E-Zigarette WASPE 5000 PUFFS E-Zigarette zollfrei und g\u00fcnstig | ElementVape.de","description":"Wir bieten Erleben Sie die einzigartige Kombination aus Blaubeergeschmack und Frische mit der Blueberry Ice E-Zigarette WASPE 5000 PUFFS E-Zigarette zollfrei und g\u00fcnstig , Elementvape.de akzeptieren Gro\u00df-und Einzelhandel Bestellungen.","robots":{"index":"index","follow":"follow","max-snippet":"max-snippet:-1","max-image-preview":"max-image-preview:large","max-video-preview":"max-video-preview:-1"},"canonical":"https:\/\/www.elementvape.de\/sk\/produkt\/erleben-sie-die-einzigartige-kombination-aus-blaubeergeschmack-und-frische-mit-der-blueberry-ice-e-zigarette-waspe-5000-puffs-e-zigarette-zollfrei-und-guenstig\/","og_locale":"sk_SK","og_type":"article","og_title":"Erleben Sie die einzigartige Kombination aus Blaubeergeschmack und Frische mit der Blueberry Ice E-Zigarette WASPE 5000 PUFFS E-Zigarette zollfrei und g\u00fcnstig | ElementVape.de","og_description":"Wir bieten Erleben Sie die einzigartige Kombination aus Blaubeergeschmack und Frische mit der Blueberry Ice E-Zigarette WASPE 5000 PUFFS E-Zigarette zollfrei und g\u00fcnstig , Elementvape.de akzeptieren Gro\u00df-und Einzelhandel Bestellungen.","og_url":"https:\/\/www.elementvape.de\/sk\/produkt\/erleben-sie-die-einzigartige-kombination-aus-blaubeergeschmack-und-frische-mit-der-blueberry-ice-e-zigarette-waspe-5000-puffs-e-zigarette-zollfrei-und-guenstig\/","og_site_name":"ElementVape.de","article_modified_time":"2024-10-15T03:33:38+00:00","og_image":[{"width":400,"height":400,"url":"https:\/\/www.elementvape.de\/wp-content\/uploads\/2024\/08\/Blueberry-Ice.webp","type":"image\/webp"}],"twitter_card":"summary_large_image","twitter_misc":{"Est. reading time":"3 min\u00faty"},"schema":{"@context":"https:\/\/schema.org","@graph":[{"@type":"WebPage","@id":"https:\/\/www.elementvape.de\/it\/produkt\/erleben-sie-die-einzigartige-kombination-aus-blaubeergeschmack-und-frische-mit-der-blueberry-ice-e-zigarette-waspe-5000-puffs-e-zigarette-zollfrei-und-guenstig\/","url":"https:\/\/www.elementvape.de\/it\/produkt\/erleben-sie-die-einzigartige-kombination-aus-blaubeergeschmack-und-frische-mit-der-blueberry-ice-e-zigarette-waspe-5000-puffs-e-zigarette-zollfrei-und-guenstig\/","name":"Erleben Sie die einzigartige Kombination aus Blaubeergeschmack und Frische mit der Blueberry Ice E-Zigarette WASPE 5000 PUFFS E-Zigarette zollfrei und g\u00fcnstig | ElementVape.de","isPartOf":{"@id":"https:\/\/www.elementvape.de\/#website"},"primaryImageOfPage":{"@id":"https:\/\/www.elementvape.de\/it\/produkt\/erleben-sie-die-einzigartige-kombination-aus-blaubeergeschmack-und-frische-mit-der-blueberry-ice-e-zigarette-waspe-5000-puffs-e-zigarette-zollfrei-und-guenstig\/#primaryimage"},"image":{"@id":"https:\/\/www.elementvape.de\/it\/produkt\/erleben-sie-die-einzigartige-kombination-aus-blaubeergeschmack-und-frische-mit-der-blueberry-ice-e-zigarette-waspe-5000-puffs-e-zigarette-zollfrei-und-guenstig\/#primaryimage"},"thumbnailUrl":"https:\/\/www.elementvape.de\/wp-content\/uploads\/2024\/08\/Blueberry-Ice.webp","datePublished":"2024-08-27T03:43:17+00:00","dateModified":"2024-10-15T03:33:38+00:00","description":"Wir bieten Erleben Sie die einzigartige Kombination aus Blaubeergeschmack und Frische mit der Blueberry Ice E-Zigarette WASPE 5000 PUFFS E-Zigarette zollfrei und g\u00fcnstig , Elementvape.de akzeptieren Gro\u00df-und Einzelhandel Bestellungen.","breadcrumb":{"@id":"https:\/\/www.elementvape.de\/it\/produkt\/erleben-sie-die-einzigartige-kombination-aus-blaubeergeschmack-und-frische-mit-der-blueberry-ice-e-zigarette-waspe-5000-puffs-e-zigarette-zollfrei-und-guenstig\/#breadcrumb"},"inLanguage":"sk-SK","potentialAction":[{"@type":"ReadAction","target":["https:\/\/www.elementvape.de\/it\/produkt\/erleben-sie-die-einzigartige-kombination-aus-blaubeergeschmack-und-frische-mit-der-blueberry-ice-e-zigarette-waspe-5000-puffs-e-zigarette-zollfrei-und-guenstig\/"]}]},{"@type":"ImageObject","inLanguage":"sk-SK","@id":"https:\/\/www.elementvape.de\/it\/produkt\/erleben-sie-die-einzigartige-kombination-aus-blaubeergeschmack-und-frische-mit-der-blueberry-ice-e-zigarette-waspe-5000-puffs-e-zigarette-zollfrei-und-guenstig\/#primaryimage","url":"https:\/\/www.elementvape.de\/wp-content\/uploads\/2024\/08\/Blueberry-Ice.webp","contentUrl":"https:\/\/www.elementvape.de\/wp-content\/uploads\/2024\/08\/Blueberry-Ice.webp","width":400,"height":400,"caption":"Blueberry Ice"},{"@type":"BreadcrumbList","@id":"https:\/\/www.elementvape.de\/it\/produkt\/erleben-sie-die-einzigartige-kombination-aus-blaubeergeschmack-und-frische-mit-der-blueberry-ice-e-zigarette-waspe-5000-puffs-e-zigarette-zollfrei-und-guenstig\/#breadcrumb","itemListElement":[{"@type":"ListItem","position":1,"name":"Home","item":"https:\/\/www.elementvape.de\/"},{"@type":"ListItem","position":2,"name":"Shop","item":"https:\/\/www.elementvape.de\/shop\/"},{"@type":"ListItem","position":3,"name":"Erleben Sie die einzigartige Kombination aus Blaubeergeschmack und Frische mit der Blueberry Ice E-Zigarette WASPE 5000 PUFFS E-Zigarette zollfrei und g\u00fcnstig"}]},{"@type":"WebSite","@id":"https:\/\/www.elementvape.de\/#website","url":"https:\/\/www.elementvape.de\/","name":"ElementVape.de","description":"","publisher":{"@id":"https:\/\/www.elementvape.de\/#organization"},"potentialAction":[{"@type":"SearchAction","target":{"@type":"EntryPoint","urlTemplate":"https:\/\/www.elementvape.de\/?s={search_term_string}"},"query-input":"required name=search_term_string"}],"inLanguage":"sk-SK"},{"@type":"Organization","@id":"https:\/\/www.elementvape.de\/#organization","name":"ElementVape.DE","url":"https:\/\/www.elementvape.de\/","logo":{"@type":"ImageObject","inLanguage":"sk-SK","@id":"https:\/\/www.elementvape.de\/#\/schema\/logo\/image\/","url":"https:\/\/www.elementvape.de\/wp-content\/uploads\/2024\/09\/cropped-1elementvape-3.png","contentUrl":"https:\/\/www.elementvape.de\/wp-content\/uploads\/2024\/09\/cropped-1elementvape-3.png","width":285,"height":228,"caption":"ElementVape.DE"},"image":{"@id":"https:\/\/www.elementvape.de\/#\/schema\/logo\/image\/"}}]}},"_links":{"self":[{"href":"https:\/\/www.elementvape.de\/sk\/wp-json\/wp\/v2\/product\/14033"}],"collection":[{"href":"https:\/\/www.elementvape.de\/sk\/wp-json\/wp\/v2\/product"}],"about":[{"href":"https:\/\/www.elementvape.de\/sk\/wp-json\/wp\/v2\/types\/product"}],"wp:featuredmedia":[{"embeddable":true,"href":"https:\/\/www.elementvape.de\/sk\/wp-json\/wp\/v2\/media\/14034"}],"wp:attachment":[{"href":"https:\/\/www.elementvape.de\/sk\/wp-json\/wp\/v2\/media?parent=14033"}],"wp:term":[{"taxonomy":"product_cat","embeddable":true,"href":"https:\/\/www.elementvape.de\/sk\/wp-json\/wp\/v2\/product_cat?post=14033"},{"taxonomy":"product_tag","embeddable":true,"href":"https:\/\/www.elementvape.de\/sk\/wp-json\/wp\/v2\/product_tag?post=14033"}],"curies":[{"name":"wp","href":"https:\/\/api.w.org\/{rel}","templated":true}]}}