{"id":14001,"date":"2024-08-26T03:41:39","date_gmt":"2024-08-26T03:41:39","guid":{"rendered":"https:\/\/www.elementvape.de\/?post_type=product&#038;p=14001"},"modified":"2024-11-09T03:34:16","modified_gmt":"2024-11-09T03:34:16","slug":"erleben-sie-das-beste-zollfreie-peach-ice-waspe-20000-puffs-dual-mesh-fuer-feinen-geschmack","status":"publish","type":"product","link":"https:\/\/www.elementvape.de\/sk\/produkt\/erleben-sie-das-beste-zollfreie-peach-ice-waspe-20000-puffs-dual-mesh-fuer-feinen-geschmack\/","title":{"rendered":"Za\u017eite to najlep\u0161ie bez cla PEACH ICE WASPE 20000 PUFFS Dual Mesh pre jemn\u00fa chu\u0165"},"content":{"rendered":"<p>Vo svete elektronick\u00fdch cigariet sa technol\u00f3gia v posledn\u00fdch rokoch r\u00fdchlo vyv\u00edjala a na\u0161a najnov\u0161ia <a href=\"https:\/\/www.elementvape.de\/sk\/\">E-cigareta<\/a> predstavuje \u010fal\u0161\u00ed v\u00fdznamn\u00fd krok smerom k e\u0161te lep\u0161iemu z\u00e1\u017eitku z vapovania. S kombin\u00e1ciou inovat\u00edvnej technol\u00f3gie, kvalitn\u00e9ho dizajnu a premyslen\u00fdch funkci\u00ed pon\u00faka toto zariadenie v\u0161etko, \u010do vaperi m\u00f4\u017eu po\u017eadova\u0165. Sp\u00e1ja komfort, v\u00fdkon a pou\u017e\u00edvate\u013esk\u00fa jednoduchos\u0165 v kompaktnom form\u00e1te, ktor\u00fd je ide\u00e1lny na ka\u017edodenn\u00e9 pou\u017eitie. V\u010faka pokro\u010dil\u00fdm funkci\u00e1m oslov\u00ed nielen za\u010diato\u010dn\u00edkov, ale aj sk\u00fasen\u00fdch vapov.<\/p>\n<h2><strong>Pokro\u010dil\u00e1 technol\u00f3gia pre prvotriedny z\u00e1\u017eitok z vapovania<\/strong><\/h2>\n<p>Na\u0161a elektronick\u00e1 cigareta je vybaven\u00e1 radom najmodernej\u0161\u00edch technol\u00f3gi\u00ed, ktor\u00e9 ju odli\u0161uj\u00fa od mnoh\u00fdch in\u00fdch produktov na trhu. Hlavnou vlastnos\u0165ou je <strong>Konektor typu C<\/strong>, ktor\u00e1 umo\u017e\u0148uje r\u00fdchle a pohodln\u00e9 nab\u00edjanie. Typ-C nab\u00edjacie porty s\u00fa dnes \u0161tandardom pre mnoho elektronick\u00fdch zariaden\u00ed a aj vo svete elektronick\u00fdch cigariet prin\u00e1\u0161aj\u00fa mnoho v\u00fdhod. Zabezpe\u010duj\u00fa stabiln\u00e9 a r\u00fdchle pripojenie, \u010d\u00edm sa v\u00fdrazne skracuj\u00fa doby nab\u00edjania. Obzvl\u00e1\u0161\u0165 pri tak v\u00fdkonnom akumul\u00e1tore je to ve\u013emi d\u00f4le\u017eit\u00e9, preto\u017ee umo\u017e\u0148uje vapistom r\u00fdchlo zariadenie op\u00e4\u0165 uvies\u0165 do prev\u00e1dzky bez dlh\u00e9ho \u010dakania.<\/p>\n<p>Ten <strong>900 mAh bat\u00e9ria<\/strong> zabezpe\u010duje p\u00f4sobiv\u00fa v\u00fddr\u017e a rovnomern\u00fd v\u00fdkon po\u010das cel\u00e9ho procesu pou\u017e\u00edvania. V porovnan\u00ed s in\u00fdmi zariadeniami na trhu, ktor\u00e9 s\u00fa \u010dasto vybaven\u00e9 slab\u0161\u00edmi bat\u00e9riami, tento akumul\u00e1tor pon\u00faka dostato\u010dn\u00fa kapacitu na <a href=\"https:\/\/www.elementvape.de\/sk\/p-tag\/groesser-oder-gleich-20000-zuege\/\"><strong>20000 \u0165ahov<\/strong><\/a> predt\u00fdm, ne\u017e bude potrebn\u00e9 ho znova nabi\u0165. To rob\u00ed elektronick\u00fa cigaretu obzvl\u00e1\u0161\u0165 vhodnou pre \u013eud\u00ed, ktor\u00ed h\u013eadaj\u00fa spo\u013eahliv\u00e9 a odoln\u00e9 zariadenie. S pevnou v\u00fddr\u017eou bat\u00e9rie m\u00f4\u017eu pou\u017e\u00edvatelia by\u0165 ist\u00ed, \u017ee m\u00f4\u017eu zariadenie pou\u017e\u00edva\u0165 dlh\u0161\u00ed \u010das bez \u010dast\u00e9ho dob\u00edjania.<\/p>\n<h3><strong>Dvojit\u00e1 sie\u0165ov\u00e1 \u0161pir\u00e1lov\u00e1 technol\u00f3gia pre intenz\u00edvnu chu\u0165<\/strong><\/h3>\n<p>Jednou z vynikaj\u00facich vlastnost\u00ed tejto elektronickej cigarety je pokro\u010dil\u00fd <strong>Dvojit\u00fd sie\u0165ov\u00fd syst\u00e9m \u0161pir\u00e1l<\/strong>, ktor\u00fd zabezpe\u010duje rovnomern\u00e9 odparovanie a intenz\u00edvnu chu\u0165. S odporom len <strong>0,8 \u03a9<\/strong> umo\u017e\u0148uje kombin\u00e1cia dvoch sie\u0165ov\u00fdch cievok dosiahnu\u0165 mimoriadne rovnomern\u00fd a intenz\u00edvny z\u00e1\u017eitok z vapovania. Sie\u0165ov\u00e9 \u0161pir\u00e1lky s\u00fa zn\u00e1me t\u00fdm, \u017ee rovnomerne rozv\u00e1dzaj\u00fa teplo po celej ploche, \u010do vedie k lep\u0161iemu odparovaniu tekutiny. To zabezpe\u010duje pln\u00fd a intenz\u00edvny chu\u0165ov\u00fd z\u00e1\u017eitok pri ka\u017edom \u0165ahu. \u010ci u\u017e preferujete ovocn\u00e9 ar\u00f3my alebo kr\u00e9mov\u00e9 chute, <strong>Dvojit\u00fd sie\u0165ov\u00fd syst\u00e9m \u0161pir\u00e1l<\/strong> zabezpe\u010duje, \u017ee chu\u0165 je v\u017edy optim\u00e1lne zv\u00fdraznen\u00e1.<\/p>\n<p>V\u00fdkon syst\u00e9mu dvojitej sie\u0165ovej \u0161pir\u00e1lky rob\u00ed t\u00fato elektronick\u00fa cigaretu obzvl\u00e1\u0161\u0165 atrakt\u00edvnou pre vapistov, ktor\u00ed h\u013eadaj\u00fa kvalitn\u00fd a chutn\u00fd z\u00e1\u017eitok z vapovania. Sie\u0165ov\u00e9 \u0161pir\u00e1lky tie\u017e pon\u00fakaj\u00fa lep\u0161iu produkciu pary a rovnomernej\u0161ie odparovanie, \u010do vedie k celkovo lep\u0161ej pou\u017e\u00edvate\u013eskej sk\u00fasenosti.<\/p>\n<h3><strong>Pou\u017e\u00edvate\u013esk\u00e1 jednoduchos\u0165, nastavenie nikot\u00ednovej intenzity a \u010fal\u0161ie funkcie<\/strong><\/h3>\n<p>Okrem v\u00fdnimo\u010dn\u00e9ho v\u00fdkonu je tie\u017e pozoruhodn\u00e1 <strong>Pou\u017e\u00edvate\u013esk\u00e1 jednoduchos\u0165<\/strong> tejto elektronickej cigarety. Integrovan\u00fd <strong>LCD displej<\/strong> umo\u017e\u0148uje pou\u017e\u00edvate\u013eom sledova\u0165 v\u0161etky d\u00f4le\u017eit\u00e9 inform\u00e1cie kedyko\u013evek. Na tomto displeji m\u00f4\u017eete vidie\u0165 aktu\u00e1lnu <strong>Obsah nikot\u00ednu<\/strong> (volite\u013ene v 2 % alebo 5 %), ako aj stav nabitia bat\u00e9rie a zost\u00e1vaj\u00face \u0165ahy. T\u00e1to funkcia je ve\u013emi u\u017eito\u010dn\u00e1 na prisp\u00f4sobenie vapovacieho procesu pod\u013ea vlastn\u00fdch preferenci\u00ed.<\/p>\n<p>Mo\u017enos\u0165 <strong>individu\u00e1lne nastavi\u0165 obsah nikot\u00ednu<\/strong> poskytuje pou\u017e\u00edvate\u013eom flexibilitu prisp\u00f4sobi\u0165 si svoj z\u00e1\u017eitok z vapovania presne pod\u013ea svojich predst\u00e1v. Niektor\u00ed vaperi preferuj\u00fa vy\u0161\u0161\u00ed obsah nikot\u00ednu pre intenz\u00edvnej\u0161\u00ed \u201ekick\u201c, zatia\u013e \u010do in\u00ed si vyberaj\u00fa ni\u017e\u0161\u00ed obsah nikot\u00ednu, aby bolo vapovanie menej intenz\u00edvne. Dve mo\u017enosti (2 % a 5 %) pon\u00fakaj\u00fa \u0161irok\u00fa \u0161k\u00e1lu pre r\u00f4zne potreby a preferencie.<\/p>\n<p>Okrem flexibility pri obsahu nikot\u00ednu pon\u00faka e-cigareta so svojou ve\u013ekorysou <strong>kapacitou 24 ml tekutiny<\/strong> dostatok priestoru pre r\u00f4zne pr\u00edchute. Technol\u00f3gia <strong>Dual-Mesh-Coil<\/strong> zais\u0165uje, \u017ee sa liquid rovnomerne odparuje, tak\u017ee chu\u0165 a z\u00e1\u017eitok z vapovania s\u00fa v\u017edy vysokej kvality. V\u010faka tomu je zariadenie ide\u00e1lne pre \u013eud\u00ed, ktor\u00ed si chc\u00fa pravidelne vychutn\u00e1va\u0165 vapovanie s r\u00f4znymi pr\u00edchu\u0165ami.<\/p>\n<h3><strong>Kompaktn\u00fd dizajn pre mobiln\u00e9 pou\u017eitie<\/strong><\/h3>\n<p>E-cigareta zaujme nielen svojimi vn\u00fatorn\u00fdmi hodnotami, ale aj svojim <strong>kompaktn\u00fdm a ergonomick\u00fdm dizajnom<\/strong>. S rozmermi len <strong>35 x 56 x 120 mm<\/strong> sa zariadenie pohodlne zmest\u00ed do ka\u017ed\u00e9ho vrecka, tak\u017ee je ide\u00e1lne na mobiln\u00e9 pou\u017eitie. \u010ci u\u017e v ka\u017edodennom \u017eivote, na cest\u00e1ch alebo pri spolo\u010densk\u00fdch udalostiach \u2013 toto zariadenie je v\u017edy po ruke a d\u00e1 sa bez probl\u00e9mov prepravova\u0165. Napriek malej ve\u013ekosti m\u00e1 zariadenie v\u0161etky funkcie, ktor\u00e9 s\u00fa potrebn\u00e9 pre prvotriedny z\u00e1\u017eitok z vapovania.<\/p>\n<p>\u013dahk\u00e1 <strong>110 g<\/strong> \u0165a\u017ek\u00e1 e-cigareta sa pr\u00edjemne dr\u017e\u00ed a dobre padne do ruky. Dizajn bol vyvinut\u00fd s cie\u013eom pon\u00faknu\u0165 \u010do naju\u017e\u00edvate\u013esky pr\u00edvetivej\u0161iu manipul\u00e1ciu bez toho, aby sa muselo upusti\u0165 od v\u00fdkonn\u00fdch funkci\u00ed. Elegantn\u00fd profil zais\u0165uje, \u017ee e-cigareta je nielen funk\u010dn\u00e1, ale aj esteticky pr\u00ed\u0165a\u017eliv\u00e1, \u010do z nej rob\u00ed ob\u013e\u00faben\u00fd doplnok pre modern\u00fdch vaperov.<\/p>\n<h3><strong>Praktick\u00e9 balenie a vysok\u00e1 kvalita<\/strong><\/h3>\n<p>Pre maloobchod je t\u00e1to e-cigareta dostupn\u00e1 v praktick\u00fdch <strong>display boxoch<\/strong> po <strong>10 kusov<\/strong> kusoch. T\u00e1to jednotka balenia umo\u017e\u0148uje atrakt\u00edvnu prezent\u00e1ciu v obchode a zais\u0165uje, \u017ee produkt je v\u017edy na o\u010diach. Vysok\u00e1 kvalita e-cigarety sa prejavuje nielen v dizajne a funkci\u00e1ch, ale aj v sp\u00f4sobe, ak\u00fdm je zabalen\u00e1 a dod\u00e1van\u00e1. Je vynikaj\u00faca ako predajn\u00e1 jednotka pre maloobchod, preto\u017ee je nielen technicky presved\u010div\u00e1, ale aj vizu\u00e1lne pr\u00ed\u0165a\u017eliv\u00e1.<\/p>\n<h3><strong>Technick\u00e9 \u00fadaje<\/strong><\/h3>\n<table>\n<thead>\n<tr>\n<th><strong>Vlastnos\u0165<\/strong><\/th>\n<th><strong>Detaily<\/strong><\/th>\n<\/tr>\n<\/thead>\n<tbody>\n<tr>\n<td><strong>Konektor typu C<\/strong><\/td>\n<td>\u00c1no, pre pohodln\u00e9 nab\u00edjanie<\/td>\n<\/tr>\n<tr>\n<td><strong>Odpor sie\u0165ovej \u0161pir\u00e1lky<\/strong><\/td>\n<td>0,8 \u03a9<\/td>\n<\/tr>\n<tr>\n<td><strong>Potiahnutia<\/strong><\/td>\n<td>A\u017e 20 000<\/td>\n<\/tr>\n<tr>\n<td><strong>Bat\u00e9ria<\/strong><\/td>\n<td>900 mAh<\/td>\n<\/tr>\n<tr>\n<td><strong>Displej<\/strong><\/td>\n<td>LCD<\/td>\n<\/tr>\n<tr>\n<td><strong>Obsah nikot\u00ednu<\/strong><\/td>\n<td>2 %, 5 %<\/td>\n<\/tr>\n<tr>\n<td><strong>Kapacita n\u00e1plne<\/strong><\/td>\n<td>24 ml<\/td>\n<\/tr>\n<tr>\n<td><strong>Cievka<\/strong><\/td>\n<td>Dvojit\u00e1 sie\u0165<\/td>\n<\/tr>\n<tr>\n<td><strong>\u0160pir\u00e1lkov\u00e1 displejov\u00e1 krabi\u010dka<\/strong><\/td>\n<td>10 kusov<\/td>\n<\/tr>\n<tr>\n<td><strong>\u010cist\u00e1 hmotnos\u0165<\/strong><\/td>\n<td>110 g<\/td>\n<\/tr>\n<tr>\n<td><strong>Ve\u013ekos\u0165 produktu<\/strong><\/td>\n<td>35 x 56 x 120 mm<\/td>\n<\/tr>\n<\/tbody>\n<\/table>\n<h3><strong>Pre\u010do je t\u00e1to e-cigareta vynikaj\u00facou vo\u013ebou<\/strong><\/h3>\n<p>Zhrnut\u00edm mo\u017eno poveda\u0165, \u017ee t\u00e1to e-cigareta patr\u00ed medzi najlep\u0161ie mo\u017enosti na trhu, pokia\u013e ide o <strong>V\u00fdkon<\/strong>, <strong>Pou\u017e\u00edvate\u013esk\u00e1 jednoduchos\u0165<\/strong> a <strong>Dizajn<\/strong> Pon\u00faka nielen najnov\u0161iu technol\u00f3giu pre v\u00fdnimo\u010dn\u00fd z\u00e1\u017eitok z vapovania, ale je aj pou\u017e\u00edvate\u013esky pr\u00edvetiv\u00e1 a flexibiln\u00e1, tak\u017ee ka\u017ed\u00fd vap\u00e9r si m\u00f4\u017ee n\u00e1js\u0165 dokonal\u00fd z\u00e1\u017eitok z vapovania. \u010ci ste sk\u00fasen\u00fd vap\u00e9r alebo pr\u00e1ve za\u010d\u00ednate \u2013 toto zariadenie v\u00e1m pom\u00f4\u017ee vy\u0165a\u017ei\u0165 maximum z v\u00e1\u0161ho vapovacieho z\u00e1\u017eitku. S p\u00f4sobivou v\u00fddr\u017eou bat\u00e9rie, modern\u00fdm dizajnom a jednoduch\u00fdm ovl\u00e1dan\u00edm je t\u00e1to e-cigareta ide\u00e1lnou vo\u013ebou pre v\u0161etk\u00fdch, ktor\u00ed klad\u00fa d\u00f4raz na kvalitu a komfort.<\/p>","protected":false},"excerpt":{"rendered":"<p>In der Welt der E-Zigaretten hat sich die Technologie in den letzten Jahren rasant weiterentwickelt, und unsere neueste E-Zigarette stellt einen weiteren bedeutenden Schritt in Richtung einer noch besseren Dampferfahrung dar. Mit einer Kombination aus innovativer Technik, hochwertigem Design und durchdachten Funktionen bietet dieses Ger\u00e4t alles, was Dampfer sich w\u00fcnschen k\u00f6nnen. Sie vereint Komfort, Leistung [&hellip;]<\/p>","protected":false},"featured_media":14002,"template":"","meta":{"inline_featured_image":false},"product_cat":[15,78,735,746,741,733,724],"product_tag":[710,725],"tiered_pricing_type":"fixed","tiered_pricing_fixed_rules":{"110":"8.20","200":"7.29","500":"6.38"},"tiered_pricing_percentage_rules":[],"tiered_pricing_minimum":1,"_administrator_tiered_pricing_type":"fixed","_administrator_tiered_pricing_fixed_rules":[],"_editor_tiered_pricing_type":"fixed","_editor_tiered_pricing_fixed_rules":[],"_author_tiered_pricing_type":"fixed","_author_tiered_pricing_fixed_rules":[],"_contributor_tiered_pricing_type":"fixed","_contributor_tiered_pricing_fixed_rules":[],"_subscriber_tiered_pricing_type":"fixed","_subscriber_tiered_pricing_fixed_rules":[],"_customer_tiered_pricing_type":"fixed","_customer_tiered_pricing_fixed_rules":[],"_shop_manager_tiered_pricing_type":"fixed","_shop_manager_tiered_pricing_fixed_rules":[],"_wpseo_manager_tiered_pricing_type":"fixed","_wpseo_manager_tiered_pricing_fixed_rules":[],"_wpseo_editor_tiered_pricing_type":"fixed","_wpseo_editor_tiered_pricing_fixed_rules":[],"_wholesale_customer_tiered_pricing_type":"fixed","_wholesale_customer_tiered_pricing_fixed_rules":[],"_marketer_tiered_pricing_type":"fixed","_marketer_tiered_pricing_fixed_rules":[],"_sales_manager_tiered_pricing_type":"fixed","_sales_manager_tiered_pricing_fixed_rules":[],"_sales_rep_tiered_pricing_type":"fixed","_sales_rep_tiered_pricing_fixed_rules":[],"yoast_head":"<!-- This site is optimized with the Yoast SEO plugin v23.3 - https:\/\/yoast.com\/wordpress\/plugins\/seo\/ -->\n<title>Erleben Sie das Beste Zollfreie PEACH ICE WASPE 20000 PUFFS Dual Mesh f\u00fcr feinen Geschmack | ElementVape.de<\/title>\n<meta name=\"description\" content=\"Wir bieten Erleben Sie das Beste Zollfreie PEACH ICE WASPE 20000 PUFFS Dual Mesh f\u00fcr feinen Geschmack , Elementvape.de akzeptieren Gro\u00df-und Einzelhandel Bestellungen.\" \/>\n<meta name=\"robots\" content=\"index, follow, max-snippet:-1, max-image-preview:large, max-video-preview:-1\" \/>\n<link rel=\"canonical\" href=\"https:\/\/www.elementvape.de\/sk\/produkt\/erleben-sie-das-beste-zollfreie-peach-ice-waspe-20000-puffs-dual-mesh-fuer-feinen-geschmack\/\" \/>\n<meta property=\"og:locale\" content=\"sk_SK\" \/>\n<meta property=\"og:type\" content=\"article\" \/>\n<meta property=\"og:title\" content=\"Erleben Sie das Beste Zollfreie PEACH ICE WASPE 20000 PUFFS Dual Mesh f\u00fcr feinen Geschmack | ElementVape.de\" \/>\n<meta property=\"og:description\" content=\"Wir bieten Erleben Sie das Beste Zollfreie PEACH ICE WASPE 20000 PUFFS Dual Mesh f\u00fcr feinen Geschmack , Elementvape.de akzeptieren Gro\u00df-und Einzelhandel Bestellungen.\" \/>\n<meta property=\"og:url\" content=\"https:\/\/www.elementvape.de\/sk\/produkt\/erleben-sie-das-beste-zollfreie-peach-ice-waspe-20000-puffs-dual-mesh-fuer-feinen-geschmack\/\" \/>\n<meta property=\"og:site_name\" content=\"ElementVape.de\" \/>\n<meta property=\"article:modified_time\" content=\"2024-11-09T03:34:16+00:00\" \/>\n<meta property=\"og:image\" content=\"https:\/\/www.elementvape.de\/wp-content\/uploads\/2024\/08\/PEACH-ICE-1024x768.jpg\" \/>\n\t<meta property=\"og:image:width\" content=\"1024\" \/>\n\t<meta property=\"og:image:height\" content=\"768\" \/>\n\t<meta property=\"og:image:type\" content=\"image\/jpeg\" \/>\n<meta name=\"twitter:card\" content=\"summary_large_image\" \/>\n<meta name=\"twitter:label1\" content=\"Est. reading time\" \/>\n\t<meta name=\"twitter:data1\" content=\"6 min\u00fat\" \/>\n<script type=\"application\/ld+json\" class=\"yoast-schema-graph\">{\"@context\":\"https:\/\/schema.org\",\"@graph\":[{\"@type\":\"WebPage\",\"@id\":\"https:\/\/www.elementvape.de\/nl\/produkt\/erleben-sie-das-beste-zollfreie-peach-ice-waspe-20000-puffs-dual-mesh-fuer-feinen-geschmack\/\",\"url\":\"https:\/\/www.elementvape.de\/nl\/produkt\/erleben-sie-das-beste-zollfreie-peach-ice-waspe-20000-puffs-dual-mesh-fuer-feinen-geschmack\/\",\"name\":\"Erleben Sie das Beste Zollfreie PEACH ICE WASPE 20000 PUFFS Dual Mesh f\u00fcr feinen Geschmack | ElementVape.de\",\"isPartOf\":{\"@id\":\"https:\/\/www.elementvape.de\/#website\"},\"primaryImageOfPage\":{\"@id\":\"https:\/\/www.elementvape.de\/nl\/produkt\/erleben-sie-das-beste-zollfreie-peach-ice-waspe-20000-puffs-dual-mesh-fuer-feinen-geschmack\/#primaryimage\"},\"image\":{\"@id\":\"https:\/\/www.elementvape.de\/nl\/produkt\/erleben-sie-das-beste-zollfreie-peach-ice-waspe-20000-puffs-dual-mesh-fuer-feinen-geschmack\/#primaryimage\"},\"thumbnailUrl\":\"https:\/\/www.elementvape.de\/wp-content\/uploads\/2024\/08\/PEACH-ICE.jpg\",\"datePublished\":\"2024-08-26T03:41:39+00:00\",\"dateModified\":\"2024-11-09T03:34:16+00:00\",\"description\":\"Wir bieten Erleben Sie das Beste Zollfreie PEACH ICE WASPE 20000 PUFFS Dual Mesh f\u00fcr feinen Geschmack , Elementvape.de akzeptieren Gro\u00df-und Einzelhandel Bestellungen.\",\"breadcrumb\":{\"@id\":\"https:\/\/www.elementvape.de\/nl\/produkt\/erleben-sie-das-beste-zollfreie-peach-ice-waspe-20000-puffs-dual-mesh-fuer-feinen-geschmack\/#breadcrumb\"},\"inLanguage\":\"sk-SK\",\"potentialAction\":[{\"@type\":\"ReadAction\",\"target\":[\"https:\/\/www.elementvape.de\/nl\/produkt\/erleben-sie-das-beste-zollfreie-peach-ice-waspe-20000-puffs-dual-mesh-fuer-feinen-geschmack\/\"]}]},{\"@type\":\"ImageObject\",\"inLanguage\":\"sk-SK\",\"@id\":\"https:\/\/www.elementvape.de\/nl\/produkt\/erleben-sie-das-beste-zollfreie-peach-ice-waspe-20000-puffs-dual-mesh-fuer-feinen-geschmack\/#primaryimage\",\"url\":\"https:\/\/www.elementvape.de\/wp-content\/uploads\/2024\/08\/PEACH-ICE.jpg\",\"contentUrl\":\"https:\/\/www.elementvape.de\/wp-content\/uploads\/2024\/08\/PEACH-ICE.jpg\",\"width\":2500,\"height\":1875,\"caption\":\"PEACH ICE\"},{\"@type\":\"BreadcrumbList\",\"@id\":\"https:\/\/www.elementvape.de\/nl\/produkt\/erleben-sie-das-beste-zollfreie-peach-ice-waspe-20000-puffs-dual-mesh-fuer-feinen-geschmack\/#breadcrumb\",\"itemListElement\":[{\"@type\":\"ListItem\",\"position\":1,\"name\":\"Home\",\"item\":\"https:\/\/www.elementvape.de\/\"},{\"@type\":\"ListItem\",\"position\":2,\"name\":\"Shop\",\"item\":\"https:\/\/www.elementvape.de\/shop\/\"},{\"@type\":\"ListItem\",\"position\":3,\"name\":\"Erleben Sie das Beste Zollfreie PEACH ICE WASPE 20000 PUFFS Dual Mesh f\u00fcr feinen Geschmack\"}]},{\"@type\":\"WebSite\",\"@id\":\"https:\/\/www.elementvape.de\/#website\",\"url\":\"https:\/\/www.elementvape.de\/\",\"name\":\"ElementVape.de\",\"description\":\"\",\"publisher\":{\"@id\":\"https:\/\/www.elementvape.de\/#organization\"},\"potentialAction\":[{\"@type\":\"SearchAction\",\"target\":{\"@type\":\"EntryPoint\",\"urlTemplate\":\"https:\/\/www.elementvape.de\/?s={search_term_string}\"},\"query-input\":\"required name=search_term_string\"}],\"inLanguage\":\"sk-SK\"},{\"@type\":\"Organization\",\"@id\":\"https:\/\/www.elementvape.de\/#organization\",\"name\":\"ElementVape.DE\",\"url\":\"https:\/\/www.elementvape.de\/\",\"logo\":{\"@type\":\"ImageObject\",\"inLanguage\":\"sk-SK\",\"@id\":\"https:\/\/www.elementvape.de\/#\/schema\/logo\/image\/\",\"url\":\"https:\/\/www.elementvape.de\/wp-content\/uploads\/2024\/09\/cropped-1elementvape-3.png\",\"contentUrl\":\"https:\/\/www.elementvape.de\/wp-content\/uploads\/2024\/09\/cropped-1elementvape-3.png\",\"width\":285,\"height\":228,\"caption\":\"ElementVape.DE\"},\"image\":{\"@id\":\"https:\/\/www.elementvape.de\/#\/schema\/logo\/image\/\"}}]}<\/script>\n<!-- \/ Yoast SEO plugin. -->","yoast_head_json":{"title":"Erleben Sie das Beste Zollfreie PEACH ICE WASPE 20000 PUFFS Dual Mesh f\u00fcr feinen Geschmack | ElementVape.de","description":"Wir bieten Erleben Sie das Beste Zollfreie PEACH ICE WASPE 20000 PUFFS Dual Mesh f\u00fcr feinen Geschmack , Elementvape.de akzeptieren Gro\u00df-und Einzelhandel Bestellungen.","robots":{"index":"index","follow":"follow","max-snippet":"max-snippet:-1","max-image-preview":"max-image-preview:large","max-video-preview":"max-video-preview:-1"},"canonical":"https:\/\/www.elementvape.de\/sk\/produkt\/erleben-sie-das-beste-zollfreie-peach-ice-waspe-20000-puffs-dual-mesh-fuer-feinen-geschmack\/","og_locale":"sk_SK","og_type":"article","og_title":"Erleben Sie das Beste Zollfreie PEACH ICE WASPE 20000 PUFFS Dual Mesh f\u00fcr feinen Geschmack | ElementVape.de","og_description":"Wir bieten Erleben Sie das Beste Zollfreie PEACH ICE WASPE 20000 PUFFS Dual Mesh f\u00fcr feinen Geschmack , Elementvape.de akzeptieren Gro\u00df-und Einzelhandel Bestellungen.","og_url":"https:\/\/www.elementvape.de\/sk\/produkt\/erleben-sie-das-beste-zollfreie-peach-ice-waspe-20000-puffs-dual-mesh-fuer-feinen-geschmack\/","og_site_name":"ElementVape.de","article_modified_time":"2024-11-09T03:34:16+00:00","og_image":[{"width":1024,"height":768,"url":"https:\/\/www.elementvape.de\/wp-content\/uploads\/2024\/08\/PEACH-ICE-1024x768.jpg","type":"image\/jpeg"}],"twitter_card":"summary_large_image","twitter_misc":{"Est. reading time":"6 min\u00fat"},"schema":{"@context":"https:\/\/schema.org","@graph":[{"@type":"WebPage","@id":"https:\/\/www.elementvape.de\/nl\/produkt\/erleben-sie-das-beste-zollfreie-peach-ice-waspe-20000-puffs-dual-mesh-fuer-feinen-geschmack\/","url":"https:\/\/www.elementvape.de\/nl\/produkt\/erleben-sie-das-beste-zollfreie-peach-ice-waspe-20000-puffs-dual-mesh-fuer-feinen-geschmack\/","name":"Erleben Sie das Beste Zollfreie PEACH ICE WASPE 20000 PUFFS Dual Mesh f\u00fcr feinen Geschmack | ElementVape.de","isPartOf":{"@id":"https:\/\/www.elementvape.de\/#website"},"primaryImageOfPage":{"@id":"https:\/\/www.elementvape.de\/nl\/produkt\/erleben-sie-das-beste-zollfreie-peach-ice-waspe-20000-puffs-dual-mesh-fuer-feinen-geschmack\/#primaryimage"},"image":{"@id":"https:\/\/www.elementvape.de\/nl\/produkt\/erleben-sie-das-beste-zollfreie-peach-ice-waspe-20000-puffs-dual-mesh-fuer-feinen-geschmack\/#primaryimage"},"thumbnailUrl":"https:\/\/www.elementvape.de\/wp-content\/uploads\/2024\/08\/PEACH-ICE.jpg","datePublished":"2024-08-26T03:41:39+00:00","dateModified":"2024-11-09T03:34:16+00:00","description":"Wir bieten Erleben Sie das Beste Zollfreie PEACH ICE WASPE 20000 PUFFS Dual Mesh f\u00fcr feinen Geschmack , Elementvape.de akzeptieren Gro\u00df-und Einzelhandel Bestellungen.","breadcrumb":{"@id":"https:\/\/www.elementvape.de\/nl\/produkt\/erleben-sie-das-beste-zollfreie-peach-ice-waspe-20000-puffs-dual-mesh-fuer-feinen-geschmack\/#breadcrumb"},"inLanguage":"sk-SK","potentialAction":[{"@type":"ReadAction","target":["https:\/\/www.elementvape.de\/nl\/produkt\/erleben-sie-das-beste-zollfreie-peach-ice-waspe-20000-puffs-dual-mesh-fuer-feinen-geschmack\/"]}]},{"@type":"ImageObject","inLanguage":"sk-SK","@id":"https:\/\/www.elementvape.de\/nl\/produkt\/erleben-sie-das-beste-zollfreie-peach-ice-waspe-20000-puffs-dual-mesh-fuer-feinen-geschmack\/#primaryimage","url":"https:\/\/www.elementvape.de\/wp-content\/uploads\/2024\/08\/PEACH-ICE.jpg","contentUrl":"https:\/\/www.elementvape.de\/wp-content\/uploads\/2024\/08\/PEACH-ICE.jpg","width":2500,"height":1875,"caption":"PEACH ICE"},{"@type":"BreadcrumbList","@id":"https:\/\/www.elementvape.de\/nl\/produkt\/erleben-sie-das-beste-zollfreie-peach-ice-waspe-20000-puffs-dual-mesh-fuer-feinen-geschmack\/#breadcrumb","itemListElement":[{"@type":"ListItem","position":1,"name":"Home","item":"https:\/\/www.elementvape.de\/"},{"@type":"ListItem","position":2,"name":"Shop","item":"https:\/\/www.elementvape.de\/shop\/"},{"@type":"ListItem","position":3,"name":"Erleben Sie das Beste Zollfreie PEACH ICE WASPE 20000 PUFFS Dual Mesh f\u00fcr feinen Geschmack"}]},{"@type":"WebSite","@id":"https:\/\/www.elementvape.de\/#website","url":"https:\/\/www.elementvape.de\/","name":"ElementVape.de","description":"","publisher":{"@id":"https:\/\/www.elementvape.de\/#organization"},"potentialAction":[{"@type":"SearchAction","target":{"@type":"EntryPoint","urlTemplate":"https:\/\/www.elementvape.de\/?s={search_term_string}"},"query-input":"required name=search_term_string"}],"inLanguage":"sk-SK"},{"@type":"Organization","@id":"https:\/\/www.elementvape.de\/#organization","name":"ElementVape.DE","url":"https:\/\/www.elementvape.de\/","logo":{"@type":"ImageObject","inLanguage":"sk-SK","@id":"https:\/\/www.elementvape.de\/#\/schema\/logo\/image\/","url":"https:\/\/www.elementvape.de\/wp-content\/uploads\/2024\/09\/cropped-1elementvape-3.png","contentUrl":"https:\/\/www.elementvape.de\/wp-content\/uploads\/2024\/09\/cropped-1elementvape-3.png","width":285,"height":228,"caption":"ElementVape.DE"},"image":{"@id":"https:\/\/www.elementvape.de\/#\/schema\/logo\/image\/"}}]}},"_links":{"self":[{"href":"https:\/\/www.elementvape.de\/sk\/wp-json\/wp\/v2\/product\/14001"}],"collection":[{"href":"https:\/\/www.elementvape.de\/sk\/wp-json\/wp\/v2\/product"}],"about":[{"href":"https:\/\/www.elementvape.de\/sk\/wp-json\/wp\/v2\/types\/product"}],"wp:featuredmedia":[{"embeddable":true,"href":"https:\/\/www.elementvape.de\/sk\/wp-json\/wp\/v2\/media\/14002"}],"wp:attachment":[{"href":"https:\/\/www.elementvape.de\/sk\/wp-json\/wp\/v2\/media?parent=14001"}],"wp:term":[{"taxonomy":"product_cat","embeddable":true,"href":"https:\/\/www.elementvape.de\/sk\/wp-json\/wp\/v2\/product_cat?post=14001"},{"taxonomy":"product_tag","embeddable":true,"href":"https:\/\/www.elementvape.de\/sk\/wp-json\/wp\/v2\/product_tag?post=14001"}],"curies":[{"name":"wp","href":"https:\/\/api.w.org\/{rel}","templated":true}]}}