{"id":13956,"date":"2024-08-22T08:21:22","date_gmt":"2024-08-22T08:21:22","guid":{"rendered":"https:\/\/www.elementvape.de\/?post_type=product&#038;p=13956"},"modified":"2024-12-12T06:34:00","modified_gmt":"2024-12-12T06:34:00","slug":"erstklassige-blueberry-ice-e-zigaretten-jetzt-zollfrei-im-grosshandel-erhaeltlich-der-perfekte-mix-aus-saftigen-blaubeeren-und-kuehler-frische-waspe-15000-puffs","status":"publish","type":"product","link":"https:\/\/www.elementvape.de\/sk\/produkt\/erstklassige-blueberry-ice-e-zigaretten-jetzt-zollfrei-im-grosshandel-erhaeltlich-der-perfekte-mix-aus-saftigen-blaubeeren-und-kuehler-frische-waspe-15000-puffs\/","title":{"rendered":"Prvotriedne Blueberry Ice E-\u017euva\u010dky Teraz bez cla v ve\u013ekoobchode dostupn\u00e9 dokonal\u00e1 zmes \u0161\u0165avnat\u00fdch \u010du\u010doriedok a chladnej svie\u017eosti WASPE 15000 POTIAHNUT\u00cd"},"content":{"rendered":"<h3><strong>Prvotriedna Blueberry Ice Aroma pre nezabudnute\u013en\u00fd p\u00f4\u017eitok<\/strong><\/h3>\n<p>Jednorazov\u00e1 WASPE 15000 PUFFS <strong><a href=\"https:\/\/www.elementvape.de\/sk\/\" target=\"_blank\" rel=\"noopener\">Elektronick\u00e1 cigareta<\/a><\/strong> pon\u00faka v\u00e1m mo\u017enos\u0165 za\u017ei\u0165 prvotriednu Blueberry Ice Aroma, ktor\u00e1 je zn\u00e1ma svojou dokonalou zmesou \u0161\u0165avnat\u00fdch \u010du\u010doriedok a osvie\u017euj\u00facej chladivosti. T\u00e1to ar\u00f3ma sp\u00e1ja sladk\u00fa, ovocn\u00fa chu\u0165 \u010du\u010doriedok s chladiv\u00fdm, mentolov\u00fdm zakon\u010den\u00edm, \u010do poskytuje mimoriadne osvie\u017euj\u00faci z\u00e1\u017eitok z vapovania. Ka\u017ed\u00fd \u0165ah odha\u013euje \u017eiv\u00fa ovocn\u00fa chu\u0165 \u010du\u010doriedok, zatia\u013e \u010do chladiv\u00e1 nota prin\u00e1\u0161a osvie\u017eenie.<\/p>\n<p>Kombin\u00e1cia intenz\u00edvnych ar\u00f3m \u010du\u010doriedok a osvie\u017euj\u00facej chladivosti rob\u00ed Blueberry Ice ob\u013e\u00fabenou chu\u0165ou pre vapovanie, ktor\u00e1 pon\u00faka ovocn\u00fd a z\u00e1rove\u0148 osvie\u017euj\u00faci z\u00e1\u017eitok. WASPE 15000 PUFFS t\u00fato kombin\u00e1ciu chut\u00ed v\u00fdborne zv\u00fdraz\u0148uje v\u010faka svojej pokro\u010dilej technol\u00f3gii Mesh-Coil, tak\u017ee si m\u00f4\u017eete vychutna\u0165 intenz\u00edvny z\u00e1\u017eitok z chuti pri ka\u017edom \u0165ahu.<\/p>\n<h3><strong>Teraz dostupn\u00e9 bez cla v ve\u013ekoobchode<\/strong><\/h3>\n<p>Pre ve\u013ekoobchodn\u00edkov pon\u00faka WASPE 15000 PUFFS s ar\u00f3mou Blueberry Ice atrakt\u00edvnu mo\u017enos\u0165, ktor\u00e1 je teraz dostupn\u00e1 bez cla. To v\u00e1m umo\u017e\u0148uje pon\u00faka\u0165 tento vysoko kvalitn\u00fd produkt bez dodato\u010dn\u00fdch dovozn\u00fdch n\u00e1kladov, \u010d\u00edm maximalizujete svoj zisk a z\u00e1rove\u0148 si zachov\u00e1vate konkurencieschopn\u00fa cenu. Bezcoln\u00e1 dostupnos\u0165 je obzvl\u00e1\u0161\u0165 v\u00fdhodn\u00e1 pre v\u00e4\u010d\u0161ie objedn\u00e1vky a distrib\u00faciu vo v\u00e4\u010d\u0161\u00edch mno\u017estv\u00e1ch.<\/p>\n<p>V\u010faka kombin\u00e1cii bezcoln\u00e9ho dovozu a vysok\u00e9ho dopytu po jedine\u010dn\u00fdch chu\u0165ov\u00fdch kombin\u00e1ci\u00e1ch ako Blueberry Ice profitujete ako ve\u013ekoobchodn\u00edk z atrakt\u00edvnej ponuky, ktor\u00e1 v\u00e1m pom\u00f4\u017ee vynikn\u00fa\u0165 na trhu. WASPE 15000 PUFFS pon\u00faka dlh\u00fa \u017eivotnos\u0165 a ve\u013ek\u00fa kapacitu puffov, \u010do z neho rob\u00ed cenn\u00fd produkt pre va\u0161ich z\u00e1kazn\u00edkov.<\/p>\n<h3><strong>V\u00fdhody WASPE 15000 PUFFS pre ve\u013ekoobchod<\/strong><\/h3>\n<p>WASPE 15000 PUFFS sp\u00e1ja v\u0161etky v\u00fdhody modern\u00e9ho jednorazov\u00e9ho vaporiz\u00e9ra a je obzvl\u00e1\u0161\u0165 vhodn\u00e1 pre ve\u013ekoobchod. S kapacitou a\u017e 15 000 \u0165ahov a ve\u013ek\u00fdm z\u00e1sobn\u00edkom na 22 ml e-liquidu pon\u00faka tento model dlhodob\u00e9 vapovanie bez \u010dast\u00e9ho dop\u013a\u0148ania alebo v\u00fdmeny zariadenia. Zabudovan\u00e1 technol\u00f3gia Mesh-Coil zabezpe\u010duje vynikaj\u00facu produkciu pary a intenz\u00edvnu chu\u0165, zatia\u013e \u010do Type-C port umo\u017e\u0148uje r\u00fdchle a pohodln\u00e9 nab\u00edjanie.<\/p>\n<p>Pre ve\u013ekoobchodn\u00edkov to znamen\u00e1, \u017ee m\u00f4\u017eu svojim z\u00e1kazn\u00edkom pon\u00faknu\u0165 vysoko kvalitn\u00fd produkt, ktor\u00fd presved\u010d\u00ed nielen funk\u010dnos\u0165ou, ale aj chu\u0165ou. Mo\u017enos\u0165 bezcoln\u00e9ho dovozu tento benefit e\u0161te posil\u0148uje t\u00fdm, \u017ee v\u00e1m umo\u017e\u0148uje pon\u00faka\u0165 konkurencieschopn\u00e9 ceny a z\u00e1rove\u0148 zvy\u0161ova\u0165 ziskovos\u0165. Ar\u00f3ma Blueberry Ice dokonale dop\u013a\u0148a WASPE 15000 PUFFS a zabezpe\u010duje vynikaj\u00faci z\u00e1\u017eitok z vapovania, ktor\u00fd va\u0161i z\u00e1kazn\u00edci ocenia.<\/p>\n<p><img loading=\"lazy\" decoding=\"async\" class=\"size-medium wp-image-13957\" src=\"https:\/\/www.elementvape.de\/wp-content\/uploads\/2024\/08\/01-1-300x187.jpg\" alt=\"01\" width=\"300\" height=\"187\" srcset=\"https:\/\/www.elementvape.de\/wp-content\/uploads\/2024\/08\/01-1-300x187.jpg 300w, https:\/\/www.elementvape.de\/wp-content\/uploads\/2024\/08\/01-1-1024x640.jpg 1024w, https:\/\/www.elementvape.de\/wp-content\/uploads\/2024\/08\/01-1-768x480.jpg 768w, https:\/\/www.elementvape.de\/wp-content\/uploads\/2024\/08\/01-1-1536x960.jpg 1536w, https:\/\/www.elementvape.de\/wp-content\/uploads\/2024\/08\/01-1-2048x1280.jpg 2048w, https:\/\/www.elementvape.de\/wp-content\/uploads\/2024\/08\/01-1-600x375.jpg 600w\" sizes=\"(max-width: 300px) 100vw, 300px\" \/><\/p>","protected":false},"excerpt":{"rendered":"<p>Erstklassiges Blueberry Ice Aroma f\u00fcr unvergesslichen Genuss Die WASPE 15000 PUFFS Disposable Electronic Zigarette bietet Ihnen die M\u00f6glichkeit, das erstklassige Blueberry Ice Aroma zu erleben, das f\u00fcr seine perfekte Mischung aus saftigen Blaubeeren und erfrischender K\u00fchle bekannt ist. Dieses Aroma vereint die s\u00fc\u00dfe, fruchtige Note von Blaubeeren mit einem k\u00fchlen, mentholartigen Finish, das ein besonders [&hellip;]<\/p>","protected":false},"featured_media":13958,"template":"","meta":{"inline_featured_image":false},"product_cat":[15,78,735,746,741,733,744,755,738,751,732,723],"product_tag":[710,674],"tiered_pricing_type":"fixed","tiered_pricing_fixed_rules":{"110":"7.91","200":"7.03","500":"6.15"},"tiered_pricing_percentage_rules":[],"tiered_pricing_minimum":1,"_administrator_tiered_pricing_type":"fixed","_administrator_tiered_pricing_fixed_rules":[],"_editor_tiered_pricing_type":"fixed","_editor_tiered_pricing_fixed_rules":[],"_author_tiered_pricing_type":"fixed","_author_tiered_pricing_fixed_rules":[],"_contributor_tiered_pricing_type":"fixed","_contributor_tiered_pricing_fixed_rules":[],"_subscriber_tiered_pricing_type":"fixed","_subscriber_tiered_pricing_fixed_rules":[],"_customer_tiered_pricing_type":"fixed","_customer_tiered_pricing_fixed_rules":[],"_shop_manager_tiered_pricing_type":"fixed","_shop_manager_tiered_pricing_fixed_rules":[],"_wpseo_manager_tiered_pricing_type":"fixed","_wpseo_manager_tiered_pricing_fixed_rules":[],"_wpseo_editor_tiered_pricing_type":"fixed","_wpseo_editor_tiered_pricing_fixed_rules":[],"_wholesale_customer_tiered_pricing_type":"fixed","_wholesale_customer_tiered_pricing_fixed_rules":[],"_marketer_tiered_pricing_type":"fixed","_marketer_tiered_pricing_fixed_rules":[],"_sales_manager_tiered_pricing_type":"fixed","_sales_manager_tiered_pricing_fixed_rules":[],"_sales_rep_tiered_pricing_type":"fixed","_sales_rep_tiered_pricing_fixed_rules":[],"yoast_head":"<!-- This site is optimized with the Yoast SEO plugin v23.3 - https:\/\/yoast.com\/wordpress\/plugins\/seo\/ -->\n<title>Erstklassige Blueberry Ice E-Zigaretten Jetzt zollfrei im Gro\u00dfhandel erh\u00e4ltlich der perfekte Mix aus saftigen Blaubeeren und k\u00fchler Frische WASPE 15000 PUFFS | ElementVape.de<\/title>\n<meta name=\"description\" content=\"Wir bieten Erstklassige Blueberry Ice E-Zigaretten Jetzt zollfrei im Gro\u00dfhandel erh\u00e4ltlich der perfekte Mix aus saftigen Blaubeeren und k\u00fchler Frische WASPE 15000 PUFFS , Elementvape.de akzeptieren Gro\u00df-und Einzelhandel Bestellungen.\" \/>\n<meta name=\"robots\" content=\"index, follow, max-snippet:-1, max-image-preview:large, max-video-preview:-1\" \/>\n<link rel=\"canonical\" href=\"https:\/\/www.elementvape.de\/sk\/produkt\/erstklassige-blueberry-ice-e-zigaretten-jetzt-zollfrei-im-grosshandel-erhaeltlich-der-perfekte-mix-aus-saftigen-blaubeeren-und-kuehler-frische-waspe-15000-puffs\/\" \/>\n<meta property=\"og:locale\" content=\"sk_SK\" \/>\n<meta property=\"og:type\" content=\"article\" \/>\n<meta property=\"og:title\" content=\"Erstklassige Blueberry Ice E-Zigaretten Jetzt zollfrei im Gro\u00dfhandel erh\u00e4ltlich der perfekte Mix aus saftigen Blaubeeren und k\u00fchler Frische WASPE 15000 PUFFS | ElementVape.de\" \/>\n<meta property=\"og:description\" content=\"Wir bieten Erstklassige Blueberry Ice E-Zigaretten Jetzt zollfrei im Gro\u00dfhandel erh\u00e4ltlich der perfekte Mix aus saftigen Blaubeeren und k\u00fchler Frische WASPE 15000 PUFFS , Elementvape.de akzeptieren Gro\u00df-und Einzelhandel Bestellungen.\" \/>\n<meta property=\"og:url\" content=\"https:\/\/www.elementvape.de\/sk\/produkt\/erstklassige-blueberry-ice-e-zigaretten-jetzt-zollfrei-im-grosshandel-erhaeltlich-der-perfekte-mix-aus-saftigen-blaubeeren-und-kuehler-frische-waspe-15000-puffs\/\" \/>\n<meta property=\"og:site_name\" content=\"ElementVape.de\" \/>\n<meta property=\"article:modified_time\" content=\"2024-12-12T06:34:00+00:00\" \/>\n<meta property=\"og:image\" content=\"https:\/\/www.elementvape.de\/wp-content\/uploads\/2024\/08\/Blueberry-lce.jpg\" \/>\n\t<meta property=\"og:image:width\" content=\"1920\" \/>\n\t<meta property=\"og:image:height\" content=\"1536\" \/>\n\t<meta property=\"og:image:type\" content=\"image\/jpeg\" \/>\n<meta name=\"twitter:card\" content=\"summary_large_image\" \/>\n<meta name=\"twitter:label1\" content=\"Est. reading time\" \/>\n\t<meta name=\"twitter:data1\" content=\"3 min\u00faty\" \/>\n<script type=\"application\/ld+json\" class=\"yoast-schema-graph\">{\"@context\":\"https:\/\/schema.org\",\"@graph\":[{\"@type\":\"WebPage\",\"@id\":\"https:\/\/www.elementvape.de\/produkt\/erstklassige-blueberry-ice-e-zigaretten-jetzt-zollfrei-im-grosshandel-erhaeltlich-der-perfekte-mix-aus-saftigen-blaubeeren-und-kuehler-frische-waspe-15000-puffs\/\",\"url\":\"https:\/\/www.elementvape.de\/produkt\/erstklassige-blueberry-ice-e-zigaretten-jetzt-zollfrei-im-grosshandel-erhaeltlich-der-perfekte-mix-aus-saftigen-blaubeeren-und-kuehler-frische-waspe-15000-puffs\/\",\"name\":\"Erstklassige Blueberry Ice E-Zigaretten Jetzt zollfrei im Gro\u00dfhandel erh\u00e4ltlich der perfekte Mix aus saftigen Blaubeeren und k\u00fchler Frische WASPE 15000 PUFFS | ElementVape.de\",\"isPartOf\":{\"@id\":\"https:\/\/www.elementvape.de\/#website\"},\"primaryImageOfPage\":{\"@id\":\"https:\/\/www.elementvape.de\/produkt\/erstklassige-blueberry-ice-e-zigaretten-jetzt-zollfrei-im-grosshandel-erhaeltlich-der-perfekte-mix-aus-saftigen-blaubeeren-und-kuehler-frische-waspe-15000-puffs\/#primaryimage\"},\"image\":{\"@id\":\"https:\/\/www.elementvape.de\/produkt\/erstklassige-blueberry-ice-e-zigaretten-jetzt-zollfrei-im-grosshandel-erhaeltlich-der-perfekte-mix-aus-saftigen-blaubeeren-und-kuehler-frische-waspe-15000-puffs\/#primaryimage\"},\"thumbnailUrl\":\"https:\/\/www.elementvape.de\/wp-content\/uploads\/2024\/08\/Blueberry-lce.jpg\",\"datePublished\":\"2024-08-22T08:21:22+00:00\",\"dateModified\":\"2024-12-12T06:34:00+00:00\",\"description\":\"Wir bieten Erstklassige Blueberry Ice E-Zigaretten Jetzt zollfrei im Gro\u00dfhandel erh\u00e4ltlich der perfekte Mix aus saftigen Blaubeeren und k\u00fchler Frische WASPE 15000 PUFFS , Elementvape.de akzeptieren Gro\u00df-und Einzelhandel Bestellungen.\",\"breadcrumb\":{\"@id\":\"https:\/\/www.elementvape.de\/produkt\/erstklassige-blueberry-ice-e-zigaretten-jetzt-zollfrei-im-grosshandel-erhaeltlich-der-perfekte-mix-aus-saftigen-blaubeeren-und-kuehler-frische-waspe-15000-puffs\/#breadcrumb\"},\"inLanguage\":\"sk-SK\",\"potentialAction\":[{\"@type\":\"ReadAction\",\"target\":[\"https:\/\/www.elementvape.de\/produkt\/erstklassige-blueberry-ice-e-zigaretten-jetzt-zollfrei-im-grosshandel-erhaeltlich-der-perfekte-mix-aus-saftigen-blaubeeren-und-kuehler-frische-waspe-15000-puffs\/\"]}]},{\"@type\":\"ImageObject\",\"inLanguage\":\"sk-SK\",\"@id\":\"https:\/\/www.elementvape.de\/produkt\/erstklassige-blueberry-ice-e-zigaretten-jetzt-zollfrei-im-grosshandel-erhaeltlich-der-perfekte-mix-aus-saftigen-blaubeeren-und-kuehler-frische-waspe-15000-puffs\/#primaryimage\",\"url\":\"https:\/\/www.elementvape.de\/wp-content\/uploads\/2024\/08\/Blueberry-lce.jpg\",\"contentUrl\":\"https:\/\/www.elementvape.de\/wp-content\/uploads\/2024\/08\/Blueberry-lce.jpg\",\"width\":1920,\"height\":1536,\"caption\":\"Blueberry lce\"},{\"@type\":\"BreadcrumbList\",\"@id\":\"https:\/\/www.elementvape.de\/produkt\/erstklassige-blueberry-ice-e-zigaretten-jetzt-zollfrei-im-grosshandel-erhaeltlich-der-perfekte-mix-aus-saftigen-blaubeeren-und-kuehler-frische-waspe-15000-puffs\/#breadcrumb\",\"itemListElement\":[{\"@type\":\"ListItem\",\"position\":1,\"name\":\"Home\",\"item\":\"https:\/\/www.elementvape.de\/\"},{\"@type\":\"ListItem\",\"position\":2,\"name\":\"Shop\",\"item\":\"https:\/\/www.elementvape.de\/shop\/\"},{\"@type\":\"ListItem\",\"position\":3,\"name\":\"Erstklassige Blueberry Ice E-Zigaretten Jetzt zollfrei im Gro\u00dfhandel erh\u00e4ltlich der perfekte Mix aus saftigen Blaubeeren und k\u00fchler Frische WASPE 15000 PUFFS\"}]},{\"@type\":\"WebSite\",\"@id\":\"https:\/\/www.elementvape.de\/#website\",\"url\":\"https:\/\/www.elementvape.de\/\",\"name\":\"ElementVape.de\",\"description\":\"\",\"publisher\":{\"@id\":\"https:\/\/www.elementvape.de\/#organization\"},\"potentialAction\":[{\"@type\":\"SearchAction\",\"target\":{\"@type\":\"EntryPoint\",\"urlTemplate\":\"https:\/\/www.elementvape.de\/?s={search_term_string}\"},\"query-input\":\"required name=search_term_string\"}],\"inLanguage\":\"sk-SK\"},{\"@type\":\"Organization\",\"@id\":\"https:\/\/www.elementvape.de\/#organization\",\"name\":\"ElementVape.DE\",\"url\":\"https:\/\/www.elementvape.de\/\",\"logo\":{\"@type\":\"ImageObject\",\"inLanguage\":\"sk-SK\",\"@id\":\"https:\/\/www.elementvape.de\/#\/schema\/logo\/image\/\",\"url\":\"https:\/\/www.elementvape.de\/wp-content\/uploads\/2024\/09\/cropped-1elementvape-3.png\",\"contentUrl\":\"https:\/\/www.elementvape.de\/wp-content\/uploads\/2024\/09\/cropped-1elementvape-3.png\",\"width\":285,\"height\":228,\"caption\":\"ElementVape.DE\"},\"image\":{\"@id\":\"https:\/\/www.elementvape.de\/#\/schema\/logo\/image\/\"}}]}<\/script>\n<!-- \/ Yoast SEO plugin. -->","yoast_head_json":{"title":"Erstklassige Blueberry Ice E-Zigaretten Jetzt zollfrei im Gro\u00dfhandel erh\u00e4ltlich der perfekte Mix aus saftigen Blaubeeren und k\u00fchler Frische WASPE 15000 PUFFS | ElementVape.de","description":"Wir bieten Erstklassige Blueberry Ice E-Zigaretten Jetzt zollfrei im Gro\u00dfhandel erh\u00e4ltlich der perfekte Mix aus saftigen Blaubeeren und k\u00fchler Frische WASPE 15000 PUFFS , Elementvape.de akzeptieren Gro\u00df-und Einzelhandel Bestellungen.","robots":{"index":"index","follow":"follow","max-snippet":"max-snippet:-1","max-image-preview":"max-image-preview:large","max-video-preview":"max-video-preview:-1"},"canonical":"https:\/\/www.elementvape.de\/sk\/produkt\/erstklassige-blueberry-ice-e-zigaretten-jetzt-zollfrei-im-grosshandel-erhaeltlich-der-perfekte-mix-aus-saftigen-blaubeeren-und-kuehler-frische-waspe-15000-puffs\/","og_locale":"sk_SK","og_type":"article","og_title":"Erstklassige Blueberry Ice E-Zigaretten Jetzt zollfrei im Gro\u00dfhandel erh\u00e4ltlich der perfekte Mix aus saftigen Blaubeeren und k\u00fchler Frische WASPE 15000 PUFFS | ElementVape.de","og_description":"Wir bieten Erstklassige Blueberry Ice E-Zigaretten Jetzt zollfrei im Gro\u00dfhandel erh\u00e4ltlich der perfekte Mix aus saftigen Blaubeeren und k\u00fchler Frische WASPE 15000 PUFFS , Elementvape.de akzeptieren Gro\u00df-und Einzelhandel Bestellungen.","og_url":"https:\/\/www.elementvape.de\/sk\/produkt\/erstklassige-blueberry-ice-e-zigaretten-jetzt-zollfrei-im-grosshandel-erhaeltlich-der-perfekte-mix-aus-saftigen-blaubeeren-und-kuehler-frische-waspe-15000-puffs\/","og_site_name":"ElementVape.de","article_modified_time":"2024-12-12T06:34:00+00:00","og_image":[{"width":1920,"height":1536,"url":"https:\/\/www.elementvape.de\/wp-content\/uploads\/2024\/08\/Blueberry-lce.jpg","type":"image\/jpeg"}],"twitter_card":"summary_large_image","twitter_misc":{"Est. reading time":"3 min\u00faty"},"schema":{"@context":"https:\/\/schema.org","@graph":[{"@type":"WebPage","@id":"https:\/\/www.elementvape.de\/produkt\/erstklassige-blueberry-ice-e-zigaretten-jetzt-zollfrei-im-grosshandel-erhaeltlich-der-perfekte-mix-aus-saftigen-blaubeeren-und-kuehler-frische-waspe-15000-puffs\/","url":"https:\/\/www.elementvape.de\/produkt\/erstklassige-blueberry-ice-e-zigaretten-jetzt-zollfrei-im-grosshandel-erhaeltlich-der-perfekte-mix-aus-saftigen-blaubeeren-und-kuehler-frische-waspe-15000-puffs\/","name":"Erstklassige Blueberry Ice E-Zigaretten Jetzt zollfrei im Gro\u00dfhandel erh\u00e4ltlich der perfekte Mix aus saftigen Blaubeeren und k\u00fchler Frische WASPE 15000 PUFFS | ElementVape.de","isPartOf":{"@id":"https:\/\/www.elementvape.de\/#website"},"primaryImageOfPage":{"@id":"https:\/\/www.elementvape.de\/produkt\/erstklassige-blueberry-ice-e-zigaretten-jetzt-zollfrei-im-grosshandel-erhaeltlich-der-perfekte-mix-aus-saftigen-blaubeeren-und-kuehler-frische-waspe-15000-puffs\/#primaryimage"},"image":{"@id":"https:\/\/www.elementvape.de\/produkt\/erstklassige-blueberry-ice-e-zigaretten-jetzt-zollfrei-im-grosshandel-erhaeltlich-der-perfekte-mix-aus-saftigen-blaubeeren-und-kuehler-frische-waspe-15000-puffs\/#primaryimage"},"thumbnailUrl":"https:\/\/www.elementvape.de\/wp-content\/uploads\/2024\/08\/Blueberry-lce.jpg","datePublished":"2024-08-22T08:21:22+00:00","dateModified":"2024-12-12T06:34:00+00:00","description":"Wir bieten Erstklassige Blueberry Ice E-Zigaretten Jetzt zollfrei im Gro\u00dfhandel erh\u00e4ltlich der perfekte Mix aus saftigen Blaubeeren und k\u00fchler Frische WASPE 15000 PUFFS , Elementvape.de akzeptieren Gro\u00df-und Einzelhandel Bestellungen.","breadcrumb":{"@id":"https:\/\/www.elementvape.de\/produkt\/erstklassige-blueberry-ice-e-zigaretten-jetzt-zollfrei-im-grosshandel-erhaeltlich-der-perfekte-mix-aus-saftigen-blaubeeren-und-kuehler-frische-waspe-15000-puffs\/#breadcrumb"},"inLanguage":"sk-SK","potentialAction":[{"@type":"ReadAction","target":["https:\/\/www.elementvape.de\/produkt\/erstklassige-blueberry-ice-e-zigaretten-jetzt-zollfrei-im-grosshandel-erhaeltlich-der-perfekte-mix-aus-saftigen-blaubeeren-und-kuehler-frische-waspe-15000-puffs\/"]}]},{"@type":"ImageObject","inLanguage":"sk-SK","@id":"https:\/\/www.elementvape.de\/produkt\/erstklassige-blueberry-ice-e-zigaretten-jetzt-zollfrei-im-grosshandel-erhaeltlich-der-perfekte-mix-aus-saftigen-blaubeeren-und-kuehler-frische-waspe-15000-puffs\/#primaryimage","url":"https:\/\/www.elementvape.de\/wp-content\/uploads\/2024\/08\/Blueberry-lce.jpg","contentUrl":"https:\/\/www.elementvape.de\/wp-content\/uploads\/2024\/08\/Blueberry-lce.jpg","width":1920,"height":1536,"caption":"Blueberry lce"},{"@type":"BreadcrumbList","@id":"https:\/\/www.elementvape.de\/produkt\/erstklassige-blueberry-ice-e-zigaretten-jetzt-zollfrei-im-grosshandel-erhaeltlich-der-perfekte-mix-aus-saftigen-blaubeeren-und-kuehler-frische-waspe-15000-puffs\/#breadcrumb","itemListElement":[{"@type":"ListItem","position":1,"name":"Home","item":"https:\/\/www.elementvape.de\/"},{"@type":"ListItem","position":2,"name":"Shop","item":"https:\/\/www.elementvape.de\/shop\/"},{"@type":"ListItem","position":3,"name":"Erstklassige Blueberry Ice E-Zigaretten Jetzt zollfrei im Gro\u00dfhandel erh\u00e4ltlich der perfekte Mix aus saftigen Blaubeeren und k\u00fchler Frische WASPE 15000 PUFFS"}]},{"@type":"WebSite","@id":"https:\/\/www.elementvape.de\/#website","url":"https:\/\/www.elementvape.de\/","name":"ElementVape.de","description":"","publisher":{"@id":"https:\/\/www.elementvape.de\/#organization"},"potentialAction":[{"@type":"SearchAction","target":{"@type":"EntryPoint","urlTemplate":"https:\/\/www.elementvape.de\/?s={search_term_string}"},"query-input":"required name=search_term_string"}],"inLanguage":"sk-SK"},{"@type":"Organization","@id":"https:\/\/www.elementvape.de\/#organization","name":"ElementVape.DE","url":"https:\/\/www.elementvape.de\/","logo":{"@type":"ImageObject","inLanguage":"sk-SK","@id":"https:\/\/www.elementvape.de\/#\/schema\/logo\/image\/","url":"https:\/\/www.elementvape.de\/wp-content\/uploads\/2024\/09\/cropped-1elementvape-3.png","contentUrl":"https:\/\/www.elementvape.de\/wp-content\/uploads\/2024\/09\/cropped-1elementvape-3.png","width":285,"height":228,"caption":"ElementVape.DE"},"image":{"@id":"https:\/\/www.elementvape.de\/#\/schema\/logo\/image\/"}}]}},"_links":{"self":[{"href":"https:\/\/www.elementvape.de\/sk\/wp-json\/wp\/v2\/product\/13956"}],"collection":[{"href":"https:\/\/www.elementvape.de\/sk\/wp-json\/wp\/v2\/product"}],"about":[{"href":"https:\/\/www.elementvape.de\/sk\/wp-json\/wp\/v2\/types\/product"}],"wp:featuredmedia":[{"embeddable":true,"href":"https:\/\/www.elementvape.de\/sk\/wp-json\/wp\/v2\/media\/13958"}],"wp:attachment":[{"href":"https:\/\/www.elementvape.de\/sk\/wp-json\/wp\/v2\/media?parent=13956"}],"wp:term":[{"taxonomy":"product_cat","embeddable":true,"href":"https:\/\/www.elementvape.de\/sk\/wp-json\/wp\/v2\/product_cat?post=13956"},{"taxonomy":"product_tag","embeddable":true,"href":"https:\/\/www.elementvape.de\/sk\/wp-json\/wp\/v2\/product_tag?post=13956"}],"curies":[{"name":"wp","href":"https:\/\/api.w.org\/{rel}","templated":true}]}}