{"id":13948,"date":"2024-08-22T07:49:50","date_gmt":"2024-08-22T07:49:50","guid":{"rendered":"https:\/\/www.elementvape.de\/?post_type=product&#038;p=13948"},"modified":"2024-12-12T06:34:03","modified_gmt":"2024-12-12T06:34:03","slug":"eisige-fruchtigkeit-vape-cherry-ice-der-perfekte-mix-aus-suessen-kirschen-und-kuehler-frische-waspe-15000-puffs","status":"publish","type":"product","link":"https:\/\/www.elementvape.de\/sk\/produkt\/eisige-fruchtigkeit-vape-cherry-ice-der-perfekte-mix-aus-suessen-kirschen-und-kuehler-frische-waspe-15000-puffs\/","title":{"rendered":"\u013dadov\u00e1 ovocn\u00e1 chu\u0165 Vape Cherry Ice \u2013 dokonal\u00e1 zmes sladk\u00fdch \u010dere\u0161n\u00ed a chladnej svie\u017eosti WASPE 15000 PUFFS"},"content":{"rendered":"<div class=\"flex-shrink-0 flex flex-col relative items-end\">\n<div>\n<div class=\"pt-0\">\n<div class=\"gizmo-bot-avatar flex h-8 w-8 items-center justify-center overflow-hidden rounded-full\">\n<div class=\"relative p-1 rounded-sm flex items-center justify-center bg-token-main-surface-primary text-token-text-primary h-8 w-8\"><\/div>\n<\/div>\n<\/div>\n<\/div>\n<\/div>\n<div class=\"group\/conversation-turn relative flex w-full min-w-0 flex-col agent-turn\">\n<div class=\"flex-col gap-1 md:gap-3\">\n<div class=\"flex max-w-full flex-col flex-grow\">\n<div class=\"min-h-[20px] text-message flex w-full flex-col items-end gap-2 break-words [.text-message+&amp;]:mt-5 overflow-x-auto whitespace-pre-wrap\" dir=\"auto\" data-message-author-role=\"assistant\" data-message-id=\"453c74eb-129d-45d2-8584-b5d4562e5961\">\n<div class=\"flex w-full flex-col gap-1 empty:hidden first:pt-[3px]\">\n<div class=\"markdown prose w-full break-words dark:prose-invert light\">\n<table style=\"font-size: 16px;\">\n<thead>\n<tr>\n<th><strong>Vlastnos\u0165<\/strong><\/th>\n<th><strong>Detaily<\/strong><\/th>\n<\/tr>\n<\/thead>\n<tbody>\n<tr>\n<td>Chu\u0165<\/td>\n<td>\u010cere\u0161\u0148ov\u00fd \u013ead<\/td>\n<\/tr>\n<tr>\n<td>Obsah N<\/td>\n<td>2% , 5%<\/td>\n<\/tr>\n<tr>\n<td>Kapacita puffov<\/td>\n<td>A\u017e 15 000 \u0165ahov<\/td>\n<\/tr>\n<tr>\n<td>Kapacita e-liquidu<\/td>\n<td>22 ml<\/td>\n<\/tr>\n<tr>\n<td>Technol\u00f3gia \u0161pir\u00e1lky<\/td>\n<td>0,8\u03a9 Mesh Coil pre intenz\u00edvnej\u0161iu chu\u0165 a viac pary<\/td>\n<\/tr>\n<tr>\n<td>Displej<\/td>\n<td>LCD displej na zobrazenie inform\u00e1ci\u00ed v re\u00e1lnom \u010dase<\/td>\n<\/tr>\n<tr>\n<td>Bat\u00e9ria<\/td>\n<td>Nab\u00edjate\u013en\u00e1 850mAh bat\u00e9ria<\/td>\n<\/tr>\n<tr>\n<td>Pripojenie na nab\u00edjanie<\/td>\n<td>Port Type-C<\/td>\n<\/tr>\n<\/tbody>\n<\/table>\n<h3>Neporovnate\u013en\u00e1 chu\u0165 pri ka\u017edom potiahnut\u00ed<\/h3>\n<p>WASPE 15000 PUFFS v\u00e1m s pr\u00edchu\u0165ou \u010cere\u0161\u0148ov\u00fd \u013ead prin\u00e1\u0161a osvie\u017euj\u00faci <strong><a href=\"https:\/\/www.elementvape.de\/sk\/\" target=\"_blank\" rel=\"noopener\">vapova\u010dov<\/a> <\/strong>z\u00e1\u017eitok, na ktor\u00fd tak skoro nezabudnete. Kombin\u00e1cia sladk\u00fdch, \u0161\u0165avnat\u00fdch \u010dere\u0161n\u00ed a chladivej \u013eadovej noty pon\u00faka jedine\u010dn\u00fd ovocn\u00fd p\u00f4\u017eitok, ktor\u00fd dokonale vynikne pri ka\u017edom potiahnut\u00ed. T\u00e1to vyv\u00e1\u017een\u00e1 zmes ide\u00e1lnym sp\u00f4sobom sp\u00e1ja prirodzen\u00fa sladkos\u0165 \u010dere\u0161n\u00ed a osvie\u017euj\u00faci chlad \u013eadu.<\/p>\n<p>V\u010faka pokro\u010dilej technol\u00f3gii Mesh Coil je ka\u017ed\u00e9 potiahnutie odmenen\u00e9 jasn\u00fdm, intenz\u00edvnym chu\u0165ov\u00fdm z\u00e1\u017eitkom. Technol\u00f3gia zais\u0165uje, \u017ee chu\u0165 \u010cere\u0161\u0148ov\u00fd \u013ead zostane v\u017edy svie\u017ea a neskreslen\u00e1, tak\u017ee si m\u00f4\u017eete naplno vychutna\u0165 ovocnos\u0165 a chlad e-liquidu v plnej intenzite.<\/p>\n<h3>Dlhotrvaj\u00faci p\u00f4\u017eitok s ve\u013ekorysou kapacitou<\/h3>\n<p>WASPE 15000 PUFFS v\u00e1m s a\u017e 15 000 potiahnutiami pon\u00faka pozoruhodn\u00fa v\u00fddr\u017e. Ve\u013ek\u00e1 22ml n\u00e1dr\u017eka na e-liquid umo\u017e\u0148uje dlh\u00fd \u010das vapovania, tak\u017ee si m\u00f4\u017eete v\u00fddatne vychutna\u0165 lahodn\u00fa chu\u0165 \u010cere\u0161\u0148ov\u00fd \u013ead bez toho, aby ste ju museli neust\u00e1le dop\u013a\u0148a\u0165. T\u00e1to ve\u013ekorys\u00e1 kapacita rob\u00ed z pr\u00edstroja ide\u00e1lneho spolo\u010dn\u00edka na rozsiahle vapovacie sedenia.<\/p>\n<p>S nab\u00edjate\u013enou 850mAh bat\u00e9riou a modern\u00fdm nab\u00edjac\u00edm portom Type-C m\u00f4\u017eete zariadenie r\u00fdchlo a efekt\u00edvne nab\u00edja\u0165. To zais\u0165uje, \u017ee ste v\u017edy pripraven\u00ed naplno si vychutna\u0165 \u013eadov\u00e9 ovocn\u00e9 pote\u0161enie z \u010cere\u0161\u0148ov\u00e9ho \u013eadu bez toho, aby ste museli akceptova\u0165 dlh\u00e9 \u010dasy nab\u00edjania.<\/p>\n<\/div>\n<\/div>\n<\/div>\n<\/div>\n<\/div>\n<\/div>","protected":false},"excerpt":{"rendered":"<p>Merkmal Details Geschmack Cherry Ice N-Gehalt 2% , 5% Puff-Kapazit\u00e4t Bis zu 15.000 Z\u00fcge E-Liquid-Kapazit\u00e4t 22ml Coil-Technologie 0,8\u03a9 Mesh Coil f\u00fcr intensiveren Geschmack und mehr Dampf Display LCD-Display zur Anzeige von Echtzeitinformationen Batterie Wiederaufladbarer 850mAh Akku Ladeanschluss Type-C Port Unvergleichlicher Geschmack bei jedem Zug Der WASPE 15000 PUFFS bringt Ihnen mit dem Geschmack von Cherry [&hellip;]<\/p>","protected":false},"featured_media":13949,"template":"","meta":{"inline_featured_image":false},"product_cat":[15,78,735,746,741,733,744,755,738,751,732,723],"product_tag":[710,674],"tiered_pricing_type":"fixed","tiered_pricing_fixed_rules":{"110":"7.91","200":"7.03","500":"6.15"},"tiered_pricing_percentage_rules":[],"tiered_pricing_minimum":1,"_administrator_tiered_pricing_type":"fixed","_administrator_tiered_pricing_fixed_rules":[],"_editor_tiered_pricing_type":"fixed","_editor_tiered_pricing_fixed_rules":[],"_author_tiered_pricing_type":"fixed","_author_tiered_pricing_fixed_rules":[],"_contributor_tiered_pricing_type":"fixed","_contributor_tiered_pricing_fixed_rules":[],"_subscriber_tiered_pricing_type":"fixed","_subscriber_tiered_pricing_fixed_rules":[],"_customer_tiered_pricing_type":"fixed","_customer_tiered_pricing_fixed_rules":[],"_shop_manager_tiered_pricing_type":"fixed","_shop_manager_tiered_pricing_fixed_rules":[],"_wpseo_manager_tiered_pricing_type":"fixed","_wpseo_manager_tiered_pricing_fixed_rules":[],"_wpseo_editor_tiered_pricing_type":"fixed","_wpseo_editor_tiered_pricing_fixed_rules":[],"_wholesale_customer_tiered_pricing_type":"fixed","_wholesale_customer_tiered_pricing_fixed_rules":[],"_marketer_tiered_pricing_type":"fixed","_marketer_tiered_pricing_fixed_rules":[],"_sales_manager_tiered_pricing_type":"fixed","_sales_manager_tiered_pricing_fixed_rules":[],"_sales_rep_tiered_pricing_type":"fixed","_sales_rep_tiered_pricing_fixed_rules":[],"yoast_head":"<!-- This site is optimized with the Yoast SEO plugin v23.3 - https:\/\/yoast.com\/wordpress\/plugins\/seo\/ -->\n<title>Eisige Fruchtigkeit Vape Cherry Ice der perfekte Mix aus s\u00fc\u00dfen Kirschen und k\u00fchler Frische WASPE 15000 PUFFS | ElementVape.de<\/title>\n<meta name=\"description\" content=\"Wir bieten Eisige Fruchtigkeit Vape Cherry Ice der perfekte Mix aus s\u00fc\u00dfen Kirschen und k\u00fchler Frische WASPE 15000 PUFFS , Elementvape.de akzeptieren Gro\u00df-und Einzelhandel Bestellungen.\" \/>\n<meta name=\"robots\" content=\"index, follow, max-snippet:-1, max-image-preview:large, max-video-preview:-1\" \/>\n<link rel=\"canonical\" href=\"https:\/\/www.elementvape.de\/sk\/produkt\/eisige-fruchtigkeit-vape-cherry-ice-der-perfekte-mix-aus-suessen-kirschen-und-kuehler-frische-waspe-15000-puffs\/\" \/>\n<meta property=\"og:locale\" content=\"sk_SK\" \/>\n<meta property=\"og:type\" content=\"article\" \/>\n<meta property=\"og:title\" content=\"Eisige Fruchtigkeit Vape Cherry Ice der perfekte Mix aus s\u00fc\u00dfen Kirschen und k\u00fchler Frische WASPE 15000 PUFFS | ElementVape.de\" \/>\n<meta property=\"og:description\" content=\"Wir bieten Eisige Fruchtigkeit Vape Cherry Ice der perfekte Mix aus s\u00fc\u00dfen Kirschen und k\u00fchler Frische WASPE 15000 PUFFS , Elementvape.de akzeptieren Gro\u00df-und Einzelhandel Bestellungen.\" \/>\n<meta property=\"og:url\" content=\"https:\/\/www.elementvape.de\/sk\/produkt\/eisige-fruchtigkeit-vape-cherry-ice-der-perfekte-mix-aus-suessen-kirschen-und-kuehler-frische-waspe-15000-puffs\/\" \/>\n<meta property=\"og:site_name\" content=\"ElementVape.de\" \/>\n<meta property=\"article:modified_time\" content=\"2024-12-12T06:34:03+00:00\" \/>\n<meta property=\"og:image\" content=\"https:\/\/www.elementvape.de\/wp-content\/uploads\/2024\/08\/Cherry-lce.jpg\" \/>\n\t<meta property=\"og:image:width\" content=\"1920\" \/>\n\t<meta property=\"og:image:height\" content=\"1536\" \/>\n\t<meta property=\"og:image:type\" content=\"image\/jpeg\" \/>\n<meta name=\"twitter:card\" content=\"summary_large_image\" \/>\n<meta name=\"twitter:label1\" content=\"Est. reading time\" \/>\n\t<meta name=\"twitter:data1\" content=\"2 min\u00faty\" \/>\n<script type=\"application\/ld+json\" class=\"yoast-schema-graph\">{\"@context\":\"https:\/\/schema.org\",\"@graph\":[{\"@type\":\"WebPage\",\"@id\":\"https:\/\/www.elementvape.de\/da\/produkt\/eisige-fruchtigkeit-vape-cherry-ice-der-perfekte-mix-aus-suessen-kirschen-und-kuehler-frische-waspe-15000-puffs\/\",\"url\":\"https:\/\/www.elementvape.de\/da\/produkt\/eisige-fruchtigkeit-vape-cherry-ice-der-perfekte-mix-aus-suessen-kirschen-und-kuehler-frische-waspe-15000-puffs\/\",\"name\":\"Eisige Fruchtigkeit Vape Cherry Ice der perfekte Mix aus s\u00fc\u00dfen Kirschen und k\u00fchler Frische WASPE 15000 PUFFS | ElementVape.de\",\"isPartOf\":{\"@id\":\"https:\/\/www.elementvape.de\/#website\"},\"primaryImageOfPage\":{\"@id\":\"https:\/\/www.elementvape.de\/da\/produkt\/eisige-fruchtigkeit-vape-cherry-ice-der-perfekte-mix-aus-suessen-kirschen-und-kuehler-frische-waspe-15000-puffs\/#primaryimage\"},\"image\":{\"@id\":\"https:\/\/www.elementvape.de\/da\/produkt\/eisige-fruchtigkeit-vape-cherry-ice-der-perfekte-mix-aus-suessen-kirschen-und-kuehler-frische-waspe-15000-puffs\/#primaryimage\"},\"thumbnailUrl\":\"https:\/\/www.elementvape.de\/wp-content\/uploads\/2024\/08\/Cherry-lce.jpg\",\"datePublished\":\"2024-08-22T07:49:50+00:00\",\"dateModified\":\"2024-12-12T06:34:03+00:00\",\"description\":\"Wir bieten Eisige Fruchtigkeit Vape Cherry Ice der perfekte Mix aus s\u00fc\u00dfen Kirschen und k\u00fchler Frische WASPE 15000 PUFFS , Elementvape.de akzeptieren Gro\u00df-und Einzelhandel Bestellungen.\",\"breadcrumb\":{\"@id\":\"https:\/\/www.elementvape.de\/da\/produkt\/eisige-fruchtigkeit-vape-cherry-ice-der-perfekte-mix-aus-suessen-kirschen-und-kuehler-frische-waspe-15000-puffs\/#breadcrumb\"},\"inLanguage\":\"sk-SK\",\"potentialAction\":[{\"@type\":\"ReadAction\",\"target\":[\"https:\/\/www.elementvape.de\/da\/produkt\/eisige-fruchtigkeit-vape-cherry-ice-der-perfekte-mix-aus-suessen-kirschen-und-kuehler-frische-waspe-15000-puffs\/\"]}]},{\"@type\":\"ImageObject\",\"inLanguage\":\"sk-SK\",\"@id\":\"https:\/\/www.elementvape.de\/da\/produkt\/eisige-fruchtigkeit-vape-cherry-ice-der-perfekte-mix-aus-suessen-kirschen-und-kuehler-frische-waspe-15000-puffs\/#primaryimage\",\"url\":\"https:\/\/www.elementvape.de\/wp-content\/uploads\/2024\/08\/Cherry-lce.jpg\",\"contentUrl\":\"https:\/\/www.elementvape.de\/wp-content\/uploads\/2024\/08\/Cherry-lce.jpg\",\"width\":1920,\"height\":1536,\"caption\":\"Cherry lce\"},{\"@type\":\"BreadcrumbList\",\"@id\":\"https:\/\/www.elementvape.de\/da\/produkt\/eisige-fruchtigkeit-vape-cherry-ice-der-perfekte-mix-aus-suessen-kirschen-und-kuehler-frische-waspe-15000-puffs\/#breadcrumb\",\"itemListElement\":[{\"@type\":\"ListItem\",\"position\":1,\"name\":\"Home\",\"item\":\"https:\/\/www.elementvape.de\/\"},{\"@type\":\"ListItem\",\"position\":2,\"name\":\"Shop\",\"item\":\"https:\/\/www.elementvape.de\/shop\/\"},{\"@type\":\"ListItem\",\"position\":3,\"name\":\"Eisige Fruchtigkeit Vape Cherry Ice der perfekte Mix aus s\u00fc\u00dfen Kirschen und k\u00fchler Frische WASPE 15000 PUFFS\"}]},{\"@type\":\"WebSite\",\"@id\":\"https:\/\/www.elementvape.de\/#website\",\"url\":\"https:\/\/www.elementvape.de\/\",\"name\":\"ElementVape.de\",\"description\":\"\",\"publisher\":{\"@id\":\"https:\/\/www.elementvape.de\/#organization\"},\"potentialAction\":[{\"@type\":\"SearchAction\",\"target\":{\"@type\":\"EntryPoint\",\"urlTemplate\":\"https:\/\/www.elementvape.de\/?s={search_term_string}\"},\"query-input\":\"required name=search_term_string\"}],\"inLanguage\":\"sk-SK\"},{\"@type\":\"Organization\",\"@id\":\"https:\/\/www.elementvape.de\/#organization\",\"name\":\"ElementVape.DE\",\"url\":\"https:\/\/www.elementvape.de\/\",\"logo\":{\"@type\":\"ImageObject\",\"inLanguage\":\"sk-SK\",\"@id\":\"https:\/\/www.elementvape.de\/#\/schema\/logo\/image\/\",\"url\":\"https:\/\/www.elementvape.de\/wp-content\/uploads\/2024\/09\/cropped-1elementvape-3.png\",\"contentUrl\":\"https:\/\/www.elementvape.de\/wp-content\/uploads\/2024\/09\/cropped-1elementvape-3.png\",\"width\":285,\"height\":228,\"caption\":\"ElementVape.DE\"},\"image\":{\"@id\":\"https:\/\/www.elementvape.de\/#\/schema\/logo\/image\/\"}}]}<\/script>\n<!-- \/ Yoast SEO plugin. -->","yoast_head_json":{"title":"Eisige Fruchtigkeit Vape Cherry Ice der perfekte Mix aus s\u00fc\u00dfen Kirschen und k\u00fchler Frische WASPE 15000 PUFFS | ElementVape.de","description":"Wir bieten Eisige Fruchtigkeit Vape Cherry Ice der perfekte Mix aus s\u00fc\u00dfen Kirschen und k\u00fchler Frische WASPE 15000 PUFFS , Elementvape.de akzeptieren Gro\u00df-und Einzelhandel Bestellungen.","robots":{"index":"index","follow":"follow","max-snippet":"max-snippet:-1","max-image-preview":"max-image-preview:large","max-video-preview":"max-video-preview:-1"},"canonical":"https:\/\/www.elementvape.de\/sk\/produkt\/eisige-fruchtigkeit-vape-cherry-ice-der-perfekte-mix-aus-suessen-kirschen-und-kuehler-frische-waspe-15000-puffs\/","og_locale":"sk_SK","og_type":"article","og_title":"Eisige Fruchtigkeit Vape Cherry Ice der perfekte Mix aus s\u00fc\u00dfen Kirschen und k\u00fchler Frische WASPE 15000 PUFFS | ElementVape.de","og_description":"Wir bieten Eisige Fruchtigkeit Vape Cherry Ice der perfekte Mix aus s\u00fc\u00dfen Kirschen und k\u00fchler Frische WASPE 15000 PUFFS , Elementvape.de akzeptieren Gro\u00df-und Einzelhandel Bestellungen.","og_url":"https:\/\/www.elementvape.de\/sk\/produkt\/eisige-fruchtigkeit-vape-cherry-ice-der-perfekte-mix-aus-suessen-kirschen-und-kuehler-frische-waspe-15000-puffs\/","og_site_name":"ElementVape.de","article_modified_time":"2024-12-12T06:34:03+00:00","og_image":[{"width":1920,"height":1536,"url":"https:\/\/www.elementvape.de\/wp-content\/uploads\/2024\/08\/Cherry-lce.jpg","type":"image\/jpeg"}],"twitter_card":"summary_large_image","twitter_misc":{"Est. reading time":"2 min\u00faty"},"schema":{"@context":"https:\/\/schema.org","@graph":[{"@type":"WebPage","@id":"https:\/\/www.elementvape.de\/da\/produkt\/eisige-fruchtigkeit-vape-cherry-ice-der-perfekte-mix-aus-suessen-kirschen-und-kuehler-frische-waspe-15000-puffs\/","url":"https:\/\/www.elementvape.de\/da\/produkt\/eisige-fruchtigkeit-vape-cherry-ice-der-perfekte-mix-aus-suessen-kirschen-und-kuehler-frische-waspe-15000-puffs\/","name":"Eisige Fruchtigkeit Vape Cherry Ice der perfekte Mix aus s\u00fc\u00dfen Kirschen und k\u00fchler Frische WASPE 15000 PUFFS | ElementVape.de","isPartOf":{"@id":"https:\/\/www.elementvape.de\/#website"},"primaryImageOfPage":{"@id":"https:\/\/www.elementvape.de\/da\/produkt\/eisige-fruchtigkeit-vape-cherry-ice-der-perfekte-mix-aus-suessen-kirschen-und-kuehler-frische-waspe-15000-puffs\/#primaryimage"},"image":{"@id":"https:\/\/www.elementvape.de\/da\/produkt\/eisige-fruchtigkeit-vape-cherry-ice-der-perfekte-mix-aus-suessen-kirschen-und-kuehler-frische-waspe-15000-puffs\/#primaryimage"},"thumbnailUrl":"https:\/\/www.elementvape.de\/wp-content\/uploads\/2024\/08\/Cherry-lce.jpg","datePublished":"2024-08-22T07:49:50+00:00","dateModified":"2024-12-12T06:34:03+00:00","description":"Wir bieten Eisige Fruchtigkeit Vape Cherry Ice der perfekte Mix aus s\u00fc\u00dfen Kirschen und k\u00fchler Frische WASPE 15000 PUFFS , Elementvape.de akzeptieren Gro\u00df-und Einzelhandel Bestellungen.","breadcrumb":{"@id":"https:\/\/www.elementvape.de\/da\/produkt\/eisige-fruchtigkeit-vape-cherry-ice-der-perfekte-mix-aus-suessen-kirschen-und-kuehler-frische-waspe-15000-puffs\/#breadcrumb"},"inLanguage":"sk-SK","potentialAction":[{"@type":"ReadAction","target":["https:\/\/www.elementvape.de\/da\/produkt\/eisige-fruchtigkeit-vape-cherry-ice-der-perfekte-mix-aus-suessen-kirschen-und-kuehler-frische-waspe-15000-puffs\/"]}]},{"@type":"ImageObject","inLanguage":"sk-SK","@id":"https:\/\/www.elementvape.de\/da\/produkt\/eisige-fruchtigkeit-vape-cherry-ice-der-perfekte-mix-aus-suessen-kirschen-und-kuehler-frische-waspe-15000-puffs\/#primaryimage","url":"https:\/\/www.elementvape.de\/wp-content\/uploads\/2024\/08\/Cherry-lce.jpg","contentUrl":"https:\/\/www.elementvape.de\/wp-content\/uploads\/2024\/08\/Cherry-lce.jpg","width":1920,"height":1536,"caption":"Cherry lce"},{"@type":"BreadcrumbList","@id":"https:\/\/www.elementvape.de\/da\/produkt\/eisige-fruchtigkeit-vape-cherry-ice-der-perfekte-mix-aus-suessen-kirschen-und-kuehler-frische-waspe-15000-puffs\/#breadcrumb","itemListElement":[{"@type":"ListItem","position":1,"name":"Home","item":"https:\/\/www.elementvape.de\/"},{"@type":"ListItem","position":2,"name":"Shop","item":"https:\/\/www.elementvape.de\/shop\/"},{"@type":"ListItem","position":3,"name":"Eisige Fruchtigkeit Vape Cherry Ice der perfekte Mix aus s\u00fc\u00dfen Kirschen und k\u00fchler Frische WASPE 15000 PUFFS"}]},{"@type":"WebSite","@id":"https:\/\/www.elementvape.de\/#website","url":"https:\/\/www.elementvape.de\/","name":"ElementVape.de","description":"","publisher":{"@id":"https:\/\/www.elementvape.de\/#organization"},"potentialAction":[{"@type":"SearchAction","target":{"@type":"EntryPoint","urlTemplate":"https:\/\/www.elementvape.de\/?s={search_term_string}"},"query-input":"required name=search_term_string"}],"inLanguage":"sk-SK"},{"@type":"Organization","@id":"https:\/\/www.elementvape.de\/#organization","name":"ElementVape.DE","url":"https:\/\/www.elementvape.de\/","logo":{"@type":"ImageObject","inLanguage":"sk-SK","@id":"https:\/\/www.elementvape.de\/#\/schema\/logo\/image\/","url":"https:\/\/www.elementvape.de\/wp-content\/uploads\/2024\/09\/cropped-1elementvape-3.png","contentUrl":"https:\/\/www.elementvape.de\/wp-content\/uploads\/2024\/09\/cropped-1elementvape-3.png","width":285,"height":228,"caption":"ElementVape.DE"},"image":{"@id":"https:\/\/www.elementvape.de\/#\/schema\/logo\/image\/"}}]}},"_links":{"self":[{"href":"https:\/\/www.elementvape.de\/sk\/wp-json\/wp\/v2\/product\/13948"}],"collection":[{"href":"https:\/\/www.elementvape.de\/sk\/wp-json\/wp\/v2\/product"}],"about":[{"href":"https:\/\/www.elementvape.de\/sk\/wp-json\/wp\/v2\/types\/product"}],"wp:featuredmedia":[{"embeddable":true,"href":"https:\/\/www.elementvape.de\/sk\/wp-json\/wp\/v2\/media\/13949"}],"wp:attachment":[{"href":"https:\/\/www.elementvape.de\/sk\/wp-json\/wp\/v2\/media?parent=13948"}],"wp:term":[{"taxonomy":"product_cat","embeddable":true,"href":"https:\/\/www.elementvape.de\/sk\/wp-json\/wp\/v2\/product_cat?post=13948"},{"taxonomy":"product_tag","embeddable":true,"href":"https:\/\/www.elementvape.de\/sk\/wp-json\/wp\/v2\/product_tag?post=13948"}],"curies":[{"name":"wp","href":"https:\/\/api.w.org\/{rel}","templated":true}]}}