{"id":13945,"date":"2024-08-22T07:44:09","date_gmt":"2024-08-22T07:44:09","guid":{"rendered":"https:\/\/www.elementvape.de\/?post_type=product&#038;p=13945"},"modified":"2024-12-12T06:34:04","modified_gmt":"2024-12-12T06:34:04","slug":"fruchtige-fusion-die-perfekte-mischung-aus-strawberry-kiwi-fuer-ultimative-frische","status":"publish","type":"product","link":"https:\/\/www.elementvape.de\/sk\/produkt\/fruchtige-fusion-die-perfekte-mischung-aus-strawberry-kiwi-fuer-ultimative-frische\/","title":{"rendered":"Ovocn\u00e1 f\u00fazia Perfektn\u00e1 zmes jahody a kiwi pre maxim\u00e1lnu svie\u017eos\u0165"},"content":{"rendered":"<table style=\"font-size: 16px;\">\n<thead>\n<tr>\n<th><strong>Vlastnos\u0165<\/strong><\/th>\n<th><strong>Detaily<\/strong><\/th>\n<\/tr>\n<\/thead>\n<tbody>\n<tr>\n<td>Chu\u0165<\/td>\n<td>Jahoda Kiwi<\/td>\n<\/tr>\n<tr>\n<td>Obsah N<\/td>\n<td>2% , 5%<\/td>\n<\/tr>\n<tr>\n<td>Kapacita puffov<\/td>\n<td>A\u017e 15 000 \u0165ahov<\/td>\n<\/tr>\n<tr>\n<td>Kapacita e-liquidu<\/td>\n<td>22 ml<\/td>\n<\/tr>\n<tr>\n<td>Technol\u00f3gia \u0161pir\u00e1lky<\/td>\n<td>0,8\u03a9 Mesh Coil pre intenz\u00edvnej\u0161iu chu\u0165 a viac pary<\/td>\n<\/tr>\n<tr>\n<td>Displej<\/td>\n<td>LCD displej na zobrazenie inform\u00e1ci\u00ed v re\u00e1lnom \u010dase<\/td>\n<\/tr>\n<tr>\n<td>Bat\u00e9ria<\/td>\n<td>Nab\u00edjate\u013en\u00e1 850mAh bat\u00e9ria<\/td>\n<\/tr>\n<tr>\n<td>Pripojenie na nab\u00edjanie<\/td>\n<td>Port Type-C<\/td>\n<\/tr>\n<\/tbody>\n<\/table>\n<hr \/>\n<h3>Ovocn\u00e1 f\u00fazia: Dokonal\u00e1 zmes Strawberry Kiwi pre maxim\u00e1lnu svie\u017eos\u0165<\/h3>\n<h4>Intenz\u00edvny ovocn\u00fd p\u00f4\u017eitok pri ka\u017edom \u0165ahu<\/h4>\n<p>Ten <strong>WASPE 15000 \u0164AHOV<\/strong> pon\u00faka v\u00e1m neporovnate\u013en\u00fa kombin\u00e1ciu sladkej jahody a osvie\u017euj\u00facej kiwi. T\u00e1to ovocn\u00e1 f\u00fazia pri ka\u017edom \u0165ahu prin\u00e1\u0161a intenz\u00edvnu expl\u00f3ziu chuti, ktor\u00e1 o\u017eiv\u00ed va\u0161e zmysly. Rovnov\u00e1ha medzi \u0161\u0165avnatou sladkos\u0165ou jahody a \u0161umivou svie\u017eos\u0165ou kiwi zabezpe\u010duje v\u00fdnimo\u010dn\u00fd z\u00e1\u017eitok z vapovania, ktor\u00fd budete chcie\u0165 opakovane za\u017e\u00edva\u0165.<\/p>\n<p>Technol\u00f3gia Mesh Coil zariadenia maximalizuje ar\u00f3my a zaru\u010duje, \u017ee za\u017eijete pln\u00fa chu\u0165 Strawberry Kiwi pri ka\u017edom \u0165ahu. Pokro\u010dil\u00e1 technol\u00f3gia odparovania zabezpe\u010duje, \u017ee chu\u0165ov\u00e9 profily zost\u00e1vaj\u00fa jasn\u00e9 a intenz\u00edvne, tak\u017ee si m\u00f4\u017eete vychutna\u0165 ovocn\u00fd p\u00f4\u017eitok v jeho najlep\u0161ej forme.<\/p>\n<h4>Dlhodob\u00fd p\u00f4\u017eitok s vysokou kapacitou<\/h4>\n<p>S kapacitou a\u017e 15 000 \u0165ahov umo\u017e\u0148uje <strong>WASPE 15000 \u0164AHOV<\/strong> dlhodob\u00fd p\u00f4\u017eitok z va\u0161ej ob\u013e\u00fabenej chuti, bez potreby \u010dast\u00e9ho dop\u013a\u0148ania. Ve\u013ekorys\u00e1 n\u00e1dr\u017e na e-liquid s objemom 22 ml zabezpe\u010duje dlh\u0161iu dobu vapovania, tak\u017ee m\u00f4\u017eete tr\u00e1vi\u0165 viac \u010dasu s osvie\u017euj\u00facou chu\u0165ou Strawberry Kiwi.<\/p>\n<p>V\u00fdkonn\u00e1 bat\u00e9ria s kapacitou 850mAh sa r\u00fdchlo nab\u00edja cez port Type-C, \u010do umo\u017e\u0148uje jednoduch\u00e9 a r\u00fdchle obnovenie energie. To zabezpe\u010duje, \u017ee ste v\u017edy pripraven\u00ed na nov\u00fa d\u00e1vku ovocn\u00e9ho vapovania a nikdy nebudete dlho \u010daka\u0165 na \u010fal\u0161\u00ed z\u00e1\u017eitok z vapovania.<\/p>\n<p><img loading=\"lazy\" decoding=\"async\" class=\"size-medium wp-image-13947\" src=\"https:\/\/www.elementvape.de\/wp-content\/uploads\/2024\/08\/Strawberry-Kiwi1-300x300.jpg\" alt=\"Jahodovo-kiwi1\" width=\"300\" height=\"300\" srcset=\"https:\/\/www.elementvape.de\/wp-content\/uploads\/2024\/08\/Strawberry-Kiwi1-300x300.jpg 300w, https:\/\/www.elementvape.de\/wp-content\/uploads\/2024\/08\/Strawberry-Kiwi1-1024x1024.jpg 1024w, https:\/\/www.elementvape.de\/wp-content\/uploads\/2024\/08\/Strawberry-Kiwi1-150x150.jpg 150w, https:\/\/www.elementvape.de\/wp-content\/uploads\/2024\/08\/Strawberry-Kiwi1-768x768.jpg 768w, https:\/\/www.elementvape.de\/wp-content\/uploads\/2024\/08\/Strawberry-Kiwi1-600x600.jpg 600w, https:\/\/www.elementvape.de\/wp-content\/uploads\/2024\/08\/Strawberry-Kiwi1-100x100.jpg 100w, https:\/\/www.elementvape.de\/wp-content\/uploads\/2024\/08\/Strawberry-Kiwi1-50x50.jpg 50w, https:\/\/www.elementvape.de\/wp-content\/uploads\/2024\/08\/Strawberry-Kiwi1.jpg 1200w\" sizes=\"(max-width: 300px) 100vw, 300px\" \/><\/p>","protected":false},"excerpt":{"rendered":"<p>Merkmal Details Geschmack Strawberry Kiwi N-Gehalt 2% , 5% Puff-Kapazit\u00e4t Bis zu 15.000 Z\u00fcge E-Liquid-Kapazit\u00e4t 22ml Coil-Technologie 0,8\u03a9 Mesh Coil f\u00fcr intensiveren Geschmack und mehr Dampf Display LCD-Display zur Anzeige von Echtzeitinformationen Batterie Wiederaufladbarer 850mAh Akku Ladeanschluss Type-C Port Fruchtige Fusion: Die perfekte Mischung aus Strawberry Kiwi f\u00fcr ultimative Frische Intensiver Fruchtgenuss bei jedem Zug [&hellip;]<\/p>","protected":false},"featured_media":13946,"template":"","meta":{"inline_featured_image":false},"product_cat":[15,78,735,746,741,733,744,755,738,751,732,723],"product_tag":[710,674],"tiered_pricing_type":"fixed","tiered_pricing_fixed_rules":{"110":"7.91","200":"7.03","500":"6.15"},"tiered_pricing_percentage_rules":[],"tiered_pricing_minimum":1,"_administrator_tiered_pricing_type":"fixed","_administrator_tiered_pricing_fixed_rules":[],"_editor_tiered_pricing_type":"fixed","_editor_tiered_pricing_fixed_rules":[],"_author_tiered_pricing_type":"fixed","_author_tiered_pricing_fixed_rules":[],"_contributor_tiered_pricing_type":"fixed","_contributor_tiered_pricing_fixed_rules":[],"_subscriber_tiered_pricing_type":"fixed","_subscriber_tiered_pricing_fixed_rules":[],"_customer_tiered_pricing_type":"fixed","_customer_tiered_pricing_fixed_rules":[],"_shop_manager_tiered_pricing_type":"fixed","_shop_manager_tiered_pricing_fixed_rules":[],"_wpseo_manager_tiered_pricing_type":"fixed","_wpseo_manager_tiered_pricing_fixed_rules":[],"_wpseo_editor_tiered_pricing_type":"fixed","_wpseo_editor_tiered_pricing_fixed_rules":[],"_wholesale_customer_tiered_pricing_type":"fixed","_wholesale_customer_tiered_pricing_fixed_rules":[],"_marketer_tiered_pricing_type":"fixed","_marketer_tiered_pricing_fixed_rules":[],"_sales_manager_tiered_pricing_type":"fixed","_sales_manager_tiered_pricing_fixed_rules":[],"_sales_rep_tiered_pricing_type":"fixed","_sales_rep_tiered_pricing_fixed_rules":[],"yoast_head":"<!-- This site is optimized with the Yoast SEO plugin v23.3 - https:\/\/yoast.com\/wordpress\/plugins\/seo\/ -->\n<title>Fruchtige Fusion Die perfekte Mischung aus Strawberry Kiwi f\u00fcr ultimative Frische | ElementVape.de<\/title>\n<meta name=\"description\" content=\"Wir bieten Fruchtige Fusion Die perfekte Mischung aus Strawberry Kiwi f\u00fcr ultimative Frische , Elementvape.de akzeptieren Gro\u00df-und Einzelhandel Bestellungen.\" \/>\n<meta name=\"robots\" content=\"index, follow, max-snippet:-1, max-image-preview:large, max-video-preview:-1\" \/>\n<link rel=\"canonical\" href=\"https:\/\/www.elementvape.de\/sk\/produkt\/fruchtige-fusion-die-perfekte-mischung-aus-strawberry-kiwi-fuer-ultimative-frische\/\" \/>\n<meta property=\"og:locale\" content=\"sk_SK\" \/>\n<meta property=\"og:type\" content=\"article\" \/>\n<meta property=\"og:title\" content=\"Fruchtige Fusion Die perfekte Mischung aus Strawberry Kiwi f\u00fcr ultimative Frische | ElementVape.de\" \/>\n<meta property=\"og:description\" content=\"Wir bieten Fruchtige Fusion Die perfekte Mischung aus Strawberry Kiwi f\u00fcr ultimative Frische , Elementvape.de akzeptieren Gro\u00df-und Einzelhandel Bestellungen.\" \/>\n<meta property=\"og:url\" content=\"https:\/\/www.elementvape.de\/sk\/produkt\/fruchtige-fusion-die-perfekte-mischung-aus-strawberry-kiwi-fuer-ultimative-frische\/\" \/>\n<meta property=\"og:site_name\" content=\"ElementVape.de\" \/>\n<meta property=\"article:modified_time\" content=\"2024-12-12T06:34:04+00:00\" \/>\n<meta property=\"og:image\" content=\"https:\/\/www.elementvape.de\/wp-content\/uploads\/2024\/08\/Strawberry-Kiwi-1.jpg\" \/>\n\t<meta property=\"og:image:width\" content=\"1920\" \/>\n\t<meta property=\"og:image:height\" content=\"1536\" \/>\n\t<meta property=\"og:image:type\" content=\"image\/jpeg\" \/>\n<meta name=\"twitter:card\" content=\"summary_large_image\" \/>\n<meta name=\"twitter:label1\" content=\"Est. reading time\" \/>\n\t<meta name=\"twitter:data1\" content=\"2 min\u00faty\" \/>\n<script type=\"application\/ld+json\" class=\"yoast-schema-graph\">{\"@context\":\"https:\/\/schema.org\",\"@graph\":[{\"@type\":\"WebPage\",\"@id\":\"https:\/\/www.elementvape.de\/produkt\/fruchtige-fusion-die-perfekte-mischung-aus-strawberry-kiwi-fuer-ultimative-frische\/\",\"url\":\"https:\/\/www.elementvape.de\/produkt\/fruchtige-fusion-die-perfekte-mischung-aus-strawberry-kiwi-fuer-ultimative-frische\/\",\"name\":\"Fruchtige Fusion Die perfekte Mischung aus Strawberry Kiwi f\u00fcr ultimative Frische | ElementVape.de\",\"isPartOf\":{\"@id\":\"https:\/\/www.elementvape.de\/#website\"},\"primaryImageOfPage\":{\"@id\":\"https:\/\/www.elementvape.de\/produkt\/fruchtige-fusion-die-perfekte-mischung-aus-strawberry-kiwi-fuer-ultimative-frische\/#primaryimage\"},\"image\":{\"@id\":\"https:\/\/www.elementvape.de\/produkt\/fruchtige-fusion-die-perfekte-mischung-aus-strawberry-kiwi-fuer-ultimative-frische\/#primaryimage\"},\"thumbnailUrl\":\"https:\/\/www.elementvape.de\/wp-content\/uploads\/2024\/08\/Strawberry-Kiwi-1.jpg\",\"datePublished\":\"2024-08-22T07:44:09+00:00\",\"dateModified\":\"2024-12-12T06:34:04+00:00\",\"description\":\"Wir bieten Fruchtige Fusion Die perfekte Mischung aus Strawberry Kiwi f\u00fcr ultimative Frische , Elementvape.de akzeptieren Gro\u00df-und Einzelhandel Bestellungen.\",\"breadcrumb\":{\"@id\":\"https:\/\/www.elementvape.de\/produkt\/fruchtige-fusion-die-perfekte-mischung-aus-strawberry-kiwi-fuer-ultimative-frische\/#breadcrumb\"},\"inLanguage\":\"sk-SK\",\"potentialAction\":[{\"@type\":\"ReadAction\",\"target\":[\"https:\/\/www.elementvape.de\/produkt\/fruchtige-fusion-die-perfekte-mischung-aus-strawberry-kiwi-fuer-ultimative-frische\/\"]}]},{\"@type\":\"ImageObject\",\"inLanguage\":\"sk-SK\",\"@id\":\"https:\/\/www.elementvape.de\/produkt\/fruchtige-fusion-die-perfekte-mischung-aus-strawberry-kiwi-fuer-ultimative-frische\/#primaryimage\",\"url\":\"https:\/\/www.elementvape.de\/wp-content\/uploads\/2024\/08\/Strawberry-Kiwi-1.jpg\",\"contentUrl\":\"https:\/\/www.elementvape.de\/wp-content\/uploads\/2024\/08\/Strawberry-Kiwi-1.jpg\",\"width\":1920,\"height\":1536,\"caption\":\"Strawberry Kiwi\"},{\"@type\":\"BreadcrumbList\",\"@id\":\"https:\/\/www.elementvape.de\/produkt\/fruchtige-fusion-die-perfekte-mischung-aus-strawberry-kiwi-fuer-ultimative-frische\/#breadcrumb\",\"itemListElement\":[{\"@type\":\"ListItem\",\"position\":1,\"name\":\"Home\",\"item\":\"https:\/\/www.elementvape.de\/\"},{\"@type\":\"ListItem\",\"position\":2,\"name\":\"Shop\",\"item\":\"https:\/\/www.elementvape.de\/shop\/\"},{\"@type\":\"ListItem\",\"position\":3,\"name\":\"Fruchtige Fusion Die perfekte Mischung aus Strawberry Kiwi f\u00fcr ultimative Frische\"}]},{\"@type\":\"WebSite\",\"@id\":\"https:\/\/www.elementvape.de\/#website\",\"url\":\"https:\/\/www.elementvape.de\/\",\"name\":\"ElementVape.de\",\"description\":\"\",\"publisher\":{\"@id\":\"https:\/\/www.elementvape.de\/#organization\"},\"potentialAction\":[{\"@type\":\"SearchAction\",\"target\":{\"@type\":\"EntryPoint\",\"urlTemplate\":\"https:\/\/www.elementvape.de\/?s={search_term_string}\"},\"query-input\":\"required name=search_term_string\"}],\"inLanguage\":\"sk-SK\"},{\"@type\":\"Organization\",\"@id\":\"https:\/\/www.elementvape.de\/#organization\",\"name\":\"ElementVape.DE\",\"url\":\"https:\/\/www.elementvape.de\/\",\"logo\":{\"@type\":\"ImageObject\",\"inLanguage\":\"sk-SK\",\"@id\":\"https:\/\/www.elementvape.de\/#\/schema\/logo\/image\/\",\"url\":\"https:\/\/www.elementvape.de\/wp-content\/uploads\/2024\/09\/cropped-1elementvape-3.png\",\"contentUrl\":\"https:\/\/www.elementvape.de\/wp-content\/uploads\/2024\/09\/cropped-1elementvape-3.png\",\"width\":285,\"height\":228,\"caption\":\"ElementVape.DE\"},\"image\":{\"@id\":\"https:\/\/www.elementvape.de\/#\/schema\/logo\/image\/\"}}]}<\/script>\n<!-- \/ Yoast SEO plugin. -->","yoast_head_json":{"title":"Fruchtige Fusion Die perfekte Mischung aus Strawberry Kiwi f\u00fcr ultimative Frische | ElementVape.de","description":"Wir bieten Fruchtige Fusion Die perfekte Mischung aus Strawberry Kiwi f\u00fcr ultimative Frische , Elementvape.de akzeptieren Gro\u00df-und Einzelhandel Bestellungen.","robots":{"index":"index","follow":"follow","max-snippet":"max-snippet:-1","max-image-preview":"max-image-preview:large","max-video-preview":"max-video-preview:-1"},"canonical":"https:\/\/www.elementvape.de\/sk\/produkt\/fruchtige-fusion-die-perfekte-mischung-aus-strawberry-kiwi-fuer-ultimative-frische\/","og_locale":"sk_SK","og_type":"article","og_title":"Fruchtige Fusion Die perfekte Mischung aus Strawberry Kiwi f\u00fcr ultimative Frische | ElementVape.de","og_description":"Wir bieten Fruchtige Fusion Die perfekte Mischung aus Strawberry Kiwi f\u00fcr ultimative Frische , Elementvape.de akzeptieren Gro\u00df-und Einzelhandel Bestellungen.","og_url":"https:\/\/www.elementvape.de\/sk\/produkt\/fruchtige-fusion-die-perfekte-mischung-aus-strawberry-kiwi-fuer-ultimative-frische\/","og_site_name":"ElementVape.de","article_modified_time":"2024-12-12T06:34:04+00:00","og_image":[{"width":1920,"height":1536,"url":"https:\/\/www.elementvape.de\/wp-content\/uploads\/2024\/08\/Strawberry-Kiwi-1.jpg","type":"image\/jpeg"}],"twitter_card":"summary_large_image","twitter_misc":{"Est. reading time":"2 min\u00faty"},"schema":{"@context":"https:\/\/schema.org","@graph":[{"@type":"WebPage","@id":"https:\/\/www.elementvape.de\/produkt\/fruchtige-fusion-die-perfekte-mischung-aus-strawberry-kiwi-fuer-ultimative-frische\/","url":"https:\/\/www.elementvape.de\/produkt\/fruchtige-fusion-die-perfekte-mischung-aus-strawberry-kiwi-fuer-ultimative-frische\/","name":"Fruchtige Fusion Die perfekte Mischung aus Strawberry Kiwi f\u00fcr ultimative Frische | ElementVape.de","isPartOf":{"@id":"https:\/\/www.elementvape.de\/#website"},"primaryImageOfPage":{"@id":"https:\/\/www.elementvape.de\/produkt\/fruchtige-fusion-die-perfekte-mischung-aus-strawberry-kiwi-fuer-ultimative-frische\/#primaryimage"},"image":{"@id":"https:\/\/www.elementvape.de\/produkt\/fruchtige-fusion-die-perfekte-mischung-aus-strawberry-kiwi-fuer-ultimative-frische\/#primaryimage"},"thumbnailUrl":"https:\/\/www.elementvape.de\/wp-content\/uploads\/2024\/08\/Strawberry-Kiwi-1.jpg","datePublished":"2024-08-22T07:44:09+00:00","dateModified":"2024-12-12T06:34:04+00:00","description":"Wir bieten Fruchtige Fusion Die perfekte Mischung aus Strawberry Kiwi f\u00fcr ultimative Frische , Elementvape.de akzeptieren Gro\u00df-und Einzelhandel Bestellungen.","breadcrumb":{"@id":"https:\/\/www.elementvape.de\/produkt\/fruchtige-fusion-die-perfekte-mischung-aus-strawberry-kiwi-fuer-ultimative-frische\/#breadcrumb"},"inLanguage":"sk-SK","potentialAction":[{"@type":"ReadAction","target":["https:\/\/www.elementvape.de\/produkt\/fruchtige-fusion-die-perfekte-mischung-aus-strawberry-kiwi-fuer-ultimative-frische\/"]}]},{"@type":"ImageObject","inLanguage":"sk-SK","@id":"https:\/\/www.elementvape.de\/produkt\/fruchtige-fusion-die-perfekte-mischung-aus-strawberry-kiwi-fuer-ultimative-frische\/#primaryimage","url":"https:\/\/www.elementvape.de\/wp-content\/uploads\/2024\/08\/Strawberry-Kiwi-1.jpg","contentUrl":"https:\/\/www.elementvape.de\/wp-content\/uploads\/2024\/08\/Strawberry-Kiwi-1.jpg","width":1920,"height":1536,"caption":"Strawberry Kiwi"},{"@type":"BreadcrumbList","@id":"https:\/\/www.elementvape.de\/produkt\/fruchtige-fusion-die-perfekte-mischung-aus-strawberry-kiwi-fuer-ultimative-frische\/#breadcrumb","itemListElement":[{"@type":"ListItem","position":1,"name":"Home","item":"https:\/\/www.elementvape.de\/"},{"@type":"ListItem","position":2,"name":"Shop","item":"https:\/\/www.elementvape.de\/shop\/"},{"@type":"ListItem","position":3,"name":"Fruchtige Fusion Die perfekte Mischung aus Strawberry Kiwi f\u00fcr ultimative Frische"}]},{"@type":"WebSite","@id":"https:\/\/www.elementvape.de\/#website","url":"https:\/\/www.elementvape.de\/","name":"ElementVape.de","description":"","publisher":{"@id":"https:\/\/www.elementvape.de\/#organization"},"potentialAction":[{"@type":"SearchAction","target":{"@type":"EntryPoint","urlTemplate":"https:\/\/www.elementvape.de\/?s={search_term_string}"},"query-input":"required name=search_term_string"}],"inLanguage":"sk-SK"},{"@type":"Organization","@id":"https:\/\/www.elementvape.de\/#organization","name":"ElementVape.DE","url":"https:\/\/www.elementvape.de\/","logo":{"@type":"ImageObject","inLanguage":"sk-SK","@id":"https:\/\/www.elementvape.de\/#\/schema\/logo\/image\/","url":"https:\/\/www.elementvape.de\/wp-content\/uploads\/2024\/09\/cropped-1elementvape-3.png","contentUrl":"https:\/\/www.elementvape.de\/wp-content\/uploads\/2024\/09\/cropped-1elementvape-3.png","width":285,"height":228,"caption":"ElementVape.DE"},"image":{"@id":"https:\/\/www.elementvape.de\/#\/schema\/logo\/image\/"}}]}},"_links":{"self":[{"href":"https:\/\/www.elementvape.de\/sk\/wp-json\/wp\/v2\/product\/13945"}],"collection":[{"href":"https:\/\/www.elementvape.de\/sk\/wp-json\/wp\/v2\/product"}],"about":[{"href":"https:\/\/www.elementvape.de\/sk\/wp-json\/wp\/v2\/types\/product"}],"wp:featuredmedia":[{"embeddable":true,"href":"https:\/\/www.elementvape.de\/sk\/wp-json\/wp\/v2\/media\/13946"}],"wp:attachment":[{"href":"https:\/\/www.elementvape.de\/sk\/wp-json\/wp\/v2\/media?parent=13945"}],"wp:term":[{"taxonomy":"product_cat","embeddable":true,"href":"https:\/\/www.elementvape.de\/sk\/wp-json\/wp\/v2\/product_cat?post=13945"},{"taxonomy":"product_tag","embeddable":true,"href":"https:\/\/www.elementvape.de\/sk\/wp-json\/wp\/v2\/product_tag?post=13945"}],"curies":[{"name":"wp","href":"https:\/\/api.w.org\/{rel}","templated":true}]}}