{"id":13919,"date":"2024-08-21T09:45:42","date_gmt":"2024-08-21T09:45:42","guid":{"rendered":"https:\/\/www.elementvape.de\/?post_type=product&#038;p=13919"},"modified":"2024-12-12T06:34:10","modified_gmt":"2024-12-12T06:34:10","slug":"frischer-mixed-berries-waspe-vape-12000-puffs-coole-led-lichter-hochwertige-e-zigarette","status":"publish","type":"product","link":"https:\/\/www.elementvape.de\/sk\/produkt\/frischer-mixed-berries-waspe-vape-12000-puffs-coole-led-lichter-hochwertige-e-zigarette\/","title":{"rendered":"\u010cerstv\u00e9 zmie\u0161an\u00e9 bobule WASPE Vape 12000 potiahnut\u00ed Chladn\u00e9 LED svetl\u00e1 Vy\u0161\u0161ia kvalita e-cigarety"},"content":{"rendered":"<h3>Z\u00e1\u017eitok z chuti Mixed Berries \u2013 Ovocn\u00e1 expl\u00f3zia najlep\u0161\u00edch bob\u00fa\u013e<\/h3>\n<p>WASPE 12000 Puffs Mixed Berries <strong><a href=\"https:\/\/www.elementvape.de\/sk\/\" target=\"_blank\" rel=\"noopener\">E-cigareta<\/a><\/strong> pon\u00faka intenz\u00edvny a vyv\u00e1\u017een\u00fd z\u00e1\u017eitok z vapovania, ktor\u00fd sp\u00e1ja ar\u00f3my r\u00f4znych bob\u00fa\u013e do harmonickej zmesi. T\u00e1to kombin\u00e1cia sladk\u00fdch, \u0161\u0165avnat\u00fdch a mierne kysl\u00fdch bob\u00fa\u013e zabezpe\u010duje komplexn\u00fd a bohat\u00fd chu\u0165ov\u00fd z\u00e1\u017eitok. Ka\u017ed\u00fd \u0165ah odha\u013euje prirodzen\u00e9 ar\u00f3my jah\u00f4d, mal\u00edn, \u010du\u010doriedok a \u010fal\u0161\u00edch bobu\u013eovit\u00fdch plodov, ktor\u00e9 s\u00fa dokonale zos\u00faladen\u00e9, aby poskytli nezamenite\u013en\u00fd a osvie\u017euj\u00faci z\u00e1\u017eitok z vapovania.<\/p>\n<p>WASPE Mixed Berries E-Cigareta je navrhnut\u00e1 pre dlh\u00e9 vapovacie seansy, preto\u017ee pon\u00faka a\u017e 12 000 \u0165ahov a je vybaven\u00e1 ve\u013ekorysou kapacitou 20 ml e-liquidu. Bat\u00e9ria s kapacitou 650 mAh zabezpe\u010duje stabiln\u00fd a dlhotrvaj\u00faci zdroj energie, zatia\u013e \u010do konektor Type-C umo\u017e\u0148uje r\u00fdchle a jednoduch\u00e9 nab\u00edjanie. V\u010faka mesh-\u0161pir\u00e1lke s odporom 0,8 \u03a9 sa e-liquid rovnomerne odparuje, \u010d\u00edm sa plne prejav\u00ed intenzita ar\u00f3my Mixed Berries.<\/p>\n<h4>Elegantn\u00fd dizajn a modern\u00e9 funkcie<\/h4>\n<p>WASPE Mixed Berries E-Cigareta disponuje elegantn\u00fdm RGB LED osvetlen\u00edm, ktor\u00e9 je nielen vizu\u00e1lne atrakt\u00edvne, ale aj zobrazuje stav prev\u00e1dzky a \u00farove\u0148 bat\u00e9rie. S hmotnos\u0165ou len 82 g a rozmermi 35 x 36 x 133,5 mm sa pohodlne dr\u017e\u00ed v ruke a je ide\u00e1lna na ka\u017edodenn\u00e9 pou\u017eitie aj na cest\u00e1ch. Automatick\u00e9 \u0165ahanie zabezpe\u010duje jednoduch\u00e9 a intuit\u00edvne ovl\u00e1danie \u2013 sta\u010d\u00ed \u0165aha\u0165 a vychutn\u00e1va\u0165 si.<\/p>\n<h4>Vysokokvalitn\u00e9 vapovanie s ovocnou pr\u00edchu\u0165ou<\/h4>\n<p>WASPE 12000 Puffs Mixed Berries E-Cigareta kombinuje komplexn\u00fa ar\u00f3mu bob\u00fa\u013e s modernou technol\u00f3giou a \u0161t\u00fdlov\u00fdm dizajnom. T\u00e1to e-cigareta je ide\u00e1lnou vo\u013ebou pre t\u00fdch, ktor\u00ed h\u013eadaj\u00fa intenz\u00edvny a rozmanit\u00fd chu\u0165ov\u00fd z\u00e1\u017eitok. V\u010faka atrakt\u00edvnej ve\u013ekoobchodnej cene je vhodn\u00e1 na osobn\u00e9 pou\u017eitie aj na distrib\u00faciu.<\/p>","protected":false},"excerpt":{"rendered":"<p>Geschmackserlebnis Mixed Berries \u2013 Eine fruchtige Explosion der besten Beeren Die WASPE 12000 Puffs Mixed Berries E-Zigarette bietet ein intensives und ausgewogenes Dampferlebnis, das die Aromen verschiedener Beeren zu einer harmonischen Mischung vereint. Diese Kombination aus s\u00fc\u00dfen, saftigen und leicht s\u00e4uerlichen Beeren sorgt f\u00fcr ein komplexes und reichhaltiges Geschmackserlebnis. Jeder Zug entfaltet die nat\u00fcrlichen Aromen [&hellip;]<\/p>","protected":false},"featured_media":13920,"template":"","meta":{"inline_featured_image":false},"product_cat":[15,78,735,746,741,733,744,755,738,751,732,722],"product_tag":[710,673],"tiered_pricing_type":"fixed","tiered_pricing_fixed_rules":{"110":"6.75","200":"6.00","500":"5.25"},"tiered_pricing_percentage_rules":[],"tiered_pricing_minimum":1,"_administrator_tiered_pricing_type":"fixed","_administrator_tiered_pricing_fixed_rules":[],"_editor_tiered_pricing_type":"fixed","_editor_tiered_pricing_fixed_rules":[],"_author_tiered_pricing_type":"fixed","_author_tiered_pricing_fixed_rules":[],"_contributor_tiered_pricing_type":"fixed","_contributor_tiered_pricing_fixed_rules":[],"_subscriber_tiered_pricing_type":"fixed","_subscriber_tiered_pricing_fixed_rules":[],"_customer_tiered_pricing_type":"fixed","_customer_tiered_pricing_fixed_rules":[],"_shop_manager_tiered_pricing_type":"fixed","_shop_manager_tiered_pricing_fixed_rules":[],"_wpseo_manager_tiered_pricing_type":"fixed","_wpseo_manager_tiered_pricing_fixed_rules":[],"_wpseo_editor_tiered_pricing_type":"fixed","_wpseo_editor_tiered_pricing_fixed_rules":[],"_wholesale_customer_tiered_pricing_type":"fixed","_wholesale_customer_tiered_pricing_fixed_rules":[],"_marketer_tiered_pricing_type":"fixed","_marketer_tiered_pricing_fixed_rules":[],"_sales_manager_tiered_pricing_type":"fixed","_sales_manager_tiered_pricing_fixed_rules":[],"_sales_rep_tiered_pricing_type":"fixed","_sales_rep_tiered_pricing_fixed_rules":[],"yoast_head":"<!-- This site is optimized with the Yoast SEO plugin v23.3 - https:\/\/yoast.com\/wordpress\/plugins\/seo\/ -->\n<title>Frischer Mixed Berries WASPE Vape 12000 Puffs Coole LED-Lichter Hochwertige E-Zigarette | ElementVape.de<\/title>\n<meta name=\"description\" content=\"Wir bieten Frischer Mixed Berries WASPE Vape 12000 Puffs Coole LED-Lichter Hochwertige E-Zigarette , Elementvape.de akzeptieren Gro\u00df-und Einzelhandel Bestellungen.\" \/>\n<meta name=\"robots\" content=\"index, follow, max-snippet:-1, max-image-preview:large, max-video-preview:-1\" \/>\n<link rel=\"canonical\" href=\"https:\/\/www.elementvape.de\/sk\/produkt\/frischer-mixed-berries-waspe-vape-12000-puffs-coole-led-lichter-hochwertige-e-zigarette\/\" \/>\n<meta property=\"og:locale\" content=\"sk_SK\" \/>\n<meta property=\"og:type\" content=\"article\" \/>\n<meta property=\"og:title\" content=\"Frischer Mixed Berries WASPE Vape 12000 Puffs Coole LED-Lichter Hochwertige E-Zigarette | ElementVape.de\" \/>\n<meta property=\"og:description\" content=\"Wir bieten Frischer Mixed Berries WASPE Vape 12000 Puffs Coole LED-Lichter Hochwertige E-Zigarette , Elementvape.de akzeptieren Gro\u00df-und Einzelhandel Bestellungen.\" \/>\n<meta property=\"og:url\" content=\"https:\/\/www.elementvape.de\/sk\/produkt\/frischer-mixed-berries-waspe-vape-12000-puffs-coole-led-lichter-hochwertige-e-zigarette\/\" \/>\n<meta property=\"og:site_name\" content=\"ElementVape.de\" \/>\n<meta property=\"article:modified_time\" content=\"2024-12-12T06:34:10+00:00\" \/>\n<meta property=\"og:image\" content=\"https:\/\/www.elementvape.de\/wp-content\/uploads\/2024\/08\/Mixed-Berries.jpg\" \/>\n\t<meta property=\"og:image:width\" content=\"2000\" \/>\n\t<meta property=\"og:image:height\" content=\"2000\" \/>\n\t<meta property=\"og:image:type\" content=\"image\/jpeg\" \/>\n<meta name=\"twitter:card\" content=\"summary_large_image\" \/>\n<meta name=\"twitter:label1\" content=\"Est. reading time\" \/>\n\t<meta name=\"twitter:data1\" content=\"2 min\u00faty\" \/>\n<script type=\"application\/ld+json\" class=\"yoast-schema-graph\">{\"@context\":\"https:\/\/schema.org\",\"@graph\":[{\"@type\":\"WebPage\",\"@id\":\"https:\/\/www.elementvape.de\/da\/produkt\/frischer-mixed-berries-waspe-vape-12000-puffs-coole-led-lichter-hochwertige-e-zigarette\/\",\"url\":\"https:\/\/www.elementvape.de\/da\/produkt\/frischer-mixed-berries-waspe-vape-12000-puffs-coole-led-lichter-hochwertige-e-zigarette\/\",\"name\":\"Frischer Mixed Berries WASPE Vape 12000 Puffs Coole LED-Lichter Hochwertige E-Zigarette | ElementVape.de\",\"isPartOf\":{\"@id\":\"https:\/\/www.elementvape.de\/#website\"},\"primaryImageOfPage\":{\"@id\":\"https:\/\/www.elementvape.de\/da\/produkt\/frischer-mixed-berries-waspe-vape-12000-puffs-coole-led-lichter-hochwertige-e-zigarette\/#primaryimage\"},\"image\":{\"@id\":\"https:\/\/www.elementvape.de\/da\/produkt\/frischer-mixed-berries-waspe-vape-12000-puffs-coole-led-lichter-hochwertige-e-zigarette\/#primaryimage\"},\"thumbnailUrl\":\"https:\/\/www.elementvape.de\/wp-content\/uploads\/2024\/08\/Mixed-Berries.jpg\",\"datePublished\":\"2024-08-21T09:45:42+00:00\",\"dateModified\":\"2024-12-12T06:34:10+00:00\",\"description\":\"Wir bieten Frischer Mixed Berries WASPE Vape 12000 Puffs Coole LED-Lichter Hochwertige E-Zigarette , Elementvape.de akzeptieren Gro\u00df-und Einzelhandel Bestellungen.\",\"breadcrumb\":{\"@id\":\"https:\/\/www.elementvape.de\/da\/produkt\/frischer-mixed-berries-waspe-vape-12000-puffs-coole-led-lichter-hochwertige-e-zigarette\/#breadcrumb\"},\"inLanguage\":\"sk-SK\",\"potentialAction\":[{\"@type\":\"ReadAction\",\"target\":[\"https:\/\/www.elementvape.de\/da\/produkt\/frischer-mixed-berries-waspe-vape-12000-puffs-coole-led-lichter-hochwertige-e-zigarette\/\"]}]},{\"@type\":\"ImageObject\",\"inLanguage\":\"sk-SK\",\"@id\":\"https:\/\/www.elementvape.de\/da\/produkt\/frischer-mixed-berries-waspe-vape-12000-puffs-coole-led-lichter-hochwertige-e-zigarette\/#primaryimage\",\"url\":\"https:\/\/www.elementvape.de\/wp-content\/uploads\/2024\/08\/Mixed-Berries.jpg\",\"contentUrl\":\"https:\/\/www.elementvape.de\/wp-content\/uploads\/2024\/08\/Mixed-Berries.jpg\",\"width\":2000,\"height\":2000,\"caption\":\"Mixed Berries\"},{\"@type\":\"BreadcrumbList\",\"@id\":\"https:\/\/www.elementvape.de\/da\/produkt\/frischer-mixed-berries-waspe-vape-12000-puffs-coole-led-lichter-hochwertige-e-zigarette\/#breadcrumb\",\"itemListElement\":[{\"@type\":\"ListItem\",\"position\":1,\"name\":\"Home\",\"item\":\"https:\/\/www.elementvape.de\/\"},{\"@type\":\"ListItem\",\"position\":2,\"name\":\"Shop\",\"item\":\"https:\/\/www.elementvape.de\/shop\/\"},{\"@type\":\"ListItem\",\"position\":3,\"name\":\"Frischer Mixed Berries WASPE Vape 12000 Puffs Coole LED-Lichter Hochwertige E-Zigarette\"}]},{\"@type\":\"WebSite\",\"@id\":\"https:\/\/www.elementvape.de\/#website\",\"url\":\"https:\/\/www.elementvape.de\/\",\"name\":\"ElementVape.de\",\"description\":\"\",\"publisher\":{\"@id\":\"https:\/\/www.elementvape.de\/#organization\"},\"potentialAction\":[{\"@type\":\"SearchAction\",\"target\":{\"@type\":\"EntryPoint\",\"urlTemplate\":\"https:\/\/www.elementvape.de\/?s={search_term_string}\"},\"query-input\":\"required name=search_term_string\"}],\"inLanguage\":\"sk-SK\"},{\"@type\":\"Organization\",\"@id\":\"https:\/\/www.elementvape.de\/#organization\",\"name\":\"ElementVape.DE\",\"url\":\"https:\/\/www.elementvape.de\/\",\"logo\":{\"@type\":\"ImageObject\",\"inLanguage\":\"sk-SK\",\"@id\":\"https:\/\/www.elementvape.de\/#\/schema\/logo\/image\/\",\"url\":\"https:\/\/www.elementvape.de\/wp-content\/uploads\/2024\/09\/cropped-1elementvape-3.png\",\"contentUrl\":\"https:\/\/www.elementvape.de\/wp-content\/uploads\/2024\/09\/cropped-1elementvape-3.png\",\"width\":285,\"height\":228,\"caption\":\"ElementVape.DE\"},\"image\":{\"@id\":\"https:\/\/www.elementvape.de\/#\/schema\/logo\/image\/\"}}]}<\/script>\n<!-- \/ Yoast SEO plugin. -->","yoast_head_json":{"title":"Frischer Mixed Berries WASPE Vape 12000 Puffs Coole LED-Lichter Hochwertige E-Zigarette | ElementVape.de","description":"Wir bieten Frischer Mixed Berries WASPE Vape 12000 Puffs Coole LED-Lichter Hochwertige E-Zigarette , Elementvape.de akzeptieren Gro\u00df-und Einzelhandel Bestellungen.","robots":{"index":"index","follow":"follow","max-snippet":"max-snippet:-1","max-image-preview":"max-image-preview:large","max-video-preview":"max-video-preview:-1"},"canonical":"https:\/\/www.elementvape.de\/sk\/produkt\/frischer-mixed-berries-waspe-vape-12000-puffs-coole-led-lichter-hochwertige-e-zigarette\/","og_locale":"sk_SK","og_type":"article","og_title":"Frischer Mixed Berries WASPE Vape 12000 Puffs Coole LED-Lichter Hochwertige E-Zigarette | ElementVape.de","og_description":"Wir bieten Frischer Mixed Berries WASPE Vape 12000 Puffs Coole LED-Lichter Hochwertige E-Zigarette , Elementvape.de akzeptieren Gro\u00df-und Einzelhandel Bestellungen.","og_url":"https:\/\/www.elementvape.de\/sk\/produkt\/frischer-mixed-berries-waspe-vape-12000-puffs-coole-led-lichter-hochwertige-e-zigarette\/","og_site_name":"ElementVape.de","article_modified_time":"2024-12-12T06:34:10+00:00","og_image":[{"width":2000,"height":2000,"url":"https:\/\/www.elementvape.de\/wp-content\/uploads\/2024\/08\/Mixed-Berries.jpg","type":"image\/jpeg"}],"twitter_card":"summary_large_image","twitter_misc":{"Est. reading time":"2 min\u00faty"},"schema":{"@context":"https:\/\/schema.org","@graph":[{"@type":"WebPage","@id":"https:\/\/www.elementvape.de\/da\/produkt\/frischer-mixed-berries-waspe-vape-12000-puffs-coole-led-lichter-hochwertige-e-zigarette\/","url":"https:\/\/www.elementvape.de\/da\/produkt\/frischer-mixed-berries-waspe-vape-12000-puffs-coole-led-lichter-hochwertige-e-zigarette\/","name":"Frischer Mixed Berries WASPE Vape 12000 Puffs Coole LED-Lichter Hochwertige E-Zigarette | ElementVape.de","isPartOf":{"@id":"https:\/\/www.elementvape.de\/#website"},"primaryImageOfPage":{"@id":"https:\/\/www.elementvape.de\/da\/produkt\/frischer-mixed-berries-waspe-vape-12000-puffs-coole-led-lichter-hochwertige-e-zigarette\/#primaryimage"},"image":{"@id":"https:\/\/www.elementvape.de\/da\/produkt\/frischer-mixed-berries-waspe-vape-12000-puffs-coole-led-lichter-hochwertige-e-zigarette\/#primaryimage"},"thumbnailUrl":"https:\/\/www.elementvape.de\/wp-content\/uploads\/2024\/08\/Mixed-Berries.jpg","datePublished":"2024-08-21T09:45:42+00:00","dateModified":"2024-12-12T06:34:10+00:00","description":"Wir bieten Frischer Mixed Berries WASPE Vape 12000 Puffs Coole LED-Lichter Hochwertige E-Zigarette , Elementvape.de akzeptieren Gro\u00df-und Einzelhandel Bestellungen.","breadcrumb":{"@id":"https:\/\/www.elementvape.de\/da\/produkt\/frischer-mixed-berries-waspe-vape-12000-puffs-coole-led-lichter-hochwertige-e-zigarette\/#breadcrumb"},"inLanguage":"sk-SK","potentialAction":[{"@type":"ReadAction","target":["https:\/\/www.elementvape.de\/da\/produkt\/frischer-mixed-berries-waspe-vape-12000-puffs-coole-led-lichter-hochwertige-e-zigarette\/"]}]},{"@type":"ImageObject","inLanguage":"sk-SK","@id":"https:\/\/www.elementvape.de\/da\/produkt\/frischer-mixed-berries-waspe-vape-12000-puffs-coole-led-lichter-hochwertige-e-zigarette\/#primaryimage","url":"https:\/\/www.elementvape.de\/wp-content\/uploads\/2024\/08\/Mixed-Berries.jpg","contentUrl":"https:\/\/www.elementvape.de\/wp-content\/uploads\/2024\/08\/Mixed-Berries.jpg","width":2000,"height":2000,"caption":"Mixed Berries"},{"@type":"BreadcrumbList","@id":"https:\/\/www.elementvape.de\/da\/produkt\/frischer-mixed-berries-waspe-vape-12000-puffs-coole-led-lichter-hochwertige-e-zigarette\/#breadcrumb","itemListElement":[{"@type":"ListItem","position":1,"name":"Home","item":"https:\/\/www.elementvape.de\/"},{"@type":"ListItem","position":2,"name":"Shop","item":"https:\/\/www.elementvape.de\/shop\/"},{"@type":"ListItem","position":3,"name":"Frischer Mixed Berries WASPE Vape 12000 Puffs Coole LED-Lichter Hochwertige E-Zigarette"}]},{"@type":"WebSite","@id":"https:\/\/www.elementvape.de\/#website","url":"https:\/\/www.elementvape.de\/","name":"ElementVape.de","description":"","publisher":{"@id":"https:\/\/www.elementvape.de\/#organization"},"potentialAction":[{"@type":"SearchAction","target":{"@type":"EntryPoint","urlTemplate":"https:\/\/www.elementvape.de\/?s={search_term_string}"},"query-input":"required name=search_term_string"}],"inLanguage":"sk-SK"},{"@type":"Organization","@id":"https:\/\/www.elementvape.de\/#organization","name":"ElementVape.DE","url":"https:\/\/www.elementvape.de\/","logo":{"@type":"ImageObject","inLanguage":"sk-SK","@id":"https:\/\/www.elementvape.de\/#\/schema\/logo\/image\/","url":"https:\/\/www.elementvape.de\/wp-content\/uploads\/2024\/09\/cropped-1elementvape-3.png","contentUrl":"https:\/\/www.elementvape.de\/wp-content\/uploads\/2024\/09\/cropped-1elementvape-3.png","width":285,"height":228,"caption":"ElementVape.DE"},"image":{"@id":"https:\/\/www.elementvape.de\/#\/schema\/logo\/image\/"}}]}},"_links":{"self":[{"href":"https:\/\/www.elementvape.de\/sk\/wp-json\/wp\/v2\/product\/13919"}],"collection":[{"href":"https:\/\/www.elementvape.de\/sk\/wp-json\/wp\/v2\/product"}],"about":[{"href":"https:\/\/www.elementvape.de\/sk\/wp-json\/wp\/v2\/types\/product"}],"wp:featuredmedia":[{"embeddable":true,"href":"https:\/\/www.elementvape.de\/sk\/wp-json\/wp\/v2\/media\/13920"}],"wp:attachment":[{"href":"https:\/\/www.elementvape.de\/sk\/wp-json\/wp\/v2\/media?parent=13919"}],"wp:term":[{"taxonomy":"product_cat","embeddable":true,"href":"https:\/\/www.elementvape.de\/sk\/wp-json\/wp\/v2\/product_cat?post=13919"},{"taxonomy":"product_tag","embeddable":true,"href":"https:\/\/www.elementvape.de\/sk\/wp-json\/wp\/v2\/product_tag?post=13919"}],"curies":[{"name":"wp","href":"https:\/\/api.w.org\/{rel}","templated":true}]}}