{"id":13905,"date":"2024-08-21T06:17:53","date_gmt":"2024-08-21T06:17:53","guid":{"rendered":"https:\/\/www.elementvape.de\/?post_type=product&#038;p=13905"},"modified":"2024-12-12T06:34:17","modified_gmt":"2024-12-12T06:34:17","slug":"strawberry-watermelon-waspe-12000-puffs-coole-led-lichter-grosshandelspreis-fuer-e-zigaretten","status":"publish","type":"product","link":"https:\/\/www.elementvape.de\/sk\/produkt\/strawberry-watermelon-waspe-12000-puffs-coole-led-lichter-grosshandelspreis-fuer-e-zigaretten\/","title":{"rendered":"Jahodov\u00e1 vodn\u00e1 mel\u00f3n WASPE 12000 potiahnut\u00ed Chladn\u00e9 LED svetl\u00e1 Ve\u013ekoobchodn\u00e1 cena za e-cigaretky"},"content":{"rendered":"<h2><strong>Strawberry Watermelon WASPE 12000 Puffs e-cigareta: Ovocn\u00e1 chu\u0165 so \u0161t\u00fdlom<\/strong><\/h2>\n<table>\n<thead>\n<tr>\n<th><strong>Vlastnos\u0165<\/strong><\/th>\n<th><strong>Detaily<\/strong><\/th>\n<\/tr>\n<\/thead>\n<tbody>\n<tr>\n<td>Chu\u0165<\/td>\n<td>Jahoda a vodn\u00e1 mel\u00f3n<\/td>\n<\/tr>\n<tr>\n<td>Po\u010det \u0165ahov<\/td>\n<td>12.000<\/td>\n<\/tr>\n<tr>\n<td>Kapacita e-liquidu<\/td>\n<td>20 ml<\/td>\n<\/tr>\n<tr>\n<td>Obsah N<\/td>\n<td>\u00a02% , 5%<\/td>\n<\/tr>\n<tr>\n<td>Kapacita bat\u00e9rie<\/td>\n<td>650 mAh<\/td>\n<\/tr>\n<tr>\n<td>Nab\u00edjanie<\/td>\n<td>Type-C<\/td>\n<\/tr>\n<tr>\n<td>Osvetlenie<\/td>\n<td>RGB LED<\/td>\n<\/tr>\n<tr>\n<td>Odpor cievky<\/td>\n<td>Mesh cievka 0,8 \u03a9<\/td>\n<\/tr>\n<tr>\n<td>Aktiv\u00e1cia<\/td>\n<td>Automatick\u00e9 pod\u00e1vanie<\/td>\n<\/tr>\n<tr>\n<td>Liquid- z\u00e1sobn\u00edk<\/td>\n<td>14 ml<\/td>\n<\/tr>\n<tr>\n<td>Odpor vykurovacieho dr\u00f4tu<\/td>\n<td>Sie\u0165ov\u00e9 jadro 1,0 \u03a9<\/td>\n<\/tr>\n<tr>\n<td>Hmotnos\u0165 produktu<\/td>\n<td>82 g<\/td>\n<\/tr>\n<tr>\n<td>Ve\u013ekos\u0165 produktu<\/td>\n<td>35 x 36 x 133,5 mm<\/td>\n<\/tr>\n<\/tbody>\n<\/table>\n<h4><strong>Popis<\/strong><\/h4>\n<p>Ovocn\u00e1 chu\u0165: Strawberry Watermelon WASPE e-cigareta kombinuje sladk\u00fa, \u0161\u0165avnat\u00fa pozn\u00e1mku jah\u00f4d s osvie\u017euj\u00facou ovocnos\u0165ou vodn\u00e9ho mel\u00f3nu. T\u00e1to lahodn\u00e1 zmes zabezpe\u010duje harmonick\u00fd a intenz\u00edvny z\u00e1\u017eitok z chuti, ktor\u00fd sprav\u00ed ka\u017ed\u00fd potiahnutie skuto\u010dn\u00fdm p\u00f4\u017eitkom.<\/p>\n<p>Technick\u00e9 \u0161pecifik\u00e1cie: S kapacitou 12 000 potiahnut\u00ed a 20 ml e-liquidu pon\u00faka tento model dlhodob\u00fd z\u00e1\u017eitok s paren\u00edm. V\u00fdkonn\u00e1 bat\u00e9ria 650 mAh sa d\u00e1 r\u00fdchlo a pohodlne nabi\u0165 cez pripojenie Type-C. Mesh-\u0161pir\u00e1la 0,8 \u03a9 zabezpe\u010duje rovnomern\u00e9 odparovanie a intenz\u00edvnu chu\u0165.<\/p>\n<p>\u0160t\u00fdlov\u00fd dizajn: RGB LED osvetlenie zabezpe\u010duje modern\u00fd vzh\u013ead a z\u00e1rove\u0148 ukazuje prev\u00e1dzkov\u00fd stav a stav bat\u00e9rie. S hmotnos\u0165ou iba 82 g a kompaktn\u00fdmi rozmermi 35 x 36 x 133,5 mm sa <strong><a href=\"https:\/\/www.elementvape.de\/sk\/\" target=\"_blank\" rel=\"noopener\">E-cigareta<\/a><\/strong> pohodlne dr\u017e\u00ed v ruke a je ide\u00e1lna na ka\u017edodenn\u00e9 pou\u017eitie aj na cest\u00e1ch.<\/p>\n<p>Z\u00e1ver: Strawberry Watermelon WASPE 12000 Puffs e-cigareta pon\u00faka v\u00fdnimo\u010dn\u00fa kombin\u00e1ciu chu\u0165ovej excelentnosti, v\u00fdkonn\u00fdch technol\u00f3gi\u00ed a \u0161t\u00fdlov\u00e9ho dizajnu. Ide\u00e1lna pre osobn\u00e9 pou\u017eitie aj ve\u013ekoobchod \u2013 za\u017eite vynikaj\u00faci z\u00e1\u017eitok z parenia za atrakt\u00edvnu cenu.<\/p>","protected":false},"excerpt":{"rendered":"<p>Strawberry Watermelon WASPE 12000 Puffs E-Zigarette: Fruchtiger Genuss mit Stil Eigenschaft Details Geschmack Erdbeere und Wassermelone Anzahl der Z\u00fcge 12.000 E-Liquid Kapazit\u00e4t 20 ml N-Gehalt \u00a02% , 5% Akku-Kapazit\u00e4t 650 mAh Aufladung Type-C Beleuchtung RGB LED Coil Widerstand 0,8 \u03a9 Mesh-Coil Aktivierung Zugautomatik Liquid-Speicher 14 ml Heizdraht Widerstand Mesh-Kern 1,0 \u03a9 Produktgewicht 82 g Produktgr\u00f6\u00dfe [&hellip;]<\/p>","protected":false},"featured_media":13906,"template":"","meta":{"inline_featured_image":false},"product_cat":[15,78,735,746,741,733,744,755,738,751,732,722],"product_tag":[710,673],"tiered_pricing_type":"fixed","tiered_pricing_fixed_rules":{"110":"6.75","200":"6.00","500":"5.25"},"tiered_pricing_percentage_rules":[],"tiered_pricing_minimum":1,"_administrator_tiered_pricing_type":"fixed","_administrator_tiered_pricing_fixed_rules":[],"_editor_tiered_pricing_type":"fixed","_editor_tiered_pricing_fixed_rules":[],"_author_tiered_pricing_type":"fixed","_author_tiered_pricing_fixed_rules":[],"_contributor_tiered_pricing_type":"fixed","_contributor_tiered_pricing_fixed_rules":[],"_subscriber_tiered_pricing_type":"fixed","_subscriber_tiered_pricing_fixed_rules":[],"_customer_tiered_pricing_type":"fixed","_customer_tiered_pricing_fixed_rules":[],"_shop_manager_tiered_pricing_type":"fixed","_shop_manager_tiered_pricing_fixed_rules":[],"_wpseo_manager_tiered_pricing_type":"fixed","_wpseo_manager_tiered_pricing_fixed_rules":[],"_wpseo_editor_tiered_pricing_type":"fixed","_wpseo_editor_tiered_pricing_fixed_rules":[],"_wholesale_customer_tiered_pricing_type":"fixed","_wholesale_customer_tiered_pricing_fixed_rules":[],"_marketer_tiered_pricing_type":"fixed","_marketer_tiered_pricing_fixed_rules":[],"_sales_manager_tiered_pricing_type":"fixed","_sales_manager_tiered_pricing_fixed_rules":[],"_sales_rep_tiered_pricing_type":"fixed","_sales_rep_tiered_pricing_fixed_rules":[],"yoast_head":"<!-- This site is optimized with the Yoast SEO plugin v23.3 - https:\/\/yoast.com\/wordpress\/plugins\/seo\/ -->\n<title>Strawberry Watermelon WASPE 12000 Puffs Coole LED-Lichter Gro\u00dfhandelspreis f\u00fcr E-Zigaretten | ElementVape.de<\/title>\n<meta name=\"description\" content=\"Wir bieten Strawberry Watermelon WASPE 12000 Puffs Coole LED-Lichter Gro\u00dfhandelspreis f\u00fcr E-Zigaretten , Elementvape.de akzeptieren Gro\u00df-und Einzelhandel Bestellungen.\" \/>\n<meta name=\"robots\" content=\"index, follow, max-snippet:-1, max-image-preview:large, max-video-preview:-1\" \/>\n<link rel=\"canonical\" href=\"https:\/\/www.elementvape.de\/sk\/produkt\/strawberry-watermelon-waspe-12000-puffs-coole-led-lichter-grosshandelspreis-fuer-e-zigaretten\/\" \/>\n<meta property=\"og:locale\" content=\"sk_SK\" \/>\n<meta property=\"og:type\" content=\"article\" \/>\n<meta property=\"og:title\" content=\"Strawberry Watermelon WASPE 12000 Puffs Coole LED-Lichter Gro\u00dfhandelspreis f\u00fcr E-Zigaretten | ElementVape.de\" \/>\n<meta property=\"og:description\" content=\"Wir bieten Strawberry Watermelon WASPE 12000 Puffs Coole LED-Lichter Gro\u00dfhandelspreis f\u00fcr E-Zigaretten , Elementvape.de akzeptieren Gro\u00df-und Einzelhandel Bestellungen.\" \/>\n<meta property=\"og:url\" content=\"https:\/\/www.elementvape.de\/sk\/produkt\/strawberry-watermelon-waspe-12000-puffs-coole-led-lichter-grosshandelspreis-fuer-e-zigaretten\/\" \/>\n<meta property=\"og:site_name\" content=\"ElementVape.de\" \/>\n<meta property=\"article:modified_time\" content=\"2024-12-12T06:34:17+00:00\" \/>\n<meta property=\"og:image\" content=\"https:\/\/www.elementvape.de\/wp-content\/uploads\/2024\/08\/strawberry-watermelon.jpg\" \/>\n\t<meta property=\"og:image:width\" content=\"2000\" \/>\n\t<meta property=\"og:image:height\" content=\"2000\" \/>\n\t<meta property=\"og:image:type\" content=\"image\/jpeg\" \/>\n<meta name=\"twitter:card\" content=\"summary_large_image\" \/>\n<meta name=\"twitter:label1\" content=\"Est. reading time\" \/>\n\t<meta name=\"twitter:data1\" content=\"2 min\u00faty\" \/>\n<script type=\"application\/ld+json\" class=\"yoast-schema-graph\">{\"@context\":\"https:\/\/schema.org\",\"@graph\":[{\"@type\":\"WebPage\",\"@id\":\"https:\/\/www.elementvape.de\/produkt\/strawberry-watermelon-waspe-12000-puffs-coole-led-lichter-grosshandelspreis-fuer-e-zigaretten\/\",\"url\":\"https:\/\/www.elementvape.de\/produkt\/strawberry-watermelon-waspe-12000-puffs-coole-led-lichter-grosshandelspreis-fuer-e-zigaretten\/\",\"name\":\"Strawberry Watermelon WASPE 12000 Puffs Coole LED-Lichter Gro\u00dfhandelspreis f\u00fcr E-Zigaretten | ElementVape.de\",\"isPartOf\":{\"@id\":\"https:\/\/www.elementvape.de\/#website\"},\"primaryImageOfPage\":{\"@id\":\"https:\/\/www.elementvape.de\/produkt\/strawberry-watermelon-waspe-12000-puffs-coole-led-lichter-grosshandelspreis-fuer-e-zigaretten\/#primaryimage\"},\"image\":{\"@id\":\"https:\/\/www.elementvape.de\/produkt\/strawberry-watermelon-waspe-12000-puffs-coole-led-lichter-grosshandelspreis-fuer-e-zigaretten\/#primaryimage\"},\"thumbnailUrl\":\"https:\/\/www.elementvape.de\/wp-content\/uploads\/2024\/08\/strawberry-watermelon.jpg\",\"datePublished\":\"2024-08-21T06:17:53+00:00\",\"dateModified\":\"2024-12-12T06:34:17+00:00\",\"description\":\"Wir bieten Strawberry Watermelon WASPE 12000 Puffs Coole LED-Lichter Gro\u00dfhandelspreis f\u00fcr E-Zigaretten , Elementvape.de akzeptieren Gro\u00df-und Einzelhandel Bestellungen.\",\"breadcrumb\":{\"@id\":\"https:\/\/www.elementvape.de\/produkt\/strawberry-watermelon-waspe-12000-puffs-coole-led-lichter-grosshandelspreis-fuer-e-zigaretten\/#breadcrumb\"},\"inLanguage\":\"sk-SK\",\"potentialAction\":[{\"@type\":\"ReadAction\",\"target\":[\"https:\/\/www.elementvape.de\/produkt\/strawberry-watermelon-waspe-12000-puffs-coole-led-lichter-grosshandelspreis-fuer-e-zigaretten\/\"]}]},{\"@type\":\"ImageObject\",\"inLanguage\":\"sk-SK\",\"@id\":\"https:\/\/www.elementvape.de\/produkt\/strawberry-watermelon-waspe-12000-puffs-coole-led-lichter-grosshandelspreis-fuer-e-zigaretten\/#primaryimage\",\"url\":\"https:\/\/www.elementvape.de\/wp-content\/uploads\/2024\/08\/strawberry-watermelon.jpg\",\"contentUrl\":\"https:\/\/www.elementvape.de\/wp-content\/uploads\/2024\/08\/strawberry-watermelon.jpg\",\"width\":2000,\"height\":2000,\"caption\":\"strawberry watermelon\"},{\"@type\":\"BreadcrumbList\",\"@id\":\"https:\/\/www.elementvape.de\/produkt\/strawberry-watermelon-waspe-12000-puffs-coole-led-lichter-grosshandelspreis-fuer-e-zigaretten\/#breadcrumb\",\"itemListElement\":[{\"@type\":\"ListItem\",\"position\":1,\"name\":\"Home\",\"item\":\"https:\/\/www.elementvape.de\/\"},{\"@type\":\"ListItem\",\"position\":2,\"name\":\"Shop\",\"item\":\"https:\/\/www.elementvape.de\/shop\/\"},{\"@type\":\"ListItem\",\"position\":3,\"name\":\"Strawberry Watermelon WASPE 12000 Puffs Coole LED-Lichter Gro\u00dfhandelspreis f\u00fcr E-Zigaretten\"}]},{\"@type\":\"WebSite\",\"@id\":\"https:\/\/www.elementvape.de\/#website\",\"url\":\"https:\/\/www.elementvape.de\/\",\"name\":\"ElementVape.de\",\"description\":\"\",\"publisher\":{\"@id\":\"https:\/\/www.elementvape.de\/#organization\"},\"potentialAction\":[{\"@type\":\"SearchAction\",\"target\":{\"@type\":\"EntryPoint\",\"urlTemplate\":\"https:\/\/www.elementvape.de\/?s={search_term_string}\"},\"query-input\":\"required name=search_term_string\"}],\"inLanguage\":\"sk-SK\"},{\"@type\":\"Organization\",\"@id\":\"https:\/\/www.elementvape.de\/#organization\",\"name\":\"ElementVape.DE\",\"url\":\"https:\/\/www.elementvape.de\/\",\"logo\":{\"@type\":\"ImageObject\",\"inLanguage\":\"sk-SK\",\"@id\":\"https:\/\/www.elementvape.de\/#\/schema\/logo\/image\/\",\"url\":\"https:\/\/www.elementvape.de\/wp-content\/uploads\/2024\/09\/cropped-1elementvape-3.png\",\"contentUrl\":\"https:\/\/www.elementvape.de\/wp-content\/uploads\/2024\/09\/cropped-1elementvape-3.png\",\"width\":285,\"height\":228,\"caption\":\"ElementVape.DE\"},\"image\":{\"@id\":\"https:\/\/www.elementvape.de\/#\/schema\/logo\/image\/\"}}]}<\/script>\n<!-- \/ Yoast SEO plugin. -->","yoast_head_json":{"title":"Strawberry Watermelon WASPE 12000 Puffs Coole LED-Lichter Gro\u00dfhandelspreis f\u00fcr E-Zigaretten | ElementVape.de","description":"Wir bieten Strawberry Watermelon WASPE 12000 Puffs Coole LED-Lichter Gro\u00dfhandelspreis f\u00fcr E-Zigaretten , Elementvape.de akzeptieren Gro\u00df-und Einzelhandel Bestellungen.","robots":{"index":"index","follow":"follow","max-snippet":"max-snippet:-1","max-image-preview":"max-image-preview:large","max-video-preview":"max-video-preview:-1"},"canonical":"https:\/\/www.elementvape.de\/sk\/produkt\/strawberry-watermelon-waspe-12000-puffs-coole-led-lichter-grosshandelspreis-fuer-e-zigaretten\/","og_locale":"sk_SK","og_type":"article","og_title":"Strawberry Watermelon WASPE 12000 Puffs Coole LED-Lichter Gro\u00dfhandelspreis f\u00fcr E-Zigaretten | ElementVape.de","og_description":"Wir bieten Strawberry Watermelon WASPE 12000 Puffs Coole LED-Lichter Gro\u00dfhandelspreis f\u00fcr E-Zigaretten , Elementvape.de akzeptieren Gro\u00df-und Einzelhandel Bestellungen.","og_url":"https:\/\/www.elementvape.de\/sk\/produkt\/strawberry-watermelon-waspe-12000-puffs-coole-led-lichter-grosshandelspreis-fuer-e-zigaretten\/","og_site_name":"ElementVape.de","article_modified_time":"2024-12-12T06:34:17+00:00","og_image":[{"width":2000,"height":2000,"url":"https:\/\/www.elementvape.de\/wp-content\/uploads\/2024\/08\/strawberry-watermelon.jpg","type":"image\/jpeg"}],"twitter_card":"summary_large_image","twitter_misc":{"Est. reading time":"2 min\u00faty"},"schema":{"@context":"https:\/\/schema.org","@graph":[{"@type":"WebPage","@id":"https:\/\/www.elementvape.de\/produkt\/strawberry-watermelon-waspe-12000-puffs-coole-led-lichter-grosshandelspreis-fuer-e-zigaretten\/","url":"https:\/\/www.elementvape.de\/produkt\/strawberry-watermelon-waspe-12000-puffs-coole-led-lichter-grosshandelspreis-fuer-e-zigaretten\/","name":"Strawberry Watermelon WASPE 12000 Puffs Coole LED-Lichter Gro\u00dfhandelspreis f\u00fcr E-Zigaretten | ElementVape.de","isPartOf":{"@id":"https:\/\/www.elementvape.de\/#website"},"primaryImageOfPage":{"@id":"https:\/\/www.elementvape.de\/produkt\/strawberry-watermelon-waspe-12000-puffs-coole-led-lichter-grosshandelspreis-fuer-e-zigaretten\/#primaryimage"},"image":{"@id":"https:\/\/www.elementvape.de\/produkt\/strawberry-watermelon-waspe-12000-puffs-coole-led-lichter-grosshandelspreis-fuer-e-zigaretten\/#primaryimage"},"thumbnailUrl":"https:\/\/www.elementvape.de\/wp-content\/uploads\/2024\/08\/strawberry-watermelon.jpg","datePublished":"2024-08-21T06:17:53+00:00","dateModified":"2024-12-12T06:34:17+00:00","description":"Wir bieten Strawberry Watermelon WASPE 12000 Puffs Coole LED-Lichter Gro\u00dfhandelspreis f\u00fcr E-Zigaretten , Elementvape.de akzeptieren Gro\u00df-und Einzelhandel Bestellungen.","breadcrumb":{"@id":"https:\/\/www.elementvape.de\/produkt\/strawberry-watermelon-waspe-12000-puffs-coole-led-lichter-grosshandelspreis-fuer-e-zigaretten\/#breadcrumb"},"inLanguage":"sk-SK","potentialAction":[{"@type":"ReadAction","target":["https:\/\/www.elementvape.de\/produkt\/strawberry-watermelon-waspe-12000-puffs-coole-led-lichter-grosshandelspreis-fuer-e-zigaretten\/"]}]},{"@type":"ImageObject","inLanguage":"sk-SK","@id":"https:\/\/www.elementvape.de\/produkt\/strawberry-watermelon-waspe-12000-puffs-coole-led-lichter-grosshandelspreis-fuer-e-zigaretten\/#primaryimage","url":"https:\/\/www.elementvape.de\/wp-content\/uploads\/2024\/08\/strawberry-watermelon.jpg","contentUrl":"https:\/\/www.elementvape.de\/wp-content\/uploads\/2024\/08\/strawberry-watermelon.jpg","width":2000,"height":2000,"caption":"strawberry watermelon"},{"@type":"BreadcrumbList","@id":"https:\/\/www.elementvape.de\/produkt\/strawberry-watermelon-waspe-12000-puffs-coole-led-lichter-grosshandelspreis-fuer-e-zigaretten\/#breadcrumb","itemListElement":[{"@type":"ListItem","position":1,"name":"Home","item":"https:\/\/www.elementvape.de\/"},{"@type":"ListItem","position":2,"name":"Shop","item":"https:\/\/www.elementvape.de\/shop\/"},{"@type":"ListItem","position":3,"name":"Strawberry Watermelon WASPE 12000 Puffs Coole LED-Lichter Gro\u00dfhandelspreis f\u00fcr E-Zigaretten"}]},{"@type":"WebSite","@id":"https:\/\/www.elementvape.de\/#website","url":"https:\/\/www.elementvape.de\/","name":"ElementVape.de","description":"","publisher":{"@id":"https:\/\/www.elementvape.de\/#organization"},"potentialAction":[{"@type":"SearchAction","target":{"@type":"EntryPoint","urlTemplate":"https:\/\/www.elementvape.de\/?s={search_term_string}"},"query-input":"required name=search_term_string"}],"inLanguage":"sk-SK"},{"@type":"Organization","@id":"https:\/\/www.elementvape.de\/#organization","name":"ElementVape.DE","url":"https:\/\/www.elementvape.de\/","logo":{"@type":"ImageObject","inLanguage":"sk-SK","@id":"https:\/\/www.elementvape.de\/#\/schema\/logo\/image\/","url":"https:\/\/www.elementvape.de\/wp-content\/uploads\/2024\/09\/cropped-1elementvape-3.png","contentUrl":"https:\/\/www.elementvape.de\/wp-content\/uploads\/2024\/09\/cropped-1elementvape-3.png","width":285,"height":228,"caption":"ElementVape.DE"},"image":{"@id":"https:\/\/www.elementvape.de\/#\/schema\/logo\/image\/"}}]}},"_links":{"self":[{"href":"https:\/\/www.elementvape.de\/sk\/wp-json\/wp\/v2\/product\/13905"}],"collection":[{"href":"https:\/\/www.elementvape.de\/sk\/wp-json\/wp\/v2\/product"}],"about":[{"href":"https:\/\/www.elementvape.de\/sk\/wp-json\/wp\/v2\/types\/product"}],"wp:featuredmedia":[{"embeddable":true,"href":"https:\/\/www.elementvape.de\/sk\/wp-json\/wp\/v2\/media\/13906"}],"wp:attachment":[{"href":"https:\/\/www.elementvape.de\/sk\/wp-json\/wp\/v2\/media?parent=13905"}],"wp:term":[{"taxonomy":"product_cat","embeddable":true,"href":"https:\/\/www.elementvape.de\/sk\/wp-json\/wp\/v2\/product_cat?post=13905"},{"taxonomy":"product_tag","embeddable":true,"href":"https:\/\/www.elementvape.de\/sk\/wp-json\/wp\/v2\/product_tag?post=13905"}],"curies":[{"name":"wp","href":"https:\/\/api.w.org\/{rel}","templated":true}]}}