{"id":13901,"date":"2024-08-21T05:48:17","date_gmt":"2024-08-21T05:48:17","guid":{"rendered":"https:\/\/www.elementvape.de\/?post_type=product&#038;p=13901"},"modified":"2024-12-12T06:34:19","modified_gmt":"2024-12-12T06:34:19","slug":"kiwi-lime-12000-puffs-von-waspe-coole-led-lichter-hochwertige-e-zigarette-grosshandelspreis","status":"publish","type":"product","link":"https:\/\/www.elementvape.de\/sk\/produkt\/kiwi-lime-12000-puffs-von-waspe-coole-led-lichter-hochwertige-e-zigarette-grosshandelspreis\/","title":{"rendered":"KIWI LIME 12000 Puffs od WASPE - Chytr\u00e9 LED svetl\u00e1, kvalitn\u00e1 elektronick\u00e1 cigareta, ve\u013ekoobchodn\u00e1 cena"},"content":{"rendered":"<h2><strong>KIWI LIME 12000 potiahnut\u00ed od WASPE: V\u00fdnimo\u010dn\u00e1 ovocn\u00e1 zmes s vysok\u00fdm v\u00fdkonom<\/strong><\/h2>\n<p><strong>D\u00e1ta o produkte:<\/strong><\/p>\n<ul>\n<li>Obsah N: 2%, 5%<\/li>\n<li>Kapacita e-liquidu: 20 ml<\/li>\n<li>Po\u010det \u0165ahov: 12 000<\/li>\n<li>Kapacita bat\u00e9rie: 650 mAh<\/li>\n<li>Nab\u00edjanie: Type-C<\/li>\n<li>Osvetlenie: RGB LED<\/li>\n<li>Odpor cievky: 0,8 \u03a9 Mesh-Cievka<\/li>\n<li>Aktiv\u00e1cia: Automatick\u00e9 \u0165ahanie<\/li>\n<li>MTL E-cigareta<\/li>\n<li>N\u00e1dr\u017e na tekutinu: 14 ml<\/li>\n<li>Celkov\u00e1 kapacita bat\u00e9rie: 850 mAh<\/li>\n<li>Odpor ohrevu: Mesh jadro 1,0 \u03a9<\/li>\n<li>Hmotnos\u0165 produktu: 82 g<\/li>\n<li>Ve\u013ekos\u0165 produktu: 35 x 36 x 133,5 mm<\/li>\n<\/ul>\n<h4>Osvie\u017euj\u00faca chu\u0165: Kiwi a limetka dokonale kombinovan\u00e9<\/h4>\n<p>KIWI LIME 12000 potiahnut\u00ed od WASPE pon\u00faka jedine\u010dn\u00fd z\u00e1\u017eitok z vapovania, ktor\u00fd sp\u00e1ja sladk\u00fa svie\u017eos\u0165 kiwi s \u0161\u0165avnatou kyslos\u0165ou limetky. T\u00e1to skvel\u00e1 zmes zabezpe\u010duje mimoriadne osvie\u017euj\u00facu ar\u00f3mu, ktor\u00e1 rob\u00ed ka\u017ed\u00fd \u0165ah p\u00f4\u017eitkom. Ovocn\u00e1 sladkos\u0165 kiwi dokonale lad\u00ed s citrusovou pozn\u00e1mkou limetky a pon\u00faka vyv\u00e1\u017een\u00fa rovnov\u00e1hu medzi sladkos\u0165ou a kyslos\u0165ou.<\/p>\n<p>Tento aromatick\u00fd s\u00fazvuk je ide\u00e1lny pre <strong><a href=\"https:\/\/www.elementvape.de\/sk\/\" target=\"_blank\" rel=\"noopener\">vapova\u010dov<\/a><\/strong>, ktor\u00ed h\u013eadaj\u00fa intenz\u00edvnu, ale st\u00e1le osvie\u017euj\u00facu chu\u0165. Starostlivo vyv\u00e1\u017een\u00e9 ar\u00f3my zaru\u010duj\u00fa konzistentn\u00fd vysokokvalitn\u00fd z\u00e1\u017eitok z chuti pri ka\u017edom \u0165ahu.<\/p>\n<h4>Technick\u00e9 \u0161pecifik\u00e1cie: Dlh\u00e9 pou\u017e\u00edvanie a v\u00fdkonn\u00e1 bat\u00e9ria<\/h4>\n<p>KIWI LIME 12000 potiahnut\u00ed pon\u00faka p\u00f4sobiv\u00fdch 12 000 \u0165ahov, tak\u017ee si m\u00f4\u017eete vychutn\u00e1va\u0165 vapovanie dlh\u00fa dobu bez \u010dast\u00e9ho dop\u013a\u0148ania alebo nab\u00edjania. S ve\u013ekorysou n\u00e1dr\u017eou na e-liquid 20 ml s\u00fa zaru\u010den\u00e9 dlh\u00e9 obdobia pou\u017e\u00edvania pred nutnos\u0165ou dop\u013a\u0148ania.<\/p>\n<p>V\u00fdkonn\u00e1 bat\u00e9ria s kapacitou 650 mAh zabezpe\u010duje spo\u013eahliv\u00e9 nap\u00e1janie a m\u00f4\u017ee by\u0165 r\u00fdchlo a efekt\u00edvne nab\u00edjan\u00e1 modern\u00fdm konektorom Type-C. To umo\u017e\u0148uje kr\u00e1tky \u010das nab\u00edjania a kontinu\u00e1lne pou\u017e\u00edvanie bez dlh\u00e9ho \u010dakania. Okrem toho, mesh cievka s odporom 0,8 \u03a9 zabezpe\u010duje rovnomern\u00e9 odparovanie a intenz\u00edvnu chu\u0165.<\/p>\n<h4>Elegantn\u00fd dizajn a modern\u00e9 funkcie<\/h4>\n<p>\u010eal\u0161\u00edm vrcholom je RGB osvetlenie, ktor\u00e9 prid\u00e1va vizu\u00e1lnu dimenziu ku ka\u017ed\u00e9mu \u0165ahu. LED svetl\u00e1 s\u00fa nielen \u0161t\u00fdlov\u00e9, ale aj praktick\u00e9, preto\u017ee zobrazuj\u00fa stav prev\u00e1dzky a \u00farove\u0148 bat\u00e9rie.<\/p>\n<p>S hmotnos\u0165ou len 82 g a kompaktn\u00fdmi rozmermi 35 x 36 x 133,5 mm sa KIWI LIME 12000 potiahnut\u00ed pohodlne dr\u017e\u00ed v ruke a je ide\u00e1lna na ka\u017edodenn\u00e9 pou\u017eitie aj na cest\u00e1ch. Automatick\u00e9 \u0165ahanie zabezpe\u010duje jednoduch\u00e9 ovl\u00e1danie \u2013 sta\u010d\u00ed \u0165aha\u0165 a vychutn\u00e1va\u0165 si.<\/p>\n<h4>Z\u00e1ver: Vysoko kvalitn\u00e9 vapovanie za ve\u013ekoobchodn\u00fa cenu<\/h4>\n<p>KIWI LIME 12000 potiahnut\u00ed od WASPE sp\u00e1ja chu\u0165ov\u00fa excelenciu, v\u00fdkonn\u00fa technol\u00f3giu a modern\u00fd dizajn do atrakt\u00edvneho celku. \u010ci u\u017e na osobn\u00e9 pou\u017eitie alebo ako ve\u013ekoobchodn\u00fd produkt \u2013 t\u00e1to <strong><a href=\"https:\/\/www.elementvape.de\/sk\/\" target=\"_blank\" rel=\"noopener\">E-cigareta<\/a><\/strong> pon\u00faka vynikaj\u00faci z\u00e1\u017eitok z vapovania a je dostupn\u00e1 za vynikaj\u00facu ve\u013ekoobchodn\u00fa cenu. Za\u017eite dokonal\u00fa f\u00faziu kiwi a limetky a vychutnajte si \u0161t\u00fdlov\u00fa a v\u00fdkonn\u00fa e-cigaretu.<\/p>","protected":false},"excerpt":{"rendered":"<p>KIWI LIME 12000 Puffs von WASPE: Exquisite Fruchtmischung mit Top-Performance Produktdaten: N-Gehalt: 2%, 5% E-Liquid Kapazit\u00e4t: 20 ml Anzahl der Z\u00fcge: 12.000 Akku-Kapazit\u00e4t: 650 mAh Aufladung: Type-C Beleuchtung: RGB LED Coil Widerstand: 0,8 \u03a9 Mesh-Coil Aktivierung: Zugautomatik MTL E-Zigarette Liquid-Speicher: 14 ml Akku-Kapazit\u00e4t (gesamt): 850 mAh Heizdraht Widerstand: Mesh-Kern 1,0 \u03a9 Produktgewicht: 82 g Produktgr\u00f6\u00dfe: [&hellip;]<\/p>","protected":false},"featured_media":13902,"template":"","meta":{"inline_featured_image":false},"product_cat":[15,78,735,746,741,733,744,755,738,751,732,722],"product_tag":[710,673],"tiered_pricing_type":"fixed","tiered_pricing_fixed_rules":{"110":"6.75","200":"6.00","500":"5.25"},"tiered_pricing_percentage_rules":[],"tiered_pricing_minimum":1,"_administrator_tiered_pricing_type":"fixed","_administrator_tiered_pricing_fixed_rules":[],"_editor_tiered_pricing_type":"fixed","_editor_tiered_pricing_fixed_rules":[],"_author_tiered_pricing_type":"fixed","_author_tiered_pricing_fixed_rules":[],"_contributor_tiered_pricing_type":"fixed","_contributor_tiered_pricing_fixed_rules":[],"_subscriber_tiered_pricing_type":"fixed","_subscriber_tiered_pricing_fixed_rules":[],"_customer_tiered_pricing_type":"fixed","_customer_tiered_pricing_fixed_rules":[],"_shop_manager_tiered_pricing_type":"fixed","_shop_manager_tiered_pricing_fixed_rules":[],"_wpseo_manager_tiered_pricing_type":"fixed","_wpseo_manager_tiered_pricing_fixed_rules":[],"_wpseo_editor_tiered_pricing_type":"fixed","_wpseo_editor_tiered_pricing_fixed_rules":[],"_wholesale_customer_tiered_pricing_type":"fixed","_wholesale_customer_tiered_pricing_fixed_rules":[],"_marketer_tiered_pricing_type":"fixed","_marketer_tiered_pricing_fixed_rules":[],"_sales_manager_tiered_pricing_type":"fixed","_sales_manager_tiered_pricing_fixed_rules":[],"_sales_rep_tiered_pricing_type":"fixed","_sales_rep_tiered_pricing_fixed_rules":[],"yoast_head":"<!-- This site is optimized with the Yoast SEO plugin v23.3 - https:\/\/yoast.com\/wordpress\/plugins\/seo\/ -->\n<title>KIWI LIME 12000 Puffs von WASPE-Coole LED-Lichter Hochwertige E-Zigarette Gro\u00dfhandelspreis | ElementVape.de<\/title>\n<meta name=\"description\" content=\"Wir bieten KIWI LIME 12000 Puffs von WASPE-Coole LED-Lichter Hochwertige E-Zigarette Gro\u00dfhandelspreis , Elementvape.de akzeptieren Gro\u00df-und Einzelhandel Bestellungen.\" \/>\n<meta name=\"robots\" content=\"index, follow, max-snippet:-1, max-image-preview:large, max-video-preview:-1\" \/>\n<link rel=\"canonical\" href=\"https:\/\/www.elementvape.de\/sk\/produkt\/kiwi-lime-12000-puffs-von-waspe-coole-led-lichter-hochwertige-e-zigarette-grosshandelspreis\/\" \/>\n<meta property=\"og:locale\" content=\"sk_SK\" \/>\n<meta property=\"og:type\" content=\"article\" \/>\n<meta property=\"og:title\" content=\"KIWI LIME 12000 Puffs von WASPE-Coole LED-Lichter Hochwertige E-Zigarette Gro\u00dfhandelspreis | ElementVape.de\" \/>\n<meta property=\"og:description\" content=\"Wir bieten KIWI LIME 12000 Puffs von WASPE-Coole LED-Lichter Hochwertige E-Zigarette Gro\u00dfhandelspreis , Elementvape.de akzeptieren Gro\u00df-und Einzelhandel Bestellungen.\" \/>\n<meta property=\"og:url\" content=\"https:\/\/www.elementvape.de\/sk\/produkt\/kiwi-lime-12000-puffs-von-waspe-coole-led-lichter-hochwertige-e-zigarette-grosshandelspreis\/\" \/>\n<meta property=\"og:site_name\" content=\"ElementVape.de\" \/>\n<meta property=\"article:modified_time\" content=\"2024-12-12T06:34:19+00:00\" \/>\n<meta property=\"og:image\" content=\"https:\/\/www.elementvape.de\/wp-content\/uploads\/2024\/08\/Kiwi-lime-1.jpg\" \/>\n\t<meta property=\"og:image:width\" content=\"2000\" \/>\n\t<meta property=\"og:image:height\" content=\"2000\" \/>\n\t<meta property=\"og:image:type\" content=\"image\/jpeg\" \/>\n<meta name=\"twitter:card\" content=\"summary_large_image\" \/>\n<meta name=\"twitter:label1\" content=\"Est. reading time\" \/>\n\t<meta name=\"twitter:data1\" content=\"3 min\u00faty\" \/>\n<script type=\"application\/ld+json\" class=\"yoast-schema-graph\">{\"@context\":\"https:\/\/schema.org\",\"@graph\":[{\"@type\":\"WebPage\",\"@id\":\"https:\/\/www.elementvape.de\/fr\/produkt\/kiwi-lime-12000-puffs-von-waspe-coole-led-lichter-hochwertige-e-zigarette-grosshandelspreis\/\",\"url\":\"https:\/\/www.elementvape.de\/fr\/produkt\/kiwi-lime-12000-puffs-von-waspe-coole-led-lichter-hochwertige-e-zigarette-grosshandelspreis\/\",\"name\":\"KIWI LIME 12000 Puffs von WASPE-Coole LED-Lichter Hochwertige E-Zigarette Gro\u00dfhandelspreis | ElementVape.de\",\"isPartOf\":{\"@id\":\"https:\/\/www.elementvape.de\/#website\"},\"primaryImageOfPage\":{\"@id\":\"https:\/\/www.elementvape.de\/fr\/produkt\/kiwi-lime-12000-puffs-von-waspe-coole-led-lichter-hochwertige-e-zigarette-grosshandelspreis\/#primaryimage\"},\"image\":{\"@id\":\"https:\/\/www.elementvape.de\/fr\/produkt\/kiwi-lime-12000-puffs-von-waspe-coole-led-lichter-hochwertige-e-zigarette-grosshandelspreis\/#primaryimage\"},\"thumbnailUrl\":\"https:\/\/www.elementvape.de\/wp-content\/uploads\/2024\/08\/Kiwi-lime-1.jpg\",\"datePublished\":\"2024-08-21T05:48:17+00:00\",\"dateModified\":\"2024-12-12T06:34:19+00:00\",\"description\":\"Wir bieten KIWI LIME 12000 Puffs von WASPE-Coole LED-Lichter Hochwertige E-Zigarette Gro\u00dfhandelspreis , Elementvape.de akzeptieren Gro\u00df-und Einzelhandel Bestellungen.\",\"breadcrumb\":{\"@id\":\"https:\/\/www.elementvape.de\/fr\/produkt\/kiwi-lime-12000-puffs-von-waspe-coole-led-lichter-hochwertige-e-zigarette-grosshandelspreis\/#breadcrumb\"},\"inLanguage\":\"sk-SK\",\"potentialAction\":[{\"@type\":\"ReadAction\",\"target\":[\"https:\/\/www.elementvape.de\/fr\/produkt\/kiwi-lime-12000-puffs-von-waspe-coole-led-lichter-hochwertige-e-zigarette-grosshandelspreis\/\"]}]},{\"@type\":\"ImageObject\",\"inLanguage\":\"sk-SK\",\"@id\":\"https:\/\/www.elementvape.de\/fr\/produkt\/kiwi-lime-12000-puffs-von-waspe-coole-led-lichter-hochwertige-e-zigarette-grosshandelspreis\/#primaryimage\",\"url\":\"https:\/\/www.elementvape.de\/wp-content\/uploads\/2024\/08\/Kiwi-lime-1.jpg\",\"contentUrl\":\"https:\/\/www.elementvape.de\/wp-content\/uploads\/2024\/08\/Kiwi-lime-1.jpg\",\"width\":2000,\"height\":2000,\"caption\":\"Kiwi lime\"},{\"@type\":\"BreadcrumbList\",\"@id\":\"https:\/\/www.elementvape.de\/fr\/produkt\/kiwi-lime-12000-puffs-von-waspe-coole-led-lichter-hochwertige-e-zigarette-grosshandelspreis\/#breadcrumb\",\"itemListElement\":[{\"@type\":\"ListItem\",\"position\":1,\"name\":\"Home\",\"item\":\"https:\/\/www.elementvape.de\/\"},{\"@type\":\"ListItem\",\"position\":2,\"name\":\"Shop\",\"item\":\"https:\/\/www.elementvape.de\/shop\/\"},{\"@type\":\"ListItem\",\"position\":3,\"name\":\"KIWI LIME 12000 Puffs von WASPE-Coole LED-Lichter Hochwertige E-Zigarette Gro\u00dfhandelspreis\"}]},{\"@type\":\"WebSite\",\"@id\":\"https:\/\/www.elementvape.de\/#website\",\"url\":\"https:\/\/www.elementvape.de\/\",\"name\":\"ElementVape.de\",\"description\":\"\",\"publisher\":{\"@id\":\"https:\/\/www.elementvape.de\/#organization\"},\"potentialAction\":[{\"@type\":\"SearchAction\",\"target\":{\"@type\":\"EntryPoint\",\"urlTemplate\":\"https:\/\/www.elementvape.de\/?s={search_term_string}\"},\"query-input\":\"required name=search_term_string\"}],\"inLanguage\":\"sk-SK\"},{\"@type\":\"Organization\",\"@id\":\"https:\/\/www.elementvape.de\/#organization\",\"name\":\"ElementVape.DE\",\"url\":\"https:\/\/www.elementvape.de\/\",\"logo\":{\"@type\":\"ImageObject\",\"inLanguage\":\"sk-SK\",\"@id\":\"https:\/\/www.elementvape.de\/#\/schema\/logo\/image\/\",\"url\":\"https:\/\/www.elementvape.de\/wp-content\/uploads\/2024\/09\/cropped-1elementvape-3.png\",\"contentUrl\":\"https:\/\/www.elementvape.de\/wp-content\/uploads\/2024\/09\/cropped-1elementvape-3.png\",\"width\":285,\"height\":228,\"caption\":\"ElementVape.DE\"},\"image\":{\"@id\":\"https:\/\/www.elementvape.de\/#\/schema\/logo\/image\/\"}}]}<\/script>\n<!-- \/ Yoast SEO plugin. -->","yoast_head_json":{"title":"KIWI LIME 12000 Puffs von WASPE-Coole LED-Lichter Hochwertige E-Zigarette Gro\u00dfhandelspreis | ElementVape.de","description":"Wir bieten KIWI LIME 12000 Puffs von WASPE-Coole LED-Lichter Hochwertige E-Zigarette Gro\u00dfhandelspreis , Elementvape.de akzeptieren Gro\u00df-und Einzelhandel Bestellungen.","robots":{"index":"index","follow":"follow","max-snippet":"max-snippet:-1","max-image-preview":"max-image-preview:large","max-video-preview":"max-video-preview:-1"},"canonical":"https:\/\/www.elementvape.de\/sk\/produkt\/kiwi-lime-12000-puffs-von-waspe-coole-led-lichter-hochwertige-e-zigarette-grosshandelspreis\/","og_locale":"sk_SK","og_type":"article","og_title":"KIWI LIME 12000 Puffs von WASPE-Coole LED-Lichter Hochwertige E-Zigarette Gro\u00dfhandelspreis | ElementVape.de","og_description":"Wir bieten KIWI LIME 12000 Puffs von WASPE-Coole LED-Lichter Hochwertige E-Zigarette Gro\u00dfhandelspreis , Elementvape.de akzeptieren Gro\u00df-und Einzelhandel Bestellungen.","og_url":"https:\/\/www.elementvape.de\/sk\/produkt\/kiwi-lime-12000-puffs-von-waspe-coole-led-lichter-hochwertige-e-zigarette-grosshandelspreis\/","og_site_name":"ElementVape.de","article_modified_time":"2024-12-12T06:34:19+00:00","og_image":[{"width":2000,"height":2000,"url":"https:\/\/www.elementvape.de\/wp-content\/uploads\/2024\/08\/Kiwi-lime-1.jpg","type":"image\/jpeg"}],"twitter_card":"summary_large_image","twitter_misc":{"Est. reading time":"3 min\u00faty"},"schema":{"@context":"https:\/\/schema.org","@graph":[{"@type":"WebPage","@id":"https:\/\/www.elementvape.de\/fr\/produkt\/kiwi-lime-12000-puffs-von-waspe-coole-led-lichter-hochwertige-e-zigarette-grosshandelspreis\/","url":"https:\/\/www.elementvape.de\/fr\/produkt\/kiwi-lime-12000-puffs-von-waspe-coole-led-lichter-hochwertige-e-zigarette-grosshandelspreis\/","name":"KIWI LIME 12000 Puffs von WASPE-Coole LED-Lichter Hochwertige E-Zigarette Gro\u00dfhandelspreis | ElementVape.de","isPartOf":{"@id":"https:\/\/www.elementvape.de\/#website"},"primaryImageOfPage":{"@id":"https:\/\/www.elementvape.de\/fr\/produkt\/kiwi-lime-12000-puffs-von-waspe-coole-led-lichter-hochwertige-e-zigarette-grosshandelspreis\/#primaryimage"},"image":{"@id":"https:\/\/www.elementvape.de\/fr\/produkt\/kiwi-lime-12000-puffs-von-waspe-coole-led-lichter-hochwertige-e-zigarette-grosshandelspreis\/#primaryimage"},"thumbnailUrl":"https:\/\/www.elementvape.de\/wp-content\/uploads\/2024\/08\/Kiwi-lime-1.jpg","datePublished":"2024-08-21T05:48:17+00:00","dateModified":"2024-12-12T06:34:19+00:00","description":"Wir bieten KIWI LIME 12000 Puffs von WASPE-Coole LED-Lichter Hochwertige E-Zigarette Gro\u00dfhandelspreis , Elementvape.de akzeptieren Gro\u00df-und Einzelhandel Bestellungen.","breadcrumb":{"@id":"https:\/\/www.elementvape.de\/fr\/produkt\/kiwi-lime-12000-puffs-von-waspe-coole-led-lichter-hochwertige-e-zigarette-grosshandelspreis\/#breadcrumb"},"inLanguage":"sk-SK","potentialAction":[{"@type":"ReadAction","target":["https:\/\/www.elementvape.de\/fr\/produkt\/kiwi-lime-12000-puffs-von-waspe-coole-led-lichter-hochwertige-e-zigarette-grosshandelspreis\/"]}]},{"@type":"ImageObject","inLanguage":"sk-SK","@id":"https:\/\/www.elementvape.de\/fr\/produkt\/kiwi-lime-12000-puffs-von-waspe-coole-led-lichter-hochwertige-e-zigarette-grosshandelspreis\/#primaryimage","url":"https:\/\/www.elementvape.de\/wp-content\/uploads\/2024\/08\/Kiwi-lime-1.jpg","contentUrl":"https:\/\/www.elementvape.de\/wp-content\/uploads\/2024\/08\/Kiwi-lime-1.jpg","width":2000,"height":2000,"caption":"Kiwi lime"},{"@type":"BreadcrumbList","@id":"https:\/\/www.elementvape.de\/fr\/produkt\/kiwi-lime-12000-puffs-von-waspe-coole-led-lichter-hochwertige-e-zigarette-grosshandelspreis\/#breadcrumb","itemListElement":[{"@type":"ListItem","position":1,"name":"Home","item":"https:\/\/www.elementvape.de\/"},{"@type":"ListItem","position":2,"name":"Shop","item":"https:\/\/www.elementvape.de\/shop\/"},{"@type":"ListItem","position":3,"name":"KIWI LIME 12000 Puffs von WASPE-Coole LED-Lichter Hochwertige E-Zigarette Gro\u00dfhandelspreis"}]},{"@type":"WebSite","@id":"https:\/\/www.elementvape.de\/#website","url":"https:\/\/www.elementvape.de\/","name":"ElementVape.de","description":"","publisher":{"@id":"https:\/\/www.elementvape.de\/#organization"},"potentialAction":[{"@type":"SearchAction","target":{"@type":"EntryPoint","urlTemplate":"https:\/\/www.elementvape.de\/?s={search_term_string}"},"query-input":"required name=search_term_string"}],"inLanguage":"sk-SK"},{"@type":"Organization","@id":"https:\/\/www.elementvape.de\/#organization","name":"ElementVape.DE","url":"https:\/\/www.elementvape.de\/","logo":{"@type":"ImageObject","inLanguage":"sk-SK","@id":"https:\/\/www.elementvape.de\/#\/schema\/logo\/image\/","url":"https:\/\/www.elementvape.de\/wp-content\/uploads\/2024\/09\/cropped-1elementvape-3.png","contentUrl":"https:\/\/www.elementvape.de\/wp-content\/uploads\/2024\/09\/cropped-1elementvape-3.png","width":285,"height":228,"caption":"ElementVape.DE"},"image":{"@id":"https:\/\/www.elementvape.de\/#\/schema\/logo\/image\/"}}]}},"_links":{"self":[{"href":"https:\/\/www.elementvape.de\/sk\/wp-json\/wp\/v2\/product\/13901"}],"collection":[{"href":"https:\/\/www.elementvape.de\/sk\/wp-json\/wp\/v2\/product"}],"about":[{"href":"https:\/\/www.elementvape.de\/sk\/wp-json\/wp\/v2\/types\/product"}],"wp:featuredmedia":[{"embeddable":true,"href":"https:\/\/www.elementvape.de\/sk\/wp-json\/wp\/v2\/media\/13902"}],"wp:attachment":[{"href":"https:\/\/www.elementvape.de\/sk\/wp-json\/wp\/v2\/media?parent=13901"}],"wp:term":[{"taxonomy":"product_cat","embeddable":true,"href":"https:\/\/www.elementvape.de\/sk\/wp-json\/wp\/v2\/product_cat?post=13901"},{"taxonomy":"product_tag","embeddable":true,"href":"https:\/\/www.elementvape.de\/sk\/wp-json\/wp\/v2\/product_tag?post=13901"}],"curies":[{"name":"wp","href":"https:\/\/api.w.org\/{rel}","templated":true}]}}