{"id":13865,"date":"2024-08-19T08:45:03","date_gmt":"2024-08-19T08:45:03","guid":{"rendered":"https:\/\/www.elementvape.de\/?post_type=product&#038;p=13865"},"modified":"2024-12-12T06:34:34","modified_gmt":"2024-12-12T06:34:34","slug":"16000-puffs-blue-razz-ice-elf-shisha-16000-premium-qualitaet-fuer-anspruchsvolle-dampfer","status":"publish","type":"product","link":"https:\/\/www.elementvape.de\/sk\/produkt\/16000-puffs-blue-razz-ice-elf-shisha-16000-premium-qualitaet-fuer-anspruchsvolle-dampfer\/","title":{"rendered":"16000 PUFFS Blue Razz Ice ELF SHISHA 16000 Pr\u00e9miov\u00e1 kvalita pre n\u00e1ro\u010dn\u00fdch vapoterov"},"content":{"rendered":"<div class=\"flex-shrink-0 flex flex-col relative items-end\">\n<div>\n<div class=\"pt-0\">\n<div class=\"gizmo-bot-avatar flex h-8 w-8 items-center justify-center overflow-hidden rounded-full\">\n<div class=\"relative p-1 rounded-sm flex items-center justify-center bg-token-main-surface-primary text-token-text-primary h-8 w-8\"><\/div>\n<\/div>\n<\/div>\n<\/div>\n<\/div>\n<div class=\"group\/conversation-turn relative flex w-full min-w-0 flex-col agent-turn\">\n<div class=\"flex-col gap-1 md:gap-3\">\n<div class=\"flex max-w-full flex-col flex-grow\">\n<div class=\"min-h-[20px] text-message flex w-full flex-col items-end gap-2 whitespace-pre-wrap break-words [.text-message+&amp;]:mt-5 overflow-x-auto\" dir=\"auto\" data-message-author-role=\"assistant\" data-message-id=\"c2511e6b-c866-48e7-9a62-7fdd3fcd548e\">\n<div class=\"flex w-full flex-col gap-1 empty:hidden first:pt-[3px]\">\n<div class=\"markdown prose w-full break-words dark:prose-invert light\">\n<h2>Popis produktu pre Blue Razz ELF SHISHA 16000 Puffs<\/h2>\n<hr \/>\n<h4>Z\u00e1\u017eitok z chuti: Blue Razz Ice<\/h4>\n<p>Chu\u0165 Blue Razz ELF SHISHA 16000 pon\u00faka intenz\u00edvny a osvie\u017euj\u00faci z\u00e1\u017eitok z vapovania. T\u00e1to pr\u00edchu\u0165 sp\u00e1ja sladk\u00fa a mierne kysl\u00fa note modr\u00fdch mal\u00edn, \u010do vedie k dokonale vyv\u00e1\u017een\u00e9mu aromatu. Pre milovn\u00edkov ovocn\u00fdch e-liquidov je Blue Razz ide\u00e1lnou vo\u013ebou na cel\u00fd de\u0148, aby si mohli vychutn\u00e1va\u0165 kon\u0161tantn\u00fd a pr\u00edjemn\u00fd z\u00e1\u017eitok z vapovania.<\/p>\n<p>Ako sk\u00fasen\u00fd vap\u00e9r viete, \u017ee chu\u0165 je jednou z najd\u00f4le\u017eitej\u0161\u00edch zlo\u017eiek pri vapovan\u00ed. ELF SHISHA 16000 nesklame ani tu \u2013 s ka\u017ed\u00fdm n\u00e1dychom za\u017e\u00edvate pln\u00fa chu\u0165, ktor\u00e1 nadchne va\u0161e zmysly a spr\u00edjemn\u00ed v\u00e1m de\u0148.<\/p>\n<hr \/>\n<h4>Technick\u00e9 detaily a inov\u00e1cie<\/h4>\n<p>ELF SHISHA 16000 je viac ne\u017e len elektronick\u00e1 cigareta; je to technick\u00e9 majstrovsk\u00e9 dielo. S p\u00f4sobivou kapacitou 16 000 \u0165ahov pon\u00faka toto zariadenie mimoriadnu \u017eivotnos\u0165, ide\u00e1lne pre t\u00fdch, ktor\u00ed nechc\u00fa neust\u00e1le dob\u00edja\u0165. Mesh cievka s 0,6 Ohm zabezpe\u010duje rovnomern\u00fd a stabiln\u00fd v\u00fdvoj pary, \u010do v\u00fdborne zv\u00fdraz\u0148uje ar\u00f3my.<\/p>\n<p>V\u010faka dob\u00edjate\u013enej bat\u00e9rii 18250\u2013600 mAh m\u00f4\u017eete ELF SHISHA 16000 opakovane pou\u017e\u00edva\u0165 bez ob\u00e1v o v\u00fddr\u017e bat\u00e9rie. Nab\u00edjanie je pohodln\u00e9 cez port typu C, \u010do zabezpe\u010duje r\u00fdchle a efekt\u00edvne dodanie energie. Okrem toho nastavite\u013en\u00e9 pr\u00fadenie vzduchu umo\u017e\u0148uje personalizovan\u00fd z\u00e1\u017eitok z vapovania, presne pod\u013ea va\u0161ich preferenci\u00ed.<\/p>\n<hr \/>\n<h4>Praktick\u00e9 ovl\u00e1danie a balenie<\/h4>\n<p>S hmotnos\u0165ou len 85 gramov a kompaktn\u00fdmi rozmermi 30 x 125,5 mm sa ELF SHISHA 16000 pohodlne dr\u017e\u00ed v ruke a je ide\u00e1lna na cestovanie. Zariadenie je \u013eahk\u00e9 a z\u00e1rove\u0148 odoln\u00e9, \u010do z neho rob\u00ed dokonal\u00e9ho spolo\u010dn\u00edka na ka\u017ed\u00fd de\u0148. LED displej poskytuje v\u017edy inform\u00e1cie o aktu\u00e1lnom stave bat\u00e9rie, tak\u017ee ste v\u017edy pripraven\u00ed.<\/p>\n<p>Pre predajcov je ELF SHISHA 16000 v\u00fdhodnou invest\u00edciou. S 200 kusmi v kart\u00f3ne a rozmermi 400 x 385 x 295 mm sa tento produkt \u013eahko sklad\u00e1 a prepravuje. Celkov\u00e1 hmotnos\u0165 18,3 kg na kart\u00f3n je tie\u017e preh\u013eadn\u00e1, \u010do u\u013eah\u010duje manipul\u00e1ciu. Tieto vlastnosti robia ELF SHISHA 16000 ide\u00e1lnou vo\u013ebou pre kone\u010dn\u00fdch pou\u017e\u00edvate\u013eov aj predajcov.<\/p>\n<hr \/>\n<h3>Podrobn\u00e9 \u0161pecifik\u00e1cie produktu<\/h3>\n<table>\n<thead>\n<tr>\n<th>Vlastnos\u0165<\/th>\n<th>Detaily<\/th>\n<\/tr>\n<\/thead>\n<tbody>\n<tr>\n<td>Chu\u0165<\/td>\n<td>Blue Razz<\/td>\n<\/tr>\n<tr>\n<td>\u0164ahy (Puffs)<\/td>\n<td>16 000 \u0165ahov<\/td>\n<\/tr>\n<tr>\n<td>Cievka<\/td>\n<td>Mesh cievka, 0,6 Ohm<\/td>\n<\/tr>\n<tr>\n<td>Kapacita e-liquidu<\/td>\n<td>28 ml<\/td>\n<\/tr>\n<tr>\n<td>Obsah N<\/td>\n<td>\u00a02 %, 5 %<\/td>\n<\/tr>\n<tr>\n<td>Bat\u00e9ria<\/td>\n<td>18250\u2013600 mAh, opakovane nab\u00edjate\u013en\u00e1 (Typ C)<\/td>\n<\/tr>\n<tr>\n<td>LED indik\u00e1tor<\/td>\n<td>Ja<\/td>\n<\/tr>\n<tr>\n<td>Nastavite\u013en\u00e9 pr\u00edvod vzduchu<\/td>\n<td>Ja<\/td>\n<\/tr>\n<tr>\n<td>Hmotnos\u0165 produktu<\/td>\n<td>85 g na kus<\/td>\n<\/tr>\n<tr>\n<td>Ve\u013ekos\u0165 produktu<\/td>\n<td>30 x 125,5 mm<\/td>\n<\/tr>\n<\/tbody>\n<\/table>\n<p>Tento produkt sp\u00e1ja najvy\u0161\u0161iu kvalitu, \u0161t\u00fdlov\u00fd dizajn a jedine\u010dn\u00fd z\u00e1\u017eitok z vapovania. Ide\u00e1lny pre t\u00fdch, ktor\u00ed klad\u00fa d\u00f4raz na chu\u0165, ovl\u00e1danie a \u017eivotnos\u0165.<\/p>\n<\/div>\n<\/div>\n<\/div>\n<\/div>\n<\/div>\n<\/div>","protected":false},"excerpt":{"rendered":"<p>Produktbeschreibung f\u00fcr Blue Razz ELF SHISHA 16000 Puffs Geschmackserlebnis: Blue Razz Ice Der Blue Razz-Geschmack der ELF SHISHA 16000 bietet ein intensives und erfrischendes Dampferlebnis. Diese Geschmacksrichtung vereint die s\u00fc\u00dfe und leicht s\u00e4uerliche Note von blauen Himbeeren, was zu einem perfekt ausgewogenen Aroma f\u00fchrt. F\u00fcr Liebhaber von fruchtigen E-Liquids ist Blue Razz die ideale Wahl, [&hellip;]<\/p>","protected":false},"featured_media":13866,"template":"","meta":{"inline_featured_image":false},"product_cat":[15,78,747,740,734,753,719,732],"product_tag":[710,720],"tiered_pricing_type":"fixed","tiered_pricing_fixed_rules":{"110":"8.47","200":"7.53","500":"6.59"},"tiered_pricing_percentage_rules":[],"tiered_pricing_minimum":1,"_administrator_tiered_pricing_type":"fixed","_administrator_tiered_pricing_fixed_rules":[],"_editor_tiered_pricing_type":"fixed","_editor_tiered_pricing_fixed_rules":[],"_author_tiered_pricing_type":"fixed","_author_tiered_pricing_fixed_rules":[],"_contributor_tiered_pricing_type":"fixed","_contributor_tiered_pricing_fixed_rules":[],"_subscriber_tiered_pricing_type":"fixed","_subscriber_tiered_pricing_fixed_rules":[],"_customer_tiered_pricing_type":"fixed","_customer_tiered_pricing_fixed_rules":[],"_shop_manager_tiered_pricing_type":"fixed","_shop_manager_tiered_pricing_fixed_rules":[],"_wpseo_manager_tiered_pricing_type":"fixed","_wpseo_manager_tiered_pricing_fixed_rules":[],"_wpseo_editor_tiered_pricing_type":"fixed","_wpseo_editor_tiered_pricing_fixed_rules":[],"_wholesale_customer_tiered_pricing_type":"fixed","_wholesale_customer_tiered_pricing_fixed_rules":[],"_marketer_tiered_pricing_type":"fixed","_marketer_tiered_pricing_fixed_rules":[],"_sales_manager_tiered_pricing_type":"fixed","_sales_manager_tiered_pricing_fixed_rules":[],"_sales_rep_tiered_pricing_type":"fixed","_sales_rep_tiered_pricing_fixed_rules":[],"yoast_head":"<!-- This site is optimized with the Yoast SEO plugin v23.3 - https:\/\/yoast.com\/wordpress\/plugins\/seo\/ -->\n<title>16000 PUFFS Blue Razz Ice ELF SHISHA 16000 Premium-Qualit\u00e4t f\u00fcr anspruchsvolle Dampfer | ElementVape.de<\/title>\n<meta name=\"description\" content=\"Wir bieten 16000 PUFFS Blue Razz Ice ELF SHISHA 16000 Premium-Qualit\u00e4t f\u00fcr anspruchsvolle Dampfer , Elementvape.de akzeptieren Gro\u00df-und Einzelhandel Bestellungen.\" \/>\n<meta name=\"robots\" content=\"index, follow, max-snippet:-1, max-image-preview:large, max-video-preview:-1\" \/>\n<link rel=\"canonical\" href=\"https:\/\/www.elementvape.de\/sk\/produkt\/16000-puffs-blue-razz-ice-elf-shisha-16000-premium-qualitaet-fuer-anspruchsvolle-dampfer\/\" \/>\n<meta property=\"og:locale\" content=\"sk_SK\" \/>\n<meta property=\"og:type\" content=\"article\" \/>\n<meta property=\"og:title\" content=\"16000 PUFFS Blue Razz Ice ELF SHISHA 16000 Premium-Qualit\u00e4t f\u00fcr anspruchsvolle Dampfer | ElementVape.de\" \/>\n<meta property=\"og:description\" content=\"Wir bieten 16000 PUFFS Blue Razz Ice ELF SHISHA 16000 Premium-Qualit\u00e4t f\u00fcr anspruchsvolle Dampfer , Elementvape.de akzeptieren Gro\u00df-und Einzelhandel Bestellungen.\" \/>\n<meta property=\"og:url\" content=\"https:\/\/www.elementvape.de\/sk\/produkt\/16000-puffs-blue-razz-ice-elf-shisha-16000-premium-qualitaet-fuer-anspruchsvolle-dampfer\/\" \/>\n<meta property=\"og:site_name\" content=\"ElementVape.de\" \/>\n<meta property=\"article:modified_time\" content=\"2024-12-12T06:34:34+00:00\" \/>\n<meta property=\"og:image\" content=\"https:\/\/www.elementvape.de\/wp-content\/uploads\/2024\/08\/\u84dd\u8393\u6811\u83932220000.png\" \/>\n\t<meta property=\"og:image:width\" content=\"1000\" \/>\n\t<meta property=\"og:image:height\" content=\"1000\" \/>\n\t<meta property=\"og:image:type\" content=\"image\/png\" \/>\n<meta name=\"twitter:card\" content=\"summary_large_image\" \/>\n<meta name=\"twitter:label1\" content=\"Est. reading time\" \/>\n\t<meta name=\"twitter:data1\" content=\"3 min\u00faty\" \/>\n<script type=\"application\/ld+json\" class=\"yoast-schema-graph\">{\"@context\":\"https:\/\/schema.org\",\"@graph\":[{\"@type\":\"WebPage\",\"@id\":\"https:\/\/www.elementvape.de\/sk\/produkt\/16000-puffs-blue-razz-ice-elf-shisha-16000-premium-qualitaet-fuer-anspruchsvolle-dampfer\/\",\"url\":\"https:\/\/www.elementvape.de\/sk\/produkt\/16000-puffs-blue-razz-ice-elf-shisha-16000-premium-qualitaet-fuer-anspruchsvolle-dampfer\/\",\"name\":\"16000 PUFFS Blue Razz Ice ELF SHISHA 16000 Premium-Qualit\u00e4t f\u00fcr anspruchsvolle Dampfer | ElementVape.de\",\"isPartOf\":{\"@id\":\"https:\/\/www.elementvape.de\/#website\"},\"primaryImageOfPage\":{\"@id\":\"https:\/\/www.elementvape.de\/sk\/produkt\/16000-puffs-blue-razz-ice-elf-shisha-16000-premium-qualitaet-fuer-anspruchsvolle-dampfer\/#primaryimage\"},\"image\":{\"@id\":\"https:\/\/www.elementvape.de\/sk\/produkt\/16000-puffs-blue-razz-ice-elf-shisha-16000-premium-qualitaet-fuer-anspruchsvolle-dampfer\/#primaryimage\"},\"thumbnailUrl\":\"https:\/\/www.elementvape.de\/wp-content\/uploads\/2024\/08\/\u84dd\u8393\u6811\u83932220000.png\",\"datePublished\":\"2024-08-19T08:45:03+00:00\",\"dateModified\":\"2024-12-12T06:34:34+00:00\",\"description\":\"Wir bieten 16000 PUFFS Blue Razz Ice ELF SHISHA 16000 Premium-Qualit\u00e4t f\u00fcr anspruchsvolle Dampfer , Elementvape.de akzeptieren Gro\u00df-und Einzelhandel Bestellungen.\",\"breadcrumb\":{\"@id\":\"https:\/\/www.elementvape.de\/sk\/produkt\/16000-puffs-blue-razz-ice-elf-shisha-16000-premium-qualitaet-fuer-anspruchsvolle-dampfer\/#breadcrumb\"},\"inLanguage\":\"sk-SK\",\"potentialAction\":[{\"@type\":\"ReadAction\",\"target\":[\"https:\/\/www.elementvape.de\/sk\/produkt\/16000-puffs-blue-razz-ice-elf-shisha-16000-premium-qualitaet-fuer-anspruchsvolle-dampfer\/\"]}]},{\"@type\":\"ImageObject\",\"inLanguage\":\"sk-SK\",\"@id\":\"https:\/\/www.elementvape.de\/sk\/produkt\/16000-puffs-blue-razz-ice-elf-shisha-16000-premium-qualitaet-fuer-anspruchsvolle-dampfer\/#primaryimage\",\"url\":\"https:\/\/www.elementvape.de\/wp-content\/uploads\/2024\/08\/\u84dd\u8393\u6811\u83932220000.png\",\"contentUrl\":\"https:\/\/www.elementvape.de\/wp-content\/uploads\/2024\/08\/\u84dd\u8393\u6811\u83932220000.png\",\"width\":1000,\"height\":1000,\"caption\":\"Blue Razz ice\"},{\"@type\":\"BreadcrumbList\",\"@id\":\"https:\/\/www.elementvape.de\/sk\/produkt\/16000-puffs-blue-razz-ice-elf-shisha-16000-premium-qualitaet-fuer-anspruchsvolle-dampfer\/#breadcrumb\",\"itemListElement\":[{\"@type\":\"ListItem\",\"position\":1,\"name\":\"Home\",\"item\":\"https:\/\/www.elementvape.de\/\"},{\"@type\":\"ListItem\",\"position\":2,\"name\":\"Shop\",\"item\":\"https:\/\/www.elementvape.de\/shop\/\"},{\"@type\":\"ListItem\",\"position\":3,\"name\":\"16000 PUFFS Blue Razz Ice ELF SHISHA 16000 Premium-Qualit\u00e4t f\u00fcr anspruchsvolle Dampfer\"}]},{\"@type\":\"WebSite\",\"@id\":\"https:\/\/www.elementvape.de\/#website\",\"url\":\"https:\/\/www.elementvape.de\/\",\"name\":\"ElementVape.de\",\"description\":\"\",\"publisher\":{\"@id\":\"https:\/\/www.elementvape.de\/#organization\"},\"potentialAction\":[{\"@type\":\"SearchAction\",\"target\":{\"@type\":\"EntryPoint\",\"urlTemplate\":\"https:\/\/www.elementvape.de\/?s={search_term_string}\"},\"query-input\":\"required name=search_term_string\"}],\"inLanguage\":\"sk-SK\"},{\"@type\":\"Organization\",\"@id\":\"https:\/\/www.elementvape.de\/#organization\",\"name\":\"ElementVape.DE\",\"url\":\"https:\/\/www.elementvape.de\/\",\"logo\":{\"@type\":\"ImageObject\",\"inLanguage\":\"sk-SK\",\"@id\":\"https:\/\/www.elementvape.de\/#\/schema\/logo\/image\/\",\"url\":\"https:\/\/www.elementvape.de\/wp-content\/uploads\/2024\/09\/cropped-1elementvape-3.png\",\"contentUrl\":\"https:\/\/www.elementvape.de\/wp-content\/uploads\/2024\/09\/cropped-1elementvape-3.png\",\"width\":285,\"height\":228,\"caption\":\"ElementVape.DE\"},\"image\":{\"@id\":\"https:\/\/www.elementvape.de\/#\/schema\/logo\/image\/\"}}]}<\/script>\n<!-- \/ Yoast SEO plugin. -->","yoast_head_json":{"title":"16000 PUFFS Blue Razz Ice ELF SHISHA 16000 Premium-Qualit\u00e4t f\u00fcr anspruchsvolle Dampfer | ElementVape.de","description":"Wir bieten 16000 PUFFS Blue Razz Ice ELF SHISHA 16000 Premium-Qualit\u00e4t f\u00fcr anspruchsvolle Dampfer , Elementvape.de akzeptieren Gro\u00df-und Einzelhandel Bestellungen.","robots":{"index":"index","follow":"follow","max-snippet":"max-snippet:-1","max-image-preview":"max-image-preview:large","max-video-preview":"max-video-preview:-1"},"canonical":"https:\/\/www.elementvape.de\/sk\/produkt\/16000-puffs-blue-razz-ice-elf-shisha-16000-premium-qualitaet-fuer-anspruchsvolle-dampfer\/","og_locale":"sk_SK","og_type":"article","og_title":"16000 PUFFS Blue Razz Ice ELF SHISHA 16000 Premium-Qualit\u00e4t f\u00fcr anspruchsvolle Dampfer | ElementVape.de","og_description":"Wir bieten 16000 PUFFS Blue Razz Ice ELF SHISHA 16000 Premium-Qualit\u00e4t f\u00fcr anspruchsvolle Dampfer , Elementvape.de akzeptieren Gro\u00df-und Einzelhandel Bestellungen.","og_url":"https:\/\/www.elementvape.de\/sk\/produkt\/16000-puffs-blue-razz-ice-elf-shisha-16000-premium-qualitaet-fuer-anspruchsvolle-dampfer\/","og_site_name":"ElementVape.de","article_modified_time":"2024-12-12T06:34:34+00:00","og_image":[{"width":1000,"height":1000,"url":"https:\/\/www.elementvape.de\/wp-content\/uploads\/2024\/08\/\u84dd\u8393\u6811\u83932220000.png","type":"image\/png"}],"twitter_card":"summary_large_image","twitter_misc":{"Est. reading time":"3 min\u00faty"},"schema":{"@context":"https:\/\/schema.org","@graph":[{"@type":"WebPage","@id":"https:\/\/www.elementvape.de\/sk\/produkt\/16000-puffs-blue-razz-ice-elf-shisha-16000-premium-qualitaet-fuer-anspruchsvolle-dampfer\/","url":"https:\/\/www.elementvape.de\/sk\/produkt\/16000-puffs-blue-razz-ice-elf-shisha-16000-premium-qualitaet-fuer-anspruchsvolle-dampfer\/","name":"16000 PUFFS Blue Razz Ice ELF SHISHA 16000 Premium-Qualit\u00e4t f\u00fcr anspruchsvolle Dampfer | ElementVape.de","isPartOf":{"@id":"https:\/\/www.elementvape.de\/#website"},"primaryImageOfPage":{"@id":"https:\/\/www.elementvape.de\/sk\/produkt\/16000-puffs-blue-razz-ice-elf-shisha-16000-premium-qualitaet-fuer-anspruchsvolle-dampfer\/#primaryimage"},"image":{"@id":"https:\/\/www.elementvape.de\/sk\/produkt\/16000-puffs-blue-razz-ice-elf-shisha-16000-premium-qualitaet-fuer-anspruchsvolle-dampfer\/#primaryimage"},"thumbnailUrl":"https:\/\/www.elementvape.de\/wp-content\/uploads\/2024\/08\/\u84dd\u8393\u6811\u83932220000.png","datePublished":"2024-08-19T08:45:03+00:00","dateModified":"2024-12-12T06:34:34+00:00","description":"Wir bieten 16000 PUFFS Blue Razz Ice ELF SHISHA 16000 Premium-Qualit\u00e4t f\u00fcr anspruchsvolle Dampfer , Elementvape.de akzeptieren Gro\u00df-und Einzelhandel Bestellungen.","breadcrumb":{"@id":"https:\/\/www.elementvape.de\/sk\/produkt\/16000-puffs-blue-razz-ice-elf-shisha-16000-premium-qualitaet-fuer-anspruchsvolle-dampfer\/#breadcrumb"},"inLanguage":"sk-SK","potentialAction":[{"@type":"ReadAction","target":["https:\/\/www.elementvape.de\/sk\/produkt\/16000-puffs-blue-razz-ice-elf-shisha-16000-premium-qualitaet-fuer-anspruchsvolle-dampfer\/"]}]},{"@type":"ImageObject","inLanguage":"sk-SK","@id":"https:\/\/www.elementvape.de\/sk\/produkt\/16000-puffs-blue-razz-ice-elf-shisha-16000-premium-qualitaet-fuer-anspruchsvolle-dampfer\/#primaryimage","url":"https:\/\/www.elementvape.de\/wp-content\/uploads\/2024\/08\/\u84dd\u8393\u6811\u83932220000.png","contentUrl":"https:\/\/www.elementvape.de\/wp-content\/uploads\/2024\/08\/\u84dd\u8393\u6811\u83932220000.png","width":1000,"height":1000,"caption":"Blue Razz ice"},{"@type":"BreadcrumbList","@id":"https:\/\/www.elementvape.de\/sk\/produkt\/16000-puffs-blue-razz-ice-elf-shisha-16000-premium-qualitaet-fuer-anspruchsvolle-dampfer\/#breadcrumb","itemListElement":[{"@type":"ListItem","position":1,"name":"Home","item":"https:\/\/www.elementvape.de\/"},{"@type":"ListItem","position":2,"name":"Shop","item":"https:\/\/www.elementvape.de\/shop\/"},{"@type":"ListItem","position":3,"name":"16000 PUFFS Blue Razz Ice ELF SHISHA 16000 Premium-Qualit\u00e4t f\u00fcr anspruchsvolle Dampfer"}]},{"@type":"WebSite","@id":"https:\/\/www.elementvape.de\/#website","url":"https:\/\/www.elementvape.de\/","name":"ElementVape.de","description":"","publisher":{"@id":"https:\/\/www.elementvape.de\/#organization"},"potentialAction":[{"@type":"SearchAction","target":{"@type":"EntryPoint","urlTemplate":"https:\/\/www.elementvape.de\/?s={search_term_string}"},"query-input":"required name=search_term_string"}],"inLanguage":"sk-SK"},{"@type":"Organization","@id":"https:\/\/www.elementvape.de\/#organization","name":"ElementVape.DE","url":"https:\/\/www.elementvape.de\/","logo":{"@type":"ImageObject","inLanguage":"sk-SK","@id":"https:\/\/www.elementvape.de\/#\/schema\/logo\/image\/","url":"https:\/\/www.elementvape.de\/wp-content\/uploads\/2024\/09\/cropped-1elementvape-3.png","contentUrl":"https:\/\/www.elementvape.de\/wp-content\/uploads\/2024\/09\/cropped-1elementvape-3.png","width":285,"height":228,"caption":"ElementVape.DE"},"image":{"@id":"https:\/\/www.elementvape.de\/#\/schema\/logo\/image\/"}}]}},"_links":{"self":[{"href":"https:\/\/www.elementvape.de\/sk\/wp-json\/wp\/v2\/product\/13865"}],"collection":[{"href":"https:\/\/www.elementvape.de\/sk\/wp-json\/wp\/v2\/product"}],"about":[{"href":"https:\/\/www.elementvape.de\/sk\/wp-json\/wp\/v2\/types\/product"}],"wp:featuredmedia":[{"embeddable":true,"href":"https:\/\/www.elementvape.de\/sk\/wp-json\/wp\/v2\/media\/13866"}],"wp:attachment":[{"href":"https:\/\/www.elementvape.de\/sk\/wp-json\/wp\/v2\/media?parent=13865"}],"wp:term":[{"taxonomy":"product_cat","embeddable":true,"href":"https:\/\/www.elementvape.de\/sk\/wp-json\/wp\/v2\/product_cat?post=13865"},{"taxonomy":"product_tag","embeddable":true,"href":"https:\/\/www.elementvape.de\/sk\/wp-json\/wp\/v2\/product_tag?post=13865"}],"curies":[{"name":"wp","href":"https:\/\/api.w.org\/{rel}","templated":true}]}}