{"id":13844,"date":"2024-08-19T03:50:29","date_gmt":"2024-08-19T03:50:29","guid":{"rendered":"https:\/\/www.elementvape.de\/?post_type=product&#038;p=13844"},"modified":"2024-12-12T06:34:42","modified_gmt":"2024-12-12T06:34:42","slug":"zollfreie-elf-box-rgb14000-pro-e-zigaretten-blue-razz-ice-vape-ganz-nach-ihrem-geschmack-14000-puffs","status":"publish","type":"product","link":"https:\/\/www.elementvape.de\/sk\/produkt\/zollfreie-elf-box-rgb14000-pro-e-zigaretten-blue-razz-ice-vape-ganz-nach-ihrem-geschmack-14000-puffs\/","title":{"rendered":"Bez cla ELF BOX RGB14000 pre e-cigarety Blue Razz Ice Vape presne pod\u013ea v\u00e1\u0161ho vkusu 14000 Puffs"},"content":{"rendered":"<div class=\"flex-shrink-0 flex flex-col relative items-end\">\n<div>\n<div class=\"pt-0\">\n<div class=\"gizmo-bot-avatar flex h-8 w-8 items-center justify-center overflow-hidden rounded-full\">\n<div class=\"relative p-1 rounded-sm flex items-center justify-center bg-token-main-surface-primary text-token-text-primary h-8 w-8\"><\/div>\n<\/div>\n<\/div>\n<\/div>\n<\/div>\n<div class=\"group\/conversation-turn relative flex w-full min-w-0 flex-col agent-turn\">\n<div class=\"flex-col gap-1 md:gap-3\">\n<div class=\"flex max-w-full flex-col flex-grow\">\n<div class=\"min-h-[20px] text-message flex w-full flex-col items-end gap-2 whitespace-pre-wrap break-words [.text-message+&amp;]:mt-5 overflow-x-auto\" dir=\"auto\" data-message-author-role=\"assistant\" data-message-id=\"e5b682f9-bd93-432d-9fe3-c97763d5b5a8\">\n<div class=\"flex w-full flex-col gap-1 empty:hidden first:pt-[3px]\">\n<div class=\"markdown prose w-full break-words dark:prose-invert light\">\n<h3>Coln\u00e1 ELF BOX RGB14000 \u2013 Blue Razz Ice Vape<\/h3>\n<p>ELF BOX RGB14000 v\u00e1m prin\u00e1\u0161a osvie\u017euj\u00facu chu\u0165 Blue Razz Ice priamo domov \u2013 bez cla a v najlep\u0161ej kvalite! Tento pr\u00edstroj je ide\u00e1lnou vo\u013ebou pre v\u0161etk\u00fdch, ktor\u00ed chc\u00fa kombinova\u0165 intenz\u00edvny z\u00e1\u017eitok z parenia s chladivou, ovocnou ar\u00f3mou. S neuverite\u013en\u00fdmi 14 000 potiahnutiami pon\u00faka ELF BOX RGB14000 dlhodob\u00fd a uspokojiv\u00fd z\u00e1\u017eitok z vapovania, ktor\u00fd v\u00e1s nesklame.<\/p>\n<p>Kombin\u00e1cia technol\u00f3gie Mesh-Coil a odporu 1,0 Ohm zabezpe\u010duje hust\u00e9, chutn\u00e9 oblaky pri ka\u017edom potiahnut\u00ed. LED displej v\u00e1s v\u017edy informuje o spotrebe potiahnut\u00ed a stave nabitia bat\u00e9rie, zatia\u013e \u010do RGB osvetlenie rob\u00ed zariadenie skuto\u010dnou p\u00fatavkou.<\/p>\n<p>V\u010faka kapacite 25 ml e-liquidu a N-obsahu 2% alebo 5% m\u00e1te mo\u017enos\u0165 prisp\u00f4sobi\u0165 si z\u00e1\u017eitok z parenia pod\u013ea svojich predst\u00e1v. Bat\u00e9ria s kapacitou 600 mAh, ktor\u00e1 sa pohodlne dob\u00edja cez Type-C port, zabezpe\u010duje, \u017ee m\u00e1te v\u017edy dostatok energie pre va\u0161e vapovacie dobrodru\u017estvo.<\/p>\n<p>S hmotnos\u0165ou 105 g a kompaktn\u00fdmi rozmermi 35 x 36 x 133,5 mm sa ELF BOX RGB14000 dokonale zmest\u00ed do ta\u0161ky a m\u00f4\u017ee by\u0165 bezpe\u010dne a pohodlne nosen\u00e1 s \u0161t\u00fdlov\u00fdm lanyardom. Ak h\u013ead\u00e1te v\u00fdkonn\u00fd a esteticky pr\u00ed\u0165a\u017eliv\u00fd vapovacie zariadenie, ktor\u00e9 v\u00e1m pon\u00fakne to najlep\u0161ie z chuti a funk\u010dnosti, ELF BOX RGB14000 je presne to, \u010do potrebujete.<\/p>\n<h3>Tu je preh\u013ead hlavn\u00fdch funkci\u00ed:<\/h3>\n<ul>\n<li>Po\u010det potiahnut\u00ed: Pr\u00edstroj zvl\u00e1dne 14 000 potiahnut\u00ed, \u010do je dos\u0165 ve\u013ea a nazna\u010duje, \u017ee produkt je ve\u013emi odoln\u00fd.<\/li>\n<li>Jadro: Pou\u017e\u00edva sa mesh cievka s odporom 1,0 Ohm, ktor\u00e1 v\u0161eobecne zabezpe\u010duje lep\u0161iu chu\u0165 a produkciu pary.<\/li>\n<li>Kapacita e-liquidu: Pr\u00edstroj m\u00f4\u017ee obsahova\u0165 25 ml e-liquidu, \u010do je dostato\u010dn\u00e9 na dlh\u0161ie pou\u017e\u00edvanie pred potrebou doplnenia.<\/li>\n<li>N-obsah: K dispoz\u00edcii s\u00fa r\u00f4zne koncentr\u00e1cie N, ako 2% a 5%, aby vyhovovali preferenci\u00e1m r\u00f4znych pou\u017e\u00edvate\u013eov.<\/li>\n<li>Bat\u00e9ria: Pr\u00edstroj je poh\u00e1\u0148an\u00fd bat\u00e9riou 18250 s kapacitou 600 mAh, ktor\u00e1 sa d\u00e1 nab\u00edja\u0165 cez port Type-C.<\/li>\n<li>Displej: M\u00e1 LED displej, ktor\u00fd zobrazuje v\u00fddr\u017e bat\u00e9rie, po\u010det potiahnut\u00ed a \u010fal\u0161ie inform\u00e1cie.<\/li>\n<li>Osvetlenie a pr\u00edslu\u0161enstvo: Pr\u00edstroj m\u00e1 RGB osvetlenie (pulsuj\u00face svetlo), ktor\u00e9 je mo\u017en\u00e9 individu\u00e1lne prisp\u00f4sobi\u0165 alebo zafarbi\u0165, a praktick\u00fd remienok (lanyard).<\/li>\n<\/ul>\n<p>Hmotnos\u0165 a rozmery: Produkt v\u00e1\u017ei 105 gramov a meria 35 mm x 36 mm x 133,5 mm.<\/p>\n<\/div>\n<\/div>\n<\/div>\n<\/div>\n<\/div>\n<\/div>","protected":false},"excerpt":{"rendered":"<p>Zollfreie ELF BOX RGB14000 \u2013 Blue Razz Ice Vape Die ELF BOX RGB14000 bringt dir den erfrischenden Geschmack von Blue Razz Ice direkt nach Hause \u2013 zollfrei und in bester Qualit\u00e4t! Dieses Ger\u00e4t ist die perfekte Wahl f\u00fcr alle, die intensiven Dampfgenuss mit einem coolen, fruchtigen Aroma kombinieren m\u00f6chten. Mit unglaublichen 14.000 Z\u00fcgen bietet die [&hellip;]<\/p>","protected":false},"featured_media":13847,"template":"","meta":{"inline_featured_image":false},"product_cat":[15,78,747,740,734,753,718,732],"product_tag":[710,674],"tiered_pricing_type":"fixed","tiered_pricing_fixed_rules":{"110":"7.95","200":"7.06","500":"6.18"},"tiered_pricing_percentage_rules":[],"tiered_pricing_minimum":1,"_administrator_tiered_pricing_type":"fixed","_administrator_tiered_pricing_fixed_rules":[],"_editor_tiered_pricing_type":"fixed","_editor_tiered_pricing_fixed_rules":[],"_author_tiered_pricing_type":"fixed","_author_tiered_pricing_fixed_rules":[],"_contributor_tiered_pricing_type":"fixed","_contributor_tiered_pricing_fixed_rules":[],"_subscriber_tiered_pricing_type":"fixed","_subscriber_tiered_pricing_fixed_rules":[],"_customer_tiered_pricing_type":"fixed","_customer_tiered_pricing_fixed_rules":[],"_shop_manager_tiered_pricing_type":"fixed","_shop_manager_tiered_pricing_fixed_rules":[],"_wpseo_manager_tiered_pricing_type":"fixed","_wpseo_manager_tiered_pricing_fixed_rules":[],"_wpseo_editor_tiered_pricing_type":"fixed","_wpseo_editor_tiered_pricing_fixed_rules":[],"_wholesale_customer_tiered_pricing_type":"fixed","_wholesale_customer_tiered_pricing_fixed_rules":[],"_marketer_tiered_pricing_type":"fixed","_marketer_tiered_pricing_fixed_rules":[],"_sales_manager_tiered_pricing_type":"fixed","_sales_manager_tiered_pricing_fixed_rules":[],"_sales_rep_tiered_pricing_type":"fixed","_sales_rep_tiered_pricing_fixed_rules":[],"yoast_head":"<!-- This site is optimized with the Yoast SEO plugin v23.3 - https:\/\/yoast.com\/wordpress\/plugins\/seo\/ -->\n<title>Zollfreie ELF BOX RGB14000 pro E-Zigaretten Blue Razz Ice Vape ganz nach Ihrem Geschmack 14000 Puffs | ElementVape.de<\/title>\n<meta name=\"description\" content=\"Wir bieten Zollfreie ELF BOX RGB14000 pro E-Zigaretten Blue Razz Ice Vape ganz nach Ihrem Geschmack 14000 Puffs , Elementvape.de akzeptieren Gro\u00df-und Einzelhandel Bestellungen.\" \/>\n<meta name=\"robots\" content=\"index, follow, max-snippet:-1, max-image-preview:large, max-video-preview:-1\" \/>\n<link rel=\"canonical\" href=\"https:\/\/www.elementvape.de\/sk\/produkt\/zollfreie-elf-box-rgb14000-pro-e-zigaretten-blue-razz-ice-vape-ganz-nach-ihrem-geschmack-14000-puffs\/\" \/>\n<meta property=\"og:locale\" content=\"sk_SK\" \/>\n<meta property=\"og:type\" content=\"article\" \/>\n<meta property=\"og:title\" content=\"Zollfreie ELF BOX RGB14000 pro E-Zigaretten Blue Razz Ice Vape ganz nach Ihrem Geschmack 14000 Puffs | ElementVape.de\" \/>\n<meta property=\"og:description\" content=\"Wir bieten Zollfreie ELF BOX RGB14000 pro E-Zigaretten Blue Razz Ice Vape ganz nach Ihrem Geschmack 14000 Puffs , Elementvape.de akzeptieren Gro\u00df-und Einzelhandel Bestellungen.\" \/>\n<meta property=\"og:url\" content=\"https:\/\/www.elementvape.de\/sk\/produkt\/zollfreie-elf-box-rgb14000-pro-e-zigaretten-blue-razz-ice-vape-ganz-nach-ihrem-geschmack-14000-puffs\/\" \/>\n<meta property=\"og:site_name\" content=\"ElementVape.de\" \/>\n<meta property=\"article:modified_time\" content=\"2024-12-12T06:34:42+00:00\" \/>\n<meta property=\"og:image\" content=\"https:\/\/www.elementvape.de\/wp-content\/uploads\/2024\/08\/\u84dd\u8393\u6811\u83930000.png\" \/>\n\t<meta property=\"og:image:width\" content=\"1000\" \/>\n\t<meta property=\"og:image:height\" content=\"1000\" \/>\n\t<meta property=\"og:image:type\" content=\"image\/png\" \/>\n<meta name=\"twitter:card\" content=\"summary_large_image\" \/>\n<meta name=\"twitter:label1\" content=\"Est. reading time\" \/>\n\t<meta name=\"twitter:data1\" content=\"3 min\u00faty\" \/>\n<script type=\"application\/ld+json\" class=\"yoast-schema-graph\">{\"@context\":\"https:\/\/schema.org\",\"@graph\":[{\"@type\":\"WebPage\",\"@id\":\"https:\/\/www.elementvape.de\/nl\/produkt\/zollfreie-elf-box-rgb14000-pro-e-zigaretten-blue-razz-ice-vape-ganz-nach-ihrem-geschmack-14000-puffs\/\",\"url\":\"https:\/\/www.elementvape.de\/nl\/produkt\/zollfreie-elf-box-rgb14000-pro-e-zigaretten-blue-razz-ice-vape-ganz-nach-ihrem-geschmack-14000-puffs\/\",\"name\":\"Zollfreie ELF BOX RGB14000 pro E-Zigaretten Blue Razz Ice Vape ganz nach Ihrem Geschmack 14000 Puffs | ElementVape.de\",\"isPartOf\":{\"@id\":\"https:\/\/www.elementvape.de\/#website\"},\"primaryImageOfPage\":{\"@id\":\"https:\/\/www.elementvape.de\/nl\/produkt\/zollfreie-elf-box-rgb14000-pro-e-zigaretten-blue-razz-ice-vape-ganz-nach-ihrem-geschmack-14000-puffs\/#primaryimage\"},\"image\":{\"@id\":\"https:\/\/www.elementvape.de\/nl\/produkt\/zollfreie-elf-box-rgb14000-pro-e-zigaretten-blue-razz-ice-vape-ganz-nach-ihrem-geschmack-14000-puffs\/#primaryimage\"},\"thumbnailUrl\":\"https:\/\/www.elementvape.de\/wp-content\/uploads\/2024\/08\/\u84dd\u8393\u6811\u83930000.png\",\"datePublished\":\"2024-08-19T03:50:29+00:00\",\"dateModified\":\"2024-12-12T06:34:42+00:00\",\"description\":\"Wir bieten Zollfreie ELF BOX RGB14000 pro E-Zigaretten Blue Razz Ice Vape ganz nach Ihrem Geschmack 14000 Puffs , Elementvape.de akzeptieren Gro\u00df-und Einzelhandel Bestellungen.\",\"breadcrumb\":{\"@id\":\"https:\/\/www.elementvape.de\/nl\/produkt\/zollfreie-elf-box-rgb14000-pro-e-zigaretten-blue-razz-ice-vape-ganz-nach-ihrem-geschmack-14000-puffs\/#breadcrumb\"},\"inLanguage\":\"sk-SK\",\"potentialAction\":[{\"@type\":\"ReadAction\",\"target\":[\"https:\/\/www.elementvape.de\/nl\/produkt\/zollfreie-elf-box-rgb14000-pro-e-zigaretten-blue-razz-ice-vape-ganz-nach-ihrem-geschmack-14000-puffs\/\"]}]},{\"@type\":\"ImageObject\",\"inLanguage\":\"sk-SK\",\"@id\":\"https:\/\/www.elementvape.de\/nl\/produkt\/zollfreie-elf-box-rgb14000-pro-e-zigaretten-blue-razz-ice-vape-ganz-nach-ihrem-geschmack-14000-puffs\/#primaryimage\",\"url\":\"https:\/\/www.elementvape.de\/wp-content\/uploads\/2024\/08\/\u84dd\u8393\u6811\u83930000.png\",\"contentUrl\":\"https:\/\/www.elementvape.de\/wp-content\/uploads\/2024\/08\/\u84dd\u8393\u6811\u83930000.png\",\"width\":1000,\"height\":1000,\"caption\":\"Blue Razz ice\"},{\"@type\":\"BreadcrumbList\",\"@id\":\"https:\/\/www.elementvape.de\/nl\/produkt\/zollfreie-elf-box-rgb14000-pro-e-zigaretten-blue-razz-ice-vape-ganz-nach-ihrem-geschmack-14000-puffs\/#breadcrumb\",\"itemListElement\":[{\"@type\":\"ListItem\",\"position\":1,\"name\":\"Home\",\"item\":\"https:\/\/www.elementvape.de\/\"},{\"@type\":\"ListItem\",\"position\":2,\"name\":\"Shop\",\"item\":\"https:\/\/www.elementvape.de\/shop\/\"},{\"@type\":\"ListItem\",\"position\":3,\"name\":\"Zollfreie ELF BOX RGB14000 pro E-Zigaretten Blue Razz Ice Vape ganz nach Ihrem Geschmack 14000 Puffs\"}]},{\"@type\":\"WebSite\",\"@id\":\"https:\/\/www.elementvape.de\/#website\",\"url\":\"https:\/\/www.elementvape.de\/\",\"name\":\"ElementVape.de\",\"description\":\"\",\"publisher\":{\"@id\":\"https:\/\/www.elementvape.de\/#organization\"},\"potentialAction\":[{\"@type\":\"SearchAction\",\"target\":{\"@type\":\"EntryPoint\",\"urlTemplate\":\"https:\/\/www.elementvape.de\/?s={search_term_string}\"},\"query-input\":\"required name=search_term_string\"}],\"inLanguage\":\"sk-SK\"},{\"@type\":\"Organization\",\"@id\":\"https:\/\/www.elementvape.de\/#organization\",\"name\":\"ElementVape.DE\",\"url\":\"https:\/\/www.elementvape.de\/\",\"logo\":{\"@type\":\"ImageObject\",\"inLanguage\":\"sk-SK\",\"@id\":\"https:\/\/www.elementvape.de\/#\/schema\/logo\/image\/\",\"url\":\"https:\/\/www.elementvape.de\/wp-content\/uploads\/2024\/09\/cropped-1elementvape-3.png\",\"contentUrl\":\"https:\/\/www.elementvape.de\/wp-content\/uploads\/2024\/09\/cropped-1elementvape-3.png\",\"width\":285,\"height\":228,\"caption\":\"ElementVape.DE\"},\"image\":{\"@id\":\"https:\/\/www.elementvape.de\/#\/schema\/logo\/image\/\"}}]}<\/script>\n<!-- \/ Yoast SEO plugin. -->","yoast_head_json":{"title":"Zollfreie ELF BOX RGB14000 pro E-Zigaretten Blue Razz Ice Vape ganz nach Ihrem Geschmack 14000 Puffs | ElementVape.de","description":"Wir bieten Zollfreie ELF BOX RGB14000 pro E-Zigaretten Blue Razz Ice Vape ganz nach Ihrem Geschmack 14000 Puffs , Elementvape.de akzeptieren Gro\u00df-und Einzelhandel Bestellungen.","robots":{"index":"index","follow":"follow","max-snippet":"max-snippet:-1","max-image-preview":"max-image-preview:large","max-video-preview":"max-video-preview:-1"},"canonical":"https:\/\/www.elementvape.de\/sk\/produkt\/zollfreie-elf-box-rgb14000-pro-e-zigaretten-blue-razz-ice-vape-ganz-nach-ihrem-geschmack-14000-puffs\/","og_locale":"sk_SK","og_type":"article","og_title":"Zollfreie ELF BOX RGB14000 pro E-Zigaretten Blue Razz Ice Vape ganz nach Ihrem Geschmack 14000 Puffs | ElementVape.de","og_description":"Wir bieten Zollfreie ELF BOX RGB14000 pro E-Zigaretten Blue Razz Ice Vape ganz nach Ihrem Geschmack 14000 Puffs , Elementvape.de akzeptieren Gro\u00df-und Einzelhandel Bestellungen.","og_url":"https:\/\/www.elementvape.de\/sk\/produkt\/zollfreie-elf-box-rgb14000-pro-e-zigaretten-blue-razz-ice-vape-ganz-nach-ihrem-geschmack-14000-puffs\/","og_site_name":"ElementVape.de","article_modified_time":"2024-12-12T06:34:42+00:00","og_image":[{"width":1000,"height":1000,"url":"https:\/\/www.elementvape.de\/wp-content\/uploads\/2024\/08\/\u84dd\u8393\u6811\u83930000.png","type":"image\/png"}],"twitter_card":"summary_large_image","twitter_misc":{"Est. reading time":"3 min\u00faty"},"schema":{"@context":"https:\/\/schema.org","@graph":[{"@type":"WebPage","@id":"https:\/\/www.elementvape.de\/nl\/produkt\/zollfreie-elf-box-rgb14000-pro-e-zigaretten-blue-razz-ice-vape-ganz-nach-ihrem-geschmack-14000-puffs\/","url":"https:\/\/www.elementvape.de\/nl\/produkt\/zollfreie-elf-box-rgb14000-pro-e-zigaretten-blue-razz-ice-vape-ganz-nach-ihrem-geschmack-14000-puffs\/","name":"Zollfreie ELF BOX RGB14000 pro E-Zigaretten Blue Razz Ice Vape ganz nach Ihrem Geschmack 14000 Puffs | ElementVape.de","isPartOf":{"@id":"https:\/\/www.elementvape.de\/#website"},"primaryImageOfPage":{"@id":"https:\/\/www.elementvape.de\/nl\/produkt\/zollfreie-elf-box-rgb14000-pro-e-zigaretten-blue-razz-ice-vape-ganz-nach-ihrem-geschmack-14000-puffs\/#primaryimage"},"image":{"@id":"https:\/\/www.elementvape.de\/nl\/produkt\/zollfreie-elf-box-rgb14000-pro-e-zigaretten-blue-razz-ice-vape-ganz-nach-ihrem-geschmack-14000-puffs\/#primaryimage"},"thumbnailUrl":"https:\/\/www.elementvape.de\/wp-content\/uploads\/2024\/08\/\u84dd\u8393\u6811\u83930000.png","datePublished":"2024-08-19T03:50:29+00:00","dateModified":"2024-12-12T06:34:42+00:00","description":"Wir bieten Zollfreie ELF BOX RGB14000 pro E-Zigaretten Blue Razz Ice Vape ganz nach Ihrem Geschmack 14000 Puffs , Elementvape.de akzeptieren Gro\u00df-und Einzelhandel Bestellungen.","breadcrumb":{"@id":"https:\/\/www.elementvape.de\/nl\/produkt\/zollfreie-elf-box-rgb14000-pro-e-zigaretten-blue-razz-ice-vape-ganz-nach-ihrem-geschmack-14000-puffs\/#breadcrumb"},"inLanguage":"sk-SK","potentialAction":[{"@type":"ReadAction","target":["https:\/\/www.elementvape.de\/nl\/produkt\/zollfreie-elf-box-rgb14000-pro-e-zigaretten-blue-razz-ice-vape-ganz-nach-ihrem-geschmack-14000-puffs\/"]}]},{"@type":"ImageObject","inLanguage":"sk-SK","@id":"https:\/\/www.elementvape.de\/nl\/produkt\/zollfreie-elf-box-rgb14000-pro-e-zigaretten-blue-razz-ice-vape-ganz-nach-ihrem-geschmack-14000-puffs\/#primaryimage","url":"https:\/\/www.elementvape.de\/wp-content\/uploads\/2024\/08\/\u84dd\u8393\u6811\u83930000.png","contentUrl":"https:\/\/www.elementvape.de\/wp-content\/uploads\/2024\/08\/\u84dd\u8393\u6811\u83930000.png","width":1000,"height":1000,"caption":"Blue Razz ice"},{"@type":"BreadcrumbList","@id":"https:\/\/www.elementvape.de\/nl\/produkt\/zollfreie-elf-box-rgb14000-pro-e-zigaretten-blue-razz-ice-vape-ganz-nach-ihrem-geschmack-14000-puffs\/#breadcrumb","itemListElement":[{"@type":"ListItem","position":1,"name":"Home","item":"https:\/\/www.elementvape.de\/"},{"@type":"ListItem","position":2,"name":"Shop","item":"https:\/\/www.elementvape.de\/shop\/"},{"@type":"ListItem","position":3,"name":"Zollfreie ELF BOX RGB14000 pro E-Zigaretten Blue Razz Ice Vape ganz nach Ihrem Geschmack 14000 Puffs"}]},{"@type":"WebSite","@id":"https:\/\/www.elementvape.de\/#website","url":"https:\/\/www.elementvape.de\/","name":"ElementVape.de","description":"","publisher":{"@id":"https:\/\/www.elementvape.de\/#organization"},"potentialAction":[{"@type":"SearchAction","target":{"@type":"EntryPoint","urlTemplate":"https:\/\/www.elementvape.de\/?s={search_term_string}"},"query-input":"required name=search_term_string"}],"inLanguage":"sk-SK"},{"@type":"Organization","@id":"https:\/\/www.elementvape.de\/#organization","name":"ElementVape.DE","url":"https:\/\/www.elementvape.de\/","logo":{"@type":"ImageObject","inLanguage":"sk-SK","@id":"https:\/\/www.elementvape.de\/#\/schema\/logo\/image\/","url":"https:\/\/www.elementvape.de\/wp-content\/uploads\/2024\/09\/cropped-1elementvape-3.png","contentUrl":"https:\/\/www.elementvape.de\/wp-content\/uploads\/2024\/09\/cropped-1elementvape-3.png","width":285,"height":228,"caption":"ElementVape.DE"},"image":{"@id":"https:\/\/www.elementvape.de\/#\/schema\/logo\/image\/"}}]}},"_links":{"self":[{"href":"https:\/\/www.elementvape.de\/sk\/wp-json\/wp\/v2\/product\/13844"}],"collection":[{"href":"https:\/\/www.elementvape.de\/sk\/wp-json\/wp\/v2\/product"}],"about":[{"href":"https:\/\/www.elementvape.de\/sk\/wp-json\/wp\/v2\/types\/product"}],"wp:featuredmedia":[{"embeddable":true,"href":"https:\/\/www.elementvape.de\/sk\/wp-json\/wp\/v2\/media\/13847"}],"wp:attachment":[{"href":"https:\/\/www.elementvape.de\/sk\/wp-json\/wp\/v2\/media?parent=13844"}],"wp:term":[{"taxonomy":"product_cat","embeddable":true,"href":"https:\/\/www.elementvape.de\/sk\/wp-json\/wp\/v2\/product_cat?post=13844"},{"taxonomy":"product_tag","embeddable":true,"href":"https:\/\/www.elementvape.de\/sk\/wp-json\/wp\/v2\/product_tag?post=13844"}],"curies":[{"name":"wp","href":"https:\/\/api.w.org\/{rel}","templated":true}]}}