{"id":13771,"date":"2024-08-15T09:33:41","date_gmt":"2024-08-15T09:33:41","guid":{"rendered":"https:\/\/www.elementvape.de\/?post_type=product&#038;p=13771"},"modified":"2024-12-12T06:34:54","modified_gmt":"2024-12-12T06:34:54","slug":"unleash-the-power-red-bull-elf-box-pulse-x-15000-puffs-in-pulse-mode","status":"publish","type":"product","link":"https:\/\/www.elementvape.de\/sk\/produkt\/unleash-the-power-red-bull-elf-box-pulse-x-15000-puffs-in-pulse-mode\/","title":{"rendered":"Uvo\u013enite silu Red Bull ELF BOX PULSE X 15000 \u0165ahov v pulznom re\u017eime"},"content":{"rendered":"<h2>Uvo\u013enite silu \u2013 Red Bull ELF BOX PULSE X<\/h2>\n<table>\n<thead>\n<tr>\n<th>Vlastnos\u0165<\/th>\n<th>\u0160pecifik\u00e1cia<\/th>\n<\/tr>\n<\/thead>\n<tbody>\n<tr>\n<td><strong>Z\u00e1very (Pulzn\u00fd re\u017eim)<\/strong><\/td>\n<td>15.000<\/td>\n<\/tr>\n<tr>\n<td><strong>Dvojit\u00e1 sie\u0165ov\u00e1 cievka<\/strong><\/td>\n<td>0,8 ohm + 0,8 ohm<\/td>\n<\/tr>\n<tr>\n<td><strong>E-Liquid<\/strong><\/td>\n<td>18 ml<\/td>\n<\/tr>\n<tr>\n<td><strong>N<\/strong><\/td>\n<td>2% \/ 5%<\/td>\n<\/tr>\n<tr>\n<td><strong>Bat\u00e9ria<\/strong><\/td>\n<td>13500-750mAh<\/td>\n<\/tr>\n<tr>\n<td><strong>Displej<\/strong><\/td>\n<td>3D zakriven\u00fd displej, AI nastavovanie v\u00fdkonu<\/td>\n<\/tr>\n<tr>\n<td><strong>Technol\u00f3gia<\/strong><\/td>\n<td>Pulzn\u00fd v\u00fdkon, Super Boost VPU vo vn\u00fatri<\/td>\n<\/tr>\n<tr>\n<td><strong>Dob\u00edjate\u013en\u00e9<\/strong><\/td>\n<td>Type-C<\/td>\n<\/tr>\n<tr>\n<td><strong>Hmotnos\u0165 produktu<\/strong><\/td>\n<td>100 g<\/td>\n<\/tr>\n<tr>\n<td><strong>Ve\u013ekos\u0165 produktu<\/strong><\/td>\n<td>91.5<em>56.5<\/em>28,5mm<\/td>\n<\/tr>\n<\/tbody>\n<\/table>\n<h3>Z\u00e1\u017eitok z chuti: Red Bull<\/h3>\n<table>\n<thead>\n<tr>\n<th>Aspekt<\/th>\n<th>Popis<\/th>\n<\/tr>\n<\/thead>\n<tbody>\n<tr>\n<td><strong>Ar\u00f3my<\/strong><\/td>\n<td>Osvie\u017euj\u00faca a povzbudzuj\u00faca chu\u0165 Red Bull<\/td>\n<\/tr>\n<tr>\n<td><strong>Chu\u0165<\/strong><\/td>\n<td>Sladk\u00e1, \u013eahko perliv\u00e1, s n\u00e1dychom energie<\/td>\n<\/tr>\n<tr>\n<td><strong>Vlastnosti<\/strong><\/td>\n<td>Perfektn\u00e1 napodobenina ob\u013e\u00faben\u00e9ho n\u00e1poja Red Bull<\/td>\n<\/tr>\n<\/tbody>\n<\/table>\n<h3>V\u00fdkonnostn\u00e9 charakteristiky<\/h3>\n<h4>Pulzn\u00fd re\u017eim pre maxim\u00e1lnu intenzitu<\/h4>\n<ul>\n<li><strong>15 000 \u0165ahov v pulznom re\u017eime<\/strong>: S 15 000  \u0165ahmi v pulznom re\u017eime za\u017eijete impozantn\u00fd po\u010det \u0165ahov, ktor\u00e9 v\u00e1m poskytn\u00fa dlhodobo kon\u0161tantn\u00fd v\u00fdkon a intenz\u00edvnu chu\u0165.<\/li>\n<li><strong>Optimalizovan\u00fd v\u00fdkon<\/strong>: Pulzn\u00fd re\u017eim zosil\u0148uje ka\u017ed\u00fd \u0165ah pre intenz\u00edvnej\u0161\u00ed z\u00e1\u017eitok z chuti a hustej\u0161iu produkciu pary.<\/li>\n<\/ul>\n<h4>Super Boost VPU a AI-Power<\/h4>\n<ul>\n<li><strong>Super Boost VPU<\/strong>: T\u00e1to technol\u00f3gia zabezpe\u010duje \u010fal\u0161\u00ed n\u00e1rast v\u00fdkonu, ktor\u00fd zintenz\u00edv\u0148uje produkciu pary a chu\u0165. Ka\u017ed\u00fd \u0165ah je tak silnej\u0161\u00ed a chutnej\u0161\u00ed, \u010do rob\u00ed z\u00e1\u017eitok z vapovania e\u0161te vzru\u0161uj\u00facej\u0161\u00edm.<\/li>\n<li><strong>AI-Power Nastavenie<\/strong>: Riadenie v\u00fdkonu s podporou AI zabezpe\u010duje, \u017ee v\u00fdkon e-cigarety sa automaticky prisp\u00f4sobuje v\u00e1\u0161mu \u0161t\u00fdlu \u0165ahania, aby ste v\u017edy mali rovnomern\u00fd a optim\u00e1lny z\u00e1\u017eitok z vapovania.<\/li>\n<\/ul>\n<h4>Dvojit\u00e9 sie\u0165ov\u00e9 \u0161pir\u00e1lky pre rovnomern\u00e9 pote\u0161enie<\/h4>\n<ul>\n<li><strong>Dvojit\u00e9 sie\u0165ov\u00e9 \u0161pir\u00e1lky (0,8 ohm + 0,8 ohm)<\/strong>: Dvojit\u00e9 mrie\u017ekov\u00e9 cievky poskytuj\u00fa rovnomern\u00e9 rozlo\u017eenie tepla a kon\u0161tantn\u00fa produkciu pary, \u010do najlep\u0161ie zv\u00fdraz\u0148uje pln\u00fa chu\u0165 ar\u00f3my Red Bull. To zaru\u010duje rovnak\u00fd, chutn\u00fd z\u00e1\u017eitok pri ka\u017edom \u0165ahu.<\/li>\n<\/ul>\n<h3>V\u00fdkonn\u00fd z\u00e1\u017eitok z vapovania<\/h3>\n<p>S ELF BOX PULSE X a chu\u0165ou Red Bull za\u017eijete v\u00fdnimo\u010dn\u00fa kombin\u00e1ciu intenz\u00edvneho v\u00fdkonu a osvie\u017euj\u00facej chuti. 15 000 \u0165ahov v pulznom re\u017eime, spojen\u00fdch s najmodernej\u0161ou technol\u00f3giou ako Super Boost VPU a AI-Power Adjustment, zabezpe\u010duje z\u00e1\u017eitok z vapovania, ktor\u00fd je nielen v\u00fdkonn\u00fd, ale aj chu\u0165ovo vynikaj\u00faci. Nechajte sa unies\u0165 energiou a svie\u017eos\u0165ou ar\u00f3my Red Bull a vychutnajte si z\u00e1\u017eitok z vapovania, ktor\u00fd nesklame.<\/p>","protected":false},"excerpt":{"rendered":"<p>Unleash the Power \u2013 Red Bull ELF BOX PULSE X Merkmal Spezifikation Z\u00fcge (Pulsmodus) 15.000 Dual Mesh Coil 0.8ohm + 0.8ohm E-Liquid 18ml N 2% \/ 5% Batterie 13500-750mAh Bildschirm 3D Curved Screen, AI Power Adjustment Technologie Pulse Power, Super Boost VPU Inside Wiederaufladbar Type-C Produktgewicht 100g Produktgr\u00f6\u00dfe 91.556.528.5mm Geschmackserlebnis: Red Bull Aspekt Beschreibung Aromen [&hellip;]<\/p>","protected":false},"featured_media":13772,"template":"","meta":{"inline_featured_image":false},"product_cat":[15,78,747,740,734,753,717,732],"product_tag":[710,674],"tiered_pricing_type":"fixed","tiered_pricing_fixed_rules":{"110":"12.39","200":"11.02","500":"9.64"},"tiered_pricing_percentage_rules":[],"tiered_pricing_minimum":1,"_administrator_tiered_pricing_type":"fixed","_administrator_tiered_pricing_fixed_rules":[],"_editor_tiered_pricing_type":"fixed","_editor_tiered_pricing_fixed_rules":[],"_author_tiered_pricing_type":"fixed","_author_tiered_pricing_fixed_rules":[],"_contributor_tiered_pricing_type":"fixed","_contributor_tiered_pricing_fixed_rules":[],"_subscriber_tiered_pricing_type":"fixed","_subscriber_tiered_pricing_fixed_rules":[],"_customer_tiered_pricing_type":"fixed","_customer_tiered_pricing_fixed_rules":[],"_shop_manager_tiered_pricing_type":"fixed","_shop_manager_tiered_pricing_fixed_rules":[],"_wpseo_manager_tiered_pricing_type":"fixed","_wpseo_manager_tiered_pricing_fixed_rules":[],"_wpseo_editor_tiered_pricing_type":"fixed","_wpseo_editor_tiered_pricing_fixed_rules":[],"_wholesale_customer_tiered_pricing_type":"fixed","_wholesale_customer_tiered_pricing_fixed_rules":[],"_marketer_tiered_pricing_type":"fixed","_marketer_tiered_pricing_fixed_rules":[],"_sales_manager_tiered_pricing_type":"fixed","_sales_manager_tiered_pricing_fixed_rules":[],"_sales_rep_tiered_pricing_type":"fixed","_sales_rep_tiered_pricing_fixed_rules":[],"yoast_head":"<!-- This site is optimized with the Yoast SEO plugin v23.3 - https:\/\/yoast.com\/wordpress\/plugins\/seo\/ -->\n<title>Entfesseln Sie die Power Red Bull ELF BOX PULSE X 15000 Z\u00fcge im Pulsmodus | ElementVape.de<\/title>\n<meta name=\"description\" content=\"Wir bieten Entfesseln Sie die Power Red Bull ELF BOX PULSE X 15000 Z\u00fcge im Pulsmodus , Elementvape.de akzeptieren Gro\u00df-und Einzelhandel Bestellungen.\" \/>\n<meta name=\"robots\" content=\"index, follow, max-snippet:-1, max-image-preview:large, max-video-preview:-1\" \/>\n<link rel=\"canonical\" href=\"https:\/\/www.elementvape.de\/sk\/produkt\/unleash-the-power-red-bull-elf-box-pulse-x-15000-puffs-in-pulse-mode\/\" \/>\n<meta property=\"og:locale\" content=\"sk_SK\" \/>\n<meta property=\"og:type\" content=\"article\" \/>\n<meta property=\"og:title\" content=\"Entfesseln Sie die Power Red Bull ELF BOX PULSE X 15000 Z\u00fcge im Pulsmodus | ElementVape.de\" \/>\n<meta property=\"og:description\" content=\"Wir bieten Entfesseln Sie die Power Red Bull ELF BOX PULSE X 15000 Z\u00fcge im Pulsmodus , Elementvape.de akzeptieren Gro\u00df-und Einzelhandel Bestellungen.\" \/>\n<meta property=\"og:url\" content=\"https:\/\/www.elementvape.de\/sk\/produkt\/unleash-the-power-red-bull-elf-box-pulse-x-15000-puffs-in-pulse-mode\/\" \/>\n<meta property=\"og:site_name\" content=\"ElementVape.de\" \/>\n<meta property=\"article:modified_time\" content=\"2024-12-12T06:34:54+00:00\" \/>\n<meta property=\"og:image\" content=\"https:\/\/www.elementvape.de\/wp-content\/uploads\/2024\/08\/10.jpg\" \/>\n\t<meta property=\"og:image:width\" content=\"1000\" \/>\n\t<meta property=\"og:image:height\" content=\"1000\" \/>\n\t<meta property=\"og:image:type\" content=\"image\/jpeg\" \/>\n<meta name=\"twitter:card\" content=\"summary_large_image\" \/>\n<meta name=\"twitter:label1\" content=\"Est. reading time\" \/>\n\t<meta name=\"twitter:data1\" content=\"2 min\u00faty\" \/>\n<script type=\"application\/ld+json\" class=\"yoast-schema-graph\">{\"@context\":\"https:\/\/schema.org\",\"@graph\":[{\"@type\":\"WebPage\",\"@id\":\"https:\/\/www.elementvape.de\/pl\/produkt\/unleash-the-power-red-bull-elf-box-pulse-x-15000-puffs-in-pulse-mode\/\",\"url\":\"https:\/\/www.elementvape.de\/pl\/produkt\/unleash-the-power-red-bull-elf-box-pulse-x-15000-puffs-in-pulse-mode\/\",\"name\":\"Entfesseln Sie die Power Red Bull ELF BOX PULSE X 15000 Z\u00fcge im Pulsmodus | ElementVape.de\",\"isPartOf\":{\"@id\":\"https:\/\/www.elementvape.de\/#website\"},\"primaryImageOfPage\":{\"@id\":\"https:\/\/www.elementvape.de\/pl\/produkt\/unleash-the-power-red-bull-elf-box-pulse-x-15000-puffs-in-pulse-mode\/#primaryimage\"},\"image\":{\"@id\":\"https:\/\/www.elementvape.de\/pl\/produkt\/unleash-the-power-red-bull-elf-box-pulse-x-15000-puffs-in-pulse-mode\/#primaryimage\"},\"thumbnailUrl\":\"https:\/\/www.elementvape.de\/wp-content\/uploads\/2024\/08\/10.jpg\",\"datePublished\":\"2024-08-15T09:33:41+00:00\",\"dateModified\":\"2024-12-12T06:34:54+00:00\",\"description\":\"Wir bieten Entfesseln Sie die Power Red Bull ELF BOX PULSE X 15000 Z\u00fcge im Pulsmodus , Elementvape.de akzeptieren Gro\u00df-und Einzelhandel Bestellungen.\",\"breadcrumb\":{\"@id\":\"https:\/\/www.elementvape.de\/pl\/produkt\/unleash-the-power-red-bull-elf-box-pulse-x-15000-puffs-in-pulse-mode\/#breadcrumb\"},\"inLanguage\":\"sk-SK\",\"potentialAction\":[{\"@type\":\"ReadAction\",\"target\":[\"https:\/\/www.elementvape.de\/pl\/produkt\/unleash-the-power-red-bull-elf-box-pulse-x-15000-puffs-in-pulse-mode\/\"]}]},{\"@type\":\"ImageObject\",\"inLanguage\":\"sk-SK\",\"@id\":\"https:\/\/www.elementvape.de\/pl\/produkt\/unleash-the-power-red-bull-elf-box-pulse-x-15000-puffs-in-pulse-mode\/#primaryimage\",\"url\":\"https:\/\/www.elementvape.de\/wp-content\/uploads\/2024\/08\/10.jpg\",\"contentUrl\":\"https:\/\/www.elementvape.de\/wp-content\/uploads\/2024\/08\/10.jpg\",\"width\":1000,\"height\":1000,\"caption\":\"Red Bull\"},{\"@type\":\"BreadcrumbList\",\"@id\":\"https:\/\/www.elementvape.de\/pl\/produkt\/unleash-the-power-red-bull-elf-box-pulse-x-15000-puffs-in-pulse-mode\/#breadcrumb\",\"itemListElement\":[{\"@type\":\"ListItem\",\"position\":1,\"name\":\"Home\",\"item\":\"https:\/\/www.elementvape.de\/\"},{\"@type\":\"ListItem\",\"position\":2,\"name\":\"Shop\",\"item\":\"https:\/\/www.elementvape.de\/shop\/\"},{\"@type\":\"ListItem\",\"position\":3,\"name\":\"Entfesseln Sie die Power Red Bull ELF BOX PULSE X 15000 Z\u00fcge im Pulsmodus\"}]},{\"@type\":\"WebSite\",\"@id\":\"https:\/\/www.elementvape.de\/#website\",\"url\":\"https:\/\/www.elementvape.de\/\",\"name\":\"ElementVape.de\",\"description\":\"\",\"publisher\":{\"@id\":\"https:\/\/www.elementvape.de\/#organization\"},\"potentialAction\":[{\"@type\":\"SearchAction\",\"target\":{\"@type\":\"EntryPoint\",\"urlTemplate\":\"https:\/\/www.elementvape.de\/?s={search_term_string}\"},\"query-input\":\"required name=search_term_string\"}],\"inLanguage\":\"sk-SK\"},{\"@type\":\"Organization\",\"@id\":\"https:\/\/www.elementvape.de\/#organization\",\"name\":\"ElementVape.DE\",\"url\":\"https:\/\/www.elementvape.de\/\",\"logo\":{\"@type\":\"ImageObject\",\"inLanguage\":\"sk-SK\",\"@id\":\"https:\/\/www.elementvape.de\/#\/schema\/logo\/image\/\",\"url\":\"https:\/\/www.elementvape.de\/wp-content\/uploads\/2024\/09\/cropped-1elementvape-3.png\",\"contentUrl\":\"https:\/\/www.elementvape.de\/wp-content\/uploads\/2024\/09\/cropped-1elementvape-3.png\",\"width\":285,\"height\":228,\"caption\":\"ElementVape.DE\"},\"image\":{\"@id\":\"https:\/\/www.elementvape.de\/#\/schema\/logo\/image\/\"}}]}<\/script>\n<!-- \/ Yoast SEO plugin. -->","yoast_head_json":{"title":"Entfesseln Sie die Power Red Bull ELF BOX PULSE X 15000 Z\u00fcge im Pulsmodus | ElementVape.de","description":"Wir bieten Entfesseln Sie die Power Red Bull ELF BOX PULSE X 15000 Z\u00fcge im Pulsmodus , Elementvape.de akzeptieren Gro\u00df-und Einzelhandel Bestellungen.","robots":{"index":"index","follow":"follow","max-snippet":"max-snippet:-1","max-image-preview":"max-image-preview:large","max-video-preview":"max-video-preview:-1"},"canonical":"https:\/\/www.elementvape.de\/sk\/produkt\/unleash-the-power-red-bull-elf-box-pulse-x-15000-puffs-in-pulse-mode\/","og_locale":"sk_SK","og_type":"article","og_title":"Entfesseln Sie die Power Red Bull ELF BOX PULSE X 15000 Z\u00fcge im Pulsmodus | ElementVape.de","og_description":"Wir bieten Entfesseln Sie die Power Red Bull ELF BOX PULSE X 15000 Z\u00fcge im Pulsmodus , Elementvape.de akzeptieren Gro\u00df-und Einzelhandel Bestellungen.","og_url":"https:\/\/www.elementvape.de\/sk\/produkt\/unleash-the-power-red-bull-elf-box-pulse-x-15000-puffs-in-pulse-mode\/","og_site_name":"ElementVape.de","article_modified_time":"2024-12-12T06:34:54+00:00","og_image":[{"width":1000,"height":1000,"url":"https:\/\/www.elementvape.de\/wp-content\/uploads\/2024\/08\/10.jpg","type":"image\/jpeg"}],"twitter_card":"summary_large_image","twitter_misc":{"Est. reading time":"2 min\u00faty"},"schema":{"@context":"https:\/\/schema.org","@graph":[{"@type":"WebPage","@id":"https:\/\/www.elementvape.de\/pl\/produkt\/unleash-the-power-red-bull-elf-box-pulse-x-15000-puffs-in-pulse-mode\/","url":"https:\/\/www.elementvape.de\/pl\/produkt\/unleash-the-power-red-bull-elf-box-pulse-x-15000-puffs-in-pulse-mode\/","name":"Entfesseln Sie die Power Red Bull ELF BOX PULSE X 15000 Z\u00fcge im Pulsmodus | ElementVape.de","isPartOf":{"@id":"https:\/\/www.elementvape.de\/#website"},"primaryImageOfPage":{"@id":"https:\/\/www.elementvape.de\/pl\/produkt\/unleash-the-power-red-bull-elf-box-pulse-x-15000-puffs-in-pulse-mode\/#primaryimage"},"image":{"@id":"https:\/\/www.elementvape.de\/pl\/produkt\/unleash-the-power-red-bull-elf-box-pulse-x-15000-puffs-in-pulse-mode\/#primaryimage"},"thumbnailUrl":"https:\/\/www.elementvape.de\/wp-content\/uploads\/2024\/08\/10.jpg","datePublished":"2024-08-15T09:33:41+00:00","dateModified":"2024-12-12T06:34:54+00:00","description":"Wir bieten Entfesseln Sie die Power Red Bull ELF BOX PULSE X 15000 Z\u00fcge im Pulsmodus , Elementvape.de akzeptieren Gro\u00df-und Einzelhandel Bestellungen.","breadcrumb":{"@id":"https:\/\/www.elementvape.de\/pl\/produkt\/unleash-the-power-red-bull-elf-box-pulse-x-15000-puffs-in-pulse-mode\/#breadcrumb"},"inLanguage":"sk-SK","potentialAction":[{"@type":"ReadAction","target":["https:\/\/www.elementvape.de\/pl\/produkt\/unleash-the-power-red-bull-elf-box-pulse-x-15000-puffs-in-pulse-mode\/"]}]},{"@type":"ImageObject","inLanguage":"sk-SK","@id":"https:\/\/www.elementvape.de\/pl\/produkt\/unleash-the-power-red-bull-elf-box-pulse-x-15000-puffs-in-pulse-mode\/#primaryimage","url":"https:\/\/www.elementvape.de\/wp-content\/uploads\/2024\/08\/10.jpg","contentUrl":"https:\/\/www.elementvape.de\/wp-content\/uploads\/2024\/08\/10.jpg","width":1000,"height":1000,"caption":"Red Bull"},{"@type":"BreadcrumbList","@id":"https:\/\/www.elementvape.de\/pl\/produkt\/unleash-the-power-red-bull-elf-box-pulse-x-15000-puffs-in-pulse-mode\/#breadcrumb","itemListElement":[{"@type":"ListItem","position":1,"name":"Home","item":"https:\/\/www.elementvape.de\/"},{"@type":"ListItem","position":2,"name":"Shop","item":"https:\/\/www.elementvape.de\/shop\/"},{"@type":"ListItem","position":3,"name":"Entfesseln Sie die Power Red Bull ELF BOX PULSE X 15000 Z\u00fcge im Pulsmodus"}]},{"@type":"WebSite","@id":"https:\/\/www.elementvape.de\/#website","url":"https:\/\/www.elementvape.de\/","name":"ElementVape.de","description":"","publisher":{"@id":"https:\/\/www.elementvape.de\/#organization"},"potentialAction":[{"@type":"SearchAction","target":{"@type":"EntryPoint","urlTemplate":"https:\/\/www.elementvape.de\/?s={search_term_string}"},"query-input":"required name=search_term_string"}],"inLanguage":"sk-SK"},{"@type":"Organization","@id":"https:\/\/www.elementvape.de\/#organization","name":"ElementVape.DE","url":"https:\/\/www.elementvape.de\/","logo":{"@type":"ImageObject","inLanguage":"sk-SK","@id":"https:\/\/www.elementvape.de\/#\/schema\/logo\/image\/","url":"https:\/\/www.elementvape.de\/wp-content\/uploads\/2024\/09\/cropped-1elementvape-3.png","contentUrl":"https:\/\/www.elementvape.de\/wp-content\/uploads\/2024\/09\/cropped-1elementvape-3.png","width":285,"height":228,"caption":"ElementVape.DE"},"image":{"@id":"https:\/\/www.elementvape.de\/#\/schema\/logo\/image\/"}}]}},"_links":{"self":[{"href":"https:\/\/www.elementvape.de\/sk\/wp-json\/wp\/v2\/product\/13771"}],"collection":[{"href":"https:\/\/www.elementvape.de\/sk\/wp-json\/wp\/v2\/product"}],"about":[{"href":"https:\/\/www.elementvape.de\/sk\/wp-json\/wp\/v2\/types\/product"}],"wp:featuredmedia":[{"embeddable":true,"href":"https:\/\/www.elementvape.de\/sk\/wp-json\/wp\/v2\/media\/13772"}],"wp:attachment":[{"href":"https:\/\/www.elementvape.de\/sk\/wp-json\/wp\/v2\/media?parent=13771"}],"wp:term":[{"taxonomy":"product_cat","embeddable":true,"href":"https:\/\/www.elementvape.de\/sk\/wp-json\/wp\/v2\/product_cat?post=13771"},{"taxonomy":"product_tag","embeddable":true,"href":"https:\/\/www.elementvape.de\/sk\/wp-json\/wp\/v2\/product_tag?post=13771"}],"curies":[{"name":"wp","href":"https:\/\/api.w.org\/{rel}","templated":true}]}}