{"id":13748,"date":"2024-08-14T05:48:24","date_gmt":"2024-08-14T05:48:24","guid":{"rendered":"https:\/\/www.elementvape.de\/?post_type=product&#038;p=13748"},"modified":"2024-12-12T06:34:59","modified_gmt":"2024-12-12T06:34:59","slug":"elf-box-ls15000-mango-banana-supreme-intensiver-geschmack-perfekte-qualitaet-15000puffs","status":"publish","type":"product","link":"https:\/\/www.elementvape.de\/sk\/produkt\/elf-box-ls15000-mango-banana-supreme-intensiver-geschmack-perfekte-qualitaet-15000puffs\/","title":{"rendered":"ELF BOX LS15000 Mango Banana Supreme Intenz\u00edvna chu\u0165 Perfektn\u00e1 kvalita 15000PUFFS"},"content":{"rendered":"<h2>E-Cigareta: Mango Banana Supreme 15000 Pufov ELF BOX LS15000<\/h2>\n<table>\n<thead>\n<tr>\n<th>Vlastnos\u0165<\/th>\n<th>\u0160pecifik\u00e1cia<\/th>\n<\/tr>\n<\/thead>\n<tbody>\n<tr>\n<td>Potiahnutia<\/td>\n<td>15000<\/td>\n<\/tr>\n<tr>\n<td>Jadro<\/td>\n<td>Sie\u0165ov\u00e1 cievka 0,6 ohmu<\/td>\n<\/tr>\n<tr>\n<td>E-Liquid<\/td>\n<td>26ml<\/td>\n<\/tr>\n<tr>\n<td>N<\/td>\n<td>\u00a02% \/ 5%<\/td>\n<\/tr>\n<tr>\n<td>Bat\u00e9ria<\/td>\n<td>18250-600mAh<\/td>\n<\/tr>\n<tr>\n<td>Dob\u00edjate\u013en\u00e9<\/td>\n<td>Type-C<\/td>\n<\/tr>\n<tr>\n<td>Hmotnos\u0165 produktu<\/td>\n<td>91g<\/td>\n<\/tr>\n<tr>\n<td>Ve\u013ekos\u0165 produktu<\/td>\n<td>124,5*31,5mm<\/td>\n<\/tr>\n<\/tbody>\n<\/table>\n<p>Mango Banana Supreme ELF BOX LS15000 v\u00e1s zavedie na chu\u0165ov\u00fa cestu do tropov. T\u00e1to jedine\u010dn\u00e1 zmes kombinuje \u0161\u0165avnat\u00fa sladkos\u0165 zrel\u00fdch manga s kr\u00e9movou, plnou chu\u0165ou ban\u00e1nov, \u010d\u00edm vytv\u00e1ra nezabudnute\u013en\u00fd chu\u0165ov\u00fd z\u00e1\u017eitok. Ka\u017ed\u00fd \u0165ah je expl\u00f3ziou tropick\u00fdch ar\u00f3m, ktor\u00e9 s\u00fa intenz\u00edvne aj osvie\u017euj\u00face a d\u00e1vaj\u00fa v\u00e1m pocit, \u017ee ste v tropickom raji.<\/p>\n<p>T\u00e1to lahodn\u00e1 kombin\u00e1cia chut\u00ed je dokonale vyv\u00e1\u017een\u00e1 a pon\u00faka mimoriadnu h\u013abku, ktor\u00fa si m\u00f4\u017eete vychutna\u0165 pri ka\u017edom \u0165ahu. Mango Banana Supreme je ide\u00e1lnou vo\u013ebou pre t\u00fdch, ktor\u00ed h\u013eadaj\u00fa exotick\u00fd a luxusn\u00fd z\u00e1\u017eitok s vapovan\u00edm, ktor\u00fd ich chu\u0165ov\u00e9 poh\u00e1riky po\u0161le na vzru\u0161uj\u00facu cestu.<\/p>\n<h3>V\u00fdhody 15 000 \u0165ahov<\/h3>\n<h4>Dlh\u00e1 \u017eivotnos\u0165 a vysok\u00e1 kvalita<\/h4>\n<p>ELF BOX LS15000 je navrhnut\u00fd na \u00fa\u017easn\u00fd po\u010det 15 000 \u0165ahov, \u010do z neho rob\u00ed jeden z najtrv\u00e1cnej\u0161\u00edch jednorazov\u00fdch e-cigariet na trhu. T\u00e1to vysok\u00e1 kapacita puffov zabezpe\u010duje, \u017ee si m\u00f4\u017eete vychutn\u00e1va\u0165 vapovanie dlhodobo bez starost\u00ed o neust\u00e1le dop\u013a\u0148anie alebo \u010dast\u00fa v\u00fdmenu. Mango Banana Supreme v\u00e1m poskytne dlhotrvaj\u00faci p\u00f4\u017eitok, ide\u00e1lny na ka\u017edodenn\u00e9 pou\u017eitie.<\/p>\n<p>S e-cigaretou, ktor\u00e1 v\u00e1m pon\u00faka to\u013eko \u0165ahov, z\u00edskavate vynikaj\u00faci pomer cena\/v\u00fdkon a m\u00f4\u017eete sa spo\u013eahn\u00fa\u0165 na kon\u0161tantn\u00fa kvalitu po\u010das celej \u017eivotnosti. To rob\u00ed ELF BOX LS15000 vynikaj\u00facou vo\u013ebou pre v\u0161etk\u00fdch, ktor\u00ed si cenia spo\u013eahlivos\u0165 a p\u00f4\u017eitok.<\/p>\n<h4>Pokro\u010dil\u00e1 technol\u00f3gia mesh-coil pre dokonal\u00fa chu\u0165<\/h4>\n<p>Pokro\u010dil\u00e1 technol\u00f3gia mesh-coil, ktor\u00e1 je pou\u017eit\u00e1 v ELF BOX LS15000, zabezpe\u010duje rovnomern\u00fd a intenz\u00edvny z\u00e1\u017eitok z vapovania. S 0,6 ohmov\u00fdmi mesh-coilmi si u\u017e\u00edvate rovnomern\u00e9 rozlo\u017eenie tepla, ktor\u00e9 maximalizuje chu\u0165 e-liquidu a poskytuje hust\u00fd, chutn\u00fd dym. T\u00e1to technol\u00f3gia zabezpe\u010duje, \u017ee chu\u0165 Mango Banana Supreme je v\u017edy intenz\u00edvna a pln\u00e1 h\u013abky.<\/p>\n<p>V\u010faka mesh-coilom za\u017e\u00edvate pri ka\u017edom \u0165ahu pln\u00fa \u0161k\u00e1lu ar\u00f3m, ktor\u00fa t\u00e1to e-cigareta pon\u00faka. Technol\u00f3gia zabezpe\u010duje, \u017ee po\u010das celej doby pou\u017e\u00edvania budete ma\u0165 konzistentn\u00fd a uspokojiv\u00fd z\u00e1\u017eitok z vapovania, ktor\u00fd nesklame \u017eiadne o\u010dak\u00e1vania.<\/p>\n<h3>Ve\u013ekoobchodn\u00e9 ceny a spo\u013eahliv\u00fd servis<\/h3>\n<h4>Atrakt\u00edvne ve\u013ekoobchodn\u00e9 ceny pre kvalitn\u00e9 produkty<\/h4>\n<p>Mango Banana Supreme ELF BOX LS15000 nie je len p\u00f4\u017eitkom pre pou\u017e\u00edvate\u013ea, ale aj vynikaj\u00facou obchodnou pr\u00edle\u017eitos\u0165ou pre predajcov. S atrakt\u00edvnymi ve\u013ekoobchodn\u00fdmi cenami m\u00f4\u017eete pon\u00faka\u0165 prvotriedne produkty za neodolate\u013en\u00fa cenu, \u010d\u00edm zv\u00fd\u0161ite svoje ziskov\u00e9 mar\u017ee aj spokojnos\u0165 z\u00e1kazn\u00edkov. Vyu\u017eite t\u00fato pr\u00edle\u017eitos\u0165 na zaradenie \u0161pi\u010dkov\u00e9ho produktu do v\u00e1\u0161ho sortimentu a nadchnite svojich z\u00e1kazn\u00edkov nezabudnute\u013en\u00fdm z\u00e1\u017eitkom z vapovania.<\/p>\n<h4>Efekt\u00edvna a bezpe\u010dn\u00e1 doprava<\/h4>\n<p>Okrem skvel\u00fdch cien pon\u00fakame aj bezpe\u010dn\u00fa a spo\u013eahliv\u00fa dopravu, aby ste svoje objedn\u00e1vky dostali v bezchybnom stave. Mango Banana Supreme ELF BOX LS15000 je starostlivo balen\u00e1 a doru\u010den\u00e1 na\u010das, aby ste a va\u0161i z\u00e1kazn\u00edci dostali dokonal\u00fd produkt. D\u00f4verujte na\u0161ej efekt\u00edvnej logistike, ktor\u00e1 zabezpe\u010d\u00ed hladk\u00fd a bezstresov\u00fd priebeh doru\u010denia.<\/p>\n<p>Mango Banana Supreme 15000 Pufov ELF BOX LS15000 pon\u00faka nielen intenz\u00edvnu a exotick\u00fa chu\u0165, ale aj vynikaj\u00faci v\u00fdkon a bezkonkuren\u010dn\u00e9 ve\u013ekoobchodn\u00e9 ceny. Za\u017eite dokonal\u00fa kombin\u00e1ciu kvality a p\u00f4\u017eitku a urobte z tejto e-cigarety v\u00e1\u0161 \u010fal\u0161\u00ed bestseller.<\/p>","protected":false},"excerpt":{"rendered":"<p>E-Zigarette: Mango Banana Supreme 15000 Puffs ELF BOX LS15000 Merkmal Spezifikation Puffs 15000 Core Mesh coil 0.6ohm E-Liquid 26ml N \u00a02% \/ 5% Batterie 18250-600mAh Wiederaufladbar Type-C Produktgewicht 91g Produktgr\u00f6\u00dfe 124.5*31.5mm Die Mango Banana Supreme ELF BOX LS15000 entf\u00fchrt Sie auf eine geschmackliche Reise in die Tropen. Diese einzigartige Mischung kombiniert die saftige S\u00fc\u00dfe von [&hellip;]<\/p>","protected":false},"featured_media":13749,"template":"","meta":{"inline_featured_image":false},"product_cat":[15,78,747,740,734,753,716,732],"product_tag":[710,674],"tiered_pricing_type":"fixed","tiered_pricing_fixed_rules":{"110":"7.54","200":"6.68","500":"5.85"},"tiered_pricing_percentage_rules":[],"tiered_pricing_minimum":1,"_administrator_tiered_pricing_type":"fixed","_administrator_tiered_pricing_fixed_rules":[],"_editor_tiered_pricing_type":"fixed","_editor_tiered_pricing_fixed_rules":[],"_author_tiered_pricing_type":"fixed","_author_tiered_pricing_fixed_rules":[],"_contributor_tiered_pricing_type":"fixed","_contributor_tiered_pricing_fixed_rules":[],"_subscriber_tiered_pricing_type":"fixed","_subscriber_tiered_pricing_fixed_rules":[],"_customer_tiered_pricing_type":"fixed","_customer_tiered_pricing_fixed_rules":[],"_shop_manager_tiered_pricing_type":"fixed","_shop_manager_tiered_pricing_fixed_rules":[],"_wpseo_manager_tiered_pricing_type":"fixed","_wpseo_manager_tiered_pricing_fixed_rules":[],"_wpseo_editor_tiered_pricing_type":"fixed","_wpseo_editor_tiered_pricing_fixed_rules":[],"_wholesale_customer_tiered_pricing_type":"fixed","_wholesale_customer_tiered_pricing_fixed_rules":[],"_marketer_tiered_pricing_type":"fixed","_marketer_tiered_pricing_fixed_rules":[],"_sales_manager_tiered_pricing_type":"fixed","_sales_manager_tiered_pricing_fixed_rules":[],"_sales_rep_tiered_pricing_type":"fixed","_sales_rep_tiered_pricing_fixed_rules":[],"yoast_head":"<!-- This site is optimized with the Yoast SEO plugin v23.3 - https:\/\/yoast.com\/wordpress\/plugins\/seo\/ -->\n<title>ELF BOX LS15000 Mango Banana Supreme Intensiver Geschmack Perfekte Qualit\u00e4t 15000PUFFS | ElementVape.de<\/title>\n<meta name=\"description\" content=\"Wir bieten ELF BOX LS15000 Mango Banana Supreme Intensiver Geschmack Perfekte Qualit\u00e4t 15000PUFFS , Elementvape.de akzeptieren Gro\u00df-und Einzelhandel Bestellungen.\" \/>\n<meta name=\"robots\" content=\"index, follow, max-snippet:-1, max-image-preview:large, max-video-preview:-1\" \/>\n<link rel=\"canonical\" href=\"https:\/\/www.elementvape.de\/sk\/produkt\/elf-box-ls15000-mango-banana-supreme-intensiver-geschmack-perfekte-qualitaet-15000puffs\/\" \/>\n<meta property=\"og:locale\" content=\"sk_SK\" \/>\n<meta property=\"og:type\" content=\"article\" \/>\n<meta property=\"og:title\" content=\"ELF BOX LS15000 Mango Banana Supreme Intensiver Geschmack Perfekte Qualit\u00e4t 15000PUFFS | ElementVape.de\" \/>\n<meta property=\"og:description\" content=\"Wir bieten ELF BOX LS15000 Mango Banana Supreme Intensiver Geschmack Perfekte Qualit\u00e4t 15000PUFFS , Elementvape.de akzeptieren Gro\u00df-und Einzelhandel Bestellungen.\" \/>\n<meta property=\"og:url\" content=\"https:\/\/www.elementvape.de\/sk\/produkt\/elf-box-ls15000-mango-banana-supreme-intensiver-geschmack-perfekte-qualitaet-15000puffs\/\" \/>\n<meta property=\"og:site_name\" content=\"ElementVape.de\" \/>\n<meta property=\"article:modified_time\" content=\"2024-12-12T06:34:59+00:00\" \/>\n<meta property=\"og:image\" content=\"https:\/\/www.elementvape.de\/wp-content\/uploads\/2024\/08\/Mango-Banana.png\" \/>\n\t<meta property=\"og:image:width\" content=\"1000\" \/>\n\t<meta property=\"og:image:height\" content=\"1000\" \/>\n\t<meta property=\"og:image:type\" content=\"image\/png\" \/>\n<meta name=\"twitter:card\" content=\"summary_large_image\" \/>\n<meta name=\"twitter:label1\" content=\"Est. reading time\" \/>\n\t<meta name=\"twitter:data1\" content=\"4 min\u00faty\" \/>\n<script type=\"application\/ld+json\" class=\"yoast-schema-graph\">{\"@context\":\"https:\/\/schema.org\",\"@graph\":[{\"@type\":\"WebPage\",\"@id\":\"https:\/\/www.elementvape.de\/produkt\/elf-box-ls15000-mango-banana-supreme-intensiver-geschmack-perfekte-qualitaet-15000puffs\/\",\"url\":\"https:\/\/www.elementvape.de\/produkt\/elf-box-ls15000-mango-banana-supreme-intensiver-geschmack-perfekte-qualitaet-15000puffs\/\",\"name\":\"ELF BOX LS15000 Mango Banana Supreme Intensiver Geschmack Perfekte Qualit\u00e4t 15000PUFFS | ElementVape.de\",\"isPartOf\":{\"@id\":\"https:\/\/www.elementvape.de\/#website\"},\"primaryImageOfPage\":{\"@id\":\"https:\/\/www.elementvape.de\/produkt\/elf-box-ls15000-mango-banana-supreme-intensiver-geschmack-perfekte-qualitaet-15000puffs\/#primaryimage\"},\"image\":{\"@id\":\"https:\/\/www.elementvape.de\/produkt\/elf-box-ls15000-mango-banana-supreme-intensiver-geschmack-perfekte-qualitaet-15000puffs\/#primaryimage\"},\"thumbnailUrl\":\"https:\/\/www.elementvape.de\/wp-content\/uploads\/2024\/08\/Mango-Banana.png\",\"datePublished\":\"2024-08-14T05:48:24+00:00\",\"dateModified\":\"2024-12-12T06:34:59+00:00\",\"description\":\"Wir bieten ELF BOX LS15000 Mango Banana Supreme Intensiver Geschmack Perfekte Qualit\u00e4t 15000PUFFS , Elementvape.de akzeptieren Gro\u00df-und Einzelhandel Bestellungen.\",\"breadcrumb\":{\"@id\":\"https:\/\/www.elementvape.de\/produkt\/elf-box-ls15000-mango-banana-supreme-intensiver-geschmack-perfekte-qualitaet-15000puffs\/#breadcrumb\"},\"inLanguage\":\"sk-SK\",\"potentialAction\":[{\"@type\":\"ReadAction\",\"target\":[\"https:\/\/www.elementvape.de\/produkt\/elf-box-ls15000-mango-banana-supreme-intensiver-geschmack-perfekte-qualitaet-15000puffs\/\"]}]},{\"@type\":\"ImageObject\",\"inLanguage\":\"sk-SK\",\"@id\":\"https:\/\/www.elementvape.de\/produkt\/elf-box-ls15000-mango-banana-supreme-intensiver-geschmack-perfekte-qualitaet-15000puffs\/#primaryimage\",\"url\":\"https:\/\/www.elementvape.de\/wp-content\/uploads\/2024\/08\/Mango-Banana.png\",\"contentUrl\":\"https:\/\/www.elementvape.de\/wp-content\/uploads\/2024\/08\/Mango-Banana.png\",\"width\":1000,\"height\":1000,\"caption\":\"Mango Banana\"},{\"@type\":\"BreadcrumbList\",\"@id\":\"https:\/\/www.elementvape.de\/produkt\/elf-box-ls15000-mango-banana-supreme-intensiver-geschmack-perfekte-qualitaet-15000puffs\/#breadcrumb\",\"itemListElement\":[{\"@type\":\"ListItem\",\"position\":1,\"name\":\"Home\",\"item\":\"https:\/\/www.elementvape.de\/\"},{\"@type\":\"ListItem\",\"position\":2,\"name\":\"Shop\",\"item\":\"https:\/\/www.elementvape.de\/shop\/\"},{\"@type\":\"ListItem\",\"position\":3,\"name\":\"ELF BOX LS15000 Mango Banana Supreme Intensiver Geschmack Perfekte Qualit\u00e4t 15000PUFFS\"}]},{\"@type\":\"WebSite\",\"@id\":\"https:\/\/www.elementvape.de\/#website\",\"url\":\"https:\/\/www.elementvape.de\/\",\"name\":\"ElementVape.de\",\"description\":\"\",\"publisher\":{\"@id\":\"https:\/\/www.elementvape.de\/#organization\"},\"potentialAction\":[{\"@type\":\"SearchAction\",\"target\":{\"@type\":\"EntryPoint\",\"urlTemplate\":\"https:\/\/www.elementvape.de\/?s={search_term_string}\"},\"query-input\":\"required name=search_term_string\"}],\"inLanguage\":\"sk-SK\"},{\"@type\":\"Organization\",\"@id\":\"https:\/\/www.elementvape.de\/#organization\",\"name\":\"ElementVape.DE\",\"url\":\"https:\/\/www.elementvape.de\/\",\"logo\":{\"@type\":\"ImageObject\",\"inLanguage\":\"sk-SK\",\"@id\":\"https:\/\/www.elementvape.de\/#\/schema\/logo\/image\/\",\"url\":\"https:\/\/www.elementvape.de\/wp-content\/uploads\/2024\/09\/cropped-1elementvape-3.png\",\"contentUrl\":\"https:\/\/www.elementvape.de\/wp-content\/uploads\/2024\/09\/cropped-1elementvape-3.png\",\"width\":285,\"height\":228,\"caption\":\"ElementVape.DE\"},\"image\":{\"@id\":\"https:\/\/www.elementvape.de\/#\/schema\/logo\/image\/\"}}]}<\/script>\n<!-- \/ Yoast SEO plugin. -->","yoast_head_json":{"title":"ELF BOX LS15000 Mango Banana Supreme Intensiver Geschmack Perfekte Qualit\u00e4t 15000PUFFS | ElementVape.de","description":"Wir bieten ELF BOX LS15000 Mango Banana Supreme Intensiver Geschmack Perfekte Qualit\u00e4t 15000PUFFS , Elementvape.de akzeptieren Gro\u00df-und Einzelhandel Bestellungen.","robots":{"index":"index","follow":"follow","max-snippet":"max-snippet:-1","max-image-preview":"max-image-preview:large","max-video-preview":"max-video-preview:-1"},"canonical":"https:\/\/www.elementvape.de\/sk\/produkt\/elf-box-ls15000-mango-banana-supreme-intensiver-geschmack-perfekte-qualitaet-15000puffs\/","og_locale":"sk_SK","og_type":"article","og_title":"ELF BOX LS15000 Mango Banana Supreme Intensiver Geschmack Perfekte Qualit\u00e4t 15000PUFFS | ElementVape.de","og_description":"Wir bieten ELF BOX LS15000 Mango Banana Supreme Intensiver Geschmack Perfekte Qualit\u00e4t 15000PUFFS , Elementvape.de akzeptieren Gro\u00df-und Einzelhandel Bestellungen.","og_url":"https:\/\/www.elementvape.de\/sk\/produkt\/elf-box-ls15000-mango-banana-supreme-intensiver-geschmack-perfekte-qualitaet-15000puffs\/","og_site_name":"ElementVape.de","article_modified_time":"2024-12-12T06:34:59+00:00","og_image":[{"width":1000,"height":1000,"url":"https:\/\/www.elementvape.de\/wp-content\/uploads\/2024\/08\/Mango-Banana.png","type":"image\/png"}],"twitter_card":"summary_large_image","twitter_misc":{"Est. reading time":"4 min\u00faty"},"schema":{"@context":"https:\/\/schema.org","@graph":[{"@type":"WebPage","@id":"https:\/\/www.elementvape.de\/produkt\/elf-box-ls15000-mango-banana-supreme-intensiver-geschmack-perfekte-qualitaet-15000puffs\/","url":"https:\/\/www.elementvape.de\/produkt\/elf-box-ls15000-mango-banana-supreme-intensiver-geschmack-perfekte-qualitaet-15000puffs\/","name":"ELF BOX LS15000 Mango Banana Supreme Intensiver Geschmack Perfekte Qualit\u00e4t 15000PUFFS | ElementVape.de","isPartOf":{"@id":"https:\/\/www.elementvape.de\/#website"},"primaryImageOfPage":{"@id":"https:\/\/www.elementvape.de\/produkt\/elf-box-ls15000-mango-banana-supreme-intensiver-geschmack-perfekte-qualitaet-15000puffs\/#primaryimage"},"image":{"@id":"https:\/\/www.elementvape.de\/produkt\/elf-box-ls15000-mango-banana-supreme-intensiver-geschmack-perfekte-qualitaet-15000puffs\/#primaryimage"},"thumbnailUrl":"https:\/\/www.elementvape.de\/wp-content\/uploads\/2024\/08\/Mango-Banana.png","datePublished":"2024-08-14T05:48:24+00:00","dateModified":"2024-12-12T06:34:59+00:00","description":"Wir bieten ELF BOX LS15000 Mango Banana Supreme Intensiver Geschmack Perfekte Qualit\u00e4t 15000PUFFS , Elementvape.de akzeptieren Gro\u00df-und Einzelhandel Bestellungen.","breadcrumb":{"@id":"https:\/\/www.elementvape.de\/produkt\/elf-box-ls15000-mango-banana-supreme-intensiver-geschmack-perfekte-qualitaet-15000puffs\/#breadcrumb"},"inLanguage":"sk-SK","potentialAction":[{"@type":"ReadAction","target":["https:\/\/www.elementvape.de\/produkt\/elf-box-ls15000-mango-banana-supreme-intensiver-geschmack-perfekte-qualitaet-15000puffs\/"]}]},{"@type":"ImageObject","inLanguage":"sk-SK","@id":"https:\/\/www.elementvape.de\/produkt\/elf-box-ls15000-mango-banana-supreme-intensiver-geschmack-perfekte-qualitaet-15000puffs\/#primaryimage","url":"https:\/\/www.elementvape.de\/wp-content\/uploads\/2024\/08\/Mango-Banana.png","contentUrl":"https:\/\/www.elementvape.de\/wp-content\/uploads\/2024\/08\/Mango-Banana.png","width":1000,"height":1000,"caption":"Mango Banana"},{"@type":"BreadcrumbList","@id":"https:\/\/www.elementvape.de\/produkt\/elf-box-ls15000-mango-banana-supreme-intensiver-geschmack-perfekte-qualitaet-15000puffs\/#breadcrumb","itemListElement":[{"@type":"ListItem","position":1,"name":"Home","item":"https:\/\/www.elementvape.de\/"},{"@type":"ListItem","position":2,"name":"Shop","item":"https:\/\/www.elementvape.de\/shop\/"},{"@type":"ListItem","position":3,"name":"ELF BOX LS15000 Mango Banana Supreme Intensiver Geschmack Perfekte Qualit\u00e4t 15000PUFFS"}]},{"@type":"WebSite","@id":"https:\/\/www.elementvape.de\/#website","url":"https:\/\/www.elementvape.de\/","name":"ElementVape.de","description":"","publisher":{"@id":"https:\/\/www.elementvape.de\/#organization"},"potentialAction":[{"@type":"SearchAction","target":{"@type":"EntryPoint","urlTemplate":"https:\/\/www.elementvape.de\/?s={search_term_string}"},"query-input":"required name=search_term_string"}],"inLanguage":"sk-SK"},{"@type":"Organization","@id":"https:\/\/www.elementvape.de\/#organization","name":"ElementVape.DE","url":"https:\/\/www.elementvape.de\/","logo":{"@type":"ImageObject","inLanguage":"sk-SK","@id":"https:\/\/www.elementvape.de\/#\/schema\/logo\/image\/","url":"https:\/\/www.elementvape.de\/wp-content\/uploads\/2024\/09\/cropped-1elementvape-3.png","contentUrl":"https:\/\/www.elementvape.de\/wp-content\/uploads\/2024\/09\/cropped-1elementvape-3.png","width":285,"height":228,"caption":"ElementVape.DE"},"image":{"@id":"https:\/\/www.elementvape.de\/#\/schema\/logo\/image\/"}}]}},"_links":{"self":[{"href":"https:\/\/www.elementvape.de\/sk\/wp-json\/wp\/v2\/product\/13748"}],"collection":[{"href":"https:\/\/www.elementvape.de\/sk\/wp-json\/wp\/v2\/product"}],"about":[{"href":"https:\/\/www.elementvape.de\/sk\/wp-json\/wp\/v2\/types\/product"}],"wp:featuredmedia":[{"embeddable":true,"href":"https:\/\/www.elementvape.de\/sk\/wp-json\/wp\/v2\/media\/13749"}],"wp:attachment":[{"href":"https:\/\/www.elementvape.de\/sk\/wp-json\/wp\/v2\/media?parent=13748"}],"wp:term":[{"taxonomy":"product_cat","embeddable":true,"href":"https:\/\/www.elementvape.de\/sk\/wp-json\/wp\/v2\/product_cat?post=13748"},{"taxonomy":"product_tag","embeddable":true,"href":"https:\/\/www.elementvape.de\/sk\/wp-json\/wp\/v2\/product_tag?post=13748"}],"curies":[{"name":"wp","href":"https:\/\/api.w.org\/{rel}","templated":true}]}}