{"id":13717,"date":"2024-08-09T08:42:50","date_gmt":"2024-08-09T08:42:50","guid":{"rendered":"https:\/\/www.elementvape.de\/?post_type=product&#038;p=13717"},"modified":"2024-12-12T06:35:01","modified_gmt":"2024-12-12T06:35:01","slug":"heiss-begehrte-elf-box-ls15000-in-strawberry-watermelon-qualitaet-zum-besten-preis-15000-puffs","status":"publish","type":"product","link":"https:\/\/www.elementvape.de\/sk\/produkt\/heiss-begehrte-elf-box-ls15000-in-strawberry-watermelon-qualitaet-zum-besten-preis-15000-puffs\/","title":{"rendered":"Ve\u013emi \u017eiadan\u00e1 ELF BOX LS15000 v kvalite Jahoda Vodn\u00fd Mel\u00f3n za najlep\u0161iu cenu 15000 pufov"},"content":{"rendered":"<p>Strawberry Watermelon ELF BOX LS15000 v\u00e1s zavedie na chu\u0165ov\u00fa cestu, ktor\u00fa nezabudnete tak \u013eahko. Kombin\u00e1cia sladkej, \u0161\u0165avnatej jahody a osvie\u017euj\u00facej vodnej mel\u00f3nu vytv\u00e1ra harmonick\u00fd chu\u0165ov\u00fd z\u00e1\u017eitok, ktor\u00fd o\u017eiv\u00ed a osvie\u017ei va\u0161e zmysly. Ka\u017ed\u00fd \u0165ah je p\u00f4\u017eitkom, ktor\u00fd v\u00e1m pon\u00faka dokonal\u00fa rovnov\u00e1hu medzi ovocnou sladkos\u0165ou a chladivou svie\u017eos\u0165ou, ide\u00e1lny na ka\u017edodenn\u00e9 pou\u017eitie alebo ako \u0161peci\u00e1lny p\u00f4\u017eitok.<\/p>\n<p>Predstavte si, \u017ee sa relaxujete v slne\u010dn\u00fd de\u0148 a vychutn\u00e1vate si ultim\u00e1tny ovocn\u00fd z\u00e1\u017eitok. Strawberry Watermelon E-\u017euva\u010dka men\u00ed ka\u017ed\u00fd okamih na osvie\u017euj\u00faci z\u00e1\u017eitok a rob\u00ed vapovanie skuto\u010dn\u00fdm pote\u0161en\u00edm. Tento vynikaj\u00faci chu\u0165ov\u00fd z\u00e1\u017eitok je ide\u00e1lny pre t\u00fdch, ktor\u00ed h\u013eadaj\u00fa osvie\u017euj\u00faci a sladk\u00fd z\u00e1\u017eitok, ktor\u00fd ich bude sprev\u00e1dza\u0165 cel\u00fd de\u0148.<\/p>\n<h3>V\u00fdhody 15 000 \u0165ahov<\/h3>\n<h4>Dlhodob\u00e9 pou\u017e\u00edvanie pre najvy\u0161\u0161\u00ed komfort<\/h4>\n<p>Strawberry Watermelon ELF BOX LS15000 stanovuje nov\u00e9 \u0161tandardy v svete <strong><a href=\"https:\/\/www.elementvape.de\/sk\/c\/einweg-zigarette\/\">jednorazov\u00fdch e-cigaret\u00e1ch<\/a><\/strong>. S a\u017e 15 000 \u0165ahmi za\u017eijete prvotriedny vapovacie z\u00e1\u017eitky po\u010das dlh\u00e9ho obdobia, bez toho, aby ste museli neust\u00e1le myslie\u0165 na doplnenie. Tento impozantn\u00fd po\u010det \u0165ahov rob\u00ed ELF BOX LS15000 neporazite\u013en\u00fdm spolo\u010dn\u00edkom pre v\u0161etk\u00fdch, ktor\u00ed klad\u00fa d\u00f4raz na komfort a pohodlie.<\/p>\n<p>Tak\u00e9 ve\u013ekorys\u00e9 objemy v\u00e1m pon\u00fakaj\u00fa nielen dlh\u00e9 \u010dasy p\u00f4\u017eitku, ale aj mimoriadnu hodnotu. Dlh\u00e1 \u017eivotnos\u0165 a prvotriedny chu\u0165ov\u00fd z\u00e1\u017eitok zabezpe\u010duj\u00fa, \u017ee si svoju e-\u017euva\u010dku m\u00f4\u017eete vychutn\u00e1va\u0165 naplno, bez kompromisov v kvalite. To rob\u00ed ELF BOX LS15000 ide\u00e1lnou vo\u013ebou pre t\u00fdch, ktor\u00ed chc\u00fa vy\u0165a\u017ei\u0165 maximum zo svojho vapovacieho z\u00e1\u017eitku.<\/p>\n<h4>Inovat\u00edvna technol\u00f3gia Mesh-Coil pre kon\u0161tantn\u00fa kvalitu<\/h4>\n<p>Pokro\u010dil\u00e1 technol\u00f3gia Mesh-Coil ELF BOX LS15000 v\u00e1m zaru\u010duje konzistentn\u00fd a vynikaj\u00faci vapovac\u00ed z\u00e1\u017eitok. S 0,6 ohmov\u00fdmi Mesh-Coilmi si vychutn\u00e1te rovnomern\u00e9 rozlo\u017eenie tepla, ktor\u00e9 vedie k hust\u00e9mu, aromatick\u00e9mu pary. T\u00e1to technol\u00f3gia zabezpe\u010duje, \u017ee po\u010das celej \u017eivotnosti e-\u017euva\u010dky za\u017e\u00edvate st\u00e1le vysok\u00fa kvalitu.<\/p>\n<p>V\u010faka efekt\u00edvnemu rozlo\u017eeniu tepla sa m\u00f4\u017eete te\u0161i\u0165 na intenz\u00edvny a rovnomern\u00fd chu\u0165ov\u00fd z\u00e1\u017eitok, ktor\u00fd nenech\u00e1 priestor na kompromisy. Mesh-Coil s\u00fa \u0161peci\u00e1lne navrhnut\u00e9 tak, aby optim\u00e1lne vyu\u017e\u00edvali e-liquid a v\u017edy v\u00e1m poskytli uspokojiv\u00fd vapovac\u00ed z\u00e1\u017eitok, \u010do rob\u00ed Blue Razz Lemonade ELF BOX LS15000 absol\u00fatnou nevyhnutnos\u0165ou.<\/p>\n<h3>Atrakt\u00edvne ve\u013ekoobchodn\u00e9 ceny a bezpe\u010dn\u00e1 dod\u00e1vka<\/h3>\n<h4>Najlep\u0161ie ceny pre ve\u013ekoobchodn\u00edkov<\/h4>\n<p>Strawberry Watermelon ELF BOX LS15000 nie je len p\u00f4\u017eitkom pre v\u00e1s, ale aj vynikaj\u00facim obchodom pre predajcov. S atrakt\u00edvnymi ve\u013ekoobchodn\u00fdmi cenami, ktor\u00e9 s\u00fa pon\u00fakan\u00e9 priamo z v\u00fdroby, m\u00f4\u017eete profitova\u0165 z neporazite\u013en\u00fdch podmienok a svojich z\u00e1kazn\u00edkov nadchn\u00fa\u0165 prvotriednym produktom za v\u00fdborn\u00fd pomer cena\/v\u00fdkon. Vyu\u017eite t\u00fato pr\u00edle\u017eitos\u0165, aby ste sa odl\u00ed\u0161ili od konkurencie a pon\u00fakli svojim z\u00e1kazn\u00edkom \u0161pi\u010dkov\u00fd vapovac\u00ed z\u00e1\u017eitok.<\/p>\n<h4>Spo\u013eahliv\u00e1 a bezpe\u010dn\u00e1 dod\u00e1vka<\/h4>\n<p>Okrem vynikaj\u00facich ve\u013ekoobchodn\u00fdch cien zabezpe\u010duje n\u00e1\u0161 komplexn\u00fd servis aj bezpe\u010dn\u00fa a spo\u013eahliv\u00fa dod\u00e1vku. Strawberry Watermelon ELF BOX LS15000 je starostlivo balen\u00e1 a doru\u010den\u00e1 na\u010das, aby ste dostali produkty v bezchybnom stave. D\u00f4verujte na\u0161ej logistike a u\u017e\u00edvajte si plynul\u00fd n\u00e1kup, kde je kvalita a servis na prvom mieste.<\/p>\n<p>Strawberry Watermelon 15000 Puffs ELF BOX LS15000 pon\u00faka nielen vynikaj\u00faci chu\u0165ov\u00fd z\u00e1\u017eitok, ale aj mimoriadne v\u00fdhody z h\u013eadiska \u017eivotnosti, technol\u00f3gie a pomeru cena\/v\u00fdkon. Urobte z tohto bestselleru svojho nov\u00e9ho favorita a presved\u010dte sa sami o jeho kvalite a ob\u013e\u00fabenosti.<\/p>","protected":false},"excerpt":{"rendered":"<p>Die Strawberry Watermelon ELF BOX LS15000 bringt Sie auf eine geschmackliche Reise, die Sie nicht so schnell vergessen werden. Die Kombination aus der s\u00fc\u00dfen, saftigen Erdbeere und der erfrischenden Wassermelone schafft ein harmonisches Geschmackserlebnis, das Ihre Sinne belebt und erfrischt. Jeder Zug ist ein Genuss, der Ihnen die perfekte Balance zwischen fruchtiger S\u00fc\u00dfe und k\u00fchler [&hellip;]<\/p>","protected":false},"featured_media":13718,"template":"","meta":{"inline_featured_image":false},"product_cat":[15,78,747,740,734,753,716,732],"product_tag":[710,674],"tiered_pricing_type":"fixed","tiered_pricing_fixed_rules":{"110":"7.54","200":"6.68","500":"5.85"},"tiered_pricing_percentage_rules":[],"tiered_pricing_minimum":1,"_administrator_tiered_pricing_type":"fixed","_administrator_tiered_pricing_fixed_rules":[],"_editor_tiered_pricing_type":"fixed","_editor_tiered_pricing_fixed_rules":[],"_author_tiered_pricing_type":"fixed","_author_tiered_pricing_fixed_rules":[],"_contributor_tiered_pricing_type":"fixed","_contributor_tiered_pricing_fixed_rules":[],"_subscriber_tiered_pricing_type":"fixed","_subscriber_tiered_pricing_fixed_rules":[],"_customer_tiered_pricing_type":"fixed","_customer_tiered_pricing_fixed_rules":[],"_shop_manager_tiered_pricing_type":"fixed","_shop_manager_tiered_pricing_fixed_rules":[],"_wpseo_manager_tiered_pricing_type":"fixed","_wpseo_manager_tiered_pricing_fixed_rules":[],"_wpseo_editor_tiered_pricing_type":"fixed","_wpseo_editor_tiered_pricing_fixed_rules":[],"_wholesale_customer_tiered_pricing_type":"fixed","_wholesale_customer_tiered_pricing_fixed_rules":[],"_marketer_tiered_pricing_type":"fixed","_marketer_tiered_pricing_fixed_rules":[],"_sales_manager_tiered_pricing_type":"fixed","_sales_manager_tiered_pricing_fixed_rules":[],"_sales_rep_tiered_pricing_type":"fixed","_sales_rep_tiered_pricing_fixed_rules":[],"yoast_head":"<!-- This site is optimized with the Yoast SEO plugin v23.3 - https:\/\/yoast.com\/wordpress\/plugins\/seo\/ -->\n<title>Hei\u00df begehrte ELF BOX LS15000 in Strawberry Watermelon Qualit\u00e4t zum besten Preis 15000 puffs | ElementVape.de<\/title>\n<meta name=\"description\" content=\"Wir bieten Hei\u00df begehrte ELF BOX LS15000 in Strawberry Watermelon Qualit\u00e4t zum besten Preis 15000 puffs , Elementvape.de akzeptieren Gro\u00df-und Einzelhandel Bestellungen.\" \/>\n<meta name=\"robots\" content=\"index, follow, max-snippet:-1, max-image-preview:large, max-video-preview:-1\" \/>\n<link rel=\"canonical\" href=\"https:\/\/www.elementvape.de\/sk\/produkt\/heiss-begehrte-elf-box-ls15000-in-strawberry-watermelon-qualitaet-zum-besten-preis-15000-puffs\/\" \/>\n<meta property=\"og:locale\" content=\"sk_SK\" \/>\n<meta property=\"og:type\" content=\"article\" \/>\n<meta property=\"og:title\" content=\"Hei\u00df begehrte ELF BOX LS15000 in Strawberry Watermelon Qualit\u00e4t zum besten Preis 15000 puffs | ElementVape.de\" \/>\n<meta property=\"og:description\" content=\"Wir bieten Hei\u00df begehrte ELF BOX LS15000 in Strawberry Watermelon Qualit\u00e4t zum besten Preis 15000 puffs , Elementvape.de akzeptieren Gro\u00df-und Einzelhandel Bestellungen.\" \/>\n<meta property=\"og:url\" content=\"https:\/\/www.elementvape.de\/sk\/produkt\/heiss-begehrte-elf-box-ls15000-in-strawberry-watermelon-qualitaet-zum-besten-preis-15000-puffs\/\" \/>\n<meta property=\"og:site_name\" content=\"ElementVape.de\" \/>\n<meta property=\"article:modified_time\" content=\"2024-12-12T06:35:01+00:00\" \/>\n<meta property=\"og:image\" content=\"https:\/\/www.elementvape.de\/wp-content\/uploads\/2024\/08\/Strawberry-Watermelon.png\" \/>\n\t<meta property=\"og:image:width\" content=\"1000\" \/>\n\t<meta property=\"og:image:height\" content=\"1000\" \/>\n\t<meta property=\"og:image:type\" content=\"image\/png\" \/>\n<meta name=\"twitter:card\" content=\"summary_large_image\" \/>\n<meta name=\"twitter:label1\" content=\"Est. reading time\" \/>\n\t<meta name=\"twitter:data1\" content=\"4 min\u00faty\" \/>\n<script type=\"application\/ld+json\" class=\"yoast-schema-graph\">{\"@context\":\"https:\/\/schema.org\",\"@graph\":[{\"@type\":\"WebPage\",\"@id\":\"https:\/\/www.elementvape.de\/es\/produkt\/heiss-begehrte-elf-box-ls15000-in-strawberry-watermelon-qualitaet-zum-besten-preis-15000-puffs\/\",\"url\":\"https:\/\/www.elementvape.de\/es\/produkt\/heiss-begehrte-elf-box-ls15000-in-strawberry-watermelon-qualitaet-zum-besten-preis-15000-puffs\/\",\"name\":\"Hei\u00df begehrte ELF BOX LS15000 in Strawberry Watermelon Qualit\u00e4t zum besten Preis 15000 puffs | ElementVape.de\",\"isPartOf\":{\"@id\":\"https:\/\/www.elementvape.de\/#website\"},\"primaryImageOfPage\":{\"@id\":\"https:\/\/www.elementvape.de\/es\/produkt\/heiss-begehrte-elf-box-ls15000-in-strawberry-watermelon-qualitaet-zum-besten-preis-15000-puffs\/#primaryimage\"},\"image\":{\"@id\":\"https:\/\/www.elementvape.de\/es\/produkt\/heiss-begehrte-elf-box-ls15000-in-strawberry-watermelon-qualitaet-zum-besten-preis-15000-puffs\/#primaryimage\"},\"thumbnailUrl\":\"https:\/\/www.elementvape.de\/wp-content\/uploads\/2024\/08\/Strawberry-Watermelon.png\",\"datePublished\":\"2024-08-09T08:42:50+00:00\",\"dateModified\":\"2024-12-12T06:35:01+00:00\",\"description\":\"Wir bieten Hei\u00df begehrte ELF BOX LS15000 in Strawberry Watermelon Qualit\u00e4t zum besten Preis 15000 puffs , Elementvape.de akzeptieren Gro\u00df-und Einzelhandel Bestellungen.\",\"breadcrumb\":{\"@id\":\"https:\/\/www.elementvape.de\/es\/produkt\/heiss-begehrte-elf-box-ls15000-in-strawberry-watermelon-qualitaet-zum-besten-preis-15000-puffs\/#breadcrumb\"},\"inLanguage\":\"sk-SK\",\"potentialAction\":[{\"@type\":\"ReadAction\",\"target\":[\"https:\/\/www.elementvape.de\/es\/produkt\/heiss-begehrte-elf-box-ls15000-in-strawberry-watermelon-qualitaet-zum-besten-preis-15000-puffs\/\"]}]},{\"@type\":\"ImageObject\",\"inLanguage\":\"sk-SK\",\"@id\":\"https:\/\/www.elementvape.de\/es\/produkt\/heiss-begehrte-elf-box-ls15000-in-strawberry-watermelon-qualitaet-zum-besten-preis-15000-puffs\/#primaryimage\",\"url\":\"https:\/\/www.elementvape.de\/wp-content\/uploads\/2024\/08\/Strawberry-Watermelon.png\",\"contentUrl\":\"https:\/\/www.elementvape.de\/wp-content\/uploads\/2024\/08\/Strawberry-Watermelon.png\",\"width\":1000,\"height\":1000,\"caption\":\"Strawberry Watermelon\"},{\"@type\":\"BreadcrumbList\",\"@id\":\"https:\/\/www.elementvape.de\/es\/produkt\/heiss-begehrte-elf-box-ls15000-in-strawberry-watermelon-qualitaet-zum-besten-preis-15000-puffs\/#breadcrumb\",\"itemListElement\":[{\"@type\":\"ListItem\",\"position\":1,\"name\":\"Home\",\"item\":\"https:\/\/www.elementvape.de\/\"},{\"@type\":\"ListItem\",\"position\":2,\"name\":\"Shop\",\"item\":\"https:\/\/www.elementvape.de\/shop\/\"},{\"@type\":\"ListItem\",\"position\":3,\"name\":\"Hei\u00df begehrte ELF BOX LS15000 in Strawberry Watermelon Qualit\u00e4t zum besten Preis 15000 puffs\"}]},{\"@type\":\"WebSite\",\"@id\":\"https:\/\/www.elementvape.de\/#website\",\"url\":\"https:\/\/www.elementvape.de\/\",\"name\":\"ElementVape.de\",\"description\":\"\",\"publisher\":{\"@id\":\"https:\/\/www.elementvape.de\/#organization\"},\"potentialAction\":[{\"@type\":\"SearchAction\",\"target\":{\"@type\":\"EntryPoint\",\"urlTemplate\":\"https:\/\/www.elementvape.de\/?s={search_term_string}\"},\"query-input\":\"required name=search_term_string\"}],\"inLanguage\":\"sk-SK\"},{\"@type\":\"Organization\",\"@id\":\"https:\/\/www.elementvape.de\/#organization\",\"name\":\"ElementVape.DE\",\"url\":\"https:\/\/www.elementvape.de\/\",\"logo\":{\"@type\":\"ImageObject\",\"inLanguage\":\"sk-SK\",\"@id\":\"https:\/\/www.elementvape.de\/#\/schema\/logo\/image\/\",\"url\":\"https:\/\/www.elementvape.de\/wp-content\/uploads\/2024\/09\/cropped-1elementvape-3.png\",\"contentUrl\":\"https:\/\/www.elementvape.de\/wp-content\/uploads\/2024\/09\/cropped-1elementvape-3.png\",\"width\":285,\"height\":228,\"caption\":\"ElementVape.DE\"},\"image\":{\"@id\":\"https:\/\/www.elementvape.de\/#\/schema\/logo\/image\/\"}}]}<\/script>\n<!-- \/ Yoast SEO plugin. -->","yoast_head_json":{"title":"Hei\u00df begehrte ELF BOX LS15000 in Strawberry Watermelon Qualit\u00e4t zum besten Preis 15000 puffs | ElementVape.de","description":"Wir bieten Hei\u00df begehrte ELF BOX LS15000 in Strawberry Watermelon Qualit\u00e4t zum besten Preis 15000 puffs , Elementvape.de akzeptieren Gro\u00df-und Einzelhandel Bestellungen.","robots":{"index":"index","follow":"follow","max-snippet":"max-snippet:-1","max-image-preview":"max-image-preview:large","max-video-preview":"max-video-preview:-1"},"canonical":"https:\/\/www.elementvape.de\/sk\/produkt\/heiss-begehrte-elf-box-ls15000-in-strawberry-watermelon-qualitaet-zum-besten-preis-15000-puffs\/","og_locale":"sk_SK","og_type":"article","og_title":"Hei\u00df begehrte ELF BOX LS15000 in Strawberry Watermelon Qualit\u00e4t zum besten Preis 15000 puffs | ElementVape.de","og_description":"Wir bieten Hei\u00df begehrte ELF BOX LS15000 in Strawberry Watermelon Qualit\u00e4t zum besten Preis 15000 puffs , Elementvape.de akzeptieren Gro\u00df-und Einzelhandel Bestellungen.","og_url":"https:\/\/www.elementvape.de\/sk\/produkt\/heiss-begehrte-elf-box-ls15000-in-strawberry-watermelon-qualitaet-zum-besten-preis-15000-puffs\/","og_site_name":"ElementVape.de","article_modified_time":"2024-12-12T06:35:01+00:00","og_image":[{"width":1000,"height":1000,"url":"https:\/\/www.elementvape.de\/wp-content\/uploads\/2024\/08\/Strawberry-Watermelon.png","type":"image\/png"}],"twitter_card":"summary_large_image","twitter_misc":{"Est. reading time":"4 min\u00faty"},"schema":{"@context":"https:\/\/schema.org","@graph":[{"@type":"WebPage","@id":"https:\/\/www.elementvape.de\/es\/produkt\/heiss-begehrte-elf-box-ls15000-in-strawberry-watermelon-qualitaet-zum-besten-preis-15000-puffs\/","url":"https:\/\/www.elementvape.de\/es\/produkt\/heiss-begehrte-elf-box-ls15000-in-strawberry-watermelon-qualitaet-zum-besten-preis-15000-puffs\/","name":"Hei\u00df begehrte ELF BOX LS15000 in Strawberry Watermelon Qualit\u00e4t zum besten Preis 15000 puffs | ElementVape.de","isPartOf":{"@id":"https:\/\/www.elementvape.de\/#website"},"primaryImageOfPage":{"@id":"https:\/\/www.elementvape.de\/es\/produkt\/heiss-begehrte-elf-box-ls15000-in-strawberry-watermelon-qualitaet-zum-besten-preis-15000-puffs\/#primaryimage"},"image":{"@id":"https:\/\/www.elementvape.de\/es\/produkt\/heiss-begehrte-elf-box-ls15000-in-strawberry-watermelon-qualitaet-zum-besten-preis-15000-puffs\/#primaryimage"},"thumbnailUrl":"https:\/\/www.elementvape.de\/wp-content\/uploads\/2024\/08\/Strawberry-Watermelon.png","datePublished":"2024-08-09T08:42:50+00:00","dateModified":"2024-12-12T06:35:01+00:00","description":"Wir bieten Hei\u00df begehrte ELF BOX LS15000 in Strawberry Watermelon Qualit\u00e4t zum besten Preis 15000 puffs , Elementvape.de akzeptieren Gro\u00df-und Einzelhandel Bestellungen.","breadcrumb":{"@id":"https:\/\/www.elementvape.de\/es\/produkt\/heiss-begehrte-elf-box-ls15000-in-strawberry-watermelon-qualitaet-zum-besten-preis-15000-puffs\/#breadcrumb"},"inLanguage":"sk-SK","potentialAction":[{"@type":"ReadAction","target":["https:\/\/www.elementvape.de\/es\/produkt\/heiss-begehrte-elf-box-ls15000-in-strawberry-watermelon-qualitaet-zum-besten-preis-15000-puffs\/"]}]},{"@type":"ImageObject","inLanguage":"sk-SK","@id":"https:\/\/www.elementvape.de\/es\/produkt\/heiss-begehrte-elf-box-ls15000-in-strawberry-watermelon-qualitaet-zum-besten-preis-15000-puffs\/#primaryimage","url":"https:\/\/www.elementvape.de\/wp-content\/uploads\/2024\/08\/Strawberry-Watermelon.png","contentUrl":"https:\/\/www.elementvape.de\/wp-content\/uploads\/2024\/08\/Strawberry-Watermelon.png","width":1000,"height":1000,"caption":"Strawberry Watermelon"},{"@type":"BreadcrumbList","@id":"https:\/\/www.elementvape.de\/es\/produkt\/heiss-begehrte-elf-box-ls15000-in-strawberry-watermelon-qualitaet-zum-besten-preis-15000-puffs\/#breadcrumb","itemListElement":[{"@type":"ListItem","position":1,"name":"Home","item":"https:\/\/www.elementvape.de\/"},{"@type":"ListItem","position":2,"name":"Shop","item":"https:\/\/www.elementvape.de\/shop\/"},{"@type":"ListItem","position":3,"name":"Hei\u00df begehrte ELF BOX LS15000 in Strawberry Watermelon Qualit\u00e4t zum besten Preis 15000 puffs"}]},{"@type":"WebSite","@id":"https:\/\/www.elementvape.de\/#website","url":"https:\/\/www.elementvape.de\/","name":"ElementVape.de","description":"","publisher":{"@id":"https:\/\/www.elementvape.de\/#organization"},"potentialAction":[{"@type":"SearchAction","target":{"@type":"EntryPoint","urlTemplate":"https:\/\/www.elementvape.de\/?s={search_term_string}"},"query-input":"required name=search_term_string"}],"inLanguage":"sk-SK"},{"@type":"Organization","@id":"https:\/\/www.elementvape.de\/#organization","name":"ElementVape.DE","url":"https:\/\/www.elementvape.de\/","logo":{"@type":"ImageObject","inLanguage":"sk-SK","@id":"https:\/\/www.elementvape.de\/#\/schema\/logo\/image\/","url":"https:\/\/www.elementvape.de\/wp-content\/uploads\/2024\/09\/cropped-1elementvape-3.png","contentUrl":"https:\/\/www.elementvape.de\/wp-content\/uploads\/2024\/09\/cropped-1elementvape-3.png","width":285,"height":228,"caption":"ElementVape.DE"},"image":{"@id":"https:\/\/www.elementvape.de\/#\/schema\/logo\/image\/"}}]}},"_links":{"self":[{"href":"https:\/\/www.elementvape.de\/sk\/wp-json\/wp\/v2\/product\/13717"}],"collection":[{"href":"https:\/\/www.elementvape.de\/sk\/wp-json\/wp\/v2\/product"}],"about":[{"href":"https:\/\/www.elementvape.de\/sk\/wp-json\/wp\/v2\/types\/product"}],"wp:featuredmedia":[{"embeddable":true,"href":"https:\/\/www.elementvape.de\/sk\/wp-json\/wp\/v2\/media\/13718"}],"wp:attachment":[{"href":"https:\/\/www.elementvape.de\/sk\/wp-json\/wp\/v2\/media?parent=13717"}],"wp:term":[{"taxonomy":"product_cat","embeddable":true,"href":"https:\/\/www.elementvape.de\/sk\/wp-json\/wp\/v2\/product_cat?post=13717"},{"taxonomy":"product_tag","embeddable":true,"href":"https:\/\/www.elementvape.de\/sk\/wp-json\/wp\/v2\/product_tag?post=13717"}],"curies":[{"name":"wp","href":"https:\/\/api.w.org\/{rel}","templated":true}]}}