{"id":13713,"date":"2024-08-09T06:49:32","date_gmt":"2024-08-09T06:49:32","guid":{"rendered":"https:\/\/www.elementvape.de\/?post_type=product&#038;p=13713"},"modified":"2024-12-12T06:35:02","modified_gmt":"2024-12-12T06:35:02","slug":"blue-razz-lemonade-fabrik-grosshandelspreis-sichere-lieferung-elf-box-ls15000","status":"publish","type":"product","link":"https:\/\/www.elementvape.de\/sk\/produkt\/blue-razz-lemonade-fabrik-grosshandelspreis-sichere-lieferung-elf-box-ls15000\/","title":{"rendered":"Blue Razz Lemonade tov\u00e1re\u0148 Ve\u013ekoobchodn\u00e1 cena bezpe\u010dn\u00e1 dod\u00e1vka ELF BOX LS15000"},"content":{"rendered":"<h2>E-cigareta: Blue Razz Lemonade 15000 Puffs ELF BOX LS15000<\/h2>\n<table>\n<thead>\n<tr>\n<th>Vlastnos\u0165<\/th>\n<th>\u0160pecifik\u00e1cia<\/th>\n<\/tr>\n<\/thead>\n<tbody>\n<tr>\n<td>Potiahnutia<\/td>\n<td>15000<\/td>\n<\/tr>\n<tr>\n<td>Jadro<\/td>\n<td>Sie\u0165ov\u00e1 cievka 0,6 ohmu<\/td>\n<\/tr>\n<tr>\n<td>E-Liquid<\/td>\n<td>26ml<\/td>\n<\/tr>\n<tr>\n<td>N<\/td>\n<td>2% \/ 5%<\/td>\n<\/tr>\n<tr>\n<td>Bat\u00e9ria<\/td>\n<td>18250-600mAh<\/td>\n<\/tr>\n<tr>\n<td>Dob\u00edjate\u013en\u00e9<\/td>\n<td>Type-C<\/td>\n<\/tr>\n<tr>\n<td>Hmotnos\u0165 produktu<\/td>\n<td>91g<\/td>\n<\/tr>\n<tr>\n<td>Ve\u013ekos\u0165 produktu<\/td>\n<td>124,5*31,5mm<\/td>\n<\/tr>\n<\/tbody>\n<\/table>\n<h3>Sladk\u00e1 a \u0161umiv\u00e1: Dokonal\u00fd chu\u0165ov\u00fd z\u00e1\u017eitok<\/h3>\n<p>Chu\u0165 Blue Razz Lemonade sp\u00e1ja ovocn\u00fa sladkos\u0165 modr\u00fdch mal\u00edn (Blue Razz) so \u0161umivou svie\u017eos\u0165ou limon\u00e1dy. T\u00e1to jedine\u010dn\u00e1 kombin\u00e1cia pon\u00faka povzbudzuj\u00faci z\u00e1\u017eitok z vapovania, ktor\u00fd je sladk\u00fd aj osvie\u017euj\u00faci. Ka\u017ed\u00fd \u0165ah prin\u00e1\u0161a dokonal\u00fa rovnov\u00e1hu medzi kysl\u00fdmi a sladk\u00fdmi t\u00f3nmi, ktor\u00e9 stimuluj\u00fa chu\u0165ov\u00e9 poh\u00e1riky a vyvol\u00e1vaj\u00fa chu\u0165 na viac.<\/p>\n<h3>V\u00fdhody 15 000 \u0165ahov<\/h3>\n<h4>Dlhotrvaj\u00faci z\u00e1\u017eitok z vapovania<\/h4>\n<p>S kapacitou 15 000 \u0165ahov je Blue Razz Lemonade ELF BOX LS15000 jednou z najdlh\u0161ie vydr\u017eiacich <strong><a href=\"https:\/\/www.elementvape.de\/sk\/c\/einweg-zigarette\/\">jednorazov\u00fdch e-cigaret\u00e1ch<\/a><\/strong> na trhu. Tento vysok\u00fd po\u010det \u0165ahov zais\u0165uje, \u017ee si pou\u017e\u00edvatelia m\u00f4\u017eu e-cigaretu u\u017e\u00edva\u0165 dlh\u0161\u00ed \u010das bez \u010dastej v\u00fdmeny alebo dop\u013a\u0148ania. V\u010faka tomu je ELF BOX LS15000 obzvl\u00e1\u0161\u0165 u\u017e\u00edvate\u013esky pr\u00edvetiv\u00fd a n\u00e1kladovo efekt\u00edvny.<\/p>\n<h4>Pokro\u010dil\u00e1 technol\u00f3gia Mesh-Coil<\/h4>\n<p>15 000 \u0165ahov je umo\u017enen\u00fdch inovat\u00edvnou technol\u00f3giou Mesh-Coil. 0,6ohmov\u00e9 Mesh-Coily zais\u0165uj\u00fa rovnomern\u00e9 rozlo\u017eenie tepla, \u010do vedie k rovnomern\u00e9mu chu\u0165ov\u00e9mu z\u00e1\u017eitku a hustej\u0161ej pare. T\u00e1to technol\u00f3gia maximalizuje \u017eivotnos\u0165 e-liquidu a bat\u00e9rie, \u010do podporuje vysok\u00fd po\u010det \u0165ahov.<\/p>\n<h4>Ve\u013ek\u00fd objem E-Liquidu<\/h4>\n<p>Blue Razz Lemonade ELF BOX LS15000 je naplnen\u00e1 26 ml e-liquidu, \u010do zais\u0165uje, \u017ee pou\u017e\u00edvatelia maj\u00fa dlhotrvaj\u00faci a intenz\u00edvny z\u00e1\u017eitok z vapovania. Ve\u013ek\u00fd objem e-liquidu v kombin\u00e1cii s efekt\u00edvnou technol\u00f3giou coilu zaru\u010duje uspokojiv\u00fd a nepretr\u017eit\u00fd z\u00e1\u017eitok z vapovania bez neust\u00e1lych preru\u0161en\u00ed.<\/p>\n<h3>Technologick\u00e1 prevaha<\/h3>\n<h4>V\u00fdkonn\u00e1 bat\u00e9ria<\/h4>\n<p>ELF BOX LS15000 je vybaven\u00e1 bat\u00e9riou 18250-600mAh s dlhou \u017eivotnos\u0165ou, ktor\u00e1 je navrhnut\u00e1 pre vysok\u00fd po\u010det \u0165ahov. T\u00e1to bat\u00e9ria zais\u0165uje kon\u0161tantn\u00fd v\u00fdkon, ktor\u00fd umo\u017e\u0148uje dlh\u00e9 pou\u017e\u00edvanie bez \u010dast\u00e9ho nab\u00edjania. Nab\u00edjac\u00ed port Type-C pon\u00faka dodato\u010dn\u00e9 pohodlie v\u010faka r\u00fdchlemu a efekt\u00edvnemu nab\u00edjaniu.<\/p>\n<h4>Kompaktn\u00fd a u\u017e\u00edvate\u013esky pr\u00edvetiv\u00fd dizajn<\/h4>\n<p>S hmotnos\u0165ou iba 91 g a kompaktnou ve\u013ekos\u0165ou 124,5 * 31,5 mm sa ELF BOX LS15000 \u013eahko pren\u00e1\u0161a a pohodlne sa s \u0148ou manipuluje. V\u010faka ergonomick\u00e9mu dizajnu je ide\u00e1lna na ka\u017edodenn\u00e9 pou\u017eitie bez kompromisov v oblasti v\u00fdkonu alebo chuti.<\/p>\n<h4>Bezpe\u010dn\u00e1 dod\u00e1vka a ve\u013ekoobchodn\u00e9 ceny priamo z v\u00fdroby<\/h4>\n<p>Blue Razz Lemonade ELF BOX LS15000 je k dispoz\u00edcii za atrakt\u00edvne ve\u013ekoobchodn\u00e9 ceny priamo z v\u00fdroby a je bezpe\u010dne dod\u00e1van\u00e1. To pon\u00faka vynikaj\u00facu pr\u00edle\u017eitos\u0165 pre predajcov pon\u00faka\u0165 vysokokvalitn\u00e9 produkty za konkurencieschopn\u00e9 ceny, zatia\u013e \u010do bezpe\u010dn\u00e1 dod\u00e1vka zais\u0165uje, \u017ee produkty dorazia v perfektnom stave.<\/p>\n<p>Blue Razz Lemonade 15000 Puffs ELF BOX LS15000 je ide\u00e1lnou vo\u013ebou pre vaperov, ktor\u00ed h\u013eadaj\u00fa osvie\u017euj\u00faci, dlhotrvaj\u00faci a chutn\u00fd z\u00e1\u017eitok z vapovania. V\u010faka inovat\u00edvnej technol\u00f3gii a praktick\u00fdm v\u00fdhod\u00e1m je vynikaj\u00facim produktom na trhu e-cigariet.<\/p>","protected":false},"excerpt":{"rendered":"<p>E-Zigarette: Blue Razz Lemonade 15000 Puffs ELF BOX LS15000 Merkmal Spezifikation Puffs 15000 Core Mesh coil 0.6ohm E-Liquid 26ml N 2% \/ 5% Batterie 18250-600mAh Wiederaufladbar Type-C Produktgewicht 91g Produktgr\u00f6\u00dfe 124.5*31.5mm S\u00fc\u00df und spritzig: Das ultimative Geschmackserlebnis Der Geschmack von Blue Razz Lemonade vereint die fruchtige S\u00fc\u00dfe von blauen Himbeeren (Blue Razz) mit der spritzigen [&hellip;]<\/p>","protected":false},"featured_media":13714,"template":"","meta":{"inline_featured_image":false},"product_cat":[15,78,747,740,734,753,716,732],"product_tag":[710,674],"tiered_pricing_type":"fixed","tiered_pricing_fixed_rules":{"110":"7.54","200":"6.68","500":"5.85"},"tiered_pricing_percentage_rules":[],"tiered_pricing_minimum":1,"_administrator_tiered_pricing_type":"fixed","_administrator_tiered_pricing_fixed_rules":[],"_editor_tiered_pricing_type":"fixed","_editor_tiered_pricing_fixed_rules":[],"_author_tiered_pricing_type":"fixed","_author_tiered_pricing_fixed_rules":[],"_contributor_tiered_pricing_type":"fixed","_contributor_tiered_pricing_fixed_rules":[],"_subscriber_tiered_pricing_type":"fixed","_subscriber_tiered_pricing_fixed_rules":[],"_customer_tiered_pricing_type":"fixed","_customer_tiered_pricing_fixed_rules":[],"_shop_manager_tiered_pricing_type":"fixed","_shop_manager_tiered_pricing_fixed_rules":[],"_wpseo_manager_tiered_pricing_type":"fixed","_wpseo_manager_tiered_pricing_fixed_rules":[],"_wpseo_editor_tiered_pricing_type":"fixed","_wpseo_editor_tiered_pricing_fixed_rules":[],"_wholesale_customer_tiered_pricing_type":"fixed","_wholesale_customer_tiered_pricing_fixed_rules":[],"_marketer_tiered_pricing_type":"fixed","_marketer_tiered_pricing_fixed_rules":[],"_sales_manager_tiered_pricing_type":"fixed","_sales_manager_tiered_pricing_fixed_rules":[],"_sales_rep_tiered_pricing_type":"fixed","_sales_rep_tiered_pricing_fixed_rules":[],"yoast_head":"<!-- This site is optimized with the Yoast SEO plugin v23.3 - https:\/\/yoast.com\/wordpress\/plugins\/seo\/ -->\n<title>Blue Razz Lemonade Fabrik Gro\u00dfhandelspreis sichere Lieferung ELF BOX LS15000 | ElementVape.de<\/title>\n<meta name=\"description\" content=\"Wir bieten Blue Razz Lemonade Fabrik Gro\u00dfhandelspreis sichere Lieferung ELF BOX LS15000 , Elementvape.de akzeptieren Gro\u00df-und Einzelhandel Bestellungen.\" \/>\n<meta name=\"robots\" content=\"index, follow, max-snippet:-1, max-image-preview:large, max-video-preview:-1\" \/>\n<link rel=\"canonical\" href=\"https:\/\/www.elementvape.de\/sk\/produkt\/blue-razz-lemonade-fabrik-grosshandelspreis-sichere-lieferung-elf-box-ls15000\/\" \/>\n<meta property=\"og:locale\" content=\"sk_SK\" \/>\n<meta property=\"og:type\" content=\"article\" \/>\n<meta property=\"og:title\" content=\"Blue Razz Lemonade Fabrik Gro\u00dfhandelspreis sichere Lieferung ELF BOX LS15000 | ElementVape.de\" \/>\n<meta property=\"og:description\" content=\"Wir bieten Blue Razz Lemonade Fabrik Gro\u00dfhandelspreis sichere Lieferung ELF BOX LS15000 , Elementvape.de akzeptieren Gro\u00df-und Einzelhandel Bestellungen.\" \/>\n<meta property=\"og:url\" content=\"https:\/\/www.elementvape.de\/sk\/produkt\/blue-razz-lemonade-fabrik-grosshandelspreis-sichere-lieferung-elf-box-ls15000\/\" \/>\n<meta property=\"og:site_name\" content=\"ElementVape.de\" \/>\n<meta property=\"article:modified_time\" content=\"2024-12-12T06:35:02+00:00\" \/>\n<meta property=\"og:image\" content=\"https:\/\/www.elementvape.de\/wp-content\/uploads\/2024\/08\/Blue-Razz-Lemonade.png\" \/>\n\t<meta property=\"og:image:width\" content=\"1000\" \/>\n\t<meta property=\"og:image:height\" content=\"1000\" \/>\n\t<meta property=\"og:image:type\" content=\"image\/png\" \/>\n<meta name=\"twitter:card\" content=\"summary_large_image\" \/>\n<meta name=\"twitter:label1\" content=\"Est. reading time\" \/>\n\t<meta name=\"twitter:data1\" content=\"3 min\u00faty\" \/>\n<script type=\"application\/ld+json\" class=\"yoast-schema-graph\">{\"@context\":\"https:\/\/schema.org\",\"@graph\":[{\"@type\":\"WebPage\",\"@id\":\"https:\/\/www.elementvape.de\/fi\/produkt\/blue-razz-lemonade-fabrik-grosshandelspreis-sichere-lieferung-elf-box-ls15000\/\",\"url\":\"https:\/\/www.elementvape.de\/fi\/produkt\/blue-razz-lemonade-fabrik-grosshandelspreis-sichere-lieferung-elf-box-ls15000\/\",\"name\":\"Blue Razz Lemonade Fabrik Gro\u00dfhandelspreis sichere Lieferung ELF BOX LS15000 | ElementVape.de\",\"isPartOf\":{\"@id\":\"https:\/\/www.elementvape.de\/#website\"},\"primaryImageOfPage\":{\"@id\":\"https:\/\/www.elementvape.de\/fi\/produkt\/blue-razz-lemonade-fabrik-grosshandelspreis-sichere-lieferung-elf-box-ls15000\/#primaryimage\"},\"image\":{\"@id\":\"https:\/\/www.elementvape.de\/fi\/produkt\/blue-razz-lemonade-fabrik-grosshandelspreis-sichere-lieferung-elf-box-ls15000\/#primaryimage\"},\"thumbnailUrl\":\"https:\/\/www.elementvape.de\/wp-content\/uploads\/2024\/08\/Blue-Razz-Lemonade.png\",\"datePublished\":\"2024-08-09T06:49:32+00:00\",\"dateModified\":\"2024-12-12T06:35:02+00:00\",\"description\":\"Wir bieten Blue Razz Lemonade Fabrik Gro\u00dfhandelspreis sichere Lieferung ELF BOX LS15000 , Elementvape.de akzeptieren Gro\u00df-und Einzelhandel Bestellungen.\",\"breadcrumb\":{\"@id\":\"https:\/\/www.elementvape.de\/fi\/produkt\/blue-razz-lemonade-fabrik-grosshandelspreis-sichere-lieferung-elf-box-ls15000\/#breadcrumb\"},\"inLanguage\":\"sk-SK\",\"potentialAction\":[{\"@type\":\"ReadAction\",\"target\":[\"https:\/\/www.elementvape.de\/fi\/produkt\/blue-razz-lemonade-fabrik-grosshandelspreis-sichere-lieferung-elf-box-ls15000\/\"]}]},{\"@type\":\"ImageObject\",\"inLanguage\":\"sk-SK\",\"@id\":\"https:\/\/www.elementvape.de\/fi\/produkt\/blue-razz-lemonade-fabrik-grosshandelspreis-sichere-lieferung-elf-box-ls15000\/#primaryimage\",\"url\":\"https:\/\/www.elementvape.de\/wp-content\/uploads\/2024\/08\/Blue-Razz-Lemonade.png\",\"contentUrl\":\"https:\/\/www.elementvape.de\/wp-content\/uploads\/2024\/08\/Blue-Razz-Lemonade.png\",\"width\":1000,\"height\":1000,\"caption\":\"Blue Razz Lemonade\"},{\"@type\":\"BreadcrumbList\",\"@id\":\"https:\/\/www.elementvape.de\/fi\/produkt\/blue-razz-lemonade-fabrik-grosshandelspreis-sichere-lieferung-elf-box-ls15000\/#breadcrumb\",\"itemListElement\":[{\"@type\":\"ListItem\",\"position\":1,\"name\":\"Home\",\"item\":\"https:\/\/www.elementvape.de\/\"},{\"@type\":\"ListItem\",\"position\":2,\"name\":\"Shop\",\"item\":\"https:\/\/www.elementvape.de\/shop\/\"},{\"@type\":\"ListItem\",\"position\":3,\"name\":\"Blue Razz Lemonade Fabrik Gro\u00dfhandelspreis sichere Lieferung ELF BOX LS15000\"}]},{\"@type\":\"WebSite\",\"@id\":\"https:\/\/www.elementvape.de\/#website\",\"url\":\"https:\/\/www.elementvape.de\/\",\"name\":\"ElementVape.de\",\"description\":\"\",\"publisher\":{\"@id\":\"https:\/\/www.elementvape.de\/#organization\"},\"potentialAction\":[{\"@type\":\"SearchAction\",\"target\":{\"@type\":\"EntryPoint\",\"urlTemplate\":\"https:\/\/www.elementvape.de\/?s={search_term_string}\"},\"query-input\":\"required name=search_term_string\"}],\"inLanguage\":\"sk-SK\"},{\"@type\":\"Organization\",\"@id\":\"https:\/\/www.elementvape.de\/#organization\",\"name\":\"ElementVape.DE\",\"url\":\"https:\/\/www.elementvape.de\/\",\"logo\":{\"@type\":\"ImageObject\",\"inLanguage\":\"sk-SK\",\"@id\":\"https:\/\/www.elementvape.de\/#\/schema\/logo\/image\/\",\"url\":\"https:\/\/www.elementvape.de\/wp-content\/uploads\/2024\/09\/cropped-1elementvape-3.png\",\"contentUrl\":\"https:\/\/www.elementvape.de\/wp-content\/uploads\/2024\/09\/cropped-1elementvape-3.png\",\"width\":285,\"height\":228,\"caption\":\"ElementVape.DE\"},\"image\":{\"@id\":\"https:\/\/www.elementvape.de\/#\/schema\/logo\/image\/\"}}]}<\/script>\n<!-- \/ Yoast SEO plugin. -->","yoast_head_json":{"title":"Blue Razz Lemonade Fabrik Gro\u00dfhandelspreis sichere Lieferung ELF BOX LS15000 | ElementVape.de","description":"Wir bieten Blue Razz Lemonade Fabrik Gro\u00dfhandelspreis sichere Lieferung ELF BOX LS15000 , Elementvape.de akzeptieren Gro\u00df-und Einzelhandel Bestellungen.","robots":{"index":"index","follow":"follow","max-snippet":"max-snippet:-1","max-image-preview":"max-image-preview:large","max-video-preview":"max-video-preview:-1"},"canonical":"https:\/\/www.elementvape.de\/sk\/produkt\/blue-razz-lemonade-fabrik-grosshandelspreis-sichere-lieferung-elf-box-ls15000\/","og_locale":"sk_SK","og_type":"article","og_title":"Blue Razz Lemonade Fabrik Gro\u00dfhandelspreis sichere Lieferung ELF BOX LS15000 | ElementVape.de","og_description":"Wir bieten Blue Razz Lemonade Fabrik Gro\u00dfhandelspreis sichere Lieferung ELF BOX LS15000 , Elementvape.de akzeptieren Gro\u00df-und Einzelhandel Bestellungen.","og_url":"https:\/\/www.elementvape.de\/sk\/produkt\/blue-razz-lemonade-fabrik-grosshandelspreis-sichere-lieferung-elf-box-ls15000\/","og_site_name":"ElementVape.de","article_modified_time":"2024-12-12T06:35:02+00:00","og_image":[{"width":1000,"height":1000,"url":"https:\/\/www.elementvape.de\/wp-content\/uploads\/2024\/08\/Blue-Razz-Lemonade.png","type":"image\/png"}],"twitter_card":"summary_large_image","twitter_misc":{"Est. reading time":"3 min\u00faty"},"schema":{"@context":"https:\/\/schema.org","@graph":[{"@type":"WebPage","@id":"https:\/\/www.elementvape.de\/fi\/produkt\/blue-razz-lemonade-fabrik-grosshandelspreis-sichere-lieferung-elf-box-ls15000\/","url":"https:\/\/www.elementvape.de\/fi\/produkt\/blue-razz-lemonade-fabrik-grosshandelspreis-sichere-lieferung-elf-box-ls15000\/","name":"Blue Razz Lemonade Fabrik Gro\u00dfhandelspreis sichere Lieferung ELF BOX LS15000 | ElementVape.de","isPartOf":{"@id":"https:\/\/www.elementvape.de\/#website"},"primaryImageOfPage":{"@id":"https:\/\/www.elementvape.de\/fi\/produkt\/blue-razz-lemonade-fabrik-grosshandelspreis-sichere-lieferung-elf-box-ls15000\/#primaryimage"},"image":{"@id":"https:\/\/www.elementvape.de\/fi\/produkt\/blue-razz-lemonade-fabrik-grosshandelspreis-sichere-lieferung-elf-box-ls15000\/#primaryimage"},"thumbnailUrl":"https:\/\/www.elementvape.de\/wp-content\/uploads\/2024\/08\/Blue-Razz-Lemonade.png","datePublished":"2024-08-09T06:49:32+00:00","dateModified":"2024-12-12T06:35:02+00:00","description":"Wir bieten Blue Razz Lemonade Fabrik Gro\u00dfhandelspreis sichere Lieferung ELF BOX LS15000 , Elementvape.de akzeptieren Gro\u00df-und Einzelhandel Bestellungen.","breadcrumb":{"@id":"https:\/\/www.elementvape.de\/fi\/produkt\/blue-razz-lemonade-fabrik-grosshandelspreis-sichere-lieferung-elf-box-ls15000\/#breadcrumb"},"inLanguage":"sk-SK","potentialAction":[{"@type":"ReadAction","target":["https:\/\/www.elementvape.de\/fi\/produkt\/blue-razz-lemonade-fabrik-grosshandelspreis-sichere-lieferung-elf-box-ls15000\/"]}]},{"@type":"ImageObject","inLanguage":"sk-SK","@id":"https:\/\/www.elementvape.de\/fi\/produkt\/blue-razz-lemonade-fabrik-grosshandelspreis-sichere-lieferung-elf-box-ls15000\/#primaryimage","url":"https:\/\/www.elementvape.de\/wp-content\/uploads\/2024\/08\/Blue-Razz-Lemonade.png","contentUrl":"https:\/\/www.elementvape.de\/wp-content\/uploads\/2024\/08\/Blue-Razz-Lemonade.png","width":1000,"height":1000,"caption":"Blue Razz Lemonade"},{"@type":"BreadcrumbList","@id":"https:\/\/www.elementvape.de\/fi\/produkt\/blue-razz-lemonade-fabrik-grosshandelspreis-sichere-lieferung-elf-box-ls15000\/#breadcrumb","itemListElement":[{"@type":"ListItem","position":1,"name":"Home","item":"https:\/\/www.elementvape.de\/"},{"@type":"ListItem","position":2,"name":"Shop","item":"https:\/\/www.elementvape.de\/shop\/"},{"@type":"ListItem","position":3,"name":"Blue Razz Lemonade Fabrik Gro\u00dfhandelspreis sichere Lieferung ELF BOX LS15000"}]},{"@type":"WebSite","@id":"https:\/\/www.elementvape.de\/#website","url":"https:\/\/www.elementvape.de\/","name":"ElementVape.de","description":"","publisher":{"@id":"https:\/\/www.elementvape.de\/#organization"},"potentialAction":[{"@type":"SearchAction","target":{"@type":"EntryPoint","urlTemplate":"https:\/\/www.elementvape.de\/?s={search_term_string}"},"query-input":"required name=search_term_string"}],"inLanguage":"sk-SK"},{"@type":"Organization","@id":"https:\/\/www.elementvape.de\/#organization","name":"ElementVape.DE","url":"https:\/\/www.elementvape.de\/","logo":{"@type":"ImageObject","inLanguage":"sk-SK","@id":"https:\/\/www.elementvape.de\/#\/schema\/logo\/image\/","url":"https:\/\/www.elementvape.de\/wp-content\/uploads\/2024\/09\/cropped-1elementvape-3.png","contentUrl":"https:\/\/www.elementvape.de\/wp-content\/uploads\/2024\/09\/cropped-1elementvape-3.png","width":285,"height":228,"caption":"ElementVape.DE"},"image":{"@id":"https:\/\/www.elementvape.de\/#\/schema\/logo\/image\/"}}]}},"_links":{"self":[{"href":"https:\/\/www.elementvape.de\/sk\/wp-json\/wp\/v2\/product\/13713"}],"collection":[{"href":"https:\/\/www.elementvape.de\/sk\/wp-json\/wp\/v2\/product"}],"about":[{"href":"https:\/\/www.elementvape.de\/sk\/wp-json\/wp\/v2\/types\/product"}],"wp:featuredmedia":[{"embeddable":true,"href":"https:\/\/www.elementvape.de\/sk\/wp-json\/wp\/v2\/media\/13714"}],"wp:attachment":[{"href":"https:\/\/www.elementvape.de\/sk\/wp-json\/wp\/v2\/media?parent=13713"}],"wp:term":[{"taxonomy":"product_cat","embeddable":true,"href":"https:\/\/www.elementvape.de\/sk\/wp-json\/wp\/v2\/product_cat?post=13713"},{"taxonomy":"product_tag","embeddable":true,"href":"https:\/\/www.elementvape.de\/sk\/wp-json\/wp\/v2\/product_tag?post=13713"}],"curies":[{"name":"wp","href":"https:\/\/api.w.org\/{rel}","templated":true}]}}