{"id":13671,"date":"2024-08-06T08:43:50","date_gmt":"2024-08-06T08:43:50","guid":{"rendered":"https:\/\/www.elementvape.de\/?post_type=product&#038;p=13671"},"modified":"2024-12-12T06:35:10","modified_gmt":"2024-12-12T06:35:10","slug":"die-blue-razz-ice-elf-box-digital-12000-zuege-e-zigarette-bietet-das-beste-dampferlebnis","status":"publish","type":"product","link":"https:\/\/www.elementvape.de\/sk\/produkt\/die-blue-razz-ice-elf-box-digital-12000-zuege-e-zigarette-bietet-das-beste-dampferlebnis\/","title":{"rendered":"Blue Razz Ice ELF BOX Digit\u00e1lna e-cigareta s 12000 potiahnutiami pon\u00faka najlep\u0161\u00ed z\u00e1\u017eitok z vapovania"},"content":{"rendered":"<h2>Blue Razz Ice ELF BOX Digital 12000: Najlep\u0161ie v z\u00e1\u017eitku z vapovania<\/h2>\n<p>&nbsp;<\/p>\n<table>\n<thead>\n<tr>\n<th>\u0160pecifik\u00e1cia<\/th>\n<th>Detaily<\/th>\n<\/tr>\n<\/thead>\n<tbody>\n<tr>\n<td>Potiahnutia<\/td>\n<td>12000 \u0165ahov<\/td>\n<\/tr>\n<tr>\n<td>Jadro<\/td>\n<td>Sie\u0165ov\u00e1 cievka, 0,8 Ohm<\/td>\n<\/tr>\n<tr>\n<td>Kapacita e-liquidu<\/td>\n<td>25 ml<\/td>\n<\/tr>\n<tr>\n<td>N<\/td>\n<td>2%,5%<\/td>\n<\/tr>\n<tr>\n<td>Bat\u00e9ria<\/td>\n<td>13350-500mAh, dob\u00edjate\u013en\u00e1 cez Type-C<\/td>\n<\/tr>\n<tr>\n<td>Displej<\/td>\n<td>Digit\u00e1lny, zobrazuje \u00farove\u0148 oleja a bat\u00e9rie<\/td>\n<\/tr>\n<tr>\n<td>Hmotnos\u0165 produktu<\/td>\n<td>82 gramov<\/td>\n<\/tr>\n<tr>\n<td>Ve\u013ekos\u0165 produktu<\/td>\n<td>30 mm x 57 mm x 101 mm<\/td>\n<\/tr>\n<\/tbody>\n<\/table>\n<figure id=\"attachment_13672\" aria-describedby=\"caption-attachment-13672\" style=\"width: 300px\" class=\"wp-caption alignnone\"><img loading=\"lazy\" decoding=\"async\" class=\"size-medium wp-image-13672\" src=\"https:\/\/www.elementvape.de\/wp-content\/uploads\/2024\/08\/Blue-Razz-ice-\u84dd\u8393\u6811\u8393\u51b0--300x300.jpg\" alt=\"Blue Razz ice\" width=\"300\" height=\"300\" srcset=\"https:\/\/www.elementvape.de\/wp-content\/uploads\/2024\/08\/Blue-Razz-ice-\u84dd\u8393\u6811\u8393\u51b0--300x300.jpg 300w, https:\/\/www.elementvape.de\/wp-content\/uploads\/2024\/08\/Blue-Razz-ice-\u84dd\u8393\u6811\u8393\u51b0--150x150.jpg 150w, https:\/\/www.elementvape.de\/wp-content\/uploads\/2024\/08\/Blue-Razz-ice-\u84dd\u8393\u6811\u8393\u51b0--768x768.jpg 768w, https:\/\/www.elementvape.de\/wp-content\/uploads\/2024\/08\/Blue-Razz-ice-\u84dd\u8393\u6811\u8393\u51b0--600x600.jpg 600w, https:\/\/www.elementvape.de\/wp-content\/uploads\/2024\/08\/Blue-Razz-ice-\u84dd\u8393\u6811\u8393\u51b0--100x100.jpg 100w, https:\/\/www.elementvape.de\/wp-content\/uploads\/2024\/08\/Blue-Razz-ice-\u84dd\u8393\u6811\u8393\u51b0--50x50.jpg 50w, https:\/\/www.elementvape.de\/wp-content\/uploads\/2024\/08\/Blue-Razz-ice-\u84dd\u8393\u6811\u8393\u51b0-.jpg 1000w\" sizes=\"(max-width: 300px) 100vw, 300px\" \/><figcaption id=\"caption-attachment-13672\" class=\"wp-caption-text\">Blue Razz ice<\/figcaption><\/figure>\n<h3>Kombin\u00e1cia technol\u00f3gie a chuti<\/h3>\n<p>Blue Razz Ice ELF BOX Digital 12000 \u0165ahov E-\u017euva\u010dka nastavuje nov\u00e9 \u0161tandardy vo svete vapingu a pon\u00faka neporovnate\u013en\u00fd z\u00e1\u017eitok s paren\u00edm. T\u00e1to E-\u017euva\u010dka kombinuje najmodernej\u0161iu technol\u00f3giu s osvie\u017euj\u00facou chu\u0165ou, ktor\u00e1 nadchne va\u0161e zmysly. S impozantnou kapacitou 12000 \u0165ahov na zariadenie je ide\u00e1lna pre pou\u017e\u00edvate\u013eov, ktor\u00ed h\u013eadaj\u00fa dlhodob\u00fd a intenz\u00edvny z\u00e1\u017eitok s paren\u00edm.<\/p>\n<p>Blue Razz Ice ELF BOX Digital 12000 pou\u017e\u00edva Mesh-Coil s odporom 0,8 Ohm, ktor\u00fd zabezpe\u010duje rovnomern\u00e9 a efekt\u00edvne odparovanie E-liquidu. S kapacitou E-liquidu 25 ml a r\u00f4znymi N (2%, 5%) pon\u00faka flexibiln\u00e9 prisp\u00f4sobenie individu\u00e1lnym potreb\u00e1m ka\u017ed\u00e9ho pou\u017e\u00edvate\u013ea. V\u00fdkonn\u00e1 bat\u00e9ria s kapacitou 13350-500mAh je dob\u00edjate\u013en\u00e1 a spolu s mo\u017enos\u0165ou r\u00fdchleho nab\u00edjania cez Type-C zabezpe\u010duje r\u00fdchle a jednoduch\u00e9 nab\u00edjanie. Digit\u00e1lny displej, ktor\u00fd zobrazuje hladinu oleja a bat\u00e9rie, rob\u00ed pou\u017e\u00edvanie ve\u013emi pou\u017e\u00edvate\u013esky pr\u00edvetiv\u00fdm.<\/p>\n<h3>Prenosnos\u0165 a pou\u017e\u00edvate\u013esk\u00e1 pr\u00edvetivos\u0165<\/h3>\n<p>S hmotnos\u0165ou len 82 gramov a kompaktn\u00fdmi rozmermi 30 mm x 57 mm x 101 mm je Blue Razz Ice ELF BOX Digital 12000 \u013eahk\u00e1 a prenosn\u00e1, \u010do ju rob\u00ed ide\u00e1lnou vo\u013ebou na cesty. Odoln\u00e9 balenie v kart\u00f3ne s 200 kusmi a celkovou hmotnos\u0165ou 17,5 kg zabezpe\u010duje, \u017ee produkt doraz\u00ed bezpe\u010dne a v bezchybnom stave, \u010di u\u017e pre jednotliv\u00fdch kupuj\u00facich alebo ve\u013ekoobchodn\u00edkov.<\/p>\n<p>Chu\u0165 Blue Razz Ice pon\u00faka osvie\u017euj\u00facu zmes sladk\u00fdch a kysl\u00fdch \u010du\u010doriedok s chladiv\u00fdm n\u00e1dychom mentolu, ktor\u00fd rob\u00ed ka\u017ed\u00fd \u0165ah osvie\u017euj\u00facim z\u00e1\u017eitkom. T\u00e1to kombin\u00e1cia vynikaj\u00faceho v\u00fdkonu a lahodnej chuti rob\u00ed Blue Razz Ice ELF BOX Digital 12000 najlep\u0161ou vo\u013ebou pre v\u0161etk\u00fdch nad\u0161encov vapingu. \u010ci ste za\u010diato\u010dn\u00edk alebo sk\u00fasen\u00fd vap\u00e9r, toto zariadenie prekon\u00e1 va\u0161e o\u010dak\u00e1vania a poskytne v\u00e1m nezabudnute\u013en\u00fd z\u00e1\u017eitok s paren\u00edm.<\/p>","protected":false},"excerpt":{"rendered":"<p>Blue Razz Ice ELF BOX Digital 12000: Das Beste im Dampferlebnis &nbsp; Spezifikation Details Puffs 12000 Z\u00fcge Core Mesh-Coil, 0,8 Ohm E-Liquid Kapazit\u00e4t 25 ml N 2%,5% Batterie 13350-500mAh, wiederaufladbar via Type-C Anzeige Digital, zeigt \u00d6l- und Batteriestand Produktgewicht 82 Gramm Produktgr\u00f6\u00dfe 30 mm x 57 mm x 101 mm Eine Kombination aus Technologie und [&hellip;]<\/p>","protected":false},"featured_media":13672,"template":"","meta":{"inline_featured_image":false},"product_cat":[78,747,740,734,753,715,732],"product_tag":[710,673],"tiered_pricing_type":"fixed","tiered_pricing_fixed_rules":{"110":"7.00","200":"6.22","500":"5.45"},"tiered_pricing_percentage_rules":[],"tiered_pricing_minimum":1,"_administrator_tiered_pricing_type":"fixed","_administrator_tiered_pricing_fixed_rules":[],"_editor_tiered_pricing_type":"fixed","_editor_tiered_pricing_fixed_rules":[],"_author_tiered_pricing_type":"fixed","_author_tiered_pricing_fixed_rules":[],"_contributor_tiered_pricing_type":"fixed","_contributor_tiered_pricing_fixed_rules":[],"_subscriber_tiered_pricing_type":"fixed","_subscriber_tiered_pricing_fixed_rules":[],"_customer_tiered_pricing_type":"fixed","_customer_tiered_pricing_fixed_rules":[],"_shop_manager_tiered_pricing_type":"fixed","_shop_manager_tiered_pricing_fixed_rules":[],"_wpseo_manager_tiered_pricing_type":"fixed","_wpseo_manager_tiered_pricing_fixed_rules":[],"_wpseo_editor_tiered_pricing_type":"fixed","_wpseo_editor_tiered_pricing_fixed_rules":[],"_wholesale_customer_tiered_pricing_type":"fixed","_wholesale_customer_tiered_pricing_fixed_rules":[],"_marketer_tiered_pricing_type":"fixed","_marketer_tiered_pricing_fixed_rules":[],"_sales_manager_tiered_pricing_type":"fixed","_sales_manager_tiered_pricing_fixed_rules":[],"_sales_rep_tiered_pricing_type":"fixed","_sales_rep_tiered_pricing_fixed_rules":[],"yoast_head":"<!-- This site is optimized with the Yoast SEO plugin v23.3 - https:\/\/yoast.com\/wordpress\/plugins\/seo\/ -->\n<title>Die Blue Razz Ice ELF BOX Digital 12000 Z\u00fcge E-Zigarette bietet das beste Dampferlebnis | ElementVape.de<\/title>\n<meta name=\"description\" content=\"Wir bieten Die Blue Razz Ice ELF BOX Digital 12000 Z\u00fcge E-Zigarette bietet das beste Dampferlebnis , Elementvape.de akzeptieren Gro\u00df-und Einzelhandel Bestellungen.\" \/>\n<meta name=\"robots\" content=\"index, follow, max-snippet:-1, max-image-preview:large, max-video-preview:-1\" \/>\n<link rel=\"canonical\" href=\"https:\/\/www.elementvape.de\/sk\/produkt\/die-blue-razz-ice-elf-box-digital-12000-zuege-e-zigarette-bietet-das-beste-dampferlebnis\/\" \/>\n<meta property=\"og:locale\" content=\"sk_SK\" \/>\n<meta property=\"og:type\" content=\"article\" \/>\n<meta property=\"og:title\" content=\"Die Blue Razz Ice ELF BOX Digital 12000 Z\u00fcge E-Zigarette bietet das beste Dampferlebnis | ElementVape.de\" \/>\n<meta property=\"og:description\" content=\"Wir bieten Die Blue Razz Ice ELF BOX Digital 12000 Z\u00fcge E-Zigarette bietet das beste Dampferlebnis , Elementvape.de akzeptieren Gro\u00df-und Einzelhandel Bestellungen.\" \/>\n<meta property=\"og:url\" content=\"https:\/\/www.elementvape.de\/sk\/produkt\/die-blue-razz-ice-elf-box-digital-12000-zuege-e-zigarette-bietet-das-beste-dampferlebnis\/\" \/>\n<meta property=\"og:site_name\" content=\"ElementVape.de\" \/>\n<meta property=\"article:modified_time\" content=\"2024-12-12T06:35:10+00:00\" \/>\n<meta property=\"og:image\" content=\"https:\/\/www.elementvape.de\/wp-content\/uploads\/2024\/08\/Blue-Razz-ice-\u84dd\u8393\u6811\u8393\u51b0-.jpg\" \/>\n\t<meta property=\"og:image:width\" content=\"1000\" \/>\n\t<meta property=\"og:image:height\" content=\"1000\" \/>\n\t<meta property=\"og:image:type\" content=\"image\/jpeg\" \/>\n<meta name=\"twitter:card\" content=\"summary_large_image\" \/>\n<meta name=\"twitter:label1\" content=\"Est. reading time\" \/>\n\t<meta name=\"twitter:data1\" content=\"3 min\u00faty\" \/>\n<script type=\"application\/ld+json\" class=\"yoast-schema-graph\">{\"@context\":\"https:\/\/schema.org\",\"@graph\":[{\"@type\":\"WebPage\",\"@id\":\"https:\/\/www.elementvape.de\/produkt\/die-blue-razz-ice-elf-box-digital-12000-zuege-e-zigarette-bietet-das-beste-dampferlebnis\/\",\"url\":\"https:\/\/www.elementvape.de\/produkt\/die-blue-razz-ice-elf-box-digital-12000-zuege-e-zigarette-bietet-das-beste-dampferlebnis\/\",\"name\":\"Die Blue Razz Ice ELF BOX Digital 12000 Z\u00fcge E-Zigarette bietet das beste Dampferlebnis | ElementVape.de\",\"isPartOf\":{\"@id\":\"https:\/\/www.elementvape.de\/#website\"},\"primaryImageOfPage\":{\"@id\":\"https:\/\/www.elementvape.de\/produkt\/die-blue-razz-ice-elf-box-digital-12000-zuege-e-zigarette-bietet-das-beste-dampferlebnis\/#primaryimage\"},\"image\":{\"@id\":\"https:\/\/www.elementvape.de\/produkt\/die-blue-razz-ice-elf-box-digital-12000-zuege-e-zigarette-bietet-das-beste-dampferlebnis\/#primaryimage\"},\"thumbnailUrl\":\"https:\/\/www.elementvape.de\/wp-content\/uploads\/2024\/08\/Blue-Razz-ice-\u84dd\u8393\u6811\u8393\u51b0-.jpg\",\"datePublished\":\"2024-08-06T08:43:50+00:00\",\"dateModified\":\"2024-12-12T06:35:10+00:00\",\"description\":\"Wir bieten Die Blue Razz Ice ELF BOX Digital 12000 Z\u00fcge E-Zigarette bietet das beste Dampferlebnis , Elementvape.de akzeptieren Gro\u00df-und Einzelhandel Bestellungen.\",\"breadcrumb\":{\"@id\":\"https:\/\/www.elementvape.de\/produkt\/die-blue-razz-ice-elf-box-digital-12000-zuege-e-zigarette-bietet-das-beste-dampferlebnis\/#breadcrumb\"},\"inLanguage\":\"sk-SK\",\"potentialAction\":[{\"@type\":\"ReadAction\",\"target\":[\"https:\/\/www.elementvape.de\/produkt\/die-blue-razz-ice-elf-box-digital-12000-zuege-e-zigarette-bietet-das-beste-dampferlebnis\/\"]}]},{\"@type\":\"ImageObject\",\"inLanguage\":\"sk-SK\",\"@id\":\"https:\/\/www.elementvape.de\/produkt\/die-blue-razz-ice-elf-box-digital-12000-zuege-e-zigarette-bietet-das-beste-dampferlebnis\/#primaryimage\",\"url\":\"https:\/\/www.elementvape.de\/wp-content\/uploads\/2024\/08\/Blue-Razz-ice-\u84dd\u8393\u6811\u8393\u51b0-.jpg\",\"contentUrl\":\"https:\/\/www.elementvape.de\/wp-content\/uploads\/2024\/08\/Blue-Razz-ice-\u84dd\u8393\u6811\u8393\u51b0-.jpg\",\"width\":1000,\"height\":1000,\"caption\":\"Blue Razz ice\"},{\"@type\":\"BreadcrumbList\",\"@id\":\"https:\/\/www.elementvape.de\/produkt\/die-blue-razz-ice-elf-box-digital-12000-zuege-e-zigarette-bietet-das-beste-dampferlebnis\/#breadcrumb\",\"itemListElement\":[{\"@type\":\"ListItem\",\"position\":1,\"name\":\"Home\",\"item\":\"https:\/\/www.elementvape.de\/\"},{\"@type\":\"ListItem\",\"position\":2,\"name\":\"Shop\",\"item\":\"https:\/\/www.elementvape.de\/shop\/\"},{\"@type\":\"ListItem\",\"position\":3,\"name\":\"Die Blue Razz Ice ELF BOX Digital 12000 Z\u00fcge E-Zigarette bietet das beste Dampferlebnis\"}]},{\"@type\":\"WebSite\",\"@id\":\"https:\/\/www.elementvape.de\/#website\",\"url\":\"https:\/\/www.elementvape.de\/\",\"name\":\"ElementVape.de\",\"description\":\"\",\"publisher\":{\"@id\":\"https:\/\/www.elementvape.de\/#organization\"},\"potentialAction\":[{\"@type\":\"SearchAction\",\"target\":{\"@type\":\"EntryPoint\",\"urlTemplate\":\"https:\/\/www.elementvape.de\/?s={search_term_string}\"},\"query-input\":\"required name=search_term_string\"}],\"inLanguage\":\"sk-SK\"},{\"@type\":\"Organization\",\"@id\":\"https:\/\/www.elementvape.de\/#organization\",\"name\":\"ElementVape.DE\",\"url\":\"https:\/\/www.elementvape.de\/\",\"logo\":{\"@type\":\"ImageObject\",\"inLanguage\":\"sk-SK\",\"@id\":\"https:\/\/www.elementvape.de\/#\/schema\/logo\/image\/\",\"url\":\"https:\/\/www.elementvape.de\/wp-content\/uploads\/2024\/09\/cropped-1elementvape-3.png\",\"contentUrl\":\"https:\/\/www.elementvape.de\/wp-content\/uploads\/2024\/09\/cropped-1elementvape-3.png\",\"width\":285,\"height\":228,\"caption\":\"ElementVape.DE\"},\"image\":{\"@id\":\"https:\/\/www.elementvape.de\/#\/schema\/logo\/image\/\"}}]}<\/script>\n<!-- \/ Yoast SEO plugin. -->","yoast_head_json":{"title":"Die Blue Razz Ice ELF BOX Digital 12000 Z\u00fcge E-Zigarette bietet das beste Dampferlebnis | ElementVape.de","description":"Wir bieten Die Blue Razz Ice ELF BOX Digital 12000 Z\u00fcge E-Zigarette bietet das beste Dampferlebnis , Elementvape.de akzeptieren Gro\u00df-und Einzelhandel Bestellungen.","robots":{"index":"index","follow":"follow","max-snippet":"max-snippet:-1","max-image-preview":"max-image-preview:large","max-video-preview":"max-video-preview:-1"},"canonical":"https:\/\/www.elementvape.de\/sk\/produkt\/die-blue-razz-ice-elf-box-digital-12000-zuege-e-zigarette-bietet-das-beste-dampferlebnis\/","og_locale":"sk_SK","og_type":"article","og_title":"Die Blue Razz Ice ELF BOX Digital 12000 Z\u00fcge E-Zigarette bietet das beste Dampferlebnis | ElementVape.de","og_description":"Wir bieten Die Blue Razz Ice ELF BOX Digital 12000 Z\u00fcge E-Zigarette bietet das beste Dampferlebnis , Elementvape.de akzeptieren Gro\u00df-und Einzelhandel Bestellungen.","og_url":"https:\/\/www.elementvape.de\/sk\/produkt\/die-blue-razz-ice-elf-box-digital-12000-zuege-e-zigarette-bietet-das-beste-dampferlebnis\/","og_site_name":"ElementVape.de","article_modified_time":"2024-12-12T06:35:10+00:00","og_image":[{"width":1000,"height":1000,"url":"https:\/\/www.elementvape.de\/wp-content\/uploads\/2024\/08\/Blue-Razz-ice-\u84dd\u8393\u6811\u8393\u51b0-.jpg","type":"image\/jpeg"}],"twitter_card":"summary_large_image","twitter_misc":{"Est. reading time":"3 min\u00faty"},"schema":{"@context":"https:\/\/schema.org","@graph":[{"@type":"WebPage","@id":"https:\/\/www.elementvape.de\/produkt\/die-blue-razz-ice-elf-box-digital-12000-zuege-e-zigarette-bietet-das-beste-dampferlebnis\/","url":"https:\/\/www.elementvape.de\/produkt\/die-blue-razz-ice-elf-box-digital-12000-zuege-e-zigarette-bietet-das-beste-dampferlebnis\/","name":"Die Blue Razz Ice ELF BOX Digital 12000 Z\u00fcge E-Zigarette bietet das beste Dampferlebnis | ElementVape.de","isPartOf":{"@id":"https:\/\/www.elementvape.de\/#website"},"primaryImageOfPage":{"@id":"https:\/\/www.elementvape.de\/produkt\/die-blue-razz-ice-elf-box-digital-12000-zuege-e-zigarette-bietet-das-beste-dampferlebnis\/#primaryimage"},"image":{"@id":"https:\/\/www.elementvape.de\/produkt\/die-blue-razz-ice-elf-box-digital-12000-zuege-e-zigarette-bietet-das-beste-dampferlebnis\/#primaryimage"},"thumbnailUrl":"https:\/\/www.elementvape.de\/wp-content\/uploads\/2024\/08\/Blue-Razz-ice-\u84dd\u8393\u6811\u8393\u51b0-.jpg","datePublished":"2024-08-06T08:43:50+00:00","dateModified":"2024-12-12T06:35:10+00:00","description":"Wir bieten Die Blue Razz Ice ELF BOX Digital 12000 Z\u00fcge E-Zigarette bietet das beste Dampferlebnis , Elementvape.de akzeptieren Gro\u00df-und Einzelhandel Bestellungen.","breadcrumb":{"@id":"https:\/\/www.elementvape.de\/produkt\/die-blue-razz-ice-elf-box-digital-12000-zuege-e-zigarette-bietet-das-beste-dampferlebnis\/#breadcrumb"},"inLanguage":"sk-SK","potentialAction":[{"@type":"ReadAction","target":["https:\/\/www.elementvape.de\/produkt\/die-blue-razz-ice-elf-box-digital-12000-zuege-e-zigarette-bietet-das-beste-dampferlebnis\/"]}]},{"@type":"ImageObject","inLanguage":"sk-SK","@id":"https:\/\/www.elementvape.de\/produkt\/die-blue-razz-ice-elf-box-digital-12000-zuege-e-zigarette-bietet-das-beste-dampferlebnis\/#primaryimage","url":"https:\/\/www.elementvape.de\/wp-content\/uploads\/2024\/08\/Blue-Razz-ice-\u84dd\u8393\u6811\u8393\u51b0-.jpg","contentUrl":"https:\/\/www.elementvape.de\/wp-content\/uploads\/2024\/08\/Blue-Razz-ice-\u84dd\u8393\u6811\u8393\u51b0-.jpg","width":1000,"height":1000,"caption":"Blue Razz ice"},{"@type":"BreadcrumbList","@id":"https:\/\/www.elementvape.de\/produkt\/die-blue-razz-ice-elf-box-digital-12000-zuege-e-zigarette-bietet-das-beste-dampferlebnis\/#breadcrumb","itemListElement":[{"@type":"ListItem","position":1,"name":"Home","item":"https:\/\/www.elementvape.de\/"},{"@type":"ListItem","position":2,"name":"Shop","item":"https:\/\/www.elementvape.de\/shop\/"},{"@type":"ListItem","position":3,"name":"Die Blue Razz Ice ELF BOX Digital 12000 Z\u00fcge E-Zigarette bietet das beste Dampferlebnis"}]},{"@type":"WebSite","@id":"https:\/\/www.elementvape.de\/#website","url":"https:\/\/www.elementvape.de\/","name":"ElementVape.de","description":"","publisher":{"@id":"https:\/\/www.elementvape.de\/#organization"},"potentialAction":[{"@type":"SearchAction","target":{"@type":"EntryPoint","urlTemplate":"https:\/\/www.elementvape.de\/?s={search_term_string}"},"query-input":"required name=search_term_string"}],"inLanguage":"sk-SK"},{"@type":"Organization","@id":"https:\/\/www.elementvape.de\/#organization","name":"ElementVape.DE","url":"https:\/\/www.elementvape.de\/","logo":{"@type":"ImageObject","inLanguage":"sk-SK","@id":"https:\/\/www.elementvape.de\/#\/schema\/logo\/image\/","url":"https:\/\/www.elementvape.de\/wp-content\/uploads\/2024\/09\/cropped-1elementvape-3.png","contentUrl":"https:\/\/www.elementvape.de\/wp-content\/uploads\/2024\/09\/cropped-1elementvape-3.png","width":285,"height":228,"caption":"ElementVape.DE"},"image":{"@id":"https:\/\/www.elementvape.de\/#\/schema\/logo\/image\/"}}]}},"_links":{"self":[{"href":"https:\/\/www.elementvape.de\/sk\/wp-json\/wp\/v2\/product\/13671"}],"collection":[{"href":"https:\/\/www.elementvape.de\/sk\/wp-json\/wp\/v2\/product"}],"about":[{"href":"https:\/\/www.elementvape.de\/sk\/wp-json\/wp\/v2\/types\/product"}],"wp:featuredmedia":[{"embeddable":true,"href":"https:\/\/www.elementvape.de\/sk\/wp-json\/wp\/v2\/media\/13672"}],"wp:attachment":[{"href":"https:\/\/www.elementvape.de\/sk\/wp-json\/wp\/v2\/media?parent=13671"}],"wp:term":[{"taxonomy":"product_cat","embeddable":true,"href":"https:\/\/www.elementvape.de\/sk\/wp-json\/wp\/v2\/product_cat?post=13671"},{"taxonomy":"product_tag","embeddable":true,"href":"https:\/\/www.elementvape.de\/sk\/wp-json\/wp\/v2\/product_tag?post=13671"}],"curies":[{"name":"wp","href":"https:\/\/api.w.org\/{rel}","templated":true}]}}