{"id":13662,"date":"2024-08-06T03:03:26","date_gmt":"2024-08-06T03:03:26","guid":{"rendered":"https:\/\/www.elementvape.de\/?post_type=product&#038;p=13662"},"modified":"2024-12-12T06:35:12","modified_gmt":"2024-12-12T06:35:12","slug":"strawberry-ice-kleinserienbestellung-fabrik-direktverkauf-1200-puffs-e-zigarette-elf-box-digital-12000","status":"publish","type":"product","link":"https:\/\/www.elementvape.de\/sk\/produkt\/strawberry-ice-kleinserienbestellung-fabrik-direktverkauf-1200-puffs-e-zigarette-elf-box-digital-12000\/","title":{"rendered":"Strawberry Ice Malos\u00e9riov\u00e1 objedn\u00e1vka Tov\u00e1rensk\u00fd priamy predaj 1200 \u0164ahov E Cigareta ELF BOX Digital 12000"},"content":{"rendered":"<div class=\"flex-shrink-0 flex flex-col relative items-end\">\n<div>\n<div class=\"pt-0\">\n<div class=\"gizmo-bot-avatar flex h-8 w-8 items-center justify-center overflow-hidden rounded-full\">\n<div class=\"relative p-1 rounded-sm flex items-center justify-center bg-token-main-surface-primary text-token-text-primary h-8 w-8\"><\/div>\n<\/div>\n<\/div>\n<\/div>\n<\/div>\n<div class=\"group\/conversation-turn relative flex w-full min-w-0 flex-col agent-turn\">\n<div class=\"flex-col gap-1 md:gap-3\">\n<div class=\"flex max-w-full flex-col flex-grow\">\n<div class=\"min-h-8 text-message flex w-full flex-col items-end gap-2 whitespace-normal break-words [.text-message+&amp;]:mt-5\" dir=\"auto\" data-message-author-role=\"assistant\" data-message-id=\"6bab1be1-3b39-42f6-beac-64e5baabfcfb\" data-message-model-slug=\"gpt-4o-mini\">\n<div class=\"flex w-full flex-col gap-1 empty:hidden first:pt-[3px]\">\n<div class=\"markdown prose w-full break-words dark:prose-invert light\">\n<h2><strong>Popis produktu ELF BOX Digital 12000 Strawberry Ice<\/strong><\/h2>\n<p>Svet e-cigariet sa v posledn\u00fdch rokoch enormne vyvinul a dnes pon\u00faka mno\u017estvo inovat\u00edvnych produktov, ktor\u00e9 sp\u013a\u0148aj\u00fa potreby vaperov. Jednou z t\u00fdchto inov\u00e1ci\u00ed je <strong>ELF BOX Digit\u00e1lny 12000<\/strong> s osvie\u017euj\u00facou <strong>Jahodov\u00e1 Zmrzlina<\/strong>-chu\u0165ou. Tento produkt sp\u00e1ja najmodernej\u0161iu technol\u00f3giu, premyslen\u00fd dizajn a u\u017e\u00edvate\u013esk\u00fa pr\u00edvetivos\u0165, v\u010faka \u010domu je vynikaj\u00facou vo\u013ebou pre vaperov v\u0161etk\u00fdch \u00farovn\u00ed sk\u00fasenost\u00ed. S p\u00f4sobiv\u00fdm po\u010dtom \u0165ahov a\u017e do <a href=\"https:\/\/www.elementvape.de\/sk\/p-tag\/groesser-oder-gleich-12000-zuege\/\"><strong>12 000 \u0165ahov<\/strong><\/a>, s <strong>25 ml kapacitou e-liquidu<\/strong>, s <strong>Mesh-Coil Syst\u00e9m<\/strong> a s <strong>500 mAh bat\u00e9riou<\/strong>, je ELF BOX Digital 12000 nielen v\u00fdkonn\u00fd, ale aj mimoriadne u\u017e\u00edvate\u013esky pr\u00edvetiv\u00fd. Pozrime sa na najd\u00f4le\u017eitej\u0161ie vlastnosti a v\u00fdhody tohto produktu podrobne.<\/p>\n<p><strong>1. Po\u010det \u0165ahov a technol\u00f3gia: Bezkonkuren\u010dn\u00fd v\u00fdkon<\/strong><\/p>\n<p>V\u00fdrazn\u00fdm znakom <strong>ELF BOX Digit\u00e1lny 12000<\/strong> je mimoriadne vysok\u00fd po\u010det \u0165ahov a\u017e do 12 000 \u0165ahov. T\u00e1to p\u00f4sobiv\u00e1 \u017eivotnos\u0165 zais\u0165uje, \u017ee si m\u00f4\u017eete dlh\u0161ie u\u017e\u00edva\u0165 bez toho, aby ste sa museli stara\u0165 o dop\u013a\u0148anie alebo v\u00fdmenu e-cigarety. Bez oh\u013eadu na to, \u010di produkt pou\u017e\u00edvate na ka\u017edodenn\u00e9 pou\u017eitie alebo na dlh\u0161ie obdobia na cest\u00e1ch, s 12 000 \u0165ahmi ste najlep\u0161ie vybaven\u00ed.<\/p>\n<p>T\u00e1to <strong>Technol\u00f3gia mrie\u017ekovej cievky<\/strong> je tie\u017e rozhoduj\u00facim faktorom pre vynikaj\u00faci z\u00e1\u017eitok z vapovania. V porovnan\u00ed s be\u017en\u00fdmi coilmi zais\u0165uje Mesh-Coil rovnomernej\u0161ie zahrievanie e-liquidu a t\u00fdm intenz\u00edvnej\u0161ie a rovnomernej\u0161ie uvo\u013e\u0148ovanie pary. S odporom <strong>0,8 Ohm<\/strong> za\u017eijete e\u0161te chutnej\u0161ie a intenz\u00edvnej\u0161ie vapovanie, ktor\u00e9 dokonale zv\u00fdrazn\u00ed chu\u0165 <strong>Jahodov\u00e1 Zmrzlina<\/strong>-E-Liquidu. T\u00e1to technol\u00f3gia zais\u0165uje, \u017ee ka\u017ed\u00fd \u0165ah zostane svie\u017ei a pln\u00fd chuti, \u010do rob\u00ed z ELF BOX Digital 12000 jednu z najlep\u0161\u00edch <a href=\"https:\/\/www.elementvape.de\/sk\/c\/einweg-zigarette\/\">jednorazov\u00fdch e-cigaret\u00e1ch<\/a> na trhu.<\/p>\n<p><strong>2. E-Liquid a nikot\u00edn: Chu\u0165 a flexibilita<\/strong><\/p>\n<p>To <strong>Jahodov\u00e1 Zmrzlina<\/strong>-Liquid v ELF BOX Digital 12000 pon\u00faka nezamenite\u013en\u00fd z\u00e1\u017eitok z chuti. Sladk\u00e1 chu\u0165 \u010derstv\u00fdch jah\u00f4d je sprev\u00e1dzan\u00e1 pr\u00edjemnou, osvie\u017euj\u00facou mentolovou notou, ktor\u00e1 ka\u017ed\u00fdm \u0165ahom poskytuje chladiv\u00fd efekt. T\u00e1to chu\u0165 je obzvl\u00e1\u0161\u0165 ob\u013e\u00faben\u00e1 medzi vap\u00e9rmi, ktor\u00ed h\u013eadaj\u00fa sladk\u00fd a z\u00e1rove\u0148 osvie\u017euj\u00faci z\u00e1\u017eitok. Kombin\u00e1cia jah\u00f4d a \u013eadu zabezpe\u010duje vyv\u00e1\u017een\u00fd a chu\u0165ovo pr\u00ed\u0165a\u017eliv\u00fd z\u00e1\u017eitok, ktor\u00fd si m\u00f4\u017eete vychutn\u00e1va\u0165 cel\u00fd de\u0148.<\/p>\n<p>Okrem chuti pon\u00faka <a href=\"https:\/\/www.elementvape.de\/sk\/c\/elf-box-digital-12000\/\"><strong>ELF BOX Digit\u00e1lny 12000<\/strong><\/a> v\u00fdber z <strong>\u00farovn\u00ed nikot\u00ednu<\/strong> \u2013 <strong>2%<\/strong> alebo <strong>5% nikot\u00ednom<\/strong>. Tento v\u00fdber poskytuje vysok\u00fa flexibilitu pre vap\u00e9rmi, ktor\u00ed si chc\u00fa prisp\u00f4sobi\u0165 obsah nikot\u00ednu pod\u013ea svojich potrieb. Vy\u0161\u0161\u00ed obsah nikot\u00ednu je vhodn\u00fd najm\u00e4 pre sk\u00fasen\u00fdch vap\u00e9rmi alebo pre t\u00fdch, ktor\u00ed chc\u00fa intenz\u00edvnej\u0161\u00ed z\u00e1\u017eitok z \u00fa\u010dinku nikot\u00ednu, zatia\u013e \u010do mo\u017enos\u0165 2% je ide\u00e1lna pre za\u010diato\u010dn\u00edkov alebo t\u00fdch, ktor\u00ed preferuj\u00fa menej intenz\u00edvny z\u00e1\u017eitok.<\/p>\n<p><strong>3. Bat\u00e9ria a nab\u00edjacie funkcie: Dlh\u0161\u00ed p\u00f4\u017eitok s spo\u013eahliv\u00fdm v\u00fdkonom<\/strong><\/p>\n<p>ELF BOX Digital 12000 je vybaven\u00e1 <strong>500 mAh bat\u00e9riou<\/strong> s\u00fa\u010das\u0165ou, ktor\u00e1 poskytuje dostatok energie na z\u00e1\u017eitok trvaj\u00faci 12 000 \u0165ahov. To znamen\u00e1, \u017ee elektronick\u00e1 cigareta pracuje s kon\u0161tantn\u00fdm v\u00fdkonom a\u017e do posledn\u00e9ho \u0165ahu, bez toho, aby ste sa museli ob\u00e1va\u0165 vybitej bat\u00e9rie. <strong>Type-C port<\/strong> pon\u00faka obzvl\u00e1\u0161\u0165 r\u00fdchlu a pohodln\u00fa mo\u017enos\u0165 nab\u00edjania, tak\u017ee m\u00f4\u017eete svoju elektronick\u00fa cigaretu nabi\u0165 v kr\u00e1tkom \u010dase, ke\u010f bat\u00e9ria d\u00f4jde.<\/p>\n<p>Kombin\u00e1cia v\u00fdkonn\u00e9ho bat\u00e9rie a r\u00fdchlej nab\u00edjacej mo\u017enosti rob\u00ed z ELF BOX Digital 12000 ve\u013emi praktick\u00e9 a spo\u013eahliv\u00e9 zariadenie, ktor\u00e9 m\u00e1te k dispoz\u00edcii kedyko\u013evek. \u010ci u\u017e ho pou\u017e\u00edvate doma alebo na cest\u00e1ch, spo\u013eahliv\u00e1 bat\u00e9ria zabezpe\u010duje, \u017ee nie ste z\u00e1visl\u00ed od \u010dasu nab\u00edjania a ste v\u017edy pripraven\u00ed na \u010fal\u0161\u00ed \u0165ah.<\/p>\n<p><strong>4. Digit\u00e1lny displej: Kontrola na prv\u00fd poh\u013ead<\/strong><\/p>\n<p>\u010eal\u0161ou v\u00fdnimo\u010dnou funkciou ELF BOX Digital 12000 je <strong>digit\u00e1lny displej<\/strong>, ktor\u00fd v\u00e1m zobrazuje v\u0161etky d\u00f4le\u017eit\u00e9 inform\u00e1cie na prv\u00fd poh\u013ead. Displej ukazuje nielen <strong>stav oleja<\/strong> ale aj <strong>stav bat\u00e9rie<\/strong> , tak\u017ee v\u017edy presne viete, ko\u013eko zmesi zost\u00e1va a ko\u013eko energie m\u00e1 va\u0161a bat\u00e9ria. T\u00e1to funkcia v\u00fdrazne zvy\u0161uje pou\u017e\u00edvate\u013esk\u00fa pr\u00edvetivos\u0165, preto\u017ee sa vyhnete nepr\u00edjemn\u00fdm prekvapeniam, ako je n\u00e1hle dop\u013a\u0148anie alebo neo\u010dak\u00e1van\u00e9 vybitie bat\u00e9rie.<\/p>\n<p>V\u010faka digit\u00e1lnemu displeju m\u00f4\u017eete svoju vapov\u00fa sk\u00fasenos\u0165 kedyko\u013evek upravi\u0165 pod\u013ea potreby. To prin\u00e1\u0161a \u010fal\u0161iu flexibilitu a pohodlie, najm\u00e4 ak zariadenie pou\u017e\u00edvate dlh\u0161\u00ed \u010das.<\/p>\n<p><strong>5. Rozmery produktu a balenie: Kompaktn\u00e9 a praktick\u00e9<\/strong><\/p>\n<p>S rozmermi <strong>30 mm x 57 mm x 101 mm<\/strong> a hmotnos\u0165ou len <strong>82 g<\/strong> je <strong>ELF BOX Digit\u00e1lny 12000<\/strong> neuverite\u013ene kompaktn\u00fd a \u013eahk\u00fd. Tieto vlastnosti robia zariadenie mimoriadne praktick\u00fdm a pohodln\u00fdm na pren\u00e1\u0161anie, tak\u017ee sa bez probl\u00e9mov zmest\u00ed do ka\u017ed\u00e9ho vrecka. Ak ste \u010dasto na cest\u00e1ch, t\u00e1to e-cigareta je ide\u00e1lnym spolo\u010dn\u00edkom. Je navrhnut\u00e1 tak, aby zapadla do v\u00e1\u0161ho ka\u017edodenn\u00e9ho \u017eivota bez toho, aby bola objemn\u00e1 alebo nepraktick\u00e1.<\/p>\n<p>T\u00e1to <strong>Balenie na jednotku<\/strong> ELF BOX Digital 12000 sa sklad\u00e1 z <strong>200 kusov na kart\u00f3n<\/strong>, \u010do z neho rob\u00ed vynikaj\u00facu vo\u013ebu pre maloobchodn\u00edkov alebo ve\u013ekoobchodn\u00edkov, ktor\u00ed h\u013eadaj\u00fa produkt, ktor\u00fd je kvalitn\u00fd a z\u00e1rove\u0148 n\u00e1kladovo efekt\u00edvny. Ve\u013ekos\u0165 <strong>balenia<\/strong> kart\u00f3nu je <strong>615 mm x 223 mm x 330 mm<\/strong>a <strong>hrub\u00e1 hmotnos\u0165 na kart\u00f3n<\/strong> je <strong>17,5 kg<\/strong>. V\u010faka tomu je skladovanie a preprava produktov obzvl\u00e1\u0161\u0165 jednoduch\u00e1 a efekt\u00edvna.<\/p>\n<p><strong>6. Priamy predaj z tov\u00e1rne: Maximalizujte svoje \u00faspory<\/strong><\/p>\n<p>Jedn\u00fdm z najlep\u0161\u00edch sp\u00f4sobov, ako vyu\u017ei\u0165 <strong>ELF BOX Digit\u00e1lny 12000<\/strong> je <strong>priamy predaj z tov\u00e1rne<\/strong>. Priamym n\u00e1kupom od v\u00fdrobcu z\u00edskate nielen najlep\u0161iu cenu, ale aj r\u00fdchlej\u0161ie dodanie. Bez sprostredkovate\u013eov si m\u00f4\u017eete by\u0165 ist\u00ed, \u017ee z\u00edskate kvalitn\u00fd produkt za f\u00e9rov\u00fa cenu. Okrem toho neplatia \u017eiadne <strong>cl\u00e1<\/strong> , \u010do v\u00e1m umo\u017en\u00ed \u010fal\u0161ie \u00faspory.<\/p>\n<p><strong>7. Doprava do eur\u00f3pskych kraj\u00edn: R\u00fdchle doru\u010denie a spo\u013eahliv\u00fd servis<\/strong><\/p>\n<p>\u010eal\u0161ou v\u00fdhodou priameho n\u00e1kupu od ELF BOX Digital 12000 je r\u00fdchle a spo\u013eahliv\u00e9 <strong>doru\u010denie do v\u0161etk\u00fdch eur\u00f3pskych kraj\u00edn<\/strong>. \u010ci u\u017e s\u00eddlite v Nemecku, Franc\u00fazsku, Taliansku alebo inej eur\u00f3pskej krajine, doru\u010denie je r\u00fdchle a bezprobl\u00e9mov\u00e9. Doru\u010denie je organizovan\u00e9 priamo od v\u00fdrobcu, tak\u017ee svoju objedn\u00e1vku m\u00f4\u017eete obdr\u017ea\u0165 v kr\u00e1tkom \u010dase.<\/p>\n<p>T\u00e1to <strong>ELF BOX Digital 12000 Strawberry Ice<\/strong> je vynikaj\u00faci produkt, ktor\u00fd pon\u00faka v\u0161etky vlastnosti, ktor\u00e9 po\u017eaduj\u00fa vaperi: vysok\u00fd po\u010det potiahnut\u00ed, vynikaj\u00facu intenzitu chuti, spo\u013eahliv\u00fa bat\u00e9riu, modern\u00fd dizajn a pou\u017e\u00edvate\u013esky pr\u00edvetiv\u00e9 ovl\u00e1danie. \u010ci ste sk\u00fasen\u00fd vaper alebo pr\u00e1ve za\u010d\u00ednate, t\u00e1to e-cigareta v\u00e1m poskytne v\u0161etko, \u010do potrebujete pre vynikaj\u00faci z\u00e1\u017eitok z vapovania.<\/p>\n<p>S mo\u017enos\u0165ou upravi\u0165 obsah nikot\u00ednu, digit\u00e1lnym displejom pre lep\u0161iu kontrolu a praktickou, kompaktnou ve\u013ekos\u0165ou je <strong>ELF BOX Digital 12000 Strawberry Ice<\/strong> jednou z najlep\u0161\u00edch jednorazov\u00fdch e-cigariet na trhu. Vyu\u017eite v\u00fdhody priameho predaja z v\u00fdroby a vychutnajte si kvalitu a chu\u0165 tejto vysoko kvalitnej e-cigarety, ktor\u00e1 v\u00e1s bude sprev\u00e1dza\u0165 v\u0161ade.<\/p>\n<p>Doprajte si dokonal\u00fd z\u00e1\u017eitok z vapovania s <strong>ELF BOX Digital 12000 Strawberry Ice<\/strong> \u2013 produktom, ktor\u00fd si u\u017e nebudete chcie\u0165 necha\u0165 ujs\u0165!<\/p>\n<\/div>\n<\/div>\n<\/div>\n<\/div>\n<\/div>\n<\/div>","protected":false},"excerpt":{"rendered":"<p>Produktbeschreibung ELF BOX Digital 12000 Strawberry Ice Die Welt der E-Zigaretten hat sich in den letzten Jahren enorm weiterentwickelt und bietet heute eine Vielzahl an innovativen Produkten, die den Bed\u00fcrfnissen der Dampfer gerecht werden. Eine dieser Innovationen ist die ELF BOX Digital 12000 mit dem erfrischenden Strawberry Ice-Geschmack. Dieses Produkt vereint modernste Technologie, ein durchdachtes [&hellip;]<\/p>","protected":false},"featured_media":13664,"template":"","meta":{"inline_featured_image":false},"product_cat":[78,747,740,734,753,715,732],"product_tag":[710,673],"tiered_pricing_type":"fixed","tiered_pricing_fixed_rules":{"110":"7.00","200":"6.22","500":"5.45"},"tiered_pricing_percentage_rules":[],"tiered_pricing_minimum":1,"_administrator_tiered_pricing_type":"fixed","_administrator_tiered_pricing_fixed_rules":[],"_editor_tiered_pricing_type":"fixed","_editor_tiered_pricing_fixed_rules":[],"_author_tiered_pricing_type":"fixed","_author_tiered_pricing_fixed_rules":[],"_contributor_tiered_pricing_type":"fixed","_contributor_tiered_pricing_fixed_rules":[],"_subscriber_tiered_pricing_type":"fixed","_subscriber_tiered_pricing_fixed_rules":[],"_customer_tiered_pricing_type":"fixed","_customer_tiered_pricing_fixed_rules":[],"_shop_manager_tiered_pricing_type":"fixed","_shop_manager_tiered_pricing_fixed_rules":[],"_wpseo_manager_tiered_pricing_type":"fixed","_wpseo_manager_tiered_pricing_fixed_rules":[],"_wpseo_editor_tiered_pricing_type":"fixed","_wpseo_editor_tiered_pricing_fixed_rules":[],"_wholesale_customer_tiered_pricing_type":"fixed","_wholesale_customer_tiered_pricing_fixed_rules":[],"_marketer_tiered_pricing_type":"fixed","_marketer_tiered_pricing_fixed_rules":[],"_sales_manager_tiered_pricing_type":"fixed","_sales_manager_tiered_pricing_fixed_rules":[],"_sales_rep_tiered_pricing_type":"fixed","_sales_rep_tiered_pricing_fixed_rules":[],"yoast_head":"<!-- This site is optimized with the Yoast SEO plugin v23.3 - https:\/\/yoast.com\/wordpress\/plugins\/seo\/ -->\n<title>Strawberry Ice Kleinserienbestellung Fabrik Direktverkauf 1200 Puffs E Zigarette ELF BOX Digital 12000 | ElementVape.de<\/title>\n<meta name=\"description\" content=\"Wir bieten Strawberry Ice Kleinserienbestellung Fabrik Direktverkauf 1200 Puffs E Zigarette ELF BOX Digital 12000 , Elementvape.de akzeptieren Gro\u00df-und Einzelhandel Bestellungen.\" \/>\n<meta name=\"robots\" content=\"index, follow, max-snippet:-1, max-image-preview:large, max-video-preview:-1\" \/>\n<link rel=\"canonical\" href=\"https:\/\/www.elementvape.de\/sk\/produkt\/strawberry-ice-kleinserienbestellung-fabrik-direktverkauf-1200-puffs-e-zigarette-elf-box-digital-12000\/\" \/>\n<meta property=\"og:locale\" content=\"sk_SK\" \/>\n<meta property=\"og:type\" content=\"article\" \/>\n<meta property=\"og:title\" content=\"Strawberry Ice Kleinserienbestellung Fabrik Direktverkauf 1200 Puffs E Zigarette ELF BOX Digital 12000 | ElementVape.de\" \/>\n<meta property=\"og:description\" content=\"Wir bieten Strawberry Ice Kleinserienbestellung Fabrik Direktverkauf 1200 Puffs E Zigarette ELF BOX Digital 12000 , Elementvape.de akzeptieren Gro\u00df-und Einzelhandel Bestellungen.\" \/>\n<meta property=\"og:url\" content=\"https:\/\/www.elementvape.de\/sk\/produkt\/strawberry-ice-kleinserienbestellung-fabrik-direktverkauf-1200-puffs-e-zigarette-elf-box-digital-12000\/\" \/>\n<meta property=\"og:site_name\" content=\"ElementVape.de\" \/>\n<meta property=\"article:modified_time\" content=\"2024-12-12T06:35:12+00:00\" \/>\n<meta property=\"og:image\" content=\"https:\/\/www.elementvape.de\/wp-content\/uploads\/2024\/08\/Strawberry-Ice-\u8349\u8393\u51b0-1.jpg\" \/>\n\t<meta property=\"og:image:width\" content=\"1000\" \/>\n\t<meta property=\"og:image:height\" content=\"1000\" \/>\n\t<meta property=\"og:image:type\" content=\"image\/jpeg\" \/>\n<meta name=\"twitter:card\" content=\"summary_large_image\" \/>\n<meta name=\"twitter:label1\" content=\"Est. reading time\" \/>\n\t<meta name=\"twitter:data1\" content=\"7 min\u00fat\" \/>\n<script type=\"application\/ld+json\" class=\"yoast-schema-graph\">{\"@context\":\"https:\/\/schema.org\",\"@graph\":[{\"@type\":\"WebPage\",\"@id\":\"https:\/\/www.elementvape.de\/en\/produkt\/strawberry-ice-kleinserienbestellung-fabrik-direktverkauf-1200-puffs-e-zigarette-elf-box-digital-12000\/\",\"url\":\"https:\/\/www.elementvape.de\/en\/produkt\/strawberry-ice-kleinserienbestellung-fabrik-direktverkauf-1200-puffs-e-zigarette-elf-box-digital-12000\/\",\"name\":\"Strawberry Ice Kleinserienbestellung Fabrik Direktverkauf 1200 Puffs E Zigarette ELF BOX Digital 12000 | ElementVape.de\",\"isPartOf\":{\"@id\":\"https:\/\/www.elementvape.de\/#website\"},\"primaryImageOfPage\":{\"@id\":\"https:\/\/www.elementvape.de\/en\/produkt\/strawberry-ice-kleinserienbestellung-fabrik-direktverkauf-1200-puffs-e-zigarette-elf-box-digital-12000\/#primaryimage\"},\"image\":{\"@id\":\"https:\/\/www.elementvape.de\/en\/produkt\/strawberry-ice-kleinserienbestellung-fabrik-direktverkauf-1200-puffs-e-zigarette-elf-box-digital-12000\/#primaryimage\"},\"thumbnailUrl\":\"https:\/\/www.elementvape.de\/wp-content\/uploads\/2024\/08\/Strawberry-Ice-\u8349\u8393\u51b0-1.jpg\",\"datePublished\":\"2024-08-06T03:03:26+00:00\",\"dateModified\":\"2024-12-12T06:35:12+00:00\",\"description\":\"Wir bieten Strawberry Ice Kleinserienbestellung Fabrik Direktverkauf 1200 Puffs E Zigarette ELF BOX Digital 12000 , Elementvape.de akzeptieren Gro\u00df-und Einzelhandel Bestellungen.\",\"breadcrumb\":{\"@id\":\"https:\/\/www.elementvape.de\/en\/produkt\/strawberry-ice-kleinserienbestellung-fabrik-direktverkauf-1200-puffs-e-zigarette-elf-box-digital-12000\/#breadcrumb\"},\"inLanguage\":\"sk-SK\",\"potentialAction\":[{\"@type\":\"ReadAction\",\"target\":[\"https:\/\/www.elementvape.de\/en\/produkt\/strawberry-ice-kleinserienbestellung-fabrik-direktverkauf-1200-puffs-e-zigarette-elf-box-digital-12000\/\"]}]},{\"@type\":\"ImageObject\",\"inLanguage\":\"sk-SK\",\"@id\":\"https:\/\/www.elementvape.de\/en\/produkt\/strawberry-ice-kleinserienbestellung-fabrik-direktverkauf-1200-puffs-e-zigarette-elf-box-digital-12000\/#primaryimage\",\"url\":\"https:\/\/www.elementvape.de\/wp-content\/uploads\/2024\/08\/Strawberry-Ice-\u8349\u8393\u51b0-1.jpg\",\"contentUrl\":\"https:\/\/www.elementvape.de\/wp-content\/uploads\/2024\/08\/Strawberry-Ice-\u8349\u8393\u51b0-1.jpg\",\"width\":1000,\"height\":1000,\"caption\":\"Strawberry Ice\"},{\"@type\":\"BreadcrumbList\",\"@id\":\"https:\/\/www.elementvape.de\/en\/produkt\/strawberry-ice-kleinserienbestellung-fabrik-direktverkauf-1200-puffs-e-zigarette-elf-box-digital-12000\/#breadcrumb\",\"itemListElement\":[{\"@type\":\"ListItem\",\"position\":1,\"name\":\"Home\",\"item\":\"https:\/\/www.elementvape.de\/\"},{\"@type\":\"ListItem\",\"position\":2,\"name\":\"Shop\",\"item\":\"https:\/\/www.elementvape.de\/shop\/\"},{\"@type\":\"ListItem\",\"position\":3,\"name\":\"Strawberry Ice Kleinserienbestellung Fabrik Direktverkauf 1200 Puffs E Zigarette ELF BOX Digital 12000\"}]},{\"@type\":\"WebSite\",\"@id\":\"https:\/\/www.elementvape.de\/#website\",\"url\":\"https:\/\/www.elementvape.de\/\",\"name\":\"ElementVape.de\",\"description\":\"\",\"publisher\":{\"@id\":\"https:\/\/www.elementvape.de\/#organization\"},\"potentialAction\":[{\"@type\":\"SearchAction\",\"target\":{\"@type\":\"EntryPoint\",\"urlTemplate\":\"https:\/\/www.elementvape.de\/?s={search_term_string}\"},\"query-input\":\"required name=search_term_string\"}],\"inLanguage\":\"sk-SK\"},{\"@type\":\"Organization\",\"@id\":\"https:\/\/www.elementvape.de\/#organization\",\"name\":\"ElementVape.DE\",\"url\":\"https:\/\/www.elementvape.de\/\",\"logo\":{\"@type\":\"ImageObject\",\"inLanguage\":\"sk-SK\",\"@id\":\"https:\/\/www.elementvape.de\/#\/schema\/logo\/image\/\",\"url\":\"https:\/\/www.elementvape.de\/wp-content\/uploads\/2024\/09\/cropped-1elementvape-3.png\",\"contentUrl\":\"https:\/\/www.elementvape.de\/wp-content\/uploads\/2024\/09\/cropped-1elementvape-3.png\",\"width\":285,\"height\":228,\"caption\":\"ElementVape.DE\"},\"image\":{\"@id\":\"https:\/\/www.elementvape.de\/#\/schema\/logo\/image\/\"}}]}<\/script>\n<!-- \/ Yoast SEO plugin. -->","yoast_head_json":{"title":"Strawberry Ice Kleinserienbestellung Fabrik Direktverkauf 1200 Puffs E Zigarette ELF BOX Digital 12000 | ElementVape.de","description":"Wir bieten Strawberry Ice Kleinserienbestellung Fabrik Direktverkauf 1200 Puffs E Zigarette ELF BOX Digital 12000 , Elementvape.de akzeptieren Gro\u00df-und Einzelhandel Bestellungen.","robots":{"index":"index","follow":"follow","max-snippet":"max-snippet:-1","max-image-preview":"max-image-preview:large","max-video-preview":"max-video-preview:-1"},"canonical":"https:\/\/www.elementvape.de\/sk\/produkt\/strawberry-ice-kleinserienbestellung-fabrik-direktverkauf-1200-puffs-e-zigarette-elf-box-digital-12000\/","og_locale":"sk_SK","og_type":"article","og_title":"Strawberry Ice Kleinserienbestellung Fabrik Direktverkauf 1200 Puffs E Zigarette ELF BOX Digital 12000 | ElementVape.de","og_description":"Wir bieten Strawberry Ice Kleinserienbestellung Fabrik Direktverkauf 1200 Puffs E Zigarette ELF BOX Digital 12000 , Elementvape.de akzeptieren Gro\u00df-und Einzelhandel Bestellungen.","og_url":"https:\/\/www.elementvape.de\/sk\/produkt\/strawberry-ice-kleinserienbestellung-fabrik-direktverkauf-1200-puffs-e-zigarette-elf-box-digital-12000\/","og_site_name":"ElementVape.de","article_modified_time":"2024-12-12T06:35:12+00:00","og_image":[{"width":1000,"height":1000,"url":"https:\/\/www.elementvape.de\/wp-content\/uploads\/2024\/08\/Strawberry-Ice-\u8349\u8393\u51b0-1.jpg","type":"image\/jpeg"}],"twitter_card":"summary_large_image","twitter_misc":{"Est. reading time":"7 min\u00fat"},"schema":{"@context":"https:\/\/schema.org","@graph":[{"@type":"WebPage","@id":"https:\/\/www.elementvape.de\/en\/produkt\/strawberry-ice-kleinserienbestellung-fabrik-direktverkauf-1200-puffs-e-zigarette-elf-box-digital-12000\/","url":"https:\/\/www.elementvape.de\/en\/produkt\/strawberry-ice-kleinserienbestellung-fabrik-direktverkauf-1200-puffs-e-zigarette-elf-box-digital-12000\/","name":"Strawberry Ice Kleinserienbestellung Fabrik Direktverkauf 1200 Puffs E Zigarette ELF BOX Digital 12000 | ElementVape.de","isPartOf":{"@id":"https:\/\/www.elementvape.de\/#website"},"primaryImageOfPage":{"@id":"https:\/\/www.elementvape.de\/en\/produkt\/strawberry-ice-kleinserienbestellung-fabrik-direktverkauf-1200-puffs-e-zigarette-elf-box-digital-12000\/#primaryimage"},"image":{"@id":"https:\/\/www.elementvape.de\/en\/produkt\/strawberry-ice-kleinserienbestellung-fabrik-direktverkauf-1200-puffs-e-zigarette-elf-box-digital-12000\/#primaryimage"},"thumbnailUrl":"https:\/\/www.elementvape.de\/wp-content\/uploads\/2024\/08\/Strawberry-Ice-\u8349\u8393\u51b0-1.jpg","datePublished":"2024-08-06T03:03:26+00:00","dateModified":"2024-12-12T06:35:12+00:00","description":"Wir bieten Strawberry Ice Kleinserienbestellung Fabrik Direktverkauf 1200 Puffs E Zigarette ELF BOX Digital 12000 , Elementvape.de akzeptieren Gro\u00df-und Einzelhandel Bestellungen.","breadcrumb":{"@id":"https:\/\/www.elementvape.de\/en\/produkt\/strawberry-ice-kleinserienbestellung-fabrik-direktverkauf-1200-puffs-e-zigarette-elf-box-digital-12000\/#breadcrumb"},"inLanguage":"sk-SK","potentialAction":[{"@type":"ReadAction","target":["https:\/\/www.elementvape.de\/en\/produkt\/strawberry-ice-kleinserienbestellung-fabrik-direktverkauf-1200-puffs-e-zigarette-elf-box-digital-12000\/"]}]},{"@type":"ImageObject","inLanguage":"sk-SK","@id":"https:\/\/www.elementvape.de\/en\/produkt\/strawberry-ice-kleinserienbestellung-fabrik-direktverkauf-1200-puffs-e-zigarette-elf-box-digital-12000\/#primaryimage","url":"https:\/\/www.elementvape.de\/wp-content\/uploads\/2024\/08\/Strawberry-Ice-\u8349\u8393\u51b0-1.jpg","contentUrl":"https:\/\/www.elementvape.de\/wp-content\/uploads\/2024\/08\/Strawberry-Ice-\u8349\u8393\u51b0-1.jpg","width":1000,"height":1000,"caption":"Strawberry Ice"},{"@type":"BreadcrumbList","@id":"https:\/\/www.elementvape.de\/en\/produkt\/strawberry-ice-kleinserienbestellung-fabrik-direktverkauf-1200-puffs-e-zigarette-elf-box-digital-12000\/#breadcrumb","itemListElement":[{"@type":"ListItem","position":1,"name":"Home","item":"https:\/\/www.elementvape.de\/"},{"@type":"ListItem","position":2,"name":"Shop","item":"https:\/\/www.elementvape.de\/shop\/"},{"@type":"ListItem","position":3,"name":"Strawberry Ice Kleinserienbestellung Fabrik Direktverkauf 1200 Puffs E Zigarette ELF BOX Digital 12000"}]},{"@type":"WebSite","@id":"https:\/\/www.elementvape.de\/#website","url":"https:\/\/www.elementvape.de\/","name":"ElementVape.de","description":"","publisher":{"@id":"https:\/\/www.elementvape.de\/#organization"},"potentialAction":[{"@type":"SearchAction","target":{"@type":"EntryPoint","urlTemplate":"https:\/\/www.elementvape.de\/?s={search_term_string}"},"query-input":"required name=search_term_string"}],"inLanguage":"sk-SK"},{"@type":"Organization","@id":"https:\/\/www.elementvape.de\/#organization","name":"ElementVape.DE","url":"https:\/\/www.elementvape.de\/","logo":{"@type":"ImageObject","inLanguage":"sk-SK","@id":"https:\/\/www.elementvape.de\/#\/schema\/logo\/image\/","url":"https:\/\/www.elementvape.de\/wp-content\/uploads\/2024\/09\/cropped-1elementvape-3.png","contentUrl":"https:\/\/www.elementvape.de\/wp-content\/uploads\/2024\/09\/cropped-1elementvape-3.png","width":285,"height":228,"caption":"ElementVape.DE"},"image":{"@id":"https:\/\/www.elementvape.de\/#\/schema\/logo\/image\/"}}]}},"_links":{"self":[{"href":"https:\/\/www.elementvape.de\/sk\/wp-json\/wp\/v2\/product\/13662"}],"collection":[{"href":"https:\/\/www.elementvape.de\/sk\/wp-json\/wp\/v2\/product"}],"about":[{"href":"https:\/\/www.elementvape.de\/sk\/wp-json\/wp\/v2\/types\/product"}],"wp:featuredmedia":[{"embeddable":true,"href":"https:\/\/www.elementvape.de\/sk\/wp-json\/wp\/v2\/media\/13664"}],"wp:attachment":[{"href":"https:\/\/www.elementvape.de\/sk\/wp-json\/wp\/v2\/media?parent=13662"}],"wp:term":[{"taxonomy":"product_cat","embeddable":true,"href":"https:\/\/www.elementvape.de\/sk\/wp-json\/wp\/v2\/product_cat?post=13662"},{"taxonomy":"product_tag","embeddable":true,"href":"https:\/\/www.elementvape.de\/sk\/wp-json\/wp\/v2\/product_tag?post=13662"}],"curies":[{"name":"wp","href":"https:\/\/api.w.org\/{rel}","templated":true}]}}