{"id":13233,"date":"2024-06-26T08:43:50","date_gmt":"2024-06-26T08:43:50","guid":{"rendered":"https:\/\/www.elementvape.de\/?post_type=product&#038;p=13233"},"modified":"2024-09-12T10:28:48","modified_gmt":"2024-09-12T10:28:48","slug":"uwell-caliburn-ak2-pod-system-kit-520-mah","status":"publish","type":"product","link":"https:\/\/www.elementvape.de\/sk\/produkt\/uwell-caliburn-ak2-pod-system-kit-520-mah\/","title":{"rendered":"Uwell Caliburn AK2 Pod System Kit 520 mAh"},"content":{"rendered":"<h3>Uwell Caliburn AK2 Pod Syst\u00e9mov\u00e1 Sada<\/h3>\n<p>Uwell Caliburn AK2 Sada vynik\u00e1 svoj\u00edm kompaktn\u00fdm a ergonomick\u00fdm dizajnom. S v\u00fdkonnou bat\u00e9riou 520 mAh a 2 ml z\u00e1sobn\u00edkom na e-liquid zaru\u010duje pribli\u017ene 600 potiahnut\u00ed na zariadenie a pon\u00faka prvotriedny z\u00e1\u017eitok s vapovan\u00edm. Opakovane plnite\u013en\u00fd pod je vybaven\u00fd 0,9 Ohm UN2 Meshed-H cievkou, ktor\u00e1 zabezpe\u010duje vynikaj\u00facu produkciu pary a je \u013eahko vymenite\u013en\u00e1. Rozsiahla ponuka aromatick\u00fdch pr\u00edchut\u00ed roz\u0161iruje mo\u017enosti.<\/p>\n<h4>Z\u00e1kladn\u00e9 \u0161pecifik\u00e1cie:<\/h4>\n<ol>\n<li><strong>Vn\u00fatorn\u00e1 alebo vonkaj\u0161ia bat\u00e9ria: Vonkaj\u0161ia<\/strong> PA, hlin\u00edkov\u00e1 zliatina, PC+ABS<\/li>\n<li><strong>Ve\u013ekos\u0165:<\/strong> 43,5 mm \u00d7 11,8 mm \u00d7 67,9 mm<\/li>\n<li><strong>Kapacita e-liquidu:<\/strong> 2 ml<\/li>\n<li><strong>V\u00fdstupn\u00fd v\u00fdkon:<\/strong> 15 W<\/li>\n<li><strong>\u0160pecifik\u00e1cie podov\u00fdch kaziet:<\/strong> Opakovane plnite\u013en\u00fd FeCrAl UN2 Meshed-H 0,9 \u03a9 pod<\/li>\n<li><strong>Kapacita bat\u00e9rie:<\/strong> 520 mAh<\/li>\n<li><strong>Dod\u00e1van\u00e9 pr\u00edslu\u0161enstvo:<\/strong> K\u013e\u00fa\u010dov\u00fd p\u00e1s na vo\u013en\u00e9 nosenie<\/li>\n<li><strong>Plnenie:<\/strong> Jednoduch\u00fd syst\u00e9m plnenia s kontroln\u00fdm oknom na kontrolu hladiny kvapaliny<\/li>\n<li><strong>Technol\u00f3gia:<\/strong> UWELL Pro-FOCS pre autentick\u00fd chu\u0165ov\u00fd z\u00e1\u017eitok z e-liquidu<\/li>\n<li><strong>V\u00fdber farieb:<\/strong> Rozli\u010dn\u00e9 farby vhodn\u00e9 pre ka\u017ed\u00fa n\u00e1ladu<\/li>\n<\/ol>\n<h4>Podrobnosti o balen\u00ed:<\/h4>\n<ul>\n<li><strong>Zna\u010dka:<\/strong> Uwell<\/li>\n<li><strong>Ve\u013ekos\u0165:<\/strong> 43,5 mm x 11,8 mm x 67,9 mm<\/li>\n<li><strong>Kapacita bat\u00e9rie:<\/strong> 520 mAh<\/li>\n<li><strong>Vn\u00fatorn\u00e1 alebo vonkaj\u0161ia bat\u00e9ria: Vonkaj\u0161ia<\/strong> PA, hlin\u00edkov\u00e1 zliatina, PC + ABS<\/li>\n<li><strong>Kapacita E-Liquidu:<\/strong> 2 ml<\/li>\n<li><strong>Maxim\u00e1lny v\u00fdkon v\u00fdstupu:<\/strong> 15 W<\/li>\n<li><strong>\u0165ahy:<\/strong> Pribli\u017ene 600 potiahnut\u00ed<\/li>\n<li><strong>Cievka:<\/strong> UN2 Meshed-H 0,9 Ohm<\/li>\n<li><strong>Balenie:<\/strong> Dar\u010dekov\u00e1 krabi\u010dka<\/li>\n<\/ul>\n<h4>Bal\u00ed\u010dek:<\/h4>\n<ul>\n<li>1 \u00d7 CALIBURN AK2 Pod syst\u00e9m<\/li>\n<li>1 \u00d7 UN2 Meshed-H 0,9 \u03a9 opakovane plnite\u013en\u00fd pod (prednain\u0161talovan\u00fd)<\/li>\n<li>1 \u00d7 UN2 Meshed-H 0,9 \u03a9 opakovane plnite\u013en\u00fd pod (n\u00e1hradn\u00fd)<\/li>\n<li>1 \u00d7 Silik\u00f3nov\u00fd p\u00e1s<\/li>\n<li>1 \u00d7 Pou\u017e\u00edvate\u013esk\u00e1 pr\u00edru\u010dka<\/li>\n<\/ul>","protected":false},"excerpt":{"rendered":"<p>Uwell Caliburn AK2 Pod System Kit Das Uwell Caliburn AK2 Kit besticht durch sein kompaktes und ergonomisches Design. Mit einem leistungsstarken 520 mAh Akku und einem 2 ml E-Liquid-Tank garantiert es etwa 600 Z\u00fcge pro Ger\u00e4t und bietet ein erstklassiges Dampferlebnis. Der nachf\u00fcllbare Pod ist mit einer 0,9 Ohm UN2 Meshed-H-Spule ausgestattet, die f\u00fcr eine [&hellip;]<\/p>","protected":false},"featured_media":13234,"template":"","meta":{"inline_featured_image":false},"product_cat":[747,740,734,753,76],"product_tag":[],"tiered_pricing_type":"fixed","tiered_pricing_fixed_rules":[],"tiered_pricing_percentage_rules":[],"tiered_pricing_minimum":1,"_administrator_tiered_pricing_type":"fixed","_administrator_tiered_pricing_fixed_rules":[],"_editor_tiered_pricing_type":"fixed","_editor_tiered_pricing_fixed_rules":[],"_author_tiered_pricing_type":"fixed","_author_tiered_pricing_fixed_rules":[],"_contributor_tiered_pricing_type":"fixed","_contributor_tiered_pricing_fixed_rules":[],"_subscriber_tiered_pricing_type":"fixed","_subscriber_tiered_pricing_fixed_rules":[],"_customer_tiered_pricing_type":"fixed","_customer_tiered_pricing_fixed_rules":[],"_shop_manager_tiered_pricing_type":"fixed","_shop_manager_tiered_pricing_fixed_rules":[],"_wpseo_manager_tiered_pricing_type":"fixed","_wpseo_manager_tiered_pricing_fixed_rules":[],"_wpseo_editor_tiered_pricing_type":"fixed","_wpseo_editor_tiered_pricing_fixed_rules":[],"_wholesale_customer_tiered_pricing_type":"fixed","_wholesale_customer_tiered_pricing_fixed_rules":[],"_marketer_tiered_pricing_type":"fixed","_marketer_tiered_pricing_fixed_rules":[],"_sales_manager_tiered_pricing_type":"fixed","_sales_manager_tiered_pricing_fixed_rules":[],"_sales_rep_tiered_pricing_type":"fixed","_sales_rep_tiered_pricing_fixed_rules":[],"yoast_head":"<!-- This site is optimized with the Yoast SEO plugin v23.3 - https:\/\/yoast.com\/wordpress\/plugins\/seo\/ -->\n<title>Uwell Caliburn AK2 Pod System Kit 520 mAh | ElementVape.de<\/title>\n<meta name=\"description\" content=\"Wir bieten Uwell Caliburn AK2 Pod System Kit 520 mAh , Elementvape.de akzeptieren Gro\u00df-und Einzelhandel Bestellungen.\" \/>\n<meta name=\"robots\" content=\"index, follow, max-snippet:-1, max-image-preview:large, max-video-preview:-1\" \/>\n<link rel=\"canonical\" href=\"https:\/\/www.elementvape.de\/sk\/produkt\/uwell-caliburn-ak2-pod-system-kit-520-mah\/\" \/>\n<meta property=\"og:locale\" content=\"sk_SK\" \/>\n<meta property=\"og:type\" content=\"article\" \/>\n<meta property=\"og:title\" content=\"Uwell Caliburn AK2 Pod System Kit 520 mAh | ElementVape.de\" \/>\n<meta property=\"og:description\" content=\"Wir bieten Uwell Caliburn AK2 Pod System Kit 520 mAh , Elementvape.de akzeptieren Gro\u00df-und Einzelhandel Bestellungen.\" \/>\n<meta property=\"og:url\" content=\"https:\/\/www.elementvape.de\/sk\/produkt\/uwell-caliburn-ak2-pod-system-kit-520-mah\/\" \/>\n<meta property=\"og:site_name\" content=\"ElementVape.de\" \/>\n<meta property=\"article:modified_time\" content=\"2024-09-12T10:28:48+00:00\" \/>\n<meta property=\"og:image\" content=\"https:\/\/www.elementvape.de\/wp-content\/uploads\/2024\/06\/Uwell-Caliburn-AK2-Pod-System-Kit-7.webp\" \/>\n\t<meta property=\"og:image:width\" content=\"800\" \/>\n\t<meta property=\"og:image:height\" content=\"800\" \/>\n\t<meta property=\"og:image:type\" content=\"image\/webp\" \/>\n<meta name=\"twitter:card\" content=\"summary_large_image\" \/>\n<meta name=\"twitter:label1\" content=\"Est. reading time\" \/>\n\t<meta name=\"twitter:data1\" content=\"2 min\u00faty\" \/>\n<script type=\"application\/ld+json\" class=\"yoast-schema-graph\">{\"@context\":\"https:\/\/schema.org\",\"@graph\":[{\"@type\":\"WebPage\",\"@id\":\"https:\/\/www.elementvape.de\/produkt\/uwell-caliburn-ak2-pod-system-kit-520-mah\/\",\"url\":\"https:\/\/www.elementvape.de\/produkt\/uwell-caliburn-ak2-pod-system-kit-520-mah\/\",\"name\":\"Uwell Caliburn AK2 Pod System Kit 520 mAh | ElementVape.de\",\"isPartOf\":{\"@id\":\"https:\/\/www.elementvape.de\/#website\"},\"primaryImageOfPage\":{\"@id\":\"https:\/\/www.elementvape.de\/produkt\/uwell-caliburn-ak2-pod-system-kit-520-mah\/#primaryimage\"},\"image\":{\"@id\":\"https:\/\/www.elementvape.de\/produkt\/uwell-caliburn-ak2-pod-system-kit-520-mah\/#primaryimage\"},\"thumbnailUrl\":\"https:\/\/www.elementvape.de\/wp-content\/uploads\/2024\/06\/Uwell-Caliburn-AK2-Pod-System-Kit-7.webp\",\"datePublished\":\"2024-06-26T08:43:50+00:00\",\"dateModified\":\"2024-09-12T10:28:48+00:00\",\"description\":\"Wir bieten Uwell Caliburn AK2 Pod System Kit 520 mAh , Elementvape.de akzeptieren Gro\u00df-und Einzelhandel Bestellungen.\",\"breadcrumb\":{\"@id\":\"https:\/\/www.elementvape.de\/produkt\/uwell-caliburn-ak2-pod-system-kit-520-mah\/#breadcrumb\"},\"inLanguage\":\"sk-SK\",\"potentialAction\":[{\"@type\":\"ReadAction\",\"target\":[\"https:\/\/www.elementvape.de\/produkt\/uwell-caliburn-ak2-pod-system-kit-520-mah\/\"]}]},{\"@type\":\"ImageObject\",\"inLanguage\":\"sk-SK\",\"@id\":\"https:\/\/www.elementvape.de\/produkt\/uwell-caliburn-ak2-pod-system-kit-520-mah\/#primaryimage\",\"url\":\"https:\/\/www.elementvape.de\/wp-content\/uploads\/2024\/06\/Uwell-Caliburn-AK2-Pod-System-Kit-7.webp\",\"contentUrl\":\"https:\/\/www.elementvape.de\/wp-content\/uploads\/2024\/06\/Uwell-Caliburn-AK2-Pod-System-Kit-7.webp\",\"width\":800,\"height\":800,\"caption\":\"Uwell-Caliburn-AK2-Pod-System-Kit-7\"},{\"@type\":\"BreadcrumbList\",\"@id\":\"https:\/\/www.elementvape.de\/produkt\/uwell-caliburn-ak2-pod-system-kit-520-mah\/#breadcrumb\",\"itemListElement\":[{\"@type\":\"ListItem\",\"position\":1,\"name\":\"Home\",\"item\":\"https:\/\/www.elementvape.de\/\"},{\"@type\":\"ListItem\",\"position\":2,\"name\":\"Shop\",\"item\":\"https:\/\/www.elementvape.de\/shop\/\"},{\"@type\":\"ListItem\",\"position\":3,\"name\":\"Uwell Caliburn AK2 Pod System Kit 520 mAh\"}]},{\"@type\":\"WebSite\",\"@id\":\"https:\/\/www.elementvape.de\/#website\",\"url\":\"https:\/\/www.elementvape.de\/\",\"name\":\"ElementVape.de\",\"description\":\"\",\"publisher\":{\"@id\":\"https:\/\/www.elementvape.de\/#organization\"},\"potentialAction\":[{\"@type\":\"SearchAction\",\"target\":{\"@type\":\"EntryPoint\",\"urlTemplate\":\"https:\/\/www.elementvape.de\/?s={search_term_string}\"},\"query-input\":\"required name=search_term_string\"}],\"inLanguage\":\"sk-SK\"},{\"@type\":\"Organization\",\"@id\":\"https:\/\/www.elementvape.de\/#organization\",\"name\":\"ElementVape.DE\",\"url\":\"https:\/\/www.elementvape.de\/\",\"logo\":{\"@type\":\"ImageObject\",\"inLanguage\":\"sk-SK\",\"@id\":\"https:\/\/www.elementvape.de\/#\/schema\/logo\/image\/\",\"url\":\"https:\/\/www.elementvape.de\/wp-content\/uploads\/2024\/09\/cropped-1elementvape-3.png\",\"contentUrl\":\"https:\/\/www.elementvape.de\/wp-content\/uploads\/2024\/09\/cropped-1elementvape-3.png\",\"width\":285,\"height\":228,\"caption\":\"ElementVape.DE\"},\"image\":{\"@id\":\"https:\/\/www.elementvape.de\/#\/schema\/logo\/image\/\"}}]}<\/script>\n<!-- \/ Yoast SEO plugin. -->","yoast_head_json":{"title":"Uwell Caliburn AK2 Pod System Kit 520 mAh | ElementVape.de","description":"Wir bieten Uwell Caliburn AK2 Pod System Kit 520 mAh , Elementvape.de akzeptieren Gro\u00df-und Einzelhandel Bestellungen.","robots":{"index":"index","follow":"follow","max-snippet":"max-snippet:-1","max-image-preview":"max-image-preview:large","max-video-preview":"max-video-preview:-1"},"canonical":"https:\/\/www.elementvape.de\/sk\/produkt\/uwell-caliburn-ak2-pod-system-kit-520-mah\/","og_locale":"sk_SK","og_type":"article","og_title":"Uwell Caliburn AK2 Pod System Kit 520 mAh | ElementVape.de","og_description":"Wir bieten Uwell Caliburn AK2 Pod System Kit 520 mAh , Elementvape.de akzeptieren Gro\u00df-und Einzelhandel Bestellungen.","og_url":"https:\/\/www.elementvape.de\/sk\/produkt\/uwell-caliburn-ak2-pod-system-kit-520-mah\/","og_site_name":"ElementVape.de","article_modified_time":"2024-09-12T10:28:48+00:00","og_image":[{"width":800,"height":800,"url":"https:\/\/www.elementvape.de\/wp-content\/uploads\/2024\/06\/Uwell-Caliburn-AK2-Pod-System-Kit-7.webp","type":"image\/webp"}],"twitter_card":"summary_large_image","twitter_misc":{"Est. reading time":"2 min\u00faty"},"schema":{"@context":"https:\/\/schema.org","@graph":[{"@type":"WebPage","@id":"https:\/\/www.elementvape.de\/produkt\/uwell-caliburn-ak2-pod-system-kit-520-mah\/","url":"https:\/\/www.elementvape.de\/produkt\/uwell-caliburn-ak2-pod-system-kit-520-mah\/","name":"Uwell Caliburn AK2 Pod System Kit 520 mAh | ElementVape.de","isPartOf":{"@id":"https:\/\/www.elementvape.de\/#website"},"primaryImageOfPage":{"@id":"https:\/\/www.elementvape.de\/produkt\/uwell-caliburn-ak2-pod-system-kit-520-mah\/#primaryimage"},"image":{"@id":"https:\/\/www.elementvape.de\/produkt\/uwell-caliburn-ak2-pod-system-kit-520-mah\/#primaryimage"},"thumbnailUrl":"https:\/\/www.elementvape.de\/wp-content\/uploads\/2024\/06\/Uwell-Caliburn-AK2-Pod-System-Kit-7.webp","datePublished":"2024-06-26T08:43:50+00:00","dateModified":"2024-09-12T10:28:48+00:00","description":"Wir bieten Uwell Caliburn AK2 Pod System Kit 520 mAh , Elementvape.de akzeptieren Gro\u00df-und Einzelhandel Bestellungen.","breadcrumb":{"@id":"https:\/\/www.elementvape.de\/produkt\/uwell-caliburn-ak2-pod-system-kit-520-mah\/#breadcrumb"},"inLanguage":"sk-SK","potentialAction":[{"@type":"ReadAction","target":["https:\/\/www.elementvape.de\/produkt\/uwell-caliburn-ak2-pod-system-kit-520-mah\/"]}]},{"@type":"ImageObject","inLanguage":"sk-SK","@id":"https:\/\/www.elementvape.de\/produkt\/uwell-caliburn-ak2-pod-system-kit-520-mah\/#primaryimage","url":"https:\/\/www.elementvape.de\/wp-content\/uploads\/2024\/06\/Uwell-Caliburn-AK2-Pod-System-Kit-7.webp","contentUrl":"https:\/\/www.elementvape.de\/wp-content\/uploads\/2024\/06\/Uwell-Caliburn-AK2-Pod-System-Kit-7.webp","width":800,"height":800,"caption":"Uwell-Caliburn-AK2-Pod-System-Kit-7"},{"@type":"BreadcrumbList","@id":"https:\/\/www.elementvape.de\/produkt\/uwell-caliburn-ak2-pod-system-kit-520-mah\/#breadcrumb","itemListElement":[{"@type":"ListItem","position":1,"name":"Home","item":"https:\/\/www.elementvape.de\/"},{"@type":"ListItem","position":2,"name":"Shop","item":"https:\/\/www.elementvape.de\/shop\/"},{"@type":"ListItem","position":3,"name":"Uwell Caliburn AK2 Pod System Kit 520 mAh"}]},{"@type":"WebSite","@id":"https:\/\/www.elementvape.de\/#website","url":"https:\/\/www.elementvape.de\/","name":"ElementVape.de","description":"","publisher":{"@id":"https:\/\/www.elementvape.de\/#organization"},"potentialAction":[{"@type":"SearchAction","target":{"@type":"EntryPoint","urlTemplate":"https:\/\/www.elementvape.de\/?s={search_term_string}"},"query-input":"required name=search_term_string"}],"inLanguage":"sk-SK"},{"@type":"Organization","@id":"https:\/\/www.elementvape.de\/#organization","name":"ElementVape.DE","url":"https:\/\/www.elementvape.de\/","logo":{"@type":"ImageObject","inLanguage":"sk-SK","@id":"https:\/\/www.elementvape.de\/#\/schema\/logo\/image\/","url":"https:\/\/www.elementvape.de\/wp-content\/uploads\/2024\/09\/cropped-1elementvape-3.png","contentUrl":"https:\/\/www.elementvape.de\/wp-content\/uploads\/2024\/09\/cropped-1elementvape-3.png","width":285,"height":228,"caption":"ElementVape.DE"},"image":{"@id":"https:\/\/www.elementvape.de\/#\/schema\/logo\/image\/"}}]}},"_links":{"self":[{"href":"https:\/\/www.elementvape.de\/sk\/wp-json\/wp\/v2\/product\/13233"}],"collection":[{"href":"https:\/\/www.elementvape.de\/sk\/wp-json\/wp\/v2\/product"}],"about":[{"href":"https:\/\/www.elementvape.de\/sk\/wp-json\/wp\/v2\/types\/product"}],"wp:featuredmedia":[{"embeddable":true,"href":"https:\/\/www.elementvape.de\/sk\/wp-json\/wp\/v2\/media\/13234"}],"wp:attachment":[{"href":"https:\/\/www.elementvape.de\/sk\/wp-json\/wp\/v2\/media?parent=13233"}],"wp:term":[{"taxonomy":"product_cat","embeddable":true,"href":"https:\/\/www.elementvape.de\/sk\/wp-json\/wp\/v2\/product_cat?post=13233"},{"taxonomy":"product_tag","embeddable":true,"href":"https:\/\/www.elementvape.de\/sk\/wp-json\/wp\/v2\/product_tag?post=13233"}],"curies":[{"name":"wp","href":"https:\/\/api.w.org\/{rel}","templated":true}]}}