{"id":13163,"date":"2024-06-26T06:27:50","date_gmt":"2024-06-26T06:27:50","guid":{"rendered":"https:\/\/www.elementvape.de\/?post_type=product&#038;p=13163"},"modified":"2024-09-12T10:28:50","modified_gmt":"2024-09-12T10:28:50","slug":"uwell-caliburn-gk2-pod-system-kit-690-mah","status":"publish","type":"product","link":"https:\/\/www.elementvape.de\/sk\/produkt\/uwell-caliburn-gk2-pod-system-kit-690-mah\/","title":{"rendered":"Uwell Caliburn GK2 Pod syst\u00e9mov\u00fd set 690 mAh"},"content":{"rendered":"<h3>Uwell Caliburn GK2 Vision Pod Kit<\/h3>\n<h4>Popis produktu:<\/h4>\n<p>Uwell Caliburn GK2 Vision Pod Kit kombinuje futuristick\u00fd dizajn s funk\u010dnos\u0165ou a pou\u017e\u00edvate\u013eskou pr\u00edstupnos\u0165ou. S integrovanou bat\u00e9riou 690 mAh a maxim\u00e1lnym v\u00fdkonom 18 wattov je toto zariadenie ide\u00e1lne pre nikot\u00ednov\u00e9 soli aj Freebase E-liquidy. 2 ml okno na E-liquidy v\u00e1m umo\u017e\u0148uje sledova\u0165 hladinu n\u00e1plne kedyko\u013evek. Fantazijn\u00e9 sveteln\u00e9 efekty a interakt\u00edvne displeje zabezpe\u010duj\u00fa vizu\u00e1lne atrakt\u00edvny a z\u00e1bavn\u00fd z\u00e1\u017eitok z vapovania. Dynamick\u00e1 vibra\u010dn\u00e1 funkcia informuje o r\u00f4znych \u00farovniach v\u00fdkonu a pracovn\u00fdch re\u017eimoch, \u010d\u00edm zvy\u0161uje pou\u017e\u00edvate\u013esk\u00fa pr\u00edstupnos\u0165.<\/p>\n<h4>Hlavn\u00e9 vlastnosti:<\/h4>\n<ol>\n<li><strong>Integrovan\u00e1 bat\u00e9ria 690 mAh<\/strong>: Poskytuje dostatok v\u00fdkonu na cel\u00fd de\u0148.<\/li>\n<li><strong>Maxim\u00e1lny v\u00fdkon 18 wattov<\/strong>: Vhodn\u00e9 pre nikot\u00ednov\u00e9 soli a Freebase E-liquidy.<\/li>\n<li><strong>Kapacita E-liquidu 2 ml<\/strong>: S oknom na E-liquidy na kontrolu hladiny n\u00e1plne.<\/li>\n<li><strong>Fantasijn\u00e9 sveteln\u00e9 efekty<\/strong>: Zabezpe\u010duj\u00fa vizu\u00e1lne atrakt\u00edvny z\u00e1\u017eitok.<\/li>\n<li><strong>Dynamick\u00e1 vibra\u010dn\u00e1 interakcia<\/strong>: Informuje o r\u00f4znych \u00farovniach v\u00fdkonu a pracovn\u00fdch re\u017eimoch.<\/li>\n<li><strong>Kompatibilita<\/strong>: S Mesh cievkou Caliburn G2 1,2 Ohm, Mesh cievkou Caliburn G 0,8 Ohm a cievkou Caliburn G 1,0 Ohm.<\/li>\n<li><strong>Plug-and-Play in\u0161tal\u00e1cia<\/strong>: Pre jednoduch\u00e9 pou\u017e\u00edvanie a v\u00fdmenu cievok.<\/li>\n<li><strong>Ovl\u00e1dacie koliesko na kontrolu pr\u00fadu vzduchu<\/strong>: Pre jemn\u00e9 doladenie z\u00e1\u017eitku z pary a chuti.<\/li>\n<\/ol>\n<h4>Technick\u00e9 \u00fadaje:<\/h4>\n<ul>\n<li><strong>Materi\u00e1ly<\/strong>: PCTG, hlin\u00edkov\u00e1 zliatina<\/li>\n<li><strong>Rozmery<\/strong>: 72,2 mm * 46,6 mm * 16,6 mm<\/li>\n<li><strong>\u010cist\u00e1 hmotnos\u0165<\/strong>: 41 g<\/li>\n<li><strong>Kapacita e-liquidu<\/strong>: 2 ml<\/li>\n<li><strong>V\u00fdstupn\u00fd v\u00fdkon<\/strong>: Maxim\u00e1lne 18 W<\/li>\n<li><strong>Kapacita bat\u00e9rie<\/strong>: 690 mAh<\/li>\n<li><strong>\u0160pecifik\u00e1cie cievok<\/strong>:\n<ul>\n<li>FeCrAl UN2 Mesh 0,8 \u03a9 CALIBURN G cievka<\/li>\n<li>FeCrAl UN2 Mesh 1,2 \u03a9 CALIBURN G2 cievka<\/li>\n<li>FeCrAl 1,0 \u03a9 CALIBURN G cievka (samostatne dostupn\u00e1)<\/li>\n<\/ul>\n<\/li>\n<\/ul>\n<h4>Obsah balenia:<\/h4>\n<ul>\n<li>1 x Uwell Caliburn GK2 (VISION)<\/li>\n<li>1 x 1,2 Ohm UN2 Mesh-H cievka<\/li>\n<li>1 x 0,8 Ohm UN2 Mesh-H cievka<\/li>\n<li>1 x pr\u00e1zdna Caliburn G2 kazeta<\/li>\n<li>1 x Pou\u017e\u00edvate\u013esk\u00e1 pr\u00edru\u010dka<\/li>\n<li>1 x Typ-C nab\u00edjac\u00ed k\u00e1bel<\/li>\n<li>1 x k\u013e\u00fa\u010denka<\/li>\n<\/ul>","protected":false},"excerpt":{"rendered":"<p>Uwell Caliburn GK2 Vision Pod Kit Produktbeschreibung: Das Uwell Caliburn GK2 Vision Pod Kit kombiniert futuristisches Design mit Funktionalit\u00e4t und Benutzerfreundlichkeit. Mit seinem integrierten 690 mAh-Akku und einer maximalen Ausgangsleistung von 18 Watt ist dieses Ger\u00e4t ideal f\u00fcr sowohl Nikotinsalz- als auch Freebase-E-Liquids. Das 2 ml E-Liquid-Fenster erm\u00f6glicht es Ihnen, den F\u00fcllstand Ihres Saftes jederzeit [&hellip;]<\/p>","protected":false},"featured_media":13164,"template":"","meta":{"inline_featured_image":false},"product_cat":[747,740,734,753,76],"product_tag":[],"tiered_pricing_type":"fixed","tiered_pricing_fixed_rules":[],"tiered_pricing_percentage_rules":[],"tiered_pricing_minimum":1,"_administrator_tiered_pricing_type":"fixed","_administrator_tiered_pricing_fixed_rules":[],"_editor_tiered_pricing_type":"fixed","_editor_tiered_pricing_fixed_rules":[],"_author_tiered_pricing_type":"fixed","_author_tiered_pricing_fixed_rules":[],"_contributor_tiered_pricing_type":"fixed","_contributor_tiered_pricing_fixed_rules":[],"_subscriber_tiered_pricing_type":"fixed","_subscriber_tiered_pricing_fixed_rules":[],"_customer_tiered_pricing_type":"fixed","_customer_tiered_pricing_fixed_rules":[],"_shop_manager_tiered_pricing_type":"fixed","_shop_manager_tiered_pricing_fixed_rules":[],"_wpseo_manager_tiered_pricing_type":"fixed","_wpseo_manager_tiered_pricing_fixed_rules":[],"_wpseo_editor_tiered_pricing_type":"fixed","_wpseo_editor_tiered_pricing_fixed_rules":[],"_wholesale_customer_tiered_pricing_type":"fixed","_wholesale_customer_tiered_pricing_fixed_rules":[],"_marketer_tiered_pricing_type":"fixed","_marketer_tiered_pricing_fixed_rules":[],"_sales_manager_tiered_pricing_type":"fixed","_sales_manager_tiered_pricing_fixed_rules":[],"_sales_rep_tiered_pricing_type":"fixed","_sales_rep_tiered_pricing_fixed_rules":[],"yoast_head":"<!-- This site is optimized with the Yoast SEO plugin v23.3 - https:\/\/yoast.com\/wordpress\/plugins\/seo\/ -->\n<title>Uwell Caliburn GK2 Pod System Kit 690 mAh | ElementVape.de<\/title>\n<meta name=\"description\" content=\"Wir bieten Uwell Caliburn GK2 Pod System Kit 690 mAh , Elementvape.de akzeptieren Gro\u00df-und Einzelhandel Bestellungen.\" \/>\n<meta name=\"robots\" content=\"index, follow, max-snippet:-1, max-image-preview:large, max-video-preview:-1\" \/>\n<link rel=\"canonical\" href=\"https:\/\/www.elementvape.de\/sk\/produkt\/uwell-caliburn-gk2-pod-system-kit-690-mah\/\" \/>\n<meta property=\"og:locale\" content=\"sk_SK\" \/>\n<meta property=\"og:type\" content=\"article\" \/>\n<meta property=\"og:title\" content=\"Uwell Caliburn GK2 Pod System Kit 690 mAh | ElementVape.de\" \/>\n<meta property=\"og:description\" content=\"Wir bieten Uwell Caliburn GK2 Pod System Kit 690 mAh , Elementvape.de akzeptieren Gro\u00df-und Einzelhandel Bestellungen.\" \/>\n<meta property=\"og:url\" content=\"https:\/\/www.elementvape.de\/sk\/produkt\/uwell-caliburn-gk2-pod-system-kit-690-mah\/\" \/>\n<meta property=\"og:site_name\" content=\"ElementVape.de\" \/>\n<meta property=\"article:modified_time\" content=\"2024-09-12T10:28:50+00:00\" \/>\n<meta property=\"og:image\" content=\"https:\/\/www.elementvape.de\/wp-content\/uploads\/2024\/06\/Uwell-Caliburn-GK2-Limpid-8.jpg\" \/>\n\t<meta property=\"og:image:width\" content=\"800\" \/>\n\t<meta property=\"og:image:height\" content=\"800\" \/>\n\t<meta property=\"og:image:type\" content=\"image\/jpeg\" \/>\n<meta name=\"twitter:card\" content=\"summary_large_image\" \/>\n<meta name=\"twitter:label1\" content=\"Est. reading time\" \/>\n\t<meta name=\"twitter:data1\" content=\"2 min\u00faty\" \/>\n<script type=\"application\/ld+json\" class=\"yoast-schema-graph\">{\"@context\":\"https:\/\/schema.org\",\"@graph\":[{\"@type\":\"WebPage\",\"@id\":\"https:\/\/www.elementvape.de\/produkt\/uwell-caliburn-gk2-pod-system-kit-690-mah\/\",\"url\":\"https:\/\/www.elementvape.de\/produkt\/uwell-caliburn-gk2-pod-system-kit-690-mah\/\",\"name\":\"Uwell Caliburn GK2 Pod System Kit 690 mAh | ElementVape.de\",\"isPartOf\":{\"@id\":\"https:\/\/www.elementvape.de\/#website\"},\"primaryImageOfPage\":{\"@id\":\"https:\/\/www.elementvape.de\/produkt\/uwell-caliburn-gk2-pod-system-kit-690-mah\/#primaryimage\"},\"image\":{\"@id\":\"https:\/\/www.elementvape.de\/produkt\/uwell-caliburn-gk2-pod-system-kit-690-mah\/#primaryimage\"},\"thumbnailUrl\":\"https:\/\/www.elementvape.de\/wp-content\/uploads\/2024\/06\/Uwell-Caliburn-GK2-Limpid-8.jpg\",\"datePublished\":\"2024-06-26T06:27:50+00:00\",\"dateModified\":\"2024-09-12T10:28:50+00:00\",\"description\":\"Wir bieten Uwell Caliburn GK2 Pod System Kit 690 mAh , Elementvape.de akzeptieren Gro\u00df-und Einzelhandel Bestellungen.\",\"breadcrumb\":{\"@id\":\"https:\/\/www.elementvape.de\/produkt\/uwell-caliburn-gk2-pod-system-kit-690-mah\/#breadcrumb\"},\"inLanguage\":\"sk-SK\",\"potentialAction\":[{\"@type\":\"ReadAction\",\"target\":[\"https:\/\/www.elementvape.de\/produkt\/uwell-caliburn-gk2-pod-system-kit-690-mah\/\"]}]},{\"@type\":\"ImageObject\",\"inLanguage\":\"sk-SK\",\"@id\":\"https:\/\/www.elementvape.de\/produkt\/uwell-caliburn-gk2-pod-system-kit-690-mah\/#primaryimage\",\"url\":\"https:\/\/www.elementvape.de\/wp-content\/uploads\/2024\/06\/Uwell-Caliburn-GK2-Limpid-8.jpg\",\"contentUrl\":\"https:\/\/www.elementvape.de\/wp-content\/uploads\/2024\/06\/Uwell-Caliburn-GK2-Limpid-8.jpg\",\"width\":800,\"height\":800,\"caption\":\"Uwell-Caliburn-GK2-Limpid-8\"},{\"@type\":\"BreadcrumbList\",\"@id\":\"https:\/\/www.elementvape.de\/produkt\/uwell-caliburn-gk2-pod-system-kit-690-mah\/#breadcrumb\",\"itemListElement\":[{\"@type\":\"ListItem\",\"position\":1,\"name\":\"Home\",\"item\":\"https:\/\/www.elementvape.de\/\"},{\"@type\":\"ListItem\",\"position\":2,\"name\":\"Shop\",\"item\":\"https:\/\/www.elementvape.de\/shop\/\"},{\"@type\":\"ListItem\",\"position\":3,\"name\":\"Uwell Caliburn GK2 Pod System Kit 690 mAh\"}]},{\"@type\":\"WebSite\",\"@id\":\"https:\/\/www.elementvape.de\/#website\",\"url\":\"https:\/\/www.elementvape.de\/\",\"name\":\"ElementVape.de\",\"description\":\"\",\"publisher\":{\"@id\":\"https:\/\/www.elementvape.de\/#organization\"},\"potentialAction\":[{\"@type\":\"SearchAction\",\"target\":{\"@type\":\"EntryPoint\",\"urlTemplate\":\"https:\/\/www.elementvape.de\/?s={search_term_string}\"},\"query-input\":\"required name=search_term_string\"}],\"inLanguage\":\"sk-SK\"},{\"@type\":\"Organization\",\"@id\":\"https:\/\/www.elementvape.de\/#organization\",\"name\":\"ElementVape.DE\",\"url\":\"https:\/\/www.elementvape.de\/\",\"logo\":{\"@type\":\"ImageObject\",\"inLanguage\":\"sk-SK\",\"@id\":\"https:\/\/www.elementvape.de\/#\/schema\/logo\/image\/\",\"url\":\"https:\/\/www.elementvape.de\/wp-content\/uploads\/2024\/09\/cropped-1elementvape-3.png\",\"contentUrl\":\"https:\/\/www.elementvape.de\/wp-content\/uploads\/2024\/09\/cropped-1elementvape-3.png\",\"width\":285,\"height\":228,\"caption\":\"ElementVape.DE\"},\"image\":{\"@id\":\"https:\/\/www.elementvape.de\/#\/schema\/logo\/image\/\"}}]}<\/script>\n<!-- \/ Yoast SEO plugin. -->","yoast_head_json":{"title":"Uwell Caliburn GK2 Pod System Kit 690 mAh | ElementVape.de","description":"Wir bieten Uwell Caliburn GK2 Pod System Kit 690 mAh , Elementvape.de akzeptieren Gro\u00df-und Einzelhandel Bestellungen.","robots":{"index":"index","follow":"follow","max-snippet":"max-snippet:-1","max-image-preview":"max-image-preview:large","max-video-preview":"max-video-preview:-1"},"canonical":"https:\/\/www.elementvape.de\/sk\/produkt\/uwell-caliburn-gk2-pod-system-kit-690-mah\/","og_locale":"sk_SK","og_type":"article","og_title":"Uwell Caliburn GK2 Pod System Kit 690 mAh | ElementVape.de","og_description":"Wir bieten Uwell Caliburn GK2 Pod System Kit 690 mAh , Elementvape.de akzeptieren Gro\u00df-und Einzelhandel Bestellungen.","og_url":"https:\/\/www.elementvape.de\/sk\/produkt\/uwell-caliburn-gk2-pod-system-kit-690-mah\/","og_site_name":"ElementVape.de","article_modified_time":"2024-09-12T10:28:50+00:00","og_image":[{"width":800,"height":800,"url":"https:\/\/www.elementvape.de\/wp-content\/uploads\/2024\/06\/Uwell-Caliburn-GK2-Limpid-8.jpg","type":"image\/jpeg"}],"twitter_card":"summary_large_image","twitter_misc":{"Est. reading time":"2 min\u00faty"},"schema":{"@context":"https:\/\/schema.org","@graph":[{"@type":"WebPage","@id":"https:\/\/www.elementvape.de\/produkt\/uwell-caliburn-gk2-pod-system-kit-690-mah\/","url":"https:\/\/www.elementvape.de\/produkt\/uwell-caliburn-gk2-pod-system-kit-690-mah\/","name":"Uwell Caliburn GK2 Pod System Kit 690 mAh | ElementVape.de","isPartOf":{"@id":"https:\/\/www.elementvape.de\/#website"},"primaryImageOfPage":{"@id":"https:\/\/www.elementvape.de\/produkt\/uwell-caliburn-gk2-pod-system-kit-690-mah\/#primaryimage"},"image":{"@id":"https:\/\/www.elementvape.de\/produkt\/uwell-caliburn-gk2-pod-system-kit-690-mah\/#primaryimage"},"thumbnailUrl":"https:\/\/www.elementvape.de\/wp-content\/uploads\/2024\/06\/Uwell-Caliburn-GK2-Limpid-8.jpg","datePublished":"2024-06-26T06:27:50+00:00","dateModified":"2024-09-12T10:28:50+00:00","description":"Wir bieten Uwell Caliburn GK2 Pod System Kit 690 mAh , Elementvape.de akzeptieren Gro\u00df-und Einzelhandel Bestellungen.","breadcrumb":{"@id":"https:\/\/www.elementvape.de\/produkt\/uwell-caliburn-gk2-pod-system-kit-690-mah\/#breadcrumb"},"inLanguage":"sk-SK","potentialAction":[{"@type":"ReadAction","target":["https:\/\/www.elementvape.de\/produkt\/uwell-caliburn-gk2-pod-system-kit-690-mah\/"]}]},{"@type":"ImageObject","inLanguage":"sk-SK","@id":"https:\/\/www.elementvape.de\/produkt\/uwell-caliburn-gk2-pod-system-kit-690-mah\/#primaryimage","url":"https:\/\/www.elementvape.de\/wp-content\/uploads\/2024\/06\/Uwell-Caliburn-GK2-Limpid-8.jpg","contentUrl":"https:\/\/www.elementvape.de\/wp-content\/uploads\/2024\/06\/Uwell-Caliburn-GK2-Limpid-8.jpg","width":800,"height":800,"caption":"Uwell-Caliburn-GK2-Limpid-8"},{"@type":"BreadcrumbList","@id":"https:\/\/www.elementvape.de\/produkt\/uwell-caliburn-gk2-pod-system-kit-690-mah\/#breadcrumb","itemListElement":[{"@type":"ListItem","position":1,"name":"Home","item":"https:\/\/www.elementvape.de\/"},{"@type":"ListItem","position":2,"name":"Shop","item":"https:\/\/www.elementvape.de\/shop\/"},{"@type":"ListItem","position":3,"name":"Uwell Caliburn GK2 Pod System Kit 690 mAh"}]},{"@type":"WebSite","@id":"https:\/\/www.elementvape.de\/#website","url":"https:\/\/www.elementvape.de\/","name":"ElementVape.de","description":"","publisher":{"@id":"https:\/\/www.elementvape.de\/#organization"},"potentialAction":[{"@type":"SearchAction","target":{"@type":"EntryPoint","urlTemplate":"https:\/\/www.elementvape.de\/?s={search_term_string}"},"query-input":"required name=search_term_string"}],"inLanguage":"sk-SK"},{"@type":"Organization","@id":"https:\/\/www.elementvape.de\/#organization","name":"ElementVape.DE","url":"https:\/\/www.elementvape.de\/","logo":{"@type":"ImageObject","inLanguage":"sk-SK","@id":"https:\/\/www.elementvape.de\/#\/schema\/logo\/image\/","url":"https:\/\/www.elementvape.de\/wp-content\/uploads\/2024\/09\/cropped-1elementvape-3.png","contentUrl":"https:\/\/www.elementvape.de\/wp-content\/uploads\/2024\/09\/cropped-1elementvape-3.png","width":285,"height":228,"caption":"ElementVape.DE"},"image":{"@id":"https:\/\/www.elementvape.de\/#\/schema\/logo\/image\/"}}]}},"_links":{"self":[{"href":"https:\/\/www.elementvape.de\/sk\/wp-json\/wp\/v2\/product\/13163"}],"collection":[{"href":"https:\/\/www.elementvape.de\/sk\/wp-json\/wp\/v2\/product"}],"about":[{"href":"https:\/\/www.elementvape.de\/sk\/wp-json\/wp\/v2\/types\/product"}],"wp:featuredmedia":[{"embeddable":true,"href":"https:\/\/www.elementvape.de\/sk\/wp-json\/wp\/v2\/media\/13164"}],"wp:attachment":[{"href":"https:\/\/www.elementvape.de\/sk\/wp-json\/wp\/v2\/media?parent=13163"}],"wp:term":[{"taxonomy":"product_cat","embeddable":true,"href":"https:\/\/www.elementvape.de\/sk\/wp-json\/wp\/v2\/product_cat?post=13163"},{"taxonomy":"product_tag","embeddable":true,"href":"https:\/\/www.elementvape.de\/sk\/wp-json\/wp\/v2\/product_tag?post=13163"}],"curies":[{"name":"wp","href":"https:\/\/api.w.org\/{rel}","templated":true}]}}