{"id":13086,"date":"2024-06-25T08:58:55","date_gmt":"2024-06-25T08:58:55","guid":{"rendered":"https:\/\/www.elementvape.de\/?post_type=product&#038;p=13086"},"modified":"2024-09-12T10:29:40","modified_gmt":"2024-09-12T10:29:40","slug":"uwell-crown-x-pod-system-kit","status":"publish","type":"product","link":"https:\/\/www.elementvape.de\/sk\/produkt\/uwell-crown-x-pod-system-kit\/","title":{"rendered":"Uwell Crown X Pod Syst\u00e9m Kit"},"content":{"rendered":"<h3>Uwell Crown X Pod System \u2013 V\u00fdkonn\u00fd DTL z\u00e1\u017eitok s vapovan\u00edm<\/h3>\n<p>Uwell Crown X Pod System pon\u00faka p\u00f4sobiv\u00fd z\u00e1\u017eitok s vapovan\u00edm s maxim\u00e1lnym v\u00fdkonom 60 W a cievkou 0,3 Ohm, ktor\u00e1 zabezpe\u010duje ultim\u00e1tne priame vapovanie do p\u013e\u00fac (DTL). T\u00e1to pokro\u010dil\u00e1 elektronick\u00e1 cigareta poskytuje hust\u00e9 oblaky a intenz\u00edvnej\u0161ie chute, pos\u00fava sub-Ohm vapovanie na nov\u00fa \u00farove\u0148. Re\u017eim Boost zabezpe\u010duje, \u017ee v\u00fdkon zost\u00e1va kon\u0161tantn\u00fd a chu\u0165 je od prv\u00e9ho do posledn\u00e9ho \u0165ahu rovnak\u00e1 a intenz\u00edvna.<\/p>\n<h3>Unik\u00e1tna vapovacia sk\u00fasenos\u0165 a dlh\u00e1 \u017eivotnos\u0165<\/h3>\n<p>S Uwell Crown X m\u00f4\u017eu pou\u017e\u00edvatelia vychutn\u00e1va\u0165 teplej\u0161\u00ed dym, viac pr\u00fadenia vzduchu a v\u00e4\u010d\u0161ie oblaky. \u017divotnos\u0165 cievok bola v porovnan\u00ed s be\u017en\u00fdmi cievkami zv\u00fd\u0161en\u00e1 o 66 %, tak\u017ee vydr\u017e\u00ed a\u017e 30 dn\u00ed. To zabezpe\u010duje dlhodob\u00e9 pou\u017e\u00edvanie bez \u010dast\u00fdch v\u00fdmen. 0,96-palcov\u00fd farebn\u00fd TFT displej poskytuje intenz\u00edvny vizu\u00e1lny z\u00e1\u017eitok a umo\u017e\u0148uje jednoduch\u00e9 sledovanie v\u0161etk\u00fdch d\u00f4le\u017eit\u00fdch nastaven\u00ed.<\/p>\n<p>Integrovan\u00e1 bat\u00e9ria s kapacitou 1500 mAh a ve\u013ekorys\u00e1 kapacita e-liquidu 5,3 ml zabezpe\u010duj\u00fa v\u00fdkonn\u00fd a vytrval\u00fd z\u00e1\u017eitok z vapovania, ktor\u00fd nesklame. Pou\u017e\u00edvatelia sa nemusia ob\u00e1va\u0165, \u017ee bat\u00e9ria alebo e-liquid d\u00f4jdu po\u010das d\u0148a.<\/p>\n<h3>Flexibiln\u00e9 ovl\u00e1danie a mo\u017enosti prisp\u00f4sobenia<\/h3>\n<p>Uwell Crown X pon\u00faka tri re\u017eimy sp\u00fa\u0161\u0165ania: automatick\u00e9 \u0165ahanie, tla\u010didlov\u00e9 sp\u00fa\u0161\u0165anie a kombin\u00e1ciu oboch. T\u00e1to flexibilita umo\u017e\u0148uje pou\u017e\u00edvate\u013eom ovl\u00e1da\u0165 zariadenie pod\u013ea svojich preferenci\u00ed. Presne nastavite\u013en\u00e1 watt\u00e1\u017e a plynul\u00fd syst\u00e9m pr\u00fadenia vzduchu umo\u017e\u0148uj\u00fa individu\u00e1lne prisp\u00f4sobi\u0165 z\u00e1\u017eitok od DTL po obmedzen\u00e9 priame vapovanie do p\u013e\u00fac (RDL).<\/p>\n<h3>Technick\u00e9 \u00fadaje a obsah balenia<\/h3>\n<p>Technick\u00e9 \u00fadaje Uwell Crown X s\u00fa p\u00f4sobiv\u00e9:<\/p>\n<ul>\n<li><strong>Materi\u00e1ly:<\/strong> Kazeta: PCTG | Pr\u00edstroj: hlin\u00edkov\u00e1 zliatina<\/li>\n<li><strong>Rozmery:<\/strong> 113 mm x 30,8 mm x 21 mm<\/li>\n<li><strong>Kapacita E-Liquidu:<\/strong> 5,3 ml (INT.\/FDA) | 2 ml (TPD)<\/li>\n<li><strong>V\u00fdstupn\u00fd v\u00fdkon:<\/strong> Maxim\u00e1lne 60 W<\/li>\n<li><strong>\u0160pecifik\u00e1cie kazety:<\/strong> FeCrAl Meshed 0,3 Ohm Uwell Crown X cievka, FeCrAl Meshed 0,6 Ohm Uwell Crown X cievka<\/li>\n<li><strong>Kapacita bat\u00e9rie:<\/strong> 1500 mAh<\/li>\n<\/ul>\n<p>Obsah balenia Uwell Crown X Pod System Kit zah\u0155\u0148a:<\/p>\n<ul>\n<li>1 kus Uwell Crown X zariadenia<\/li>\n<li>1 kus predin\u0161talovanej mesh cievky Uwell Crown X s 0,3 Ohm (s bo\u010dn\u00fdm plnen\u00edm)<\/li>\n<li>1 kus n\u00e1hradnej mesh cievky Uwell Crown X s 0,6 Ohm<\/li>\n<li>1 kus USB-C nab\u00edjac\u00ed k\u00e1bel<\/li>\n<li>1 kus N\u00e1vod na pou\u017eitie<\/li>\n<\/ul>\n<p>Uwell Crown X Pod System pon\u00faka vynikaj\u00facu kombin\u00e1ciu v\u00fdkonu, pou\u017e\u00edvate\u013eskej jednoduchosti a prisp\u00f4sobite\u013enosti. S v\u00fdkonom 60 W, dlhotrvaj\u00facou bat\u00e9riou 1500 mAh a ve\u013ekou kapacitou e-liquidu je ide\u00e1lny pre vapovan\u00edm nad\u0161en\u00fdch pou\u017e\u00edvate\u013eov, ktor\u00ed h\u013eadaj\u00fa intenz\u00edvny a flexibiln\u00fd z\u00e1\u017eitok z DTL vapovania. Dodato\u010dn\u00e9 funkcie ako re\u017eim Boost, odoln\u00e9 cievky a farebn\u00fd TFT displej robia toto zariadenie prvotriednou vo\u013ebou pre v\u0161etk\u00fdch, ktor\u00ed chc\u00fa vy\u0165a\u017ei\u0165 maximum zo svojho vapovacieho z\u00e1\u017eitku.<\/p>","protected":false},"excerpt":{"rendered":"<p>Uwell Crown X Pod System \u2013 Ein kraftvolles DTL-Dampferlebnis Das Uwell Crown X Pod System bietet ein beeindruckendes Dampferlebnis mit einer maximalen Leistung von 60 W und einer 0,3 Ohm Spule, die f\u00fcr ein ultimatives Direct-to-Lung (DTL) Dampfen sorgt. Diese fortschrittliche E-Zigarette liefert wolkige und intensivere Geschmacksrichtungen und hebt das Sub-Ohm-Dampfen auf ein neues Niveau. [&hellip;]<\/p>","protected":false},"featured_media":13087,"template":"","meta":{"inline_featured_image":false},"product_cat":[754,745,742,748,76],"product_tag":[],"tiered_pricing_type":"fixed","tiered_pricing_fixed_rules":[],"tiered_pricing_percentage_rules":[],"tiered_pricing_minimum":1,"_administrator_tiered_pricing_type":"fixed","_administrator_tiered_pricing_fixed_rules":[],"_editor_tiered_pricing_type":"fixed","_editor_tiered_pricing_fixed_rules":[],"_author_tiered_pricing_type":"fixed","_author_tiered_pricing_fixed_rules":[],"_contributor_tiered_pricing_type":"fixed","_contributor_tiered_pricing_fixed_rules":[],"_subscriber_tiered_pricing_type":"fixed","_subscriber_tiered_pricing_fixed_rules":[],"_customer_tiered_pricing_type":"fixed","_customer_tiered_pricing_fixed_rules":[],"_shop_manager_tiered_pricing_type":"fixed","_shop_manager_tiered_pricing_fixed_rules":[],"_wpseo_manager_tiered_pricing_type":"fixed","_wpseo_manager_tiered_pricing_fixed_rules":[],"_wpseo_editor_tiered_pricing_type":"fixed","_wpseo_editor_tiered_pricing_fixed_rules":[],"_wholesale_customer_tiered_pricing_type":"fixed","_wholesale_customer_tiered_pricing_fixed_rules":[],"_marketer_tiered_pricing_type":"fixed","_marketer_tiered_pricing_fixed_rules":[],"_sales_manager_tiered_pricing_type":"fixed","_sales_manager_tiered_pricing_fixed_rules":[],"_sales_rep_tiered_pricing_type":"fixed","_sales_rep_tiered_pricing_fixed_rules":[],"yoast_head":"<!-- This site is optimized with the Yoast SEO plugin v23.3 - https:\/\/yoast.com\/wordpress\/plugins\/seo\/ -->\n<title>Uwell Crown X Pod System Kit | ElementVape.de<\/title>\n<meta name=\"description\" content=\"Wir bieten Uwell Crown X Pod System Kit , Elementvape.de akzeptieren Gro\u00df-und Einzelhandel Bestellungen.\" \/>\n<meta name=\"robots\" content=\"index, follow, max-snippet:-1, max-image-preview:large, max-video-preview:-1\" \/>\n<link rel=\"canonical\" href=\"https:\/\/www.elementvape.de\/sk\/produkt\/uwell-crown-x-pod-system-kit\/\" \/>\n<meta property=\"og:locale\" content=\"sk_SK\" \/>\n<meta property=\"og:type\" content=\"article\" \/>\n<meta property=\"og:title\" content=\"Uwell Crown X Pod System Kit | ElementVape.de\" \/>\n<meta property=\"og:description\" content=\"Wir bieten Uwell Crown X Pod System Kit , Elementvape.de akzeptieren Gro\u00df-und Einzelhandel Bestellungen.\" \/>\n<meta property=\"og:url\" content=\"https:\/\/www.elementvape.de\/sk\/produkt\/uwell-crown-x-pod-system-kit\/\" \/>\n<meta property=\"og:site_name\" content=\"ElementVape.de\" \/>\n<meta property=\"article:modified_time\" content=\"2024-09-12T10:29:40+00:00\" \/>\n<meta property=\"og:image\" content=\"https:\/\/www.elementvape.de\/wp-content\/uploads\/2024\/06\/Crown-X-Pod-Kit-1.webp\" \/>\n\t<meta property=\"og:image:width\" content=\"800\" \/>\n\t<meta property=\"og:image:height\" content=\"800\" \/>\n\t<meta property=\"og:image:type\" content=\"image\/webp\" \/>\n<meta name=\"twitter:card\" content=\"summary_large_image\" \/>\n<meta name=\"twitter:label1\" content=\"Est. reading time\" \/>\n\t<meta name=\"twitter:data1\" content=\"3 min\u00faty\" \/>\n<script type=\"application\/ld+json\" class=\"yoast-schema-graph\">{\"@context\":\"https:\/\/schema.org\",\"@graph\":[{\"@type\":\"WebPage\",\"@id\":\"https:\/\/www.elementvape.de\/produkt\/uwell-crown-x-pod-system-kit\/\",\"url\":\"https:\/\/www.elementvape.de\/produkt\/uwell-crown-x-pod-system-kit\/\",\"name\":\"Uwell Crown X Pod System Kit | ElementVape.de\",\"isPartOf\":{\"@id\":\"https:\/\/www.elementvape.de\/#website\"},\"primaryImageOfPage\":{\"@id\":\"https:\/\/www.elementvape.de\/produkt\/uwell-crown-x-pod-system-kit\/#primaryimage\"},\"image\":{\"@id\":\"https:\/\/www.elementvape.de\/produkt\/uwell-crown-x-pod-system-kit\/#primaryimage\"},\"thumbnailUrl\":\"https:\/\/www.elementvape.de\/wp-content\/uploads\/2024\/06\/Crown-X-Pod-Kit-1.webp\",\"datePublished\":\"2024-06-25T08:58:55+00:00\",\"dateModified\":\"2024-09-12T10:29:40+00:00\",\"description\":\"Wir bieten Uwell Crown X Pod System Kit , Elementvape.de akzeptieren Gro\u00df-und Einzelhandel Bestellungen.\",\"breadcrumb\":{\"@id\":\"https:\/\/www.elementvape.de\/produkt\/uwell-crown-x-pod-system-kit\/#breadcrumb\"},\"inLanguage\":\"sk-SK\",\"potentialAction\":[{\"@type\":\"ReadAction\",\"target\":[\"https:\/\/www.elementvape.de\/produkt\/uwell-crown-x-pod-system-kit\/\"]}]},{\"@type\":\"ImageObject\",\"inLanguage\":\"sk-SK\",\"@id\":\"https:\/\/www.elementvape.de\/produkt\/uwell-crown-x-pod-system-kit\/#primaryimage\",\"url\":\"https:\/\/www.elementvape.de\/wp-content\/uploads\/2024\/06\/Crown-X-Pod-Kit-1.webp\",\"contentUrl\":\"https:\/\/www.elementvape.de\/wp-content\/uploads\/2024\/06\/Crown-X-Pod-Kit-1.webp\",\"width\":800,\"height\":800,\"caption\":\"Crown-X-Pod-Kit-1\"},{\"@type\":\"BreadcrumbList\",\"@id\":\"https:\/\/www.elementvape.de\/produkt\/uwell-crown-x-pod-system-kit\/#breadcrumb\",\"itemListElement\":[{\"@type\":\"ListItem\",\"position\":1,\"name\":\"Home\",\"item\":\"https:\/\/www.elementvape.de\/\"},{\"@type\":\"ListItem\",\"position\":2,\"name\":\"Shop\",\"item\":\"https:\/\/www.elementvape.de\/shop\/\"},{\"@type\":\"ListItem\",\"position\":3,\"name\":\"Uwell Crown X Pod System Kit\"}]},{\"@type\":\"WebSite\",\"@id\":\"https:\/\/www.elementvape.de\/#website\",\"url\":\"https:\/\/www.elementvape.de\/\",\"name\":\"ElementVape.de\",\"description\":\"\",\"publisher\":{\"@id\":\"https:\/\/www.elementvape.de\/#organization\"},\"potentialAction\":[{\"@type\":\"SearchAction\",\"target\":{\"@type\":\"EntryPoint\",\"urlTemplate\":\"https:\/\/www.elementvape.de\/?s={search_term_string}\"},\"query-input\":\"required name=search_term_string\"}],\"inLanguage\":\"sk-SK\"},{\"@type\":\"Organization\",\"@id\":\"https:\/\/www.elementvape.de\/#organization\",\"name\":\"ElementVape.DE\",\"url\":\"https:\/\/www.elementvape.de\/\",\"logo\":{\"@type\":\"ImageObject\",\"inLanguage\":\"sk-SK\",\"@id\":\"https:\/\/www.elementvape.de\/#\/schema\/logo\/image\/\",\"url\":\"https:\/\/www.elementvape.de\/wp-content\/uploads\/2024\/09\/cropped-1elementvape-3.png\",\"contentUrl\":\"https:\/\/www.elementvape.de\/wp-content\/uploads\/2024\/09\/cropped-1elementvape-3.png\",\"width\":285,\"height\":228,\"caption\":\"ElementVape.DE\"},\"image\":{\"@id\":\"https:\/\/www.elementvape.de\/#\/schema\/logo\/image\/\"}}]}<\/script>\n<!-- \/ Yoast SEO plugin. -->","yoast_head_json":{"title":"Uwell Crown X Pod System Kit | ElementVape.de","description":"Wir bieten Uwell Crown X Pod System Kit , Elementvape.de akzeptieren Gro\u00df-und Einzelhandel Bestellungen.","robots":{"index":"index","follow":"follow","max-snippet":"max-snippet:-1","max-image-preview":"max-image-preview:large","max-video-preview":"max-video-preview:-1"},"canonical":"https:\/\/www.elementvape.de\/sk\/produkt\/uwell-crown-x-pod-system-kit\/","og_locale":"sk_SK","og_type":"article","og_title":"Uwell Crown X Pod System Kit | ElementVape.de","og_description":"Wir bieten Uwell Crown X Pod System Kit , Elementvape.de akzeptieren Gro\u00df-und Einzelhandel Bestellungen.","og_url":"https:\/\/www.elementvape.de\/sk\/produkt\/uwell-crown-x-pod-system-kit\/","og_site_name":"ElementVape.de","article_modified_time":"2024-09-12T10:29:40+00:00","og_image":[{"width":800,"height":800,"url":"https:\/\/www.elementvape.de\/wp-content\/uploads\/2024\/06\/Crown-X-Pod-Kit-1.webp","type":"image\/webp"}],"twitter_card":"summary_large_image","twitter_misc":{"Est. reading time":"3 min\u00faty"},"schema":{"@context":"https:\/\/schema.org","@graph":[{"@type":"WebPage","@id":"https:\/\/www.elementvape.de\/produkt\/uwell-crown-x-pod-system-kit\/","url":"https:\/\/www.elementvape.de\/produkt\/uwell-crown-x-pod-system-kit\/","name":"Uwell Crown X Pod System Kit | ElementVape.de","isPartOf":{"@id":"https:\/\/www.elementvape.de\/#website"},"primaryImageOfPage":{"@id":"https:\/\/www.elementvape.de\/produkt\/uwell-crown-x-pod-system-kit\/#primaryimage"},"image":{"@id":"https:\/\/www.elementvape.de\/produkt\/uwell-crown-x-pod-system-kit\/#primaryimage"},"thumbnailUrl":"https:\/\/www.elementvape.de\/wp-content\/uploads\/2024\/06\/Crown-X-Pod-Kit-1.webp","datePublished":"2024-06-25T08:58:55+00:00","dateModified":"2024-09-12T10:29:40+00:00","description":"Wir bieten Uwell Crown X Pod System Kit , Elementvape.de akzeptieren Gro\u00df-und Einzelhandel Bestellungen.","breadcrumb":{"@id":"https:\/\/www.elementvape.de\/produkt\/uwell-crown-x-pod-system-kit\/#breadcrumb"},"inLanguage":"sk-SK","potentialAction":[{"@type":"ReadAction","target":["https:\/\/www.elementvape.de\/produkt\/uwell-crown-x-pod-system-kit\/"]}]},{"@type":"ImageObject","inLanguage":"sk-SK","@id":"https:\/\/www.elementvape.de\/produkt\/uwell-crown-x-pod-system-kit\/#primaryimage","url":"https:\/\/www.elementvape.de\/wp-content\/uploads\/2024\/06\/Crown-X-Pod-Kit-1.webp","contentUrl":"https:\/\/www.elementvape.de\/wp-content\/uploads\/2024\/06\/Crown-X-Pod-Kit-1.webp","width":800,"height":800,"caption":"Crown-X-Pod-Kit-1"},{"@type":"BreadcrumbList","@id":"https:\/\/www.elementvape.de\/produkt\/uwell-crown-x-pod-system-kit\/#breadcrumb","itemListElement":[{"@type":"ListItem","position":1,"name":"Home","item":"https:\/\/www.elementvape.de\/"},{"@type":"ListItem","position":2,"name":"Shop","item":"https:\/\/www.elementvape.de\/shop\/"},{"@type":"ListItem","position":3,"name":"Uwell Crown X Pod System Kit"}]},{"@type":"WebSite","@id":"https:\/\/www.elementvape.de\/#website","url":"https:\/\/www.elementvape.de\/","name":"ElementVape.de","description":"","publisher":{"@id":"https:\/\/www.elementvape.de\/#organization"},"potentialAction":[{"@type":"SearchAction","target":{"@type":"EntryPoint","urlTemplate":"https:\/\/www.elementvape.de\/?s={search_term_string}"},"query-input":"required name=search_term_string"}],"inLanguage":"sk-SK"},{"@type":"Organization","@id":"https:\/\/www.elementvape.de\/#organization","name":"ElementVape.DE","url":"https:\/\/www.elementvape.de\/","logo":{"@type":"ImageObject","inLanguage":"sk-SK","@id":"https:\/\/www.elementvape.de\/#\/schema\/logo\/image\/","url":"https:\/\/www.elementvape.de\/wp-content\/uploads\/2024\/09\/cropped-1elementvape-3.png","contentUrl":"https:\/\/www.elementvape.de\/wp-content\/uploads\/2024\/09\/cropped-1elementvape-3.png","width":285,"height":228,"caption":"ElementVape.DE"},"image":{"@id":"https:\/\/www.elementvape.de\/#\/schema\/logo\/image\/"}}]}},"_links":{"self":[{"href":"https:\/\/www.elementvape.de\/sk\/wp-json\/wp\/v2\/product\/13086"}],"collection":[{"href":"https:\/\/www.elementvape.de\/sk\/wp-json\/wp\/v2\/product"}],"about":[{"href":"https:\/\/www.elementvape.de\/sk\/wp-json\/wp\/v2\/types\/product"}],"wp:featuredmedia":[{"embeddable":true,"href":"https:\/\/www.elementvape.de\/sk\/wp-json\/wp\/v2\/media\/13087"}],"wp:attachment":[{"href":"https:\/\/www.elementvape.de\/sk\/wp-json\/wp\/v2\/media?parent=13086"}],"wp:term":[{"taxonomy":"product_cat","embeddable":true,"href":"https:\/\/www.elementvape.de\/sk\/wp-json\/wp\/v2\/product_cat?post=13086"},{"taxonomy":"product_tag","embeddable":true,"href":"https:\/\/www.elementvape.de\/sk\/wp-json\/wp\/v2\/product_tag?post=13086"}],"curies":[{"name":"wp","href":"https:\/\/api.w.org\/{rel}","templated":true}]}}