{"id":13007,"date":"2024-06-25T03:13:34","date_gmt":"2024-06-25T03:13:34","guid":{"rendered":"https:\/\/www.elementvape.de\/?post_type=product&#038;p=13007"},"modified":"2024-09-12T10:29:44","modified_gmt":"2024-09-12T10:29:44","slug":"lost-vape-epoch-pod-system-kit-1000mah","status":"publish","type":"product","link":"https:\/\/www.elementvape.de\/sk\/produkt\/lost-vape-epoch-pod-system-kit-1000mah\/","title":{"rendered":"Sada syst\u00e9mu n\u00e1dob Lost Vape Epoch 1000mAh"},"content":{"rendered":"<div class=\"flex-shrink-0 flex flex-col relative items-end\">\n<div>\n<div class=\"pt-0.5 juice:pt-0\">\n<div class=\"gizmo-bot-avatar flex h-6 w-6 items-center justify-center overflow-hidden rounded-full juice:h-8 juice:w-8\">\n<div class=\"relative p-1 rounded-sm flex items-center justify-center bg-token-main-surface-primary text-token-text-primary h-8 w-8\"><\/div>\n<\/div>\n<\/div>\n<\/div>\n<\/div>\n<div class=\"group\/conversation-turn relative flex w-full min-w-0 flex-col agent-turn\">\n<div class=\"flex-col gap-1 md:gap-3\">\n<div class=\"flex flex-grow flex-col max-w-full\">\n<div class=\"min-h-[20px] text-message flex flex-col items-start whitespace-pre-wrap break-words [.text-message+&amp;]:mt-5 juice:w-full juice:items-end overflow-x-auto gap-2\" dir=\"auto\" data-message-author-role=\"assistant\" data-message-id=\"e3301969-6180-47dd-a7f3-55bd00c1745e\">\n<div class=\"flex w-full flex-col gap-1 juice:empty:hidden juice:first:pt-[3px]\">\n<div class=\"markdown prose w-full break-words dark:prose-invert light\">\n<p>Ursa Epoch od Lost Vape je v\u0161estrann\u00fd a pou\u017e\u00edvate\u013esky pr\u00edvetiv\u00fd <strong><a href=\"https:\/\/www.elementvape.de\/sk\/c\/pod\/\">Pod<\/a><\/strong>-syst\u00e9m, ktor\u00fd je ide\u00e1lny pre vapery v\u0161etk\u00fdch \u00farovn\u00ed sk\u00fasenost\u00ed. Tu s\u00fa hlavn\u00e9 vlastnosti a \u0161pecifik\u00e1cie podrobne:<\/p>\n<p><strong>Vlastnosti:<\/strong><\/p>\n<ul>\n<li><strong>Integrovan\u00e1 bat\u00e9ria 1000 mAh<\/strong>: Poskytuje dostatok v\u00fdkonu na cel\u00fd de\u0148.<\/li>\n<li><strong>Kapacita n\u00e1plne 2,5 ml<\/strong>: Dostato\u010dn\u00e9 na dlh\u0161ie vapovanie bez \u010dast\u00e9ho dop\u013a\u0148ania.<\/li>\n<li><strong>OLED displej 0,42 palca<\/strong>: Jasn\u00fd a \u013eahko \u010ditate\u013en\u00fd, poskytuje v\u0161etky d\u00f4le\u017eit\u00e9 inform\u00e1cie na prv\u00fd poh\u013ead.<\/li>\n<li><strong>R\u00fdchle nab\u00edjanie USB-C<\/strong>: Podporuje r\u00fdchle nab\u00edjanie s 2 A, aby sa minimalizovala prestoje.<\/li>\n<li><strong>Kompatibiln\u00fd s n\u00e1pl\u0148ami Ursa V2<\/strong>: Pon\u00faka flexibilitu pri v\u00fdbere n\u00e1pln\u00ed.<\/li>\n<li><strong>Viacn\u00e1sobn\u00e9 ochrann\u00e9 funkcie<\/strong>: Obsahuje ochranu pred pre\u0165a\u017een\u00edm, prebit\u00edm a 10-sekundovou ochranou proti prehriatiu.<\/li>\n<li><strong>Nastavite\u013en\u00fd v\u00fdkon a pr\u00fadenie vzduchu<\/strong>: Umo\u017e\u0148uje individu\u00e1lne prisp\u00f4sobenie z\u00e1\u017eitku z vapovania, podporuje MTL (\u00fastami do p\u013e\u00fac) aj RDL (obmedzen\u00e9 priame p\u013e\u00faca) vapovanie.<\/li>\n<li><strong>Intuit\u00edvny displej<\/strong>: Poskytuje intuit\u00edvne pou\u017e\u00edvate\u013esk\u00e9 rozhranie pre jednoduch\u00e9 ovl\u00e1danie.<\/li>\n<li><strong>Aktiv\u00e1cia inhal\u00e1ciou<\/strong>: Automatick\u00e1 aktiv\u00e1cia pri \u0165ahan\u00ed z zariadenia.<\/li>\n<\/ul>\n<p><strong>\u0160pecifik\u00e1cie:<\/strong><\/p>\n<ul>\n<li><strong>Zna\u010dka<\/strong>: Lost Vape<\/li>\n<li><strong>Jednotka<\/strong>: 1 sada<\/li>\n<li><strong>Rozmery<\/strong>: 67,2 x 44,4 x 19,60 mm<\/li>\n<li><strong>Nap\u00e4tie bat\u00e9rie<\/strong>: 3,3 V \u2013 4,2 V<\/li>\n<li><strong>V\u00fdkonov\u00fd rozsah<\/strong>: 17 \u2013 25 W<\/li>\n<li><strong>Kapacita bat\u00e9rie<\/strong>: 1000 mAh<\/li>\n<li><strong>Kapacita n\u00e1dobky<\/strong>: 2,5 ml<\/li>\n<li><strong>Materi\u00e1ly<\/strong>: Plast + Silik\u00f3n<\/li>\n<li><strong>Displej<\/strong>: OLED 0,42 palca<\/li>\n<li><strong>Nap\u00e4tie nab\u00edjania<\/strong>: 5 V\/1 A<\/li>\n<li><strong>Nab\u00edjac\u00ed k\u00e1bel<\/strong>: Typ-C, 5 V\/2 A<\/li>\n<li><strong>Maxim\u00e1lny v\u00fdkon<\/strong>: 25 W<\/li>\n<li><strong>Balenie<\/strong>: Dar\u010dekov\u00e1 krabica<\/li>\n<\/ul>\n<p><strong>Obsah balenia:<\/strong><\/p>\n<ul>\n<li>1 x Kit Lost Vape Ursa Epoch<\/li>\n<li>1 x N\u00e1dr\u017e na pod Lost Vape Ursa V2 (0,8 Ohm, 2,5 ml)<\/li>\n<li>1 x k\u013e\u00fa\u010denka<\/li>\n<li>1 x Typ-C k\u00e1bel<\/li>\n<li>1 x z\u00e1ru\u010dn\u00e1 karta<\/li>\n<li>1 x Pou\u017e\u00edvate\u013esk\u00e1 pr\u00edru\u010dka<\/li>\n<\/ul>\n<p>Lost Vape Ursa Epoch pon\u00faka s mno\u017estvom funkci\u00ed a vysokou kvalitou spracovania na mieru prisp\u00f4soben\u00fd z\u00e1\u017eitok z vapovania.<\/p>\n<\/div>\n<\/div>\n<\/div>\n<\/div>\n<\/div>\n<\/div>","protected":false},"excerpt":{"rendered":"<p>Der Lost Vape Ursa Epoch ist ein vielseitiges und benutzerfreundliches Pod-System, das sich ideal f\u00fcr Dampfer aller Erfahrungsstufen eignet. Hier sind die Hauptmerkmale und Spezifikationen im Detail: Merkmale: Integrierter 1000 mAh Akku: Bietet ausreichend Leistung f\u00fcr den ganzen Tag. 2,5 ml Liquidkapazit\u00e4t: Ausreichend f\u00fcr l\u00e4ngeres Dampfen ohne h\u00e4ufiges Nachf\u00fcllen. 0,42-Zoll OLED-Bildschirm: Klar und leicht abzulesen, [&hellip;]<\/p>","protected":false},"featured_media":13014,"template":"","meta":{"inline_featured_image":false},"product_cat":[78,754,745,742,748],"product_tag":[],"tiered_pricing_type":"fixed","tiered_pricing_fixed_rules":[],"tiered_pricing_percentage_rules":[],"tiered_pricing_minimum":1,"_administrator_tiered_pricing_type":"fixed","_administrator_tiered_pricing_fixed_rules":[],"_editor_tiered_pricing_type":"fixed","_editor_tiered_pricing_fixed_rules":[],"_author_tiered_pricing_type":"fixed","_author_tiered_pricing_fixed_rules":[],"_contributor_tiered_pricing_type":"fixed","_contributor_tiered_pricing_fixed_rules":[],"_subscriber_tiered_pricing_type":"fixed","_subscriber_tiered_pricing_fixed_rules":[],"_customer_tiered_pricing_type":"fixed","_customer_tiered_pricing_fixed_rules":[],"_shop_manager_tiered_pricing_type":"fixed","_shop_manager_tiered_pricing_fixed_rules":[],"_wpseo_manager_tiered_pricing_type":"fixed","_wpseo_manager_tiered_pricing_fixed_rules":[],"_wpseo_editor_tiered_pricing_type":"fixed","_wpseo_editor_tiered_pricing_fixed_rules":[],"_wholesale_customer_tiered_pricing_type":"fixed","_wholesale_customer_tiered_pricing_fixed_rules":[],"_marketer_tiered_pricing_type":"fixed","_marketer_tiered_pricing_fixed_rules":[],"_sales_manager_tiered_pricing_type":"fixed","_sales_manager_tiered_pricing_fixed_rules":[],"_sales_rep_tiered_pricing_type":"fixed","_sales_rep_tiered_pricing_fixed_rules":[],"yoast_head":"<!-- This site is optimized with the Yoast SEO plugin v23.3 - https:\/\/yoast.com\/wordpress\/plugins\/seo\/ -->\n<title>Lost Vape Epoch Pod System Kit 1000mAh | ElementVape.de<\/title>\n<meta name=\"description\" content=\"Wir bieten Lost Vape Epoch Pod System Kit 1000mAh , Elementvape.de akzeptieren Gro\u00df-und Einzelhandel Bestellungen.\" \/>\n<meta name=\"robots\" content=\"index, follow, max-snippet:-1, max-image-preview:large, max-video-preview:-1\" \/>\n<link rel=\"canonical\" href=\"https:\/\/www.elementvape.de\/sk\/produkt\/lost-vape-epoch-pod-system-kit-1000mah\/\" \/>\n<meta property=\"og:locale\" content=\"sk_SK\" \/>\n<meta property=\"og:type\" content=\"article\" \/>\n<meta property=\"og:title\" content=\"Lost Vape Epoch Pod System Kit 1000mAh | ElementVape.de\" \/>\n<meta property=\"og:description\" content=\"Wir bieten Lost Vape Epoch Pod System Kit 1000mAh , Elementvape.de akzeptieren Gro\u00df-und Einzelhandel Bestellungen.\" \/>\n<meta property=\"og:url\" content=\"https:\/\/www.elementvape.de\/sk\/produkt\/lost-vape-epoch-pod-system-kit-1000mah\/\" \/>\n<meta property=\"og:site_name\" content=\"ElementVape.de\" \/>\n<meta property=\"article:modified_time\" content=\"2024-09-12T10:29:44+00:00\" \/>\n<meta property=\"og:image\" content=\"https:\/\/www.elementvape.de\/wp-content\/uploads\/2024\/06\/Epoch-Pod-Kit-1_46a034dc-a15c-42a4-8c43-a2f8a7e732b9.webp\" \/>\n\t<meta property=\"og:image:width\" content=\"800\" \/>\n\t<meta property=\"og:image:height\" content=\"800\" \/>\n\t<meta property=\"og:image:type\" content=\"image\/webp\" \/>\n<meta name=\"twitter:card\" content=\"summary_large_image\" \/>\n<meta name=\"twitter:label1\" content=\"Est. reading time\" \/>\n\t<meta name=\"twitter:data1\" content=\"2 min\u00faty\" \/>\n<script type=\"application\/ld+json\" class=\"yoast-schema-graph\">{\"@context\":\"https:\/\/schema.org\",\"@graph\":[{\"@type\":\"WebPage\",\"@id\":\"https:\/\/www.elementvape.de\/fi\/produkt\/lost-vape-epoch-pod-system-kit-1000mah\/\",\"url\":\"https:\/\/www.elementvape.de\/fi\/produkt\/lost-vape-epoch-pod-system-kit-1000mah\/\",\"name\":\"Lost Vape Epoch Pod System Kit 1000mAh | ElementVape.de\",\"isPartOf\":{\"@id\":\"https:\/\/www.elementvape.de\/#website\"},\"primaryImageOfPage\":{\"@id\":\"https:\/\/www.elementvape.de\/fi\/produkt\/lost-vape-epoch-pod-system-kit-1000mah\/#primaryimage\"},\"image\":{\"@id\":\"https:\/\/www.elementvape.de\/fi\/produkt\/lost-vape-epoch-pod-system-kit-1000mah\/#primaryimage\"},\"thumbnailUrl\":\"https:\/\/www.elementvape.de\/wp-content\/uploads\/2024\/06\/Epoch-Pod-Kit-1_46a034dc-a15c-42a4-8c43-a2f8a7e732b9.webp\",\"datePublished\":\"2024-06-25T03:13:34+00:00\",\"dateModified\":\"2024-09-12T10:29:44+00:00\",\"description\":\"Wir bieten Lost Vape Epoch Pod System Kit 1000mAh , Elementvape.de akzeptieren Gro\u00df-und Einzelhandel Bestellungen.\",\"breadcrumb\":{\"@id\":\"https:\/\/www.elementvape.de\/fi\/produkt\/lost-vape-epoch-pod-system-kit-1000mah\/#breadcrumb\"},\"inLanguage\":\"sk-SK\",\"potentialAction\":[{\"@type\":\"ReadAction\",\"target\":[\"https:\/\/www.elementvape.de\/fi\/produkt\/lost-vape-epoch-pod-system-kit-1000mah\/\"]}]},{\"@type\":\"ImageObject\",\"inLanguage\":\"sk-SK\",\"@id\":\"https:\/\/www.elementvape.de\/fi\/produkt\/lost-vape-epoch-pod-system-kit-1000mah\/#primaryimage\",\"url\":\"https:\/\/www.elementvape.de\/wp-content\/uploads\/2024\/06\/Epoch-Pod-Kit-1_46a034dc-a15c-42a4-8c43-a2f8a7e732b9.webp\",\"contentUrl\":\"https:\/\/www.elementvape.de\/wp-content\/uploads\/2024\/06\/Epoch-Pod-Kit-1_46a034dc-a15c-42a4-8c43-a2f8a7e732b9.webp\",\"width\":800,\"height\":800,\"caption\":\"Epoch-Pod-Kit-1_46a034dc-a15c-42a4-8c43-a2f8a7e732b9\"},{\"@type\":\"BreadcrumbList\",\"@id\":\"https:\/\/www.elementvape.de\/fi\/produkt\/lost-vape-epoch-pod-system-kit-1000mah\/#breadcrumb\",\"itemListElement\":[{\"@type\":\"ListItem\",\"position\":1,\"name\":\"Home\",\"item\":\"https:\/\/www.elementvape.de\/\"},{\"@type\":\"ListItem\",\"position\":2,\"name\":\"Shop\",\"item\":\"https:\/\/www.elementvape.de\/shop\/\"},{\"@type\":\"ListItem\",\"position\":3,\"name\":\"Lost Vape Epoch Pod System Kit 1000mAh\"}]},{\"@type\":\"WebSite\",\"@id\":\"https:\/\/www.elementvape.de\/#website\",\"url\":\"https:\/\/www.elementvape.de\/\",\"name\":\"ElementVape.de\",\"description\":\"\",\"publisher\":{\"@id\":\"https:\/\/www.elementvape.de\/#organization\"},\"potentialAction\":[{\"@type\":\"SearchAction\",\"target\":{\"@type\":\"EntryPoint\",\"urlTemplate\":\"https:\/\/www.elementvape.de\/?s={search_term_string}\"},\"query-input\":\"required name=search_term_string\"}],\"inLanguage\":\"sk-SK\"},{\"@type\":\"Organization\",\"@id\":\"https:\/\/www.elementvape.de\/#organization\",\"name\":\"ElementVape.DE\",\"url\":\"https:\/\/www.elementvape.de\/\",\"logo\":{\"@type\":\"ImageObject\",\"inLanguage\":\"sk-SK\",\"@id\":\"https:\/\/www.elementvape.de\/#\/schema\/logo\/image\/\",\"url\":\"https:\/\/www.elementvape.de\/wp-content\/uploads\/2024\/09\/cropped-1elementvape-3.png\",\"contentUrl\":\"https:\/\/www.elementvape.de\/wp-content\/uploads\/2024\/09\/cropped-1elementvape-3.png\",\"width\":285,\"height\":228,\"caption\":\"ElementVape.DE\"},\"image\":{\"@id\":\"https:\/\/www.elementvape.de\/#\/schema\/logo\/image\/\"}}]}<\/script>\n<!-- \/ Yoast SEO plugin. -->","yoast_head_json":{"title":"Lost Vape Epoch Pod System Kit 1000mAh | ElementVape.de","description":"Wir bieten Lost Vape Epoch Pod System Kit 1000mAh , Elementvape.de akzeptieren Gro\u00df-und Einzelhandel Bestellungen.","robots":{"index":"index","follow":"follow","max-snippet":"max-snippet:-1","max-image-preview":"max-image-preview:large","max-video-preview":"max-video-preview:-1"},"canonical":"https:\/\/www.elementvape.de\/sk\/produkt\/lost-vape-epoch-pod-system-kit-1000mah\/","og_locale":"sk_SK","og_type":"article","og_title":"Lost Vape Epoch Pod System Kit 1000mAh | ElementVape.de","og_description":"Wir bieten Lost Vape Epoch Pod System Kit 1000mAh , Elementvape.de akzeptieren Gro\u00df-und Einzelhandel Bestellungen.","og_url":"https:\/\/www.elementvape.de\/sk\/produkt\/lost-vape-epoch-pod-system-kit-1000mah\/","og_site_name":"ElementVape.de","article_modified_time":"2024-09-12T10:29:44+00:00","og_image":[{"width":800,"height":800,"url":"https:\/\/www.elementvape.de\/wp-content\/uploads\/2024\/06\/Epoch-Pod-Kit-1_46a034dc-a15c-42a4-8c43-a2f8a7e732b9.webp","type":"image\/webp"}],"twitter_card":"summary_large_image","twitter_misc":{"Est. reading time":"2 min\u00faty"},"schema":{"@context":"https:\/\/schema.org","@graph":[{"@type":"WebPage","@id":"https:\/\/www.elementvape.de\/fi\/produkt\/lost-vape-epoch-pod-system-kit-1000mah\/","url":"https:\/\/www.elementvape.de\/fi\/produkt\/lost-vape-epoch-pod-system-kit-1000mah\/","name":"Lost Vape Epoch Pod System Kit 1000mAh | ElementVape.de","isPartOf":{"@id":"https:\/\/www.elementvape.de\/#website"},"primaryImageOfPage":{"@id":"https:\/\/www.elementvape.de\/fi\/produkt\/lost-vape-epoch-pod-system-kit-1000mah\/#primaryimage"},"image":{"@id":"https:\/\/www.elementvape.de\/fi\/produkt\/lost-vape-epoch-pod-system-kit-1000mah\/#primaryimage"},"thumbnailUrl":"https:\/\/www.elementvape.de\/wp-content\/uploads\/2024\/06\/Epoch-Pod-Kit-1_46a034dc-a15c-42a4-8c43-a2f8a7e732b9.webp","datePublished":"2024-06-25T03:13:34+00:00","dateModified":"2024-09-12T10:29:44+00:00","description":"Wir bieten Lost Vape Epoch Pod System Kit 1000mAh , Elementvape.de akzeptieren Gro\u00df-und Einzelhandel Bestellungen.","breadcrumb":{"@id":"https:\/\/www.elementvape.de\/fi\/produkt\/lost-vape-epoch-pod-system-kit-1000mah\/#breadcrumb"},"inLanguage":"sk-SK","potentialAction":[{"@type":"ReadAction","target":["https:\/\/www.elementvape.de\/fi\/produkt\/lost-vape-epoch-pod-system-kit-1000mah\/"]}]},{"@type":"ImageObject","inLanguage":"sk-SK","@id":"https:\/\/www.elementvape.de\/fi\/produkt\/lost-vape-epoch-pod-system-kit-1000mah\/#primaryimage","url":"https:\/\/www.elementvape.de\/wp-content\/uploads\/2024\/06\/Epoch-Pod-Kit-1_46a034dc-a15c-42a4-8c43-a2f8a7e732b9.webp","contentUrl":"https:\/\/www.elementvape.de\/wp-content\/uploads\/2024\/06\/Epoch-Pod-Kit-1_46a034dc-a15c-42a4-8c43-a2f8a7e732b9.webp","width":800,"height":800,"caption":"Epoch-Pod-Kit-1_46a034dc-a15c-42a4-8c43-a2f8a7e732b9"},{"@type":"BreadcrumbList","@id":"https:\/\/www.elementvape.de\/fi\/produkt\/lost-vape-epoch-pod-system-kit-1000mah\/#breadcrumb","itemListElement":[{"@type":"ListItem","position":1,"name":"Home","item":"https:\/\/www.elementvape.de\/"},{"@type":"ListItem","position":2,"name":"Shop","item":"https:\/\/www.elementvape.de\/shop\/"},{"@type":"ListItem","position":3,"name":"Lost Vape Epoch Pod System Kit 1000mAh"}]},{"@type":"WebSite","@id":"https:\/\/www.elementvape.de\/#website","url":"https:\/\/www.elementvape.de\/","name":"ElementVape.de","description":"","publisher":{"@id":"https:\/\/www.elementvape.de\/#organization"},"potentialAction":[{"@type":"SearchAction","target":{"@type":"EntryPoint","urlTemplate":"https:\/\/www.elementvape.de\/?s={search_term_string}"},"query-input":"required name=search_term_string"}],"inLanguage":"sk-SK"},{"@type":"Organization","@id":"https:\/\/www.elementvape.de\/#organization","name":"ElementVape.DE","url":"https:\/\/www.elementvape.de\/","logo":{"@type":"ImageObject","inLanguage":"sk-SK","@id":"https:\/\/www.elementvape.de\/#\/schema\/logo\/image\/","url":"https:\/\/www.elementvape.de\/wp-content\/uploads\/2024\/09\/cropped-1elementvape-3.png","contentUrl":"https:\/\/www.elementvape.de\/wp-content\/uploads\/2024\/09\/cropped-1elementvape-3.png","width":285,"height":228,"caption":"ElementVape.DE"},"image":{"@id":"https:\/\/www.elementvape.de\/#\/schema\/logo\/image\/"}}]}},"_links":{"self":[{"href":"https:\/\/www.elementvape.de\/sk\/wp-json\/wp\/v2\/product\/13007"}],"collection":[{"href":"https:\/\/www.elementvape.de\/sk\/wp-json\/wp\/v2\/product"}],"about":[{"href":"https:\/\/www.elementvape.de\/sk\/wp-json\/wp\/v2\/types\/product"}],"wp:featuredmedia":[{"embeddable":true,"href":"https:\/\/www.elementvape.de\/sk\/wp-json\/wp\/v2\/media\/13014"}],"wp:attachment":[{"href":"https:\/\/www.elementvape.de\/sk\/wp-json\/wp\/v2\/media?parent=13007"}],"wp:term":[{"taxonomy":"product_cat","embeddable":true,"href":"https:\/\/www.elementvape.de\/sk\/wp-json\/wp\/v2\/product_cat?post=13007"},{"taxonomy":"product_tag","embeddable":true,"href":"https:\/\/www.elementvape.de\/sk\/wp-json\/wp\/v2\/product_tag?post=13007"}],"curies":[{"name":"wp","href":"https:\/\/api.w.org\/{rel}","templated":true}]}}