{"id":11598,"date":"2024-06-06T06:51:57","date_gmt":"2024-06-06T06:51:57","guid":{"rendered":"https:\/\/www.elementvape.de\/?post_type=product&#038;p=11598"},"modified":"2024-09-26T05:41:31","modified_gmt":"2024-09-26T05:41:31","slug":"randm-vase-600-einweg-vape-kaufen-600-zuege","status":"publish","type":"product","link":"https:\/\/www.elementvape.de\/sk\/produkt\/randm-vase-600-einweg-vape-kaufen-600-zuege\/","title":{"rendered":"RandM Vase 600 jednorazov\u00fdch vapov K\u00fapi\u0165 600 \u0165ahov"},"content":{"rendered":"<h3>Popis produktu: RandM V\u00e1za 600<\/h3>\n<p>T\u00e1to <strong>RandM V\u00e1za 600<\/strong> je \u0161t\u00fdlov\u00e9 jednorazov\u00e9 vape zariadenie, ktor\u00e9 v\u00e1m poskytne kompaktn\u00fd a z\u00e1rove\u0148 intenz\u00edvny z\u00e1\u017eitok z vapovania. S mno\u017estvom pr\u00edchut\u00ed a r\u00f4znymi \u00farov\u0148ami nikot\u00ednu je toto zariadenie ide\u00e1lne pre vapovanie, ktor\u00e9 ocenia pohodlie aj rozmanitos\u0165.<\/p>\n<h4>Hlavn\u00e9 vlastnosti:<\/h4>\n<ul>\n<li><strong>Mo\u017enosti nikot\u00ednu<\/strong>: Dostupn\u00e9 v 5 %, 3 %, 2 % a 0 % nikot\u00ednu.<\/li>\n<li><strong>Potiahnutia<\/strong>: A\u017e 600 potiahnut\u00ed na jedno zariadenie.<\/li>\n<li><strong>Objem<\/strong>: Obsahuje 2 ml e-\u0161\u0165avy.<\/li>\n<li><strong>Bat\u00e9ria<\/strong>: Vybaven\u00e9 600-mAh bat\u00e9riou.<\/li>\n<li><strong>Cievka<\/strong>: V\u00fdkonn\u00e1 mesh cievka pre intenz\u00edvny vapovac\u00ed z\u00e1\u017eitok.<\/li>\n<\/ul>\n<h4>Rozmanitos\u0165 pr\u00edchut\u00ed:<\/h4>\n<p>RandM V\u00e1za 600 pon\u00faka 14 r\u00f4znych pr\u00edchut\u00ed:<\/p>\n<ol>\n<li>Jablko-brosky\u0148a-hru\u0161ka<\/li>\n<li>\u010cu\u010doriedka \u017duva\u010dka<\/li>\n<li>\u010cere\u0161\u0148a-litschi<\/li>\n<li>Dra\u010dia limon\u00e1da<\/li>\n<li>Mango-Marhu\u013ea<\/li>\n<li>Zmie\u0161an\u00e9 bobule<\/li>\n<li>Passion Guava Grapefruit<\/li>\n<li>Ru\u017eov\u00e1 limon\u00e1da<\/li>\n<li>D\u00fahov\u00e1 cukrovinka<\/li>\n<li>\u010cerven\u00e1 Energia<\/li>\n<li>Jahodovo-mango<\/li>\n<li>Jahodov\u00e1 zmrzlina<\/li>\n<li>Tabak<\/li>\n<li>Chladn\u00e1 m\u00e4ta<\/li>\n<\/ol>\n<h4>Obsah balenia:<\/h4>\n<ul>\n<li>1 x RandM V\u00e1za 600 jednorazov\u00e9 vape (600 \u0165ahov)<\/li>\n<\/ul>\n<p>Tento pr\u00edstroj je ide\u00e1lny pre t\u00fdch, ktor\u00ed h\u013eadaj\u00fa \u013eahko ovl\u00e1date\u013en\u00e9 a prenosn\u00e9 vape zariadenie bez toho, aby museli obetova\u0165 chu\u0165 a mo\u017enosti nikot\u00ednu. RandM Vase 600 kombinuje atrakt\u00edvny dizajn s vynikaj\u00facim v\u00fdkonom a \u0161irokou \u0161k\u00e1lou chutn\u00fdch ar\u00f3m.<\/p>","protected":false},"excerpt":{"rendered":"<p>Produktbeschreibung: RandM Vase 600 Die RandM Vase 600 ist ein stilvolles Einweg-Vape-Ger\u00e4t, das Ihnen ein kompaktes und dennoch intensives Dampferlebnis bietet. Mit einer Vielzahl von Geschmacksrichtungen und verschiedenen Nikotinst\u00e4rken ist dieses Ger\u00e4t ideal f\u00fcr Dampfer, die sowohl Komfort als auch Vielfalt sch\u00e4tzen. Hauptmerkmale: Nikotinoptionen: Verf\u00fcgbar in 5 %, 3 %, 2 % und 0 % [&hellip;]<\/p>","protected":false},"featured_media":11599,"template":"","meta":{"inline_featured_image":false},"product_cat":[78,754,745,742,748,744,755,738,751],"product_tag":[679],"tiered_pricing_type":"fixed","tiered_pricing_fixed_rules":[],"tiered_pricing_percentage_rules":[],"tiered_pricing_minimum":1,"_administrator_tiered_pricing_type":"fixed","_administrator_tiered_pricing_fixed_rules":[],"_editor_tiered_pricing_type":"fixed","_editor_tiered_pricing_fixed_rules":[],"_author_tiered_pricing_type":"fixed","_author_tiered_pricing_fixed_rules":[],"_contributor_tiered_pricing_type":"fixed","_contributor_tiered_pricing_fixed_rules":[],"_subscriber_tiered_pricing_type":"fixed","_subscriber_tiered_pricing_fixed_rules":[],"_customer_tiered_pricing_type":"fixed","_customer_tiered_pricing_fixed_rules":[],"_shop_manager_tiered_pricing_type":"fixed","_shop_manager_tiered_pricing_fixed_rules":[],"_wpseo_manager_tiered_pricing_type":"fixed","_wpseo_manager_tiered_pricing_fixed_rules":[],"_wpseo_editor_tiered_pricing_type":"fixed","_wpseo_editor_tiered_pricing_fixed_rules":[],"_wholesale_customer_tiered_pricing_type":"fixed","_wholesale_customer_tiered_pricing_fixed_rules":[],"_marketer_tiered_pricing_type":"fixed","_marketer_tiered_pricing_fixed_rules":[],"_sales_manager_tiered_pricing_type":"fixed","_sales_manager_tiered_pricing_fixed_rules":[],"_sales_rep_tiered_pricing_type":"fixed","_sales_rep_tiered_pricing_fixed_rules":[],"yoast_head":"<!-- This site is optimized with the Yoast SEO plugin v23.3 - https:\/\/yoast.com\/wordpress\/plugins\/seo\/ -->\n<title>RandM Vase 600 Einweg-Vape Kaufen 600 Z\u00fcge | ElementVape.de<\/title>\n<meta name=\"description\" content=\"Wir bieten RandM Vase 600 Einweg-Vape Kaufen 600 Z\u00fcge , Elementvape.de akzeptieren Gro\u00df-und Einzelhandel Bestellungen.\" \/>\n<meta name=\"robots\" content=\"index, follow, max-snippet:-1, max-image-preview:large, max-video-preview:-1\" \/>\n<link rel=\"canonical\" href=\"https:\/\/www.elementvape.de\/sk\/produkt\/randm-vase-600-einweg-vape-kaufen-600-zuege\/\" \/>\n<meta property=\"og:locale\" content=\"sk_SK\" \/>\n<meta property=\"og:type\" content=\"article\" \/>\n<meta property=\"og:title\" content=\"RandM Vase 600 Einweg-Vape Kaufen 600 Z\u00fcge | ElementVape.de\" \/>\n<meta property=\"og:description\" content=\"Wir bieten RandM Vase 600 Einweg-Vape Kaufen 600 Z\u00fcge , Elementvape.de akzeptieren Gro\u00df-und Einzelhandel Bestellungen.\" \/>\n<meta property=\"og:url\" content=\"https:\/\/www.elementvape.de\/sk\/produkt\/randm-vase-600-einweg-vape-kaufen-600-zuege\/\" \/>\n<meta property=\"og:site_name\" content=\"ElementVape.de\" \/>\n<meta property=\"article:modified_time\" content=\"2024-09-26T05:41:31+00:00\" \/>\n<meta property=\"og:image\" content=\"https:\/\/www.elementvape.de\/wp-content\/uploads\/2024\/06\/RandMVase600_13.webp\" \/>\n\t<meta property=\"og:image:width\" content=\"800\" \/>\n\t<meta property=\"og:image:height\" content=\"800\" \/>\n\t<meta property=\"og:image:type\" content=\"image\/webp\" \/>\n<meta name=\"twitter:card\" content=\"summary_large_image\" \/>\n<meta name=\"twitter:label1\" content=\"Est. reading time\" \/>\n\t<meta name=\"twitter:data1\" content=\"2 min\u00faty\" \/>\n<script type=\"application\/ld+json\" class=\"yoast-schema-graph\">{\"@context\":\"https:\/\/schema.org\",\"@graph\":[{\"@type\":\"WebPage\",\"@id\":\"https:\/\/www.elementvape.de\/nl\/produkt\/randm-vase-600-einweg-vape-kaufen-600-zuege\/\",\"url\":\"https:\/\/www.elementvape.de\/nl\/produkt\/randm-vase-600-einweg-vape-kaufen-600-zuege\/\",\"name\":\"RandM Vase 600 Einweg-Vape Kaufen 600 Z\u00fcge | ElementVape.de\",\"isPartOf\":{\"@id\":\"https:\/\/www.elementvape.de\/#website\"},\"primaryImageOfPage\":{\"@id\":\"https:\/\/www.elementvape.de\/nl\/produkt\/randm-vase-600-einweg-vape-kaufen-600-zuege\/#primaryimage\"},\"image\":{\"@id\":\"https:\/\/www.elementvape.de\/nl\/produkt\/randm-vase-600-einweg-vape-kaufen-600-zuege\/#primaryimage\"},\"thumbnailUrl\":\"https:\/\/www.elementvape.de\/wp-content\/uploads\/2024\/06\/RandMVase600_13.webp\",\"datePublished\":\"2024-06-06T06:51:57+00:00\",\"dateModified\":\"2024-09-26T05:41:31+00:00\",\"description\":\"Wir bieten RandM Vase 600 Einweg-Vape Kaufen 600 Z\u00fcge , Elementvape.de akzeptieren Gro\u00df-und Einzelhandel Bestellungen.\",\"breadcrumb\":{\"@id\":\"https:\/\/www.elementvape.de\/nl\/produkt\/randm-vase-600-einweg-vape-kaufen-600-zuege\/#breadcrumb\"},\"inLanguage\":\"sk-SK\",\"potentialAction\":[{\"@type\":\"ReadAction\",\"target\":[\"https:\/\/www.elementvape.de\/nl\/produkt\/randm-vase-600-einweg-vape-kaufen-600-zuege\/\"]}]},{\"@type\":\"ImageObject\",\"inLanguage\":\"sk-SK\",\"@id\":\"https:\/\/www.elementvape.de\/nl\/produkt\/randm-vase-600-einweg-vape-kaufen-600-zuege\/#primaryimage\",\"url\":\"https:\/\/www.elementvape.de\/wp-content\/uploads\/2024\/06\/RandMVase600_13.webp\",\"contentUrl\":\"https:\/\/www.elementvape.de\/wp-content\/uploads\/2024\/06\/RandMVase600_13.webp\",\"width\":800,\"height\":800,\"caption\":\"RandMVase600_13\"},{\"@type\":\"BreadcrumbList\",\"@id\":\"https:\/\/www.elementvape.de\/nl\/produkt\/randm-vase-600-einweg-vape-kaufen-600-zuege\/#breadcrumb\",\"itemListElement\":[{\"@type\":\"ListItem\",\"position\":1,\"name\":\"Home\",\"item\":\"https:\/\/www.elementvape.de\/\"},{\"@type\":\"ListItem\",\"position\":2,\"name\":\"Shop\",\"item\":\"https:\/\/www.elementvape.de\/shop\/\"},{\"@type\":\"ListItem\",\"position\":3,\"name\":\"RandM Vase 600 Einweg-Vape Kaufen 600 Z\u00fcge\"}]},{\"@type\":\"WebSite\",\"@id\":\"https:\/\/www.elementvape.de\/#website\",\"url\":\"https:\/\/www.elementvape.de\/\",\"name\":\"ElementVape.de\",\"description\":\"\",\"publisher\":{\"@id\":\"https:\/\/www.elementvape.de\/#organization\"},\"potentialAction\":[{\"@type\":\"SearchAction\",\"target\":{\"@type\":\"EntryPoint\",\"urlTemplate\":\"https:\/\/www.elementvape.de\/?s={search_term_string}\"},\"query-input\":\"required name=search_term_string\"}],\"inLanguage\":\"sk-SK\"},{\"@type\":\"Organization\",\"@id\":\"https:\/\/www.elementvape.de\/#organization\",\"name\":\"ElementVape.DE\",\"url\":\"https:\/\/www.elementvape.de\/\",\"logo\":{\"@type\":\"ImageObject\",\"inLanguage\":\"sk-SK\",\"@id\":\"https:\/\/www.elementvape.de\/#\/schema\/logo\/image\/\",\"url\":\"https:\/\/www.elementvape.de\/wp-content\/uploads\/2024\/09\/cropped-1elementvape-3.png\",\"contentUrl\":\"https:\/\/www.elementvape.de\/wp-content\/uploads\/2024\/09\/cropped-1elementvape-3.png\",\"width\":285,\"height\":228,\"caption\":\"ElementVape.DE\"},\"image\":{\"@id\":\"https:\/\/www.elementvape.de\/#\/schema\/logo\/image\/\"}}]}<\/script>\n<!-- \/ Yoast SEO plugin. -->","yoast_head_json":{"title":"RandM Vase 600 Einweg-Vape Kaufen 600 Z\u00fcge | ElementVape.de","description":"Wir bieten RandM Vase 600 Einweg-Vape Kaufen 600 Z\u00fcge , Elementvape.de akzeptieren Gro\u00df-und Einzelhandel Bestellungen.","robots":{"index":"index","follow":"follow","max-snippet":"max-snippet:-1","max-image-preview":"max-image-preview:large","max-video-preview":"max-video-preview:-1"},"canonical":"https:\/\/www.elementvape.de\/sk\/produkt\/randm-vase-600-einweg-vape-kaufen-600-zuege\/","og_locale":"sk_SK","og_type":"article","og_title":"RandM Vase 600 Einweg-Vape Kaufen 600 Z\u00fcge | ElementVape.de","og_description":"Wir bieten RandM Vase 600 Einweg-Vape Kaufen 600 Z\u00fcge , Elementvape.de akzeptieren Gro\u00df-und Einzelhandel Bestellungen.","og_url":"https:\/\/www.elementvape.de\/sk\/produkt\/randm-vase-600-einweg-vape-kaufen-600-zuege\/","og_site_name":"ElementVape.de","article_modified_time":"2024-09-26T05:41:31+00:00","og_image":[{"width":800,"height":800,"url":"https:\/\/www.elementvape.de\/wp-content\/uploads\/2024\/06\/RandMVase600_13.webp","type":"image\/webp"}],"twitter_card":"summary_large_image","twitter_misc":{"Est. reading time":"2 min\u00faty"},"schema":{"@context":"https:\/\/schema.org","@graph":[{"@type":"WebPage","@id":"https:\/\/www.elementvape.de\/nl\/produkt\/randm-vase-600-einweg-vape-kaufen-600-zuege\/","url":"https:\/\/www.elementvape.de\/nl\/produkt\/randm-vase-600-einweg-vape-kaufen-600-zuege\/","name":"RandM Vase 600 Einweg-Vape Kaufen 600 Z\u00fcge | ElementVape.de","isPartOf":{"@id":"https:\/\/www.elementvape.de\/#website"},"primaryImageOfPage":{"@id":"https:\/\/www.elementvape.de\/nl\/produkt\/randm-vase-600-einweg-vape-kaufen-600-zuege\/#primaryimage"},"image":{"@id":"https:\/\/www.elementvape.de\/nl\/produkt\/randm-vase-600-einweg-vape-kaufen-600-zuege\/#primaryimage"},"thumbnailUrl":"https:\/\/www.elementvape.de\/wp-content\/uploads\/2024\/06\/RandMVase600_13.webp","datePublished":"2024-06-06T06:51:57+00:00","dateModified":"2024-09-26T05:41:31+00:00","description":"Wir bieten RandM Vase 600 Einweg-Vape Kaufen 600 Z\u00fcge , Elementvape.de akzeptieren Gro\u00df-und Einzelhandel Bestellungen.","breadcrumb":{"@id":"https:\/\/www.elementvape.de\/nl\/produkt\/randm-vase-600-einweg-vape-kaufen-600-zuege\/#breadcrumb"},"inLanguage":"sk-SK","potentialAction":[{"@type":"ReadAction","target":["https:\/\/www.elementvape.de\/nl\/produkt\/randm-vase-600-einweg-vape-kaufen-600-zuege\/"]}]},{"@type":"ImageObject","inLanguage":"sk-SK","@id":"https:\/\/www.elementvape.de\/nl\/produkt\/randm-vase-600-einweg-vape-kaufen-600-zuege\/#primaryimage","url":"https:\/\/www.elementvape.de\/wp-content\/uploads\/2024\/06\/RandMVase600_13.webp","contentUrl":"https:\/\/www.elementvape.de\/wp-content\/uploads\/2024\/06\/RandMVase600_13.webp","width":800,"height":800,"caption":"RandMVase600_13"},{"@type":"BreadcrumbList","@id":"https:\/\/www.elementvape.de\/nl\/produkt\/randm-vase-600-einweg-vape-kaufen-600-zuege\/#breadcrumb","itemListElement":[{"@type":"ListItem","position":1,"name":"Home","item":"https:\/\/www.elementvape.de\/"},{"@type":"ListItem","position":2,"name":"Shop","item":"https:\/\/www.elementvape.de\/shop\/"},{"@type":"ListItem","position":3,"name":"RandM Vase 600 Einweg-Vape Kaufen 600 Z\u00fcge"}]},{"@type":"WebSite","@id":"https:\/\/www.elementvape.de\/#website","url":"https:\/\/www.elementvape.de\/","name":"ElementVape.de","description":"","publisher":{"@id":"https:\/\/www.elementvape.de\/#organization"},"potentialAction":[{"@type":"SearchAction","target":{"@type":"EntryPoint","urlTemplate":"https:\/\/www.elementvape.de\/?s={search_term_string}"},"query-input":"required name=search_term_string"}],"inLanguage":"sk-SK"},{"@type":"Organization","@id":"https:\/\/www.elementvape.de\/#organization","name":"ElementVape.DE","url":"https:\/\/www.elementvape.de\/","logo":{"@type":"ImageObject","inLanguage":"sk-SK","@id":"https:\/\/www.elementvape.de\/#\/schema\/logo\/image\/","url":"https:\/\/www.elementvape.de\/wp-content\/uploads\/2024\/09\/cropped-1elementvape-3.png","contentUrl":"https:\/\/www.elementvape.de\/wp-content\/uploads\/2024\/09\/cropped-1elementvape-3.png","width":285,"height":228,"caption":"ElementVape.DE"},"image":{"@id":"https:\/\/www.elementvape.de\/#\/schema\/logo\/image\/"}}]}},"_links":{"self":[{"href":"https:\/\/www.elementvape.de\/sk\/wp-json\/wp\/v2\/product\/11598"}],"collection":[{"href":"https:\/\/www.elementvape.de\/sk\/wp-json\/wp\/v2\/product"}],"about":[{"href":"https:\/\/www.elementvape.de\/sk\/wp-json\/wp\/v2\/types\/product"}],"wp:featuredmedia":[{"embeddable":true,"href":"https:\/\/www.elementvape.de\/sk\/wp-json\/wp\/v2\/media\/11599"}],"wp:attachment":[{"href":"https:\/\/www.elementvape.de\/sk\/wp-json\/wp\/v2\/media?parent=11598"}],"wp:term":[{"taxonomy":"product_cat","embeddable":true,"href":"https:\/\/www.elementvape.de\/sk\/wp-json\/wp\/v2\/product_cat?post=11598"},{"taxonomy":"product_tag","embeddable":true,"href":"https:\/\/www.elementvape.de\/sk\/wp-json\/wp\/v2\/product_tag?post=11598"}],"curies":[{"name":"wp","href":"https:\/\/api.w.org\/{rel}","templated":true}]}}