{"id":11542,"date":"2024-06-04T09:51:07","date_gmt":"2024-06-04T09:51:07","guid":{"rendered":"https:\/\/www.elementvape.de\/?post_type=product&#038;p=11542"},"modified":"2024-09-12T10:36:30","modified_gmt":"2024-09-12T10:36:30","slug":"exvape-expod-einweg-e-zigarette-20mg","status":"publish","type":"product","link":"https:\/\/www.elementvape.de\/sk\/produkt\/exvape-expod-einweg-e-zigarette-20mg\/","title":{"rendered":"EXVAPE EXPOD Jednorazov\u00e1 elektronick\u00e1 cigareta 20mg"},"content":{"rendered":"<h2>EXPOD \u2013 JEDNOR\u00c1ZOV\u00c1 E-CIGARETA:<\/h2>\n<p>EXPOD e-cigareta od EXVAPE\u00ae je \u013eahko ovl\u00e1date\u013en\u00e1 jednorazov\u00e1 e-cigareta. V\u0161etko, \u010do potrebujete na vapovanie, je u\u017e integrovan\u00e9, sta\u010d\u00ed ju rozbali\u0165 a za\u010da\u0165 vapova\u0165.<\/p>\n<p>Jednorazov\u00e1 e-cigareta je ide\u00e1lnou vo\u013ebou ako vstup do vapovania. Nemus\u00edte zariadenie nab\u00edja\u0165, plni\u0165 alebo nastavova\u0165. E-cigareta m\u00e1 automatick\u00e9 \u0165ahanie. Sta\u010d\u00ed \u0165aha\u0165 z \u00fastnika, aby sa aktivovalo a vytvoril sa dym na inhal\u00e1ciu. Zariadenie je ur\u010den\u00e9 na vapovanie met\u00f3dou MTL (\u00fastami do p\u013e\u00fac), pri ktorej najsk\u00f4r inhalujete dym do \u00fast a potom do p\u013e\u00fac, podobne ako pri be\u017enej cigarete.<\/p>\n<p>EXPOD e-cigareta s integrovanou bat\u00e9riou 400mAh a predplnen\u00fdm 2ml n\u00e1pl\u0148ou umo\u017e\u0148uje a\u017e 600 \u0165ahov. To zodpoved\u00e1 pribli\u017ene 2 krabi\u010dk\u00e1m be\u017en\u00fdch cigariet (40 kusov), ak predpoklad\u00e1me, \u017ee pri jednej cigarete \u0165ah\u00e1te pribli\u017ene 10-15-kr\u00e1t. Ke\u010f sa n\u00e1pl\u0148 alebo bat\u00e9ria vy\u010derp\u00e1, vymen\u00edte ju za nov\u00e9 zariadenie.<\/p>\n<p>E-cigareta je naplnen\u00e1 nikot\u00ednov\u00fdm so\u013en\u00fdm liquidom s obsahom nikot\u00ednu 20mg\/ml, \u010do zodpoved\u00e1 percentu\u00e1lnemu obsahu nikot\u00ednu 2%. Nikot\u00ednov\u00e9 soli sa, na rozdiel od be\u017en\u00e9ho nikot\u00ednu, r\u00fdchlej\u0161ie vstreb\u00e1vaj\u00fa telom a sp\u00f4sobuj\u00fa jemnej\u0161ie \u0161krabanie v hrdle, \u010d\u00edm lep\u0161ie napodob\u0148uj\u00fa faj\u010denie a r\u00fdchlej\u0161ie zni\u017euj\u00fa t\u00fa\u017ebu po nikot\u00edne.<\/p>\n<h3>EXPOD JE K DISPOZ\u00cdCI\u00cd V 12 R\u00d4ZNYCH CHUTIACH:<\/h3>\n<p>Blueberry Ice: Lahodn\u00e9 \u010du\u010doriedky spojen\u00e9 s \u013eadovou svie\u017eos\u0165ou.<br \/>\nCool Mint: Svie\u017ea m\u00e4ta s mentholom a \u013eadovou chladivos\u0165ou.<br \/>\nFruit Mix: Lahodn\u00e1 zmes r\u00f4znych ovocia s n\u00e1dychom chladu.<br \/>\nGreen Apple Ice: Zelen\u00e9 jablko spojen\u00e9 s \u013eadovou svie\u017eos\u0165ou.<br \/>\nLemon Cake: N\u00e1dherne chutn\u00fd citr\u00f3nov\u00fd kol\u00e1\u010d.<br \/>\nMango Ice: Tropick\u00e9 mango s \u013eadovou svie\u017eos\u0165ou.<br \/>\nMelon Ice: Lahodn\u00e1 mel\u00f3nov\u00e1 zmes spojen\u00e1 s chladom.<br \/>\nMint Tobacco: Najjemnej\u0161ia tabakov\u00e1 zmes s mentholom a m\u00e4tou.<br \/>\nMixed Berries: Ovocn\u00e1 zmes r\u00f4znych bob\u00fa\u013e.<br \/>\nStrawberry Ice: \u010cerstv\u00e9 jahody s \u013eadovou svie\u017eos\u0165ou.<br \/>\nTobacco Classic: Jemn\u00fd a elegantn\u00fd tabak.<br \/>\nVanilla Custard: N\u00e1dherne kr\u00e9mov\u00fd vanilkov\u00fd puding.<\/p>","protected":false},"excerpt":{"rendered":"<p>EXPOD &#8211; EINWEG POD E-ZIGARETTE: Die EXPOD E-Zigarette von EXVAPE\u00ae ist eine leicht zu bedienende Einweg E-Zigarette. Alles was Sie zum Dampfen ben\u00f6tigen ist schon integriert, einfach auspacken und los dampfen. Die Einweg E-Zigarette ist die perfekte Wahl als Einstieg in das Dampfen. Sie m\u00fcssen das Ger\u00e4t weder aufladen, noch bef\u00fcllen oder irgendwelche Einstellungen vornehmen. [&hellip;]<\/p>","protected":false},"featured_media":11543,"template":"","meta":{"inline_featured_image":false},"product_cat":[78,754,745,742,748,744,755,738,751],"product_tag":[679],"tiered_pricing_type":"fixed","tiered_pricing_fixed_rules":[],"tiered_pricing_percentage_rules":[],"tiered_pricing_minimum":1,"_administrator_tiered_pricing_type":"fixed","_administrator_tiered_pricing_fixed_rules":[],"_editor_tiered_pricing_type":"fixed","_editor_tiered_pricing_fixed_rules":[],"_author_tiered_pricing_type":"fixed","_author_tiered_pricing_fixed_rules":[],"_contributor_tiered_pricing_type":"fixed","_contributor_tiered_pricing_fixed_rules":[],"_subscriber_tiered_pricing_type":"fixed","_subscriber_tiered_pricing_fixed_rules":[],"_customer_tiered_pricing_type":"fixed","_customer_tiered_pricing_fixed_rules":[],"_shop_manager_tiered_pricing_type":"fixed","_shop_manager_tiered_pricing_fixed_rules":[],"_wpseo_manager_tiered_pricing_type":"fixed","_wpseo_manager_tiered_pricing_fixed_rules":[],"_wpseo_editor_tiered_pricing_type":"fixed","_wpseo_editor_tiered_pricing_fixed_rules":[],"_wholesale_customer_tiered_pricing_type":"fixed","_wholesale_customer_tiered_pricing_fixed_rules":[],"_marketer_tiered_pricing_type":"fixed","_marketer_tiered_pricing_fixed_rules":[],"_sales_manager_tiered_pricing_type":"fixed","_sales_manager_tiered_pricing_fixed_rules":[],"_sales_rep_tiered_pricing_type":"fixed","_sales_rep_tiered_pricing_fixed_rules":[],"yoast_head":"<!-- This site is optimized with the Yoast SEO plugin v23.3 - https:\/\/yoast.com\/wordpress\/plugins\/seo\/ -->\n<title>EXVAPE EXPOD Einweg-E-Zigarette 20mg | ElementVape.de<\/title>\n<meta name=\"description\" content=\"Wir bieten EXVAPE EXPOD Einweg-E-Zigarette 20mg , Elementvape.de akzeptieren Gro\u00df-und Einzelhandel Bestellungen.\" \/>\n<meta name=\"robots\" content=\"index, follow, max-snippet:-1, max-image-preview:large, max-video-preview:-1\" \/>\n<link rel=\"canonical\" href=\"https:\/\/www.elementvape.de\/sk\/produkt\/exvape-expod-einweg-e-zigarette-20mg\/\" \/>\n<meta property=\"og:locale\" content=\"sk_SK\" \/>\n<meta property=\"og:type\" content=\"article\" \/>\n<meta property=\"og:title\" content=\"EXVAPE EXPOD Einweg-E-Zigarette 20mg | ElementVape.de\" \/>\n<meta property=\"og:description\" content=\"Wir bieten EXVAPE EXPOD Einweg-E-Zigarette 20mg , Elementvape.de akzeptieren Gro\u00df-und Einzelhandel Bestellungen.\" \/>\n<meta property=\"og:url\" content=\"https:\/\/www.elementvape.de\/sk\/produkt\/exvape-expod-einweg-e-zigarette-20mg\/\" \/>\n<meta property=\"og:site_name\" content=\"ElementVape.de\" \/>\n<meta property=\"article:modified_time\" content=\"2024-09-12T10:36:30+00:00\" \/>\n<meta property=\"og:image\" content=\"https:\/\/www.elementvape.de\/wp-content\/uploads\/2024\/06\/exvape-expod-einweg-e-zigarette-melon-ice-20-mg.jpg\" \/>\n\t<meta property=\"og:image:width\" content=\"1000\" \/>\n\t<meta property=\"og:image:height\" content=\"1000\" \/>\n\t<meta property=\"og:image:type\" content=\"image\/jpeg\" \/>\n<meta name=\"twitter:card\" content=\"summary_large_image\" \/>\n<meta name=\"twitter:label1\" content=\"Est. reading time\" \/>\n\t<meta name=\"twitter:data1\" content=\"3 min\u00faty\" \/>\n<script type=\"application\/ld+json\" class=\"yoast-schema-graph\">{\"@context\":\"https:\/\/schema.org\",\"@graph\":[{\"@type\":\"WebPage\",\"@id\":\"https:\/\/www.elementvape.de\/nl\/produkt\/exvape-expod-einweg-e-zigarette-20mg\/\",\"url\":\"https:\/\/www.elementvape.de\/nl\/produkt\/exvape-expod-einweg-e-zigarette-20mg\/\",\"name\":\"EXVAPE EXPOD Einweg-E-Zigarette 20mg | ElementVape.de\",\"isPartOf\":{\"@id\":\"https:\/\/www.elementvape.de\/#website\"},\"primaryImageOfPage\":{\"@id\":\"https:\/\/www.elementvape.de\/nl\/produkt\/exvape-expod-einweg-e-zigarette-20mg\/#primaryimage\"},\"image\":{\"@id\":\"https:\/\/www.elementvape.de\/nl\/produkt\/exvape-expod-einweg-e-zigarette-20mg\/#primaryimage\"},\"thumbnailUrl\":\"https:\/\/www.elementvape.de\/wp-content\/uploads\/2024\/06\/exvape-expod-einweg-e-zigarette-melon-ice-20-mg.jpg\",\"datePublished\":\"2024-06-04T09:51:07+00:00\",\"dateModified\":\"2024-09-12T10:36:30+00:00\",\"description\":\"Wir bieten EXVAPE EXPOD Einweg-E-Zigarette 20mg , Elementvape.de akzeptieren Gro\u00df-und Einzelhandel Bestellungen.\",\"breadcrumb\":{\"@id\":\"https:\/\/www.elementvape.de\/nl\/produkt\/exvape-expod-einweg-e-zigarette-20mg\/#breadcrumb\"},\"inLanguage\":\"sk-SK\",\"potentialAction\":[{\"@type\":\"ReadAction\",\"target\":[\"https:\/\/www.elementvape.de\/nl\/produkt\/exvape-expod-einweg-e-zigarette-20mg\/\"]}]},{\"@type\":\"ImageObject\",\"inLanguage\":\"sk-SK\",\"@id\":\"https:\/\/www.elementvape.de\/nl\/produkt\/exvape-expod-einweg-e-zigarette-20mg\/#primaryimage\",\"url\":\"https:\/\/www.elementvape.de\/wp-content\/uploads\/2024\/06\/exvape-expod-einweg-e-zigarette-melon-ice-20-mg.jpg\",\"contentUrl\":\"https:\/\/www.elementvape.de\/wp-content\/uploads\/2024\/06\/exvape-expod-einweg-e-zigarette-melon-ice-20-mg.jpg\",\"width\":1000,\"height\":1000,\"caption\":\"exvape-expod-einweg-e-zigarette-melon-ice-20-mg\"},{\"@type\":\"BreadcrumbList\",\"@id\":\"https:\/\/www.elementvape.de\/nl\/produkt\/exvape-expod-einweg-e-zigarette-20mg\/#breadcrumb\",\"itemListElement\":[{\"@type\":\"ListItem\",\"position\":1,\"name\":\"Home\",\"item\":\"https:\/\/www.elementvape.de\/\"},{\"@type\":\"ListItem\",\"position\":2,\"name\":\"Shop\",\"item\":\"https:\/\/www.elementvape.de\/shop\/\"},{\"@type\":\"ListItem\",\"position\":3,\"name\":\"EXVAPE EXPOD Einweg-E-Zigarette 20mg\"}]},{\"@type\":\"WebSite\",\"@id\":\"https:\/\/www.elementvape.de\/#website\",\"url\":\"https:\/\/www.elementvape.de\/\",\"name\":\"ElementVape.de\",\"description\":\"\",\"publisher\":{\"@id\":\"https:\/\/www.elementvape.de\/#organization\"},\"potentialAction\":[{\"@type\":\"SearchAction\",\"target\":{\"@type\":\"EntryPoint\",\"urlTemplate\":\"https:\/\/www.elementvape.de\/?s={search_term_string}\"},\"query-input\":\"required name=search_term_string\"}],\"inLanguage\":\"sk-SK\"},{\"@type\":\"Organization\",\"@id\":\"https:\/\/www.elementvape.de\/#organization\",\"name\":\"ElementVape.DE\",\"url\":\"https:\/\/www.elementvape.de\/\",\"logo\":{\"@type\":\"ImageObject\",\"inLanguage\":\"sk-SK\",\"@id\":\"https:\/\/www.elementvape.de\/#\/schema\/logo\/image\/\",\"url\":\"https:\/\/www.elementvape.de\/wp-content\/uploads\/2024\/09\/cropped-1elementvape-3.png\",\"contentUrl\":\"https:\/\/www.elementvape.de\/wp-content\/uploads\/2024\/09\/cropped-1elementvape-3.png\",\"width\":285,\"height\":228,\"caption\":\"ElementVape.DE\"},\"image\":{\"@id\":\"https:\/\/www.elementvape.de\/#\/schema\/logo\/image\/\"}}]}<\/script>\n<!-- \/ Yoast SEO plugin. -->","yoast_head_json":{"title":"EXVAPE EXPOD Einweg-E-Zigarette 20mg | ElementVape.de","description":"Wir bieten EXVAPE EXPOD Einweg-E-Zigarette 20mg , Elementvape.de akzeptieren Gro\u00df-und Einzelhandel Bestellungen.","robots":{"index":"index","follow":"follow","max-snippet":"max-snippet:-1","max-image-preview":"max-image-preview:large","max-video-preview":"max-video-preview:-1"},"canonical":"https:\/\/www.elementvape.de\/sk\/produkt\/exvape-expod-einweg-e-zigarette-20mg\/","og_locale":"sk_SK","og_type":"article","og_title":"EXVAPE EXPOD Einweg-E-Zigarette 20mg | ElementVape.de","og_description":"Wir bieten EXVAPE EXPOD Einweg-E-Zigarette 20mg , Elementvape.de akzeptieren Gro\u00df-und Einzelhandel Bestellungen.","og_url":"https:\/\/www.elementvape.de\/sk\/produkt\/exvape-expod-einweg-e-zigarette-20mg\/","og_site_name":"ElementVape.de","article_modified_time":"2024-09-12T10:36:30+00:00","og_image":[{"width":1000,"height":1000,"url":"https:\/\/www.elementvape.de\/wp-content\/uploads\/2024\/06\/exvape-expod-einweg-e-zigarette-melon-ice-20-mg.jpg","type":"image\/jpeg"}],"twitter_card":"summary_large_image","twitter_misc":{"Est. reading time":"3 min\u00faty"},"schema":{"@context":"https:\/\/schema.org","@graph":[{"@type":"WebPage","@id":"https:\/\/www.elementvape.de\/nl\/produkt\/exvape-expod-einweg-e-zigarette-20mg\/","url":"https:\/\/www.elementvape.de\/nl\/produkt\/exvape-expod-einweg-e-zigarette-20mg\/","name":"EXVAPE EXPOD Einweg-E-Zigarette 20mg | ElementVape.de","isPartOf":{"@id":"https:\/\/www.elementvape.de\/#website"},"primaryImageOfPage":{"@id":"https:\/\/www.elementvape.de\/nl\/produkt\/exvape-expod-einweg-e-zigarette-20mg\/#primaryimage"},"image":{"@id":"https:\/\/www.elementvape.de\/nl\/produkt\/exvape-expod-einweg-e-zigarette-20mg\/#primaryimage"},"thumbnailUrl":"https:\/\/www.elementvape.de\/wp-content\/uploads\/2024\/06\/exvape-expod-einweg-e-zigarette-melon-ice-20-mg.jpg","datePublished":"2024-06-04T09:51:07+00:00","dateModified":"2024-09-12T10:36:30+00:00","description":"Wir bieten EXVAPE EXPOD Einweg-E-Zigarette 20mg , Elementvape.de akzeptieren Gro\u00df-und Einzelhandel Bestellungen.","breadcrumb":{"@id":"https:\/\/www.elementvape.de\/nl\/produkt\/exvape-expod-einweg-e-zigarette-20mg\/#breadcrumb"},"inLanguage":"sk-SK","potentialAction":[{"@type":"ReadAction","target":["https:\/\/www.elementvape.de\/nl\/produkt\/exvape-expod-einweg-e-zigarette-20mg\/"]}]},{"@type":"ImageObject","inLanguage":"sk-SK","@id":"https:\/\/www.elementvape.de\/nl\/produkt\/exvape-expod-einweg-e-zigarette-20mg\/#primaryimage","url":"https:\/\/www.elementvape.de\/wp-content\/uploads\/2024\/06\/exvape-expod-einweg-e-zigarette-melon-ice-20-mg.jpg","contentUrl":"https:\/\/www.elementvape.de\/wp-content\/uploads\/2024\/06\/exvape-expod-einweg-e-zigarette-melon-ice-20-mg.jpg","width":1000,"height":1000,"caption":"exvape-expod-einweg-e-zigarette-melon-ice-20-mg"},{"@type":"BreadcrumbList","@id":"https:\/\/www.elementvape.de\/nl\/produkt\/exvape-expod-einweg-e-zigarette-20mg\/#breadcrumb","itemListElement":[{"@type":"ListItem","position":1,"name":"Home","item":"https:\/\/www.elementvape.de\/"},{"@type":"ListItem","position":2,"name":"Shop","item":"https:\/\/www.elementvape.de\/shop\/"},{"@type":"ListItem","position":3,"name":"EXVAPE EXPOD Einweg-E-Zigarette 20mg"}]},{"@type":"WebSite","@id":"https:\/\/www.elementvape.de\/#website","url":"https:\/\/www.elementvape.de\/","name":"ElementVape.de","description":"","publisher":{"@id":"https:\/\/www.elementvape.de\/#organization"},"potentialAction":[{"@type":"SearchAction","target":{"@type":"EntryPoint","urlTemplate":"https:\/\/www.elementvape.de\/?s={search_term_string}"},"query-input":"required name=search_term_string"}],"inLanguage":"sk-SK"},{"@type":"Organization","@id":"https:\/\/www.elementvape.de\/#organization","name":"ElementVape.DE","url":"https:\/\/www.elementvape.de\/","logo":{"@type":"ImageObject","inLanguage":"sk-SK","@id":"https:\/\/www.elementvape.de\/#\/schema\/logo\/image\/","url":"https:\/\/www.elementvape.de\/wp-content\/uploads\/2024\/09\/cropped-1elementvape-3.png","contentUrl":"https:\/\/www.elementvape.de\/wp-content\/uploads\/2024\/09\/cropped-1elementvape-3.png","width":285,"height":228,"caption":"ElementVape.DE"},"image":{"@id":"https:\/\/www.elementvape.de\/#\/schema\/logo\/image\/"}}]}},"_links":{"self":[{"href":"https:\/\/www.elementvape.de\/sk\/wp-json\/wp\/v2\/product\/11542"}],"collection":[{"href":"https:\/\/www.elementvape.de\/sk\/wp-json\/wp\/v2\/product"}],"about":[{"href":"https:\/\/www.elementvape.de\/sk\/wp-json\/wp\/v2\/types\/product"}],"wp:featuredmedia":[{"embeddable":true,"href":"https:\/\/www.elementvape.de\/sk\/wp-json\/wp\/v2\/media\/11543"}],"wp:attachment":[{"href":"https:\/\/www.elementvape.de\/sk\/wp-json\/wp\/v2\/media?parent=11542"}],"wp:term":[{"taxonomy":"product_cat","embeddable":true,"href":"https:\/\/www.elementvape.de\/sk\/wp-json\/wp\/v2\/product_cat?post=11542"},{"taxonomy":"product_tag","embeddable":true,"href":"https:\/\/www.elementvape.de\/sk\/wp-json\/wp\/v2\/product_tag?post=11542"}],"curies":[{"name":"wp","href":"https:\/\/api.w.org\/{rel}","templated":true}]}}