{"id":11052,"date":"2024-05-29T07:48:58","date_gmt":"2024-05-29T07:48:58","guid":{"rendered":"https:\/\/www.elementvape.de\/?post_type=product&#038;p=11052"},"modified":"2024-09-12T10:36:42","modified_gmt":"2024-09-12T10:36:42","slug":"geek-bar-j1-pod-2stk","status":"publish","type":"product","link":"https:\/\/www.elementvape.de\/sk\/produkt\/geek-bar-j1-pod-2stk\/","title":{"rendered":"Geek Bar J1 Pod 2ks"},"content":{"rendered":"<p>Popis<br \/>\nElement Vape je jedn\u00fdm z najv\u00e4\u010d\u0161\u00edch ve\u013ekoobchodn\u00edkov a dod\u00e1vate\u013eov produktov Geek Bar Vape na Slovensku. Dod\u00e1vame produkty Geek Bar Vape najvy\u0161\u0161ej kvality. Pr\u00ed\u010fte k n\u00e1m. K\u00fapte si produkty Geek Bar J1 Pod za najlep\u0161ie ve\u013ekoobchodn\u00e9 ceny. Geek Bar J1 je kompaktn\u00e9, vymenite\u013en\u00e9 zariadenie na pod, ktor\u00e9 je mo\u017en\u00e9 opakovane pou\u017e\u00edva\u0165 nab\u00edjan\u00edm a v\u00fdmenou podov. Vstavan\u00e1 sie\u0165ov\u00e1 cievka umo\u017e\u0148uje r\u00fdchlej\u0161ie zahrievanie e-liquidov, tak\u017ee poc\u00edtite siln\u00e9, jemn\u00e9 \u0165ahy v hrdle. M\u00e1 gumov\u00fd lak, ktor\u00fd sa jemne dot\u00fdka a je va\u0161\u00edm dokonal\u00fdm spolo\u010dn\u00edkom na vapovanie na cest\u00e1ch.<\/p>\n<p><span>Ar\u00f3my<\/span><br \/>\n<span>Vodn\u00e9 mel\u00f3nov\u00e9 \u013eadov\u00e9 limetky<\/span><br \/>\n<span>Kaktus<\/span><br \/>\n<span>Ru\u017eov\u00e1 limon\u00e1da<\/span><br \/>\n<span>Kivi, marakuja, guava<\/span><br \/>\n<span>Tropick\u00e9 ovocie<\/span><br \/>\n<span>Limetka s \u010dere\u0161\u0148ovou farbou<\/span><br \/>\n<span>Mojito<\/span><br \/>\n<span>Cola \u013ead<\/span><br \/>\n<span>Z\u00e1zvorov\u00e1 soda<\/span><br \/>\n<span>Mangov\u00fd smoothie<\/span><br \/>\n<span>Syrov\u00e9 \u010du\u010doriedkov\u00e9 \u017eel\u00e9<\/span><br \/>\n<span>Pomaran\u010d Vanilka<\/span><br \/>\n<span>Tropick\u00fd Skittles Blast<\/span><\/p>\n<p><span>Parametre<\/span><br \/>\n<span>E-\u0161\u0165ava: 2 ml predplnen\u00e9<\/span><br \/>\n<span>Z\u00e1\u017eitky: A\u017e 600 z\u00e1\u017eitkov<\/span><br \/>\n<span>Nikot\u00edn: 20 mg<\/span><br \/>\n<span>Ar\u00f3my: 13<\/span><\/p>\n<p><span>Bal\u00ed\u010dky<\/span><br \/>\n<span>1 x Geek Bar J1 Pod 2 kusy<\/span><\/p>","protected":false},"excerpt":{"rendered":"<p>Beschreibung Element Vape ist einer der gr\u00f6\u00dften Gro\u00dfh\u00e4ndler und Lieferanten von Geek Bar Vape-Produkten in China. Wir liefern Geek Bar Vape-Produkte h\u00f6chster Qualit\u00e4t. Kommen Sie zu uns. Kaufen Sie Geek Bar J1 Pod-Produkte zu den besten Gro\u00dfhandelspreisen. Geek Bar J1 ist ein kompaktes, austauschbares Pod-Ger\u00e4t, das durch Laden und Wechseln der Pods wiederverwendet werden kann. [&hellip;]<\/p>","protected":false},"featured_media":11066,"template":"","meta":{"inline_featured_image":false},"product_cat":[15,754,745,742,748,744,755,738,751,76],"product_tag":[],"tiered_pricing_type":"fixed","tiered_pricing_fixed_rules":[],"tiered_pricing_percentage_rules":[],"tiered_pricing_minimum":1,"_administrator_tiered_pricing_type":"fixed","_administrator_tiered_pricing_fixed_rules":[],"_editor_tiered_pricing_type":"fixed","_editor_tiered_pricing_fixed_rules":[],"_author_tiered_pricing_type":"fixed","_author_tiered_pricing_fixed_rules":[],"_contributor_tiered_pricing_type":"fixed","_contributor_tiered_pricing_fixed_rules":[],"_subscriber_tiered_pricing_type":"fixed","_subscriber_tiered_pricing_fixed_rules":[],"_customer_tiered_pricing_type":"fixed","_customer_tiered_pricing_fixed_rules":[],"_shop_manager_tiered_pricing_type":"fixed","_shop_manager_tiered_pricing_fixed_rules":[],"_wpseo_manager_tiered_pricing_type":"fixed","_wpseo_manager_tiered_pricing_fixed_rules":[],"_wpseo_editor_tiered_pricing_type":"fixed","_wpseo_editor_tiered_pricing_fixed_rules":[],"_wholesale_customer_tiered_pricing_type":"fixed","_wholesale_customer_tiered_pricing_fixed_rules":[],"_marketer_tiered_pricing_type":"fixed","_marketer_tiered_pricing_fixed_rules":[],"_sales_manager_tiered_pricing_type":"fixed","_sales_manager_tiered_pricing_fixed_rules":[],"_sales_rep_tiered_pricing_type":"fixed","_sales_rep_tiered_pricing_fixed_rules":[],"yoast_head":"<!-- This site is optimized with the Yoast SEO plugin v23.3 - https:\/\/yoast.com\/wordpress\/plugins\/seo\/ -->\n<title>Geek Bar J1 Pod 2Stk | ElementVape.de<\/title>\n<meta name=\"description\" content=\"Wir bieten Geek Bar J1 Pod 2Stk , Elementvape.de akzeptieren Gro\u00df-und Einzelhandel Bestellungen.\" \/>\n<meta name=\"robots\" content=\"index, follow, max-snippet:-1, max-image-preview:large, max-video-preview:-1\" \/>\n<link rel=\"canonical\" href=\"https:\/\/www.elementvape.de\/sk\/produkt\/geek-bar-j1-pod-2stk\/\" \/>\n<meta property=\"og:locale\" content=\"sk_SK\" \/>\n<meta property=\"og:type\" content=\"article\" \/>\n<meta property=\"og:title\" content=\"Geek Bar J1 Pod 2Stk | ElementVape.de\" \/>\n<meta property=\"og:description\" content=\"Wir bieten Geek Bar J1 Pod 2Stk , Elementvape.de akzeptieren Gro\u00df-und Einzelhandel Bestellungen.\" \/>\n<meta property=\"og:url\" content=\"https:\/\/www.elementvape.de\/sk\/produkt\/geek-bar-j1-pod-2stk\/\" \/>\n<meta property=\"og:site_name\" content=\"ElementVape.de\" \/>\n<meta property=\"article:modified_time\" content=\"2024-09-12T10:36:42+00:00\" \/>\n<meta property=\"og:image\" content=\"https:\/\/www.elementvape.de\/wp-content\/uploads\/2024\/05\/Geek-bar-J1-Pod-2Pcs-2.jpg\" \/>\n\t<meta property=\"og:image:width\" content=\"800\" \/>\n\t<meta property=\"og:image:height\" content=\"800\" \/>\n\t<meta property=\"og:image:type\" content=\"image\/jpeg\" \/>\n<meta name=\"twitter:card\" content=\"summary_large_image\" \/>\n<meta name=\"twitter:label1\" content=\"Est. reading time\" \/>\n\t<meta name=\"twitter:data1\" content=\"1 min\u00fata\" \/>\n<script type=\"application\/ld+json\" class=\"yoast-schema-graph\">{\"@context\":\"https:\/\/schema.org\",\"@graph\":[{\"@type\":\"WebPage\",\"@id\":\"https:\/\/www.elementvape.de\/da\/produkt\/geek-bar-j1-pod-2stk\/\",\"url\":\"https:\/\/www.elementvape.de\/da\/produkt\/geek-bar-j1-pod-2stk\/\",\"name\":\"Geek Bar J1 Pod 2Stk | ElementVape.de\",\"isPartOf\":{\"@id\":\"https:\/\/www.elementvape.de\/#website\"},\"primaryImageOfPage\":{\"@id\":\"https:\/\/www.elementvape.de\/da\/produkt\/geek-bar-j1-pod-2stk\/#primaryimage\"},\"image\":{\"@id\":\"https:\/\/www.elementvape.de\/da\/produkt\/geek-bar-j1-pod-2stk\/#primaryimage\"},\"thumbnailUrl\":\"https:\/\/www.elementvape.de\/wp-content\/uploads\/2024\/05\/Geek-bar-J1-Pod-2Pcs-2.jpg\",\"datePublished\":\"2024-05-29T07:48:58+00:00\",\"dateModified\":\"2024-09-12T10:36:42+00:00\",\"description\":\"Wir bieten Geek Bar J1 Pod 2Stk , Elementvape.de akzeptieren Gro\u00df-und Einzelhandel Bestellungen.\",\"breadcrumb\":{\"@id\":\"https:\/\/www.elementvape.de\/da\/produkt\/geek-bar-j1-pod-2stk\/#breadcrumb\"},\"inLanguage\":\"sk-SK\",\"potentialAction\":[{\"@type\":\"ReadAction\",\"target\":[\"https:\/\/www.elementvape.de\/da\/produkt\/geek-bar-j1-pod-2stk\/\"]}]},{\"@type\":\"ImageObject\",\"inLanguage\":\"sk-SK\",\"@id\":\"https:\/\/www.elementvape.de\/da\/produkt\/geek-bar-j1-pod-2stk\/#primaryimage\",\"url\":\"https:\/\/www.elementvape.de\/wp-content\/uploads\/2024\/05\/Geek-bar-J1-Pod-2Pcs-2.jpg\",\"contentUrl\":\"https:\/\/www.elementvape.de\/wp-content\/uploads\/2024\/05\/Geek-bar-J1-Pod-2Pcs-2.jpg\",\"width\":800,\"height\":800,\"caption\":\"Geek-bar-J1-Pod-2Pcs-2\"},{\"@type\":\"BreadcrumbList\",\"@id\":\"https:\/\/www.elementvape.de\/da\/produkt\/geek-bar-j1-pod-2stk\/#breadcrumb\",\"itemListElement\":[{\"@type\":\"ListItem\",\"position\":1,\"name\":\"Home\",\"item\":\"https:\/\/www.elementvape.de\/\"},{\"@type\":\"ListItem\",\"position\":2,\"name\":\"Shop\",\"item\":\"https:\/\/www.elementvape.de\/shop\/\"},{\"@type\":\"ListItem\",\"position\":3,\"name\":\"Geek Bar J1 Pod 2Stk\"}]},{\"@type\":\"WebSite\",\"@id\":\"https:\/\/www.elementvape.de\/#website\",\"url\":\"https:\/\/www.elementvape.de\/\",\"name\":\"ElementVape.de\",\"description\":\"\",\"publisher\":{\"@id\":\"https:\/\/www.elementvape.de\/#organization\"},\"potentialAction\":[{\"@type\":\"SearchAction\",\"target\":{\"@type\":\"EntryPoint\",\"urlTemplate\":\"https:\/\/www.elementvape.de\/?s={search_term_string}\"},\"query-input\":\"required name=search_term_string\"}],\"inLanguage\":\"sk-SK\"},{\"@type\":\"Organization\",\"@id\":\"https:\/\/www.elementvape.de\/#organization\",\"name\":\"ElementVape.DE\",\"url\":\"https:\/\/www.elementvape.de\/\",\"logo\":{\"@type\":\"ImageObject\",\"inLanguage\":\"sk-SK\",\"@id\":\"https:\/\/www.elementvape.de\/#\/schema\/logo\/image\/\",\"url\":\"https:\/\/www.elementvape.de\/wp-content\/uploads\/2024\/09\/cropped-1elementvape-3.png\",\"contentUrl\":\"https:\/\/www.elementvape.de\/wp-content\/uploads\/2024\/09\/cropped-1elementvape-3.png\",\"width\":285,\"height\":228,\"caption\":\"ElementVape.DE\"},\"image\":{\"@id\":\"https:\/\/www.elementvape.de\/#\/schema\/logo\/image\/\"}}]}<\/script>\n<!-- \/ Yoast SEO plugin. -->","yoast_head_json":{"title":"Geek Bar J1 Pod 2Stk | ElementVape.de","description":"Wir bieten Geek Bar J1 Pod 2Stk , Elementvape.de akzeptieren Gro\u00df-und Einzelhandel Bestellungen.","robots":{"index":"index","follow":"follow","max-snippet":"max-snippet:-1","max-image-preview":"max-image-preview:large","max-video-preview":"max-video-preview:-1"},"canonical":"https:\/\/www.elementvape.de\/sk\/produkt\/geek-bar-j1-pod-2stk\/","og_locale":"sk_SK","og_type":"article","og_title":"Geek Bar J1 Pod 2Stk | ElementVape.de","og_description":"Wir bieten Geek Bar J1 Pod 2Stk , Elementvape.de akzeptieren Gro\u00df-und Einzelhandel Bestellungen.","og_url":"https:\/\/www.elementvape.de\/sk\/produkt\/geek-bar-j1-pod-2stk\/","og_site_name":"ElementVape.de","article_modified_time":"2024-09-12T10:36:42+00:00","og_image":[{"width":800,"height":800,"url":"https:\/\/www.elementvape.de\/wp-content\/uploads\/2024\/05\/Geek-bar-J1-Pod-2Pcs-2.jpg","type":"image\/jpeg"}],"twitter_card":"summary_large_image","twitter_misc":{"Est. reading time":"1 min\u00fata"},"schema":{"@context":"https:\/\/schema.org","@graph":[{"@type":"WebPage","@id":"https:\/\/www.elementvape.de\/da\/produkt\/geek-bar-j1-pod-2stk\/","url":"https:\/\/www.elementvape.de\/da\/produkt\/geek-bar-j1-pod-2stk\/","name":"Geek Bar J1 Pod 2Stk | ElementVape.de","isPartOf":{"@id":"https:\/\/www.elementvape.de\/#website"},"primaryImageOfPage":{"@id":"https:\/\/www.elementvape.de\/da\/produkt\/geek-bar-j1-pod-2stk\/#primaryimage"},"image":{"@id":"https:\/\/www.elementvape.de\/da\/produkt\/geek-bar-j1-pod-2stk\/#primaryimage"},"thumbnailUrl":"https:\/\/www.elementvape.de\/wp-content\/uploads\/2024\/05\/Geek-bar-J1-Pod-2Pcs-2.jpg","datePublished":"2024-05-29T07:48:58+00:00","dateModified":"2024-09-12T10:36:42+00:00","description":"Wir bieten Geek Bar J1 Pod 2Stk , Elementvape.de akzeptieren Gro\u00df-und Einzelhandel Bestellungen.","breadcrumb":{"@id":"https:\/\/www.elementvape.de\/da\/produkt\/geek-bar-j1-pod-2stk\/#breadcrumb"},"inLanguage":"sk-SK","potentialAction":[{"@type":"ReadAction","target":["https:\/\/www.elementvape.de\/da\/produkt\/geek-bar-j1-pod-2stk\/"]}]},{"@type":"ImageObject","inLanguage":"sk-SK","@id":"https:\/\/www.elementvape.de\/da\/produkt\/geek-bar-j1-pod-2stk\/#primaryimage","url":"https:\/\/www.elementvape.de\/wp-content\/uploads\/2024\/05\/Geek-bar-J1-Pod-2Pcs-2.jpg","contentUrl":"https:\/\/www.elementvape.de\/wp-content\/uploads\/2024\/05\/Geek-bar-J1-Pod-2Pcs-2.jpg","width":800,"height":800,"caption":"Geek-bar-J1-Pod-2Pcs-2"},{"@type":"BreadcrumbList","@id":"https:\/\/www.elementvape.de\/da\/produkt\/geek-bar-j1-pod-2stk\/#breadcrumb","itemListElement":[{"@type":"ListItem","position":1,"name":"Home","item":"https:\/\/www.elementvape.de\/"},{"@type":"ListItem","position":2,"name":"Shop","item":"https:\/\/www.elementvape.de\/shop\/"},{"@type":"ListItem","position":3,"name":"Geek Bar J1 Pod 2Stk"}]},{"@type":"WebSite","@id":"https:\/\/www.elementvape.de\/#website","url":"https:\/\/www.elementvape.de\/","name":"ElementVape.de","description":"","publisher":{"@id":"https:\/\/www.elementvape.de\/#organization"},"potentialAction":[{"@type":"SearchAction","target":{"@type":"EntryPoint","urlTemplate":"https:\/\/www.elementvape.de\/?s={search_term_string}"},"query-input":"required name=search_term_string"}],"inLanguage":"sk-SK"},{"@type":"Organization","@id":"https:\/\/www.elementvape.de\/#organization","name":"ElementVape.DE","url":"https:\/\/www.elementvape.de\/","logo":{"@type":"ImageObject","inLanguage":"sk-SK","@id":"https:\/\/www.elementvape.de\/#\/schema\/logo\/image\/","url":"https:\/\/www.elementvape.de\/wp-content\/uploads\/2024\/09\/cropped-1elementvape-3.png","contentUrl":"https:\/\/www.elementvape.de\/wp-content\/uploads\/2024\/09\/cropped-1elementvape-3.png","width":285,"height":228,"caption":"ElementVape.DE"},"image":{"@id":"https:\/\/www.elementvape.de\/#\/schema\/logo\/image\/"}}]}},"_links":{"self":[{"href":"https:\/\/www.elementvape.de\/sk\/wp-json\/wp\/v2\/product\/11052"}],"collection":[{"href":"https:\/\/www.elementvape.de\/sk\/wp-json\/wp\/v2\/product"}],"about":[{"href":"https:\/\/www.elementvape.de\/sk\/wp-json\/wp\/v2\/types\/product"}],"wp:featuredmedia":[{"embeddable":true,"href":"https:\/\/www.elementvape.de\/sk\/wp-json\/wp\/v2\/media\/11066"}],"wp:attachment":[{"href":"https:\/\/www.elementvape.de\/sk\/wp-json\/wp\/v2\/media?parent=11052"}],"wp:term":[{"taxonomy":"product_cat","embeddable":true,"href":"https:\/\/www.elementvape.de\/sk\/wp-json\/wp\/v2\/product_cat?post=11052"},{"taxonomy":"product_tag","embeddable":true,"href":"https:\/\/www.elementvape.de\/sk\/wp-json\/wp\/v2\/product_tag?post=11052"}],"curies":[{"name":"wp","href":"https:\/\/api.w.org\/{rel}","templated":true}]}}