{"id":10994,"date":"2024-05-29T03:30:54","date_gmt":"2024-05-29T03:30:54","guid":{"rendered":"https:\/\/www.elementvape.de\/?post_type=product&#038;p=10994"},"modified":"2024-09-12T10:36:43","modified_gmt":"2024-09-12T10:36:43","slug":"geek-bar-e600-einweg-vape-600-zuege-400mah","status":"publish","type":"product","link":"https:\/\/www.elementvape.de\/sk\/produkt\/geek-bar-e600-einweg-vape-600-zuege-400mah\/","title":{"rendered":"Geek Bar E600 Jednor\u00e1zov\u00e1 Vape 600 potiahnut\u00ed 400mAh"},"content":{"rendered":"<h2>Popis:<\/h2>\n<p>Element Vape je jedn\u00fdm z najv\u00e4\u010d\u0161\u00edch ve\u013ekoobchodn\u00edkov a dod\u00e1vate\u013eov produktov Geek Bar Vape v \u010c\u00edne. Dod\u00e1vame najkvalitnej\u0161ie produkty Geek Bar Disposable Vape. Pr\u00ed\u010fte k n\u00e1m. K\u00fapte si Geek Bar E600 Disposable Vape - produkty za najlep\u0161ie ve\u013ekoobchodn\u00e9 ceny. Geekbar E600 je klasick\u00e9 jednorazov\u00e9 zariadenie s dvadsiatimi volite\u013en\u00fdmi pr\u00edchu\u0165ami. M\u00e1 prieh\u013eadn\u00fd \u00fastnik a vynikaj\u00faci vzh\u013ead. M\u00e1 \u0161t\u00fdl pera s pr\u00edjemn\u00fdm pocitom v ruke a m\u00e4kkou gumovou text\u00farou a je vhodn\u00fd ako prenosn\u00e9 zariadenie na vapovanie. Poh\u00e1\u0148a ho zabudovan\u00e1 bat\u00e9ria s kapacitou 400 mAh, tak\u017ee nemus\u00edte nab\u00edja\u0165 zariadenie a\u017e do konca \u0165ahu.<\/p>\n<h2>Ar\u00f3my:<\/h2>\n<p>Marhu\u013eovo-\u010du\u010doriedkov\u00e1 cukrovinka<br \/>\nJahodov\u00e1 bublinkov\u00e1 \u013eadov\u00e1<br \/>\nVoda mel\u00f3n<br \/>\nRu\u017eov\u00e1 Limon\u00e1da<br \/>\nJahoda, kiwi<br \/>\n\u010derstv\u00e1 m\u00e4ta<br \/>\nCola<br \/>\nJablko, marhu\u013ea, hru\u0161ka<br \/>\nFuji mel\u00f3n<br \/>\nKiwi, passion, guava<br \/>\nJednoro\u017e\u010d\u00ed milkshake<br \/>\nJablko, marhu\u013ea<br \/>\nD\u017eung\u013eov\u00fd d\u017e\u00fas<br \/>\n\u010cu\u010doriedka, gran\u00e1tov\u00e9 jablko<br \/>\nBiely marhu\u013ea, malina<br \/>\nZmrzlina s mie\u0161an\u00fdm ovoc\u00edm<br \/>\n\u010cu\u010doriedka \u010cu\u010doriedka<br \/>\nMalina<br \/>\nLimon\u00e1da s modrou malinom<br \/>\nHrozno<\/p>\n<h2>Parametre:<\/h2>\n<p>Bat\u00e9ria: 400mAh vstavan\u00e1 bat\u00e9ria<br \/>\nE-\u0161\u0165ava: 2ml predplnen\u00e9<br \/>\n\u0165ahy: A\u017e 600 \u0165ahov Nikot\u00edn: 20mg<br \/>\nAr\u00f3my: 20<\/p>\n<p>Balenia:<br \/>\n1 x Geek Bar E600 Jednorazov\u00e1 Vape 600 \u0165ahov<\/p>","protected":false},"excerpt":{"rendered":"<p>Beschreibung: Element Vape ist einer der gr\u00f6\u00dften Gro\u00dfh\u00e4ndler und Lieferanten von Geek Bar Vape-Produkten in China. Wir liefern die hochwertigsten Geek Bar Disposable Vape-Produkte. Kommen Sie zu uns. Kaufen Sie Geek Bar E600 Disposable Vape -Produkte zu den besten Gro\u00dfhandelspreisen. Geekbar E600 ist ein klassisches Einwegger\u00e4t mit zwanzig optionalen Geschmacksrichtungen. Es verf\u00fcgt \u00fcber ein transparentes [&hellip;]<\/p>","protected":false},"featured_media":10995,"template":"","meta":{"inline_featured_image":false},"product_cat":[78,754,745,742,748,744,755,738,751],"product_tag":[679],"tiered_pricing_type":"fixed","tiered_pricing_fixed_rules":[],"tiered_pricing_percentage_rules":[],"tiered_pricing_minimum":1,"_administrator_tiered_pricing_type":"fixed","_administrator_tiered_pricing_fixed_rules":[],"_editor_tiered_pricing_type":"fixed","_editor_tiered_pricing_fixed_rules":[],"_author_tiered_pricing_type":"fixed","_author_tiered_pricing_fixed_rules":[],"_contributor_tiered_pricing_type":"fixed","_contributor_tiered_pricing_fixed_rules":[],"_subscriber_tiered_pricing_type":"fixed","_subscriber_tiered_pricing_fixed_rules":[],"_customer_tiered_pricing_type":"fixed","_customer_tiered_pricing_fixed_rules":[],"_shop_manager_tiered_pricing_type":"fixed","_shop_manager_tiered_pricing_fixed_rules":[],"_wpseo_manager_tiered_pricing_type":"fixed","_wpseo_manager_tiered_pricing_fixed_rules":[],"_wpseo_editor_tiered_pricing_type":"fixed","_wpseo_editor_tiered_pricing_fixed_rules":[],"_wholesale_customer_tiered_pricing_type":"fixed","_wholesale_customer_tiered_pricing_fixed_rules":[],"_marketer_tiered_pricing_type":"fixed","_marketer_tiered_pricing_fixed_rules":[],"_sales_manager_tiered_pricing_type":"fixed","_sales_manager_tiered_pricing_fixed_rules":[],"_sales_rep_tiered_pricing_type":"fixed","_sales_rep_tiered_pricing_fixed_rules":[],"yoast_head":"<!-- This site is optimized with the Yoast SEO plugin v23.3 - https:\/\/yoast.com\/wordpress\/plugins\/seo\/ -->\n<title>Geek Bar E600 Einweg-Vape 600 Z\u00fcge 400mAh | ElementVape.de<\/title>\n<meta name=\"description\" content=\"Wir bieten Geek Bar E600 Einweg-Vape 600 Z\u00fcge 400mAh , Elementvape.de akzeptieren Gro\u00df-und Einzelhandel Bestellungen.\" \/>\n<meta name=\"robots\" content=\"index, follow, max-snippet:-1, max-image-preview:large, max-video-preview:-1\" \/>\n<link rel=\"canonical\" href=\"https:\/\/www.elementvape.de\/sk\/produkt\/geek-bar-e600-einweg-vape-600-zuege-400mah\/\" \/>\n<meta property=\"og:locale\" content=\"sk_SK\" \/>\n<meta property=\"og:type\" content=\"article\" \/>\n<meta property=\"og:title\" content=\"Geek Bar E600 Einweg-Vape 600 Z\u00fcge 400mAh | ElementVape.de\" \/>\n<meta property=\"og:description\" content=\"Wir bieten Geek Bar E600 Einweg-Vape 600 Z\u00fcge 400mAh , Elementvape.de akzeptieren Gro\u00df-und Einzelhandel Bestellungen.\" \/>\n<meta property=\"og:url\" content=\"https:\/\/www.elementvape.de\/sk\/produkt\/geek-bar-e600-einweg-vape-600-zuege-400mah\/\" \/>\n<meta property=\"og:site_name\" content=\"ElementVape.de\" \/>\n<meta property=\"article:modified_time\" content=\"2024-09-12T10:36:43+00:00\" \/>\n<meta property=\"og:image\" content=\"https:\/\/www.elementvape.de\/wp-content\/uploads\/2024\/05\/Geek-Bar-E600-Disposable-Vape-600-Puffs-300214.webp\" \/>\n\t<meta property=\"og:image:width\" content=\"800\" \/>\n\t<meta property=\"og:image:height\" content=\"800\" \/>\n\t<meta property=\"og:image:type\" content=\"image\/webp\" \/>\n<meta name=\"twitter:card\" content=\"summary_large_image\" \/>\n<meta name=\"twitter:label1\" content=\"Est. reading time\" \/>\n\t<meta name=\"twitter:data1\" content=\"2 min\u00faty\" \/>\n<script type=\"application\/ld+json\" class=\"yoast-schema-graph\">{\"@context\":\"https:\/\/schema.org\",\"@graph\":[{\"@type\":\"WebPage\",\"@id\":\"https:\/\/www.elementvape.de\/fr\/produkt\/geek-bar-e600-einweg-vape-600-zuege-400mah\/\",\"url\":\"https:\/\/www.elementvape.de\/fr\/produkt\/geek-bar-e600-einweg-vape-600-zuege-400mah\/\",\"name\":\"Geek Bar E600 Einweg-Vape 600 Z\u00fcge 400mAh | ElementVape.de\",\"isPartOf\":{\"@id\":\"https:\/\/www.elementvape.de\/#website\"},\"primaryImageOfPage\":{\"@id\":\"https:\/\/www.elementvape.de\/fr\/produkt\/geek-bar-e600-einweg-vape-600-zuege-400mah\/#primaryimage\"},\"image\":{\"@id\":\"https:\/\/www.elementvape.de\/fr\/produkt\/geek-bar-e600-einweg-vape-600-zuege-400mah\/#primaryimage\"},\"thumbnailUrl\":\"https:\/\/www.elementvape.de\/wp-content\/uploads\/2024\/05\/Geek-Bar-E600-Disposable-Vape-600-Puffs-300214.webp\",\"datePublished\":\"2024-05-29T03:30:54+00:00\",\"dateModified\":\"2024-09-12T10:36:43+00:00\",\"description\":\"Wir bieten Geek Bar E600 Einweg-Vape 600 Z\u00fcge 400mAh , Elementvape.de akzeptieren Gro\u00df-und Einzelhandel Bestellungen.\",\"breadcrumb\":{\"@id\":\"https:\/\/www.elementvape.de\/fr\/produkt\/geek-bar-e600-einweg-vape-600-zuege-400mah\/#breadcrumb\"},\"inLanguage\":\"sk-SK\",\"potentialAction\":[{\"@type\":\"ReadAction\",\"target\":[\"https:\/\/www.elementvape.de\/fr\/produkt\/geek-bar-e600-einweg-vape-600-zuege-400mah\/\"]}]},{\"@type\":\"ImageObject\",\"inLanguage\":\"sk-SK\",\"@id\":\"https:\/\/www.elementvape.de\/fr\/produkt\/geek-bar-e600-einweg-vape-600-zuege-400mah\/#primaryimage\",\"url\":\"https:\/\/www.elementvape.de\/wp-content\/uploads\/2024\/05\/Geek-Bar-E600-Disposable-Vape-600-Puffs-300214.webp\",\"contentUrl\":\"https:\/\/www.elementvape.de\/wp-content\/uploads\/2024\/05\/Geek-Bar-E600-Disposable-Vape-600-Puffs-300214.webp\",\"width\":800,\"height\":800,\"caption\":\"Geek-Bar-E600-Disposable-Vape-600-Puffs-300214\"},{\"@type\":\"BreadcrumbList\",\"@id\":\"https:\/\/www.elementvape.de\/fr\/produkt\/geek-bar-e600-einweg-vape-600-zuege-400mah\/#breadcrumb\",\"itemListElement\":[{\"@type\":\"ListItem\",\"position\":1,\"name\":\"Home\",\"item\":\"https:\/\/www.elementvape.de\/\"},{\"@type\":\"ListItem\",\"position\":2,\"name\":\"Shop\",\"item\":\"https:\/\/www.elementvape.de\/shop\/\"},{\"@type\":\"ListItem\",\"position\":3,\"name\":\"Geek Bar E600 Einweg-Vape 600 Z\u00fcge 400mAh\"}]},{\"@type\":\"WebSite\",\"@id\":\"https:\/\/www.elementvape.de\/#website\",\"url\":\"https:\/\/www.elementvape.de\/\",\"name\":\"ElementVape.de\",\"description\":\"\",\"publisher\":{\"@id\":\"https:\/\/www.elementvape.de\/#organization\"},\"potentialAction\":[{\"@type\":\"SearchAction\",\"target\":{\"@type\":\"EntryPoint\",\"urlTemplate\":\"https:\/\/www.elementvape.de\/?s={search_term_string}\"},\"query-input\":\"required name=search_term_string\"}],\"inLanguage\":\"sk-SK\"},{\"@type\":\"Organization\",\"@id\":\"https:\/\/www.elementvape.de\/#organization\",\"name\":\"ElementVape.DE\",\"url\":\"https:\/\/www.elementvape.de\/\",\"logo\":{\"@type\":\"ImageObject\",\"inLanguage\":\"sk-SK\",\"@id\":\"https:\/\/www.elementvape.de\/#\/schema\/logo\/image\/\",\"url\":\"https:\/\/www.elementvape.de\/wp-content\/uploads\/2024\/09\/cropped-1elementvape-3.png\",\"contentUrl\":\"https:\/\/www.elementvape.de\/wp-content\/uploads\/2024\/09\/cropped-1elementvape-3.png\",\"width\":285,\"height\":228,\"caption\":\"ElementVape.DE\"},\"image\":{\"@id\":\"https:\/\/www.elementvape.de\/#\/schema\/logo\/image\/\"}}]}<\/script>\n<!-- \/ Yoast SEO plugin. -->","yoast_head_json":{"title":"Geek Bar E600 Einweg-Vape 600 Z\u00fcge 400mAh | ElementVape.de","description":"Wir bieten Geek Bar E600 Einweg-Vape 600 Z\u00fcge 400mAh , Elementvape.de akzeptieren Gro\u00df-und Einzelhandel Bestellungen.","robots":{"index":"index","follow":"follow","max-snippet":"max-snippet:-1","max-image-preview":"max-image-preview:large","max-video-preview":"max-video-preview:-1"},"canonical":"https:\/\/www.elementvape.de\/sk\/produkt\/geek-bar-e600-einweg-vape-600-zuege-400mah\/","og_locale":"sk_SK","og_type":"article","og_title":"Geek Bar E600 Einweg-Vape 600 Z\u00fcge 400mAh | ElementVape.de","og_description":"Wir bieten Geek Bar E600 Einweg-Vape 600 Z\u00fcge 400mAh , Elementvape.de akzeptieren Gro\u00df-und Einzelhandel Bestellungen.","og_url":"https:\/\/www.elementvape.de\/sk\/produkt\/geek-bar-e600-einweg-vape-600-zuege-400mah\/","og_site_name":"ElementVape.de","article_modified_time":"2024-09-12T10:36:43+00:00","og_image":[{"width":800,"height":800,"url":"https:\/\/www.elementvape.de\/wp-content\/uploads\/2024\/05\/Geek-Bar-E600-Disposable-Vape-600-Puffs-300214.webp","type":"image\/webp"}],"twitter_card":"summary_large_image","twitter_misc":{"Est. reading time":"2 min\u00faty"},"schema":{"@context":"https:\/\/schema.org","@graph":[{"@type":"WebPage","@id":"https:\/\/www.elementvape.de\/fr\/produkt\/geek-bar-e600-einweg-vape-600-zuege-400mah\/","url":"https:\/\/www.elementvape.de\/fr\/produkt\/geek-bar-e600-einweg-vape-600-zuege-400mah\/","name":"Geek Bar E600 Einweg-Vape 600 Z\u00fcge 400mAh | ElementVape.de","isPartOf":{"@id":"https:\/\/www.elementvape.de\/#website"},"primaryImageOfPage":{"@id":"https:\/\/www.elementvape.de\/fr\/produkt\/geek-bar-e600-einweg-vape-600-zuege-400mah\/#primaryimage"},"image":{"@id":"https:\/\/www.elementvape.de\/fr\/produkt\/geek-bar-e600-einweg-vape-600-zuege-400mah\/#primaryimage"},"thumbnailUrl":"https:\/\/www.elementvape.de\/wp-content\/uploads\/2024\/05\/Geek-Bar-E600-Disposable-Vape-600-Puffs-300214.webp","datePublished":"2024-05-29T03:30:54+00:00","dateModified":"2024-09-12T10:36:43+00:00","description":"Wir bieten Geek Bar E600 Einweg-Vape 600 Z\u00fcge 400mAh , Elementvape.de akzeptieren Gro\u00df-und Einzelhandel Bestellungen.","breadcrumb":{"@id":"https:\/\/www.elementvape.de\/fr\/produkt\/geek-bar-e600-einweg-vape-600-zuege-400mah\/#breadcrumb"},"inLanguage":"sk-SK","potentialAction":[{"@type":"ReadAction","target":["https:\/\/www.elementvape.de\/fr\/produkt\/geek-bar-e600-einweg-vape-600-zuege-400mah\/"]}]},{"@type":"ImageObject","inLanguage":"sk-SK","@id":"https:\/\/www.elementvape.de\/fr\/produkt\/geek-bar-e600-einweg-vape-600-zuege-400mah\/#primaryimage","url":"https:\/\/www.elementvape.de\/wp-content\/uploads\/2024\/05\/Geek-Bar-E600-Disposable-Vape-600-Puffs-300214.webp","contentUrl":"https:\/\/www.elementvape.de\/wp-content\/uploads\/2024\/05\/Geek-Bar-E600-Disposable-Vape-600-Puffs-300214.webp","width":800,"height":800,"caption":"Geek-Bar-E600-Disposable-Vape-600-Puffs-300214"},{"@type":"BreadcrumbList","@id":"https:\/\/www.elementvape.de\/fr\/produkt\/geek-bar-e600-einweg-vape-600-zuege-400mah\/#breadcrumb","itemListElement":[{"@type":"ListItem","position":1,"name":"Home","item":"https:\/\/www.elementvape.de\/"},{"@type":"ListItem","position":2,"name":"Shop","item":"https:\/\/www.elementvape.de\/shop\/"},{"@type":"ListItem","position":3,"name":"Geek Bar E600 Einweg-Vape 600 Z\u00fcge 400mAh"}]},{"@type":"WebSite","@id":"https:\/\/www.elementvape.de\/#website","url":"https:\/\/www.elementvape.de\/","name":"ElementVape.de","description":"","publisher":{"@id":"https:\/\/www.elementvape.de\/#organization"},"potentialAction":[{"@type":"SearchAction","target":{"@type":"EntryPoint","urlTemplate":"https:\/\/www.elementvape.de\/?s={search_term_string}"},"query-input":"required name=search_term_string"}],"inLanguage":"sk-SK"},{"@type":"Organization","@id":"https:\/\/www.elementvape.de\/#organization","name":"ElementVape.DE","url":"https:\/\/www.elementvape.de\/","logo":{"@type":"ImageObject","inLanguage":"sk-SK","@id":"https:\/\/www.elementvape.de\/#\/schema\/logo\/image\/","url":"https:\/\/www.elementvape.de\/wp-content\/uploads\/2024\/09\/cropped-1elementvape-3.png","contentUrl":"https:\/\/www.elementvape.de\/wp-content\/uploads\/2024\/09\/cropped-1elementvape-3.png","width":285,"height":228,"caption":"ElementVape.DE"},"image":{"@id":"https:\/\/www.elementvape.de\/#\/schema\/logo\/image\/"}}]}},"_links":{"self":[{"href":"https:\/\/www.elementvape.de\/sk\/wp-json\/wp\/v2\/product\/10994"}],"collection":[{"href":"https:\/\/www.elementvape.de\/sk\/wp-json\/wp\/v2\/product"}],"about":[{"href":"https:\/\/www.elementvape.de\/sk\/wp-json\/wp\/v2\/types\/product"}],"wp:featuredmedia":[{"embeddable":true,"href":"https:\/\/www.elementvape.de\/sk\/wp-json\/wp\/v2\/media\/10995"}],"wp:attachment":[{"href":"https:\/\/www.elementvape.de\/sk\/wp-json\/wp\/v2\/media?parent=10994"}],"wp:term":[{"taxonomy":"product_cat","embeddable":true,"href":"https:\/\/www.elementvape.de\/sk\/wp-json\/wp\/v2\/product_cat?post=10994"},{"taxonomy":"product_tag","embeddable":true,"href":"https:\/\/www.elementvape.de\/sk\/wp-json\/wp\/v2\/product_tag?post=10994"}],"curies":[{"name":"wp","href":"https:\/\/api.w.org\/{rel}","templated":true}]}}