{"id":10317,"date":"2024-04-29T09:18:40","date_gmt":"2024-04-29T09:18:40","guid":{"rendered":"https:\/\/www.elementvape.de\/?post_type=product&#038;p=10317"},"modified":"2025-04-02T02:02:45","modified_gmt":"2025-04-02T02:02:45","slug":"randm-tornado-7000-einweg-vape-7000-puffs-eu-lagerraum","status":"publish","type":"product","link":"https:\/\/www.elementvape.de\/sk\/produkt\/randm-tornado-7000-einweg-vape-7000-puffs-eu-lagerraum\/","title":{"rendered":"RandM Tornado 7000 E-cigarety 7000 potiahnut\u00ed K\u00fapi\u0165 EU sklad"},"content":{"rendered":"<p>Tento invent\u00e1r bude aktualizovan\u00fd 27. decembra. Minim\u00e1lne mno\u017estvo objedn\u00e1vky pre e-cigarety je 1 balenie, ktor\u00e9 obsahuje 10 e-cigariet. M\u00f4\u017eete si vybra\u0165 svoj ob\u013e\u00faben\u00fd pr\u00edchu\u0165.<\/p>\n<p>Cena tohto produktu zodpoved\u00e1 cene 10 vapov<\/p>\n<p>Ak chcete z\u00edska\u0165 najnov\u0161ie skladov\u00e9 z\u00e1soby, m\u00f4\u017eete ma kontaktova\u0165 e-mailom<br \/>\nE-mail: <strong>elementvapede@gmail.com<\/strong><\/p>\n<h1>RandM Tornado 7000: The ultim\u00e1tna z\u00e1\u017eitok z vapovania<\/h1>\n<h2>Predstavujeme: RandM Tornado 7000: Uvo\u013enite b\u00farku chut\u00ed<\/h2>\n<p>Za\u017eite nie\u010do v\u00fdnimo\u010dn\u00e9 s RandM Tornado 7000, zariaden\u00edm na vapovanie, ktor\u00e9 je zn\u00e1me svojou \u010distou a jemnou chu\u0165ou. Tento v\u00fdnimo\u010dn\u00fd vaporiz\u00e9r bol navrhnut\u00fd tak, aby v\u00e1m pri ka\u017edom \u0165ahu poskytol nezabudnute\u013en\u00fa chu\u0165ov\u00fa cestu. \u010ci ste sk\u00fasen\u00fd vapova\u010d alebo pr\u00e1ve za\u010d\u00ednate, <strong>RandM Tornado 7000<\/strong> garantuje vzru\u0161uj\u00faci z\u00e1\u017eitok z vapovania, ktor\u00fd v\u00e1s bude neust\u00e1le l\u00e1ka\u0165 vr\u00e1ti\u0165 sa a objavova\u0165 viac.<\/p>\n<h2>Neporovnate\u013en\u00e1 v\u00fddr\u017e bat\u00e9rie a pou\u017e\u00edvate\u013esky pr\u00edvetiv\u00fd dizajn<\/h2>\n<p>S v\u00fdkonnou dob\u00edjate\u013enou bat\u00e9riou 1000 mAh zabezpe\u010duje RandM Tornado 7000, \u017ee si m\u00f4\u017eete vychutna\u0165 dlh\u0161ie vapovacie sedenia bez \u010dast\u00e9ho nab\u00edjania. Rozl\u00fa\u010dte sa s nepr\u00edjemn\u00fdm h\u013eadan\u00edm zdroja nap\u00e1jania. Tento vaporiz\u00e9r je navrhnut\u00fd tak, aby vydr\u017eal a poskytoval v\u00e1m nepretr\u017eit\u00e9 pote\u0161enie z vapovania.<\/p>\n<p>Ergonomick\u00fd dizajn <strong>RandM Tornado 7000<\/strong> je d\u00f4kazom jeho vynikaj\u00facej remeselnej zru\u010dnosti. Pr\u00edstroj sa pohodlne dr\u017e\u00ed v ruke a je tak prenosn\u00fd a \u013eahko pou\u017eite\u013en\u00fd kdeko\u013evek. Jeho \u0161t\u00edhly a pevn\u00fd kon\u0161truk\u010dn\u00fd dizajn zaru\u010duje prvotriedny z\u00e1\u017eitok z vapovania bez klepania alebo nezvy\u010dajn\u00fdch zvukov po\u010das prev\u00e1dzky.<\/p>\n<h4>Parametre<\/h4>\n<p>2 % nikot\u00ednov\u00e1 so\u013e<br \/>\n14 ml E-Liquid<br \/>\n7000 \u0165ahov na zariadenie<br \/>\nOvl\u00e1danie pr\u00fadu vzduchu<br \/>\nTyp-C nab\u00edja\u010dka<br \/>\nBat\u00e9ria je dob\u00edjate\u013en\u00e1<br \/>\nIntegrovan\u00e1 bat\u00e9ria 850 mAh<br \/>\nK dispoz\u00edcii 5 pr\u00edchut\u00ed<br \/>\n10 kusov v displejovej krabici<\/p>\n<h3>Bezstarostn\u00e9 vapovanie s predplnen\u00fdm komfortom<\/h3>\n<p>U\u017e \u017eiadne nepr\u00edjemn\u00e9 dop\u013a\u0148anie alebo zlo\u017eit\u00e9 v\u00fdmeny cievok. RandM Tornado 7000 je predplnen\u00fd 14 ml s 70 mg nikot\u00ednov\u00e9ho soli a je mo\u017en\u00e9 ho pou\u017ei\u0165 priamo z balenia. To znamen\u00e1, \u017ee si m\u00f4\u017eete okam\u017eite vychutna\u0165 svoj vapovanie bez starost\u00ed o nastavenie alebo \u00fadr\u017ebu. Sta\u010d\u00ed inhalova\u0165 cez \u00fastnik zariadenia a u\u017e\u00edva\u0165 si a\u017e 7 000 \u0165ahov, k\u00fdm ho nebudete musie\u0165 znova nabi\u0165.<\/p>\n<h3>Ponorte sa do farebn\u00e9ho z\u00e1\u017eitku s vapovan\u00edm<\/h3>\n<p>Nechajte sa o\u010dari\u0165 \u017eiariv\u00fdmi RGB svetlami RandM Tornado 7000. Ke\u010f dostanete z\u00e1sah, spodn\u00e1 \u010das\u0165 zariadenia sa rozsvieti a uk\u00e1\u017ee fascinuj\u00facu paletu farieb. Od vesel\u00e9ho \u017elt\u00e9ho cez ohniv\u00e9 \u010derven\u00e9, pokojn\u00fa modr\u00fa a\u017e po upokojuj\u00facu zelen\u00fa a o\u010daruj\u00facu fialov\u00fa, tieto svetl\u00e1 dodaj\u00fa va\u0161im vapovac\u00edm seden\u00edm n\u00e1dych vizu\u00e1lneho p\u00f4\u017eitku. Svetl\u00e1 sprev\u00e1dzaj\u00fa v\u00e1\u0161 \u0165ah a svietia pribli\u017ene 7 sek\u00fand, \u010d\u00edm vytv\u00e1raj\u00fa naozaj pohlcuj\u00faci z\u00e1\u017eitok.<\/p>\n<h3>Nastavite\u013en\u00fd pr\u00fad vzduchu a pokro\u010dil\u00e1 mesh cievka<\/h3>\n<p>RandM Tornado 7000 pon\u00faka nastavite\u013en\u00fd pr\u00fad vzduchu, tak\u017ee si m\u00f4\u017eete prisp\u00f4sobi\u0165 svoje vapovacie z\u00e1\u017eitky pod\u013ea svojich preferenci\u00ed. Upravte pr\u00fad vzduchu presne tak, aby ste dosiahli dokonal\u00fa rovnov\u00e1hu medzi chu\u0165ou a produkciou pary a zaka\u017ed\u00fdm zabezpe\u010dili uspokojiv\u00fa paru.<\/p>\n<p>Vybaven\u00fd kvalitnou mesh cievkou, poskytuje <strong>RandM Tornado 7000<\/strong> v\u00fdnimo\u010dn\u00fa chu\u0165 a produkciu pary. Technol\u00f3gia mesh cievky zabezpe\u010duje rovnomern\u00e9 rozlo\u017eenie tepla, \u010do vedie k jemn\u00fdm a rovnomern\u00fdm \u0165ahom. Nechajte sa prekvapi\u0165 bohatstvom a h\u013abkou chut\u00ed, ktor\u00e9 za\u017eijete s t\u00fdmto pozoruhodn\u00fdm vapovac\u00edm zariaden\u00edm.<\/p>\n<h3>Doprajte si rozmanitos\u0165 chut\u00ed<\/h3>\n<p>S <strong>RandM Tornado 7000<\/strong> bud\u00fa va\u0161e chu\u0165ov\u00e9 poh\u00e1riky rozmazn\u00e1van\u00e9 \u0161irok\u00fdm v\u00fdberom chut\u00ed, ktor\u00e9 uspokoja ka\u017ed\u00fd jaz\u00fd\u010dek. Vyberte si z p\u00f4sobiv\u00e9ho v\u00fdberu a\u017e 50 chut\u00ed, vr\u00e1tane lahodnej zmesi ovocia, sladk\u00fdch poch\u00fa\u0165ok, osvie\u017euj\u00facich n\u00e1pojov a osvie\u017euj\u00facich zmrzlinov\u00fdch zmes\u00ed. \u010ci u\u017e t\u00fa\u017eite po korenistej ovocnej chute, nostalgickom sladkom p\u00f4\u017eitku alebo s\u00fdto-s\u00fdrom parnom n\u00e1poji in\u0161pirovanom osvie\u017euj\u00facim n\u00e1pojom, RandM Tornado 7000 m\u00e1 chu\u0165, ktor\u00e1 v\u00e1s dostane do vapovacej ext\u00e1zy.<\/p>\n<h4>Za\u017eite rozdiel RandM<\/h4>\n<p>Ke\u010f ide o jednorazov\u00e9 vaporiz\u00e9ry, RandM Tornado 7000 je skuto\u010dn\u00fdm meni\u010dom hry. Dob\u00edjate\u013en\u00e1 bat\u00e9ria je vysoko kvalitne spracovan\u00e1 a praktick\u00e1<\/p>\n<h4>Objednajte si e\u0161te dnes svoj RandM Tornado 7000<\/h4>\n<p>Ste pripraven\u00ed zlep\u0161i\u0165 svoj z\u00e1\u017eitok z vapovania? Nezme\u0161kajte \u00fa\u017easn\u00e9 funkcie a chute, ktor\u00e9 pon\u00faka RandM Tornado 7000. Urobte objedn\u00e1vku e\u0161te dnes a ponorte sa do sveta aromatick\u00fdch oblakov a bezprobl\u00e9mov\u00e9ho vapovania.<\/p>\n<h4>chut\u00ed\uff1a<\/h4>\n<p>1. \u010cu\u010doriedka Malina<br \/>\n2. Zmie\u0161an\u00e9 bobule<br \/>\n3. Jahoda Mel\u00f3n<br \/>\n4. \u010cu\u010doriedka na \u013eade<br \/>\n5. Brosky\u0148a na \u013eade<\/p>\n<p>&nbsp;<\/p>","protected":false},"excerpt":{"rendered":"<p>Dieses Inventar wird am 27. Dezember aktualisiert. Die Mindestbestellmenge f\u00fcr E-Zigaretten betr\u00e4gt 1 Packung, die 10 E-Zigaretten enth\u00e4lt. Sie k\u00f6nnen Ihren Lieblingsgeschmack w\u00e4hlen. Der Preis dieses Produkts entspricht dem Preis von 10 vapes Wenn Sie den neuesten Lagerbestand erfahren m\u00f6chten, k\u00f6nnen Sie mich per\u00a0E-Mail kontaktieren E-Mail: elementvapede@gmail.com RandM Tornado 7000: Das ultimative Dampferlebnis Wir stellen [&hellip;]<\/p>","protected":false},"featured_media":10327,"template":"","meta":{"inline_featured_image":false},"product_cat":[15,78,735,746,741,733,747,740,734,753,754,745,742,748,750,737,736,749,752,756,739,743,744,755,738,751],"product_tag":[710,709,681],"tiered_pricing_type":"fixed","tiered_pricing_fixed_rules":{"50":"7.40","110":"6.99","210":"6.58","510":"6.17","1100":"5.75"},"tiered_pricing_percentage_rules":[],"tiered_pricing_minimum":1,"_administrator_tiered_pricing_type":"fixed","_administrator_tiered_pricing_fixed_rules":[],"_editor_tiered_pricing_type":"fixed","_editor_tiered_pricing_fixed_rules":[],"_author_tiered_pricing_type":"fixed","_author_tiered_pricing_fixed_rules":[],"_contributor_tiered_pricing_type":"fixed","_contributor_tiered_pricing_fixed_rules":[],"_subscriber_tiered_pricing_type":"fixed","_subscriber_tiered_pricing_fixed_rules":[],"_customer_tiered_pricing_type":"fixed","_customer_tiered_pricing_fixed_rules":[],"_shop_manager_tiered_pricing_type":"fixed","_shop_manager_tiered_pricing_fixed_rules":[],"_wpseo_manager_tiered_pricing_type":"fixed","_wpseo_manager_tiered_pricing_fixed_rules":[],"_wpseo_editor_tiered_pricing_type":"fixed","_wpseo_editor_tiered_pricing_fixed_rules":[],"_wholesale_customer_tiered_pricing_type":"fixed","_wholesale_customer_tiered_pricing_fixed_rules":[],"_marketer_tiered_pricing_type":"fixed","_marketer_tiered_pricing_fixed_rules":[],"_sales_manager_tiered_pricing_type":"fixed","_sales_manager_tiered_pricing_fixed_rules":[],"_sales_rep_tiered_pricing_type":"fixed","_sales_rep_tiered_pricing_fixed_rules":[],"yoast_head":"<!-- This site is optimized with the Yoast SEO plugin v23.3 - https:\/\/yoast.com\/wordpress\/plugins\/seo\/ -->\n<title>RandM Tornado 7000 E-Zigaretten 7000 Puffs Kaufen Eu lagerraum | ElementVape.de<\/title>\n<meta name=\"description\" content=\"Wir bieten RandM Tornado 7000 E-Zigaretten 7000 Puffs Kaufen Eu lagerraum , Elementvape.de akzeptieren Gro\u00df-und Einzelhandel Bestellungen.\" \/>\n<meta name=\"robots\" content=\"index, follow, max-snippet:-1, max-image-preview:large, max-video-preview:-1\" \/>\n<link rel=\"canonical\" href=\"https:\/\/www.elementvape.de\/sk\/produkt\/randm-tornado-7000-einweg-vape-7000-puffs-eu-lagerraum\/\" \/>\n<meta property=\"og:locale\" content=\"sk_SK\" \/>\n<meta property=\"og:type\" content=\"article\" \/>\n<meta property=\"og:title\" content=\"RandM Tornado 7000 E-Zigaretten 7000 Puffs Kaufen Eu lagerraum | ElementVape.de\" \/>\n<meta property=\"og:description\" content=\"Wir bieten RandM Tornado 7000 E-Zigaretten 7000 Puffs Kaufen Eu lagerraum , Elementvape.de akzeptieren Gro\u00df-und Einzelhandel Bestellungen.\" \/>\n<meta property=\"og:url\" content=\"https:\/\/www.elementvape.de\/sk\/produkt\/randm-tornado-7000-einweg-vape-7000-puffs-eu-lagerraum\/\" \/>\n<meta property=\"og:site_name\" content=\"ElementVape.de\" \/>\n<meta property=\"article:modified_time\" content=\"2025-04-02T02:02:45+00:00\" \/>\n<meta property=\"og:image\" content=\"https:\/\/www.elementvape.de\/wp-content\/uploads\/2024\/04\/PINK-LEMONADE_1024x1024.webp\" \/>\n\t<meta property=\"og:image:width\" content=\"1024\" \/>\n\t<meta property=\"og:image:height\" content=\"512\" \/>\n\t<meta property=\"og:image:type\" content=\"image\/webp\" \/>\n<meta name=\"twitter:card\" content=\"summary_large_image\" \/>\n<meta name=\"twitter:label1\" content=\"Est. reading time\" \/>\n\t<meta name=\"twitter:data1\" content=\"4 min\u00faty\" \/>\n<script type=\"application\/ld+json\" class=\"yoast-schema-graph\">{\"@context\":\"https:\/\/schema.org\",\"@graph\":[{\"@type\":\"WebPage\",\"@id\":\"https:\/\/www.elementvape.de\/produkt\/randm-tornado-7000-einweg-vape-7000-puffs-eu-lagerraum\/\",\"url\":\"https:\/\/www.elementvape.de\/produkt\/randm-tornado-7000-einweg-vape-7000-puffs-eu-lagerraum\/\",\"name\":\"RandM Tornado 7000 E-Zigaretten 7000 Puffs Kaufen Eu lagerraum | ElementVape.de\",\"isPartOf\":{\"@id\":\"https:\/\/www.elementvape.de\/#website\"},\"primaryImageOfPage\":{\"@id\":\"https:\/\/www.elementvape.de\/produkt\/randm-tornado-7000-einweg-vape-7000-puffs-eu-lagerraum\/#primaryimage\"},\"image\":{\"@id\":\"https:\/\/www.elementvape.de\/produkt\/randm-tornado-7000-einweg-vape-7000-puffs-eu-lagerraum\/#primaryimage\"},\"thumbnailUrl\":\"https:\/\/www.elementvape.de\/wp-content\/uploads\/2024\/04\/PINK-LEMONADE_1024x1024.webp\",\"datePublished\":\"2024-04-29T09:18:40+00:00\",\"dateModified\":\"2025-04-02T02:02:45+00:00\",\"description\":\"Wir bieten RandM Tornado 7000 E-Zigaretten 7000 Puffs Kaufen Eu lagerraum , Elementvape.de akzeptieren Gro\u00df-und Einzelhandel Bestellungen.\",\"breadcrumb\":{\"@id\":\"https:\/\/www.elementvape.de\/produkt\/randm-tornado-7000-einweg-vape-7000-puffs-eu-lagerraum\/#breadcrumb\"},\"inLanguage\":\"sk-SK\",\"potentialAction\":[{\"@type\":\"ReadAction\",\"target\":[\"https:\/\/www.elementvape.de\/produkt\/randm-tornado-7000-einweg-vape-7000-puffs-eu-lagerraum\/\"]}]},{\"@type\":\"ImageObject\",\"inLanguage\":\"sk-SK\",\"@id\":\"https:\/\/www.elementvape.de\/produkt\/randm-tornado-7000-einweg-vape-7000-puffs-eu-lagerraum\/#primaryimage\",\"url\":\"https:\/\/www.elementvape.de\/wp-content\/uploads\/2024\/04\/PINK-LEMONADE_1024x1024.webp\",\"contentUrl\":\"https:\/\/www.elementvape.de\/wp-content\/uploads\/2024\/04\/PINK-LEMONADE_1024x1024.webp\",\"width\":1024,\"height\":512,\"caption\":\"PINK-LEMONADE_1024x1024\"},{\"@type\":\"BreadcrumbList\",\"@id\":\"https:\/\/www.elementvape.de\/produkt\/randm-tornado-7000-einweg-vape-7000-puffs-eu-lagerraum\/#breadcrumb\",\"itemListElement\":[{\"@type\":\"ListItem\",\"position\":1,\"name\":\"Home\",\"item\":\"https:\/\/www.elementvape.de\/\"},{\"@type\":\"ListItem\",\"position\":2,\"name\":\"Shop\",\"item\":\"https:\/\/www.elementvape.de\/shop\/\"},{\"@type\":\"ListItem\",\"position\":3,\"name\":\"RandM Tornado 7000 E-Zigaretten 7000 Puffs Kaufen Eu lagerraum\"}]},{\"@type\":\"WebSite\",\"@id\":\"https:\/\/www.elementvape.de\/#website\",\"url\":\"https:\/\/www.elementvape.de\/\",\"name\":\"ElementVape.de\",\"description\":\"\",\"publisher\":{\"@id\":\"https:\/\/www.elementvape.de\/#organization\"},\"potentialAction\":[{\"@type\":\"SearchAction\",\"target\":{\"@type\":\"EntryPoint\",\"urlTemplate\":\"https:\/\/www.elementvape.de\/?s={search_term_string}\"},\"query-input\":\"required name=search_term_string\"}],\"inLanguage\":\"sk-SK\"},{\"@type\":\"Organization\",\"@id\":\"https:\/\/www.elementvape.de\/#organization\",\"name\":\"ElementVape.DE\",\"url\":\"https:\/\/www.elementvape.de\/\",\"logo\":{\"@type\":\"ImageObject\",\"inLanguage\":\"sk-SK\",\"@id\":\"https:\/\/www.elementvape.de\/#\/schema\/logo\/image\/\",\"url\":\"https:\/\/www.elementvape.de\/wp-content\/uploads\/2024\/09\/cropped-1elementvape-3.png\",\"contentUrl\":\"https:\/\/www.elementvape.de\/wp-content\/uploads\/2024\/09\/cropped-1elementvape-3.png\",\"width\":285,\"height\":228,\"caption\":\"ElementVape.DE\"},\"image\":{\"@id\":\"https:\/\/www.elementvape.de\/#\/schema\/logo\/image\/\"}}]}<\/script>\n<!-- \/ Yoast SEO plugin. -->","yoast_head_json":{"title":"RandM Tornado 7000 E-Zigaretten 7000 Puffs Kaufen Eu lagerraum | ElementVape.de","description":"Wir bieten RandM Tornado 7000 E-Zigaretten 7000 Puffs Kaufen Eu lagerraum , Elementvape.de akzeptieren Gro\u00df-und Einzelhandel Bestellungen.","robots":{"index":"index","follow":"follow","max-snippet":"max-snippet:-1","max-image-preview":"max-image-preview:large","max-video-preview":"max-video-preview:-1"},"canonical":"https:\/\/www.elementvape.de\/sk\/produkt\/randm-tornado-7000-einweg-vape-7000-puffs-eu-lagerraum\/","og_locale":"sk_SK","og_type":"article","og_title":"RandM Tornado 7000 E-Zigaretten 7000 Puffs Kaufen Eu lagerraum | ElementVape.de","og_description":"Wir bieten RandM Tornado 7000 E-Zigaretten 7000 Puffs Kaufen Eu lagerraum , Elementvape.de akzeptieren Gro\u00df-und Einzelhandel Bestellungen.","og_url":"https:\/\/www.elementvape.de\/sk\/produkt\/randm-tornado-7000-einweg-vape-7000-puffs-eu-lagerraum\/","og_site_name":"ElementVape.de","article_modified_time":"2025-04-02T02:02:45+00:00","og_image":[{"width":1024,"height":512,"url":"https:\/\/www.elementvape.de\/wp-content\/uploads\/2024\/04\/PINK-LEMONADE_1024x1024.webp","type":"image\/webp"}],"twitter_card":"summary_large_image","twitter_misc":{"Est. reading time":"4 min\u00faty"},"schema":{"@context":"https:\/\/schema.org","@graph":[{"@type":"WebPage","@id":"https:\/\/www.elementvape.de\/produkt\/randm-tornado-7000-einweg-vape-7000-puffs-eu-lagerraum\/","url":"https:\/\/www.elementvape.de\/produkt\/randm-tornado-7000-einweg-vape-7000-puffs-eu-lagerraum\/","name":"RandM Tornado 7000 E-Zigaretten 7000 Puffs Kaufen Eu lagerraum | ElementVape.de","isPartOf":{"@id":"https:\/\/www.elementvape.de\/#website"},"primaryImageOfPage":{"@id":"https:\/\/www.elementvape.de\/produkt\/randm-tornado-7000-einweg-vape-7000-puffs-eu-lagerraum\/#primaryimage"},"image":{"@id":"https:\/\/www.elementvape.de\/produkt\/randm-tornado-7000-einweg-vape-7000-puffs-eu-lagerraum\/#primaryimage"},"thumbnailUrl":"https:\/\/www.elementvape.de\/wp-content\/uploads\/2024\/04\/PINK-LEMONADE_1024x1024.webp","datePublished":"2024-04-29T09:18:40+00:00","dateModified":"2025-04-02T02:02:45+00:00","description":"Wir bieten RandM Tornado 7000 E-Zigaretten 7000 Puffs Kaufen Eu lagerraum , Elementvape.de akzeptieren Gro\u00df-und Einzelhandel Bestellungen.","breadcrumb":{"@id":"https:\/\/www.elementvape.de\/produkt\/randm-tornado-7000-einweg-vape-7000-puffs-eu-lagerraum\/#breadcrumb"},"inLanguage":"sk-SK","potentialAction":[{"@type":"ReadAction","target":["https:\/\/www.elementvape.de\/produkt\/randm-tornado-7000-einweg-vape-7000-puffs-eu-lagerraum\/"]}]},{"@type":"ImageObject","inLanguage":"sk-SK","@id":"https:\/\/www.elementvape.de\/produkt\/randm-tornado-7000-einweg-vape-7000-puffs-eu-lagerraum\/#primaryimage","url":"https:\/\/www.elementvape.de\/wp-content\/uploads\/2024\/04\/PINK-LEMONADE_1024x1024.webp","contentUrl":"https:\/\/www.elementvape.de\/wp-content\/uploads\/2024\/04\/PINK-LEMONADE_1024x1024.webp","width":1024,"height":512,"caption":"PINK-LEMONADE_1024x1024"},{"@type":"BreadcrumbList","@id":"https:\/\/www.elementvape.de\/produkt\/randm-tornado-7000-einweg-vape-7000-puffs-eu-lagerraum\/#breadcrumb","itemListElement":[{"@type":"ListItem","position":1,"name":"Home","item":"https:\/\/www.elementvape.de\/"},{"@type":"ListItem","position":2,"name":"Shop","item":"https:\/\/www.elementvape.de\/shop\/"},{"@type":"ListItem","position":3,"name":"RandM Tornado 7000 E-Zigaretten 7000 Puffs Kaufen Eu lagerraum"}]},{"@type":"WebSite","@id":"https:\/\/www.elementvape.de\/#website","url":"https:\/\/www.elementvape.de\/","name":"ElementVape.de","description":"","publisher":{"@id":"https:\/\/www.elementvape.de\/#organization"},"potentialAction":[{"@type":"SearchAction","target":{"@type":"EntryPoint","urlTemplate":"https:\/\/www.elementvape.de\/?s={search_term_string}"},"query-input":"required name=search_term_string"}],"inLanguage":"sk-SK"},{"@type":"Organization","@id":"https:\/\/www.elementvape.de\/#organization","name":"ElementVape.DE","url":"https:\/\/www.elementvape.de\/","logo":{"@type":"ImageObject","inLanguage":"sk-SK","@id":"https:\/\/www.elementvape.de\/#\/schema\/logo\/image\/","url":"https:\/\/www.elementvape.de\/wp-content\/uploads\/2024\/09\/cropped-1elementvape-3.png","contentUrl":"https:\/\/www.elementvape.de\/wp-content\/uploads\/2024\/09\/cropped-1elementvape-3.png","width":285,"height":228,"caption":"ElementVape.DE"},"image":{"@id":"https:\/\/www.elementvape.de\/#\/schema\/logo\/image\/"}}]}},"_links":{"self":[{"href":"https:\/\/www.elementvape.de\/sk\/wp-json\/wp\/v2\/product\/10317"}],"collection":[{"href":"https:\/\/www.elementvape.de\/sk\/wp-json\/wp\/v2\/product"}],"about":[{"href":"https:\/\/www.elementvape.de\/sk\/wp-json\/wp\/v2\/types\/product"}],"wp:featuredmedia":[{"embeddable":true,"href":"https:\/\/www.elementvape.de\/sk\/wp-json\/wp\/v2\/media\/10327"}],"wp:attachment":[{"href":"https:\/\/www.elementvape.de\/sk\/wp-json\/wp\/v2\/media?parent=10317"}],"wp:term":[{"taxonomy":"product_cat","embeddable":true,"href":"https:\/\/www.elementvape.de\/sk\/wp-json\/wp\/v2\/product_cat?post=10317"},{"taxonomy":"product_tag","embeddable":true,"href":"https:\/\/www.elementvape.de\/sk\/wp-json\/wp\/v2\/product_tag?post=10317"}],"curies":[{"name":"wp","href":"https:\/\/api.w.org\/{rel}","templated":true}]}}