{"id":5942,"date":"2020-10-02T02:57:37","date_gmt":"2020-10-02T02:57:37","guid":{"rendered":"https:\/\/demo2wpopal.b-cdn.net\/shopic\/?page_id=5942"},"modified":"2025-12-11T07:05:51","modified_gmt":"2025-12-11T07:05:51","slug":"refund-policy","status":"publish","type":"page","link":"https:\/\/www.elementvape.de\/sk\/refund-policy\/","title":{"rendered":"Politika vr\u00e1tenia pe\u0148az\u00ed"},"content":{"rendered":"<div data-elementor-type=\"wp-page\" data-elementor-id=\"5942\" class=\"elementor elementor-5942\">\n\t\t\t\t<div class=\"elementor-element elementor-element-ba882b8 e-flex e-con-boxed e-con e-parent\" data-id=\"ba882b8\" data-element_type=\"container\">\n\t\t\t\t\t<div class=\"e-con-inner\">\n\t\t\t\t<div class=\"elementor-element elementor-element-28ce9a8 elementor-widget elementor-widget-text-editor\" data-id=\"28ce9a8\" data-element_type=\"widget\" data-widget_type=\"text-editor.default\">\n\t\t\t\t<div class=\"elementor-widget-container\">\n\t\t\t<style>\/*! elementor - v3.21.0 - 26-05-2024 *\/\n.elementor-widget-text-editor.elementor-drop-cap-view-stacked .elementor-drop-cap{background-color:#69727d;color:#fff}.elementor-widget-text-editor.elementor-drop-cap-view-framed .elementor-drop-cap{color:#69727d;border:3px solid;background-color:transparent}.elementor-widget-text-editor:not(.elementor-drop-cap-view-default) .elementor-drop-cap{margin-top:8px}.elementor-widget-text-editor:not(.elementor-drop-cap-view-default) .elementor-drop-cap-letter{width:1em;height:1em}.elementor-widget-text-editor .elementor-drop-cap{float:left;text-align:center;line-height:1;font-size:50px}.elementor-widget-text-editor .elementor-drop-cap-letter{display:inline-block}<\/style>\t\t\t\t<h1 data-path-to-node=\"2\"><b>Politika vr\u00e1tenia a refund\u00e1cie \u2013 Elementvape<\/b><\/h1><p data-path-to-node=\"3\">V Elementvape sa sna\u017e\u00edme o najvy\u0161\u0161iu spokojnos\u0165 z\u00e1kazn\u00edkov. Ni\u017e\u0161ie n\u00e1jdete na\u0161e podrobn\u00e9 z\u00e1sady pre vr\u00e1tenia, refund\u00e1cie a storno objedn\u00e1vok.<\/p><h2 data-path-to-node=\"4\"><b>1. 15-d\u0148ov\u00e1 lehota na vr\u00e1tenie &amp; D\u00e1tum ukon\u010denia<\/b><\/h2><p data-path-to-node=\"5\">Pon\u00fakame 15-d\u0148ov\u00fa lehotu na vr\u00e1tenie od d\u00e1tumu doru\u010denia. Ak chcete za\u010da\u0165 s vr\u00e1ten\u00edm, kontaktujte n\u00e1s e-mailom a po\u017eiadajte o \u017eiados\u0165 o vr\u00e1tenie (RMA).<\/p><p data-path-to-node=\"6\">V e-maile uve\u010fte \u010do najviac inform\u00e1ci\u00ed, aby sme ur\u00fdchlili proces:<\/p><ul data-path-to-node=\"7\"><li><p data-path-to-node=\"7,0,0\">\u010c\u00edslo objedn\u00e1vky<\/p><\/li><li><p data-path-to-node=\"7,1,0\">Cel\u00e9 meno<\/p><\/li><li><p data-path-to-node=\"7,2,0\">Adresa a telef\u00f3nne \u010d\u00edslo<\/p><\/li><li><p data-path-to-node=\"7,3,0\">Podrobn\u00fd d\u00f4vod na vr\u00e1tenie<\/p><\/li><\/ul><p data-path-to-node=\"8\">Upozornenie: M\u00f4\u017eeme v\u00e1s po\u017eiada\u0165 o fotografie a\/alebo vide\u00e1 po\u0161koden\u00e9ho alebo defektn\u00e9ho tovaru pred schv\u00e1len\u00edm vr\u00e1tenia. Okrem toho v\u00e1m m\u00f4\u017eeme navrhn\u00fa\u0165 kroky na odstr\u00e1nenie probl\u00e9mov (troubleshooting). Toto je nevyhnutn\u00e9 na ur\u00fdchlenie procesu vr\u00e1tenia a na pomoc pri vyh\u00fdban\u00ed sa poplatkom za spracovanie vr\u00e1tenia.<\/p><p data-path-to-node=\"9\">Po schv\u00e1len\u00ed vr\u00e1tenia obdr\u017e\u00edte \u010fal\u0161ie pokyny na odoslanie. Refund\u00e1cia, kredit alebo n\u00e1hradn\u00e9 doru\u010denie bude vykonan\u00e9 a\u017e po prijat\u00ed a spracovan\u00ed vr\u00e1ten\u00e9ho tovaru.<\/p><h3 data-path-to-node=\"10\"><b>2. Lehoty na hl\u00e1senie po\u0161koden\u00ed (48 hod\u00edn)<\/b><\/h3><p data-path-to-node=\"11\">Nasleduj\u00face probl\u00e9my musia by\u0165 nevyhnutne hl\u00e1sen\u00e9 do 48 hod\u00edn od doru\u010denia:<\/p><ul data-path-to-node=\"12\"><li><p data-path-to-node=\"12,0,0\">Kosmetick\u00e9 po\u0161kodenia (\u0161krabance, prelia\u010diny z v\u00fdroby)<\/p><\/li><li><p data-path-to-node=\"12,1,0\">Probl\u00e9my s spotrebn\u00fdm tovarom<\/p><\/li><li><p data-path-to-node=\"12,2,0\">Dead on Arrival (DOA) \u2013 polo\u017eky, ktor\u00e9 s\u00fa pri doru\u010den\u00ed po\u0161koden\u00e9<\/p><\/li><li><p data-path-to-node=\"12,3,0\">Ch\u00fdbaj\u00face alebo nespr\u00e1vne polo\u017eky v bal\u00edku<\/p><\/li><\/ul><p data-path-to-node=\"13\">Hl\u00e1senia po uplynut\u00ed t\u00fdchto 48 hod\u00edn bohu\u017eia\u013e nem\u00f4\u017eu by\u0165 zoh\u013eadnen\u00e9.<\/p><h3 data-path-to-node=\"14\"><b>3. Vyl\u00fa\u010denie spotrebn\u00e9ho tovaru (hygiena)<\/b><\/h3><p data-path-to-node=\"15\">Z d\u00f4vodov pr\u00edsnej hygieny a bezpe\u010dnosti nem\u00f4\u017eeme akceptova\u0165 vr\u00e1tenia otvoren\u00e9ho alebo pou\u017e\u00edvan\u00e9ho spotrebn\u00e9ho tovaru. Medzi spotrebn\u00fd tovar patria okrem in\u00e9ho:<\/p><ul data-path-to-node=\"16\"><li><p data-path-to-node=\"16,0,0\">E-liquidy<\/p><\/li><li><p data-path-to-node=\"16,1,0\">Cievky (Spulen) a Pods<\/p><\/li><li><p data-path-to-node=\"16,2,0\">N\u00e1plne<\/p><\/li><li><p data-path-to-node=\"16,3,0\">Jednorazov\u00e9 elektronick\u00e9 cigarety (Disposables)<\/p><\/li><li><p data-path-to-node=\"16,4,0\">Bat\u00e9rie a akumul\u00e1tory<\/p><\/li><\/ul><p data-path-to-node=\"17\">Pre tieto polo\u017eky nie je mo\u017en\u00e1 op\u00e4tovn\u00e1 dod\u00e1vka, pokia\u013e neboli nahl\u00e1sen\u00e9 ako DOA (pri pr\u00edchode po\u0161koden\u00e9).<\/p><h3 data-path-to-node=\"18\"><b>4. Poplatky za spracovanie (poplatok za vr\u00e1tenie tovaru)<\/b><\/h3><p data-path-to-node=\"19\">Vyhradzujeme si pr\u00e1vo \u00fa\u010dtova\u0165 poplatok za spracovanie vo v\u00fd\u0161ke 15 % za vr\u00e1tenia, ak:<\/p><ol start=\"1\" data-path-to-node=\"20\"><li><p data-path-to-node=\"20,0,0\">Vr\u00e1ten\u00e9 polo\u017eky boli otvoren\u00e9 a\/alebo nie s\u00fa po\u0161koden\u00e9.<\/p><\/li><li><p data-path-to-node=\"20,1,0\">Polo\u017eky vykazuj\u00fa zn\u00e1mky fyzick\u00e9ho po\u0161kodenia alebo ch\u00fdb sp\u00f4soben\u00fdch pou\u017e\u00edvate\u013eom, ktor\u00e9 mohli sp\u00f4sobi\u0165 z\u00e1vadu.<\/p><\/li><li><p data-path-to-node=\"20,2,0\">Pr\u00edstroje neboli pred vr\u00e1ten\u00edm vy\u010disten\u00e9 a vypr\u00e1zdnen\u00e9.<\/p><\/li><li><p data-path-to-node=\"20,3,0\">Uveden\u00e1 z\u00e1vada pri kontrole neexistuje alebo ju bolo mo\u017en\u00e9 odstr\u00e1ni\u0165 jednoduch\u00fdmi krokmi na odstr\u00e1nenie z\u00e1vady.<\/p><\/li><\/ol><h3 data-path-to-node=\"21\"><b>5. N\u00e1klady na dopravu<\/b><\/h3><ul data-path-to-node=\"22\"><li><p data-path-to-node=\"22,0,0\"><b>N\u00e1klady na vr\u00e1tenie:<\/b> Z\u00e1kazn\u00edk je zodpovedn\u00fd za n\u00e1klady na vr\u00e1tenie tovaru, ktor\u00fd nie je po\u0161koden\u00fd.<\/p><\/li><li><p data-path-to-node=\"22,1,0\"><b>\u017diadne vr\u00e1tenie pe\u0148az\u00ed:<\/b> V\u0161etky p\u00f4vodn\u00e9 n\u00e1klady na dopravu NIE S\u00da VR\u00c1TEN\u00c9.<\/p><\/li><li><p data-path-to-node=\"22,2,0\"><b>Odmietnut\u00e9 bal\u00edky:<\/b> Ak z\u00e1kazn\u00edk alebo dopravca z ak\u00e9hoko\u013evek d\u00f4vodu odmietne bal\u00edk (napr\u00edklad nespr\u00e1vna adresa), n\u00e1klady na dopravu nebud\u00fa refundovan\u00e9. Ak bola va\u0161a objedn\u00e1vka p\u00f4vodne bezplatn\u00e1, odpo\u010d\u00edta sa od va\u0161ej refund\u00e1cie na\u0161a skuto\u010dn\u00e1 cena za dopravu.<\/p><\/li><\/ul><h3 data-path-to-node=\"23\"><b>6. Podmienky zru\u0161enia objedn\u00e1vky<\/b><\/h3><p data-path-to-node=\"24\">Ak chcete objedn\u00e1vku zru\u0161i\u0165, venujte pozornos\u0165 na\u0161ej \u0161trukt\u00fare poplatkov pod\u013ea stavu spracovania:<\/p><ul data-path-to-node=\"25\"><li><p data-path-to-node=\"25,0,0\">Ak sme u\u017e za\u010dali s administrat\u00edvnym spracovan\u00edm va\u0161ej objedn\u00e1vky, \u00fa\u010dtujeme poplatok za zru\u0161enie vo v\u00fd\u0161ke 20 % z hodnoty objedn\u00e1vky.<\/p><\/li><li><p data-path-to-node=\"25,1,0\">Ak je va\u0161a objedn\u00e1vka u\u017e zostaven\u00e1 a zabalen\u00e1 (pr\u00edprava na odoslanie ukon\u010den\u00e1), \u00fa\u010dtujeme poplatok vo v\u00fd\u0161ke 50 %.<\/p><\/li><li><p data-path-to-node=\"25,2,0\">Ak tovar u\u017e bol odoslan\u00fd, objedn\u00e1vku u\u017e nemo\u017eno zru\u0161i\u0165.<\/p><\/li><\/ul><p data-path-to-node=\"26\"><b>7. Podmienky akcie (V\u00fdpredaj)<\/b><\/p><p data-path-to-node=\"27\">Tovary pred\u00e1van\u00e9 v r\u00e1mci akci\u00ed sa pova\u017euj\u00fa za \u201eKone\u010dn\u00fd v\u00fdpredaj\u201c (Final Sale). Ak je akciov\u00fd tovar po\u0161koden\u00fd, vystavujeme iba refund\u00e1ciu alebo dobropis vo v\u00fd\u0161ke sumy zaplatenej za tovar. Akciov\u00fd tovar sa nevymie\u0148a.<\/p><h3 data-path-to-node=\"28\"><b>8. Proces vr\u00e1tenia pe\u0148az\u00ed<\/b><\/h3><p data-path-to-node=\"29\">Vr\u00e1tenie pe\u0148az\u00ed je mo\u017en\u00e9 iba na p\u00f4vodn\u00fa sp\u00f4sob platby (kreditn\u00e1 karta, debetn\u00e1 karta) alebo ako kredit na obchode. Elementvape nie je zodpovedn\u00fd za vr\u00e1tenie pe\u0148az\u00ed na predplaten\u00fa kartu alebo zru\u0161en\u00fa kreditn\u00fa kartu, ak majite\u013e karty k nim u\u017e nem\u00e1 pr\u00edstup.<\/p><h3 data-path-to-node=\"30\"><b>9. Vyl\u00fa\u010denie zodpovednosti<\/b><\/h3><p data-path-to-node=\"31\">D\u00f4kladne kontrolujeme v\u0161etky inform\u00e1cie na na\u0161ej webovej str\u00e1nke. Ob\u010das v\u0161ak m\u00f4\u017ee d\u00f4js\u0165 k chyb\u00e1m alebo v\u00fdrobcovia m\u00f4\u017eu aktualizova\u0165 inform\u00e1cie, ktor\u00e9 n\u00e1m nie s\u00fa zn\u00e1me. Vyhradzujeme si pr\u00e1vo opravi\u0165 nepresn\u00e9 inform\u00e1cie a nie sme zodpovedn\u00ed za preklepy.<\/p><p data-path-to-node=\"32\">Podmienky vr\u00e1tenia pe\u0148az\u00ed od Elementvape platia iba pre n\u00e1kupy na tejto webovej str\u00e1nke.<\/p>\t\t\t\t\t\t<\/div>\n\t\t\t\t<\/div>\n\t\t\t\t\t<\/div>\n\t\t\t\t<\/div>\n\t\t\t\t<\/div>","protected":false},"excerpt":{"rendered":"<p>R\u00fcckgabe- und Erstattungsrichtlinie \u2013 Elementvape Bei Elementvape streben wir nach h\u00f6chster Kundenzufriedenheit. Nachfolgend finden Sie unsere detaillierten Richtlinien f\u00fcr R\u00fcckgaben, Erstattungen und Stornierungen. 1. 15-t\u00e4gige R\u00fcckgabefrist &amp; Ablauf Wir bieten eine 15-t\u00e4gige R\u00fcckgabefrist ab dem Lieferdatum an. Um eine R\u00fcckgabe einzuleiten, kontaktieren Sie uns bitte per E-Mail, um eine R\u00fcckgabeanforderung (RMA) zu stellen. Bitte geben [&hellip;]<\/p>","protected":false},"author":1,"featured_media":0,"parent":0,"menu_order":0,"comment_status":"closed","ping_status":"closed","template":"elementor_header_footer","meta":{"inline_featured_image":false,"footnotes":""},"yoast_head":"<!-- This site is optimized with the Yoast SEO plugin v23.3 - https:\/\/yoast.com\/wordpress\/plugins\/seo\/ -->\n<title>Refund Policy<\/title>\n<meta name=\"description\" content=\"Bereitgestellt vom ElementVape.de -Team, damit Sie die internationale Politik von E-Zigaretten verstehen, unser Verst\u00e4ndnis von E-Zigaretten verbessern und einige Tipps zur richtigen Verwendung von E-Zigaretten erhalten. Wenn Sie mehr wissen m\u00f6chten, k\u00f6nnen Sie unseren Kanal abonnieren\" \/>\n<meta name=\"robots\" content=\"index, follow, max-snippet:-1, max-image-preview:large, max-video-preview:-1\" \/>\n<link rel=\"canonical\" href=\"https:\/\/www.elementvape.de\/sk\/refund-policy\/\" \/>\n<meta property=\"og:locale\" content=\"sk_SK\" \/>\n<meta property=\"og:type\" content=\"article\" \/>\n<meta property=\"og:title\" content=\"Refund Policy\" \/>\n<meta property=\"og:description\" content=\"Bereitgestellt vom ElementVape.de -Team, damit Sie die internationale Politik von E-Zigaretten verstehen, unser Verst\u00e4ndnis von E-Zigaretten verbessern und einige Tipps zur richtigen Verwendung von E-Zigaretten erhalten. Wenn Sie mehr wissen m\u00f6chten, k\u00f6nnen Sie unseren Kanal abonnieren\" \/>\n<meta property=\"og:url\" content=\"https:\/\/www.elementvape.de\/sk\/refund-policy\/\" \/>\n<meta property=\"og:site_name\" content=\"ElementVape.de\" \/>\n<meta property=\"article:modified_time\" content=\"2025-12-11T07:05:51+00:00\" \/>\n<meta name=\"twitter:card\" content=\"summary_large_image\" \/>\n<meta name=\"twitter:label1\" content=\"Est. reading time\" \/>\n\t<meta name=\"twitter:data1\" content=\"4 min\u00faty\" \/>\n<script type=\"application\/ld+json\" class=\"yoast-schema-graph\">{\"@context\":\"https:\/\/schema.org\",\"@graph\":[{\"@type\":\"WebPage\",\"@id\":\"https:\/\/www.elementvape.de\/refund-policy\/\",\"url\":\"https:\/\/www.elementvape.de\/refund-policy\/\",\"name\":\"Refund Policy\",\"isPartOf\":{\"@id\":\"https:\/\/www.elementvape.de\/#website\"},\"datePublished\":\"2020-10-02T02:57:37+00:00\",\"dateModified\":\"2025-12-11T07:05:51+00:00\",\"description\":\"Bereitgestellt vom ElementVape.de -Team, damit Sie die internationale Politik von E-Zigaretten verstehen, unser Verst\u00e4ndnis von E-Zigaretten verbessern und einige Tipps zur richtigen Verwendung von E-Zigaretten erhalten. Wenn Sie mehr wissen m\u00f6chten, k\u00f6nnen Sie unseren Kanal abonnieren\",\"breadcrumb\":{\"@id\":\"https:\/\/www.elementvape.de\/refund-policy\/#breadcrumb\"},\"inLanguage\":\"sk-SK\",\"potentialAction\":[{\"@type\":\"ReadAction\",\"target\":[\"https:\/\/www.elementvape.de\/refund-policy\/\"]}]},{\"@type\":\"BreadcrumbList\",\"@id\":\"https:\/\/www.elementvape.de\/refund-policy\/#breadcrumb\",\"itemListElement\":[{\"@type\":\"ListItem\",\"position\":1,\"name\":\"Home\",\"item\":\"https:\/\/www.elementvape.de\/\"},{\"@type\":\"ListItem\",\"position\":2,\"name\":\"Refund Policy\"}]},{\"@type\":\"WebSite\",\"@id\":\"https:\/\/www.elementvape.de\/#website\",\"url\":\"https:\/\/www.elementvape.de\/\",\"name\":\"ElementVape.de\",\"description\":\"\",\"publisher\":{\"@id\":\"https:\/\/www.elementvape.de\/#organization\"},\"potentialAction\":[{\"@type\":\"SearchAction\",\"target\":{\"@type\":\"EntryPoint\",\"urlTemplate\":\"https:\/\/www.elementvape.de\/?s={search_term_string}\"},\"query-input\":\"required name=search_term_string\"}],\"inLanguage\":\"sk-SK\"},{\"@type\":\"Organization\",\"@id\":\"https:\/\/www.elementvape.de\/#organization\",\"name\":\"ElementVape.DE\",\"url\":\"https:\/\/www.elementvape.de\/\",\"logo\":{\"@type\":\"ImageObject\",\"inLanguage\":\"sk-SK\",\"@id\":\"https:\/\/www.elementvape.de\/#\/schema\/logo\/image\/\",\"url\":\"https:\/\/www.elementvape.de\/wp-content\/uploads\/2024\/09\/cropped-1elementvape-3.png\",\"contentUrl\":\"https:\/\/www.elementvape.de\/wp-content\/uploads\/2024\/09\/cropped-1elementvape-3.png\",\"width\":285,\"height\":228,\"caption\":\"ElementVape.DE\"},\"image\":{\"@id\":\"https:\/\/www.elementvape.de\/#\/schema\/logo\/image\/\"}}]}<\/script>\n<!-- \/ Yoast SEO plugin. -->","yoast_head_json":{"title":"Refund Policy","description":"Bereitgestellt vom ElementVape.de -Team, damit Sie die internationale Politik von E-Zigaretten verstehen, unser Verst\u00e4ndnis von E-Zigaretten verbessern und einige Tipps zur richtigen Verwendung von E-Zigaretten erhalten. Wenn Sie mehr wissen m\u00f6chten, k\u00f6nnen Sie unseren Kanal abonnieren","robots":{"index":"index","follow":"follow","max-snippet":"max-snippet:-1","max-image-preview":"max-image-preview:large","max-video-preview":"max-video-preview:-1"},"canonical":"https:\/\/www.elementvape.de\/sk\/refund-policy\/","og_locale":"sk_SK","og_type":"article","og_title":"Refund Policy","og_description":"Bereitgestellt vom ElementVape.de -Team, damit Sie die internationale Politik von E-Zigaretten verstehen, unser Verst\u00e4ndnis von E-Zigaretten verbessern und einige Tipps zur richtigen Verwendung von E-Zigaretten erhalten. Wenn Sie mehr wissen m\u00f6chten, k\u00f6nnen Sie unseren Kanal abonnieren","og_url":"https:\/\/www.elementvape.de\/sk\/refund-policy\/","og_site_name":"ElementVape.de","article_modified_time":"2025-12-11T07:05:51+00:00","twitter_card":"summary_large_image","twitter_misc":{"Est. reading time":"4 min\u00faty"},"schema":{"@context":"https:\/\/schema.org","@graph":[{"@type":"WebPage","@id":"https:\/\/www.elementvape.de\/refund-policy\/","url":"https:\/\/www.elementvape.de\/refund-policy\/","name":"Refund Policy","isPartOf":{"@id":"https:\/\/www.elementvape.de\/#website"},"datePublished":"2020-10-02T02:57:37+00:00","dateModified":"2025-12-11T07:05:51+00:00","description":"Bereitgestellt vom ElementVape.de -Team, damit Sie die internationale Politik von E-Zigaretten verstehen, unser Verst\u00e4ndnis von E-Zigaretten verbessern und einige Tipps zur richtigen Verwendung von E-Zigaretten erhalten. Wenn Sie mehr wissen m\u00f6chten, k\u00f6nnen Sie unseren Kanal abonnieren","breadcrumb":{"@id":"https:\/\/www.elementvape.de\/refund-policy\/#breadcrumb"},"inLanguage":"sk-SK","potentialAction":[{"@type":"ReadAction","target":["https:\/\/www.elementvape.de\/refund-policy\/"]}]},{"@type":"BreadcrumbList","@id":"https:\/\/www.elementvape.de\/refund-policy\/#breadcrumb","itemListElement":[{"@type":"ListItem","position":1,"name":"Home","item":"https:\/\/www.elementvape.de\/"},{"@type":"ListItem","position":2,"name":"Refund Policy"}]},{"@type":"WebSite","@id":"https:\/\/www.elementvape.de\/#website","url":"https:\/\/www.elementvape.de\/","name":"ElementVape.de","description":"","publisher":{"@id":"https:\/\/www.elementvape.de\/#organization"},"potentialAction":[{"@type":"SearchAction","target":{"@type":"EntryPoint","urlTemplate":"https:\/\/www.elementvape.de\/?s={search_term_string}"},"query-input":"required name=search_term_string"}],"inLanguage":"sk-SK"},{"@type":"Organization","@id":"https:\/\/www.elementvape.de\/#organization","name":"ElementVape.DE","url":"https:\/\/www.elementvape.de\/","logo":{"@type":"ImageObject","inLanguage":"sk-SK","@id":"https:\/\/www.elementvape.de\/#\/schema\/logo\/image\/","url":"https:\/\/www.elementvape.de\/wp-content\/uploads\/2024\/09\/cropped-1elementvape-3.png","contentUrl":"https:\/\/www.elementvape.de\/wp-content\/uploads\/2024\/09\/cropped-1elementvape-3.png","width":285,"height":228,"caption":"ElementVape.DE"},"image":{"@id":"https:\/\/www.elementvape.de\/#\/schema\/logo\/image\/"}}]}},"_links":{"self":[{"href":"https:\/\/www.elementvape.de\/sk\/wp-json\/wp\/v2\/pages\/5942"}],"collection":[{"href":"https:\/\/www.elementvape.de\/sk\/wp-json\/wp\/v2\/pages"}],"about":[{"href":"https:\/\/www.elementvape.de\/sk\/wp-json\/wp\/v2\/types\/page"}],"author":[{"embeddable":true,"href":"https:\/\/www.elementvape.de\/sk\/wp-json\/wp\/v2\/users\/1"}],"replies":[{"embeddable":true,"href":"https:\/\/www.elementvape.de\/sk\/wp-json\/wp\/v2\/comments?post=5942"}],"version-history":[{"count":12,"href":"https:\/\/www.elementvape.de\/sk\/wp-json\/wp\/v2\/pages\/5942\/revisions"}],"predecessor-version":[{"id":16690,"href":"https:\/\/www.elementvape.de\/sk\/wp-json\/wp\/v2\/pages\/5942\/revisions\/16690"}],"wp:attachment":[{"href":"https:\/\/www.elementvape.de\/sk\/wp-json\/wp\/v2\/media?parent=5942"}],"curies":[{"name":"wp","href":"https:\/\/api.w.org\/{rel}","templated":true}]}}