{"id":4868,"date":"2020-09-28T09:34:53","date_gmt":"2020-09-28T09:34:53","guid":{"rendered":"https:\/\/demo2wpopal.b-cdn.net\/shopic\/?page_id=4868"},"modified":"2025-12-11T03:34:22","modified_gmt":"2025-12-11T03:34:22","slug":"contact","status":"publish","type":"page","link":"https:\/\/www.elementvape.de\/sk\/contact\/","title":{"rendered":"Kontakt"},"content":{"rendered":"<div data-elementor-type=\"wp-page\" data-elementor-id=\"4868\" class=\"elementor elementor-4868\">\n\t\t\t\t\t\t<div class=\"elementor-section elementor-top-section elementor-element elementor-element-4bfd7b7 elementor-section-stretched elementor-section-boxed elementor-section-height-default elementor-section-height-default\" data-id=\"4bfd7b7\" data-element_type=\"section\" data-settings=\"{&quot;stretch_section&quot;:&quot;section-stretched&quot;}\">\n\t\t\t\t\t\t<div class=\"elementor-container elementor-column-gap-no\">\n\t\t\t\t\t<div class=\"elementor-column elementor-col-100 elementor-top-column elementor-element elementor-element-30d9831\" data-id=\"30d9831\" data-element_type=\"column\">\n\t\t\t<div class=\"elementor-widget-wrap elementor-element-populated\">\n\t\t\t\t\t\t<div class=\"elementor-element elementor-element-96f336d elementor-widget elementor-widget-heading\" data-id=\"96f336d\" data-element_type=\"widget\" data-widget_type=\"heading.default\">\n\t\t\t\t<div class=\"elementor-widget-container\">\n\t\t\t<style>\/*! elementor - v3.21.0 - 26-05-2024 *\/\n.elementor-heading-title{padding:0;margin:0;line-height:1}.elementor-widget-heading .elementor-heading-title[class*=elementor-size-]>a{color:inherit;font-size:inherit;line-height:inherit}.elementor-widget-heading .elementor-heading-title.elementor-size-small{font-size:15px}.elementor-widget-heading .elementor-heading-title.elementor-size-medium{font-size:19px}.elementor-widget-heading .elementor-heading-title.elementor-size-large{font-size:29px}.elementor-widget-heading .elementor-heading-title.elementor-size-xl{font-size:39px}.elementor-widget-heading .elementor-heading-title.elementor-size-xxl{font-size:59px}<\/style><h2 class=\"elementor-heading-title elementor-size-default\">Sme tu, aby sme pomohli<\/h2>\t\t<\/div>\n\t\t\t\t<\/div>\n\t\t\t\t<div class=\"elementor-element elementor-element-1a24295 elementor-widget elementor-widget-text-editor\" data-id=\"1a24295\" data-element_type=\"widget\" data-widget_type=\"text-editor.default\">\n\t\t\t\t<div class=\"elementor-widget-container\">\n\t\t\t<style>\/*! elementor - v3.21.0 - 26-05-2024 *\/\n.elementor-widget-text-editor.elementor-drop-cap-view-stacked .elementor-drop-cap{background-color:#69727d;color:#fff}.elementor-widget-text-editor.elementor-drop-cap-view-framed .elementor-drop-cap{color:#69727d;border:3px solid;background-color:transparent}.elementor-widget-text-editor:not(.elementor-drop-cap-view-default) .elementor-drop-cap{margin-top:8px}.elementor-widget-text-editor:not(.elementor-drop-cap-view-default) .elementor-drop-cap-letter{width:1em;height:1em}.elementor-widget-text-editor .elementor-drop-cap{float:left;text-align:center;line-height:1;font-size:50px}.elementor-widget-text-editor .elementor-drop-cap-letter{display:inline-block}<\/style>\t\t\t\t<p>Pre viac inform\u00e1ci\u00ed o t\u00e9me Vapovanie n\u00e1s, pros\u00edm, kontaktujte prostredn\u00edctvom\u00a0<\/p><p>E-mail: elementvapede@gmail.com<\/p>\t\t\t\t\t\t<\/div>\n\t\t\t\t<\/div>\n\t\t\t\t\t<\/div>\n\t\t<\/div>\n\t\t\t\t\t<\/div>\n\t\t<\/div>\n\t\t\t\t<div class=\"elementor-section elementor-top-section elementor-element elementor-element-17cf6dc elementor-section-stretched elementor-section-boxed elementor-section-height-default elementor-section-height-default\" data-id=\"17cf6dc\" data-element_type=\"section\" data-settings=\"{&quot;stretch_section&quot;:&quot;section-stretched&quot;}\">\n\t\t\t\t\t\t<div class=\"elementor-container elementor-column-gap-no\">\n\t\t\t\t\t<div class=\"elementor-column elementor-col-50 elementor-top-column elementor-element elementor-element-af37e9c\" data-id=\"af37e9c\" data-element_type=\"column\">\n\t\t\t<div class=\"elementor-widget-wrap elementor-element-populated\">\n\t\t\t\t\t\t<div class=\"elementor-element elementor-element-9927083 elementor-widget elementor-widget-heading\" data-id=\"9927083\" data-element_type=\"widget\" data-widget_type=\"heading.default\">\n\t\t\t\t<div class=\"elementor-widget-container\">\n\t\t\t<h2 class=\"elementor-heading-title elementor-size-default\">kontaktuj n\u00e1s<\/h2>\t\t<\/div>\n\t\t\t\t<\/div>\n\t\t\t\t<div class=\"elementor-element elementor-element-34fdafb elementor-widget elementor-widget-shopic-contactform\" data-id=\"34fdafb\" data-element_type=\"widget\" data-widget_type=\"shopic-contactform.default\">\n\t\t\t\t<div class=\"elementor-widget-container\">\n\t\t\t\n<div class=\"wpcf7 no-js\" id=\"wpcf7-f6438-o1\" lang=\"en-US\" dir=\"ltr\">\n<div class=\"screen-reader-response\"><p role=\"status\" aria-live=\"polite\" aria-atomic=\"true\"><\/p> <ul><\/ul><\/div>\n<form action=\"\/sk\/wp-json\/wp\/v2\/pages\/4868#wpcf7-f6438-o1\" method=\"post\" class=\"wpcf7-form init\" aria-label=\"Kontaktn\u00fd formul\u00e1r\" novalidate=\"novalidate\" data-status=\"init\" data-trp-original-action=\"\/sk\/wp-json\/wp\/v2\/pages\/4868#wpcf7-f6438-o1\">\n<div style=\"display: none;\">\n<input type=\"hidden\" name=\"_wpcf7\" value=\"6438\" \/>\n<input type=\"hidden\" name=\"_wpcf7_version\" value=\"5.9.8\" \/>\n<input type=\"hidden\" name=\"_wpcf7_locale\" value=\"en_US\" \/>\n<input type=\"hidden\" name=\"_wpcf7_unit_tag\" value=\"wpcf7-f6438-o1\" \/>\n<input type=\"hidden\" name=\"_wpcf7_container_post\" value=\"0\" \/>\n<input type=\"hidden\" name=\"_wpcf7_posted_data_hash\" value=\"\" \/>\n<\/div>\n<form>\n\t<div>\n\t\t<p><span class=\"wpcf7-form-control-wrap\" data-name=\"your-name\"><input size=\"40\" maxlength=\"400\" class=\"wpcf7-form-control wpcf7-text wpcf7-validates-as-required\" aria-required=\"true\" aria-invalid=\"false\" placeholder=\"Va\u0161e meno*\" value=\"\" type=\"text\" name=\"your-name\" \/><\/span>\n\t\t<\/p>\n\t<\/div>\n\t<div>\n\t\t<p><span class=\"wpcf7-form-control-wrap\" data-name=\"your-email\"><input size=\"40\" maxlength=\"400\" class=\"wpcf7-form-control wpcf7-email wpcf7-validates-as-required wpcf7-text wpcf7-validates-as-email\" aria-required=\"true\" aria-invalid=\"false\" placeholder=\"V\u00e1\u0161 e-mail*\" value=\"\" type=\"email\" name=\"your-email\" \/><\/span>\n\t\t<\/p>\n\t<\/div>\n\t<div>\n\t\t<p><span class=\"wpcf7-form-control-wrap\" data-name=\"textarea\"><textarea cols=\"40\" rows=\"10\" maxlength=\"2000\" class=\"wpcf7-form-control wpcf7-textarea\" aria-invalid=\"false\" placeholder=\"Spr\u00e1va\" name=\"textarea\"><\/textarea><\/span>\n\t\t<\/p>\n\t<\/div>\n\t<div>\n\t\t<p><input class=\"wpcf7-form-control wpcf7-submit has-spinner\" type=\"submit\" value=\"odosla\u0165 spr\u00e1vu\" \/>\n\t\t<\/p>\n\t<\/div>\n\t<form>\n\t<\/form>\n<\/form><div class=\"wpcf7-response-output\" aria-hidden=\"true\"><\/div>\n<input type=\"hidden\" name=\"trp-form-language\" value=\"sk\"\/><\/form>\n<\/div>\n\t\t<\/div>\n\t\t\t\t<\/div>\n\t\t\t\t\t<\/div>\n\t\t<\/div>\n\t\t\t\t<div class=\"elementor-column elementor-col-50 elementor-top-column elementor-element elementor-element-f880ff0\" data-id=\"f880ff0\" data-element_type=\"column\">\n\t\t\t<div class=\"elementor-widget-wrap elementor-element-populated\">\n\t\t\t\t\t\t<div class=\"elementor-element elementor-element-551b4a2 elementor-widget elementor-widget-text-editor\" data-id=\"551b4a2\" data-element_type=\"widget\" data-widget_type=\"text-editor.default\">\n\t\t\t\t<div class=\"elementor-widget-container\">\n\t\t\t\t\t\t\t<p>Vitajte na mojej webovej str\u00e1nke s e-cigaretami. Ak si \u017eel\u00e1te individu\u00e1lnu e-cigaretu alebo m\u00e1te objedn\u00e1vku na individu\u00e1lnu e-cigaretu, radi v\u00e1m ju vyrob\u00edme.<\/p><p><br \/>OEM pln\u00e1 slu\u017eba<br \/>V\u00fdhody OEM plnej slu\u017eby:<br \/>Chcete uvies\u0165 svoj produkt na trh, ale nechcete investova\u0165 v\u0161etky peniaze do n\u00e1kupu strojov\u00e9ho parku, person\u00e1lu at\u010f.? Chcete sa s\u00fastredi\u0165 na predaj a marketing?<\/p><p>M\u00f4\u017eeme pre v\u00e1s vyrobi\u0165 10 ml tekut\u00edn alebo Shake e-cigaret v r\u00f4znych ve\u013ekostiach (50 v 60 | 100 v 120).<\/p><p>Pon\u00fakame v\u00e1m dokonal\u00e9 rie\u0161enie.<\/p><p>M\u00f4\u017eete si vybra\u0165 svoju ob\u013e\u00faben\u00fa pr\u00edchu\u0165 z na\u0161ich existuj\u00facich produktov. Samozrejme, \u017ee ich ozna\u010d\u00edme a vyrob\u00edme pre v\u00e1s.<br \/>Spolu s vami vyv\u00edjame \u00faplne nov\u00e9 produkty a pr\u00edchute. Tieto inform\u00e1cie potom vypln\u00edme za v\u00e1s, aby zodpovedali platn\u00fdm z\u00e1konom.<br \/>V\u0161etko, \u010do potrebujete, je spolo\u010dnos\u0165, ktor\u00e1 dok\u00e1\u017ee zmie\u0161a\u0165 va\u0161e \u0161peci\u00e1lne zlo\u017eky, a my to m\u00f4\u017eeme urobi\u0165 za v\u00e1s.<br \/>Alebo m\u00e1te svoju pr\u00edchu\u0165 pripraven\u00fa a h\u013ead\u00e1te siln\u00e9ho partnera, ktor\u00fd sa postar\u00e1 nielen o plnenie, ale aj o profesion\u00e1lne mie\u0161anie a samozrejme v\u00e1s najlep\u0161ie porad\u00ed oh\u013eadom pr\u00e1vnej situ\u00e1cie.<br \/>U n\u00e1s z\u00edskate slu\u017ebu, ktor\u00fa potrebujete a chcete, a ni\u010d viac.<\/p><p>Ak len chcete vedie\u0165, ako nie\u010do tak\u00e9 realizujeme, nebojte sa n\u00e1s kontaktova\u0165. Nie je to ani tak drah\u00e9, ako si mysl\u00edte.<\/p><p>Ve\u013ek\u00fa d\u00f4veru kladieme na slu\u017ebu a spokojnos\u0165 z\u00e1kazn\u00edka. Po vyrie\u0161en\u00ed prv\u00e9ho kroku e-mailom alebo telefonicky si dohodneme stretnutie u v\u00e1s a postar\u00e1me sa o zvy\u0161ok, aby sme mohli produkt vyrobi\u0165 \u010do najlep\u0161ie a najflexibilnej\u0161ie. Pre v\u00e1s.<\/p><p>Elementvape.de ODM podporuje:<br \/>\u2665 Prisp\u00f4sobenie chuti<\/p><p>\u2665 Prisp\u00f4sobenie vzh\u013eadu<\/p><p>\u2665 \u00daprava remesla<\/p><p>\u2665 Prisp\u00f4sobenie farieb<\/p><p>\u2665 Prisp\u00f4sobenie bal\u00edka<\/p><p>\u2665 Prisp\u00f4sobenie loga<\/p><p>viac\u2026\u2026.<\/p><p>M\u00f4\u017eete online konzultova\u0165 z\u00e1kazn\u00edcky servis OEM\/ODM a \u010fal\u0161ie OEM\/ODM jednorazov\u00e9 e-cigaretky.<\/p><p>Odpovieme \u010do najsk\u00f4r na v\u00e1\u0161 e-mail!<\/p>\t\t\t\t\t\t<\/div>\n\t\t\t\t<\/div>\n\t\t\t\t\t<\/div>\n\t\t<\/div>\n\t\t\t\t\t<\/div>\n\t\t<\/div>\n\t\t\t\t<\/div>","protected":false},"excerpt":{"rendered":"<p>Wir sind hier um zu helfen F\u00fcr weitere Informationen zum Thema Dampfen kontaktieren Sie uns bitte per\u00a0 E-Mail: elementvapede@gmail.com kontaktiere uns Willkommen auf meiner E-Zigaretten-Website. Wenn Sie eine individuelle E-Zigarette w\u00fcnschen oder eine Bestellung f\u00fcr eine individuelle E-Zigarette haben, fertigen wir diese gerne f\u00fcr Sie an. OEM-Full-ServiceVorteile des OEM-Full-Service:Sie m\u00f6chten Ihr Produkt vermarkten, aber nicht [&hellip;]<\/p>","protected":false},"author":1,"featured_media":0,"parent":0,"menu_order":0,"comment_status":"closed","ping_status":"closed","template":"elementor_header_footer","meta":{"inline_featured_image":false,"footnotes":""},"yoast_head":"<!-- This site is optimized with the Yoast SEO plugin v23.3 - https:\/\/yoast.com\/wordpress\/plugins\/seo\/ -->\n<title>Contact-ElementVapede<\/title>\n<meta name=\"description\" content=\"Das ElementVape.de-Team bietet Einblicke in internationale E-Zigarettenpolitik, mehr Vape-Wissen und hilfreiche Tipps. Kanal abonnieren.&quot;\" \/>\n<meta name=\"robots\" content=\"index, follow, max-snippet:-1, max-image-preview:large, max-video-preview:-1\" \/>\n<link rel=\"canonical\" href=\"https:\/\/www.elementvape.de\/sk\/contact\/\" \/>\n<meta property=\"og:locale\" content=\"sk_SK\" \/>\n<meta property=\"og:type\" content=\"article\" \/>\n<meta property=\"og:title\" content=\"Contact-ElementVapede\" \/>\n<meta property=\"og:description\" content=\"Das ElementVape.de-Team bietet Einblicke in internationale E-Zigarettenpolitik, mehr Vape-Wissen und hilfreiche Tipps. Kanal abonnieren.&quot;\" \/>\n<meta property=\"og:url\" content=\"https:\/\/www.elementvape.de\/sk\/contact\/\" \/>\n<meta property=\"og:site_name\" content=\"ElementVape.de\" \/>\n<meta property=\"article:modified_time\" content=\"2025-12-11T03:34:22+00:00\" \/>\n<meta name=\"twitter:card\" content=\"summary_large_image\" \/>\n<meta name=\"twitter:label1\" content=\"Est. reading time\" \/>\n\t<meta name=\"twitter:data1\" content=\"2 min\u00faty\" \/>\n<script type=\"application\/ld+json\" class=\"yoast-schema-graph\">{\"@context\":\"https:\/\/schema.org\",\"@graph\":[{\"@type\":\"WebPage\",\"@id\":\"https:\/\/www.elementvape.de\/contact\/\",\"url\":\"https:\/\/www.elementvape.de\/contact\/\",\"name\":\"Contact-ElementVapede\",\"isPartOf\":{\"@id\":\"https:\/\/www.elementvape.de\/#website\"},\"datePublished\":\"2020-09-28T09:34:53+00:00\",\"dateModified\":\"2025-12-11T03:34:22+00:00\",\"description\":\"Das ElementVape.de-Team bietet Einblicke in internationale E-Zigarettenpolitik, mehr Vape-Wissen und hilfreiche Tipps. Kanal abonnieren.\\\"\",\"breadcrumb\":{\"@id\":\"https:\/\/www.elementvape.de\/contact\/#breadcrumb\"},\"inLanguage\":\"sk-SK\",\"potentialAction\":[{\"@type\":\"ReadAction\",\"target\":[\"https:\/\/www.elementvape.de\/contact\/\"]}]},{\"@type\":\"BreadcrumbList\",\"@id\":\"https:\/\/www.elementvape.de\/contact\/#breadcrumb\",\"itemListElement\":[{\"@type\":\"ListItem\",\"position\":1,\"name\":\"Home\",\"item\":\"https:\/\/www.elementvape.de\/\"},{\"@type\":\"ListItem\",\"position\":2,\"name\":\"Contact\"}]},{\"@type\":\"WebSite\",\"@id\":\"https:\/\/www.elementvape.de\/#website\",\"url\":\"https:\/\/www.elementvape.de\/\",\"name\":\"ElementVape.de\",\"description\":\"\",\"publisher\":{\"@id\":\"https:\/\/www.elementvape.de\/#organization\"},\"potentialAction\":[{\"@type\":\"SearchAction\",\"target\":{\"@type\":\"EntryPoint\",\"urlTemplate\":\"https:\/\/www.elementvape.de\/?s={search_term_string}\"},\"query-input\":\"required name=search_term_string\"}],\"inLanguage\":\"sk-SK\"},{\"@type\":\"Organization\",\"@id\":\"https:\/\/www.elementvape.de\/#organization\",\"name\":\"ElementVape.DE\",\"url\":\"https:\/\/www.elementvape.de\/\",\"logo\":{\"@type\":\"ImageObject\",\"inLanguage\":\"sk-SK\",\"@id\":\"https:\/\/www.elementvape.de\/#\/schema\/logo\/image\/\",\"url\":\"https:\/\/www.elementvape.de\/wp-content\/uploads\/2024\/09\/cropped-1elementvape-3.png\",\"contentUrl\":\"https:\/\/www.elementvape.de\/wp-content\/uploads\/2024\/09\/cropped-1elementvape-3.png\",\"width\":285,\"height\":228,\"caption\":\"ElementVape.DE\"},\"image\":{\"@id\":\"https:\/\/www.elementvape.de\/#\/schema\/logo\/image\/\"}}]}<\/script>\n<!-- \/ Yoast SEO plugin. -->","yoast_head_json":{"title":"Contact-ElementVapede","description":"Das ElementVape.de-Team bietet Einblicke in internationale E-Zigarettenpolitik, mehr Vape-Wissen und hilfreiche Tipps. Kanal abonnieren.\"","robots":{"index":"index","follow":"follow","max-snippet":"max-snippet:-1","max-image-preview":"max-image-preview:large","max-video-preview":"max-video-preview:-1"},"canonical":"https:\/\/www.elementvape.de\/sk\/contact\/","og_locale":"sk_SK","og_type":"article","og_title":"Contact-ElementVapede","og_description":"Das ElementVape.de-Team bietet Einblicke in internationale E-Zigarettenpolitik, mehr Vape-Wissen und hilfreiche Tipps. Kanal abonnieren.\"","og_url":"https:\/\/www.elementvape.de\/sk\/contact\/","og_site_name":"ElementVape.de","article_modified_time":"2025-12-11T03:34:22+00:00","twitter_card":"summary_large_image","twitter_misc":{"Est. reading time":"2 min\u00faty"},"schema":{"@context":"https:\/\/schema.org","@graph":[{"@type":"WebPage","@id":"https:\/\/www.elementvape.de\/contact\/","url":"https:\/\/www.elementvape.de\/contact\/","name":"Contact-ElementVapede","isPartOf":{"@id":"https:\/\/www.elementvape.de\/#website"},"datePublished":"2020-09-28T09:34:53+00:00","dateModified":"2025-12-11T03:34:22+00:00","description":"Das ElementVape.de-Team bietet Einblicke in internationale E-Zigarettenpolitik, mehr Vape-Wissen und hilfreiche Tipps. Kanal abonnieren.\"","breadcrumb":{"@id":"https:\/\/www.elementvape.de\/contact\/#breadcrumb"},"inLanguage":"sk-SK","potentialAction":[{"@type":"ReadAction","target":["https:\/\/www.elementvape.de\/contact\/"]}]},{"@type":"BreadcrumbList","@id":"https:\/\/www.elementvape.de\/contact\/#breadcrumb","itemListElement":[{"@type":"ListItem","position":1,"name":"Home","item":"https:\/\/www.elementvape.de\/"},{"@type":"ListItem","position":2,"name":"Contact"}]},{"@type":"WebSite","@id":"https:\/\/www.elementvape.de\/#website","url":"https:\/\/www.elementvape.de\/","name":"ElementVape.de","description":"","publisher":{"@id":"https:\/\/www.elementvape.de\/#organization"},"potentialAction":[{"@type":"SearchAction","target":{"@type":"EntryPoint","urlTemplate":"https:\/\/www.elementvape.de\/?s={search_term_string}"},"query-input":"required name=search_term_string"}],"inLanguage":"sk-SK"},{"@type":"Organization","@id":"https:\/\/www.elementvape.de\/#organization","name":"ElementVape.DE","url":"https:\/\/www.elementvape.de\/","logo":{"@type":"ImageObject","inLanguage":"sk-SK","@id":"https:\/\/www.elementvape.de\/#\/schema\/logo\/image\/","url":"https:\/\/www.elementvape.de\/wp-content\/uploads\/2024\/09\/cropped-1elementvape-3.png","contentUrl":"https:\/\/www.elementvape.de\/wp-content\/uploads\/2024\/09\/cropped-1elementvape-3.png","width":285,"height":228,"caption":"ElementVape.DE"},"image":{"@id":"https:\/\/www.elementvape.de\/#\/schema\/logo\/image\/"}}]}},"_links":{"self":[{"href":"https:\/\/www.elementvape.de\/sk\/wp-json\/wp\/v2\/pages\/4868"}],"collection":[{"href":"https:\/\/www.elementvape.de\/sk\/wp-json\/wp\/v2\/pages"}],"about":[{"href":"https:\/\/www.elementvape.de\/sk\/wp-json\/wp\/v2\/types\/page"}],"author":[{"embeddable":true,"href":"https:\/\/www.elementvape.de\/sk\/wp-json\/wp\/v2\/users\/1"}],"replies":[{"embeddable":true,"href":"https:\/\/www.elementvape.de\/sk\/wp-json\/wp\/v2\/comments?post=4868"}],"version-history":[{"count":18,"href":"https:\/\/www.elementvape.de\/sk\/wp-json\/wp\/v2\/pages\/4868\/revisions"}],"predecessor-version":[{"id":16678,"href":"https:\/\/www.elementvape.de\/sk\/wp-json\/wp\/v2\/pages\/4868\/revisions\/16678"}],"wp:attachment":[{"href":"https:\/\/www.elementvape.de\/sk\/wp-json\/wp\/v2\/media?parent=4868"}],"curies":[{"name":"wp","href":"https:\/\/api.w.org\/{rel}","templated":true}]}}