{"id":3,"date":"2024-04-18T07:42:08","date_gmt":"2024-04-18T07:42:08","guid":{"rendered":"http:\/\/elementvape.de\/?page_id=3"},"modified":"2025-12-11T06:57:14","modified_gmt":"2025-12-11T06:57:14","slug":"privacy-policy","status":"publish","type":"page","link":"https:\/\/www.elementvape.de\/sk\/privacy-policy\/","title":{"rendered":"Z\u00e1sady ochrany osobn\u00fdch \u00fadajov"},"content":{"rendered":"<p>T\u00e1to politika ochrany osobn\u00fdch \u00fadajov vysvet\u013euje, ako s\u00fa va\u0161e osobn\u00e9 \u00fadaje zhroma\u017e\u010fovan\u00e9, pou\u017e\u00edvan\u00e9 a zdie\u013ean\u00e9, ke\u010f nav\u0161t\u00edvite <strong>Elementvape<\/strong> (\u010falej len \u201ewebov\u00e1 str\u00e1nka\u201c) alebo uskuto\u010dn\u00edte n\u00e1kup na nej.<\/p>\n\n\n\n<h2 class=\"wp-block-heading\">1. Ak\u00e9 osobn\u00e9 \u00fadaje zhroma\u017e\u010fujeme<\/h2>\n\n\n\n<p>Ke\u010f nav\u0161t\u00edvite webov\u00fa str\u00e1nku, automaticky zhroma\u017e\u010fujeme ur\u010dit\u00e9 inform\u00e1cie o va\u0161om zariaden\u00ed, vr\u00e1tane inform\u00e1ci\u00ed o va\u0161om webovom prehliada\u010di, IP adrese, \u010dasovom p\u00e1sme a niektor\u00fdch s\u00faboroch cookie nain\u0161talovan\u00fdch na va\u0161om zariaden\u00ed.<\/p>\n\n\n\n<p>Okrem toho pri prehliadan\u00ed webovej str\u00e1nky zhroma\u017e\u010fujeme inform\u00e1cie o tom, ktor\u00e9 jednotliv\u00e9 str\u00e1nky alebo produkty si prehliadate, cez ak\u00e9 webov\u00e9 str\u00e1nky alebo vyh\u013ead\u00e1vacie v\u00fdrazy ste sa dostali na na\u0161u str\u00e1nku a ako interagujete s webovou str\u00e1nkou. Tieto automaticky z\u00edskan\u00e9 inform\u00e1cie naz\u00fdvame <strong>\u201eInform\u00e1cie o zariaden\u00ed\u201c<\/strong>.<\/p>\n\n\n\n<h3 class=\"wp-block-heading\">1.1 Technol\u00f3gie na zber d\u00e1t<\/h3>\n\n\n\n<p>Zhroma\u017e\u010fujeme inform\u00e1cie o zariaden\u00ed pomocou nasleduj\u00facich technol\u00f3gi\u00ed:<\/p>\n\n\n\n<ul>\n<li><strong>S\u00fabory cookie:<\/strong> Ide o d\u00e1tov\u00e9 s\u00fabory ulo\u017een\u00e9 vo va\u0161om zariaden\u00ed alebo po\u010d\u00edta\u010di, ktor\u00e9 zvy\u010dajne obsahuj\u00fa anonymn\u00fd, jedine\u010dn\u00fd identifik\u00e1tor. Zistite viac o s\u00faboroch cookie a ako ich m\u00f4\u017eete deaktivova\u0165.<\/li>\n\n\n\n<li><strong>Protokolov\u00e9 s\u00fabory (logy):<\/strong> Tieto zaznamen\u00e1vaj\u00fa akcie na webovej str\u00e1nke a zhroma\u017e\u010fuj\u00fa \u00fadaje ako va\u0161a IP adresa, typ prehliada\u010da, poskytovate\u013e internetov\u00fdch slu\u017eieb, referen\u010dn\u00e9\/odchodov\u00e9 str\u00e1nky a d\u00e1tumov\u00e9 a \u010dasov\u00e9 pe\u010diatky.<\/li>\n\n\n\n<li><strong>Webov\u00e9 maj\u00e1ky, tagy a pixely:<\/strong> Ide o elektronick\u00e9 s\u00fabory, ktor\u00e9 sl\u00fa\u017eia na zaznamen\u00e1vanie inform\u00e1ci\u00ed o tom, ako sa pohybujete na webovej str\u00e1nke.<\/li>\n<\/ul>\n\n\n\n<h3 class=\"wp-block-heading\">1.2 Inform\u00e1cie o objedn\u00e1vke<\/h3>\n\n\n\n<p>Ak uskuto\u010dn\u00edte n\u00e1kup alebo sa pok\u00fa\u0161ate uskuto\u010dni\u0165 n\u00e1kup na webovej str\u00e1nke, zhroma\u017e\u010fujeme od v\u00e1s aj ur\u010dit\u00e9 inform\u00e1cie. Patria sem:<\/p>\n\n\n\n<ul>\n<li>Meno<\/li>\n\n\n\n<li>Faktura\u010dn\u00e1 adresa<\/li>\n\n\n\n<li>Doru\u010dovacia adresa<\/li>\n\n\n\n<li>Inform\u00e1cie o platbe (vr\u00e1tane \u010d\u00edsel kreditn\u00fdch kariet)<\/li>\n\n\n\n<li>E-mailov\u00e1 adresa<\/li>\n\n\n\n<li>Telef\u00f3nne \u010d\u00edslo<\/li>\n<\/ul>\n\n\n\n<p>Tieto inform\u00e1cie ozna\u010dujeme ako <strong>\u201eInform\u00e1cie o objedn\u00e1vke\u201c<\/strong>. Pokia\u013e v tejto z\u00e1sade ochrany osobn\u00fdch \u00fadajov hovor\u00edme o \u201eosobn\u00fdch \u00fadajoch\u201c, odvol\u00e1vame sa na inform\u00e1cie o zariaden\u00ed aj na inform\u00e1cie o objedn\u00e1vke.<\/p>\n\n\n\n<h2 class=\"wp-block-heading\">2. Ako pou\u017e\u00edvame va\u0161e osobn\u00e9 \u00fadaje<\/h2>\n\n\n\n<p>Pou\u017e\u00edvame zhroma\u017eden\u00e9 <strong>inform\u00e1cie o objedn\u00e1vke<\/strong> zvy\u010dajne na vykonanie objedn\u00e1vok uskuto\u010dnen\u00fdch prostredn\u00edctvom webovej str\u00e1nky (vr\u00e1tane spracovania va\u0161ich platobn\u00fdch \u00fadajov, organiz\u00e1cie odoslania a poskytovania fakt\u00far a\/alebo potvrden\u00ed objedn\u00e1vky).<\/p>\n\n\n\n<p>Okrem toho tieto inform\u00e1cie o objedn\u00e1vke pou\u017e\u00edvame na:<\/p>\n\n\n\n<ul>\n<li>komunik\u00e1ciu s vami;<\/li>\n\n\n\n<li>sk\u00famanie na\u0161ich objedn\u00e1vok na potenci\u00e1lne rizik\u00e1 alebo podvod; a<\/li>\n\n\n\n<li>posielanie v\u00e1m \u2013 ak to zodpoved\u00e1 va\u0161im ozn\u00e1men\u00fdm preferenci\u00e1m \u2013 inform\u00e1ci\u00ed alebo rekl\u00e1m o na\u0161ich produktoch alebo slu\u017eb\u00e1ch.<\/li>\n<\/ul>\n\n\n\n<p>Zhroma\u017eden\u00e9 <strong>inform\u00e1cie o zariaden\u00ed<\/strong> pou\u017e\u00edvame na identifik\u00e1ciu potenci\u00e1lnych riz\u00edk a podvodov (najm\u00e4 va\u0161u IP adresu) a v\u0161eobecne na zlep\u0161enie a optimaliz\u00e1ciu na\u0161ej webovej str\u00e1nky (napr\u00edklad vytv\u00e1ran\u00edm anal\u00fdz o tom, ako na\u0161i z\u00e1kazn\u00edci naviguj\u00fa a interaguj\u00fa na webovej str\u00e1nke, ako aj na hodnotenie \u00faspechu na\u0161ich marketingov\u00fdch a reklamn\u00fdch kampan\u00ed).<\/p>\n\n\n\n<h2 class=\"wp-block-heading\">3. Zdie\u013eanie va\u0161ich osobn\u00fdch \u00fadajov<\/h2>\n\n\n\n<p>Zdie\u013eame va\u0161e osobn\u00e9 \u00fadaje s tret\u00edmi stranami, ktor\u00e9 n\u00e1m pom\u00e1haj\u00fa pri pou\u017e\u00edvan\u00ed va\u0161ich \u00fadajov, ako je uveden\u00e9 vy\u0161\u0161ie.<\/p>\n\n\n\n<ul>\n<li><strong>Poskytovatelia slu\u017eieb:<\/strong> Pou\u017e\u00edvame extern\u00fdch poskytovate\u013eov slu\u017eieb na hosting, odosielanie a spracovanie platieb.<\/li>\n\n\n\n<li><strong>N\u00e1stroje na anal\u00fdzu:<\/strong> Pou\u017e\u00edvame <strong>Google Analytics<\/strong>, aby sme pochopili, ako na\u0161i z\u00e1kazn\u00edci pou\u017e\u00edvaj\u00fa webov\u00fa str\u00e1nku.<\/li>\n<\/ul>\n\n\n\n<p>Nakoniec m\u00f4\u017eeme va\u0161e osobn\u00e9 \u00fadaje tie\u017e zdie\u013ea\u0165 na dodr\u017eiavanie platn\u00fdch z\u00e1konov a nariaden\u00ed, na reakciu na predvolanie, prehliadku alebo in\u00e9 z\u00e1konn\u00e9 \u017eiadosti o inform\u00e1cie, ktor\u00e9 dostaneme, alebo na ochranu na\u0161ich pr\u00e1v in\u00fdm sp\u00f4sobom.<\/p>\n\n\n\n<h2 class=\"wp-block-heading\">4. Ako chr\u00e1nime va\u0161e \u00fadaje?<\/h2>\n\n\n\n<p>Va\u0161e osobn\u00e9 \u00fadaje s\u00fa ulo\u017een\u00e9 v zabezpe\u010den\u00fdch sie\u0165ach a maj\u00fa pr\u00edstup len obmedzen\u00e9 mno\u017estvo os\u00f4b, ktor\u00e9 maj\u00fa \u0161peci\u00e1lne opr\u00e1vnenia na pr\u00edstup k tak\u00fdmto syst\u00e9mom a s\u00fa viazan\u00e9 d\u00f4vernos\u0165ou.<\/p>\n\n\n\n<p>Okrem toho s\u00fa v\u0161etky citliv\u00e9 inform\u00e1cie, ktor\u00e9 poskytnete, alebo \u00fadaje o kreditnej karte \u0161ifrovan\u00e9 pomocou <strong>Technol\u00f3gie Secure Socket Layer (SSL\/TLS)<\/strong> pren\u00e1\u0161an\u00e9 \u0161ifrovan\u00fdm sp\u00f4sobom.<\/p>\n\n\n\n<p>Pri zad\u00e1van\u00ed objedn\u00e1vky, zad\u00e1van\u00ed alebo prenose va\u0161ich \u00fadajov alebo pri ich pr\u00edstupe pou\u017e\u00edvame r\u00f4zne bezpe\u010dnostn\u00e9 opatrenia, aby sme zabezpe\u010dili bezpe\u010dnos\u0165 va\u0161ich osobn\u00fdch \u00fadajov. V\u0161etky transakcie s\u00fa spracov\u00e1van\u00e9 prostredn\u00edctvom br\u00e1ny a nie s\u00fa ulo\u017een\u00e9 ani spracov\u00e1van\u00e9 na na\u0161ich vlastn\u00fdch serveroch.<\/p>\n\n\n\n<h2 class=\"wp-block-heading\">5. Cielen\u00e1 reklama a Do Not Track<\/h2>\n\n\n\n<p>Ako je uveden\u00e9 vy\u0161\u0161ie, pou\u017e\u00edvame va\u0161e osobn\u00e9 \u00fadaje na zasielanie cielen\u00fdch rekl\u00e1m alebo marketingov\u00fdch spr\u00e1v, o ktor\u00fdch ver\u00edme, \u017ee by v\u00e1s mohli zauj\u00edma\u0165.<\/p>\n\n\n\n<p><strong>Do Not Track (Nezasiela\u0165 sledovanie)<\/strong> Upozor\u0148ujeme, \u017ee nebudeme meni\u0165 praktiky zberu a pou\u017e\u00edvania \u00fadajov na na\u0161ej webovej str\u00e1nke, ak obdr\u017e\u00edme sign\u00e1l \u201eDo Not Track\u201c od v\u00e1\u0161ho prehliada\u010da.<\/p>\n\n\n\n<h2 class=\"wp-block-heading\">6. Va\u0161e pr\u00e1va (Pre obyvate\u013eov Eur\u00f3py)<\/h2>\n\n\n\n<p>Ak s\u00eddlite v Eur\u00f3pe, m\u00e1te pr\u00e1vo na pr\u00edstup k osobn\u00fdm \u00fadajom, ktor\u00e9 sme o v\u00e1s ulo\u017eili, a po\u017eadova\u0165 ich opravu, aktualiz\u00e1ciu alebo vymazanie. Ak chcete vyu\u017ei\u0165 toto pr\u00e1vo, kontaktujte n\u00e1s pros\u00edm prostredn\u00edctvom ni\u017e\u0161ie uveden\u00fdch kontaktn\u00fdch inform\u00e1ci\u00ed.<\/p>\n\n\n\n<p>Dodato\u010dn\u00e1 pozn\u00e1mka pre obyvate\u013eov Eur\u00f3py: Va\u0161e \u00fadaje spracov\u00e1vame na splnenie zml\u00fav, ktor\u00e9 m\u00f4\u017eeme ma\u0165 s vami (napr\u00edklad ak zad\u00e1te objedn\u00e1vku cez webov\u00fa str\u00e1nku), alebo na sledovanie na\u0161ich opr\u00e1vnen\u00fdch obchodn\u00fdch z\u00e1ujmov uveden\u00fdch vy\u0161\u0161ie. Upozor\u0148ujeme, \u017ee va\u0161e \u00fadaje m\u00f4\u017eu by\u0165 prenesen\u00e9 mimo Eur\u00f3py, vr\u00e1tane Kanady a Spojen\u00fdch \u0161t\u00e1tov.<\/p>\n\n\n\n<h2 class=\"wp-block-heading\">7. Doba uchov\u00e1vania \u00fadajov<\/h2>\n\n\n\n<p>Ak zad\u00e1te objedn\u00e1vku cez webov\u00fa str\u00e1nku, uchov\u00e1vame inform\u00e1cie o va\u0161ej objedn\u00e1vke pre na\u0161e z\u00e1znamy, pokia\u013e n\u00e1s nepo\u017eiadate o ich vymazanie.<\/p>\n\n\n\n<h2 class=\"wp-block-heading\">8. Malolet\u00ed<\/h2>\n\n\n\n<p>Webov\u00e1 str\u00e1nka nie je ur\u010den\u00e1 pre osoby mlad\u0161ie ako 18 rokov. Vedome nezbierame osobn\u00e9 \u00fadaje od det\u00ed alebo mladistv\u00fdch.<\/p>\n\n\n\n<h2 class=\"wp-block-heading\">9. Zmeny<\/h2>\n\n\n\n<p>M\u00f4\u017eeme t\u00fato z\u00e1sadu ochrany osobn\u00fdch \u00fadajov ob\u010das aktualizova\u0165, aby odr\u00e1\u017eala zmeny na\u0161ich prakt\u00edk alebo in\u00e9 prev\u00e1dzkov\u00e9, pr\u00e1vne alebo regula\u010dn\u00e9 d\u00f4vody.<\/p>","protected":false},"excerpt":{"rendered":"<p>Diese Datenschutzerkl\u00e4rung erl\u00e4utert, wie Ihre personenbezogenen Daten erhoben, verwendet und weitergegeben werden, wenn Sie Elementvape (nachfolgend die \u201eWebsite\u201c) besuchen oder dort einen Einkauf t\u00e4tigen. 1. Welche personenbezogenen Daten wir erheben Wenn Sie die Website besuchen, erfassen wir automatisch bestimmte Informationen \u00fcber Ihr Ger\u00e4t, darunter Informationen zu Ihrem Webbrowser, Ihrer IP-Adresse, Ihrer Zeitzone sowie einigen der [&hellip;]<\/p>","protected":false},"author":1,"featured_media":0,"parent":0,"menu_order":0,"comment_status":"closed","ping_status":"open","template":"","meta":{"inline_featured_image":false,"footnotes":""},"yoast_head":"<!-- This site is optimized with the Yoast SEO plugin v23.3 - https:\/\/yoast.com\/wordpress\/plugins\/seo\/ -->\n<title>Datenschutzrichtlinie<\/title>\n<meta name=\"description\" content=\"Unsere Datenschutzrichtlinie erkl\u00e4rt, wie wir Ihre Daten erfassen, nutzen und sch\u00fctzen, wenn Sie unsere Website besuchen oder einkaufen.\" \/>\n<meta name=\"robots\" content=\"index, follow, max-snippet:-1, max-image-preview:large, max-video-preview:-1\" \/>\n<link rel=\"canonical\" href=\"https:\/\/www.elementvape.de\/sk\/privacy-policy\/\" \/>\n<meta property=\"og:locale\" content=\"sk_SK\" \/>\n<meta property=\"og:type\" content=\"article\" \/>\n<meta property=\"og:title\" content=\"Datenschutzrichtlinie\" \/>\n<meta property=\"og:description\" content=\"Unsere Datenschutzrichtlinie erkl\u00e4rt, wie wir Ihre Daten erfassen, nutzen und sch\u00fctzen, wenn Sie unsere Website besuchen oder einkaufen.\" \/>\n<meta property=\"og:url\" content=\"https:\/\/www.elementvape.de\/sk\/privacy-policy\/\" \/>\n<meta property=\"og:site_name\" content=\"ElementVape.de\" \/>\n<meta property=\"article:modified_time\" content=\"2025-12-11T06:57:14+00:00\" \/>\n<meta name=\"twitter:card\" content=\"summary_large_image\" \/>\n<meta name=\"twitter:label1\" content=\"Est. reading time\" \/>\n\t<meta name=\"twitter:data1\" content=\"5 min\u00fat\" \/>\n<script type=\"application\/ld+json\" class=\"yoast-schema-graph\">{\"@context\":\"https:\/\/schema.org\",\"@graph\":[{\"@type\":\"WebPage\",\"@id\":\"https:\/\/www.elementvape.de\/privacy-policy\/\",\"url\":\"https:\/\/www.elementvape.de\/privacy-policy\/\",\"name\":\"Datenschutzrichtlinie\",\"isPartOf\":{\"@id\":\"https:\/\/www.elementvape.de\/#website\"},\"datePublished\":\"2024-04-18T07:42:08+00:00\",\"dateModified\":\"2025-12-11T06:57:14+00:00\",\"description\":\"Unsere Datenschutzrichtlinie erkl\u00e4rt, wie wir Ihre Daten erfassen, nutzen und sch\u00fctzen, wenn Sie unsere Website besuchen oder einkaufen.\",\"breadcrumb\":{\"@id\":\"https:\/\/www.elementvape.de\/privacy-policy\/#breadcrumb\"},\"inLanguage\":\"sk-SK\",\"potentialAction\":[{\"@type\":\"ReadAction\",\"target\":[\"https:\/\/www.elementvape.de\/privacy-policy\/\"]}]},{\"@type\":\"BreadcrumbList\",\"@id\":\"https:\/\/www.elementvape.de\/privacy-policy\/#breadcrumb\",\"itemListElement\":[{\"@type\":\"ListItem\",\"position\":1,\"name\":\"Home\",\"item\":\"https:\/\/www.elementvape.de\/\"},{\"@type\":\"ListItem\",\"position\":2,\"name\":\"Datenschutzrichtlinie\"}]},{\"@type\":\"WebSite\",\"@id\":\"https:\/\/www.elementvape.de\/#website\",\"url\":\"https:\/\/www.elementvape.de\/\",\"name\":\"ElementVape.de\",\"description\":\"\",\"publisher\":{\"@id\":\"https:\/\/www.elementvape.de\/#organization\"},\"potentialAction\":[{\"@type\":\"SearchAction\",\"target\":{\"@type\":\"EntryPoint\",\"urlTemplate\":\"https:\/\/www.elementvape.de\/?s={search_term_string}\"},\"query-input\":\"required name=search_term_string\"}],\"inLanguage\":\"sk-SK\"},{\"@type\":\"Organization\",\"@id\":\"https:\/\/www.elementvape.de\/#organization\",\"name\":\"ElementVape.DE\",\"url\":\"https:\/\/www.elementvape.de\/\",\"logo\":{\"@type\":\"ImageObject\",\"inLanguage\":\"sk-SK\",\"@id\":\"https:\/\/www.elementvape.de\/#\/schema\/logo\/image\/\",\"url\":\"https:\/\/www.elementvape.de\/wp-content\/uploads\/2024\/09\/cropped-1elementvape-3.png\",\"contentUrl\":\"https:\/\/www.elementvape.de\/wp-content\/uploads\/2024\/09\/cropped-1elementvape-3.png\",\"width\":285,\"height\":228,\"caption\":\"ElementVape.DE\"},\"image\":{\"@id\":\"https:\/\/www.elementvape.de\/#\/schema\/logo\/image\/\"}}]}<\/script>\n<!-- \/ Yoast SEO plugin. -->","yoast_head_json":{"title":"Datenschutzrichtlinie","description":"Unsere Datenschutzrichtlinie erkl\u00e4rt, wie wir Ihre Daten erfassen, nutzen und sch\u00fctzen, wenn Sie unsere Website besuchen oder einkaufen.","robots":{"index":"index","follow":"follow","max-snippet":"max-snippet:-1","max-image-preview":"max-image-preview:large","max-video-preview":"max-video-preview:-1"},"canonical":"https:\/\/www.elementvape.de\/sk\/privacy-policy\/","og_locale":"sk_SK","og_type":"article","og_title":"Datenschutzrichtlinie","og_description":"Unsere Datenschutzrichtlinie erkl\u00e4rt, wie wir Ihre Daten erfassen, nutzen und sch\u00fctzen, wenn Sie unsere Website besuchen oder einkaufen.","og_url":"https:\/\/www.elementvape.de\/sk\/privacy-policy\/","og_site_name":"ElementVape.de","article_modified_time":"2025-12-11T06:57:14+00:00","twitter_card":"summary_large_image","twitter_misc":{"Est. reading time":"5 min\u00fat"},"schema":{"@context":"https:\/\/schema.org","@graph":[{"@type":"WebPage","@id":"https:\/\/www.elementvape.de\/privacy-policy\/","url":"https:\/\/www.elementvape.de\/privacy-policy\/","name":"Datenschutzrichtlinie","isPartOf":{"@id":"https:\/\/www.elementvape.de\/#website"},"datePublished":"2024-04-18T07:42:08+00:00","dateModified":"2025-12-11T06:57:14+00:00","description":"Unsere Datenschutzrichtlinie erkl\u00e4rt, wie wir Ihre Daten erfassen, nutzen und sch\u00fctzen, wenn Sie unsere Website besuchen oder einkaufen.","breadcrumb":{"@id":"https:\/\/www.elementvape.de\/privacy-policy\/#breadcrumb"},"inLanguage":"sk-SK","potentialAction":[{"@type":"ReadAction","target":["https:\/\/www.elementvape.de\/privacy-policy\/"]}]},{"@type":"BreadcrumbList","@id":"https:\/\/www.elementvape.de\/privacy-policy\/#breadcrumb","itemListElement":[{"@type":"ListItem","position":1,"name":"Home","item":"https:\/\/www.elementvape.de\/"},{"@type":"ListItem","position":2,"name":"Datenschutzrichtlinie"}]},{"@type":"WebSite","@id":"https:\/\/www.elementvape.de\/#website","url":"https:\/\/www.elementvape.de\/","name":"ElementVape.de","description":"","publisher":{"@id":"https:\/\/www.elementvape.de\/#organization"},"potentialAction":[{"@type":"SearchAction","target":{"@type":"EntryPoint","urlTemplate":"https:\/\/www.elementvape.de\/?s={search_term_string}"},"query-input":"required name=search_term_string"}],"inLanguage":"sk-SK"},{"@type":"Organization","@id":"https:\/\/www.elementvape.de\/#organization","name":"ElementVape.DE","url":"https:\/\/www.elementvape.de\/","logo":{"@type":"ImageObject","inLanguage":"sk-SK","@id":"https:\/\/www.elementvape.de\/#\/schema\/logo\/image\/","url":"https:\/\/www.elementvape.de\/wp-content\/uploads\/2024\/09\/cropped-1elementvape-3.png","contentUrl":"https:\/\/www.elementvape.de\/wp-content\/uploads\/2024\/09\/cropped-1elementvape-3.png","width":285,"height":228,"caption":"ElementVape.DE"},"image":{"@id":"https:\/\/www.elementvape.de\/#\/schema\/logo\/image\/"}}]}},"_links":{"self":[{"href":"https:\/\/www.elementvape.de\/sk\/wp-json\/wp\/v2\/pages\/3"}],"collection":[{"href":"https:\/\/www.elementvape.de\/sk\/wp-json\/wp\/v2\/pages"}],"about":[{"href":"https:\/\/www.elementvape.de\/sk\/wp-json\/wp\/v2\/types\/page"}],"author":[{"embeddable":true,"href":"https:\/\/www.elementvape.de\/sk\/wp-json\/wp\/v2\/users\/1"}],"replies":[{"embeddable":true,"href":"https:\/\/www.elementvape.de\/sk\/wp-json\/wp\/v2\/comments?post=3"}],"version-history":[{"count":3,"href":"https:\/\/www.elementvape.de\/sk\/wp-json\/wp\/v2\/pages\/3\/revisions"}],"predecessor-version":[{"id":16681,"href":"https:\/\/www.elementvape.de\/sk\/wp-json\/wp\/v2\/pages\/3\/revisions\/16681"}],"wp:attachment":[{"href":"https:\/\/www.elementvape.de\/sk\/wp-json\/wp\/v2\/media?parent=3"}],"curies":[{"name":"wp","href":"https:\/\/api.w.org\/{rel}","templated":true}]}}