{"id":14259,"date":"2024-09-10T07:29:15","date_gmt":"2024-09-10T07:29:15","guid":{"rendered":"https:\/\/www.elementvape.de\/?page_id=14259"},"modified":"2025-12-11T07:00:30","modified_gmt":"2025-12-11T07:00:30","slug":"terms-conditions","status":"publish","type":"page","link":"https:\/\/www.elementvape.de\/sk\/terms-conditions\/","title":{"rendered":"Obchodn\u00e9 podmienky"},"content":{"rendered":"<h2 class=\"wp-block-heading\"><strong>V\u0161eobecn\u00e9 obchodn\u00e9 podmienky (VOP) a podmienky pou\u017e\u00edvania<\/strong><\/h2>\n\n\n\n<p><strong>PROS\u00cdM, PRE\u010c\u00cdTAJTE SI TIETO PODMIENKY POU\u017d\u00cdVANIA D\u00d4KLADNE, SK\u00d4R NE\u017d ZA\u010cNETE POU\u017d\u00cdVA\u0164 T\u00daTO WEBOV\u00da STR\u00c1NKU.<\/strong> PRISTUPOM A POU\u017d\u00cdVAN\u00cdM TEJTO WEBOVEJ STR\u00c1NKY POTVRDZUJETE, \u017dE STE SI PRE\u010c\u00cdTALI A POROZUMELI T\u00ddMTO PODMIENKAM A S\u00daHLAS\u00cdTE S NIMI. AK NES\u00daHLAS\u00cdTE S T\u00ddMTOI PODMIENKAMI, NESMIETE POU\u017d\u00cdVA\u0164 T\u00daTO WEBOV\u00da STR\u00c1NKU.<\/p>\n\n\n\n<h3 class=\"wp-block-heading\">1. S\u00fahlas s podmienkami<\/h3>\n\n\n\n<p>Pou\u017e\u00edvan\u00edm webovej str\u00e1nky <strong>Elementvape<\/strong> (\u010falej len \u201ewebov\u00e1 str\u00e1nka\u201c) alebo kliknut\u00edm na tla\u010didlo \u201eS\u00fahlas\u00edm\u201c vyhlasujete, \u017ee ako pou\u017e\u00edvate\u013e s\u00fahlas\u00edte s t\u00fdmito V\u0161eobecn\u00fdmi obchodn\u00fdmi podmienkami. Elementvape si vyhradzuje pr\u00e1vo kedyko\u013evek a bez predch\u00e1dzaj\u00faceho upozornenia zablokova\u0165 alebo ukon\u010di\u0165 v\u00e1\u0161 pr\u00edstup na webov\u00fa str\u00e1nku, najm\u00e4 pri poru\u0161en\u00ed t\u00fdchto podmienok alebo platn\u00fdch smern\u00edc.<\/p>\n\n\n\n<h3 class=\"wp-block-heading\">2. Vekov\u00e9 obmedzenie (ochrana ml\u00e1de\u017ee)<\/h3>\n\n\n\n<p><strong>D\u00d4LE\u017dIT\u00c1 POZN\u00c1MKA: MUS\u00cdTE DOSIAHNU\u0164 LEGISLAT\u00cdVNY MINIM\u00c1LNY VEK NA N\u00c1KUP TABAKOV\u00ddCH ALEBO E-CIGARETOV\u00ddCH PRODUKTOV V VA\u0160EJ PR\u00c1VNEJ OBLASTI.<\/strong><\/p>\n\n\n\n<p>T\u00e1to dohoda a pou\u017e\u00edvanie webovej str\u00e1nky s\u00fa vyhraden\u00e9 v\u00fdlu\u010dne osob\u00e1m, ktor\u00e9 dosiahli z\u00e1konn\u00fd minim\u00e1lny vek (v mnoh\u00fdch jurisdikci\u00e1ch 18 alebo 21 rokov). Ak t\u00fato po\u017eiadavku nespln\u00edte, ihne\u010f opustite webov\u00fa str\u00e1nku. Neakceptujeme \u017eiadne v\u00fdnimky z tejto pravidla.<\/p>\n\n\n\n<p><em>Pozn\u00e1mka: Elementvape pred\u00e1va svoje produkty a slu\u017eby iba dospel\u00fdm. Ak zist\u00edme, \u017ee nespl\u0148ujete vekov\u00e9 po\u017eiadavky (minim\u00e1lne 21 rokov, ak nie je inak z\u00e1konne stanoven\u00e9), Elementvape odmietne poskytn\u00fa\u0165 slu\u017ebu a va\u0161e konto okam\u017eite zablokuje.<\/em><\/p>\n\n\n\n<h3 class=\"wp-block-heading\">3. Ochrana osobn\u00fdch \u00fadajov<\/h3>\n\n\n\n<p>Aby ste \u00faplne pochopili na\u0161e obchodn\u00e9 praktiky a zaobch\u00e1dzanie s va\u0161imi \u00fadajmi, pre\u010d\u00edtajte si, pros\u00edm, na\u0161u <strong>[Z\u00e1sady ochrany osobn\u00fdch \u00fadajov]<\/strong> (Odkaz na str\u00e1nku o ochrane osobn\u00fdch \u00fadajov), ktor\u00e1 plat\u00ed aj pre v\u00e1\u0161 n\u00e1v\u0161tevu tejto webovej str\u00e1nky.<\/p>\n\n\n\n<h3 class=\"wp-block-heading\">4. Licencia na pou\u017e\u00edvanie a pr\u00edstup na webov\u00fa str\u00e1nku<\/h3>\n\n\n\n<p>S va\u0161\u00edm s\u00fahlasom s touto dohodou v\u00e1m Elementvape ude\u013euje obmedzen\u00fa, nev\u00fdhradn\u00fa a neprenosn\u00fa licenciu na pou\u017e\u00edvanie tejto webovej str\u00e1nky na osobn\u00e9 n\u00e1kupn\u00e9 \u00fa\u010dely.<\/p>\n\n\n\n<ul>\n<li>Zaviazujete sa neposkytova\u0165 nepravdiv\u00e9 alebo podvodn\u00e9 \u00fadaje na z\u00edskanie pr\u00edstupu na t\u00fato webov\u00fa str\u00e1nku.<\/li>\n\n\n\n<li>Uzn\u00e1vate, \u017ee v\u0161etky obsahy, dizajny a slu\u017eby na tejto webovej str\u00e1nke s\u00fa du\u0161evn\u00fdm vlastn\u00edctvom Elementvape a s\u00fa chr\u00e1nen\u00e9 autorsk\u00fdmi pr\u00e1vami, ochrann\u00fdmi zn\u00e1mkami a in\u00fdmi medzin\u00e1rodn\u00fdmi pr\u00e1vami na ochranu.<\/li>\n\n\n\n<li>V\u0161etky pr\u00e1va, ktor\u00e9 v\u00e1m nie s\u00fa v\u00fdslovne udelen\u00e9, si vyhradzuje Elementvape.<\/li>\n<\/ul>\n\n\n\n<h3 class=\"wp-block-heading\">5. V\u00e1\u0161 pou\u017e\u00edvate\u013esk\u00fd \u00fa\u010det<\/h3>\n\n\n\n<p>Ak si vytvor\u00edte \u00fa\u010det na tejto webovej str\u00e1nke, ste zodpovedn\u00ed za zachovanie d\u00f4vernosti svojich \u00fadajov o \u00fa\u010dte a hesla, ako aj za obmedzenie pr\u00edstupu k v\u00e1\u0161mu po\u010d\u00edta\u010du. Vyhlasujete, \u017ee prij\u00edmate zodpovednos\u0165 za v\u0161etky aktivity, ktor\u00e9 prebiehaj\u00fa pod va\u0161\u00edm \u00fa\u010dtom alebo heslom.<\/p>\n\n\n\n<h3 class=\"wp-block-heading\">6. Pr\u00edspevky pou\u017e\u00edvate\u013eov a komunik\u00e1cia<\/h3>\n\n\n\n<p>Ak\u00fdko\u013evek materi\u00e1l, inform\u00e1cie, n\u00e1pady alebo in\u00e1 komunik\u00e1cia, ktor\u00fa prenesiete na t\u00fato webov\u00fa str\u00e1nku alebo tam zverejn\u00edte, sa pova\u017euje za neverejn\u00fd a nie je chr\u00e1nen\u00fd autorsk\u00fdmi pr\u00e1vami. Elementvape m\u00e1 pr\u00e1vo tieto obsahov\u00e9 materi\u00e1ly bez obmedzen\u00ed vyu\u017e\u00edva\u0165 na ak\u00e9ko\u013evek komer\u010dn\u00e9 alebo nekomer\u010dn\u00e9 \u00fa\u010dely.<\/p>\n\n\n\n<h3 class=\"wp-block-heading\">7. Z\u00e1ruka, odoslanie a vr\u00e1tenie tovaru<\/h3>\n\n\n\n<p>Podrobn\u00e9 inform\u00e1cie o na\u0161ich podmienkach z\u00e1ruky, z\u00e1sad\u00e1ch odoslania a procesoch vr\u00e1tenia n\u00e1jdete na na\u0161ej samostatnej str\u00e1nke <strong>\u201eZ\u00e1ruka, odoslanie a vr\u00e1tenie tovaru\u201c<\/strong>. Tieto z\u00e1sady s\u00fa s\u00fa\u010das\u0165ou t\u00fdchto podmienok pou\u017e\u00edvania.<\/p>\n\n\n\n<h3 class=\"wp-block-heading\">8. Autorsk\u00e9 pr\u00e1va (Copyright)<\/h3>\n\n\n\n<p>Cel\u00fd obsah tejto webovej str\u00e1nky (vr\u00e1tane textov, graf\u00edk, log, obr\u00e1zkov) je majetkom Elementvape. \u017diadny materi\u00e1l nesmie by\u0165 bez v\u00fdslovn\u00e9ho p\u00edsomn\u00e9ho s\u00fahlasu Elementvape kop\u00edrovan\u00fd, reprodukovan\u00fd, zverejnen\u00fd, nahran\u00fd alebo inak \u0161\u00edren\u00fd.<\/p>\n\n\n\n<h3 class=\"wp-block-heading\">9. Vyl\u00fa\u010denie zodpovednosti<\/h3>\n\n\n\n<p>T\u00e1to webov\u00e1 str\u00e1nka a v\u0161etky inform\u00e1cie, obsah, materi\u00e1ly a produkty na nej s\u00fa poskytovan\u00e9 spolo\u010dnos\u0165ou Elementvape na z\u00e1klade \u201etak, ako s\u00fa\u201c (\u201eas is\u201c) a \u201etak, ako s\u00fa dostupn\u00e9\u201c (\u201eas available\u201c). Elementvape nezaru\u010duje v\u00fdslovne ani implicitne spr\u00e1vnos\u0165 prev\u00e1dzky webovej str\u00e1nky alebo obsahovan\u00fdch inform\u00e1ci\u00ed, pokia\u013e to z\u00e1kon umo\u017e\u0148uje.<\/p>\n\n\n\n<h3 class=\"wp-block-heading\">10. Platn\u00e9 pr\u00e1vo a s\u00fadna pr\u00edslu\u0161nos\u0165<\/h3>\n\n\n\n<p>T\u00e1to webov\u00e1 str\u00e1nka je prev\u00e1dzkovan\u00e1 spolo\u010dnos\u0165ou <strong>Slovensko<\/strong> a tieto podmienky pou\u017e\u00edvania a v\u0161etky spory vypl\u00fdvaj\u00face z pou\u017e\u00edvania webovej str\u00e1nky sa riadia z\u00e1konmi Slovenskej republiky, bez oh\u013eadu na kol\u00edzne pr\u00e1vne ustanovenia.<\/p>\n\n\n\n<h3 class=\"wp-block-heading\">11. Zmeny podmienok pou\u017e\u00edvania<\/h3>\n\n\n\n<p>Elementvape si vyhradzuje pr\u00e1vo kedyko\u013evek aktualizova\u0165 alebo meni\u0165 tieto podmienky pou\u017e\u00edvania pod\u013ea vlastn\u00e9ho uv\u00e1\u017eenia. Je va\u0161ou zodpovednos\u0165ou pravidelne kontrolova\u0165 t\u00fato str\u00e1nku na zmeny. Va\u0161e pokra\u010dovanie v pou\u017e\u00edvan\u00ed webovej str\u00e1nky po zverejnen\u00ed zmien sa pova\u017euje za s\u00fahlas s t\u00fdmito zmenami.<\/p>\n\n\n\n<h3 class=\"wp-block-heading\">12. V\u00fdkladov\u00e1 klauzula<\/h3>\n\n\n\n<p>Kone\u010dn\u00e9 pr\u00e1vo na v\u00fdklad t\u00fdchto podmienok a obsahu webovej str\u00e1nky m\u00e1, pokia\u013e je to z\u00e1konne pr\u00edpustn\u00e9, spolo\u010dnos\u0165 Elementvape.<\/p>","protected":false},"excerpt":{"rendered":"<p>Allgemeine Gesch\u00e4ftsbedingungen (AGB) &amp; Nutzungsbedingungen BITTE LESEN SIE DIESE NUTZUNGSBEDINGUNGEN SORGF\u00c4LTIG DURCH, BEVOR SIE DIESE WEBSITE NUTZEN. DURCH DEN ZUGRIFF AUF UND DIE NUTZUNG DIESER WEBSITE BEST\u00c4TIGEN SIE, DASS SIE DIESE BEDINGUNGEN GELESEN UND VERSTANDEN HABEN UND DIESEN ZUSTIMMEN. WENN SIE DIESEN BEDINGUNGEN NICHT ZUSTIMMEN, D\u00dcRFEN SIE DIE WEBSITE NICHT NUTZEN. 1. Zustimmung zu den [&hellip;]<\/p>","protected":false},"author":3,"featured_media":0,"parent":0,"menu_order":0,"comment_status":"closed","ping_status":"closed","template":"","meta":{"inline_featured_image":false,"footnotes":""},"yoast_head":"<!-- This site is optimized with the Yoast SEO plugin v23.3 - https:\/\/yoast.com\/wordpress\/plugins\/seo\/ -->\n<title>Gesch\u00e4ftsbedingungen<\/title>\n<meta name=\"description\" content=\"Unsere Nutzungsbedingungen regeln Altersanforderungen, Datenschutz, Rechte und Pflichten f\u00fcr eine sichere und rechtskonforme Nutzung unserer Website.\" \/>\n<meta name=\"robots\" content=\"index, follow, max-snippet:-1, max-image-preview:large, max-video-preview:-1\" \/>\n<link rel=\"canonical\" href=\"https:\/\/www.elementvape.de\/sk\/terms-conditions\/\" \/>\n<meta property=\"og:locale\" content=\"sk_SK\" \/>\n<meta property=\"og:type\" content=\"article\" \/>\n<meta property=\"og:title\" content=\"Gesch\u00e4ftsbedingungen\" \/>\n<meta property=\"og:description\" content=\"Unsere Nutzungsbedingungen regeln Altersanforderungen, Datenschutz, Rechte und Pflichten f\u00fcr eine sichere und rechtskonforme Nutzung unserer Website.\" \/>\n<meta property=\"og:url\" content=\"https:\/\/www.elementvape.de\/sk\/terms-conditions\/\" \/>\n<meta property=\"og:site_name\" content=\"ElementVape.de\" \/>\n<meta property=\"article:modified_time\" content=\"2025-12-11T07:00:30+00:00\" \/>\n<meta name=\"twitter:card\" content=\"summary_large_image\" \/>\n<meta name=\"twitter:label1\" content=\"Est. reading time\" \/>\n\t<meta name=\"twitter:data1\" content=\"4 min\u00faty\" \/>\n<script type=\"application\/ld+json\" class=\"yoast-schema-graph\">{\"@context\":\"https:\/\/schema.org\",\"@graph\":[{\"@type\":\"WebPage\",\"@id\":\"https:\/\/www.elementvape.de\/terms-conditions\/\",\"url\":\"https:\/\/www.elementvape.de\/terms-conditions\/\",\"name\":\"Gesch\u00e4ftsbedingungen\",\"isPartOf\":{\"@id\":\"https:\/\/www.elementvape.de\/#website\"},\"datePublished\":\"2024-09-10T07:29:15+00:00\",\"dateModified\":\"2025-12-11T07:00:30+00:00\",\"description\":\"Unsere Nutzungsbedingungen regeln Altersanforderungen, Datenschutz, Rechte und Pflichten f\u00fcr eine sichere und rechtskonforme Nutzung unserer Website.\",\"breadcrumb\":{\"@id\":\"https:\/\/www.elementvape.de\/terms-conditions\/#breadcrumb\"},\"inLanguage\":\"sk-SK\",\"potentialAction\":[{\"@type\":\"ReadAction\",\"target\":[\"https:\/\/www.elementvape.de\/terms-conditions\/\"]}]},{\"@type\":\"BreadcrumbList\",\"@id\":\"https:\/\/www.elementvape.de\/terms-conditions\/#breadcrumb\",\"itemListElement\":[{\"@type\":\"ListItem\",\"position\":1,\"name\":\"Home\",\"item\":\"https:\/\/www.elementvape.de\/\"},{\"@type\":\"ListItem\",\"position\":2,\"name\":\"Gesch\u00e4ftsbedingungen\"}]},{\"@type\":\"WebSite\",\"@id\":\"https:\/\/www.elementvape.de\/#website\",\"url\":\"https:\/\/www.elementvape.de\/\",\"name\":\"ElementVape.de\",\"description\":\"\",\"publisher\":{\"@id\":\"https:\/\/www.elementvape.de\/#organization\"},\"potentialAction\":[{\"@type\":\"SearchAction\",\"target\":{\"@type\":\"EntryPoint\",\"urlTemplate\":\"https:\/\/www.elementvape.de\/?s={search_term_string}\"},\"query-input\":\"required name=search_term_string\"}],\"inLanguage\":\"sk-SK\"},{\"@type\":\"Organization\",\"@id\":\"https:\/\/www.elementvape.de\/#organization\",\"name\":\"ElementVape.DE\",\"url\":\"https:\/\/www.elementvape.de\/\",\"logo\":{\"@type\":\"ImageObject\",\"inLanguage\":\"sk-SK\",\"@id\":\"https:\/\/www.elementvape.de\/#\/schema\/logo\/image\/\",\"url\":\"https:\/\/www.elementvape.de\/wp-content\/uploads\/2024\/09\/cropped-1elementvape-3.png\",\"contentUrl\":\"https:\/\/www.elementvape.de\/wp-content\/uploads\/2024\/09\/cropped-1elementvape-3.png\",\"width\":285,\"height\":228,\"caption\":\"ElementVape.DE\"},\"image\":{\"@id\":\"https:\/\/www.elementvape.de\/#\/schema\/logo\/image\/\"}}]}<\/script>\n<!-- \/ Yoast SEO plugin. -->","yoast_head_json":{"title":"Gesch\u00e4ftsbedingungen","description":"Unsere Nutzungsbedingungen regeln Altersanforderungen, Datenschutz, Rechte und Pflichten f\u00fcr eine sichere und rechtskonforme Nutzung unserer Website.","robots":{"index":"index","follow":"follow","max-snippet":"max-snippet:-1","max-image-preview":"max-image-preview:large","max-video-preview":"max-video-preview:-1"},"canonical":"https:\/\/www.elementvape.de\/sk\/terms-conditions\/","og_locale":"sk_SK","og_type":"article","og_title":"Gesch\u00e4ftsbedingungen","og_description":"Unsere Nutzungsbedingungen regeln Altersanforderungen, Datenschutz, Rechte und Pflichten f\u00fcr eine sichere und rechtskonforme Nutzung unserer Website.","og_url":"https:\/\/www.elementvape.de\/sk\/terms-conditions\/","og_site_name":"ElementVape.de","article_modified_time":"2025-12-11T07:00:30+00:00","twitter_card":"summary_large_image","twitter_misc":{"Est. reading time":"4 min\u00faty"},"schema":{"@context":"https:\/\/schema.org","@graph":[{"@type":"WebPage","@id":"https:\/\/www.elementvape.de\/terms-conditions\/","url":"https:\/\/www.elementvape.de\/terms-conditions\/","name":"Gesch\u00e4ftsbedingungen","isPartOf":{"@id":"https:\/\/www.elementvape.de\/#website"},"datePublished":"2024-09-10T07:29:15+00:00","dateModified":"2025-12-11T07:00:30+00:00","description":"Unsere Nutzungsbedingungen regeln Altersanforderungen, Datenschutz, Rechte und Pflichten f\u00fcr eine sichere und rechtskonforme Nutzung unserer Website.","breadcrumb":{"@id":"https:\/\/www.elementvape.de\/terms-conditions\/#breadcrumb"},"inLanguage":"sk-SK","potentialAction":[{"@type":"ReadAction","target":["https:\/\/www.elementvape.de\/terms-conditions\/"]}]},{"@type":"BreadcrumbList","@id":"https:\/\/www.elementvape.de\/terms-conditions\/#breadcrumb","itemListElement":[{"@type":"ListItem","position":1,"name":"Home","item":"https:\/\/www.elementvape.de\/"},{"@type":"ListItem","position":2,"name":"Gesch\u00e4ftsbedingungen"}]},{"@type":"WebSite","@id":"https:\/\/www.elementvape.de\/#website","url":"https:\/\/www.elementvape.de\/","name":"ElementVape.de","description":"","publisher":{"@id":"https:\/\/www.elementvape.de\/#organization"},"potentialAction":[{"@type":"SearchAction","target":{"@type":"EntryPoint","urlTemplate":"https:\/\/www.elementvape.de\/?s={search_term_string}"},"query-input":"required name=search_term_string"}],"inLanguage":"sk-SK"},{"@type":"Organization","@id":"https:\/\/www.elementvape.de\/#organization","name":"ElementVape.DE","url":"https:\/\/www.elementvape.de\/","logo":{"@type":"ImageObject","inLanguage":"sk-SK","@id":"https:\/\/www.elementvape.de\/#\/schema\/logo\/image\/","url":"https:\/\/www.elementvape.de\/wp-content\/uploads\/2024\/09\/cropped-1elementvape-3.png","contentUrl":"https:\/\/www.elementvape.de\/wp-content\/uploads\/2024\/09\/cropped-1elementvape-3.png","width":285,"height":228,"caption":"ElementVape.DE"},"image":{"@id":"https:\/\/www.elementvape.de\/#\/schema\/logo\/image\/"}}]}},"_links":{"self":[{"href":"https:\/\/www.elementvape.de\/sk\/wp-json\/wp\/v2\/pages\/14259"}],"collection":[{"href":"https:\/\/www.elementvape.de\/sk\/wp-json\/wp\/v2\/pages"}],"about":[{"href":"https:\/\/www.elementvape.de\/sk\/wp-json\/wp\/v2\/types\/page"}],"author":[{"embeddable":true,"href":"https:\/\/www.elementvape.de\/sk\/wp-json\/wp\/v2\/users\/3"}],"replies":[{"embeddable":true,"href":"https:\/\/www.elementvape.de\/sk\/wp-json\/wp\/v2\/comments?post=14259"}],"version-history":[{"count":5,"href":"https:\/\/www.elementvape.de\/sk\/wp-json\/wp\/v2\/pages\/14259\/revisions"}],"predecessor-version":[{"id":16683,"href":"https:\/\/www.elementvape.de\/sk\/wp-json\/wp\/v2\/pages\/14259\/revisions\/16683"}],"wp:attachment":[{"href":"https:\/\/www.elementvape.de\/sk\/wp-json\/wp\/v2\/media?parent=14259"}],"curies":[{"name":"wp","href":"https:\/\/api.w.org\/{rel}","templated":true}]}}