{"id":8504,"date":"2024-04-20T06:36:00","date_gmt":"2024-04-20T06:36:00","guid":{"rendered":"https:\/\/www.elementvape.de\/?post_type=product&#038;p=8504"},"modified":"2024-12-12T06:36:59","modified_gmt":"2024-12-12T06:36:59","slug":"vapor-esso-xros-2-kit-vape-mit-2ml","status":"publish","type":"product","link":"https:\/\/www.elementvape.de\/ro\/produkt\/vapor-esso-xros-2-kit-vape-mit-2ml\/","title":{"rendered":"Vapor Esso Xros 2 kit vape cu 2ml Xros pod patrone, baterie de 1000mAh, 11W\/16W, \u021bigar\u0103 electronic\u0103 MTL vaporizer"},"content":{"rendered":"<p>&nbsp;<\/p>\n<div class=\"product-specs-list-container\">\n<ul class=\"product-specs-list util-clearfix\">\n<li class=\"product-prop line-limit-length\"><span class=\"property-title\">Aspect:\u00a0<\/span><span class=\"property-desc line-limit-length\">Form\u0103 de cutie<\/span><\/li>\n<li class=\"product-prop line-limit-length\"><span class=\"property-title\">Baterie compatibil\u0103:\u00a0<\/span><span class=\"property-desc line-limit-length\">Niciunul<\/span><\/li>\n<li class=\"product-prop line-limit-length\"><span class=\"property-title\">Func\u021bie de monitorizare a num\u0103rului de fum:\u00a0<\/span><span class=\"property-desc line-limit-length\">Nu<\/span><\/li>\n<li class=\"product-prop line-limit-length\"><span class=\"property-title\">Carcas\u0103 din silicon:\u00a0<\/span><span class=\"property-desc line-limit-length\">Nu<\/span><\/li>\n<li class=\"product-prop line-limit-length\"><span class=\"property-title\">Reglare temperatur\u0103:\u00a0<\/span><span class=\"property-desc line-limit-length\">Nu<\/span><\/li>\n<li class=\"product-prop line-limit-length\"><span class=\"property-title\">Baterie \u00eencorporat\u0103 sau extern\u0103:\u00a0<\/span><span class=\"property-desc line-limit-length\">\u00cencorporat\u0103<\/span><\/li>\n<li class=\"product-prop line-limit-length\"><span class=\"property-title\">Func\u021bie de protec\u021bie la scurtcircuit:\u00a0<\/span><span class=\"property-desc line-limit-length\">Ja<\/span><\/li>\n<li class=\"product-prop line-limit-length\"><span class=\"property-title\">Func\u021bie de protec\u021bie \u00eempotriva supra\u00eenc\u0103lzirii:\u00a0<\/span><span class=\"property-desc line-limit-length\">Ja<\/span><\/li>\n<li class=\"product-prop line-limit-length\"><span class=\"property-title\">Func\u021bie de alarm\u0103 pentru tensiune sc\u0103zut\u0103:\u00a0<\/span><span class=\"property-desc line-limit-length\">Ja<\/span><\/li>\n<li class=\"product-prop line-limit-length\"><span class=\"property-title\">Func\u021bie de identificare a pulverizatorului:\u00a0<\/span><span class=\"property-desc line-limit-length\">Ja<\/span><\/li>\n<li class=\"product-prop line-limit-length\"><span class=\"property-title\">Moduri de ajustare TCR:\u00a0<\/span><span class=\"property-desc line-limit-length\">Nu<\/span><\/li>\n<li class=\"product-prop line-limit-length\"><span class=\"property-title\">Capacitate nominal\u0103:\u00a0<\/span><span class=\"property-desc line-limit-length\">Baterie \u00eencorporat\u0103 sau extern\u0103: \u00cencorporat\u0103<\/span><\/li>\n<li class=\"product-prop line-limit-length\"><span class=\"property-title\">Material:\u00a0<\/span><span class=\"property-desc line-limit-length\">Metal<\/span><\/li>\n<li class=\"product-prop line-limit-length\"><span class=\"property-title\">Model compatibil:\u00a0<\/span><span class=\"property-desc line-limit-length\">\u021aigar\u0103 electronic\u0103 Vape<\/span><\/li>\n<li class=\"product-prop line-limit-length\"><span class=\"property-title\">Num\u0103r model:\u00a0<\/span><span class=\"property-desc line-limit-length\">Kit Vaporesso XROS 2<\/span><\/li>\n<li class=\"product-prop line-limit-length\"><span class=\"property-title\">\u00cenc\u0103rc\u0103tor USB:\u00a0<\/span><span class=\"property-desc line-limit-length\">Ja<\/span><\/li>\n<li class=\"product-prop line-limit-length\"><span class=\"property-title\">Actualizare firmware:\u00a0<\/span><span class=\"property-desc line-limit-length\">Nu<\/span><\/li>\n<li class=\"product-prop line-limit-length\"><span class=\"property-title\">Afi\u0219aj:\u00a0<\/span><span class=\"property-desc line-limit-length\">Ja<\/span><\/li>\n<li class=\"product-prop line-limit-length\"><span class=\"property-title\">Tip:\u00a0<\/span><span class=\"property-desc line-limit-length\">Cu baterie<\/span><\/li>\n<li class=\"product-prop line-limit-length\"><span class=\"property-title\">Nume de marc\u0103:\u00a0<\/span><span class=\"property-desc line-limit-length\">vaporesso<\/span><\/li>\n<li class=\"product-prop line-limit-length\"><span class=\"property-title\">Origine:\u00a0<\/span><span class=\"property-desc line-limit-length\">CN (Origine)<\/span><\/li>\n<\/ul>\n<\/div>\n<div class=\"detailmodule_html\">\n<div class=\"detail-desc-decorate-richtext\">\n<div class=\"detailmodule_dynamic\"><\/div>\n<div class=\"detailmodule_text\">\n<div><\/div>\n<p id=\"tl_1\" class=\"detail-desc-decorate-title\" style=\"font-family: OpenSans; font-size: 20px; font-weight: 900; line-height: 28px; margin-bottom: 12px;\">Baterie Vaporesso XROS 2*<br \/>\nPod Vaporesso XROS Series 0.8ohm 2ml*<br \/>\nPod Vaporesso XROS Series 1.2ohm 2ml*<br \/>\nCablu Type-C*<br \/>\nManual de utilizare*<br \/>\nCarte de garan\u021bie*<\/p>\n<\/div>\n<div class=\"detailmodule_text\">\n<p id=\"tl_2\" class=\"detail-desc-decorate-title\" style=\"font-family: OpenSans; font-size: 20px; font-weight: 900; line-height: 28px; margin-bottom: 12px;\">Descriere:<\/p>\n<p id=\"tl_3\" class=\"detail-desc-decorate-content\" style=\"font-family: OpenSans; font-size: 14px; font-weight: 300; line-height: 20px; margin-bottom: 12px;\">Kitul XROS 2 este noul num\u0103r de produse din seria XROS, este un kit sistem de poduri care va dep\u0103\u0219i limitele. Are flux de aer reglabil cu admisie de aer de tip pic\u0103tur\u0103 de ap\u0103 \u00eembun\u0103t\u0103\u021bit\u0103 \u0219i pute\u021bi experimenta diferite experien\u021be de vaping de la MTL la MTL mai lejer, mai precis. XROS 2 este compatibil \u0219i cu podurile din seria XROS (pod de 0.8ohm 2ml, pod de 1.2ohm 2ml), iar noul pod din plas\u0103 de 0.8ohm se \u00eenc\u0103lze\u0219te mai rapid \u0219i sus\u021bine un gust excelent \u00een mod constant. Mai mult, Tehnologia SSS anti-scurger va bloca lichidul electronic \u00een interior ferm \u0219i va preveni scurgerile dezordonate. Designul butonului halo te va ajuta s\u0103 evi\u021bi activarea accidental\u0103. Exist\u0103 moduri activate prin buton \u0219i prin inhalare pentru a alege. XROS 2 are o capacitate a bateriei de 1000mAh pentru a-\u021bi oferi vaping de lung\u0103 durat\u0103, po\u021bi vedea nivelul bateriei \u00een timp real cu indicatorul de baterie.<\/p>\n<\/div>\n<div class=\"detailmodule_text\">\n<p id=\"tl_4\" class=\"detail-desc-decorate-title\" style=\"font-family: OpenSans; font-size: 20px; font-weight: 900; line-height: 28px; margin-bottom: 12px;\">Parametri:<\/p>\n<p id=\"tl_5\" class=\"detail-desc-decorate-content\" style=\"font-family: OpenSans; font-size: 14px; font-weight: 300; line-height: 20px; margin-bottom: 12px;\">Brand: Vaporesso<br \/>\nNumele produsului: Kit XROS 2<br \/>\nDimensiune: 112.2*23.4*13.4mm<br \/>\nCapacitate Pod: 2ml<br \/>\nRezisten\u021b\u0103 Pod: pod de 1.2ohm, pod cu plas\u0103 de 0.8ohm<br \/>\nCapacitate Baterie: 1000mAh<br \/>\nPutere de Ie\u0219ire a Bateriei: 11W\/16W<br \/>\nCurent de \u00cenc\u0103rcare: Type-C, 5V\/1A<br \/>\nCuloare: Negru, Gri Spa\u021biu, Argintiu, Verde Lime, Violet Strugure, Ro\u0219u Portocaliu<\/p>\n<\/div>\n<div class=\"detailmodule_text\">\n<p id=\"tl_6\" class=\"detail-desc-decorate-title\" style=\"font-family: OpenSans; font-size: 20px; font-weight: 900; line-height: 28px; margin-bottom: 12px;\">Detalii:<\/p>\n<p id=\"tl_7\" class=\"detail-desc-decorate-content\" style=\"font-family: OpenSans; font-size: 14px; font-weight: 300; line-height: 20px; margin-bottom: 12px;\">1. Inlet de aer cu pic\u0103tur\u0103 de ap\u0103 \u00eembun\u0103t\u0103\u021bit<br \/>\n2. Tehnologie anti-scurgere SSS<br \/>\n3. Capacitate baterie de 1000mAh<br \/>\n4. Control precis al fluxului de aer de la MTL la MTL lejer<br \/>\n5. Compatibil cu podurile XROS: pod de 1.2ohm, pod cu plas\u0103 de 0.8ohm<br \/>\n6. Moduri activate prin buton \u0219i prin tragere<br \/>\n7. Buton Halo pentru prevenirea activ\u0103rii neinten\u021bionate<br \/>\n8. Indicator de baterie Tiding pentru afi\u0219area nivelului de baterie \u00een timp real<br \/>\n9. Baz\u0103 curbat\u0103 rafinat\u0103 de 150\u00b0 realizat\u0103 prin procesul de t\u0103iere cu luciu \u00eenalt diamant<\/p>\n<\/div>\n<div class=\"detailmodule_text\">\n<p id=\"tl_8\" class=\"detail-desc-decorate-title\" style=\"font-family: OpenSans; font-size: 20px; font-weight: 900; line-height: 28px; margin-bottom: 12px;\">Pachet:<\/p>\n<p id=\"tl_9\" class=\"detail-desc-decorate-content\" style=\"font-family: OpenSans; font-size: 14px; font-weight: 300; line-height: 20px; margin-bottom: 12px;\">Baterie Vaporesso XROS 2*<br \/>\nPod Vaporesso XROS Series 0.8ohm 2ml*<br \/>\nPod Vaporesso XROS Series 1.2ohm 2ml*<br \/>\nCablu Type-C*<br \/>\nManual de utilizare*<br \/>\nCarte de garan\u021bie*<\/p>\n<\/div>\n<div class=\"detailmodule_image\"><img decoding=\"async\" loading=\"lazy\" class=\"detail-desc-decorate-image\" src=\"https:\/\/ae01.alicdn.com\/kf\/H351e7fdd37f647feaf498968bc82dc60u.jpg\" \/><br \/>\n<img decoding=\"async\" loading=\"lazy\" class=\"detail-desc-decorate-image\" src=\"https:\/\/ae01.alicdn.com\/kf\/Ha3759aeabc084666b359f659b46fb8b1a.jpg\" \/><br \/>\n<img decoding=\"async\" loading=\"lazy\" class=\"detail-desc-decorate-image\" src=\"https:\/\/ae01.alicdn.com\/kf\/Ha29d04334a7c43c7a790351e2dc62813C.jpg\" \/><br \/>\n<img decoding=\"async\" loading=\"lazy\" class=\"detail-desc-decorate-image\" src=\"https:\/\/ae01.alicdn.com\/kf\/H4c0f8483487346238a65a71790b7106eV.jpg\" \/><br \/>\n<img decoding=\"async\" loading=\"lazy\" class=\"detail-desc-decorate-image\" src=\"https:\/\/ae01.alicdn.com\/kf\/H1217e16034964b178a5e9b67145357cd9.jpg\" \/><\/div>\n<p>&nbsp;<\/p>\n<\/div>\n<\/div>","protected":false},"excerpt":{"rendered":"<p>&nbsp; Aussehen:\u00a0Box Form Kompatibler Akku:\u00a0Kein \u00dcberwachung Funktion Von Rauchen Anzahl:\u00a0Nein Silikon Fall:\u00a0Nein Temperaturregelung:\u00a0Nein Eingebaute Oder Externe Batterie:\u00a0Eingebaute Kurzschlussschutz Funktion:\u00a0Ja \u00dcberhitzungsschutz-funktion:\u00a0Ja Niederspannungsalarmfunktion:\u00a0Ja Zerst\u00e4uber Identifikation Funktion:\u00a0Ja TCR Einstellung Modi:\u00a0Nein Nominale Kapazit\u00e4t:\u00a01000mAh Material:\u00a0Metall Compatible Model:\u00a0Electronic Cigarette Vape Modellnummer:\u00a0Vaporesso XROS 2 Kit Usb-ladeger\u00e4t:\u00a0Ja Firmware-upgrade:\u00a0Nein Display:\u00a0Ja Art:\u00a0Mit Batterie Markenname:\u00a0vaporesso Ursprung:\u00a0CN (Herkunft) 1* Vaporesso XROS 2 Battery 1* Vaporesso XROS Series [&hellip;]<\/p>","protected":false},"featured_media":8505,"template":"","meta":{"inline_featured_image":false},"product_cat":[750,737,736,749,76,81],"product_tag":[],"tiered_pricing_type":"fixed","tiered_pricing_fixed_rules":[],"tiered_pricing_percentage_rules":[],"tiered_pricing_minimum":1,"_administrator_tiered_pricing_type":"fixed","_administrator_tiered_pricing_fixed_rules":[],"_editor_tiered_pricing_type":"fixed","_editor_tiered_pricing_fixed_rules":[],"_author_tiered_pricing_type":"fixed","_author_tiered_pricing_fixed_rules":[],"_contributor_tiered_pricing_type":"fixed","_contributor_tiered_pricing_fixed_rules":[],"_subscriber_tiered_pricing_type":"fixed","_subscriber_tiered_pricing_fixed_rules":[],"_customer_tiered_pricing_type":"fixed","_customer_tiered_pricing_fixed_rules":[],"_shop_manager_tiered_pricing_type":"fixed","_shop_manager_tiered_pricing_fixed_rules":[],"_wpseo_manager_tiered_pricing_type":"fixed","_wpseo_manager_tiered_pricing_fixed_rules":[],"_wpseo_editor_tiered_pricing_type":"fixed","_wpseo_editor_tiered_pricing_fixed_rules":[],"_wholesale_customer_tiered_pricing_type":"fixed","_wholesale_customer_tiered_pricing_fixed_rules":[],"_marketer_tiered_pricing_type":"fixed","_marketer_tiered_pricing_fixed_rules":[],"_sales_manager_tiered_pricing_type":"fixed","_sales_manager_tiered_pricing_fixed_rules":[],"_sales_rep_tiered_pricing_type":"fixed","_sales_rep_tiered_pricing_fixed_rules":[],"yoast_head":"<!-- This site is optimized with the Yoast SEO plugin v23.3 - https:\/\/yoast.com\/wordpress\/plugins\/seo\/ -->\n<title>Vapor esso xros 2 kit vape mit 2ml xros pod patrone 1000mah batterie 11w\/16w elektronische zigarette mtl vapor izer | ElementVape.de<\/title>\n<meta name=\"description\" content=\"Wir bieten Vapor esso xros 2 kit vape mit 2ml xros pod patrone 1000mah batterie 11w\/16w elektronische zigarette mtl vapor izer , Elementvape.de akzeptieren Gro\u00df-und Einzelhandel Bestellungen.\" \/>\n<meta name=\"robots\" content=\"index, follow, max-snippet:-1, max-image-preview:large, max-video-preview:-1\" \/>\n<link rel=\"canonical\" href=\"https:\/\/www.elementvape.de\/ro\/produkt\/vapor-esso-xros-2-kit-vape-mit-2ml\/\" \/>\n<meta property=\"og:locale\" content=\"ro_RO\" \/>\n<meta property=\"og:type\" content=\"article\" \/>\n<meta property=\"og:title\" content=\"Vapor esso xros 2 kit vape mit 2ml xros pod patrone 1000mah batterie 11w\/16w elektronische zigarette mtl vapor izer | ElementVape.de\" \/>\n<meta property=\"og:description\" content=\"Wir bieten Vapor esso xros 2 kit vape mit 2ml xros pod patrone 1000mah batterie 11w\/16w elektronische zigarette mtl vapor izer , Elementvape.de akzeptieren Gro\u00df-und Einzelhandel Bestellungen.\" \/>\n<meta property=\"og:url\" content=\"https:\/\/www.elementvape.de\/ro\/produkt\/vapor-esso-xros-2-kit-vape-mit-2ml\/\" \/>\n<meta property=\"og:site_name\" content=\"ElementVape.de\" \/>\n<meta property=\"article:modified_time\" content=\"2024-12-12T06:36:59+00:00\" \/>\n<meta property=\"og:image\" content=\"https:\/\/ae01.alicdn.com\/kf\/H9550b4fb77c349c694abf62886baa34fu\/Original-vapor-esso-xros-2-kit-vape-mit-2ml-xros-pod-patrone-1000mah-batterie-11w-16w.jpg\" \/>\n\t<meta property=\"og:image:width\" content=\"800\" \/>\n\t<meta property=\"og:image:height\" content=\"800\" \/>\n\t<meta property=\"og:image:type\" content=\"image\/jpeg\" \/>\n<meta name=\"twitter:card\" content=\"summary_large_image\" \/>\n<meta name=\"twitter:label1\" content=\"Est. reading time\" \/>\n\t<meta name=\"twitter:data1\" content=\"4 minute\" \/>\n<script type=\"application\/ld+json\" class=\"yoast-schema-graph\">{\"@context\":\"https:\/\/schema.org\",\"@graph\":[{\"@type\":\"WebPage\",\"@id\":\"https:\/\/www.elementvape.de\/lt\/produkt\/vapor-esso-xros-2-kit-vape-mit-2ml\/\",\"url\":\"https:\/\/www.elementvape.de\/lt\/produkt\/vapor-esso-xros-2-kit-vape-mit-2ml\/\",\"name\":\"Vapor esso xros 2 kit vape mit 2ml xros pod patrone 1000mah batterie 11w\/16w elektronische zigarette mtl vapor izer | ElementVape.de\",\"isPartOf\":{\"@id\":\"https:\/\/www.elementvape.de\/#website\"},\"primaryImageOfPage\":{\"@id\":\"https:\/\/www.elementvape.de\/lt\/produkt\/vapor-esso-xros-2-kit-vape-mit-2ml\/#primaryimage\"},\"image\":{\"@id\":\"https:\/\/www.elementvape.de\/lt\/produkt\/vapor-esso-xros-2-kit-vape-mit-2ml\/#primaryimage\"},\"thumbnailUrl\":\"https:\/\/ae01.alicdn.com\/kf\/H9550b4fb77c349c694abf62886baa34fu\/Original-vapor-esso-xros-2-kit-vape-mit-2ml-xros-pod-patrone-1000mah-batterie-11w-16w.jpg\",\"datePublished\":\"2024-04-20T06:36:00+00:00\",\"dateModified\":\"2024-12-12T06:36:59+00:00\",\"description\":\"Wir bieten Vapor esso xros 2 kit vape mit 2ml xros pod patrone 1000mah batterie 11w\/16w elektronische zigarette mtl vapor izer , Elementvape.de akzeptieren Gro\u00df-und Einzelhandel Bestellungen.\",\"breadcrumb\":{\"@id\":\"https:\/\/www.elementvape.de\/lt\/produkt\/vapor-esso-xros-2-kit-vape-mit-2ml\/#breadcrumb\"},\"inLanguage\":\"ro-RO\",\"potentialAction\":[{\"@type\":\"ReadAction\",\"target\":[\"https:\/\/www.elementvape.de\/lt\/produkt\/vapor-esso-xros-2-kit-vape-mit-2ml\/\"]}]},{\"@type\":\"ImageObject\",\"inLanguage\":\"ro-RO\",\"@id\":\"https:\/\/www.elementvape.de\/lt\/produkt\/vapor-esso-xros-2-kit-vape-mit-2ml\/#primaryimage\",\"url\":\"https:\/\/ae01.alicdn.com\/kf\/H9550b4fb77c349c694abf62886baa34fu\/Original-vapor-esso-xros-2-kit-vape-mit-2ml-xros-pod-patrone-1000mah-batterie-11w-16w.jpg\",\"contentUrl\":\"https:\/\/ae01.alicdn.com\/kf\/H9550b4fb77c349c694abf62886baa34fu\/Original-vapor-esso-xros-2-kit-vape-mit-2ml-xros-pod-patrone-1000mah-batterie-11w-16w.jpg\",\"width\":800,\"height\":800},{\"@type\":\"BreadcrumbList\",\"@id\":\"https:\/\/www.elementvape.de\/lt\/produkt\/vapor-esso-xros-2-kit-vape-mit-2ml\/#breadcrumb\",\"itemListElement\":[{\"@type\":\"ListItem\",\"position\":1,\"name\":\"Home\",\"item\":\"https:\/\/www.elementvape.de\/\"},{\"@type\":\"ListItem\",\"position\":2,\"name\":\"Shop\",\"item\":\"https:\/\/www.elementvape.de\/shop\/\"},{\"@type\":\"ListItem\",\"position\":3,\"name\":\"Vapor esso xros 2 kit vape mit 2ml xros pod patrone 1000mah batterie 11w\/16w elektronische zigarette mtl vapor izer\"}]},{\"@type\":\"WebSite\",\"@id\":\"https:\/\/www.elementvape.de\/#website\",\"url\":\"https:\/\/www.elementvape.de\/\",\"name\":\"ElementVape.de\",\"description\":\"\",\"publisher\":{\"@id\":\"https:\/\/www.elementvape.de\/#organization\"},\"potentialAction\":[{\"@type\":\"SearchAction\",\"target\":{\"@type\":\"EntryPoint\",\"urlTemplate\":\"https:\/\/www.elementvape.de\/?s={search_term_string}\"},\"query-input\":\"required name=search_term_string\"}],\"inLanguage\":\"ro-RO\"},{\"@type\":\"Organization\",\"@id\":\"https:\/\/www.elementvape.de\/#organization\",\"name\":\"ElementVape.DE\",\"url\":\"https:\/\/www.elementvape.de\/\",\"logo\":{\"@type\":\"ImageObject\",\"inLanguage\":\"ro-RO\",\"@id\":\"https:\/\/www.elementvape.de\/#\/schema\/logo\/image\/\",\"url\":\"https:\/\/www.elementvape.de\/wp-content\/uploads\/2024\/09\/cropped-1elementvape-3.png\",\"contentUrl\":\"https:\/\/www.elementvape.de\/wp-content\/uploads\/2024\/09\/cropped-1elementvape-3.png\",\"width\":285,\"height\":228,\"caption\":\"ElementVape.DE\"},\"image\":{\"@id\":\"https:\/\/www.elementvape.de\/#\/schema\/logo\/image\/\"}}]}<\/script>\n<!-- \/ Yoast SEO plugin. -->","yoast_head_json":{"title":"Vapor esso xros 2 kit vape mit 2ml xros pod patrone 1000mah batterie 11w\/16w elektronische zigarette mtl vapor izer | ElementVape.de","description":"Wir bieten Vapor esso xros 2 kit vape mit 2ml xros pod patrone 1000mah batterie 11w\/16w elektronische zigarette mtl vapor izer , Elementvape.de akzeptieren Gro\u00df-und Einzelhandel Bestellungen.","robots":{"index":"index","follow":"follow","max-snippet":"max-snippet:-1","max-image-preview":"max-image-preview:large","max-video-preview":"max-video-preview:-1"},"canonical":"https:\/\/www.elementvape.de\/ro\/produkt\/vapor-esso-xros-2-kit-vape-mit-2ml\/","og_locale":"ro_RO","og_type":"article","og_title":"Vapor esso xros 2 kit vape mit 2ml xros pod patrone 1000mah batterie 11w\/16w elektronische zigarette mtl vapor izer | ElementVape.de","og_description":"Wir bieten Vapor esso xros 2 kit vape mit 2ml xros pod patrone 1000mah batterie 11w\/16w elektronische zigarette mtl vapor izer , Elementvape.de akzeptieren Gro\u00df-und Einzelhandel Bestellungen.","og_url":"https:\/\/www.elementvape.de\/ro\/produkt\/vapor-esso-xros-2-kit-vape-mit-2ml\/","og_site_name":"ElementVape.de","article_modified_time":"2024-12-12T06:36:59+00:00","og_image":[{"width":800,"height":800,"url":"https:\/\/ae01.alicdn.com\/kf\/H9550b4fb77c349c694abf62886baa34fu\/Original-vapor-esso-xros-2-kit-vape-mit-2ml-xros-pod-patrone-1000mah-batterie-11w-16w.jpg","type":"image\/jpeg"}],"twitter_card":"summary_large_image","twitter_misc":{"Est. reading time":"4 minute"},"schema":{"@context":"https:\/\/schema.org","@graph":[{"@type":"WebPage","@id":"https:\/\/www.elementvape.de\/lt\/produkt\/vapor-esso-xros-2-kit-vape-mit-2ml\/","url":"https:\/\/www.elementvape.de\/lt\/produkt\/vapor-esso-xros-2-kit-vape-mit-2ml\/","name":"Vapor esso xros 2 kit vape mit 2ml xros pod patrone 1000mah batterie 11w\/16w elektronische zigarette mtl vapor izer | ElementVape.de","isPartOf":{"@id":"https:\/\/www.elementvape.de\/#website"},"primaryImageOfPage":{"@id":"https:\/\/www.elementvape.de\/lt\/produkt\/vapor-esso-xros-2-kit-vape-mit-2ml\/#primaryimage"},"image":{"@id":"https:\/\/www.elementvape.de\/lt\/produkt\/vapor-esso-xros-2-kit-vape-mit-2ml\/#primaryimage"},"thumbnailUrl":"https:\/\/ae01.alicdn.com\/kf\/H9550b4fb77c349c694abf62886baa34fu\/Original-vapor-esso-xros-2-kit-vape-mit-2ml-xros-pod-patrone-1000mah-batterie-11w-16w.jpg","datePublished":"2024-04-20T06:36:00+00:00","dateModified":"2024-12-12T06:36:59+00:00","description":"Wir bieten Vapor esso xros 2 kit vape mit 2ml xros pod patrone 1000mah batterie 11w\/16w elektronische zigarette mtl vapor izer , Elementvape.de akzeptieren Gro\u00df-und Einzelhandel Bestellungen.","breadcrumb":{"@id":"https:\/\/www.elementvape.de\/lt\/produkt\/vapor-esso-xros-2-kit-vape-mit-2ml\/#breadcrumb"},"inLanguage":"ro-RO","potentialAction":[{"@type":"ReadAction","target":["https:\/\/www.elementvape.de\/lt\/produkt\/vapor-esso-xros-2-kit-vape-mit-2ml\/"]}]},{"@type":"ImageObject","inLanguage":"ro-RO","@id":"https:\/\/www.elementvape.de\/lt\/produkt\/vapor-esso-xros-2-kit-vape-mit-2ml\/#primaryimage","url":"https:\/\/ae01.alicdn.com\/kf\/H9550b4fb77c349c694abf62886baa34fu\/Original-vapor-esso-xros-2-kit-vape-mit-2ml-xros-pod-patrone-1000mah-batterie-11w-16w.jpg","contentUrl":"https:\/\/ae01.alicdn.com\/kf\/H9550b4fb77c349c694abf62886baa34fu\/Original-vapor-esso-xros-2-kit-vape-mit-2ml-xros-pod-patrone-1000mah-batterie-11w-16w.jpg","width":800,"height":800},{"@type":"BreadcrumbList","@id":"https:\/\/www.elementvape.de\/lt\/produkt\/vapor-esso-xros-2-kit-vape-mit-2ml\/#breadcrumb","itemListElement":[{"@type":"ListItem","position":1,"name":"Home","item":"https:\/\/www.elementvape.de\/"},{"@type":"ListItem","position":2,"name":"Shop","item":"https:\/\/www.elementvape.de\/shop\/"},{"@type":"ListItem","position":3,"name":"Vapor esso xros 2 kit vape mit 2ml xros pod patrone 1000mah batterie 11w\/16w elektronische zigarette mtl vapor izer"}]},{"@type":"WebSite","@id":"https:\/\/www.elementvape.de\/#website","url":"https:\/\/www.elementvape.de\/","name":"ElementVape.de","description":"","publisher":{"@id":"https:\/\/www.elementvape.de\/#organization"},"potentialAction":[{"@type":"SearchAction","target":{"@type":"EntryPoint","urlTemplate":"https:\/\/www.elementvape.de\/?s={search_term_string}"},"query-input":"required name=search_term_string"}],"inLanguage":"ro-RO"},{"@type":"Organization","@id":"https:\/\/www.elementvape.de\/#organization","name":"ElementVape.DE","url":"https:\/\/www.elementvape.de\/","logo":{"@type":"ImageObject","inLanguage":"ro-RO","@id":"https:\/\/www.elementvape.de\/#\/schema\/logo\/image\/","url":"https:\/\/www.elementvape.de\/wp-content\/uploads\/2024\/09\/cropped-1elementvape-3.png","contentUrl":"https:\/\/www.elementvape.de\/wp-content\/uploads\/2024\/09\/cropped-1elementvape-3.png","width":285,"height":228,"caption":"ElementVape.DE"},"image":{"@id":"https:\/\/www.elementvape.de\/#\/schema\/logo\/image\/"}}]}},"_links":{"self":[{"href":"https:\/\/www.elementvape.de\/ro\/wp-json\/wp\/v2\/product\/8504"}],"collection":[{"href":"https:\/\/www.elementvape.de\/ro\/wp-json\/wp\/v2\/product"}],"about":[{"href":"https:\/\/www.elementvape.de\/ro\/wp-json\/wp\/v2\/types\/product"}],"wp:featuredmedia":[{"embeddable":true,"href":"https:\/\/www.elementvape.de\/ro\/wp-json\/wp\/v2\/media\/8505"}],"wp:attachment":[{"href":"https:\/\/www.elementvape.de\/ro\/wp-json\/wp\/v2\/media?parent=8504"}],"wp:term":[{"taxonomy":"product_cat","embeddable":true,"href":"https:\/\/www.elementvape.de\/ro\/wp-json\/wp\/v2\/product_cat?post=8504"},{"taxonomy":"product_tag","embeddable":true,"href":"https:\/\/www.elementvape.de\/ro\/wp-json\/wp\/v2\/product_tag?post=8504"}],"curies":[{"name":"wp","href":"https:\/\/api.w.org\/{rel}","templated":true}]}}