{"id":8474,"date":"2024-04-20T06:35:10","date_gmt":"2024-04-20T06:35:10","guid":{"rendered":"https:\/\/www.elementvape.de\/?post_type=product&#038;p=8474"},"modified":"2024-12-12T06:37:02","modified_gmt":"2024-12-12T06:37:02","slug":"voopoo-vinci-se-pod-kit-vape-15w-900mah-batterie-2ml","status":"publish","type":"product","link":"https:\/\/www.elementvape.de\/ro\/produkt\/voopoo-vinci-se-pod-kit-vape-15w-900mah-batterie-2ml\/","title":{"rendered":"Kit de cartu\u0219e Voopoo Vinci Se Pod Vape 15W Baterie 900mAh 2ml Serie Vinci V2 Cartu\u0219 Vaporizator \u021bigaret\u0103 electronic\u0103"},"content":{"rendered":"<p>&nbsp;<\/p>\n<div class=\"product-specs-list-container\">\n<ul class=\"product-specs-list util-clearfix\">\n<li class=\"product-prop line-limit-length\"><span class=\"property-title\">Aspect:\u00a0<\/span><span class=\"property-desc line-limit-length\">Form\u0103 cilindric\u0103<\/span><\/li>\n<li class=\"product-prop line-limit-length\"><span class=\"property-title\">Baterie compatibil\u0103:\u00a0<\/span><span class=\"property-desc line-limit-length\">Niciunul<\/span><\/li>\n<li class=\"product-prop line-limit-length\"><span class=\"property-title\">Func\u021bie de monitorizare a num\u0103rului de fum:\u00a0<\/span><span class=\"property-desc line-limit-length\">Nu<\/span><\/li>\n<li class=\"product-prop line-limit-length\"><span class=\"property-title\">Carcas\u0103 din silicon:\u00a0<\/span><span class=\"property-desc line-limit-length\">Nu<\/span><\/li>\n<li class=\"product-prop line-limit-length\"><span class=\"property-title\">Reglare temperatur\u0103:\u00a0<\/span><span class=\"property-desc line-limit-length\">Ja<\/span><\/li>\n<li class=\"product-prop line-limit-length\"><span class=\"property-title\">Baterie \u00eencorporat\u0103 sau extern\u0103:\u00a0<\/span><span class=\"property-desc line-limit-length\">\u00cencorporat\u0103<\/span><\/li>\n<li class=\"product-prop line-limit-length\"><span class=\"property-title\">Func\u021bie de protec\u021bie la scurtcircuit:\u00a0<\/span><span class=\"property-desc line-limit-length\">Ja<\/span><\/li>\n<li class=\"product-prop line-limit-length\"><span class=\"property-title\">Func\u021bie de protec\u021bie \u00eempotriva supra\u00eenc\u0103lzirii:\u00a0<\/span><span class=\"property-desc line-limit-length\">Ja<\/span><\/li>\n<li class=\"product-prop line-limit-length\"><span class=\"property-title\">Func\u021bie de alarm\u0103 pentru tensiune sc\u0103zut\u0103:\u00a0<\/span><span class=\"property-desc line-limit-length\">Ja<\/span><\/li>\n<li class=\"product-prop line-limit-length\"><span class=\"property-title\">Func\u021bie de identificare a pulverizatorului:\u00a0<\/span><span class=\"property-desc line-limit-length\">Ja<\/span><\/li>\n<li class=\"product-prop line-limit-length\"><span class=\"property-title\">Moduri de ajustare TCR:\u00a0<\/span><span class=\"property-desc line-limit-length\">Nu<\/span><\/li>\n<li class=\"product-prop line-limit-length\"><span class=\"property-title\">Capacitate nominal\u0103:\u00a0<\/span><span class=\"property-desc line-limit-length\">Niciunul<\/span><\/li>\n<li class=\"product-prop line-limit-length\"><span class=\"property-title\">Material:\u00a0<\/span><span class=\"property-desc line-limit-length\">Metal<\/span><\/li>\n<li class=\"product-prop line-limit-length\"><span class=\"property-title\">Model compatibil:\u00a0<\/span><span class=\"property-desc line-limit-length\">\u021aigar\u0103 electronic\u0103 Vape<\/span><\/li>\n<li class=\"product-prop line-limit-length\"><span class=\"property-title\">Num\u0103r model:\u00a0<\/span><span class=\"property-desc line-limit-length\">Kit Pod VOOPOO VINCI SE<\/span><\/li>\n<li class=\"product-prop line-limit-length\"><span class=\"property-title\">\u00cenc\u0103rc\u0103tor USB:\u00a0<\/span><span class=\"property-desc line-limit-length\">Ja<\/span><\/li>\n<li class=\"product-prop line-limit-length\"><span class=\"property-title\">Actualizare firmware:\u00a0<\/span><span class=\"property-desc line-limit-length\">Ja<\/span><\/li>\n<li class=\"product-prop line-limit-length\"><span class=\"property-title\">Afi\u0219aj:\u00a0<\/span><span class=\"property-desc line-limit-length\">Ja<\/span><\/li>\n<li class=\"product-prop line-limit-length\"><span class=\"property-title\">Tip:\u00a0<\/span><span class=\"property-desc line-limit-length\">Cu baterie<\/span><\/li>\n<li class=\"product-prop line-limit-length\"><span class=\"property-title\">Nume de marc\u0103:\u00a0<\/span><span class=\"property-desc line-limit-length\">VOOPOO<\/span><\/li>\n<li class=\"product-prop line-limit-length\"><span class=\"property-title\">Origine:\u00a0<\/span><span class=\"property-desc line-limit-length\">CN (Origine)<\/span><\/li>\n<\/ul>\n<\/div>\n<div class=\"detailmodule_html\">\n<div class=\"detail-desc-decorate-richtext\">\n<div class=\"detailmodule_text\">\n<p class=\"detail-desc-decorate-title\" style=\"font-family: OpenSans; font-size: 20px; font-weight: 900; line-height: 28px; margin-bottom: 12px;\">Kit de cartu\u0219e Voopoo Vinci Se Pod Vape 15W Baterie 900mAh 2ml Serie Vinci V2 Cartu\u0219 Vaporizator \u021bigaret\u0103 electronic\u0103<\/p>\n<p class=\"detail-desc-decorate-content\" style=\"font-family: OpenSans; font-size: 14px; font-weight: 300; line-height: 20px; margin-bottom: 12px;\">Vinci se kit are o baterie \u00eencorporat\u0103 de 900mAh \u0219i o capacitate de 2ml pentru lichid e. Vine cu un design mai sigur \u00eempotriva scurgerilor. Este echipat cu cartu\u0219ul seriei VooPoo Vinci v2 (umplere superioar\u0103), iar podul este complet compatibil cu vinci pod, vinci q, vinci pod edi\u021bie regal\u0103 \u0219i drag nano 2. Cartu\u0219ul \u00eembun\u0103t\u0103\u021bit poate oferi un gust dens \u0219i original. Muful este antibacterian. Vinci Se Pod Kit este compatibil \u0219i cu aceste cartu\u0219e: Vinci Pod Cartridge Mesh 0,8 Ohm\/1,2 Ohm (umplere superioar\u0103), vinci Pod Cartridge Mesh 0,8 Ohm\/1,2 Ohm (umplere lateral\u0103). Alte func\u021bii ad\u0103ugate la Vinci se Kit includ \u00eenc\u0103rcare rapid\u0103 Type-C, umplere superioar\u0103 u\u0219oar\u0103, protec\u021bie multipl\u0103 \u00eempotriva riscurilor.<\/p>\n<\/div>\n<div class=\"detailmodule_text\">\n<p class=\"detail-desc-decorate-title\" style=\"font-family: OpenSans; font-size: 20px; font-weight: 900; line-height: 28px; margin-bottom: 12px;\">Specifica\u021bii:<\/p>\n<p class=\"detail-desc-decorate-content\" style=\"font-family: OpenSans; font-size: 14px; font-weight: 300; line-height: 20px; margin-bottom: 12px;\">Marc\u0103: voopoo<br \/>\nNumele produsului: kit vinci pod se<br \/>\nDimensiuni: 24*14*93,5mm<br \/>\nMaterialul dispozitivului: aliaj de aluminiu<br \/>\nPuterea de ie\u0219ire: 11-15w<br \/>\nTensiunea de intrare: 3,2 V-4,2 V<br \/>\nBaterie: baterie \u00eencorporat\u0103 de 900mAh<br \/>\nTensiunea de ie\u0219ire: 5v\/1a<br \/>\nInterval rezisten\u021b\u0103: 0,3-3,0 Ohm<br \/>\nCapacitate: 2ml<br \/>\nMaterial rezervor: pctg<br \/>\nRezisten\u021b\u0103 pod: 0,8 Ohm<br \/>\nCuloare: Ro\u0219u Flac\u0103r\u0103, Negru Miez de noapte, Bej Crem, Albastru Zori, Albastru C\u0103dere Balen\u0103, Verde P\u0103dure, Violet Provence, Maro Cafea<\/p>\n<\/div>\n<div class=\"detailmodule_text\">\n<p class=\"detail-desc-decorate-title\" style=\"font-family: OpenSans; font-size: 20px; font-weight: 900; line-height: 28px; margin-bottom: 12px;\">Detalii:<\/p>\n<p class=\"detail-desc-decorate-content\" style=\"font-family: OpenSans; font-size: 14px; font-weight: 300; line-height: 20px; margin-bottom: 12px;\">1. Muf antibacterian<br \/>\n2. Aliaj de aluminiu de calitate aeronautic\u0103<br \/>\n3. Culori gradient, design elegant<br \/>\n4. mai multe straturi de protec\u021bie \u00eempotriva scurgerilor<br \/>\n5. umplere simpl\u0103 superioar\u0103<br \/>\n6. \u00eenc\u0103rcare rapid\u0103 Type-C<br \/>\n7. protec\u021bie de siguran\u021b\u0103: ore suplimentare\/ie\u0219ire suprasolicitat\u0103\/baterie sc\u0103zut\u0103\/\u00eenc\u0103lzire excesiv\u0103\/supraloadare\/protec\u021bie la scurtcircuit a atomizatorului<\/p>\n<\/div>\n<div class=\"detailmodule_text\">\n<p class=\"detail-desc-decorate-title\" style=\"font-family: OpenSans; font-size: 20px; font-weight: 900; line-height: 28px; margin-bottom: 12px;\">Pachetul include:<\/p>\n<p class=\"detail-desc-decorate-content\" style=\"font-family: OpenSans; font-size: 14px; font-weight: 300; line-height: 20px; margin-bottom: 12px;\">1 * dispozitiv de tip Voopoo Vinci Pod Se<br \/>\n1 * Cartridg\u0103 Voopoo Vinci Serie V2 (umplere superioar\u0103) 0,8 Ohm<br \/>\n1 * Manual de utilizare<br \/>\nCablu de tip C<\/p>\n<\/div>\n<div class=\"detailmodule_image\"><img decoding=\"async\" loading=\"lazy\" class=\"detail-desc-decorate-image\" src=\"https:\/\/ae01.alicdn.com\/kf\/S48cb60ec0447482b8e30053dd45a14741.jpg\" \/><img decoding=\"async\" loading=\"lazy\" class=\"detail-desc-decorate-image\" src=\"https:\/\/ae01.alicdn.com\/kf\/Se1ae0bb599df45588e362438d994b341D.jpg\" \/><img decoding=\"async\" loading=\"lazy\" class=\"detail-desc-decorate-image\" src=\"https:\/\/ae01.alicdn.com\/kf\/S19ca717936f04acd81e0643f68a24a65Y.jpg\" \/><img decoding=\"async\" loading=\"lazy\" class=\"detail-desc-decorate-image\" src=\"https:\/\/ae01.alicdn.com\/kf\/S872d1eb330e7436c93f3d5568ddc5aa9A.jpg\" \/><img decoding=\"async\" loading=\"lazy\" class=\"detail-desc-decorate-image\" src=\"https:\/\/ae01.alicdn.com\/kf\/Sda7f2e5d895b4189a2ae95e7db0b3bf1M.jpg\" \/><img decoding=\"async\" loading=\"lazy\" class=\"detail-desc-decorate-image\" src=\"https:\/\/ae01.alicdn.com\/kf\/S9c0d71d71d594e92a3d8cb41ce6208fch.jpg\" \/><img decoding=\"async\" loading=\"lazy\" class=\"detail-desc-decorate-image\" src=\"https:\/\/ae01.alicdn.com\/kf\/S2fe1c31ab318478aba7611b20a0df6c6t.jpg\" \/><img decoding=\"async\" loading=\"lazy\" class=\"detail-desc-decorate-image\" src=\"https:\/\/ae01.alicdn.com\/kf\/S697d27ab6f524d5eb274f763aacba76bT.jpg\" \/><img decoding=\"async\" loading=\"lazy\" class=\"detail-desc-decorate-image\" src=\"https:\/\/ae01.alicdn.com\/kf\/Sc83d7ab35954488f8fa79e9ebe792cabu.jpg\" \/><img decoding=\"async\" loading=\"lazy\" class=\"detail-desc-decorate-image\" src=\"https:\/\/ae01.alicdn.com\/kf\/S98a055925e0540619e62da2e5540d726X.jpg\" \/><\/div>\n<div class=\"detailmodule_image\"><img decoding=\"async\" loading=\"lazy\" class=\"detail-desc-decorate-image\" src=\"https:\/\/ae01.alicdn.com\/kf\/S4191920cac4543f2a92661fc1d4b8769D.jpg\" \/><img decoding=\"async\" loading=\"lazy\" class=\"detail-desc-decorate-image\" src=\"https:\/\/ae01.alicdn.com\/kf\/Sce3c20b10d934ed6a514c5ca5b1fac0fT.jpg\" \/><img decoding=\"async\" loading=\"lazy\" class=\"detail-desc-decorate-image\" src=\"https:\/\/ae01.alicdn.com\/kf\/Sc5abc4c9e4df43d4984f71cfba20947d6.jpg\" \/><img decoding=\"async\" loading=\"lazy\" class=\"detail-desc-decorate-image\" src=\"https:\/\/ae01.alicdn.com\/kf\/Sf30e2774b8d440e5ba62212217850f95h.jpg\" \/><\/div>\n<p>&nbsp;<\/p>\n<\/div>\n<\/div>","protected":false},"excerpt":{"rendered":"<p>&nbsp; Aussehen:\u00a0Zylindrische Form Kompatibler Akku:\u00a0Kein \u00dcberwachung Funktion Von Rauchen Anzahl:\u00a0Nein Silikon Fall:\u00a0Nein Temperaturregelung:\u00a0Ja Eingebaute Oder Externe Batterie:\u00a0Eingebaute Kurzschlussschutz Funktion:\u00a0Ja \u00dcberhitzungsschutz-funktion:\u00a0Ja Niederspannungsalarmfunktion:\u00a0Ja Zerst\u00e4uber Identifikation Funktion:\u00a0Ja TCR Einstellung Modi:\u00a0Nein Nominale Kapazit\u00e4t:\u00a0Kein Material:\u00a0Metall Compatible Model:\u00a0Electronic Cigarette Vape Modellnummer:\u00a0VOOPOO VINCI SE Pod Kit Usb-ladeger\u00e4t:\u00a0Ja Firmware-upgrade:\u00a0Ja Display:\u00a0Ja Art:\u00a0Mit Batterie Markenname:\u00a0VOOPOO Ursprung:\u00a0CN (Herkunft) Original Voopoo Vinci Se Pod Kit 15W Vape [&hellip;]<\/p>","protected":false},"featured_media":8475,"template":"","meta":{"inline_featured_image":false},"product_cat":[752,756,739,743,76,81],"product_tag":[],"tiered_pricing_type":"fixed","tiered_pricing_fixed_rules":[],"tiered_pricing_percentage_rules":[],"tiered_pricing_minimum":1,"_administrator_tiered_pricing_type":"fixed","_administrator_tiered_pricing_fixed_rules":[],"_editor_tiered_pricing_type":"fixed","_editor_tiered_pricing_fixed_rules":[],"_author_tiered_pricing_type":"fixed","_author_tiered_pricing_fixed_rules":[],"_contributor_tiered_pricing_type":"fixed","_contributor_tiered_pricing_fixed_rules":[],"_subscriber_tiered_pricing_type":"fixed","_subscriber_tiered_pricing_fixed_rules":[],"_customer_tiered_pricing_type":"fixed","_customer_tiered_pricing_fixed_rules":[],"_shop_manager_tiered_pricing_type":"fixed","_shop_manager_tiered_pricing_fixed_rules":[],"_wpseo_manager_tiered_pricing_type":"fixed","_wpseo_manager_tiered_pricing_fixed_rules":[],"_wpseo_editor_tiered_pricing_type":"fixed","_wpseo_editor_tiered_pricing_fixed_rules":[],"_wholesale_customer_tiered_pricing_type":"fixed","_wholesale_customer_tiered_pricing_fixed_rules":[],"_marketer_tiered_pricing_type":"fixed","_marketer_tiered_pricing_fixed_rules":[],"_sales_manager_tiered_pricing_type":"fixed","_sales_manager_tiered_pricing_fixed_rules":[],"_sales_rep_tiered_pricing_type":"fixed","_sales_rep_tiered_pricing_fixed_rules":[],"yoast_head":"<!-- This site is optimized with the Yoast SEO plugin v23.3 - https:\/\/yoast.com\/wordpress\/plugins\/seo\/ -->\n<title>Voopoo Vinci Se Pod Kit Vape 15W 900mAh Batterie 2ml Vinci Serie V2 Patrone Vapor izer elektronische Zigarette | ElementVape.de<\/title>\n<meta name=\"description\" content=\"Wir bieten Voopoo Vinci Se Pod Kit Vape 15W 900mAh Batterie 2ml Vinci Serie V2 Patrone Vapor izer elektronische Zigarette , Elementvape.de akzeptieren Gro\u00df-und Einzelhandel Bestellungen.\" \/>\n<meta name=\"robots\" content=\"index, follow, max-snippet:-1, max-image-preview:large, max-video-preview:-1\" \/>\n<link rel=\"canonical\" href=\"https:\/\/www.elementvape.de\/ro\/produkt\/voopoo-vinci-se-pod-kit-vape-15w-900mah-batterie-2ml\/\" \/>\n<meta property=\"og:locale\" content=\"ro_RO\" \/>\n<meta property=\"og:type\" content=\"article\" \/>\n<meta property=\"og:title\" content=\"Voopoo Vinci Se Pod Kit Vape 15W 900mAh Batterie 2ml Vinci Serie V2 Patrone Vapor izer elektronische Zigarette | ElementVape.de\" \/>\n<meta property=\"og:description\" content=\"Wir bieten Voopoo Vinci Se Pod Kit Vape 15W 900mAh Batterie 2ml Vinci Serie V2 Patrone Vapor izer elektronische Zigarette , Elementvape.de akzeptieren Gro\u00df-und Einzelhandel Bestellungen.\" \/>\n<meta property=\"og:url\" content=\"https:\/\/www.elementvape.de\/ro\/produkt\/voopoo-vinci-se-pod-kit-vape-15w-900mah-batterie-2ml\/\" \/>\n<meta property=\"og:site_name\" content=\"ElementVape.de\" \/>\n<meta property=\"article:modified_time\" content=\"2024-12-12T06:37:02+00:00\" \/>\n<meta property=\"og:image\" content=\"https:\/\/ae01.alicdn.com\/kf\/S99de5717d7154cb29697c9dfc278acd8O\/Original-Voopoo-Vinci-Se-Pod-Kit-Vape-15W-900mAh-Batterie-2ml-Vinci-Serie-V2-Patrone-Vapor.png\" \/>\n\t<meta property=\"og:image:width\" content=\"800\" \/>\n\t<meta property=\"og:image:height\" content=\"800\" \/>\n\t<meta property=\"og:image:type\" content=\"image\/png\" \/>\n<meta name=\"twitter:card\" content=\"summary_large_image\" \/>\n<meta name=\"twitter:label1\" content=\"Est. reading time\" \/>\n\t<meta name=\"twitter:data1\" content=\"5 minute\" \/>\n<script type=\"application\/ld+json\" class=\"yoast-schema-graph\">{\"@context\":\"https:\/\/schema.org\",\"@graph\":[{\"@type\":\"WebPage\",\"@id\":\"https:\/\/www.elementvape.de\/produkt\/voopoo-vinci-se-pod-kit-vape-15w-900mah-batterie-2ml\/\",\"url\":\"https:\/\/www.elementvape.de\/produkt\/voopoo-vinci-se-pod-kit-vape-15w-900mah-batterie-2ml\/\",\"name\":\"Voopoo Vinci Se Pod Kit Vape 15W 900mAh Batterie 2ml Vinci Serie V2 Patrone Vapor izer elektronische Zigarette | ElementVape.de\",\"isPartOf\":{\"@id\":\"https:\/\/www.elementvape.de\/#website\"},\"primaryImageOfPage\":{\"@id\":\"https:\/\/www.elementvape.de\/produkt\/voopoo-vinci-se-pod-kit-vape-15w-900mah-batterie-2ml\/#primaryimage\"},\"image\":{\"@id\":\"https:\/\/www.elementvape.de\/produkt\/voopoo-vinci-se-pod-kit-vape-15w-900mah-batterie-2ml\/#primaryimage\"},\"thumbnailUrl\":\"https:\/\/ae01.alicdn.com\/kf\/S99de5717d7154cb29697c9dfc278acd8O\/Original-Voopoo-Vinci-Se-Pod-Kit-Vape-15W-900mAh-Batterie-2ml-Vinci-Serie-V2-Patrone-Vapor.png\",\"datePublished\":\"2024-04-20T06:35:10+00:00\",\"dateModified\":\"2024-12-12T06:37:02+00:00\",\"description\":\"Wir bieten Voopoo Vinci Se Pod Kit Vape 15W 900mAh Batterie 2ml Vinci Serie V2 Patrone Vapor izer elektronische Zigarette , Elementvape.de akzeptieren Gro\u00df-und Einzelhandel Bestellungen.\",\"breadcrumb\":{\"@id\":\"https:\/\/www.elementvape.de\/produkt\/voopoo-vinci-se-pod-kit-vape-15w-900mah-batterie-2ml\/#breadcrumb\"},\"inLanguage\":\"ro-RO\",\"potentialAction\":[{\"@type\":\"ReadAction\",\"target\":[\"https:\/\/www.elementvape.de\/produkt\/voopoo-vinci-se-pod-kit-vape-15w-900mah-batterie-2ml\/\"]}]},{\"@type\":\"ImageObject\",\"inLanguage\":\"ro-RO\",\"@id\":\"https:\/\/www.elementvape.de\/produkt\/voopoo-vinci-se-pod-kit-vape-15w-900mah-batterie-2ml\/#primaryimage\",\"url\":\"https:\/\/ae01.alicdn.com\/kf\/S99de5717d7154cb29697c9dfc278acd8O\/Original-Voopoo-Vinci-Se-Pod-Kit-Vape-15W-900mAh-Batterie-2ml-Vinci-Serie-V2-Patrone-Vapor.png\",\"contentUrl\":\"https:\/\/ae01.alicdn.com\/kf\/S99de5717d7154cb29697c9dfc278acd8O\/Original-Voopoo-Vinci-Se-Pod-Kit-Vape-15W-900mAh-Batterie-2ml-Vinci-Serie-V2-Patrone-Vapor.png\",\"width\":800,\"height\":800},{\"@type\":\"BreadcrumbList\",\"@id\":\"https:\/\/www.elementvape.de\/produkt\/voopoo-vinci-se-pod-kit-vape-15w-900mah-batterie-2ml\/#breadcrumb\",\"itemListElement\":[{\"@type\":\"ListItem\",\"position\":1,\"name\":\"Home\",\"item\":\"https:\/\/www.elementvape.de\/\"},{\"@type\":\"ListItem\",\"position\":2,\"name\":\"Shop\",\"item\":\"https:\/\/www.elementvape.de\/shop\/\"},{\"@type\":\"ListItem\",\"position\":3,\"name\":\"Voopoo Vinci Se Pod Kit Vape 15W 900mAh Batterie 2ml Vinci Serie V2 Patrone Vapor izer elektronische Zigarette\"}]},{\"@type\":\"WebSite\",\"@id\":\"https:\/\/www.elementvape.de\/#website\",\"url\":\"https:\/\/www.elementvape.de\/\",\"name\":\"ElementVape.de\",\"description\":\"\",\"publisher\":{\"@id\":\"https:\/\/www.elementvape.de\/#organization\"},\"potentialAction\":[{\"@type\":\"SearchAction\",\"target\":{\"@type\":\"EntryPoint\",\"urlTemplate\":\"https:\/\/www.elementvape.de\/?s={search_term_string}\"},\"query-input\":\"required name=search_term_string\"}],\"inLanguage\":\"ro-RO\"},{\"@type\":\"Organization\",\"@id\":\"https:\/\/www.elementvape.de\/#organization\",\"name\":\"ElementVape.DE\",\"url\":\"https:\/\/www.elementvape.de\/\",\"logo\":{\"@type\":\"ImageObject\",\"inLanguage\":\"ro-RO\",\"@id\":\"https:\/\/www.elementvape.de\/#\/schema\/logo\/image\/\",\"url\":\"https:\/\/www.elementvape.de\/wp-content\/uploads\/2024\/09\/cropped-1elementvape-3.png\",\"contentUrl\":\"https:\/\/www.elementvape.de\/wp-content\/uploads\/2024\/09\/cropped-1elementvape-3.png\",\"width\":285,\"height\":228,\"caption\":\"ElementVape.DE\"},\"image\":{\"@id\":\"https:\/\/www.elementvape.de\/#\/schema\/logo\/image\/\"}}]}<\/script>\n<!-- \/ Yoast SEO plugin. -->","yoast_head_json":{"title":"Voopoo Vinci Se Pod Kit Vape 15W 900mAh Batterie 2ml Vinci Serie V2 Patrone Vapor izer elektronische Zigarette | ElementVape.de","description":"Wir bieten Voopoo Vinci Se Pod Kit Vape 15W 900mAh Batterie 2ml Vinci Serie V2 Patrone Vapor izer elektronische Zigarette , Elementvape.de akzeptieren Gro\u00df-und Einzelhandel Bestellungen.","robots":{"index":"index","follow":"follow","max-snippet":"max-snippet:-1","max-image-preview":"max-image-preview:large","max-video-preview":"max-video-preview:-1"},"canonical":"https:\/\/www.elementvape.de\/ro\/produkt\/voopoo-vinci-se-pod-kit-vape-15w-900mah-batterie-2ml\/","og_locale":"ro_RO","og_type":"article","og_title":"Voopoo Vinci Se Pod Kit Vape 15W 900mAh Batterie 2ml Vinci Serie V2 Patrone Vapor izer elektronische Zigarette | ElementVape.de","og_description":"Wir bieten Voopoo Vinci Se Pod Kit Vape 15W 900mAh Batterie 2ml Vinci Serie V2 Patrone Vapor izer elektronische Zigarette , Elementvape.de akzeptieren Gro\u00df-und Einzelhandel Bestellungen.","og_url":"https:\/\/www.elementvape.de\/ro\/produkt\/voopoo-vinci-se-pod-kit-vape-15w-900mah-batterie-2ml\/","og_site_name":"ElementVape.de","article_modified_time":"2024-12-12T06:37:02+00:00","og_image":[{"width":800,"height":800,"url":"https:\/\/ae01.alicdn.com\/kf\/S99de5717d7154cb29697c9dfc278acd8O\/Original-Voopoo-Vinci-Se-Pod-Kit-Vape-15W-900mAh-Batterie-2ml-Vinci-Serie-V2-Patrone-Vapor.png","type":"image\/png"}],"twitter_card":"summary_large_image","twitter_misc":{"Est. reading time":"5 minute"},"schema":{"@context":"https:\/\/schema.org","@graph":[{"@type":"WebPage","@id":"https:\/\/www.elementvape.de\/produkt\/voopoo-vinci-se-pod-kit-vape-15w-900mah-batterie-2ml\/","url":"https:\/\/www.elementvape.de\/produkt\/voopoo-vinci-se-pod-kit-vape-15w-900mah-batterie-2ml\/","name":"Voopoo Vinci Se Pod Kit Vape 15W 900mAh Batterie 2ml Vinci Serie V2 Patrone Vapor izer elektronische Zigarette | ElementVape.de","isPartOf":{"@id":"https:\/\/www.elementvape.de\/#website"},"primaryImageOfPage":{"@id":"https:\/\/www.elementvape.de\/produkt\/voopoo-vinci-se-pod-kit-vape-15w-900mah-batterie-2ml\/#primaryimage"},"image":{"@id":"https:\/\/www.elementvape.de\/produkt\/voopoo-vinci-se-pod-kit-vape-15w-900mah-batterie-2ml\/#primaryimage"},"thumbnailUrl":"https:\/\/ae01.alicdn.com\/kf\/S99de5717d7154cb29697c9dfc278acd8O\/Original-Voopoo-Vinci-Se-Pod-Kit-Vape-15W-900mAh-Batterie-2ml-Vinci-Serie-V2-Patrone-Vapor.png","datePublished":"2024-04-20T06:35:10+00:00","dateModified":"2024-12-12T06:37:02+00:00","description":"Wir bieten Voopoo Vinci Se Pod Kit Vape 15W 900mAh Batterie 2ml Vinci Serie V2 Patrone Vapor izer elektronische Zigarette , Elementvape.de akzeptieren Gro\u00df-und Einzelhandel Bestellungen.","breadcrumb":{"@id":"https:\/\/www.elementvape.de\/produkt\/voopoo-vinci-se-pod-kit-vape-15w-900mah-batterie-2ml\/#breadcrumb"},"inLanguage":"ro-RO","potentialAction":[{"@type":"ReadAction","target":["https:\/\/www.elementvape.de\/produkt\/voopoo-vinci-se-pod-kit-vape-15w-900mah-batterie-2ml\/"]}]},{"@type":"ImageObject","inLanguage":"ro-RO","@id":"https:\/\/www.elementvape.de\/produkt\/voopoo-vinci-se-pod-kit-vape-15w-900mah-batterie-2ml\/#primaryimage","url":"https:\/\/ae01.alicdn.com\/kf\/S99de5717d7154cb29697c9dfc278acd8O\/Original-Voopoo-Vinci-Se-Pod-Kit-Vape-15W-900mAh-Batterie-2ml-Vinci-Serie-V2-Patrone-Vapor.png","contentUrl":"https:\/\/ae01.alicdn.com\/kf\/S99de5717d7154cb29697c9dfc278acd8O\/Original-Voopoo-Vinci-Se-Pod-Kit-Vape-15W-900mAh-Batterie-2ml-Vinci-Serie-V2-Patrone-Vapor.png","width":800,"height":800},{"@type":"BreadcrumbList","@id":"https:\/\/www.elementvape.de\/produkt\/voopoo-vinci-se-pod-kit-vape-15w-900mah-batterie-2ml\/#breadcrumb","itemListElement":[{"@type":"ListItem","position":1,"name":"Home","item":"https:\/\/www.elementvape.de\/"},{"@type":"ListItem","position":2,"name":"Shop","item":"https:\/\/www.elementvape.de\/shop\/"},{"@type":"ListItem","position":3,"name":"Voopoo Vinci Se Pod Kit Vape 15W 900mAh Batterie 2ml Vinci Serie V2 Patrone Vapor izer elektronische Zigarette"}]},{"@type":"WebSite","@id":"https:\/\/www.elementvape.de\/#website","url":"https:\/\/www.elementvape.de\/","name":"ElementVape.de","description":"","publisher":{"@id":"https:\/\/www.elementvape.de\/#organization"},"potentialAction":[{"@type":"SearchAction","target":{"@type":"EntryPoint","urlTemplate":"https:\/\/www.elementvape.de\/?s={search_term_string}"},"query-input":"required name=search_term_string"}],"inLanguage":"ro-RO"},{"@type":"Organization","@id":"https:\/\/www.elementvape.de\/#organization","name":"ElementVape.DE","url":"https:\/\/www.elementvape.de\/","logo":{"@type":"ImageObject","inLanguage":"ro-RO","@id":"https:\/\/www.elementvape.de\/#\/schema\/logo\/image\/","url":"https:\/\/www.elementvape.de\/wp-content\/uploads\/2024\/09\/cropped-1elementvape-3.png","contentUrl":"https:\/\/www.elementvape.de\/wp-content\/uploads\/2024\/09\/cropped-1elementvape-3.png","width":285,"height":228,"caption":"ElementVape.DE"},"image":{"@id":"https:\/\/www.elementvape.de\/#\/schema\/logo\/image\/"}}]}},"_links":{"self":[{"href":"https:\/\/www.elementvape.de\/ro\/wp-json\/wp\/v2\/product\/8474"}],"collection":[{"href":"https:\/\/www.elementvape.de\/ro\/wp-json\/wp\/v2\/product"}],"about":[{"href":"https:\/\/www.elementvape.de\/ro\/wp-json\/wp\/v2\/types\/product"}],"wp:featuredmedia":[{"embeddable":true,"href":"https:\/\/www.elementvape.de\/ro\/wp-json\/wp\/v2\/media\/8475"}],"wp:attachment":[{"href":"https:\/\/www.elementvape.de\/ro\/wp-json\/wp\/v2\/media?parent=8474"}],"wp:term":[{"taxonomy":"product_cat","embeddable":true,"href":"https:\/\/www.elementvape.de\/ro\/wp-json\/wp\/v2\/product_cat?post=8474"},{"taxonomy":"product_tag","embeddable":true,"href":"https:\/\/www.elementvape.de\/ro\/wp-json\/wp\/v2\/product_tag?post=8474"}],"curies":[{"name":"wp","href":"https:\/\/api.w.org\/{rel}","templated":true}]}}