{"id":8267,"date":"2024-04-20T08:05:11","date_gmt":"2024-04-20T08:05:11","guid":{"rendered":"https:\/\/www.elementvape.de\/?post_type=product&#038;p=8267"},"modified":"2024-09-12T10:31:57","modified_gmt":"2024-09-12T10:31:57","slug":"ijoy-cigpet-capo-box-mod-126w-verdampferbox-mod-vape-e-zigarette","status":"publish","type":"product","link":"https:\/\/www.elementvape.de\/ro\/produkt\/ijoy-cigpet-capo-box-mod-126w-verdampferbox-mod-vape-e-zigarette\/","title":{"rendered":"Mod box Vandy Vape Capo 126w, vaporizator box, mod pentru \u021big\u0103ri electronice"},"content":{"rendered":"<p>&nbsp;<\/p>\n<div class=\"product-specs-list-container\">\n<ul class=\"product-specs-list util-clearfix\">\n<li class=\"product-prop line-limit-length\"><span class=\"property-title\">Func\u021bie de monitorizare a num\u0103rului de fum:\u00a0<\/span><span class=\"property-desc line-limit-length\">Ja<\/span><\/li>\n<li class=\"product-prop line-limit-length\"><span class=\"property-title\">Carcas\u0103 din silicon:\u00a0<\/span><span class=\"property-desc line-limit-length\">Nu<\/span><\/li>\n<li class=\"product-prop line-limit-length\"><span class=\"property-title\">Func\u021bie de protec\u021bie la scurtcircuit:\u00a0<\/span><span class=\"property-desc line-limit-length\">Ja<\/span><\/li>\n<li class=\"product-prop line-limit-length\"><span class=\"property-title\">Func\u021bie de protec\u021bie \u00eempotriva supra\u00eenc\u0103lzirii:\u00a0<\/span><span class=\"property-desc line-limit-length\">Ja<\/span><\/li>\n<li class=\"product-prop line-limit-length\"><span class=\"property-title\">Func\u021bie de alarm\u0103 pentru tensiune sc\u0103zut\u0103:\u00a0<\/span><span class=\"property-desc line-limit-length\">Ja<\/span><\/li>\n<li class=\"product-prop line-limit-length\"><span class=\"property-title\">Func\u021bie de identificare a pulverizatorului:\u00a0<\/span><span class=\"property-desc line-limit-length\">Ja<\/span><\/li>\n<li class=\"product-prop line-limit-length\"><span class=\"property-title\">Reglare temperatur\u0103:\u00a0<\/span><span class=\"property-desc line-limit-length\">Nu<\/span><\/li>\n<li class=\"product-prop line-limit-length\"><span class=\"property-title\">Moduri de ajustare TCR:\u00a0<\/span><span class=\"property-desc line-limit-length\">Nu<\/span><\/li>\n<li class=\"product-prop line-limit-length\"><span class=\"property-title\">Capacitate nominal\u0103:\u00a0<\/span><span class=\"property-desc line-limit-length\">Niciunul<\/span><\/li>\n<li class=\"product-prop line-limit-length\"><span class=\"property-title\">Baterie compatibil\u0103:\u00a0<\/span><span class=\"property-desc line-limit-length\">18650<\/span><\/li>\n<li class=\"product-prop line-limit-length\"><span class=\"property-title\">Material:\u00a0<\/span><span class=\"property-desc line-limit-length\">Plastic<\/span><\/li>\n<li class=\"product-prop line-limit-length\"><span class=\"property-title\">Model compatibil:\u00a0<\/span><span class=\"property-desc line-limit-length\">Moduri de configurare TCR: Nu<\/span><\/li>\n<li class=\"product-prop line-limit-length\"><span class=\"property-title\">Num\u0103r model:\u00a0<\/span><span class=\"property-desc line-limit-length\">Capac Cigpet Ijoy<\/span><\/li>\n<li class=\"product-prop line-limit-length\"><span class=\"property-title\">Actualizare firmware:\u00a0<\/span><span class=\"property-desc line-limit-length\">Nu<\/span><\/li>\n<li class=\"product-prop line-limit-length\"><span class=\"property-title\">\u00cenc\u0103rc\u0103tor USB:\u00a0<\/span><span class=\"property-desc line-limit-length\">Ja<\/span><\/li>\n<li class=\"product-prop line-limit-length\"><span class=\"property-title\">Afi\u0219aj:\u00a0<\/span><span class=\"property-desc line-limit-length\">Nu<\/span><\/li>\n<li class=\"product-prop line-limit-length\"><span class=\"property-title\">Baterie \u00eencorporat\u0103 sau extern\u0103:\u00a0<\/span><span class=\"property-desc line-limit-length\">Nu<\/span><\/li>\n<li class=\"product-prop line-limit-length\"><span class=\"property-title\">Tip:\u00a0<\/span><span class=\"property-desc line-limit-length\">Mod electric<\/span><\/li>\n<li class=\"product-prop line-limit-length\"><span class=\"property-title\">Nume de marc\u0103:\u00a0<\/span><span class=\"property-desc line-limit-length\">IJOY<\/span><\/li>\n<li class=\"product-prop line-limit-length\"><span class=\"property-title\">Origine:\u00a0<\/span><span class=\"property-desc line-limit-length\">CN (Origine)<\/span><\/li>\n<li class=\"product-prop line-limit-length\"><span class=\"property-title\">Culoare:\u00a0<\/span><span class=\"property-desc line-limit-length\">Dup\u0103 imagine<\/span><\/li>\n<li class=\"product-prop line-limit-length\"><span class=\"property-title\">Func\u021bie 1:\u00a0<\/span><span class=\"property-desc line-limit-length\">mod de cutie<\/span><\/li>\n<li class=\"product-prop line-limit-length\"><span class=\"property-title\">Func\u021bie 2:\u00a0<\/span><span class=\"property-desc line-limit-length\">mod cu baterie dual\u0103<\/span><\/li>\n<li class=\"product-prop line-limit-length\"><span class=\"property-title\">Func\u021bie 3:\u00a0<\/span><span class=\"property-desc line-limit-length\">mod box pentru vape<\/span><\/li>\n<\/ul>\n<\/div>\n<div class=\"detailmodule_html\">\n<div class=\"detail-desc-decorate-richtext\">\n<div class=\"detailmodule_dynamic\"><\/div>\n<div class=\"detailmodule_text\">\n<p class=\"detail-desc-decorate-title\" style=\"font-family: OpenSans; font-size: 20px; font-weight: 900; line-height: 28px; margin-bottom: 12px;\">Mod original IJOY Cigpet Capo Box 126w cu baterii duale 18650, vaporizator, box mod, vape 0.05 ~ 3,0 ohmi, \u021bigarete electronice VS drag S<\/p>\n<\/div>\n<div class=\"detailmodule_text\">\n<p class=\"detail-desc-decorate-title\" style=\"font-family: OpenSans; font-size: 20px; font-weight: 900; line-height: 28px; margin-bottom: 12px;\">Aten\u021bie:<\/p>\n<p class=\"detail-desc-decorate-content\" style=\"font-family: OpenSans; font-size: 14px; font-weight: 300; line-height: 20px; margin-bottom: 12px;\">Aceast\u0103 mod este baterie deta\u0219abil\u0103.<br \/>\nF\u0103r\u0103 baterie 18650 \u00een.<br \/>\nAr trebui s\u0103 cump\u0103ra\u021bi mai bine dou\u0103 buc\u0103\u021bi sonyVTC4\/VTC5\/VTC6, etc.) baterie 18650 singur\u0103. Momentan curentul de ie\u0219ire &gt; = 30A ar fi mai bine.<\/p>\n<\/div>\n<div class=\"detailmodule_text\">\n<p class=\"detail-desc-decorate-title\" style=\"font-family: OpenSans; font-size: 20px; font-weight: 900; line-height: 28px; margin-bottom: 12px;\">Descriere<\/p>\n<p class=\"detail-desc-decorate-content\" style=\"font-family: OpenSans; font-size: 14px; font-weight: 300; line-height: 20px; margin-bottom: 12px;\">Dimensiune: 52.5*90*25MM<br \/>\nEcran: 0,91 30*11.5*1,21 MM<br \/>\nInterval de putere: 1-126w<br \/>\nInterval de rezisten\u021b\u0103: 0.05 ~ 3,0 ohmi<br \/>\nCurent de ie\u0219ire: 0-45A<br \/>\nInterval de tensiune de ie\u0219ire: 0-7,5 V<br \/>\nModuri de lucru: POWER<br \/>\nFilet: 510<\/p>\n<\/div>\n<div class=\"detailmodule_text\">\n<p class=\"detail-desc-decorate-title\" style=\"font-family: OpenSans; font-size: 20px; font-weight: 900; line-height: 28px; margin-bottom: 12px;\">Pachet:<\/p>\n<p class=\"detail-desc-decorate-content\" style=\"font-family: OpenSans; font-size: 14px; font-weight: 300; line-height: 20px; margin-bottom: 12px;\">1 * CIGPET CAPO Box Mod (f\u0103r\u0103 baterie \u00een)<br \/>\n1 * cablu USB<br \/>\n1 * manual<br \/>\n1 * carte de garan\u021bie<\/p>\n<\/div>\n<div class=\"detailmodule_text-image\">\n<p class=\"detail-desc-decorate-title\" style=\"font-family: OpenSans; font-size: 20px; font-weight: 900; line-height: 28px; margin-bottom: 12px;\">Afi\u0219are produse<\/p>\n<div><img decoding=\"async\" loading=\"lazy\" class=\"detail-desc-decorate-image\" src=\"https:\/\/ae01.alicdn.com\/kf\/Hcdf28cdb1c524fedacf9e482cad3167fZ.jpg\" \/><img decoding=\"async\" loading=\"lazy\" class=\"detail-desc-decorate-image\" src=\"https:\/\/ae01.alicdn.com\/kf\/H386bdc58de0c4be3b7e80e23524b3f28Q.jpg\" \/><img decoding=\"async\" loading=\"lazy\" class=\"detail-desc-decorate-image\" src=\"https:\/\/ae01.alicdn.com\/kf\/Hb27f1896faa340b5a2f1c0b65acac967n.jpg\" \/><img decoding=\"async\" loading=\"lazy\" class=\"detail-desc-decorate-image\" src=\"https:\/\/ae01.alicdn.com\/kf\/H89026d35982742bbbe18db656c3b47efq.jpg\" \/><img decoding=\"async\" loading=\"lazy\" class=\"detail-desc-decorate-image\" src=\"https:\/\/ae01.alicdn.com\/kf\/H6c2bddfad21645a9b26237ffc5cbfd80i.jpg\" \/><img decoding=\"async\" loading=\"lazy\" class=\"detail-desc-decorate-image\" src=\"https:\/\/ae01.alicdn.com\/kf\/Hda9fd90b31c94d51b4ebf5a933c6396c7.jpg\" \/><\/div>\n<\/div>\n<p>&nbsp;<\/p>\n<\/div>\n<\/div>","protected":false},"excerpt":{"rendered":"<p>&nbsp; \u00dcberwachung Funktion Von Rauchen Anzahl:\u00a0Ja Silikon Fall:\u00a0Nein Kurzschlussschutz Funktion:\u00a0Ja \u00dcberhitzungsschutz-funktion:\u00a0Ja Niederspannungsalarmfunktion:\u00a0Ja Zerst\u00e4uber Identifikation Funktion:\u00a0Ja Temperaturregelung:\u00a0Nein TCR Einstellung Modi:\u00a0Nein Nominale Kapazit\u00e4t:\u00a0Kein Kompatibler Akku:\u00a018650 Material:\u00a0Plastik Compatible Model:\u00a0RDA RBA RDTA Modellnummer:\u00a0Ijoy Cigpet Capo Firmware-upgrade:\u00a0Nein Usb-ladeger\u00e4t:\u00a0Ja Display:\u00a0Nein Eingebaute Oder Externe Batterie:\u00a0Nein Art:\u00a0Elektrische Mod Markenname:\u00a0IJOY Ursprung:\u00a0CN (Herkunft) Color:\u00a0As picture Function 1:\u00a0box mod Function 2:\u00a0dual battery mod Function 3:\u00a0box mod [&hellip;]<\/p>","protected":false},"featured_media":8269,"template":"","meta":{"inline_featured_image":false},"product_cat":[15,78,750,737,736,749,77],"product_tag":[],"tiered_pricing_type":"fixed","tiered_pricing_fixed_rules":[],"tiered_pricing_percentage_rules":[],"tiered_pricing_minimum":1,"_administrator_tiered_pricing_type":"fixed","_administrator_tiered_pricing_fixed_rules":[],"_editor_tiered_pricing_type":"fixed","_editor_tiered_pricing_fixed_rules":[],"_author_tiered_pricing_type":"fixed","_author_tiered_pricing_fixed_rules":[],"_contributor_tiered_pricing_type":"fixed","_contributor_tiered_pricing_fixed_rules":[],"_subscriber_tiered_pricing_type":"fixed","_subscriber_tiered_pricing_fixed_rules":[],"_customer_tiered_pricing_type":"fixed","_customer_tiered_pricing_fixed_rules":[],"_shop_manager_tiered_pricing_type":"fixed","_shop_manager_tiered_pricing_fixed_rules":[],"_wpseo_manager_tiered_pricing_type":"fixed","_wpseo_manager_tiered_pricing_fixed_rules":[],"_wpseo_editor_tiered_pricing_type":"fixed","_wpseo_editor_tiered_pricing_fixed_rules":[],"_wholesale_customer_tiered_pricing_type":"fixed","_wholesale_customer_tiered_pricing_fixed_rules":[],"_marketer_tiered_pricing_type":"fixed","_marketer_tiered_pricing_fixed_rules":[],"_sales_manager_tiered_pricing_type":"fixed","_sales_manager_tiered_pricing_fixed_rules":[],"_sales_rep_tiered_pricing_type":"fixed","_sales_rep_tiered_pricing_fixed_rules":[],"yoast_head":"<!-- This site is optimized with the Yoast SEO plugin v23.3 - https:\/\/yoast.com\/wordpress\/plugins\/seo\/ -->\n<title>IJOY Cigpet Capo Box MOD 126w Verdampferbox Mod Vape E-Zigarette | ElementVape.de<\/title>\n<meta name=\"description\" content=\"Wir bieten IJOY Cigpet Capo Box MOD 126w Verdampferbox Mod Vape E-Zigarette , Elementvape.de akzeptieren Gro\u00df-und Einzelhandel Bestellungen.\" \/>\n<meta name=\"robots\" content=\"index, follow, max-snippet:-1, max-image-preview:large, max-video-preview:-1\" \/>\n<link rel=\"canonical\" href=\"https:\/\/www.elementvape.de\/ro\/produkt\/ijoy-cigpet-capo-box-mod-126w-verdampferbox-mod-vape-e-zigarette\/\" \/>\n<meta property=\"og:locale\" content=\"ro_RO\" \/>\n<meta property=\"og:type\" content=\"article\" \/>\n<meta property=\"og:title\" content=\"IJOY Cigpet Capo Box MOD 126w Verdampferbox Mod Vape E-Zigarette | ElementVape.de\" \/>\n<meta property=\"og:description\" content=\"Wir bieten IJOY Cigpet Capo Box MOD 126w Verdampferbox Mod Vape E-Zigarette , Elementvape.de akzeptieren Gro\u00df-und Einzelhandel Bestellungen.\" \/>\n<meta property=\"og:url\" content=\"https:\/\/www.elementvape.de\/ro\/produkt\/ijoy-cigpet-capo-box-mod-126w-verdampferbox-mod-vape-e-zigarette\/\" \/>\n<meta property=\"og:site_name\" content=\"ElementVape.de\" \/>\n<meta property=\"article:modified_time\" content=\"2024-09-12T10:31:57+00:00\" \/>\n<meta property=\"og:image\" content=\"https:\/\/ae01.alicdn.com\/kf\/H34dfdacbf7bc4c38bdc7c45b2c4d985e1\/Original-IJOY-Cigpet-Capo-Box-MOD-126w-Dual-18650-Batterien-Verdampfer-Box-Mod-Vape-0-05.jpg\" \/>\n\t<meta property=\"og:image:width\" content=\"800\" \/>\n\t<meta property=\"og:image:height\" content=\"800\" \/>\n\t<meta property=\"og:image:type\" content=\"image\/jpeg\" \/>\n<meta name=\"twitter:card\" content=\"summary_large_image\" \/>\n<meta name=\"twitter:label1\" content=\"Est. reading time\" \/>\n\t<meta name=\"twitter:data1\" content=\"3 minute\" \/>\n<script type=\"application\/ld+json\" class=\"yoast-schema-graph\">{\"@context\":\"https:\/\/schema.org\",\"@graph\":[{\"@type\":\"WebPage\",\"@id\":\"https:\/\/www.elementvape.de\/produkt\/ijoy-cigpet-capo-box-mod-126w-verdampferbox-mod-vape-e-zigarette\/\",\"url\":\"https:\/\/www.elementvape.de\/produkt\/ijoy-cigpet-capo-box-mod-126w-verdampferbox-mod-vape-e-zigarette\/\",\"name\":\"IJOY Cigpet Capo Box MOD 126w Verdampferbox Mod Vape E-Zigarette | ElementVape.de\",\"isPartOf\":{\"@id\":\"https:\/\/www.elementvape.de\/#website\"},\"primaryImageOfPage\":{\"@id\":\"https:\/\/www.elementvape.de\/produkt\/ijoy-cigpet-capo-box-mod-126w-verdampferbox-mod-vape-e-zigarette\/#primaryimage\"},\"image\":{\"@id\":\"https:\/\/www.elementvape.de\/produkt\/ijoy-cigpet-capo-box-mod-126w-verdampferbox-mod-vape-e-zigarette\/#primaryimage\"},\"thumbnailUrl\":\"https:\/\/ae01.alicdn.com\/kf\/H34dfdacbf7bc4c38bdc7c45b2c4d985e1\/Original-IJOY-Cigpet-Capo-Box-MOD-126w-Dual-18650-Batterien-Verdampfer-Box-Mod-Vape-0-05.jpg\",\"datePublished\":\"2024-04-20T08:05:11+00:00\",\"dateModified\":\"2024-09-12T10:31:57+00:00\",\"description\":\"Wir bieten IJOY Cigpet Capo Box MOD 126w Verdampferbox Mod Vape E-Zigarette , Elementvape.de akzeptieren Gro\u00df-und Einzelhandel Bestellungen.\",\"breadcrumb\":{\"@id\":\"https:\/\/www.elementvape.de\/produkt\/ijoy-cigpet-capo-box-mod-126w-verdampferbox-mod-vape-e-zigarette\/#breadcrumb\"},\"inLanguage\":\"ro-RO\",\"potentialAction\":[{\"@type\":\"ReadAction\",\"target\":[\"https:\/\/www.elementvape.de\/produkt\/ijoy-cigpet-capo-box-mod-126w-verdampferbox-mod-vape-e-zigarette\/\"]}]},{\"@type\":\"ImageObject\",\"inLanguage\":\"ro-RO\",\"@id\":\"https:\/\/www.elementvape.de\/produkt\/ijoy-cigpet-capo-box-mod-126w-verdampferbox-mod-vape-e-zigarette\/#primaryimage\",\"url\":\"https:\/\/ae01.alicdn.com\/kf\/H34dfdacbf7bc4c38bdc7c45b2c4d985e1\/Original-IJOY-Cigpet-Capo-Box-MOD-126w-Dual-18650-Batterien-Verdampfer-Box-Mod-Vape-0-05.jpg\",\"contentUrl\":\"https:\/\/ae01.alicdn.com\/kf\/H34dfdacbf7bc4c38bdc7c45b2c4d985e1\/Original-IJOY-Cigpet-Capo-Box-MOD-126w-Dual-18650-Batterien-Verdampfer-Box-Mod-Vape-0-05.jpg\",\"width\":800,\"height\":800},{\"@type\":\"BreadcrumbList\",\"@id\":\"https:\/\/www.elementvape.de\/produkt\/ijoy-cigpet-capo-box-mod-126w-verdampferbox-mod-vape-e-zigarette\/#breadcrumb\",\"itemListElement\":[{\"@type\":\"ListItem\",\"position\":1,\"name\":\"Home\",\"item\":\"https:\/\/www.elementvape.de\/\"},{\"@type\":\"ListItem\",\"position\":2,\"name\":\"Shop\",\"item\":\"https:\/\/www.elementvape.de\/shop\/\"},{\"@type\":\"ListItem\",\"position\":3,\"name\":\"IJOY Cigpet Capo Box MOD 126w Verdampferbox Mod Vape E-Zigarette\"}]},{\"@type\":\"WebSite\",\"@id\":\"https:\/\/www.elementvape.de\/#website\",\"url\":\"https:\/\/www.elementvape.de\/\",\"name\":\"ElementVape.de\",\"description\":\"\",\"publisher\":{\"@id\":\"https:\/\/www.elementvape.de\/#organization\"},\"potentialAction\":[{\"@type\":\"SearchAction\",\"target\":{\"@type\":\"EntryPoint\",\"urlTemplate\":\"https:\/\/www.elementvape.de\/?s={search_term_string}\"},\"query-input\":\"required name=search_term_string\"}],\"inLanguage\":\"ro-RO\"},{\"@type\":\"Organization\",\"@id\":\"https:\/\/www.elementvape.de\/#organization\",\"name\":\"ElementVape.DE\",\"url\":\"https:\/\/www.elementvape.de\/\",\"logo\":{\"@type\":\"ImageObject\",\"inLanguage\":\"ro-RO\",\"@id\":\"https:\/\/www.elementvape.de\/#\/schema\/logo\/image\/\",\"url\":\"https:\/\/www.elementvape.de\/wp-content\/uploads\/2024\/09\/cropped-1elementvape-3.png\",\"contentUrl\":\"https:\/\/www.elementvape.de\/wp-content\/uploads\/2024\/09\/cropped-1elementvape-3.png\",\"width\":285,\"height\":228,\"caption\":\"ElementVape.DE\"},\"image\":{\"@id\":\"https:\/\/www.elementvape.de\/#\/schema\/logo\/image\/\"}}]}<\/script>\n<!-- \/ Yoast SEO plugin. -->","yoast_head_json":{"title":"IJOY Cigpet Capo Box MOD 126w Verdampferbox Mod Vape E-Zigarette | ElementVape.de","description":"Wir bieten IJOY Cigpet Capo Box MOD 126w Verdampferbox Mod Vape E-Zigarette , Elementvape.de akzeptieren Gro\u00df-und Einzelhandel Bestellungen.","robots":{"index":"index","follow":"follow","max-snippet":"max-snippet:-1","max-image-preview":"max-image-preview:large","max-video-preview":"max-video-preview:-1"},"canonical":"https:\/\/www.elementvape.de\/ro\/produkt\/ijoy-cigpet-capo-box-mod-126w-verdampferbox-mod-vape-e-zigarette\/","og_locale":"ro_RO","og_type":"article","og_title":"IJOY Cigpet Capo Box MOD 126w Verdampferbox Mod Vape E-Zigarette | ElementVape.de","og_description":"Wir bieten IJOY Cigpet Capo Box MOD 126w Verdampferbox Mod Vape E-Zigarette , Elementvape.de akzeptieren Gro\u00df-und Einzelhandel Bestellungen.","og_url":"https:\/\/www.elementvape.de\/ro\/produkt\/ijoy-cigpet-capo-box-mod-126w-verdampferbox-mod-vape-e-zigarette\/","og_site_name":"ElementVape.de","article_modified_time":"2024-09-12T10:31:57+00:00","og_image":[{"width":800,"height":800,"url":"https:\/\/ae01.alicdn.com\/kf\/H34dfdacbf7bc4c38bdc7c45b2c4d985e1\/Original-IJOY-Cigpet-Capo-Box-MOD-126w-Dual-18650-Batterien-Verdampfer-Box-Mod-Vape-0-05.jpg","type":"image\/jpeg"}],"twitter_card":"summary_large_image","twitter_misc":{"Est. reading time":"3 minute"},"schema":{"@context":"https:\/\/schema.org","@graph":[{"@type":"WebPage","@id":"https:\/\/www.elementvape.de\/produkt\/ijoy-cigpet-capo-box-mod-126w-verdampferbox-mod-vape-e-zigarette\/","url":"https:\/\/www.elementvape.de\/produkt\/ijoy-cigpet-capo-box-mod-126w-verdampferbox-mod-vape-e-zigarette\/","name":"IJOY Cigpet Capo Box MOD 126w Verdampferbox Mod Vape E-Zigarette | ElementVape.de","isPartOf":{"@id":"https:\/\/www.elementvape.de\/#website"},"primaryImageOfPage":{"@id":"https:\/\/www.elementvape.de\/produkt\/ijoy-cigpet-capo-box-mod-126w-verdampferbox-mod-vape-e-zigarette\/#primaryimage"},"image":{"@id":"https:\/\/www.elementvape.de\/produkt\/ijoy-cigpet-capo-box-mod-126w-verdampferbox-mod-vape-e-zigarette\/#primaryimage"},"thumbnailUrl":"https:\/\/ae01.alicdn.com\/kf\/H34dfdacbf7bc4c38bdc7c45b2c4d985e1\/Original-IJOY-Cigpet-Capo-Box-MOD-126w-Dual-18650-Batterien-Verdampfer-Box-Mod-Vape-0-05.jpg","datePublished":"2024-04-20T08:05:11+00:00","dateModified":"2024-09-12T10:31:57+00:00","description":"Wir bieten IJOY Cigpet Capo Box MOD 126w Verdampferbox Mod Vape E-Zigarette , Elementvape.de akzeptieren Gro\u00df-und Einzelhandel Bestellungen.","breadcrumb":{"@id":"https:\/\/www.elementvape.de\/produkt\/ijoy-cigpet-capo-box-mod-126w-verdampferbox-mod-vape-e-zigarette\/#breadcrumb"},"inLanguage":"ro-RO","potentialAction":[{"@type":"ReadAction","target":["https:\/\/www.elementvape.de\/produkt\/ijoy-cigpet-capo-box-mod-126w-verdampferbox-mod-vape-e-zigarette\/"]}]},{"@type":"ImageObject","inLanguage":"ro-RO","@id":"https:\/\/www.elementvape.de\/produkt\/ijoy-cigpet-capo-box-mod-126w-verdampferbox-mod-vape-e-zigarette\/#primaryimage","url":"https:\/\/ae01.alicdn.com\/kf\/H34dfdacbf7bc4c38bdc7c45b2c4d985e1\/Original-IJOY-Cigpet-Capo-Box-MOD-126w-Dual-18650-Batterien-Verdampfer-Box-Mod-Vape-0-05.jpg","contentUrl":"https:\/\/ae01.alicdn.com\/kf\/H34dfdacbf7bc4c38bdc7c45b2c4d985e1\/Original-IJOY-Cigpet-Capo-Box-MOD-126w-Dual-18650-Batterien-Verdampfer-Box-Mod-Vape-0-05.jpg","width":800,"height":800},{"@type":"BreadcrumbList","@id":"https:\/\/www.elementvape.de\/produkt\/ijoy-cigpet-capo-box-mod-126w-verdampferbox-mod-vape-e-zigarette\/#breadcrumb","itemListElement":[{"@type":"ListItem","position":1,"name":"Home","item":"https:\/\/www.elementvape.de\/"},{"@type":"ListItem","position":2,"name":"Shop","item":"https:\/\/www.elementvape.de\/shop\/"},{"@type":"ListItem","position":3,"name":"IJOY Cigpet Capo Box MOD 126w Verdampferbox Mod Vape E-Zigarette"}]},{"@type":"WebSite","@id":"https:\/\/www.elementvape.de\/#website","url":"https:\/\/www.elementvape.de\/","name":"ElementVape.de","description":"","publisher":{"@id":"https:\/\/www.elementvape.de\/#organization"},"potentialAction":[{"@type":"SearchAction","target":{"@type":"EntryPoint","urlTemplate":"https:\/\/www.elementvape.de\/?s={search_term_string}"},"query-input":"required name=search_term_string"}],"inLanguage":"ro-RO"},{"@type":"Organization","@id":"https:\/\/www.elementvape.de\/#organization","name":"ElementVape.DE","url":"https:\/\/www.elementvape.de\/","logo":{"@type":"ImageObject","inLanguage":"ro-RO","@id":"https:\/\/www.elementvape.de\/#\/schema\/logo\/image\/","url":"https:\/\/www.elementvape.de\/wp-content\/uploads\/2024\/09\/cropped-1elementvape-3.png","contentUrl":"https:\/\/www.elementvape.de\/wp-content\/uploads\/2024\/09\/cropped-1elementvape-3.png","width":285,"height":228,"caption":"ElementVape.DE"},"image":{"@id":"https:\/\/www.elementvape.de\/#\/schema\/logo\/image\/"}}]}},"_links":{"self":[{"href":"https:\/\/www.elementvape.de\/ro\/wp-json\/wp\/v2\/product\/8267"}],"collection":[{"href":"https:\/\/www.elementvape.de\/ro\/wp-json\/wp\/v2\/product"}],"about":[{"href":"https:\/\/www.elementvape.de\/ro\/wp-json\/wp\/v2\/types\/product"}],"wp:featuredmedia":[{"embeddable":true,"href":"https:\/\/www.elementvape.de\/ro\/wp-json\/wp\/v2\/media\/8269"}],"wp:attachment":[{"href":"https:\/\/www.elementvape.de\/ro\/wp-json\/wp\/v2\/media?parent=8267"}],"wp:term":[{"taxonomy":"product_cat","embeddable":true,"href":"https:\/\/www.elementvape.de\/ro\/wp-json\/wp\/v2\/product_cat?post=8267"},{"taxonomy":"product_tag","embeddable":true,"href":"https:\/\/www.elementvape.de\/ro\/wp-json\/wp\/v2\/product_tag?post=8267"}],"curies":[{"name":"wp","href":"https:\/\/api.w.org\/{rel}","templated":true}]}}