{"id":7711,"date":"2024-04-20T07:29:29","date_gmt":"2024-04-20T07:29:29","guid":{"rendered":"https:\/\/www.elementvape.de\/?post_type=product&#038;p=7711"},"modified":"2024-09-12T10:32:15","modified_gmt":"2024-09-12T10:32:15","slug":"vapor-storm-eco-einwegdose-mod-vape-510-starter-kit","status":"publish","type":"product","link":"https:\/\/www.elementvape.de\/ro\/produkt\/vapor-storm-eco-einwegdose-mod-vape-510-starter-kit\/","title":{"rendered":"Vapor Storm ECO Mod Vape de unic\u0103 folosin\u021b\u0103, kit starter 510"},"content":{"rendered":"<p>&nbsp;<\/p>\n<div class=\"product-specs-list-container\">\n<ul class=\"product-specs-list util-clearfix\">\n<li class=\"product-prop line-limit-length\"><span class=\"property-title\">Aspect:\u00a0<\/span><span class=\"property-desc line-limit-length\">Form\u0103 de cutie<\/span><\/li>\n<li class=\"product-prop line-limit-length\"><span class=\"property-title\">Baterie compatibil\u0103:\u00a0<\/span><span class=\"property-desc line-limit-length\">18650<\/span><\/li>\n<li class=\"product-prop line-limit-length\"><span class=\"property-title\">Func\u021bie de monitorizare a num\u0103rului de fum:\u00a0<\/span><span class=\"property-desc line-limit-length\">Nu<\/span><\/li>\n<li class=\"product-prop line-limit-length\"><span class=\"property-title\">Carcas\u0103 din silicon:\u00a0<\/span><span class=\"property-desc line-limit-length\">Nu<\/span><\/li>\n<li class=\"product-prop line-limit-length\"><span class=\"property-title\">Reglare temperatur\u0103:\u00a0<\/span><span class=\"property-desc line-limit-length\">Nu<\/span><\/li>\n<li class=\"product-prop line-limit-length\"><span class=\"property-title\">Baterie \u00eencorporat\u0103 sau extern\u0103:\u00a0<\/span><span class=\"property-desc line-limit-length\">Externe<\/span><\/li>\n<li class=\"product-prop line-limit-length\"><span class=\"property-title\">Func\u021bie de protec\u021bie la scurtcircuit:\u00a0<\/span><span class=\"property-desc line-limit-length\">Ja<\/span><\/li>\n<li class=\"product-prop line-limit-length\"><span class=\"property-title\">Func\u021bie de protec\u021bie \u00eempotriva supra\u00eenc\u0103lzirii:\u00a0<\/span><span class=\"property-desc line-limit-length\">Ja<\/span><\/li>\n<li class=\"product-prop line-limit-length\"><span class=\"property-title\">Func\u021bie de alarm\u0103 pentru tensiune sc\u0103zut\u0103:\u00a0<\/span><span class=\"property-desc line-limit-length\">Ja<\/span><\/li>\n<li class=\"product-prop line-limit-length\"><span class=\"property-title\">Func\u021bie de identificare a pulverizatorului:\u00a0<\/span><span class=\"property-desc line-limit-length\">Ja<\/span><\/li>\n<li class=\"product-prop line-limit-length\"><span class=\"property-title\">Moduri de ajustare TCR:\u00a0<\/span><span class=\"property-desc line-limit-length\">Nu<\/span><\/li>\n<li class=\"product-prop line-limit-length\"><span class=\"property-title\">Capacitate nominal\u0103:\u00a0<\/span><span class=\"property-desc line-limit-length\">Niciunul<\/span><\/li>\n<li class=\"product-prop line-limit-length\"><span class=\"property-title\">Material:\u00a0<\/span><span class=\"property-desc line-limit-length\">Plastic<\/span><\/li>\n<li class=\"product-prop line-limit-length\"><span class=\"property-title\">Model compatibil:\u00a0<\/span><span class=\"property-desc line-limit-length\">Moduri de configurare TCR: Nu<\/span><\/li>\n<li class=\"product-prop line-limit-length\"><span class=\"property-title\">Num\u0103r model:\u00a0<\/span><span class=\"property-desc line-limit-length\">Kit de unic\u0103 folosin\u021b\u0103 Eco<\/span><\/li>\n<li class=\"product-prop line-limit-length\"><span class=\"property-title\">\u00cenc\u0103rc\u0103tor USB:\u00a0<\/span><span class=\"property-desc line-limit-length\">Ja<\/span><\/li>\n<li class=\"product-prop line-limit-length\"><span class=\"property-title\">Actualizare firmware:\u00a0<\/span><span class=\"property-desc line-limit-length\">Nu<\/span><\/li>\n<li class=\"product-prop line-limit-length\"><span class=\"property-title\">Afi\u0219aj:\u00a0<\/span><span class=\"property-desc line-limit-length\">Nu<\/span><\/li>\n<li class=\"product-prop line-limit-length\"><span class=\"property-title\">Tip:\u00a0<\/span><span class=\"property-desc line-limit-length\">F\u0103r\u0103 Baterie<\/span><\/li>\n<li class=\"product-prop line-limit-length\"><span class=\"property-title\">Nume de marc\u0103:\u00a0<\/span><span class=\"property-desc line-limit-length\">vapor storm<\/span><\/li>\n<li class=\"product-prop line-limit-length\"><span class=\"property-title\">Origine:\u00a0<\/span><span class=\"property-desc line-limit-length\">CN (Origine)<\/span><\/li>\n<li class=\"product-prop line-limit-length\"><span class=\"property-title\">Culoare:\u00a0<\/span><span class=\"property-desc line-limit-length\">negru, alb, ro\u0219u, albastru, culoare graffiti<\/span><\/li>\n<li class=\"product-prop line-limit-length\"><span class=\"property-title\">Putere:\u00a0<\/span><span class=\"property-desc line-limit-length\">Maxim 90W Mod de bypass<\/span><\/li>\n<li class=\"product-prop line-limit-length\"><span class=\"property-title\">Rezervor atomizor:\u00a0<\/span><span class=\"property-desc line-limit-length\">Rezervor de unic\u0103 folosin\u021b\u0103 D11 de 3,5ml<\/span><\/li>\n<li class=\"product-prop line-limit-length\"><span class=\"property-title\">Rezisten\u021b\u0103:\u00a0<\/span><span class=\"property-desc line-limit-length\">Bobin\u0103 mesh de 0,16 ohmi<\/span><\/li>\n<li class=\"product-prop line-limit-length\"><span class=\"property-title\">Func\u021bie 1:\u00a0<\/span><span class=\"property-desc line-limit-length\">kit de \u021bigaret\u0103 electronic\u0103 de unic\u0103 folosin\u021b\u0103<\/span><\/li>\n<li class=\"product-prop line-limit-length\"><span class=\"property-title\">Func\u021bie 2:\u00a0<\/span><span class=\"property-desc line-limit-length\">mod de cutie de unic\u0103 folosin\u021b\u0103<\/span><\/li>\n<li class=\"product-prop line-limit-length\"><span class=\"property-title\">Func\u021bie 3:\u00a0<\/span><span class=\"property-desc line-limit-length\">Rezervor de reumplere pentru mod de vape<\/span><\/li>\n<\/ul>\n<\/div>\n<div class=\"detailmodule_html\">\n<div class=\"detail-desc-decorate-richtext\">\n<div class=\"detailmodule_dynamic\"><\/div>\n<div class=\"detailmodule_text\">\n<p id=\"tl_1\" class=\"detail-desc-decorate-title\" style=\"font-family: OpenSans; font-size: 20px; font-weight: 900; line-height: 28px; margin-bottom: 12px;\">Turn de vapori eco D11 3,5 ml rezervor de unic\u0103 folosin\u021b\u0103 pentru \u021bigaret\u0103 electronic\u0103 max 90w Graffiti Bypass Box Mod Kit de \u00eenceput pentru vape f\u0103r\u0103 baterie<\/p>\n<\/div>\n<div class=\"detailmodule_text\">\n<p id=\"tl_2\" class=\"detail-desc-decorate-title\" style=\"font-family: OpenSans; font-size: 20px; font-weight: 900; line-height: 28px; margin-bottom: 12px;\">Aten\u021bie:<\/p>\n<p id=\"tl_3\" class=\"detail-desc-decorate-content\" style=\"font-family: OpenSans; font-size: 14px; font-weight: 300; line-height: 20px; margin-bottom: 12px;\">1.<br \/>\nAcest rezervor D11 este un rezervor de unic\u0103 folosin\u021b\u0103, bobina nu este schimbabil\u0103. Acest rezervor poate fi umplut de aproximativ 10 ori, apoi trebuie s\u0103 schimba\u021bi alt rezervor. Astfel, suger\u0103m s\u0103 cump\u0103ra\u021bi mai multe rezervoare D11 \u00eempreun\u0103.<br \/>\n2.<br \/>\nAcest kit are bateria deta\u0219abil\u0103. F\u0103r\u0103 baterie 18650 inclus\u0103. Este recomandat s\u0103 cump\u0103ra\u021bi singur o baterie 18650 (sony VTC4\/VTC5, LG HE2 etc).<br \/>\nAsigura\u021bi-v\u0103 c\u0103 curentul de desc\u0103rcare continuu &gt;= 30A<br \/>\n3.<br \/>\n\u0218i fiecare imagine de acoperire este unic\u0103, astfel \u00eenc\u00e2t ve\u021bi primi toate modurile de culori diferite.<br \/>\nModul corpului din fa\u021b\u0103 \u0219i din spate sunt dou\u0103 imagini diferite.<\/p>\n<\/div>\n<div class=\"detailmodule_text\">\n<p id=\"tl_4\" class=\"detail-desc-decorate-title\" style=\"font-family: OpenSans; font-size: 20px; font-weight: 900; line-height: 28px; margin-bottom: 12px;\">Mod Eco:<\/p>\n<p id=\"tl_5\" class=\"detail-desc-decorate-content\" style=\"font-family: OpenSans; font-size: 14px; font-weight: 300; line-height: 20px; margin-bottom: 12px;\">Dimensiune: 40mm (lungime) * 24mm (l\u0103\u021bime) * 82mm (\u00een\u0103l\u021bime)<br \/>\nGreutate net\u0103: 46g<br \/>\nMaterial: abs<br \/>\nPutere: 90w (max)<br \/>\nFilet: 510<br \/>\nInterval de tensiune: 3,3 V-4,2 V<br \/>\nTensiune de ie\u0219ire: 0-4,2 V<br \/>\nRezisten\u021ba bobinei: &gt;= 0,09 ohmi<br \/>\nTimp de vape continuu: 10 secunde<br \/>\nCurentul \u00een standby: &lt;5uA<br \/>\n\u00cenc\u0103rcare curent: 750mA<\/p>\n<\/div>\n<div class=\"detailmodule_text\">\n<p id=\"tl_6\" class=\"detail-desc-decorate-title\" style=\"font-family: OpenSans; font-size: 20px; font-weight: 900; line-height: 28px; margin-bottom: 12px;\">D11 de unic\u0103 folosin\u021b\u0103<\/p>\n<p id=\"tl_7\" class=\"detail-desc-decorate-content\" style=\"font-family: OpenSans; font-size: 14px; font-weight: 300; line-height: 20px; margin-bottom: 12px;\">Material: plastic \u0219i metal<br \/>\nDiametru: 24mm<br \/>\n\u00cen\u0103l\u021bime: 44,5mm<br \/>\nCapacitate rezervor: 3,5 ml<br \/>\nRezisten\u021b\u0103 bobin\u0103: 0,16 Ohm<br \/>\nStructura bobinei: Bobin\u0103 cu plas\u0103<br \/>\nTip filet: filet 510<\/p>\n<\/div>\n<div class=\"detailmodule_text\">\n<p id=\"tl_8\" class=\"detail-desc-decorate-title\" style=\"font-family: OpenSans; font-size: 20px; font-weight: 900; line-height: 28px; margin-bottom: 12px;\">Pachet:<\/p>\n<p id=\"tl_9\" class=\"detail-desc-decorate-content\" style=\"font-family: OpenSans; font-size: 14px; font-weight: 300; line-height: 20px; margin-bottom: 12px;\">1x mod eco box (f\u0103r\u0103 baterie)<br \/>\n1x rezervor D11<br \/>\n1x \u00eenc\u0103rc\u0103tor USB<br \/>\n1x manual de utilizare<\/p>\n<\/div>\n<div class=\"detailmodule_text-image\">\n<p id=\"tl_10\" class=\"detail-desc-decorate-title\" style=\"font-family: OpenSans; font-size: 20px; font-weight: 900; line-height: 28px; margin-bottom: 12px;\">Afi\u0219are produse<\/p>\n<div><img decoding=\"async\" loading=\"lazy\" class=\"detail-desc-decorate-image\" src=\"https:\/\/ae01.alicdn.com\/kf\/H109e9808e54e44db9ac06bd2becf2f76Z.jpg\" \/><br \/>\n<img decoding=\"async\" loading=\"lazy\" class=\"detail-desc-decorate-image\" src=\"https:\/\/ae01.alicdn.com\/kf\/Hffa3d5e33e3149a583fb82936390e68ar.jpg\" \/><br \/>\n<img decoding=\"async\" loading=\"lazy\" class=\"detail-desc-decorate-image\" src=\"https:\/\/ae01.alicdn.com\/kf\/Hbab5f06e4bfa4f43bd5331279b92ce67V.jpg\" \/><br \/>\n<img decoding=\"async\" loading=\"lazy\" class=\"detail-desc-decorate-image\" src=\"https:\/\/ae01.alicdn.com\/kf\/H4dd8d410c64e453d815c32773c0661efr.jpg\" \/><br \/>\n<img decoding=\"async\" loading=\"lazy\" class=\"detail-desc-decorate-image\" src=\"https:\/\/ae01.alicdn.com\/kf\/H57f2b7a6917647f3ae98de33a66b4148Q.jpg\" \/><br \/>\n<img decoding=\"async\" loading=\"lazy\" class=\"detail-desc-decorate-image\" src=\"https:\/\/ae01.alicdn.com\/kf\/H9c7a70db749a4fee90c70fbdf7a18225Z.jpg\" \/><br \/>\n<img decoding=\"async\" loading=\"lazy\" class=\"detail-desc-decorate-image\" src=\"https:\/\/ae01.alicdn.com\/kf\/H374fecbc32b2411d87ded94f62563491z.jpg\" \/><br \/>\n<img decoding=\"async\" loading=\"lazy\" class=\"detail-desc-decorate-image\" src=\"https:\/\/ae01.alicdn.com\/kf\/H43772e11e7c04123bac1449f5daf26ab2.jpg\" \/><br \/>\n<img decoding=\"async\" loading=\"lazy\" class=\"detail-desc-decorate-image\" src=\"https:\/\/ae01.alicdn.com\/kf\/H7dbaa1ade38649dfb9bd6577da2330ebH.jpg\" \/><br \/>\n<img decoding=\"async\" loading=\"lazy\" class=\"detail-desc-decorate-image\" src=\"https:\/\/ae01.alicdn.com\/kf\/Hba549657a43041e8b18b92ba84751e9bV.jpg\" \/><\/div>\n<\/div>\n<div class=\"detailmodule_text-image\"><\/div>\n<p>&nbsp;<\/p>\n<\/div>\n<\/div>","protected":false},"excerpt":{"rendered":"<p>&nbsp; Aussehen:\u00a0Box Form Kompatibler Akku:\u00a018650 \u00dcberwachung Funktion Von Rauchen Anzahl:\u00a0Nein Silikon Fall:\u00a0Nein Temperaturregelung:\u00a0Nein Eingebaute Oder Externe Batterie:\u00a0External Kurzschlussschutz Funktion:\u00a0Ja \u00dcberhitzungsschutz-funktion:\u00a0Ja Niederspannungsalarmfunktion:\u00a0Ja Zerst\u00e4uber Identifikation Funktion:\u00a0Ja TCR Einstellung Modi:\u00a0Nein Nominale Kapazit\u00e4t:\u00a0Kein Material:\u00a0Plastik Compatible Model:\u00a0RDA RBA RDTA Modellnummer:\u00a0Eco Disposable Kit Usb-ladeger\u00e4t:\u00a0Ja Firmware-upgrade:\u00a0Nein Display:\u00a0Nein Art:\u00a0Ohne Batterie Markenname:\u00a0vapor storm Ursprung:\u00a0CN (Herkunft) Color:\u00a0black, white, red ,blue,Graffiti color Power:\u00a0Max 90W Bypass Mode [&hellip;]<\/p>","protected":false},"featured_media":7712,"template":"","meta":{"inline_featured_image":false},"product_cat":[78,750,737,736,749],"product_tag":[],"tiered_pricing_type":"fixed","tiered_pricing_fixed_rules":[],"tiered_pricing_percentage_rules":[],"tiered_pricing_minimum":1,"_administrator_tiered_pricing_type":"fixed","_administrator_tiered_pricing_fixed_rules":[],"_editor_tiered_pricing_type":"fixed","_editor_tiered_pricing_fixed_rules":[],"_author_tiered_pricing_type":"fixed","_author_tiered_pricing_fixed_rules":[],"_contributor_tiered_pricing_type":"fixed","_contributor_tiered_pricing_fixed_rules":[],"_subscriber_tiered_pricing_type":"fixed","_subscriber_tiered_pricing_fixed_rules":[],"_customer_tiered_pricing_type":"fixed","_customer_tiered_pricing_fixed_rules":[],"_shop_manager_tiered_pricing_type":"fixed","_shop_manager_tiered_pricing_fixed_rules":[],"_wpseo_manager_tiered_pricing_type":"fixed","_wpseo_manager_tiered_pricing_fixed_rules":[],"_wpseo_editor_tiered_pricing_type":"fixed","_wpseo_editor_tiered_pricing_fixed_rules":[],"_wholesale_customer_tiered_pricing_type":"fixed","_wholesale_customer_tiered_pricing_fixed_rules":[],"_marketer_tiered_pricing_type":"fixed","_marketer_tiered_pricing_fixed_rules":[],"_sales_manager_tiered_pricing_type":"fixed","_sales_manager_tiered_pricing_fixed_rules":[],"_sales_rep_tiered_pricing_type":"fixed","_sales_rep_tiered_pricing_fixed_rules":[],"yoast_head":"<!-- This site is optimized with the Yoast SEO plugin v23.3 - https:\/\/yoast.com\/wordpress\/plugins\/seo\/ -->\n<title>Vapor Storm ECO Einwegdose Mod Vape 510 Starter Kit | ElementVape.de<\/title>\n<meta name=\"description\" content=\"Wir bieten Vapor Storm ECO Einwegdose Mod Vape 510 Starter Kit , Elementvape.de akzeptieren Gro\u00df-und Einzelhandel Bestellungen.\" \/>\n<meta name=\"robots\" content=\"index, follow, max-snippet:-1, max-image-preview:large, max-video-preview:-1\" \/>\n<link rel=\"canonical\" href=\"https:\/\/www.elementvape.de\/ro\/produkt\/vapor-storm-eco-einwegdose-mod-vape-510-starter-kit\/\" \/>\n<meta property=\"og:locale\" content=\"ro_RO\" \/>\n<meta property=\"og:type\" content=\"article\" \/>\n<meta property=\"og:title\" content=\"Vapor Storm ECO Einwegdose Mod Vape 510 Starter Kit | ElementVape.de\" \/>\n<meta property=\"og:description\" content=\"Wir bieten Vapor Storm ECO Einwegdose Mod Vape 510 Starter Kit , Elementvape.de akzeptieren Gro\u00df-und Einzelhandel Bestellungen.\" \/>\n<meta property=\"og:url\" content=\"https:\/\/www.elementvape.de\/ro\/produkt\/vapor-storm-eco-einwegdose-mod-vape-510-starter-kit\/\" \/>\n<meta property=\"og:site_name\" content=\"ElementVape.de\" \/>\n<meta property=\"article:modified_time\" content=\"2024-09-12T10:32:15+00:00\" \/>\n<meta property=\"og:image\" content=\"https:\/\/ae01.alicdn.com\/kf\/S924f462b6369484ea4737e15f327c03fy\/Dampf-Storm-ECO-Einweg-Tank-D11-3-5-ml-Elektronische-Zigarette-Max-90w-Graffiti-Bypass-Box.jpg\" \/>\n\t<meta property=\"og:image:width\" content=\"800\" \/>\n\t<meta property=\"og:image:height\" content=\"800\" \/>\n\t<meta property=\"og:image:type\" content=\"image\/jpeg\" \/>\n<meta name=\"twitter:card\" content=\"summary_large_image\" \/>\n<meta name=\"twitter:label1\" content=\"Est. reading time\" \/>\n\t<meta name=\"twitter:data1\" content=\"4 minute\" \/>\n<script type=\"application\/ld+json\" class=\"yoast-schema-graph\">{\"@context\":\"https:\/\/schema.org\",\"@graph\":[{\"@type\":\"WebPage\",\"@id\":\"https:\/\/www.elementvape.de\/produkt\/vapor-storm-eco-einwegdose-mod-vape-510-starter-kit\/\",\"url\":\"https:\/\/www.elementvape.de\/produkt\/vapor-storm-eco-einwegdose-mod-vape-510-starter-kit\/\",\"name\":\"Vapor Storm ECO Einwegdose Mod Vape 510 Starter Kit | ElementVape.de\",\"isPartOf\":{\"@id\":\"https:\/\/www.elementvape.de\/#website\"},\"primaryImageOfPage\":{\"@id\":\"https:\/\/www.elementvape.de\/produkt\/vapor-storm-eco-einwegdose-mod-vape-510-starter-kit\/#primaryimage\"},\"image\":{\"@id\":\"https:\/\/www.elementvape.de\/produkt\/vapor-storm-eco-einwegdose-mod-vape-510-starter-kit\/#primaryimage\"},\"thumbnailUrl\":\"https:\/\/ae01.alicdn.com\/kf\/S924f462b6369484ea4737e15f327c03fy\/Dampf-Storm-ECO-Einweg-Tank-D11-3-5-ml-Elektronische-Zigarette-Max-90w-Graffiti-Bypass-Box.jpg\",\"datePublished\":\"2024-04-20T07:29:29+00:00\",\"dateModified\":\"2024-09-12T10:32:15+00:00\",\"description\":\"Wir bieten Vapor Storm ECO Einwegdose Mod Vape 510 Starter Kit , Elementvape.de akzeptieren Gro\u00df-und Einzelhandel Bestellungen.\",\"breadcrumb\":{\"@id\":\"https:\/\/www.elementvape.de\/produkt\/vapor-storm-eco-einwegdose-mod-vape-510-starter-kit\/#breadcrumb\"},\"inLanguage\":\"ro-RO\",\"potentialAction\":[{\"@type\":\"ReadAction\",\"target\":[\"https:\/\/www.elementvape.de\/produkt\/vapor-storm-eco-einwegdose-mod-vape-510-starter-kit\/\"]}]},{\"@type\":\"ImageObject\",\"inLanguage\":\"ro-RO\",\"@id\":\"https:\/\/www.elementvape.de\/produkt\/vapor-storm-eco-einwegdose-mod-vape-510-starter-kit\/#primaryimage\",\"url\":\"https:\/\/ae01.alicdn.com\/kf\/S924f462b6369484ea4737e15f327c03fy\/Dampf-Storm-ECO-Einweg-Tank-D11-3-5-ml-Elektronische-Zigarette-Max-90w-Graffiti-Bypass-Box.jpg\",\"contentUrl\":\"https:\/\/ae01.alicdn.com\/kf\/S924f462b6369484ea4737e15f327c03fy\/Dampf-Storm-ECO-Einweg-Tank-D11-3-5-ml-Elektronische-Zigarette-Max-90w-Graffiti-Bypass-Box.jpg\",\"width\":800,\"height\":800},{\"@type\":\"BreadcrumbList\",\"@id\":\"https:\/\/www.elementvape.de\/produkt\/vapor-storm-eco-einwegdose-mod-vape-510-starter-kit\/#breadcrumb\",\"itemListElement\":[{\"@type\":\"ListItem\",\"position\":1,\"name\":\"Home\",\"item\":\"https:\/\/www.elementvape.de\/\"},{\"@type\":\"ListItem\",\"position\":2,\"name\":\"Shop\",\"item\":\"https:\/\/www.elementvape.de\/shop\/\"},{\"@type\":\"ListItem\",\"position\":3,\"name\":\"Vapor Storm ECO Einwegdose Mod Vape 510 Starter Kit\"}]},{\"@type\":\"WebSite\",\"@id\":\"https:\/\/www.elementvape.de\/#website\",\"url\":\"https:\/\/www.elementvape.de\/\",\"name\":\"ElementVape.de\",\"description\":\"\",\"publisher\":{\"@id\":\"https:\/\/www.elementvape.de\/#organization\"},\"potentialAction\":[{\"@type\":\"SearchAction\",\"target\":{\"@type\":\"EntryPoint\",\"urlTemplate\":\"https:\/\/www.elementvape.de\/?s={search_term_string}\"},\"query-input\":\"required name=search_term_string\"}],\"inLanguage\":\"ro-RO\"},{\"@type\":\"Organization\",\"@id\":\"https:\/\/www.elementvape.de\/#organization\",\"name\":\"ElementVape.DE\",\"url\":\"https:\/\/www.elementvape.de\/\",\"logo\":{\"@type\":\"ImageObject\",\"inLanguage\":\"ro-RO\",\"@id\":\"https:\/\/www.elementvape.de\/#\/schema\/logo\/image\/\",\"url\":\"https:\/\/www.elementvape.de\/wp-content\/uploads\/2024\/09\/cropped-1elementvape-3.png\",\"contentUrl\":\"https:\/\/www.elementvape.de\/wp-content\/uploads\/2024\/09\/cropped-1elementvape-3.png\",\"width\":285,\"height\":228,\"caption\":\"ElementVape.DE\"},\"image\":{\"@id\":\"https:\/\/www.elementvape.de\/#\/schema\/logo\/image\/\"}}]}<\/script>\n<!-- \/ Yoast SEO plugin. -->","yoast_head_json":{"title":"Vapor Storm ECO Einwegdose Mod Vape 510 Starter Kit | ElementVape.de","description":"Wir bieten Vapor Storm ECO Einwegdose Mod Vape 510 Starter Kit , Elementvape.de akzeptieren Gro\u00df-und Einzelhandel Bestellungen.","robots":{"index":"index","follow":"follow","max-snippet":"max-snippet:-1","max-image-preview":"max-image-preview:large","max-video-preview":"max-video-preview:-1"},"canonical":"https:\/\/www.elementvape.de\/ro\/produkt\/vapor-storm-eco-einwegdose-mod-vape-510-starter-kit\/","og_locale":"ro_RO","og_type":"article","og_title":"Vapor Storm ECO Einwegdose Mod Vape 510 Starter Kit | ElementVape.de","og_description":"Wir bieten Vapor Storm ECO Einwegdose Mod Vape 510 Starter Kit , Elementvape.de akzeptieren Gro\u00df-und Einzelhandel Bestellungen.","og_url":"https:\/\/www.elementvape.de\/ro\/produkt\/vapor-storm-eco-einwegdose-mod-vape-510-starter-kit\/","og_site_name":"ElementVape.de","article_modified_time":"2024-09-12T10:32:15+00:00","og_image":[{"width":800,"height":800,"url":"https:\/\/ae01.alicdn.com\/kf\/S924f462b6369484ea4737e15f327c03fy\/Dampf-Storm-ECO-Einweg-Tank-D11-3-5-ml-Elektronische-Zigarette-Max-90w-Graffiti-Bypass-Box.jpg","type":"image\/jpeg"}],"twitter_card":"summary_large_image","twitter_misc":{"Est. reading time":"4 minute"},"schema":{"@context":"https:\/\/schema.org","@graph":[{"@type":"WebPage","@id":"https:\/\/www.elementvape.de\/produkt\/vapor-storm-eco-einwegdose-mod-vape-510-starter-kit\/","url":"https:\/\/www.elementvape.de\/produkt\/vapor-storm-eco-einwegdose-mod-vape-510-starter-kit\/","name":"Vapor Storm ECO Einwegdose Mod Vape 510 Starter Kit | ElementVape.de","isPartOf":{"@id":"https:\/\/www.elementvape.de\/#website"},"primaryImageOfPage":{"@id":"https:\/\/www.elementvape.de\/produkt\/vapor-storm-eco-einwegdose-mod-vape-510-starter-kit\/#primaryimage"},"image":{"@id":"https:\/\/www.elementvape.de\/produkt\/vapor-storm-eco-einwegdose-mod-vape-510-starter-kit\/#primaryimage"},"thumbnailUrl":"https:\/\/ae01.alicdn.com\/kf\/S924f462b6369484ea4737e15f327c03fy\/Dampf-Storm-ECO-Einweg-Tank-D11-3-5-ml-Elektronische-Zigarette-Max-90w-Graffiti-Bypass-Box.jpg","datePublished":"2024-04-20T07:29:29+00:00","dateModified":"2024-09-12T10:32:15+00:00","description":"Wir bieten Vapor Storm ECO Einwegdose Mod Vape 510 Starter Kit , Elementvape.de akzeptieren Gro\u00df-und Einzelhandel Bestellungen.","breadcrumb":{"@id":"https:\/\/www.elementvape.de\/produkt\/vapor-storm-eco-einwegdose-mod-vape-510-starter-kit\/#breadcrumb"},"inLanguage":"ro-RO","potentialAction":[{"@type":"ReadAction","target":["https:\/\/www.elementvape.de\/produkt\/vapor-storm-eco-einwegdose-mod-vape-510-starter-kit\/"]}]},{"@type":"ImageObject","inLanguage":"ro-RO","@id":"https:\/\/www.elementvape.de\/produkt\/vapor-storm-eco-einwegdose-mod-vape-510-starter-kit\/#primaryimage","url":"https:\/\/ae01.alicdn.com\/kf\/S924f462b6369484ea4737e15f327c03fy\/Dampf-Storm-ECO-Einweg-Tank-D11-3-5-ml-Elektronische-Zigarette-Max-90w-Graffiti-Bypass-Box.jpg","contentUrl":"https:\/\/ae01.alicdn.com\/kf\/S924f462b6369484ea4737e15f327c03fy\/Dampf-Storm-ECO-Einweg-Tank-D11-3-5-ml-Elektronische-Zigarette-Max-90w-Graffiti-Bypass-Box.jpg","width":800,"height":800},{"@type":"BreadcrumbList","@id":"https:\/\/www.elementvape.de\/produkt\/vapor-storm-eco-einwegdose-mod-vape-510-starter-kit\/#breadcrumb","itemListElement":[{"@type":"ListItem","position":1,"name":"Home","item":"https:\/\/www.elementvape.de\/"},{"@type":"ListItem","position":2,"name":"Shop","item":"https:\/\/www.elementvape.de\/shop\/"},{"@type":"ListItem","position":3,"name":"Vapor Storm ECO Einwegdose Mod Vape 510 Starter Kit"}]},{"@type":"WebSite","@id":"https:\/\/www.elementvape.de\/#website","url":"https:\/\/www.elementvape.de\/","name":"ElementVape.de","description":"","publisher":{"@id":"https:\/\/www.elementvape.de\/#organization"},"potentialAction":[{"@type":"SearchAction","target":{"@type":"EntryPoint","urlTemplate":"https:\/\/www.elementvape.de\/?s={search_term_string}"},"query-input":"required name=search_term_string"}],"inLanguage":"ro-RO"},{"@type":"Organization","@id":"https:\/\/www.elementvape.de\/#organization","name":"ElementVape.DE","url":"https:\/\/www.elementvape.de\/","logo":{"@type":"ImageObject","inLanguage":"ro-RO","@id":"https:\/\/www.elementvape.de\/#\/schema\/logo\/image\/","url":"https:\/\/www.elementvape.de\/wp-content\/uploads\/2024\/09\/cropped-1elementvape-3.png","contentUrl":"https:\/\/www.elementvape.de\/wp-content\/uploads\/2024\/09\/cropped-1elementvape-3.png","width":285,"height":228,"caption":"ElementVape.DE"},"image":{"@id":"https:\/\/www.elementvape.de\/#\/schema\/logo\/image\/"}}]}},"_links":{"self":[{"href":"https:\/\/www.elementvape.de\/ro\/wp-json\/wp\/v2\/product\/7711"}],"collection":[{"href":"https:\/\/www.elementvape.de\/ro\/wp-json\/wp\/v2\/product"}],"about":[{"href":"https:\/\/www.elementvape.de\/ro\/wp-json\/wp\/v2\/types\/product"}],"wp:featuredmedia":[{"embeddable":true,"href":"https:\/\/www.elementvape.de\/ro\/wp-json\/wp\/v2\/media\/7712"}],"wp:attachment":[{"href":"https:\/\/www.elementvape.de\/ro\/wp-json\/wp\/v2\/media?parent=7711"}],"wp:term":[{"taxonomy":"product_cat","embeddable":true,"href":"https:\/\/www.elementvape.de\/ro\/wp-json\/wp\/v2\/product_cat?post=7711"},{"taxonomy":"product_tag","embeddable":true,"href":"https:\/\/www.elementvape.de\/ro\/wp-json\/wp\/v2\/product_tag?post=7711"}],"curies":[{"name":"wp","href":"https:\/\/api.w.org\/{rel}","templated":true}]}}