{"id":7375,"date":"2024-04-20T06:43:29","date_gmt":"2024-04-20T06:43:29","guid":{"rendered":"https:\/\/www.elementvape.de\/?post_type=product&#038;p=7375"},"modified":"2024-09-12T10:32:33","modified_gmt":"2024-09-12T10:32:33","slug":"muha-meds-vape-pen-20-ml-wiederaufladbare-verdampfer-kartusche","status":"publish","type":"product","link":"https:\/\/www.elementvape.de\/ro\/produkt\/muha-meds-vape-pen-20-ml-wiederaufladbare-verdampfer-kartusche\/","title":{"rendered":"Stilou Muha Meds Vape 2,0 ml cartu\u0219 de vaporizator re\u00eenc\u0103rcabil"},"content":{"rendered":"<p>&nbsp;<\/p>\n<div class=\"product-specs-list-container\">\n<ul class=\"product-specs-list util-clearfix\">\n<li class=\"product-prop line-limit-length\"><span class=\"property-title\">Aspect:\u00a0<\/span><span class=\"property-desc line-limit-length\">Form\u0103 de cutie<\/span><\/li>\n<li class=\"product-prop line-limit-length\"><span class=\"property-title\">Baterie compatibil\u0103:\u00a0<\/span><span class=\"property-desc line-limit-length\">18350<\/span><\/li>\n<li class=\"product-prop line-limit-length\"><span class=\"property-title\">Func\u021bie de monitorizare a num\u0103rului de fum:\u00a0<\/span><span class=\"property-desc line-limit-length\">Nu<\/span><\/li>\n<li class=\"product-prop line-limit-length\"><span class=\"property-title\">Carcas\u0103 din silicon:\u00a0<\/span><span class=\"property-desc line-limit-length\">Nu<\/span><\/li>\n<li class=\"product-prop line-limit-length\"><span class=\"property-title\">Reglare temperatur\u0103:\u00a0<\/span><span class=\"property-desc line-limit-length\">Nu<\/span><\/li>\n<li class=\"product-prop line-limit-length\"><span class=\"property-title\">Baterie \u00eencorporat\u0103 sau extern\u0103:\u00a0<\/span><span class=\"property-desc line-limit-length\">\u00cencorporat\u0103<\/span><\/li>\n<li class=\"product-prop line-limit-length\"><span class=\"property-title\">Func\u021bie de protec\u021bie la scurtcircuit:\u00a0<\/span><span class=\"property-desc line-limit-length\">Ja<\/span><\/li>\n<li class=\"product-prop line-limit-length\"><span class=\"property-title\">Func\u021bie de protec\u021bie \u00eempotriva supra\u00eenc\u0103lzirii:\u00a0<\/span><span class=\"property-desc line-limit-length\">Nu<\/span><\/li>\n<li class=\"product-prop line-limit-length\"><span class=\"property-title\">Func\u021bie de alarm\u0103 pentru tensiune sc\u0103zut\u0103:\u00a0<\/span><span class=\"property-desc line-limit-length\">Nu<\/span><\/li>\n<li class=\"product-prop line-limit-length\"><span class=\"property-title\">Func\u021bie de identificare a pulverizatorului:\u00a0<\/span><span class=\"property-desc line-limit-length\">Nu<\/span><\/li>\n<li class=\"product-prop line-limit-length\"><span class=\"property-title\">Moduri de ajustare TCR:\u00a0<\/span><span class=\"property-desc line-limit-length\">Nu<\/span><\/li>\n<li class=\"product-prop line-limit-length\"><span class=\"property-title\">Capacitate nominal\u0103:\u00a0<\/span><span class=\"property-desc line-limit-length\">&lt;700 mAh<\/span><\/li>\n<li class=\"product-prop line-limit-length\"><span class=\"property-title\">Material:\u00a0<\/span><span class=\"property-desc line-limit-length\">Plastic<\/span><\/li>\n<li class=\"product-prop line-limit-length\"><span class=\"property-title\">Model compatibil:\u00a0<\/span><span class=\"property-desc line-limit-length\">Ulei gros<\/span><\/li>\n<li class=\"product-prop line-limit-length\"><span class=\"property-title\">Num\u0103r model:\u00a0<\/span><span class=\"property-desc line-limit-length\">Pixuri Vape Muha Meds<\/span><\/li>\n<li class=\"product-prop line-limit-length\"><span class=\"property-title\">\u00cenc\u0103rc\u0103tor USB:\u00a0<\/span><span class=\"property-desc line-limit-length\">Ja<\/span><\/li>\n<li class=\"product-prop line-limit-length\"><span class=\"property-title\">Actualizare firmware:\u00a0<\/span><span class=\"property-desc line-limit-length\">Nu<\/span><\/li>\n<li class=\"product-prop line-limit-length\"><span class=\"property-title\">Afi\u0219aj:\u00a0<\/span><span class=\"property-desc line-limit-length\">Nu<\/span><\/li>\n<li class=\"product-prop line-limit-length\"><span class=\"property-title\">Tip:\u00a0<\/span><span class=\"property-desc line-limit-length\">de unic\u0103 folosin\u021b\u0103<\/span><\/li>\n<li class=\"product-prop line-limit-length\"><span class=\"property-title\">Nume de marc\u0103:\u00a0<\/span><span class=\"property-desc line-limit-length\">SUB DOU\u0102<\/span><\/li>\n<li class=\"product-prop line-limit-length\"><span class=\"property-title\">Origine:\u00a0<\/span><span class=\"property-desc line-limit-length\">CN (Origine)<\/span><\/li>\n<li class=\"product-prop line-limit-length\"><span class=\"property-title\">Dimensiune:\u00a0<\/span><span class=\"property-desc line-limit-length\">16 x 16 x 104mm<\/span><\/li>\n<li class=\"product-prop line-limit-length\"><span class=\"property-title\">Capacitate:\u00a0<\/span><span class=\"property-desc line-limit-length\">2,0ml<\/span><\/li>\n<li class=\"product-prop line-limit-length\"><span class=\"property-title\">Rezisten\u021b\u0103:\u00a0<\/span><span class=\"property-desc line-limit-length\">1.2\u03a9<\/span><\/li>\n<li class=\"product-prop line-limit-length\"><span class=\"property-title\">Op\u021bional:\u00a0<\/span><span class=\"property-desc line-limit-length\">10 Culori disponibile<\/span><\/li>\n<li class=\"product-prop line-limit-length\"><span class=\"property-title\">Utilizare pentru:\u00a0<\/span><span class=\"property-desc line-limit-length\">ulei gros<\/span><\/li>\n<\/ul>\n<\/div>\n<div class=\"detailmodule_html\">\n<div class=\"detail-desc-decorate-richtext\">\n<div style=\"text-align: center;\"><span id=\"tl_1\" style=\"font-size: 20px;\">Pix Vape Muha Meds 2,0 ml dispozitiv de vapare, ulei gros, bobin\u0103 ceramic\u0103, compartiment gol pentru \u021bigaret\u0103 electronic\u0103, 320mAh re\u00eenc\u0103rcabil, vaporizator, cartu\u0219e pentru vaporizator<\/span><\/div>\n<div><span id=\"tl_2\" style=\"font-size: 20px;\"><\/p>\n<p>Specifica\u021bii:<\/span><br \/>\n<span id=\"tl_3\" style=\"font-size: 16px;\"><br \/>\nDimensiuni: 63.5*22*12,3mm<br \/>\nBaterie: 320mAh<br \/>\nCapacitate rezervor: 2,0 ml<br \/>\nMaterial rezervor: pctg<br \/>\nBobin\u0103 de \u00eenc\u0103lzire: bobin\u0103 ceramic\u0103<br \/>\nRezisten\u021b\u0103: 1.4\u03a9<br \/>\nConexiune de \u00eenc\u0103rcare: micro USB<br \/>\nLumin\u0103 LED: alb\/albastru<\/span><\/p>\n<p><span style=\"font-size: 20px;\"><span id=\"tl_4\" style=\"background-color: #e74c3c;\">Produsul este gol \u0219i nu con\u021bine lichid<\/span><\/span><\/p>\n<p><img decoding=\"async\" loading=\"lazy\" src=\"https:\/\/ae01.alicdn.com\/kf\/Sf178b02f21d84fa08b760fe03eaa7f634.jpg?width=800&amp;height=800&amp;hash=1600\" \/><br \/>\n<img decoding=\"async\" loading=\"lazy\" src=\"https:\/\/ae01.alicdn.com\/kf\/S79cd11f8ac2445a7994395704a38b1b6h.jpg?width=800&amp;height=800&amp;hash=1600\" \/><br \/>\n<img decoding=\"async\" loading=\"lazy\" src=\"https:\/\/ae01.alicdn.com\/kf\/S851c01a54e7d402ba4471ae453b4f8e6a.jpg?width=800&amp;height=800&amp;hash=1600\" \/><br \/>\n<img decoding=\"async\" loading=\"lazy\" src=\"https:\/\/ae01.alicdn.com\/kf\/Sfe3714ac70844205b0dda29b92ca2ca46.jpg?width=800&amp;height=800&amp;hash=1600\" \/><br \/>\n<img decoding=\"async\" loading=\"lazy\" src=\"https:\/\/ae01.alicdn.com\/kf\/Sc1c828213e154f4987c8f6981bf70cafZ.jpg?width=800&amp;height=800&amp;hash=1600\" \/><br \/>\n<img decoding=\"async\" loading=\"lazy\" src=\"https:\/\/ae01.alicdn.com\/kf\/S1197f074143e474182c57175e040d2acl.jpg?width=800&amp;height=800&amp;hash=1600\" \/><br \/>\n<img decoding=\"async\" loading=\"lazy\" src=\"https:\/\/ae01.alicdn.com\/kf\/S14b00ccf186e4ebd9139869f4e478d9bB.jpg?width=800&amp;height=800&amp;hash=1600\" \/><br \/>\n<img decoding=\"async\" loading=\"lazy\" src=\"https:\/\/ae01.alicdn.com\/kf\/S8ebc525af74c47328baae910a320f8888.jpg?width=800&amp;height=800&amp;hash=1600\" \/><\/div>\n<\/div>\n<\/div>","protected":false},"excerpt":{"rendered":"<p>&nbsp; Aussehen:\u00a0Box Form Kompatibler Akku:\u00a018350 \u00dcberwachung Funktion Von Rauchen Anzahl:\u00a0Nein Silikon Fall:\u00a0Nein Temperaturregelung:\u00a0Nein Eingebaute Oder Externe Batterie:\u00a0Eingebaute Kurzschlussschutz Funktion:\u00a0Ja \u00dcberhitzungsschutz-funktion:\u00a0Nein Niederspannungsalarmfunktion:\u00a0Nein Zerst\u00e4uber Identifikation Funktion:\u00a0Nein TCR Einstellung Modi:\u00a0Nein Nominale Kapazit\u00e4t:\u00a0&lt;700 mAh Material:\u00a0Plastik Compatible Model:\u00a0Thick Oil Modellnummer:\u00a0Muha Meds Vape Pens Usb-ladeger\u00e4t:\u00a0Ja Firmware-upgrade:\u00a0Nein Display:\u00a0Nein Art:\u00a0disposable Markenname:\u00a0SUB TWO Ursprung:\u00a0CN (Herkunft) Size:\u00a016 x 16 x 104mm Capacity:\u00a02.0ml Resistance:\u00a01.2\u03a9 Optional:\u00a010 Available [&hellip;]<\/p>","protected":false},"featured_media":7377,"template":"","meta":{"inline_featured_image":false},"product_cat":[78,750,737,736,749,76],"product_tag":[],"tiered_pricing_type":"fixed","tiered_pricing_fixed_rules":[],"tiered_pricing_percentage_rules":[],"tiered_pricing_minimum":1,"_administrator_tiered_pricing_type":"fixed","_administrator_tiered_pricing_fixed_rules":[],"_editor_tiered_pricing_type":"fixed","_editor_tiered_pricing_fixed_rules":[],"_author_tiered_pricing_type":"fixed","_author_tiered_pricing_fixed_rules":[],"_contributor_tiered_pricing_type":"fixed","_contributor_tiered_pricing_fixed_rules":[],"_subscriber_tiered_pricing_type":"fixed","_subscriber_tiered_pricing_fixed_rules":[],"_customer_tiered_pricing_type":"fixed","_customer_tiered_pricing_fixed_rules":[],"_shop_manager_tiered_pricing_type":"fixed","_shop_manager_tiered_pricing_fixed_rules":[],"_wpseo_manager_tiered_pricing_type":"fixed","_wpseo_manager_tiered_pricing_fixed_rules":[],"_wpseo_editor_tiered_pricing_type":"fixed","_wpseo_editor_tiered_pricing_fixed_rules":[],"_wholesale_customer_tiered_pricing_type":"fixed","_wholesale_customer_tiered_pricing_fixed_rules":[],"_marketer_tiered_pricing_type":"fixed","_marketer_tiered_pricing_fixed_rules":[],"_sales_manager_tiered_pricing_type":"fixed","_sales_manager_tiered_pricing_fixed_rules":[],"_sales_rep_tiered_pricing_type":"fixed","_sales_rep_tiered_pricing_fixed_rules":[],"yoast_head":"<!-- This site is optimized with the Yoast SEO plugin v23.3 - https:\/\/yoast.com\/wordpress\/plugins\/seo\/ -->\n<title>Muha Meds Vape Pen 2,0 ml wiederaufladbare Verdampfer kartusche | ElementVape.de<\/title>\n<meta name=\"description\" content=\"Wir bieten Muha Meds Vape Pen 2,0 ml wiederaufladbare Verdampfer kartusche , Elementvape.de akzeptieren Gro\u00df-und Einzelhandel Bestellungen.\" \/>\n<meta name=\"robots\" content=\"index, follow, max-snippet:-1, max-image-preview:large, max-video-preview:-1\" \/>\n<link rel=\"canonical\" href=\"https:\/\/www.elementvape.de\/ro\/produkt\/muha-meds-vape-pen-20-ml-wiederaufladbare-verdampfer-kartusche\/\" \/>\n<meta property=\"og:locale\" content=\"ro_RO\" \/>\n<meta property=\"og:type\" content=\"article\" \/>\n<meta property=\"og:title\" content=\"Muha Meds Vape Pen 2,0 ml wiederaufladbare Verdampfer kartusche | ElementVape.de\" \/>\n<meta property=\"og:description\" content=\"Wir bieten Muha Meds Vape Pen 2,0 ml wiederaufladbare Verdampfer kartusche , Elementvape.de akzeptieren Gro\u00df-und Einzelhandel Bestellungen.\" \/>\n<meta property=\"og:url\" content=\"https:\/\/www.elementvape.de\/ro\/produkt\/muha-meds-vape-pen-20-ml-wiederaufladbare-verdampfer-kartusche\/\" \/>\n<meta property=\"og:site_name\" content=\"ElementVape.de\" \/>\n<meta property=\"article:modified_time\" content=\"2024-09-12T10:32:33+00:00\" \/>\n<meta property=\"og:image\" content=\"https:\/\/ae01.alicdn.com\/kf\/S2e620287990e46558d67bac3b2de3860h\/Muha-Meds-Vape-Pen-2-0-ml-Vapes-Ger-t-dickes-l-Keramik-spule-leer-E.jpg\" \/>\n\t<meta property=\"og:image:width\" content=\"800\" \/>\n\t<meta property=\"og:image:height\" content=\"800\" \/>\n\t<meta property=\"og:image:type\" content=\"image\/jpeg\" \/>\n<meta name=\"twitter:card\" content=\"summary_large_image\" \/>\n<meta name=\"twitter:label1\" content=\"Est. reading time\" \/>\n\t<meta name=\"twitter:data1\" content=\"3 minute\" \/>\n<script type=\"application\/ld+json\" class=\"yoast-schema-graph\">{\"@context\":\"https:\/\/schema.org\",\"@graph\":[{\"@type\":\"WebPage\",\"@id\":\"https:\/\/www.elementvape.de\/produkt\/muha-meds-vape-pen-20-ml-wiederaufladbare-verdampfer-kartusche\/\",\"url\":\"https:\/\/www.elementvape.de\/produkt\/muha-meds-vape-pen-20-ml-wiederaufladbare-verdampfer-kartusche\/\",\"name\":\"Muha Meds Vape Pen 2,0 ml wiederaufladbare Verdampfer kartusche | ElementVape.de\",\"isPartOf\":{\"@id\":\"https:\/\/www.elementvape.de\/#website\"},\"primaryImageOfPage\":{\"@id\":\"https:\/\/www.elementvape.de\/produkt\/muha-meds-vape-pen-20-ml-wiederaufladbare-verdampfer-kartusche\/#primaryimage\"},\"image\":{\"@id\":\"https:\/\/www.elementvape.de\/produkt\/muha-meds-vape-pen-20-ml-wiederaufladbare-verdampfer-kartusche\/#primaryimage\"},\"thumbnailUrl\":\"https:\/\/ae01.alicdn.com\/kf\/S2e620287990e46558d67bac3b2de3860h\/Muha-Meds-Vape-Pen-2-0-ml-Vapes-Ger-t-dickes-l-Keramik-spule-leer-E.jpg\",\"datePublished\":\"2024-04-20T06:43:29+00:00\",\"dateModified\":\"2024-09-12T10:32:33+00:00\",\"description\":\"Wir bieten Muha Meds Vape Pen 2,0 ml wiederaufladbare Verdampfer kartusche , Elementvape.de akzeptieren Gro\u00df-und Einzelhandel Bestellungen.\",\"breadcrumb\":{\"@id\":\"https:\/\/www.elementvape.de\/produkt\/muha-meds-vape-pen-20-ml-wiederaufladbare-verdampfer-kartusche\/#breadcrumb\"},\"inLanguage\":\"ro-RO\",\"potentialAction\":[{\"@type\":\"ReadAction\",\"target\":[\"https:\/\/www.elementvape.de\/produkt\/muha-meds-vape-pen-20-ml-wiederaufladbare-verdampfer-kartusche\/\"]}]},{\"@type\":\"ImageObject\",\"inLanguage\":\"ro-RO\",\"@id\":\"https:\/\/www.elementvape.de\/produkt\/muha-meds-vape-pen-20-ml-wiederaufladbare-verdampfer-kartusche\/#primaryimage\",\"url\":\"https:\/\/ae01.alicdn.com\/kf\/S2e620287990e46558d67bac3b2de3860h\/Muha-Meds-Vape-Pen-2-0-ml-Vapes-Ger-t-dickes-l-Keramik-spule-leer-E.jpg\",\"contentUrl\":\"https:\/\/ae01.alicdn.com\/kf\/S2e620287990e46558d67bac3b2de3860h\/Muha-Meds-Vape-Pen-2-0-ml-Vapes-Ger-t-dickes-l-Keramik-spule-leer-E.jpg\",\"width\":800,\"height\":800},{\"@type\":\"BreadcrumbList\",\"@id\":\"https:\/\/www.elementvape.de\/produkt\/muha-meds-vape-pen-20-ml-wiederaufladbare-verdampfer-kartusche\/#breadcrumb\",\"itemListElement\":[{\"@type\":\"ListItem\",\"position\":1,\"name\":\"Home\",\"item\":\"https:\/\/www.elementvape.de\/\"},{\"@type\":\"ListItem\",\"position\":2,\"name\":\"Shop\",\"item\":\"https:\/\/www.elementvape.de\/shop\/\"},{\"@type\":\"ListItem\",\"position\":3,\"name\":\"Muha Meds Vape Pen 2,0 ml wiederaufladbare Verdampfer kartusche\"}]},{\"@type\":\"WebSite\",\"@id\":\"https:\/\/www.elementvape.de\/#website\",\"url\":\"https:\/\/www.elementvape.de\/\",\"name\":\"ElementVape.de\",\"description\":\"\",\"publisher\":{\"@id\":\"https:\/\/www.elementvape.de\/#organization\"},\"potentialAction\":[{\"@type\":\"SearchAction\",\"target\":{\"@type\":\"EntryPoint\",\"urlTemplate\":\"https:\/\/www.elementvape.de\/?s={search_term_string}\"},\"query-input\":\"required name=search_term_string\"}],\"inLanguage\":\"ro-RO\"},{\"@type\":\"Organization\",\"@id\":\"https:\/\/www.elementvape.de\/#organization\",\"name\":\"ElementVape.DE\",\"url\":\"https:\/\/www.elementvape.de\/\",\"logo\":{\"@type\":\"ImageObject\",\"inLanguage\":\"ro-RO\",\"@id\":\"https:\/\/www.elementvape.de\/#\/schema\/logo\/image\/\",\"url\":\"https:\/\/www.elementvape.de\/wp-content\/uploads\/2024\/09\/cropped-1elementvape-3.png\",\"contentUrl\":\"https:\/\/www.elementvape.de\/wp-content\/uploads\/2024\/09\/cropped-1elementvape-3.png\",\"width\":285,\"height\":228,\"caption\":\"ElementVape.DE\"},\"image\":{\"@id\":\"https:\/\/www.elementvape.de\/#\/schema\/logo\/image\/\"}}]}<\/script>\n<!-- \/ Yoast SEO plugin. -->","yoast_head_json":{"title":"Muha Meds Vape Pen 2,0 ml wiederaufladbare Verdampfer kartusche | ElementVape.de","description":"Wir bieten Muha Meds Vape Pen 2,0 ml wiederaufladbare Verdampfer kartusche , Elementvape.de akzeptieren Gro\u00df-und Einzelhandel Bestellungen.","robots":{"index":"index","follow":"follow","max-snippet":"max-snippet:-1","max-image-preview":"max-image-preview:large","max-video-preview":"max-video-preview:-1"},"canonical":"https:\/\/www.elementvape.de\/ro\/produkt\/muha-meds-vape-pen-20-ml-wiederaufladbare-verdampfer-kartusche\/","og_locale":"ro_RO","og_type":"article","og_title":"Muha Meds Vape Pen 2,0 ml wiederaufladbare Verdampfer kartusche | ElementVape.de","og_description":"Wir bieten Muha Meds Vape Pen 2,0 ml wiederaufladbare Verdampfer kartusche , Elementvape.de akzeptieren Gro\u00df-und Einzelhandel Bestellungen.","og_url":"https:\/\/www.elementvape.de\/ro\/produkt\/muha-meds-vape-pen-20-ml-wiederaufladbare-verdampfer-kartusche\/","og_site_name":"ElementVape.de","article_modified_time":"2024-09-12T10:32:33+00:00","og_image":[{"width":800,"height":800,"url":"https:\/\/ae01.alicdn.com\/kf\/S2e620287990e46558d67bac3b2de3860h\/Muha-Meds-Vape-Pen-2-0-ml-Vapes-Ger-t-dickes-l-Keramik-spule-leer-E.jpg","type":"image\/jpeg"}],"twitter_card":"summary_large_image","twitter_misc":{"Est. reading time":"3 minute"},"schema":{"@context":"https:\/\/schema.org","@graph":[{"@type":"WebPage","@id":"https:\/\/www.elementvape.de\/produkt\/muha-meds-vape-pen-20-ml-wiederaufladbare-verdampfer-kartusche\/","url":"https:\/\/www.elementvape.de\/produkt\/muha-meds-vape-pen-20-ml-wiederaufladbare-verdampfer-kartusche\/","name":"Muha Meds Vape Pen 2,0 ml wiederaufladbare Verdampfer kartusche | ElementVape.de","isPartOf":{"@id":"https:\/\/www.elementvape.de\/#website"},"primaryImageOfPage":{"@id":"https:\/\/www.elementvape.de\/produkt\/muha-meds-vape-pen-20-ml-wiederaufladbare-verdampfer-kartusche\/#primaryimage"},"image":{"@id":"https:\/\/www.elementvape.de\/produkt\/muha-meds-vape-pen-20-ml-wiederaufladbare-verdampfer-kartusche\/#primaryimage"},"thumbnailUrl":"https:\/\/ae01.alicdn.com\/kf\/S2e620287990e46558d67bac3b2de3860h\/Muha-Meds-Vape-Pen-2-0-ml-Vapes-Ger-t-dickes-l-Keramik-spule-leer-E.jpg","datePublished":"2024-04-20T06:43:29+00:00","dateModified":"2024-09-12T10:32:33+00:00","description":"Wir bieten Muha Meds Vape Pen 2,0 ml wiederaufladbare Verdampfer kartusche , Elementvape.de akzeptieren Gro\u00df-und Einzelhandel Bestellungen.","breadcrumb":{"@id":"https:\/\/www.elementvape.de\/produkt\/muha-meds-vape-pen-20-ml-wiederaufladbare-verdampfer-kartusche\/#breadcrumb"},"inLanguage":"ro-RO","potentialAction":[{"@type":"ReadAction","target":["https:\/\/www.elementvape.de\/produkt\/muha-meds-vape-pen-20-ml-wiederaufladbare-verdampfer-kartusche\/"]}]},{"@type":"ImageObject","inLanguage":"ro-RO","@id":"https:\/\/www.elementvape.de\/produkt\/muha-meds-vape-pen-20-ml-wiederaufladbare-verdampfer-kartusche\/#primaryimage","url":"https:\/\/ae01.alicdn.com\/kf\/S2e620287990e46558d67bac3b2de3860h\/Muha-Meds-Vape-Pen-2-0-ml-Vapes-Ger-t-dickes-l-Keramik-spule-leer-E.jpg","contentUrl":"https:\/\/ae01.alicdn.com\/kf\/S2e620287990e46558d67bac3b2de3860h\/Muha-Meds-Vape-Pen-2-0-ml-Vapes-Ger-t-dickes-l-Keramik-spule-leer-E.jpg","width":800,"height":800},{"@type":"BreadcrumbList","@id":"https:\/\/www.elementvape.de\/produkt\/muha-meds-vape-pen-20-ml-wiederaufladbare-verdampfer-kartusche\/#breadcrumb","itemListElement":[{"@type":"ListItem","position":1,"name":"Home","item":"https:\/\/www.elementvape.de\/"},{"@type":"ListItem","position":2,"name":"Shop","item":"https:\/\/www.elementvape.de\/shop\/"},{"@type":"ListItem","position":3,"name":"Muha Meds Vape Pen 2,0 ml wiederaufladbare Verdampfer kartusche"}]},{"@type":"WebSite","@id":"https:\/\/www.elementvape.de\/#website","url":"https:\/\/www.elementvape.de\/","name":"ElementVape.de","description":"","publisher":{"@id":"https:\/\/www.elementvape.de\/#organization"},"potentialAction":[{"@type":"SearchAction","target":{"@type":"EntryPoint","urlTemplate":"https:\/\/www.elementvape.de\/?s={search_term_string}"},"query-input":"required name=search_term_string"}],"inLanguage":"ro-RO"},{"@type":"Organization","@id":"https:\/\/www.elementvape.de\/#organization","name":"ElementVape.DE","url":"https:\/\/www.elementvape.de\/","logo":{"@type":"ImageObject","inLanguage":"ro-RO","@id":"https:\/\/www.elementvape.de\/#\/schema\/logo\/image\/","url":"https:\/\/www.elementvape.de\/wp-content\/uploads\/2024\/09\/cropped-1elementvape-3.png","contentUrl":"https:\/\/www.elementvape.de\/wp-content\/uploads\/2024\/09\/cropped-1elementvape-3.png","width":285,"height":228,"caption":"ElementVape.DE"},"image":{"@id":"https:\/\/www.elementvape.de\/#\/schema\/logo\/image\/"}}]}},"_links":{"self":[{"href":"https:\/\/www.elementvape.de\/ro\/wp-json\/wp\/v2\/product\/7375"}],"collection":[{"href":"https:\/\/www.elementvape.de\/ro\/wp-json\/wp\/v2\/product"}],"about":[{"href":"https:\/\/www.elementvape.de\/ro\/wp-json\/wp\/v2\/types\/product"}],"wp:featuredmedia":[{"embeddable":true,"href":"https:\/\/www.elementvape.de\/ro\/wp-json\/wp\/v2\/media\/7377"}],"wp:attachment":[{"href":"https:\/\/www.elementvape.de\/ro\/wp-json\/wp\/v2\/media?parent=7375"}],"wp:term":[{"taxonomy":"product_cat","embeddable":true,"href":"https:\/\/www.elementvape.de\/ro\/wp-json\/wp\/v2\/product_cat?post=7375"},{"taxonomy":"product_tag","embeddable":true,"href":"https:\/\/www.elementvape.de\/ro\/wp-json\/wp\/v2\/product_tag?post=7375"}],"curies":[{"name":"wp","href":"https:\/\/api.w.org\/{rel}","templated":true}]}}