{"id":7308,"date":"2024-04-20T06:36:44","date_gmt":"2024-04-20T06:36:44","guid":{"rendered":"https:\/\/www.elementvape.de\/?post_type=product&#038;p=7308"},"modified":"2024-12-12T06:36:58","modified_gmt":"2024-12-12T06:36:58","slug":"vapor-esso-eco-nano-pod-kit-1000mah-e-zigarette","status":"publish","type":"product","link":"https:\/\/www.elementvape.de\/ro\/produkt\/vapor-esso-eco-nano-pod-kit-1000mah-e-zigarette\/","title":{"rendered":"Vapor Esso Eco Nano Pod Kit 1000mAh \u021bigar\u0103 electronic\u0103"},"content":{"rendered":"<p>&nbsp;<\/p>\n<div class=\"product-specs-list-container\">\n<ul class=\"product-specs-list util-clearfix\">\n<li class=\"product-prop line-limit-length\"><span class=\"property-title\">Aspect:\u00a0<\/span><span class=\"property-desc line-limit-length\">Form\u0103 de cutie<\/span><\/li>\n<li class=\"product-prop line-limit-length\"><span class=\"property-title\">Carcas\u0103 din silicon:\u00a0<\/span><span class=\"property-desc line-limit-length\">Nu<\/span><\/li>\n<li class=\"product-prop line-limit-length\"><span class=\"property-title\">Reglare temperatur\u0103:\u00a0<\/span><span class=\"property-desc line-limit-length\">Ja<\/span><\/li>\n<li class=\"product-prop line-limit-length\"><span class=\"property-title\">Baterie \u00eencorporat\u0103 sau extern\u0103:\u00a0<\/span><span class=\"property-desc line-limit-length\">\u00cencorporat\u0103<\/span><\/li>\n<li class=\"product-prop line-limit-length\"><span class=\"property-title\">Func\u021bie de protec\u021bie la scurtcircuit:\u00a0<\/span><span class=\"property-desc line-limit-length\">Ja<\/span><\/li>\n<li class=\"product-prop line-limit-length\"><span class=\"property-title\">Func\u021bie de protec\u021bie \u00eempotriva supra\u00eenc\u0103lzirii:\u00a0<\/span><span class=\"property-desc line-limit-length\">Ja<\/span><\/li>\n<li class=\"product-prop line-limit-length\"><span class=\"property-title\">Func\u021bie de alarm\u0103 pentru tensiune sc\u0103zut\u0103:\u00a0<\/span><span class=\"property-desc line-limit-length\">Ja<\/span><\/li>\n<li class=\"product-prop line-limit-length\"><span class=\"property-title\">Func\u021bie de identificare a pulverizatorului:\u00a0<\/span><span class=\"property-desc line-limit-length\">Ja<\/span><\/li>\n<li class=\"product-prop line-limit-length\"><span class=\"property-title\">Capacitate nominal\u0103:\u00a0<\/span><span class=\"property-desc line-limit-length\">Baterie \u00eencorporat\u0103 sau extern\u0103: \u00cencorporat\u0103<\/span><\/li>\n<li class=\"product-prop line-limit-length\"><span class=\"property-title\">Material:\u00a0<\/span><span class=\"property-desc line-limit-length\">Metal<\/span><\/li>\n<li class=\"product-prop line-limit-length\"><span class=\"property-title\">Model compatibil:\u00a0<\/span><span class=\"property-desc line-limit-length\">\u021aigar\u0103 electronic\u0103 Vape<\/span><\/li>\n<li class=\"product-prop line-limit-length\"><span class=\"property-title\">Num\u0103r model:\u00a0<\/span><span class=\"property-desc line-limit-length\">Kit Pod Vaporesso ECO Nano<\/span><\/li>\n<li class=\"product-prop line-limit-length\"><span class=\"property-title\">\u00cenc\u0103rc\u0103tor USB:\u00a0<\/span><span class=\"property-desc line-limit-length\">Ja<\/span><\/li>\n<li class=\"product-prop line-limit-length\"><span class=\"property-title\">Actualizare firmware:\u00a0<\/span><span class=\"property-desc line-limit-length\">Ja<\/span><\/li>\n<li class=\"product-prop line-limit-length\"><span class=\"property-title\">Afi\u0219aj:\u00a0<\/span><span class=\"property-desc line-limit-length\">Nu<\/span><\/li>\n<li class=\"product-prop line-limit-length\"><span class=\"property-title\">Tip:\u00a0<\/span><span class=\"property-desc line-limit-length\">Cu baterie<\/span><\/li>\n<li class=\"product-prop line-limit-length\"><span class=\"property-title\">Nume de marc\u0103:\u00a0<\/span><span class=\"property-desc line-limit-length\">vaporesso<\/span><\/li>\n<li class=\"product-prop line-limit-length\"><span class=\"property-title\">Origine:\u00a0<\/span><span class=\"property-desc line-limit-length\">CN (Origine)<\/span><\/li>\n<\/ul>\n<\/div>\n<div class=\"detailmodule_html\">\n<div class=\"detail-desc-decorate-richtext\">\n<div class=\"detailmodule_text\">\n<p id=\"tl_1\" class=\"detail-desc-decorate-title\" style=\"font-family: OpenSans; font-size: 20px; font-weight: 900; line-height: 28px; margin-bottom: 12px;\">Kit de \u021bigar\u0103 electronic\u0103 Vapor esso Eco Nano Pod 1000mAh, Vape cu arom\u0103, 6ml rezervor gol, 0,8 Ohm, \u00eenc\u0103lzitor Orex, Kit Vaporizer<\/p>\n<\/div>\n<div class=\"detailmodule_text\">\n<p id=\"tl_2\" class=\"detail-desc-decorate-title\" style=\"font-family: OpenSans; font-size: 20px; font-weight: 900; line-height: 28px; margin-bottom: 12px;\">Descrierea kit-ului Vapor esso eco nano:<\/p>\n<p id=\"tl_3\" class=\"detail-desc-decorate-content\" style=\"font-family: OpenSans; font-size: 14px; font-weight: 300; line-height: 20px; margin-bottom: 12px;\">Kit-ul eco nano este un pod re\u00eenc\u0103rcabil \u0219i reutilizabil, o alternativ\u0103 mult mai ieftin\u0103 fa\u021b\u0103 de articolele de unic\u0103 folosin\u021b\u0103, fiind un vape de tip pod ideal pentru \u00eencep\u0103tori. Poate oferi 13000 de pufuri. Cu un singur pod de 6ml capacitate, pute\u021bi savura mai multe pufuri \u0219i perioade mai lungi f\u0103r\u0103 a fi nevoie de reumpleri frecvente. \u00cen plus, eco nano, echipat cu o baterie puternic\u0103 de 1000mAh, asigur\u0103 o performan\u021b\u0103 de durat\u0103. Eco nano dispune de tehnologia sss \u0219i corex heating, care ofer\u0103 o \u00eenc\u0103lzire mai rapid\u0103 \u0219i uniform\u0103, prelungind durata de via\u021b\u0103 a cartu\u0219elor cu 50%. Vapor esso eco nano este ambalat cu materiale ecologice pentru a reduce poluarea cu plastic.<\/p>\n<\/div>\n<div class=\"detailmodule_text\">\n<p id=\"tl_4\" class=\"detail-desc-decorate-title\" style=\"font-family: OpenSans; font-size: 20px; font-weight: 900; line-height: 28px; margin-bottom: 12px;\">Parametrii kit-ului de pod Vapor esso eco nano:<\/p>\n<p id=\"tl_5\" class=\"detail-desc-decorate-content\" style=\"font-family: OpenSans; font-size: 14px; font-weight: 300; line-height: 20px; margin-bottom: 12px;\">Marc\u0103: vapor esso<br \/>\nNumele produsului: kit eco nano<br \/>\nDimensiuni: \u03a644.7*18*77mm<br \/>\nCapacitate pod: 6ml<br \/>\nRezisten\u021b\u0103 pod: 0,8 Ohm\/1,2 Ohm<br \/>\nCapacitate baterie: 1000mAh<br \/>\n\u00cenc\u0103rcare: Tip-C, 1A<br \/>\nPufuri: 13000 Pufuri<\/p>\n<\/div>\n<div class=\"detailmodule_text\">\n<p id=\"tl_6\" class=\"detail-desc-decorate-title\" style=\"font-family: OpenSans; font-size: 20px; font-weight: 900; line-height: 28px; margin-bottom: 12px;\">Detalii despre Vapor esso eco nano:<\/p>\n<p id=\"tl_7\" class=\"detail-desc-decorate-content\" style=\"font-family: OpenSans; font-size: 14px; font-weight: 300; line-height: 20px; margin-bottom: 12px;\">1. un sistem de poduri MTL ultimativ, cel mai bun pentru \u00eencep\u0103tori<br \/>\n2. Capacitate durabil\u0103 a podului de 6ml<br \/>\n3. capacitate durabil\u0103 a bateriei de 1000mAh<br \/>\n4. tehnologie SSS, tehnologie de \u00eenc\u0103lzire Corex<br \/>\n5. ambalaj prietenos cu mediul \u00eenconjur\u0103tor<br \/>\n6. Vitalitate \u00eentr-un design portabil<br \/>\n7. 13000 Pufuri, o reumplere pentru mai multe pufuri<\/p>\n<\/div>\n<div class=\"detailmodule_text\">\n<p id=\"tl_8\" class=\"detail-desc-decorate-title\" style=\"font-family: OpenSans; font-size: 20px; font-weight: 900; line-height: 28px; margin-bottom: 12px;\">Pachetul kit-ului de pod eco nano include:<\/p>\n<p id=\"tl_9\" class=\"detail-desc-decorate-content\" style=\"font-family: OpenSans; font-size: 14px; font-weight: 300; line-height: 20px; margin-bottom: 12px;\">1 * vaporizator Esso Eco Nano baterie<br \/>\n1 * Vaporesso ECO Nano Pod 0,8 Ohm 6ml<br \/>\n1 * Manual de utilizare<\/p>\n<\/div>\n<div class=\"detailmodule_image\"><img decoding=\"async\" loading=\"lazy\" class=\"detail-desc-decorate-image\" src=\"https:\/\/ae01.alicdn.com\/kf\/S05a3c61aac95494a81408a1d47d09ff5z.jpg\" \/><br \/>\n<img decoding=\"async\" loading=\"lazy\" class=\"detail-desc-decorate-image\" src=\"https:\/\/ae01.alicdn.com\/kf\/Sf1779ec602104cc0938338e417ef8b4fR.jpg\" \/><br \/>\n<img decoding=\"async\" loading=\"lazy\" class=\"detail-desc-decorate-image\" src=\"https:\/\/ae01.alicdn.com\/kf\/S0ff1af0daa0f400492cc555ac98ab8b3l.jpg\" \/><br \/>\n<img decoding=\"async\" loading=\"lazy\" class=\"detail-desc-decorate-image\" src=\"https:\/\/ae01.alicdn.com\/kf\/S72ebf2c3f12e45f6b95759bb7b3b114aE.jpg\" \/><br \/>\n<img decoding=\"async\" loading=\"lazy\" class=\"detail-desc-decorate-image\" src=\"https:\/\/ae01.alicdn.com\/kf\/Se20e1d4a4c304180ad34567841ca6761L.jpg\" \/><br \/>\n<img decoding=\"async\" loading=\"lazy\" class=\"detail-desc-decorate-image\" src=\"https:\/\/ae01.alicdn.com\/kf\/S022cc17cec8f4997be1b04e8ce288b0cO.jpg\" \/><\/div>\n<div class=\"detailmodule_image\"><img decoding=\"async\" loading=\"lazy\" class=\"detail-desc-decorate-image\" src=\"https:\/\/ae01.alicdn.com\/kf\/Sec5c6dcf5a6142078bd40bd5566974ebi.jpg\" \/><br \/>\n<img decoding=\"async\" loading=\"lazy\" class=\"detail-desc-decorate-image\" src=\"https:\/\/ae01.alicdn.com\/kf\/S144d4b32e9fc4e6e90dc029205ce7397C.jpg\" \/><br \/>\n<img decoding=\"async\" loading=\"lazy\" class=\"detail-desc-decorate-image\" src=\"https:\/\/ae01.alicdn.com\/kf\/Se13b04072c1749b3b08c9b92fe6474d2L.jpg\" \/><br \/>\n<img decoding=\"async\" loading=\"lazy\" class=\"detail-desc-decorate-image\" src=\"https:\/\/ae01.alicdn.com\/kf\/S52542f60ff0d42e7acf07344c727f62ep.jpg\" \/><br \/>\n<img decoding=\"async\" loading=\"lazy\" class=\"detail-desc-decorate-image\" src=\"https:\/\/ae01.alicdn.com\/kf\/Sdeb06e216f044eb38db253f8f6a76513d.jpg\" \/><br \/>\n<img decoding=\"async\" loading=\"lazy\" class=\"detail-desc-decorate-image\" src=\"https:\/\/ae01.alicdn.com\/kf\/Sfbdcf0988cca43e79581e90b5eaad0d2A.jpg\" \/><\/div>\n<p>&nbsp;<\/p>\n<\/div>\n<\/div>","protected":false},"excerpt":{"rendered":"<p>&nbsp; Aussehen:\u00a0Box Form Silikon Fall:\u00a0Nein Temperaturregelung:\u00a0Ja Eingebaute Oder Externe Batterie:\u00a0Eingebaute Kurzschlussschutz Funktion:\u00a0Ja \u00dcberhitzungsschutz-funktion:\u00a0Ja Niederspannungsalarmfunktion:\u00a0Ja Zerst\u00e4uber Identifikation Funktion:\u00a0Ja Nominale Kapazit\u00e4t:\u00a01000mAh Material:\u00a0Metall Compatible Model:\u00a0Electronic Cigarette Vape Modellnummer:\u00a0Vaporesso ECO Nano Pod Kit Usb-ladeger\u00e4t:\u00a0Ja Firmware-upgrade:\u00a0Ja Display:\u00a0Nein Art:\u00a0Mit Batterie Markenname:\u00a0vaporesso Ursprung:\u00a0CN (Herkunft) Original Vapor esso Eco Nano Pod Kit 1000mAh elektronische Zigarette Vape 6ml leere Patrone 0,8 Ohm Orex Heizung [&hellip;]<\/p>","protected":false},"featured_media":7309,"template":"","meta":{"inline_featured_image":false},"product_cat":[78,750,737,736,749,76,81],"product_tag":[],"tiered_pricing_type":"fixed","tiered_pricing_fixed_rules":[],"tiered_pricing_percentage_rules":[],"tiered_pricing_minimum":1,"_administrator_tiered_pricing_type":"fixed","_administrator_tiered_pricing_fixed_rules":[],"_editor_tiered_pricing_type":"fixed","_editor_tiered_pricing_fixed_rules":[],"_author_tiered_pricing_type":"fixed","_author_tiered_pricing_fixed_rules":[],"_contributor_tiered_pricing_type":"fixed","_contributor_tiered_pricing_fixed_rules":[],"_subscriber_tiered_pricing_type":"fixed","_subscriber_tiered_pricing_fixed_rules":[],"_customer_tiered_pricing_type":"fixed","_customer_tiered_pricing_fixed_rules":[],"_shop_manager_tiered_pricing_type":"fixed","_shop_manager_tiered_pricing_fixed_rules":[],"_wpseo_manager_tiered_pricing_type":"fixed","_wpseo_manager_tiered_pricing_fixed_rules":[],"_wpseo_editor_tiered_pricing_type":"fixed","_wpseo_editor_tiered_pricing_fixed_rules":[],"_wholesale_customer_tiered_pricing_type":"fixed","_wholesale_customer_tiered_pricing_fixed_rules":[],"_marketer_tiered_pricing_type":"fixed","_marketer_tiered_pricing_fixed_rules":[],"_sales_manager_tiered_pricing_type":"fixed","_sales_manager_tiered_pricing_fixed_rules":[],"_sales_rep_tiered_pricing_type":"fixed","_sales_rep_tiered_pricing_fixed_rules":[],"yoast_head":"<!-- This site is optimized with the Yoast SEO plugin v23.3 - https:\/\/yoast.com\/wordpress\/plugins\/seo\/ -->\n<title>Vapor esso Eco Nano Pod Kit 1000mAh E-Zigarette | ElementVape.de<\/title>\n<meta name=\"description\" content=\"Wir bieten Vapor esso Eco Nano Pod Kit 1000mAh E-Zigarette , Elementvape.de akzeptieren Gro\u00df-und Einzelhandel Bestellungen.\" \/>\n<meta name=\"robots\" content=\"index, follow, max-snippet:-1, max-image-preview:large, max-video-preview:-1\" \/>\n<link rel=\"canonical\" href=\"https:\/\/www.elementvape.de\/ro\/produkt\/vapor-esso-eco-nano-pod-kit-1000mah-e-zigarette\/\" \/>\n<meta property=\"og:locale\" content=\"ro_RO\" \/>\n<meta property=\"og:type\" content=\"article\" \/>\n<meta property=\"og:title\" content=\"Vapor esso Eco Nano Pod Kit 1000mAh E-Zigarette | ElementVape.de\" \/>\n<meta property=\"og:description\" content=\"Wir bieten Vapor esso Eco Nano Pod Kit 1000mAh E-Zigarette , Elementvape.de akzeptieren Gro\u00df-und Einzelhandel Bestellungen.\" \/>\n<meta property=\"og:url\" content=\"https:\/\/www.elementvape.de\/ro\/produkt\/vapor-esso-eco-nano-pod-kit-1000mah-e-zigarette\/\" \/>\n<meta property=\"og:site_name\" content=\"ElementVape.de\" \/>\n<meta property=\"article:modified_time\" content=\"2024-12-12T06:36:58+00:00\" \/>\n<meta property=\"og:image\" content=\"https:\/\/ae01.alicdn.com\/kf\/Se394474cfff643ff9c1ecc4e0ba6ed4a8\/Original-Vapor-esso-Eco-Nano-Pod-Kit-1000mAh-elektronische-Zigarette-Vape-6ml-leere-Patrone-0-8.jpg\" \/>\n\t<meta property=\"og:image:width\" content=\"800\" \/>\n\t<meta property=\"og:image:height\" content=\"800\" \/>\n\t<meta property=\"og:image:type\" content=\"image\/jpeg\" \/>\n<meta name=\"twitter:card\" content=\"summary_large_image\" \/>\n<meta name=\"twitter:label1\" content=\"Est. reading time\" \/>\n\t<meta name=\"twitter:data1\" content=\"5 minute\" \/>\n<script type=\"application\/ld+json\" class=\"yoast-schema-graph\">{\"@context\":\"https:\/\/schema.org\",\"@graph\":[{\"@type\":\"WebPage\",\"@id\":\"https:\/\/www.elementvape.de\/produkt\/vapor-esso-eco-nano-pod-kit-1000mah-e-zigarette\/\",\"url\":\"https:\/\/www.elementvape.de\/produkt\/vapor-esso-eco-nano-pod-kit-1000mah-e-zigarette\/\",\"name\":\"Vapor esso Eco Nano Pod Kit 1000mAh E-Zigarette | ElementVape.de\",\"isPartOf\":{\"@id\":\"https:\/\/www.elementvape.de\/#website\"},\"primaryImageOfPage\":{\"@id\":\"https:\/\/www.elementvape.de\/produkt\/vapor-esso-eco-nano-pod-kit-1000mah-e-zigarette\/#primaryimage\"},\"image\":{\"@id\":\"https:\/\/www.elementvape.de\/produkt\/vapor-esso-eco-nano-pod-kit-1000mah-e-zigarette\/#primaryimage\"},\"thumbnailUrl\":\"https:\/\/ae01.alicdn.com\/kf\/Se394474cfff643ff9c1ecc4e0ba6ed4a8\/Original-Vapor-esso-Eco-Nano-Pod-Kit-1000mAh-elektronische-Zigarette-Vape-6ml-leere-Patrone-0-8.jpg\",\"datePublished\":\"2024-04-20T06:36:44+00:00\",\"dateModified\":\"2024-12-12T06:36:58+00:00\",\"description\":\"Wir bieten Vapor esso Eco Nano Pod Kit 1000mAh E-Zigarette , Elementvape.de akzeptieren Gro\u00df-und Einzelhandel Bestellungen.\",\"breadcrumb\":{\"@id\":\"https:\/\/www.elementvape.de\/produkt\/vapor-esso-eco-nano-pod-kit-1000mah-e-zigarette\/#breadcrumb\"},\"inLanguage\":\"ro-RO\",\"potentialAction\":[{\"@type\":\"ReadAction\",\"target\":[\"https:\/\/www.elementvape.de\/produkt\/vapor-esso-eco-nano-pod-kit-1000mah-e-zigarette\/\"]}]},{\"@type\":\"ImageObject\",\"inLanguage\":\"ro-RO\",\"@id\":\"https:\/\/www.elementvape.de\/produkt\/vapor-esso-eco-nano-pod-kit-1000mah-e-zigarette\/#primaryimage\",\"url\":\"https:\/\/ae01.alicdn.com\/kf\/Se394474cfff643ff9c1ecc4e0ba6ed4a8\/Original-Vapor-esso-Eco-Nano-Pod-Kit-1000mAh-elektronische-Zigarette-Vape-6ml-leere-Patrone-0-8.jpg\",\"contentUrl\":\"https:\/\/ae01.alicdn.com\/kf\/Se394474cfff643ff9c1ecc4e0ba6ed4a8\/Original-Vapor-esso-Eco-Nano-Pod-Kit-1000mAh-elektronische-Zigarette-Vape-6ml-leere-Patrone-0-8.jpg\",\"width\":800,\"height\":800},{\"@type\":\"BreadcrumbList\",\"@id\":\"https:\/\/www.elementvape.de\/produkt\/vapor-esso-eco-nano-pod-kit-1000mah-e-zigarette\/#breadcrumb\",\"itemListElement\":[{\"@type\":\"ListItem\",\"position\":1,\"name\":\"Home\",\"item\":\"https:\/\/www.elementvape.de\/\"},{\"@type\":\"ListItem\",\"position\":2,\"name\":\"Shop\",\"item\":\"https:\/\/www.elementvape.de\/shop\/\"},{\"@type\":\"ListItem\",\"position\":3,\"name\":\"Vapor esso Eco Nano Pod Kit 1000mAh E-Zigarette\"}]},{\"@type\":\"WebSite\",\"@id\":\"https:\/\/www.elementvape.de\/#website\",\"url\":\"https:\/\/www.elementvape.de\/\",\"name\":\"ElementVape.de\",\"description\":\"\",\"publisher\":{\"@id\":\"https:\/\/www.elementvape.de\/#organization\"},\"potentialAction\":[{\"@type\":\"SearchAction\",\"target\":{\"@type\":\"EntryPoint\",\"urlTemplate\":\"https:\/\/www.elementvape.de\/?s={search_term_string}\"},\"query-input\":\"required name=search_term_string\"}],\"inLanguage\":\"ro-RO\"},{\"@type\":\"Organization\",\"@id\":\"https:\/\/www.elementvape.de\/#organization\",\"name\":\"ElementVape.DE\",\"url\":\"https:\/\/www.elementvape.de\/\",\"logo\":{\"@type\":\"ImageObject\",\"inLanguage\":\"ro-RO\",\"@id\":\"https:\/\/www.elementvape.de\/#\/schema\/logo\/image\/\",\"url\":\"https:\/\/www.elementvape.de\/wp-content\/uploads\/2024\/09\/cropped-1elementvape-3.png\",\"contentUrl\":\"https:\/\/www.elementvape.de\/wp-content\/uploads\/2024\/09\/cropped-1elementvape-3.png\",\"width\":285,\"height\":228,\"caption\":\"ElementVape.DE\"},\"image\":{\"@id\":\"https:\/\/www.elementvape.de\/#\/schema\/logo\/image\/\"}}]}<\/script>\n<!-- \/ Yoast SEO plugin. -->","yoast_head_json":{"title":"Vapor esso Eco Nano Pod Kit 1000mAh E-Zigarette | ElementVape.de","description":"Wir bieten Vapor esso Eco Nano Pod Kit 1000mAh E-Zigarette , Elementvape.de akzeptieren Gro\u00df-und Einzelhandel Bestellungen.","robots":{"index":"index","follow":"follow","max-snippet":"max-snippet:-1","max-image-preview":"max-image-preview:large","max-video-preview":"max-video-preview:-1"},"canonical":"https:\/\/www.elementvape.de\/ro\/produkt\/vapor-esso-eco-nano-pod-kit-1000mah-e-zigarette\/","og_locale":"ro_RO","og_type":"article","og_title":"Vapor esso Eco Nano Pod Kit 1000mAh E-Zigarette | ElementVape.de","og_description":"Wir bieten Vapor esso Eco Nano Pod Kit 1000mAh E-Zigarette , Elementvape.de akzeptieren Gro\u00df-und Einzelhandel Bestellungen.","og_url":"https:\/\/www.elementvape.de\/ro\/produkt\/vapor-esso-eco-nano-pod-kit-1000mah-e-zigarette\/","og_site_name":"ElementVape.de","article_modified_time":"2024-12-12T06:36:58+00:00","og_image":[{"width":800,"height":800,"url":"https:\/\/ae01.alicdn.com\/kf\/Se394474cfff643ff9c1ecc4e0ba6ed4a8\/Original-Vapor-esso-Eco-Nano-Pod-Kit-1000mAh-elektronische-Zigarette-Vape-6ml-leere-Patrone-0-8.jpg","type":"image\/jpeg"}],"twitter_card":"summary_large_image","twitter_misc":{"Est. reading time":"5 minute"},"schema":{"@context":"https:\/\/schema.org","@graph":[{"@type":"WebPage","@id":"https:\/\/www.elementvape.de\/produkt\/vapor-esso-eco-nano-pod-kit-1000mah-e-zigarette\/","url":"https:\/\/www.elementvape.de\/produkt\/vapor-esso-eco-nano-pod-kit-1000mah-e-zigarette\/","name":"Vapor esso Eco Nano Pod Kit 1000mAh E-Zigarette | ElementVape.de","isPartOf":{"@id":"https:\/\/www.elementvape.de\/#website"},"primaryImageOfPage":{"@id":"https:\/\/www.elementvape.de\/produkt\/vapor-esso-eco-nano-pod-kit-1000mah-e-zigarette\/#primaryimage"},"image":{"@id":"https:\/\/www.elementvape.de\/produkt\/vapor-esso-eco-nano-pod-kit-1000mah-e-zigarette\/#primaryimage"},"thumbnailUrl":"https:\/\/ae01.alicdn.com\/kf\/Se394474cfff643ff9c1ecc4e0ba6ed4a8\/Original-Vapor-esso-Eco-Nano-Pod-Kit-1000mAh-elektronische-Zigarette-Vape-6ml-leere-Patrone-0-8.jpg","datePublished":"2024-04-20T06:36:44+00:00","dateModified":"2024-12-12T06:36:58+00:00","description":"Wir bieten Vapor esso Eco Nano Pod Kit 1000mAh E-Zigarette , Elementvape.de akzeptieren Gro\u00df-und Einzelhandel Bestellungen.","breadcrumb":{"@id":"https:\/\/www.elementvape.de\/produkt\/vapor-esso-eco-nano-pod-kit-1000mah-e-zigarette\/#breadcrumb"},"inLanguage":"ro-RO","potentialAction":[{"@type":"ReadAction","target":["https:\/\/www.elementvape.de\/produkt\/vapor-esso-eco-nano-pod-kit-1000mah-e-zigarette\/"]}]},{"@type":"ImageObject","inLanguage":"ro-RO","@id":"https:\/\/www.elementvape.de\/produkt\/vapor-esso-eco-nano-pod-kit-1000mah-e-zigarette\/#primaryimage","url":"https:\/\/ae01.alicdn.com\/kf\/Se394474cfff643ff9c1ecc4e0ba6ed4a8\/Original-Vapor-esso-Eco-Nano-Pod-Kit-1000mAh-elektronische-Zigarette-Vape-6ml-leere-Patrone-0-8.jpg","contentUrl":"https:\/\/ae01.alicdn.com\/kf\/Se394474cfff643ff9c1ecc4e0ba6ed4a8\/Original-Vapor-esso-Eco-Nano-Pod-Kit-1000mAh-elektronische-Zigarette-Vape-6ml-leere-Patrone-0-8.jpg","width":800,"height":800},{"@type":"BreadcrumbList","@id":"https:\/\/www.elementvape.de\/produkt\/vapor-esso-eco-nano-pod-kit-1000mah-e-zigarette\/#breadcrumb","itemListElement":[{"@type":"ListItem","position":1,"name":"Home","item":"https:\/\/www.elementvape.de\/"},{"@type":"ListItem","position":2,"name":"Shop","item":"https:\/\/www.elementvape.de\/shop\/"},{"@type":"ListItem","position":3,"name":"Vapor esso Eco Nano Pod Kit 1000mAh E-Zigarette"}]},{"@type":"WebSite","@id":"https:\/\/www.elementvape.de\/#website","url":"https:\/\/www.elementvape.de\/","name":"ElementVape.de","description":"","publisher":{"@id":"https:\/\/www.elementvape.de\/#organization"},"potentialAction":[{"@type":"SearchAction","target":{"@type":"EntryPoint","urlTemplate":"https:\/\/www.elementvape.de\/?s={search_term_string}"},"query-input":"required name=search_term_string"}],"inLanguage":"ro-RO"},{"@type":"Organization","@id":"https:\/\/www.elementvape.de\/#organization","name":"ElementVape.DE","url":"https:\/\/www.elementvape.de\/","logo":{"@type":"ImageObject","inLanguage":"ro-RO","@id":"https:\/\/www.elementvape.de\/#\/schema\/logo\/image\/","url":"https:\/\/www.elementvape.de\/wp-content\/uploads\/2024\/09\/cropped-1elementvape-3.png","contentUrl":"https:\/\/www.elementvape.de\/wp-content\/uploads\/2024\/09\/cropped-1elementvape-3.png","width":285,"height":228,"caption":"ElementVape.DE"},"image":{"@id":"https:\/\/www.elementvape.de\/#\/schema\/logo\/image\/"}}]}},"_links":{"self":[{"href":"https:\/\/www.elementvape.de\/ro\/wp-json\/wp\/v2\/product\/7308"}],"collection":[{"href":"https:\/\/www.elementvape.de\/ro\/wp-json\/wp\/v2\/product"}],"about":[{"href":"https:\/\/www.elementvape.de\/ro\/wp-json\/wp\/v2\/types\/product"}],"wp:featuredmedia":[{"embeddable":true,"href":"https:\/\/www.elementvape.de\/ro\/wp-json\/wp\/v2\/media\/7309"}],"wp:attachment":[{"href":"https:\/\/www.elementvape.de\/ro\/wp-json\/wp\/v2\/media?parent=7308"}],"wp:term":[{"taxonomy":"product_cat","embeddable":true,"href":"https:\/\/www.elementvape.de\/ro\/wp-json\/wp\/v2\/product_cat?post=7308"},{"taxonomy":"product_tag","embeddable":true,"href":"https:\/\/www.elementvape.de\/ro\/wp-json\/wp\/v2\/product_tag?post=7308"}],"curies":[{"name":"wp","href":"https:\/\/api.w.org\/{rel}","templated":true}]}}