{"id":7067,"date":"2024-04-20T06:18:58","date_gmt":"2024-04-20T06:18:58","guid":{"rendered":"https:\/\/www.elementvape.de\/?post_type=product&#038;p=7067"},"modified":"2024-12-12T06:37:15","modified_gmt":"2024-12-12T06:37:15","slug":"kingtons-black-widow-trockenen-kraut-verdampfer-blk-2200mah-batterie","status":"publish","type":"product","link":"https:\/\/www.elementvape.de\/ro\/produkt\/kingtons-black-widow-trockenen-kraut-verdampfer-blk-2200mah-batterie\/","title":{"rendered":"Atomizor Kingtons Black Widow pentru iarb\u0103 uscat\u0103, baterie de 2200mAh BLK"},"content":{"rendered":"<p>&nbsp;<\/p>\n<div class=\"product-specs-list-container\">\n<ul class=\"product-specs-list util-clearfix\">\n<li class=\"product-prop line-limit-length\"><span class=\"property-title\">Aspect:\u00a0<\/span><span class=\"property-desc line-limit-length\">Form\u0103 de cutie<\/span><\/li>\n<li class=\"product-prop line-limit-length\"><span class=\"property-title\">Baterie compatibil\u0103:\u00a0<\/span><span class=\"property-desc line-limit-length\">Niciunul<\/span><\/li>\n<li class=\"product-prop line-limit-length\"><span class=\"property-title\">Func\u021bie de monitorizare a num\u0103rului de fum:\u00a0<\/span><span class=\"property-desc line-limit-length\">Nu<\/span><\/li>\n<li class=\"product-prop line-limit-length\"><span class=\"property-title\">Carcas\u0103 din silicon:\u00a0<\/span><span class=\"property-desc line-limit-length\">Nu<\/span><\/li>\n<li class=\"product-prop line-limit-length\"><span class=\"property-title\">Reglare temperatur\u0103:\u00a0<\/span><span class=\"property-desc line-limit-length\">Ja<\/span><\/li>\n<li class=\"product-prop line-limit-length\"><span class=\"property-title\">Baterie \u00eencorporat\u0103 sau extern\u0103:\u00a0<\/span><span class=\"property-desc line-limit-length\">\u00cencorporat\u0103<\/span><\/li>\n<li class=\"product-prop line-limit-length\"><span class=\"property-title\">Func\u021bie de protec\u021bie la scurtcircuit:\u00a0<\/span><span class=\"property-desc line-limit-length\">Ja<\/span><\/li>\n<li class=\"product-prop line-limit-length\"><span class=\"property-title\">Func\u021bie de protec\u021bie \u00eempotriva supra\u00eenc\u0103lzirii:\u00a0<\/span><span class=\"property-desc line-limit-length\">Ja<\/span><\/li>\n<li class=\"product-prop line-limit-length\"><span class=\"property-title\">Func\u021bie de alarm\u0103 pentru tensiune sc\u0103zut\u0103:\u00a0<\/span><span class=\"property-desc line-limit-length\">Ja<\/span><\/li>\n<li class=\"product-prop line-limit-length\"><span class=\"property-title\">Func\u021bie de identificare a pulverizatorului:\u00a0<\/span><span class=\"property-desc line-limit-length\">Ja<\/span><\/li>\n<li class=\"product-prop line-limit-length\"><span class=\"property-title\">Moduri de ajustare TCR:\u00a0<\/span><span class=\"property-desc line-limit-length\">Nu<\/span><\/li>\n<li class=\"product-prop line-limit-length\"><span class=\"property-title\">Capacitate nominal\u0103:\u00a0<\/span><span class=\"property-desc line-limit-length\">Niciunul<\/span><\/li>\n<li class=\"product-prop line-limit-length\"><span class=\"property-title\">Material:\u00a0<\/span><span class=\"property-desc line-limit-length\">Metal<\/span><\/li>\n<li class=\"product-prop line-limit-length\"><span class=\"property-title\">Model compatibil:\u00a0<\/span><span class=\"property-desc line-limit-length\">Vaporizer pentru ierburi uscate<\/span><\/li>\n<li class=\"product-prop line-limit-length\"><span class=\"property-title\">Num\u0103r model:\u00a0<\/span><span class=\"property-desc line-limit-length\">Kingtons Black Widow<\/span><\/li>\n<li class=\"product-prop line-limit-length\"><span class=\"property-title\">\u00cenc\u0103rc\u0103tor USB:\u00a0<\/span><span class=\"property-desc line-limit-length\">Ja<\/span><\/li>\n<li class=\"product-prop line-limit-length\"><span class=\"property-title\">Actualizare firmware:\u00a0<\/span><span class=\"property-desc line-limit-length\">Ja<\/span><\/li>\n<li class=\"product-prop line-limit-length\"><span class=\"property-title\">Afi\u0219aj:\u00a0<\/span><span class=\"property-desc line-limit-length\">Ja<\/span><\/li>\n<li class=\"product-prop line-limit-length\"><span class=\"property-title\">Tip:\u00a0<\/span><span class=\"property-desc line-limit-length\">Cu baterie<\/span><\/li>\n<li class=\"product-prop line-limit-length\"><span class=\"property-title\">Nume de marc\u0103:\u00a0<\/span><span class=\"property-desc line-limit-length\">Kingtons<\/span><\/li>\n<li class=\"product-prop line-limit-length\"><span class=\"property-title\">Origine:\u00a0<\/span><span class=\"property-desc line-limit-length\">CN (Origine)<\/span><\/li>\n<\/ul>\n<\/div>\n<div class=\"detailmodule_html\">\n<div class=\"detail-desc-decorate-richtext\">\n<div class=\"detailmodule_text\">\n<p class=\"detail-desc-decorate-title\" style=\"font-family: OpenSans; font-size: 20px; font-weight: 900; line-height: 28px; margin-bottom: 12px;\">Original Kingtons Black Widow Trockenen Kraut Verdampfer 2200mAh Batterie O singur\u0103 tast\u0103 \u021bigar\u0103 electronic\u0103 pentru ierburi Vape stilou<\/p>\n<p class=\"detail-desc-decorate-content\" style=\"font-family: OpenSans; font-size: 14px; font-weight: 300; line-height: 20px; margin-bottom: 12px;\">Black Widow Trockenen Kraut Verdampfer ofer\u0103 un element de \u00eenc\u0103lzire ceramic\u0103 puternic \u0219i eficient energetic, cu capac din aluminiu anodizat pentru vapori condimentati \u0219i cura\u021bi. Ofer\u0103 o conducere omogen\u0103 \u0219i continu\u0103, garant\u00e2nd c\u0103 nu exist\u0103 lips\u0103 de vapori de la prima inhalare. Tubul din o\u021bel inoxidabil este u\u0219or de cur\u0103\u021bat \u0219i permite degust\u0103ri mari \u0219i vapori pl\u0103cu\u021bi. Este alimentat de o baterie litiu de 2200mAh, care asigur\u0103 vaping de lung\u0103 durat\u0103. Plus, controlul de temperatur\u0103 extrem de precis, mai multe set\u0103ri de \u00eenc\u0103lzire (5 \u00een total), oprire automat\u0103 inteligent\u0103 \u0219i sistem de control cu un singur buton, v\u0103 vor oferi o experien\u021b\u0103 de vaping excelent\u0103. Disponibil \u00een negru, argintiu, auriu.<\/p>\n<\/div>\n<div class=\"detailmodule_text\">\n<p class=\"detail-desc-decorate-title\" style=\"font-family: OpenSans; font-size: 20px; font-weight: 900; line-height: 28px; margin-bottom: 12px;\">Specifica\u021bii:<\/p>\n<p class=\"detail-desc-decorate-content\" style=\"font-family: OpenSans; font-size: 14px; font-weight: 300; line-height: 20px; margin-bottom: 12px;\">Dimensiune: 128*44*26mm<br \/>\nCapacitate baterie: 2200mAh litiu<br \/>\nMaterial corp: aluminiu anodizat + o\u021bel inoxidabil<br \/>\nCamer\u0103: \u00eenc\u0103lzire ceramic\u0103<br \/>\nTensiune de lucru: 3,3-4,2 V<br \/>\nIntrare de \u00eenc\u0103rcare: 5V, 1A<br \/>\nTimp de \u00eenc\u0103rcare: 3-4 ore<br \/>\nTimp de standby: 5 minute<br \/>\nInterval de temperatur\u0103: 356F-428F<\/p>\n<\/div>\n<div class=\"detailmodule_text\">\n<p class=\"detail-desc-decorate-title\" style=\"font-family: OpenSans; font-size: 20px; font-weight: 900; line-height: 28px; margin-bottom: 12px;\">Detalii:<\/p>\n<p class=\"detail-desc-decorate-content\" style=\"font-family: OpenSans; font-size: 14px; font-weight: 300; line-height: 20px; margin-bottom: 12px;\">1. Baterie litiu de 2200mAh<br \/>\n2. Design compact cu senza\u021bie confortabil\u0103 \u00een m\u00e2n\u0103<br \/>\n3. Sistem de \u00eenc\u0103lzire ceramic\u0103<br \/>\n4. Timp de \u00eenc\u0103lzire de 30 de secunde<br \/>\n5. Control de temperatur\u0103 extrem de precis<br \/>\n6. Mai multe set\u0103ri de \u00eenc\u0103lzire (5 \u00een total)<br \/>\n7. Oprire automat\u0103 inteligent\u0103<br \/>\n8. Memorie inteligent\u0103 de temperatur\u0103<br \/>\n9. Canal unic de r\u0103cire cu abur<br \/>\n10. Muf\u0103 magnetic\u0103 din o\u021bel inoxidabil<br \/>\n11. Sistem de control cu un singur buton<br \/>\n12. Disponibil \u00een negru, argintiu, auriu<\/p>\n<\/div>\n<div class=\"detailmodule_text\">\n<p class=\"detail-desc-decorate-title\" style=\"font-family: OpenSans; font-size: 20px; font-weight: 900; line-height: 28px; margin-bottom: 12px;\">Pachet con\u021bine:<\/p>\n<p class=\"detail-desc-decorate-content\" style=\"font-family: OpenSans; font-size: 14px; font-weight: 300; line-height: 20px; margin-bottom: 12px;\">1 x Stil de vaporizator uscat Black Widow<br \/>\n1 x Pensul\u0103<br \/>\n1 x Penset\u0103<br \/>\n1 x Unealt\u0103 de ambalare<br \/>\n1 x Camer\u0103 de cear\u0103<br \/>\n2 x Ecrane<br \/>\n1 x \u00cenc\u0103rc\u0103tor USB<br \/>\n1 x Adaptor A\/C<\/p>\n<\/div>\n<div class=\"detailmodule_image\"><img decoding=\"async\" loading=\"lazy\" class=\"detail-desc-decorate-image\" src=\"https:\/\/ae01.alicdn.com\/kf\/H0cf6011753a1444b88ba986abd11faeaC.png\" \/><img decoding=\"async\" loading=\"lazy\" class=\"detail-desc-decorate-image\" src=\"https:\/\/ae01.alicdn.com\/kf\/H4517c5cc572340ea8cbe40a043746b8bi.png\" \/><img decoding=\"async\" loading=\"lazy\" class=\"detail-desc-decorate-image\" src=\"https:\/\/ae01.alicdn.com\/kf\/H87ab71faed7d43cab78a3373977cd374f.png\" \/><img decoding=\"async\" loading=\"lazy\" class=\"detail-desc-decorate-image\" src=\"https:\/\/ae01.alicdn.com\/kf\/H972e8e0b90da4b47a1084396c45489cc6.png\" \/><img decoding=\"async\" loading=\"lazy\" class=\"detail-desc-decorate-image\" src=\"https:\/\/ae01.alicdn.com\/kf\/H69cc697832404b08a3fe93e89aac96f1K.png\" \/><img decoding=\"async\" loading=\"lazy\" class=\"detail-desc-decorate-image\" src=\"https:\/\/ae01.alicdn.com\/kf\/H2cfe5acf105942dc9f3215fa2d961eba9.png\" \/><img decoding=\"async\" loading=\"lazy\" class=\"detail-desc-decorate-image\" src=\"https:\/\/ae01.alicdn.com\/kf\/Hd786b7fb8abf4ef5aee148c9c5ff8fc4H.png\" \/><img decoding=\"async\" loading=\"lazy\" class=\"detail-desc-decorate-image\" src=\"https:\/\/ae01.alicdn.com\/kf\/H8265f38280bc4ffeb91de6e4f83a87a4H.png\" \/><img decoding=\"async\" loading=\"lazy\" class=\"detail-desc-decorate-image\" src=\"https:\/\/ae01.alicdn.com\/kf\/Hc5cfdc1d26324766af4a53c101be1a5ad.png\" \/><img decoding=\"async\" loading=\"lazy\" class=\"detail-desc-decorate-image\" src=\"https:\/\/ae01.alicdn.com\/kf\/H563b7977fb10477d9d0af3ff1ccfe876b.png\" \/><\/div>\n<p>&nbsp;<\/p>\n<\/div>\n<\/div>","protected":false},"excerpt":{"rendered":"<p>&nbsp; Aussehen:\u00a0Box Form Kompatibler Akku:\u00a0Kein \u00dcberwachung Funktion Von Rauchen Anzahl:\u00a0Nein Silikon Fall:\u00a0Nein Temperaturregelung:\u00a0Ja Eingebaute Oder Externe Batterie:\u00a0Eingebaute Kurzschlussschutz Funktion:\u00a0Ja \u00dcberhitzungsschutz-funktion:\u00a0Ja Niederspannungsalarmfunktion:\u00a0Ja Zerst\u00e4uber Identifikation Funktion:\u00a0Ja TCR Einstellung Modi:\u00a0Nein Nominale Kapazit\u00e4t:\u00a0Kein Material:\u00a0Metall Compatible Model:\u00a0Dry Herb Vaporizer Modellnummer:\u00a0Kingtons Black Widow Usb-ladeger\u00e4t:\u00a0Ja Firmware-upgrade:\u00a0Ja Display:\u00a0Ja Art:\u00a0Mit Batterie Markenname:\u00a0Kingtons Ursprung:\u00a0CN (Herkunft) Original Kingtons Black Widow Trockenen Kraut Verdampfer 2200mAh Batterie Eine [&hellip;]<\/p>","protected":false},"featured_media":7069,"template":"","meta":{"inline_featured_image":false},"product_cat":[752,756,739,743,76,79,81],"product_tag":[],"tiered_pricing_type":"fixed","tiered_pricing_fixed_rules":[],"tiered_pricing_percentage_rules":[],"tiered_pricing_minimum":1,"_administrator_tiered_pricing_type":"fixed","_administrator_tiered_pricing_fixed_rules":[],"_editor_tiered_pricing_type":"fixed","_editor_tiered_pricing_fixed_rules":[],"_author_tiered_pricing_type":"fixed","_author_tiered_pricing_fixed_rules":[],"_contributor_tiered_pricing_type":"fixed","_contributor_tiered_pricing_fixed_rules":[],"_subscriber_tiered_pricing_type":"fixed","_subscriber_tiered_pricing_fixed_rules":[],"_customer_tiered_pricing_type":"fixed","_customer_tiered_pricing_fixed_rules":[],"_shop_manager_tiered_pricing_type":"fixed","_shop_manager_tiered_pricing_fixed_rules":[],"_wpseo_manager_tiered_pricing_type":"fixed","_wpseo_manager_tiered_pricing_fixed_rules":[],"_wpseo_editor_tiered_pricing_type":"fixed","_wpseo_editor_tiered_pricing_fixed_rules":[],"_wholesale_customer_tiered_pricing_type":"fixed","_wholesale_customer_tiered_pricing_fixed_rules":[],"_marketer_tiered_pricing_type":"fixed","_marketer_tiered_pricing_fixed_rules":[],"_sales_manager_tiered_pricing_type":"fixed","_sales_manager_tiered_pricing_fixed_rules":[],"_sales_rep_tiered_pricing_type":"fixed","_sales_rep_tiered_pricing_fixed_rules":[],"yoast_head":"<!-- This site is optimized with the Yoast SEO plugin v23.3 - https:\/\/yoast.com\/wordpress\/plugins\/seo\/ -->\n<title>Kingtons Black Widow Trockenen Kraut Verdampfer BLK 2200mAh Batterie | ElementVape.de<\/title>\n<meta name=\"description\" content=\"Wir bieten Kingtons Black Widow Trockenen Kraut Verdampfer BLK 2200mAh Batterie , Elementvape.de akzeptieren Gro\u00df-und Einzelhandel Bestellungen.\" \/>\n<meta name=\"robots\" content=\"index, follow, max-snippet:-1, max-image-preview:large, max-video-preview:-1\" \/>\n<link rel=\"canonical\" href=\"https:\/\/www.elementvape.de\/ro\/produkt\/kingtons-black-widow-trockenen-kraut-verdampfer-blk-2200mah-batterie\/\" \/>\n<meta property=\"og:locale\" content=\"ro_RO\" \/>\n<meta property=\"og:type\" content=\"article\" \/>\n<meta property=\"og:title\" content=\"Kingtons Black Widow Trockenen Kraut Verdampfer BLK 2200mAh Batterie | ElementVape.de\" \/>\n<meta property=\"og:description\" content=\"Wir bieten Kingtons Black Widow Trockenen Kraut Verdampfer BLK 2200mAh Batterie , Elementvape.de akzeptieren Gro\u00df-und Einzelhandel Bestellungen.\" \/>\n<meta property=\"og:url\" content=\"https:\/\/www.elementvape.de\/ro\/produkt\/kingtons-black-widow-trockenen-kraut-verdampfer-blk-2200mah-batterie\/\" \/>\n<meta property=\"og:site_name\" content=\"ElementVape.de\" \/>\n<meta property=\"article:modified_time\" content=\"2024-12-12T06:37:15+00:00\" \/>\n<meta property=\"og:image\" content=\"https:\/\/ae01.alicdn.com\/kf\/He383e5a5dc5343c980b936da985eee43w\/Original-Kingtons-Black-Widow-Trockenen-Kraut-Verdampfer-BLK-2200mAh-Batterie-Eine-Taste-Elektronische-Zigarette-Kr-uter.jpg\" \/>\n\t<meta property=\"og:image:width\" content=\"800\" \/>\n\t<meta property=\"og:image:height\" content=\"800\" \/>\n\t<meta property=\"og:image:type\" content=\"image\/jpeg\" \/>\n<meta name=\"twitter:card\" content=\"summary_large_image\" \/>\n<meta name=\"twitter:label1\" content=\"Est. reading time\" \/>\n\t<meta name=\"twitter:data1\" content=\"4 minute\" \/>\n<script type=\"application\/ld+json\" class=\"yoast-schema-graph\">{\"@context\":\"https:\/\/schema.org\",\"@graph\":[{\"@type\":\"WebPage\",\"@id\":\"https:\/\/www.elementvape.de\/produkt\/kingtons-black-widow-trockenen-kraut-verdampfer-blk-2200mah-batterie\/\",\"url\":\"https:\/\/www.elementvape.de\/produkt\/kingtons-black-widow-trockenen-kraut-verdampfer-blk-2200mah-batterie\/\",\"name\":\"Kingtons Black Widow Trockenen Kraut Verdampfer BLK 2200mAh Batterie | ElementVape.de\",\"isPartOf\":{\"@id\":\"https:\/\/www.elementvape.de\/#website\"},\"primaryImageOfPage\":{\"@id\":\"https:\/\/www.elementvape.de\/produkt\/kingtons-black-widow-trockenen-kraut-verdampfer-blk-2200mah-batterie\/#primaryimage\"},\"image\":{\"@id\":\"https:\/\/www.elementvape.de\/produkt\/kingtons-black-widow-trockenen-kraut-verdampfer-blk-2200mah-batterie\/#primaryimage\"},\"thumbnailUrl\":\"https:\/\/ae01.alicdn.com\/kf\/He383e5a5dc5343c980b936da985eee43w\/Original-Kingtons-Black-Widow-Trockenen-Kraut-Verdampfer-BLK-2200mAh-Batterie-Eine-Taste-Elektronische-Zigarette-Kr-uter.jpg\",\"datePublished\":\"2024-04-20T06:18:58+00:00\",\"dateModified\":\"2024-12-12T06:37:15+00:00\",\"description\":\"Wir bieten Kingtons Black Widow Trockenen Kraut Verdampfer BLK 2200mAh Batterie , Elementvape.de akzeptieren Gro\u00df-und Einzelhandel Bestellungen.\",\"breadcrumb\":{\"@id\":\"https:\/\/www.elementvape.de\/produkt\/kingtons-black-widow-trockenen-kraut-verdampfer-blk-2200mah-batterie\/#breadcrumb\"},\"inLanguage\":\"ro-RO\",\"potentialAction\":[{\"@type\":\"ReadAction\",\"target\":[\"https:\/\/www.elementvape.de\/produkt\/kingtons-black-widow-trockenen-kraut-verdampfer-blk-2200mah-batterie\/\"]}]},{\"@type\":\"ImageObject\",\"inLanguage\":\"ro-RO\",\"@id\":\"https:\/\/www.elementvape.de\/produkt\/kingtons-black-widow-trockenen-kraut-verdampfer-blk-2200mah-batterie\/#primaryimage\",\"url\":\"https:\/\/ae01.alicdn.com\/kf\/He383e5a5dc5343c980b936da985eee43w\/Original-Kingtons-Black-Widow-Trockenen-Kraut-Verdampfer-BLK-2200mAh-Batterie-Eine-Taste-Elektronische-Zigarette-Kr-uter.jpg\",\"contentUrl\":\"https:\/\/ae01.alicdn.com\/kf\/He383e5a5dc5343c980b936da985eee43w\/Original-Kingtons-Black-Widow-Trockenen-Kraut-Verdampfer-BLK-2200mAh-Batterie-Eine-Taste-Elektronische-Zigarette-Kr-uter.jpg\",\"width\":800,\"height\":800},{\"@type\":\"BreadcrumbList\",\"@id\":\"https:\/\/www.elementvape.de\/produkt\/kingtons-black-widow-trockenen-kraut-verdampfer-blk-2200mah-batterie\/#breadcrumb\",\"itemListElement\":[{\"@type\":\"ListItem\",\"position\":1,\"name\":\"Home\",\"item\":\"https:\/\/www.elementvape.de\/\"},{\"@type\":\"ListItem\",\"position\":2,\"name\":\"Shop\",\"item\":\"https:\/\/www.elementvape.de\/shop\/\"},{\"@type\":\"ListItem\",\"position\":3,\"name\":\"Kingtons Black Widow Trockenen Kraut Verdampfer BLK 2200mAh Batterie\"}]},{\"@type\":\"WebSite\",\"@id\":\"https:\/\/www.elementvape.de\/#website\",\"url\":\"https:\/\/www.elementvape.de\/\",\"name\":\"ElementVape.de\",\"description\":\"\",\"publisher\":{\"@id\":\"https:\/\/www.elementvape.de\/#organization\"},\"potentialAction\":[{\"@type\":\"SearchAction\",\"target\":{\"@type\":\"EntryPoint\",\"urlTemplate\":\"https:\/\/www.elementvape.de\/?s={search_term_string}\"},\"query-input\":\"required name=search_term_string\"}],\"inLanguage\":\"ro-RO\"},{\"@type\":\"Organization\",\"@id\":\"https:\/\/www.elementvape.de\/#organization\",\"name\":\"ElementVape.DE\",\"url\":\"https:\/\/www.elementvape.de\/\",\"logo\":{\"@type\":\"ImageObject\",\"inLanguage\":\"ro-RO\",\"@id\":\"https:\/\/www.elementvape.de\/#\/schema\/logo\/image\/\",\"url\":\"https:\/\/www.elementvape.de\/wp-content\/uploads\/2024\/09\/cropped-1elementvape-3.png\",\"contentUrl\":\"https:\/\/www.elementvape.de\/wp-content\/uploads\/2024\/09\/cropped-1elementvape-3.png\",\"width\":285,\"height\":228,\"caption\":\"ElementVape.DE\"},\"image\":{\"@id\":\"https:\/\/www.elementvape.de\/#\/schema\/logo\/image\/\"}}]}<\/script>\n<!-- \/ Yoast SEO plugin. -->","yoast_head_json":{"title":"Kingtons Black Widow Trockenen Kraut Verdampfer BLK 2200mAh Batterie | ElementVape.de","description":"Wir bieten Kingtons Black Widow Trockenen Kraut Verdampfer BLK 2200mAh Batterie , Elementvape.de akzeptieren Gro\u00df-und Einzelhandel Bestellungen.","robots":{"index":"index","follow":"follow","max-snippet":"max-snippet:-1","max-image-preview":"max-image-preview:large","max-video-preview":"max-video-preview:-1"},"canonical":"https:\/\/www.elementvape.de\/ro\/produkt\/kingtons-black-widow-trockenen-kraut-verdampfer-blk-2200mah-batterie\/","og_locale":"ro_RO","og_type":"article","og_title":"Kingtons Black Widow Trockenen Kraut Verdampfer BLK 2200mAh Batterie | ElementVape.de","og_description":"Wir bieten Kingtons Black Widow Trockenen Kraut Verdampfer BLK 2200mAh Batterie , Elementvape.de akzeptieren Gro\u00df-und Einzelhandel Bestellungen.","og_url":"https:\/\/www.elementvape.de\/ro\/produkt\/kingtons-black-widow-trockenen-kraut-verdampfer-blk-2200mah-batterie\/","og_site_name":"ElementVape.de","article_modified_time":"2024-12-12T06:37:15+00:00","og_image":[{"width":800,"height":800,"url":"https:\/\/ae01.alicdn.com\/kf\/He383e5a5dc5343c980b936da985eee43w\/Original-Kingtons-Black-Widow-Trockenen-Kraut-Verdampfer-BLK-2200mAh-Batterie-Eine-Taste-Elektronische-Zigarette-Kr-uter.jpg","type":"image\/jpeg"}],"twitter_card":"summary_large_image","twitter_misc":{"Est. reading time":"4 minute"},"schema":{"@context":"https:\/\/schema.org","@graph":[{"@type":"WebPage","@id":"https:\/\/www.elementvape.de\/produkt\/kingtons-black-widow-trockenen-kraut-verdampfer-blk-2200mah-batterie\/","url":"https:\/\/www.elementvape.de\/produkt\/kingtons-black-widow-trockenen-kraut-verdampfer-blk-2200mah-batterie\/","name":"Kingtons Black Widow Trockenen Kraut Verdampfer BLK 2200mAh Batterie | ElementVape.de","isPartOf":{"@id":"https:\/\/www.elementvape.de\/#website"},"primaryImageOfPage":{"@id":"https:\/\/www.elementvape.de\/produkt\/kingtons-black-widow-trockenen-kraut-verdampfer-blk-2200mah-batterie\/#primaryimage"},"image":{"@id":"https:\/\/www.elementvape.de\/produkt\/kingtons-black-widow-trockenen-kraut-verdampfer-blk-2200mah-batterie\/#primaryimage"},"thumbnailUrl":"https:\/\/ae01.alicdn.com\/kf\/He383e5a5dc5343c980b936da985eee43w\/Original-Kingtons-Black-Widow-Trockenen-Kraut-Verdampfer-BLK-2200mAh-Batterie-Eine-Taste-Elektronische-Zigarette-Kr-uter.jpg","datePublished":"2024-04-20T06:18:58+00:00","dateModified":"2024-12-12T06:37:15+00:00","description":"Wir bieten Kingtons Black Widow Trockenen Kraut Verdampfer BLK 2200mAh Batterie , Elementvape.de akzeptieren Gro\u00df-und Einzelhandel Bestellungen.","breadcrumb":{"@id":"https:\/\/www.elementvape.de\/produkt\/kingtons-black-widow-trockenen-kraut-verdampfer-blk-2200mah-batterie\/#breadcrumb"},"inLanguage":"ro-RO","potentialAction":[{"@type":"ReadAction","target":["https:\/\/www.elementvape.de\/produkt\/kingtons-black-widow-trockenen-kraut-verdampfer-blk-2200mah-batterie\/"]}]},{"@type":"ImageObject","inLanguage":"ro-RO","@id":"https:\/\/www.elementvape.de\/produkt\/kingtons-black-widow-trockenen-kraut-verdampfer-blk-2200mah-batterie\/#primaryimage","url":"https:\/\/ae01.alicdn.com\/kf\/He383e5a5dc5343c980b936da985eee43w\/Original-Kingtons-Black-Widow-Trockenen-Kraut-Verdampfer-BLK-2200mAh-Batterie-Eine-Taste-Elektronische-Zigarette-Kr-uter.jpg","contentUrl":"https:\/\/ae01.alicdn.com\/kf\/He383e5a5dc5343c980b936da985eee43w\/Original-Kingtons-Black-Widow-Trockenen-Kraut-Verdampfer-BLK-2200mAh-Batterie-Eine-Taste-Elektronische-Zigarette-Kr-uter.jpg","width":800,"height":800},{"@type":"BreadcrumbList","@id":"https:\/\/www.elementvape.de\/produkt\/kingtons-black-widow-trockenen-kraut-verdampfer-blk-2200mah-batterie\/#breadcrumb","itemListElement":[{"@type":"ListItem","position":1,"name":"Home","item":"https:\/\/www.elementvape.de\/"},{"@type":"ListItem","position":2,"name":"Shop","item":"https:\/\/www.elementvape.de\/shop\/"},{"@type":"ListItem","position":3,"name":"Kingtons Black Widow Trockenen Kraut Verdampfer BLK 2200mAh Batterie"}]},{"@type":"WebSite","@id":"https:\/\/www.elementvape.de\/#website","url":"https:\/\/www.elementvape.de\/","name":"ElementVape.de","description":"","publisher":{"@id":"https:\/\/www.elementvape.de\/#organization"},"potentialAction":[{"@type":"SearchAction","target":{"@type":"EntryPoint","urlTemplate":"https:\/\/www.elementvape.de\/?s={search_term_string}"},"query-input":"required name=search_term_string"}],"inLanguage":"ro-RO"},{"@type":"Organization","@id":"https:\/\/www.elementvape.de\/#organization","name":"ElementVape.DE","url":"https:\/\/www.elementvape.de\/","logo":{"@type":"ImageObject","inLanguage":"ro-RO","@id":"https:\/\/www.elementvape.de\/#\/schema\/logo\/image\/","url":"https:\/\/www.elementvape.de\/wp-content\/uploads\/2024\/09\/cropped-1elementvape-3.png","contentUrl":"https:\/\/www.elementvape.de\/wp-content\/uploads\/2024\/09\/cropped-1elementvape-3.png","width":285,"height":228,"caption":"ElementVape.DE"},"image":{"@id":"https:\/\/www.elementvape.de\/#\/schema\/logo\/image\/"}}]}},"_links":{"self":[{"href":"https:\/\/www.elementvape.de\/ro\/wp-json\/wp\/v2\/product\/7067"}],"collection":[{"href":"https:\/\/www.elementvape.de\/ro\/wp-json\/wp\/v2\/product"}],"about":[{"href":"https:\/\/www.elementvape.de\/ro\/wp-json\/wp\/v2\/types\/product"}],"wp:featuredmedia":[{"embeddable":true,"href":"https:\/\/www.elementvape.de\/ro\/wp-json\/wp\/v2\/media\/7069"}],"wp:attachment":[{"href":"https:\/\/www.elementvape.de\/ro\/wp-json\/wp\/v2\/media?parent=7067"}],"wp:term":[{"taxonomy":"product_cat","embeddable":true,"href":"https:\/\/www.elementvape.de\/ro\/wp-json\/wp\/v2\/product_cat?post=7067"},{"taxonomy":"product_tag","embeddable":true,"href":"https:\/\/www.elementvape.de\/ro\/wp-json\/wp\/v2\/product_tag?post=7067"}],"curies":[{"name":"wp","href":"https:\/\/api.w.org\/{rel}","templated":true}]}}