{"id":6994,"date":"2024-04-20T05:56:35","date_gmt":"2024-04-20T05:56:35","guid":{"rendered":"https:\/\/www.elementvape.de\/?post_type=product&#038;p=6994"},"modified":"2024-12-12T06:37:21","modified_gmt":"2024-12-12T06:37:21","slug":"uwell-caliburn-gz2-pod-kit-2ml-caliburn-g2-patrone-e-zigarette","status":"publish","type":"product","link":"https:\/\/www.elementvape.de\/ro\/produkt\/uwell-caliburn-gz2-pod-kit-2ml-caliburn-g2-patrone-e-zigarette\/","title":{"rendered":"kit de \u021bigar\u0103 electronic\u0103 Uwell Caliburn GZ2 cu rezervor de 2ml, cartu\u0219 Caliburn G2 \u0219i zigaret\u0103 electronic\u0103"},"content":{"rendered":"<p>&nbsp;<\/p>\n<div class=\"product-specs-list-container\">\n<ul class=\"product-specs-list util-clearfix\">\n<li class=\"product-prop line-limit-length\"><span class=\"property-title\">Aspect:\u00a0<\/span><span class=\"property-desc line-limit-length\">Form\u0103 de cutie<\/span><\/li>\n<li class=\"product-prop line-limit-length\"><span class=\"property-title\">Baterie compatibil\u0103:\u00a0<\/span><span class=\"property-desc line-limit-length\">Niciunul<\/span><\/li>\n<li class=\"product-prop line-limit-length\"><span class=\"property-title\">Func\u021bie de monitorizare a num\u0103rului de fum:\u00a0<\/span><span class=\"property-desc line-limit-length\">Nu<\/span><\/li>\n<li class=\"product-prop line-limit-length\"><span class=\"property-title\">Carcas\u0103 din silicon:\u00a0<\/span><span class=\"property-desc line-limit-length\">Nu<\/span><\/li>\n<li class=\"product-prop line-limit-length\"><span class=\"property-title\">Reglare temperatur\u0103:\u00a0<\/span><span class=\"property-desc line-limit-length\">Nu<\/span><\/li>\n<li class=\"product-prop line-limit-length\"><span class=\"property-title\">Baterie \u00eencorporat\u0103 sau extern\u0103:\u00a0<\/span><span class=\"property-desc line-limit-length\">\u00cencorporat\u0103<\/span><\/li>\n<li class=\"product-prop line-limit-length\"><span class=\"property-title\">Func\u021bie de protec\u021bie la scurtcircuit:\u00a0<\/span><span class=\"property-desc line-limit-length\">Ja<\/span><\/li>\n<li class=\"product-prop line-limit-length\"><span class=\"property-title\">Func\u021bie de protec\u021bie \u00eempotriva supra\u00eenc\u0103lzirii:\u00a0<\/span><span class=\"property-desc line-limit-length\">Ja<\/span><\/li>\n<li class=\"product-prop line-limit-length\"><span class=\"property-title\">Func\u021bie de alarm\u0103 pentru tensiune sc\u0103zut\u0103:\u00a0<\/span><span class=\"property-desc line-limit-length\">Ja<\/span><\/li>\n<li class=\"product-prop line-limit-length\"><span class=\"property-title\">Func\u021bie de identificare a pulverizatorului:\u00a0<\/span><span class=\"property-desc line-limit-length\">Ja<\/span><\/li>\n<li class=\"product-prop line-limit-length\"><span class=\"property-title\">Moduri de ajustare TCR:\u00a0<\/span><span class=\"property-desc line-limit-length\">Nu<\/span><\/li>\n<li class=\"product-prop line-limit-length\"><span class=\"property-title\">Capacitate nominal\u0103:\u00a0<\/span><span class=\"property-desc line-limit-length\">850 mAh<\/span><\/li>\n<li class=\"product-prop line-limit-length\"><span class=\"property-title\">Material:\u00a0<\/span><span class=\"property-desc line-limit-length\">Metal<\/span><\/li>\n<li class=\"product-prop line-limit-length\"><span class=\"property-title\">Model compatibil:\u00a0<\/span><span class=\"property-desc line-limit-length\">Pix de vapare pentru \u021bigaret\u0103 electronic\u0103<\/span><\/li>\n<li class=\"product-prop line-limit-length\"><span class=\"property-title\">Num\u0103r model:\u00a0<\/span><span class=\"property-desc line-limit-length\">Kit de Baterie Uwell Caliburn GZ2 Pod<\/span><\/li>\n<li class=\"product-prop line-limit-length\"><span class=\"property-title\">\u00cenc\u0103rc\u0103tor USB:\u00a0<\/span><span class=\"property-desc line-limit-length\">Ja<\/span><\/li>\n<li class=\"product-prop line-limit-length\"><span class=\"property-title\">Actualizare firmware:\u00a0<\/span><span class=\"property-desc line-limit-length\">Nu<\/span><\/li>\n<li class=\"product-prop line-limit-length\"><span class=\"property-title\">Afi\u0219aj:\u00a0<\/span><span class=\"property-desc line-limit-length\">Nu<\/span><\/li>\n<li class=\"product-prop line-limit-length\"><span class=\"property-title\">Tip:\u00a0<\/span><span class=\"property-desc line-limit-length\">Cu baterie<\/span><\/li>\n<li class=\"product-prop line-limit-length\"><span class=\"property-title\">Nume de marc\u0103:\u00a0<\/span><span class=\"property-desc line-limit-length\">UWELL<\/span><\/li>\n<li class=\"product-prop line-limit-length\"><span class=\"property-title\">Origine:\u00a0<\/span><span class=\"property-desc line-limit-length\">CN (Origine)<\/span><\/li>\n<\/ul>\n<\/div>\n<div class=\"detailmodule_html\">\n<div class=\"detail-desc-decorate-richtext\">\n<div class=\"detailmodule_text\">\n<div><\/div>\n<p id=\"tl_1\" class=\"detail-desc-decorate-title\" style=\"font-family: OpenSans; font-size: 20px; font-weight: 900; line-height: 28px; margin-bottom: 12px;\">Kit original uwell caliburn gz2 pod 850mah baterie 17w cu caliburn g2 2ml rezervor \u0219i \u021bigar\u0103 electronic\u0103 vape compatibil caliburn g\/g2 bobin\u0103<\/p>\n<\/div>\n<div class=\"detailmodule_text\">\n<p id=\"tl_2\" class=\"detail-desc-decorate-title\" style=\"font-family: OpenSans; font-size: 20px; font-weight: 900; line-height: 28px; margin-bottom: 12px;\">Introducere<\/p>\n<p id=\"tl_3\" class=\"detail-desc-decorate-content\" style=\"font-family: OpenSans; font-size: 14px; font-weight: 300; line-height: 20px; margin-bottom: 12px;\">Kitul Caliburn gz2 este mic, u\u0219or, compact \u0219i puternic. Este alimentat de o baterie \u00eencorporat\u0103 de 850mAh cu maxim 17W \u0219i \u00eenc\u0103rcare rapid\u0103 Type-C 2A. Dispune de lumin\u0103 RGB \u00een stil Tron, reglare precis\u0103 a fluxului de aer integrat\u0103 (iafc), mecanism de reumplere \u00een 3 pa\u0219i (U-Ventil) \u0219i fereastr\u0103 de vizualizare clar\u0103. Suport\u0103, de asemenea, vaping cu tragere automat\u0103 pentru o utilizare convenabil\u0103. Este compatibil cu rezervorul uwell caliburn g2, cu capacitate de 2ml \u0219i sistem de umplere superioar\u0103 simplu. De asemenea, este compatibil cu bobina uwell caliburn g de 0.8\u03a9\/1.0\u03a9 \u0219i bobina uwell caliburn g2 de 1.2\u03a9.<\/p>\n<\/div>\n<div class=\"detailmodule_text\">\n<p id=\"tl_4\" class=\"detail-desc-decorate-title\" style=\"font-family: OpenSans; font-size: 20px; font-weight: 900; line-height: 28px; margin-bottom: 12px;\">Specifica\u021bie<\/p>\n<p id=\"tl_5\" class=\"detail-desc-decorate-content\" style=\"font-family: OpenSans; font-size: 14px; font-weight: 300; line-height: 20px; margin-bottom: 12px;\">Marc\u0103: uwell<br \/>\nNumele produsului: kit sistem de rezervor caliburn gz2<br \/>\nDimensiune produs: 28.9*22.9*72,5mm<br \/>\nCapacitate baterie: baterie \u00eencorporat\u0103 de 850mAh<br \/>\nPutere de ie\u0219ire: maxim 17w<br \/>\n\u00cenc\u0103rcare: \u00eenc\u0103rcare Type-C<br \/>\nEfecte de lumin\u0103: RGB \u00een stil Tron<br \/>\nFlux de aer: reglare precis\u0103 a fluxului de aer (iafc)<br \/>\nCapacitate: 2ml<br \/>\nUmplere: Umplere superioar\u0103<br \/>\nCompatibil cu: rezervorul uwell caliburn g2, bobina uwell caliburn g de 0.8\u03a9\/1.0\u03a9, bobina uwell caliburn g2 de 1.2\u03a9<br \/>\nCuloare: negru, argintiu, ro\u0219u, violet, albastru negru, portocaliu negru<\/p>\n<\/div>\n<div class=\"detailmodule_text\">\n<p id=\"tl_6\" class=\"detail-desc-decorate-title\" style=\"font-family: OpenSans; font-size: 20px; font-weight: 900; line-height: 28px; margin-bottom: 12px;\">Detalii:<\/p>\n<p id=\"tl_7\" class=\"detail-desc-decorate-content\" style=\"font-family: OpenSans; font-size: 14px; font-weight: 300; line-height: 20px; margin-bottom: 12px;\">1. mic \u0219i u\u0219or, compact \u0219i puternic<br \/>\n2. baterie \u00eencorporat\u0103 de 850mah cu maxim 17w<br \/>\n3. efect de lumin\u0103 RGB \u00een stil Tron<br \/>\n4. reglare precis\u0103 a fluxului de aer integrat\u0103 (iafc)<br \/>\n5. Capacitate de 2ml, fereastr\u0103 clar\u0103 pentru suc<br \/>\n6. Mechanism de reumplere \u00een 3 pa\u0219i (ventil U)<br \/>\n7. compatibil pentru cartu\u0219ul Caliburn G2<br \/>\n8. compatibil pentru bobina Caliburn G 0.8\u03a9\/1.0\u03a9 \u0219i bobina Caliburn G2 1.2\u03a9<\/p>\n<\/div>\n<div class=\"detailmodule_text\">\n<p id=\"tl_8\" class=\"detail-desc-decorate-title\" style=\"font-family: OpenSans; font-size: 20px; font-weight: 900; line-height: 28px; margin-bottom: 12px;\">lista de pachete<\/p>\n<p id=\"tl_9\" class=\"detail-desc-decorate-content\" style=\"font-family: OpenSans; font-size: 14px; font-weight: 300; line-height: 20px; margin-bottom: 12px;\">1 * dispozitiv Caliburn GZ2<br \/>\n1 * cartu\u0219 gol Caliburn G2<br \/>\n1 * bobin\u0103 Caliburn G cu plas\u0103 0.8\u03a9 UN2 (preinstalat\u0103)<br \/>\n1 * bobin\u0103 Caliburn G2 cu plas\u0103 1.2\u03a9 (\u00eenlocuire)<br \/>\n1 * Manual de utilizare<br \/>\n1 * Cablu de \u00eenc\u0103rcare Type-C<\/p>\n<\/div>\n<div class=\"detailmodule_image\"><img decoding=\"async\" loading=\"lazy\" class=\"detail-desc-decorate-image\" src=\"https:\/\/ae01.alicdn.com\/kf\/S5d608120c1fb42cfa384525a901d5813M.jpg\" \/><\/div>\n<p>&nbsp;<\/p>\n<\/div>\n<\/div>","protected":false},"excerpt":{"rendered":"<p>&nbsp; Aussehen:\u00a0Box Form Kompatibler Akku:\u00a0Kein \u00dcberwachung Funktion Von Rauchen Anzahl:\u00a0Nein Silikon Fall:\u00a0Nein Temperaturregelung:\u00a0Nein Eingebaute Oder Externe Batterie:\u00a0Eingebaute Kurzschlussschutz Funktion:\u00a0Ja \u00dcberhitzungsschutz-funktion:\u00a0Ja Niederspannungsalarmfunktion:\u00a0Ja Zerst\u00e4uber Identifikation Funktion:\u00a0Ja TCR Einstellung Modi:\u00a0Nein Nominale Kapazit\u00e4t:\u00a0850 mAh Material:\u00a0Metall Compatible Model:\u00a0Electronic Cigarette Vape Pen Modellnummer:\u00a0Uwell Caliburn GZ2 Pod Kit Usb-ladeger\u00e4t:\u00a0Ja Firmware-upgrade:\u00a0Nein Display:\u00a0Nein Art:\u00a0Mit Batterie Markenname:\u00a0UWELL Ursprung:\u00a0CN (Herkunft) Original uwell caliburn gz2 pod kit [&hellip;]<\/p>","protected":false},"featured_media":6995,"template":"","meta":{"inline_featured_image":false},"product_cat":[752,756,739,743,76,79,81],"product_tag":[],"tiered_pricing_type":"fixed","tiered_pricing_fixed_rules":[],"tiered_pricing_percentage_rules":[],"tiered_pricing_minimum":1,"_administrator_tiered_pricing_type":"fixed","_administrator_tiered_pricing_fixed_rules":[],"_editor_tiered_pricing_type":"fixed","_editor_tiered_pricing_fixed_rules":[],"_author_tiered_pricing_type":"fixed","_author_tiered_pricing_fixed_rules":[],"_contributor_tiered_pricing_type":"fixed","_contributor_tiered_pricing_fixed_rules":[],"_subscriber_tiered_pricing_type":"fixed","_subscriber_tiered_pricing_fixed_rules":[],"_customer_tiered_pricing_type":"fixed","_customer_tiered_pricing_fixed_rules":[],"_shop_manager_tiered_pricing_type":"fixed","_shop_manager_tiered_pricing_fixed_rules":[],"_wpseo_manager_tiered_pricing_type":"fixed","_wpseo_manager_tiered_pricing_fixed_rules":[],"_wpseo_editor_tiered_pricing_type":"fixed","_wpseo_editor_tiered_pricing_fixed_rules":[],"_wholesale_customer_tiered_pricing_type":"fixed","_wholesale_customer_tiered_pricing_fixed_rules":[],"_marketer_tiered_pricing_type":"fixed","_marketer_tiered_pricing_fixed_rules":[],"_sales_manager_tiered_pricing_type":"fixed","_sales_manager_tiered_pricing_fixed_rules":[],"_sales_rep_tiered_pricing_type":"fixed","_sales_rep_tiered_pricing_fixed_rules":[],"yoast_head":"<!-- This site is optimized with the Yoast SEO plugin v23.3 - https:\/\/yoast.com\/wordpress\/plugins\/seo\/ -->\n<title>uwell caliburn gz2 pod kit 2ml caliburn g2 patrone e zigarette | ElementVape.de<\/title>\n<meta name=\"description\" content=\"Wir bieten uwell caliburn gz2 pod kit 2ml caliburn g2 patrone e zigarette , Elementvape.de akzeptieren Gro\u00df-und Einzelhandel Bestellungen.\" \/>\n<meta name=\"robots\" content=\"index, follow, max-snippet:-1, max-image-preview:large, max-video-preview:-1\" \/>\n<link rel=\"canonical\" href=\"https:\/\/www.elementvape.de\/ro\/produkt\/uwell-caliburn-gz2-pod-kit-2ml-caliburn-g2-patrone-e-zigarette\/\" \/>\n<meta property=\"og:locale\" content=\"ro_RO\" \/>\n<meta property=\"og:type\" content=\"article\" \/>\n<meta property=\"og:title\" content=\"uwell caliburn gz2 pod kit 2ml caliburn g2 patrone e zigarette | ElementVape.de\" \/>\n<meta property=\"og:description\" content=\"Wir bieten uwell caliburn gz2 pod kit 2ml caliburn g2 patrone e zigarette , Elementvape.de akzeptieren Gro\u00df-und Einzelhandel Bestellungen.\" \/>\n<meta property=\"og:url\" content=\"https:\/\/www.elementvape.de\/ro\/produkt\/uwell-caliburn-gz2-pod-kit-2ml-caliburn-g2-patrone-e-zigarette\/\" \/>\n<meta property=\"og:site_name\" content=\"ElementVape.de\" \/>\n<meta property=\"article:modified_time\" content=\"2024-12-12T06:37:21+00:00\" \/>\n<meta property=\"og:image\" content=\"https:\/\/ae01.alicdn.com\/kf\/S6f850f7a62e94dacb8a570458e5db9eei\/Original-uwell-caliburn-gz2-pod-kit-850mah-batterie-17w-mit-2ml-caliburn-g2-patrone-e-zigarette.jpg\" \/>\n\t<meta property=\"og:image:width\" content=\"800\" \/>\n\t<meta property=\"og:image:height\" content=\"800\" \/>\n\t<meta property=\"og:image:type\" content=\"image\/jpeg\" \/>\n<meta name=\"twitter:card\" content=\"summary_large_image\" \/>\n<meta name=\"twitter:label1\" content=\"Est. reading time\" \/>\n\t<meta name=\"twitter:data1\" content=\"3 minute\" \/>\n<script type=\"application\/ld+json\" class=\"yoast-schema-graph\">{\"@context\":\"https:\/\/schema.org\",\"@graph\":[{\"@type\":\"WebPage\",\"@id\":\"https:\/\/www.elementvape.de\/produkt\/uwell-caliburn-gz2-pod-kit-2ml-caliburn-g2-patrone-e-zigarette\/\",\"url\":\"https:\/\/www.elementvape.de\/produkt\/uwell-caliburn-gz2-pod-kit-2ml-caliburn-g2-patrone-e-zigarette\/\",\"name\":\"uwell caliburn gz2 pod kit 2ml caliburn g2 patrone e zigarette | ElementVape.de\",\"isPartOf\":{\"@id\":\"https:\/\/www.elementvape.de\/#website\"},\"primaryImageOfPage\":{\"@id\":\"https:\/\/www.elementvape.de\/produkt\/uwell-caliburn-gz2-pod-kit-2ml-caliburn-g2-patrone-e-zigarette\/#primaryimage\"},\"image\":{\"@id\":\"https:\/\/www.elementvape.de\/produkt\/uwell-caliburn-gz2-pod-kit-2ml-caliburn-g2-patrone-e-zigarette\/#primaryimage\"},\"thumbnailUrl\":\"https:\/\/ae01.alicdn.com\/kf\/S6f850f7a62e94dacb8a570458e5db9eei\/Original-uwell-caliburn-gz2-pod-kit-850mah-batterie-17w-mit-2ml-caliburn-g2-patrone-e-zigarette.jpg\",\"datePublished\":\"2024-04-20T05:56:35+00:00\",\"dateModified\":\"2024-12-12T06:37:21+00:00\",\"description\":\"Wir bieten uwell caliburn gz2 pod kit 2ml caliburn g2 patrone e zigarette , Elementvape.de akzeptieren Gro\u00df-und Einzelhandel Bestellungen.\",\"breadcrumb\":{\"@id\":\"https:\/\/www.elementvape.de\/produkt\/uwell-caliburn-gz2-pod-kit-2ml-caliburn-g2-patrone-e-zigarette\/#breadcrumb\"},\"inLanguage\":\"ro-RO\",\"potentialAction\":[{\"@type\":\"ReadAction\",\"target\":[\"https:\/\/www.elementvape.de\/produkt\/uwell-caliburn-gz2-pod-kit-2ml-caliburn-g2-patrone-e-zigarette\/\"]}]},{\"@type\":\"ImageObject\",\"inLanguage\":\"ro-RO\",\"@id\":\"https:\/\/www.elementvape.de\/produkt\/uwell-caliburn-gz2-pod-kit-2ml-caliburn-g2-patrone-e-zigarette\/#primaryimage\",\"url\":\"https:\/\/ae01.alicdn.com\/kf\/S6f850f7a62e94dacb8a570458e5db9eei\/Original-uwell-caliburn-gz2-pod-kit-850mah-batterie-17w-mit-2ml-caliburn-g2-patrone-e-zigarette.jpg\",\"contentUrl\":\"https:\/\/ae01.alicdn.com\/kf\/S6f850f7a62e94dacb8a570458e5db9eei\/Original-uwell-caliburn-gz2-pod-kit-850mah-batterie-17w-mit-2ml-caliburn-g2-patrone-e-zigarette.jpg\",\"width\":800,\"height\":800},{\"@type\":\"BreadcrumbList\",\"@id\":\"https:\/\/www.elementvape.de\/produkt\/uwell-caliburn-gz2-pod-kit-2ml-caliburn-g2-patrone-e-zigarette\/#breadcrumb\",\"itemListElement\":[{\"@type\":\"ListItem\",\"position\":1,\"name\":\"Home\",\"item\":\"https:\/\/www.elementvape.de\/\"},{\"@type\":\"ListItem\",\"position\":2,\"name\":\"Shop\",\"item\":\"https:\/\/www.elementvape.de\/shop\/\"},{\"@type\":\"ListItem\",\"position\":3,\"name\":\"uwell caliburn gz2 pod kit 2ml caliburn g2 patrone e zigarette\"}]},{\"@type\":\"WebSite\",\"@id\":\"https:\/\/www.elementvape.de\/#website\",\"url\":\"https:\/\/www.elementvape.de\/\",\"name\":\"ElementVape.de\",\"description\":\"\",\"publisher\":{\"@id\":\"https:\/\/www.elementvape.de\/#organization\"},\"potentialAction\":[{\"@type\":\"SearchAction\",\"target\":{\"@type\":\"EntryPoint\",\"urlTemplate\":\"https:\/\/www.elementvape.de\/?s={search_term_string}\"},\"query-input\":\"required name=search_term_string\"}],\"inLanguage\":\"ro-RO\"},{\"@type\":\"Organization\",\"@id\":\"https:\/\/www.elementvape.de\/#organization\",\"name\":\"ElementVape.DE\",\"url\":\"https:\/\/www.elementvape.de\/\",\"logo\":{\"@type\":\"ImageObject\",\"inLanguage\":\"ro-RO\",\"@id\":\"https:\/\/www.elementvape.de\/#\/schema\/logo\/image\/\",\"url\":\"https:\/\/www.elementvape.de\/wp-content\/uploads\/2024\/09\/cropped-1elementvape-3.png\",\"contentUrl\":\"https:\/\/www.elementvape.de\/wp-content\/uploads\/2024\/09\/cropped-1elementvape-3.png\",\"width\":285,\"height\":228,\"caption\":\"ElementVape.DE\"},\"image\":{\"@id\":\"https:\/\/www.elementvape.de\/#\/schema\/logo\/image\/\"}}]}<\/script>\n<!-- \/ Yoast SEO plugin. -->","yoast_head_json":{"title":"uwell caliburn gz2 pod kit 2ml caliburn g2 patrone e zigarette | ElementVape.de","description":"Wir bieten uwell caliburn gz2 pod kit 2ml caliburn g2 patrone e zigarette , Elementvape.de akzeptieren Gro\u00df-und Einzelhandel Bestellungen.","robots":{"index":"index","follow":"follow","max-snippet":"max-snippet:-1","max-image-preview":"max-image-preview:large","max-video-preview":"max-video-preview:-1"},"canonical":"https:\/\/www.elementvape.de\/ro\/produkt\/uwell-caliburn-gz2-pod-kit-2ml-caliburn-g2-patrone-e-zigarette\/","og_locale":"ro_RO","og_type":"article","og_title":"uwell caliburn gz2 pod kit 2ml caliburn g2 patrone e zigarette | ElementVape.de","og_description":"Wir bieten uwell caliburn gz2 pod kit 2ml caliburn g2 patrone e zigarette , Elementvape.de akzeptieren Gro\u00df-und Einzelhandel Bestellungen.","og_url":"https:\/\/www.elementvape.de\/ro\/produkt\/uwell-caliburn-gz2-pod-kit-2ml-caliburn-g2-patrone-e-zigarette\/","og_site_name":"ElementVape.de","article_modified_time":"2024-12-12T06:37:21+00:00","og_image":[{"width":800,"height":800,"url":"https:\/\/ae01.alicdn.com\/kf\/S6f850f7a62e94dacb8a570458e5db9eei\/Original-uwell-caliburn-gz2-pod-kit-850mah-batterie-17w-mit-2ml-caliburn-g2-patrone-e-zigarette.jpg","type":"image\/jpeg"}],"twitter_card":"summary_large_image","twitter_misc":{"Est. reading time":"3 minute"},"schema":{"@context":"https:\/\/schema.org","@graph":[{"@type":"WebPage","@id":"https:\/\/www.elementvape.de\/produkt\/uwell-caliburn-gz2-pod-kit-2ml-caliburn-g2-patrone-e-zigarette\/","url":"https:\/\/www.elementvape.de\/produkt\/uwell-caliburn-gz2-pod-kit-2ml-caliburn-g2-patrone-e-zigarette\/","name":"uwell caliburn gz2 pod kit 2ml caliburn g2 patrone e zigarette | ElementVape.de","isPartOf":{"@id":"https:\/\/www.elementvape.de\/#website"},"primaryImageOfPage":{"@id":"https:\/\/www.elementvape.de\/produkt\/uwell-caliburn-gz2-pod-kit-2ml-caliburn-g2-patrone-e-zigarette\/#primaryimage"},"image":{"@id":"https:\/\/www.elementvape.de\/produkt\/uwell-caliburn-gz2-pod-kit-2ml-caliburn-g2-patrone-e-zigarette\/#primaryimage"},"thumbnailUrl":"https:\/\/ae01.alicdn.com\/kf\/S6f850f7a62e94dacb8a570458e5db9eei\/Original-uwell-caliburn-gz2-pod-kit-850mah-batterie-17w-mit-2ml-caliburn-g2-patrone-e-zigarette.jpg","datePublished":"2024-04-20T05:56:35+00:00","dateModified":"2024-12-12T06:37:21+00:00","description":"Wir bieten uwell caliburn gz2 pod kit 2ml caliburn g2 patrone e zigarette , Elementvape.de akzeptieren Gro\u00df-und Einzelhandel Bestellungen.","breadcrumb":{"@id":"https:\/\/www.elementvape.de\/produkt\/uwell-caliburn-gz2-pod-kit-2ml-caliburn-g2-patrone-e-zigarette\/#breadcrumb"},"inLanguage":"ro-RO","potentialAction":[{"@type":"ReadAction","target":["https:\/\/www.elementvape.de\/produkt\/uwell-caliburn-gz2-pod-kit-2ml-caliburn-g2-patrone-e-zigarette\/"]}]},{"@type":"ImageObject","inLanguage":"ro-RO","@id":"https:\/\/www.elementvape.de\/produkt\/uwell-caliburn-gz2-pod-kit-2ml-caliburn-g2-patrone-e-zigarette\/#primaryimage","url":"https:\/\/ae01.alicdn.com\/kf\/S6f850f7a62e94dacb8a570458e5db9eei\/Original-uwell-caliburn-gz2-pod-kit-850mah-batterie-17w-mit-2ml-caliburn-g2-patrone-e-zigarette.jpg","contentUrl":"https:\/\/ae01.alicdn.com\/kf\/S6f850f7a62e94dacb8a570458e5db9eei\/Original-uwell-caliburn-gz2-pod-kit-850mah-batterie-17w-mit-2ml-caliburn-g2-patrone-e-zigarette.jpg","width":800,"height":800},{"@type":"BreadcrumbList","@id":"https:\/\/www.elementvape.de\/produkt\/uwell-caliburn-gz2-pod-kit-2ml-caliburn-g2-patrone-e-zigarette\/#breadcrumb","itemListElement":[{"@type":"ListItem","position":1,"name":"Home","item":"https:\/\/www.elementvape.de\/"},{"@type":"ListItem","position":2,"name":"Shop","item":"https:\/\/www.elementvape.de\/shop\/"},{"@type":"ListItem","position":3,"name":"uwell caliburn gz2 pod kit 2ml caliburn g2 patrone e zigarette"}]},{"@type":"WebSite","@id":"https:\/\/www.elementvape.de\/#website","url":"https:\/\/www.elementvape.de\/","name":"ElementVape.de","description":"","publisher":{"@id":"https:\/\/www.elementvape.de\/#organization"},"potentialAction":[{"@type":"SearchAction","target":{"@type":"EntryPoint","urlTemplate":"https:\/\/www.elementvape.de\/?s={search_term_string}"},"query-input":"required name=search_term_string"}],"inLanguage":"ro-RO"},{"@type":"Organization","@id":"https:\/\/www.elementvape.de\/#organization","name":"ElementVape.DE","url":"https:\/\/www.elementvape.de\/","logo":{"@type":"ImageObject","inLanguage":"ro-RO","@id":"https:\/\/www.elementvape.de\/#\/schema\/logo\/image\/","url":"https:\/\/www.elementvape.de\/wp-content\/uploads\/2024\/09\/cropped-1elementvape-3.png","contentUrl":"https:\/\/www.elementvape.de\/wp-content\/uploads\/2024\/09\/cropped-1elementvape-3.png","width":285,"height":228,"caption":"ElementVape.DE"},"image":{"@id":"https:\/\/www.elementvape.de\/#\/schema\/logo\/image\/"}}]}},"_links":{"self":[{"href":"https:\/\/www.elementvape.de\/ro\/wp-json\/wp\/v2\/product\/6994"}],"collection":[{"href":"https:\/\/www.elementvape.de\/ro\/wp-json\/wp\/v2\/product"}],"about":[{"href":"https:\/\/www.elementvape.de\/ro\/wp-json\/wp\/v2\/types\/product"}],"wp:featuredmedia":[{"embeddable":true,"href":"https:\/\/www.elementvape.de\/ro\/wp-json\/wp\/v2\/media\/6995"}],"wp:attachment":[{"href":"https:\/\/www.elementvape.de\/ro\/wp-json\/wp\/v2\/media?parent=6994"}],"wp:term":[{"taxonomy":"product_cat","embeddable":true,"href":"https:\/\/www.elementvape.de\/ro\/wp-json\/wp\/v2\/product_cat?post=6994"},{"taxonomy":"product_tag","embeddable":true,"href":"https:\/\/www.elementvape.de\/ro\/wp-json\/wp\/v2\/product_tag?post=6994"}],"curies":[{"name":"wp","href":"https:\/\/api.w.org\/{rel}","templated":true}]}}