{"id":16314,"date":"2025-04-19T06:01:38","date_gmt":"2025-04-19T06:01:38","guid":{"rendered":"https:\/\/www.elementvape.de\/?post_type=product&#038;p=16314"},"modified":"2025-04-19T06:13:05","modified_gmt":"2025-04-19T06:13:05","slug":"bang-king-45000-zuege-pineapple-coconut-strawberry-banana-blue-razz-fuer-intensiven-dampfgenuss","status":"publish","type":"product","link":"https:\/\/www.elementvape.de\/ro\/produkt\/bang-king-45000-zuege-pineapple-coconut-strawberry-banana-blue-razz-fuer-intensiven-dampfgenuss\/","title":{"rendered":"BANG KING 45000 de pufuri Ananas Cocos-Strawberry Banana-Blue Razz pentru o experien\u021b\u0103 intens\u0103 de vapare"},"content":{"rendered":"<h2 data-start=\"0\" data-end=\"121\">BANG KING 45000 Puff-uri Ananas\u0103 Nuc\u0103 de Cocos \u2013 C\u0103p\u0219un\u0103 Banan\u0103 \u2013 Zmeur\u0103 Albastr\u0103: O pl\u0103cere fructat\u0103 de vapat de clas\u0103 extra<\/h2>\n<p class=\"\" data-start=\"123\" data-end=\"600\">\u021aigareta electronic\u0103 de unic\u0103 folosin\u021b\u0103 BANG KING 45000 Puff-uri este alegerea perfect\u0103 pentru vaperii care sunt \u00een c\u0103utarea unei experien\u021be gustative intense \u0219i variate. Cu o capacitate uimitoare de 45.000 de puff-uri \u0219i o selec\u021bie unic\u0103 de trei arome fructate \u2013 Ananas\u0103 Nuc\u0103 de Cocos, C\u0103p\u0219un\u0103 Banan\u0103 \u0219i Zmeur\u0103 Albastr\u0103 \u2013 acest dispozitiv ofer\u0103 o experien\u021b\u0103 de vapat excep\u021bional\u0103, potrivit\u0103 at\u00e2t pentru \u00eencep\u0103tori, c\u00e2t \u0219i pentru vaperi experimenta\u021bi.<\/p>\n<h3 class=\"\" data-start=\"602\" data-end=\"647\">Experien\u021be gustative incomparabile<\/h3>\n<p class=\"\" data-start=\"649\" data-end=\"803\">BANG KING 45000 Puff-uri prezint\u0103 un amestec rafinat de arome tropicale \u0219i fructate, care se remarc\u0103 prin prospe\u021bimea \u0219i dulcea\u021ba lor:<\/p>\n<ul data-start=\"805\" data-end=\"1613\">\n<li class=\"\" data-start=\"805\" data-end=\"1089\">\n<p class=\"\" data-start=\"807\" data-end=\"1089\">Ananas\u0103 Nuc\u0103 de Cocos: Aceast\u0103 combina\u021bie tropical\u0103 de ananas dulce \u0219i nuc\u0103 de cocos cremoas\u0103 aduce gustul vacan\u021bei direct la tine. Ananasul ofer\u0103 un impuls revigorant, \u00een timp ce nuca de cocos ofer\u0103 o not\u0103 delicat\u0103, cremoas\u0103, care completeaz\u0103 perfect gustul.<\/p>\n<\/li>\n<li class=\"\" data-start=\"1090\" data-end=\"1355\">\n<p class=\"\" data-start=\"1092\" data-end=\"1355\">C\u0103p\u0219un\u0103 Banan\u0103: Un duo clasic de fructe, care \u00eenc\u00e2nt\u0103 mereu. Dulcea\u021ba c\u0103p\u0219unilor se armonizeaz\u0103 perfect cu prospe\u021bimea delicat\u0103 a bananelor. Aceast\u0103 arom\u0103 este perfect\u0103 pentru to\u021bi cei care caut\u0103 o explozie de gust moale, dar totu\u0219i intens\u0103.<\/p>\n<\/li>\n<li class=\"\" data-start=\"1356\" data-end=\"1613\">\n<p class=\"\" data-start=\"1358\" data-end=\"1613\">Zmeur\u0103 Albastr\u0103: Un mix fructat de afine \u0219i zmeur\u0103 ofer\u0103 o experien\u021b\u0103 revigorant\u0103, u\u0219or acri\u0219oar\u0103. Combina\u021bia acestor dou\u0103 tipuri de fructe de p\u0103dure confer\u0103 vape-ului o fructuozitate vibrant\u0103 \u0219i expresiv\u0103, care seduce papilele gustative.<\/p>\n<\/li>\n<\/ul>\n<p class=\"\" data-start=\"1615\" data-end=\"1836\">Aceste trei arome ofer\u0103 o selec\u021bie unic\u0103 de experien\u021be gustative, care te vor surprinde \u0219i \u00eenc\u00e2nta de fiecare dat\u0103 c\u00e2nd tragi. Fiecare arom\u0103 este unic\u0103 \u0219i aduce cu sine propria prospe\u021bime \u0219i intensitate.<\/p>\n<h3 class=\"\" data-start=\"1838\" data-end=\"1885\">Caracteristici tehnice ale BANG KING 45000<\/h3>\n<p class=\"\" data-start=\"1887\" data-end=\"2123\">Pe l\u00e2ng\u0103 varietatea excep\u021bional\u0103 de arome, BANG KING 45000 Puff-uri convinge \u0219i prin tehnologia sa performant\u0103. Combina\u021bia dintre designul de \u00eenalt\u0103 calitate \u0219i tehnologia avansat\u0103 asigur\u0103 o pl\u0103cere de vapat f\u0103r\u0103 efort:<\/p>\n<ul data-start=\"2125\" data-end=\"3470\">\n<li class=\"\" data-start=\"2125\" data-end=\"2306\">\n<p class=\"\" data-start=\"2127\" data-end=\"2306\">45.000 Puff-uri: Cu un num\u0103r impresionant de 45.000 de puff-uri, po\u021bi s\u0103 te bucuri de dispozitiv pentru o perioad\u0103 lung\u0103 de timp, f\u0103r\u0103 s\u0103-\u021bi faci griji c\u0103 se va termina repede.<\/p>\n<\/li>\n<li class=\"\" data-start=\"2307\" data-end=\"2578\">\n<p class=\"\" data-start=\"2309\" data-end=\"2578\">Trei arome \u00eentr-o cutie: BANG KING 45000 Puff-uri \u00ee\u021bi ofer\u0103 posibilitatea de a te bucura de trei arome diferite, care sunt p\u0103strate \u00een trei camere separate. Astfel, po\u021bi schimba aromele dup\u0103 cum dore\u0219ti, f\u0103r\u0103 ca acestea s\u0103 se amestece.<\/p>\n<\/li>\n<li class=\"\" data-start=\"2579\" data-end=\"2816\">\n<p class=\"\" data-start=\"2581\" data-end=\"2816\">Mesh Coil: Echipat cu o tehnologie modern\u0103 Mesh Coil, dispozitivul asigur\u0103 o vaporizare uniform\u0103 \u0219i o pl\u0103cere intens\u0103 a vape-ului. Mesh Coil contribuie la \u00eembun\u0103t\u0103\u021birea red\u0103rii gustului \u0219i a cantit\u0103\u021bii de vapori.<\/p>\n<\/li>\n<li class=\"\" data-start=\"2817\" data-end=\"2984\">\n<p class=\"\" data-start=\"2819\" data-end=\"2984\">Op\u021biuni de nicotin\u0103: Alege con\u021binutul de nicotin\u0103 potrivit pentru tine \u2013 fie 0%, 2%, 3% sau 5% nicotin\u0103 \u2013 \u0219i adapteaz\u0103-\u021bi experien\u021ba de vapat preferin\u021belor tale.<\/p>\n<\/li>\n<li class=\"\" data-start=\"2985\" data-end=\"3220\">\n<p class=\"\" data-start=\"2987\" data-end=\"3220\">Baterie de 650 mAh: Bateria puternic\u0103 asigur\u0103 o durat\u0103 lung\u0103 de via\u021b\u0103 a dispozitivului. Datorit\u0103 portului de \u00eenc\u0103rcare Type-C, bateria poate fi re\u00eenc\u0103rcat\u0103 rapid, astfel \u00eenc\u00e2t nu trebuie s\u0103 a\u0219tep\u021bi mult pentru urm\u0103torul t\u0103u vape.<\/p>\n<\/li>\n<li class=\"\" data-start=\"3221\" data-end=\"3470\">\n<p class=\"\" data-start=\"3223\" data-end=\"3470\">U\u0219or de utilizat \u0219i practic: Ca vape de unic\u0103 folosin\u021b\u0103, BANG KING 45000 este deosebit de u\u0219or de utilizat. Dup\u0103 utilizarea complet\u0103, po\u021bi arunca dispozitivul \u00een mod convenabil, f\u0103r\u0103 a fi nevoie s\u0103-\u021bi faci griji cu privire la reumplere sau schimbarea coil-ului.<\/p>\n<\/li>\n<\/ul>\n<h3 class=\"\" data-start=\"3472\" data-end=\"3511\">De ce BANG KING 45000 Puff-uri?<\/h3>\n<p class=\"\" data-start=\"3513\" data-end=\"3989\">BANG KING 45000 Puff-uri \u00ee\u021bi ofer\u0103 mai mult dec\u00e2t o experien\u021b\u0103 medie de vapat. Cu cele 45.000 de puff-uri, o capacitate impresionant\u0103 de lichid de 45 ml \u0219i selec\u021bia de trei arome unice, este alegerea perfect\u0103 pentru vaperii care caut\u0103 o experien\u021b\u0103 de vapat intens\u0103 \u0219i variat\u0103. Fie pentru utilizarea zilnic\u0103 sau pentru momente speciale \u2013 acest dispozitiv asigur\u0103 c\u0103 te po\u021bi bucura oric\u00e2nd de doza perfect\u0103 de pl\u0103cere fructat\u0103.<\/p>\n<p class=\"\" data-start=\"3991\" data-end=\"4266\">Datorit\u0103 tehnologiei Mesh Coil \u0219i a numeroaselor op\u021biuni de nicotin\u0103, BANG KING 45000 este potrivit at\u00e2t pentru \u00eencep\u0103tori, c\u00e2t \u0219i pentru vaperi experimenta\u021bi. Dac\u0103 apreciezi gustul, performan\u021ba \u0219i u\u0219urin\u021ba \u00een utilizare, vei fi \u00eenc\u00e2ntat de acest dispozitiv.<\/p>\n<p class=\"\" data-start=\"4283\" data-end=\"4845\">BANG KING 45000 pufuri este o alegere perfect\u0103 pentru to\u021bi vapori\u0219tii care caut\u0103 o experien\u021b\u0103 de gust excep\u021bional\u0103. Cu aromele proaspete de Ananas Cocos, C\u0103p\u0219uni Banane \u0219i Blue Razz, acest vape de unic\u0103 folosin\u021b\u0103 ofer\u0103 o varietate de arome intense \u0219i r\u0103coritoare. Num\u0103rul mare de pufuri, manevrarea u\u0219oar\u0103 \u0219i tehnologia avansat\u0103 fac din BANG KING 45000 o alegere excelent\u0103 pentru to\u021bi cei \u00een c\u0103utarea unei experien\u021be de vapare de \u00eenalt\u0103 calitate.<\/p>","protected":false},"excerpt":{"rendered":"<p>BANG KING 45000 Z\u00fcge Pineapple Coconut &#8211; Strawberry Banana &#8211; Blue Razz: Ein fruchtiges Dampfvergn\u00fcgen der Extraklasse Die BANG KING 45000 Z\u00fcge Einweg-E-Zigarette ist die perfekte Wahl f\u00fcr Dampfer, die auf der Suche nach einem intensiven und abwechslungsreichen Geschmackserlebnis sind. Mit einer erstaunlichen Kapazit\u00e4t von 45.000 Z\u00fcgen und einer einzigartigen Auswahl an drei fruchtigen Aromen [&hellip;]<\/p>","protected":false},"featured_media":16298,"template":"","meta":{"inline_featured_image":false},"product_cat":[779],"product_tag":[780],"tiered_pricing_type":"fixed","tiered_pricing_fixed_rules":[],"tiered_pricing_percentage_rules":[],"tiered_pricing_minimum":1,"_administrator_tiered_pricing_type":"fixed","_administrator_tiered_pricing_fixed_rules":[],"_editor_tiered_pricing_type":"fixed","_editor_tiered_pricing_fixed_rules":[],"_author_tiered_pricing_type":"fixed","_author_tiered_pricing_fixed_rules":[],"_contributor_tiered_pricing_type":"fixed","_contributor_tiered_pricing_fixed_rules":[],"_subscriber_tiered_pricing_type":"fixed","_subscriber_tiered_pricing_fixed_rules":[],"_customer_tiered_pricing_type":"fixed","_customer_tiered_pricing_fixed_rules":[],"_shop_manager_tiered_pricing_type":"fixed","_shop_manager_tiered_pricing_fixed_rules":[],"_wpseo_manager_tiered_pricing_type":"fixed","_wpseo_manager_tiered_pricing_fixed_rules":[],"_wpseo_editor_tiered_pricing_type":"fixed","_wpseo_editor_tiered_pricing_fixed_rules":[],"_wholesale_customer_tiered_pricing_type":"fixed","_wholesale_customer_tiered_pricing_fixed_rules":[],"_marketer_tiered_pricing_type":"fixed","_marketer_tiered_pricing_fixed_rules":[],"_sales_manager_tiered_pricing_type":"fixed","_sales_manager_tiered_pricing_fixed_rules":[],"_sales_rep_tiered_pricing_type":"fixed","_sales_rep_tiered_pricing_fixed_rules":[],"yoast_head":"<!-- This site is optimized with the Yoast SEO plugin v23.3 - https:\/\/yoast.com\/wordpress\/plugins\/seo\/ -->\n<title>BANG KING 45000 Z\u00fcge Pineapple Coconut-Strawberry Banana-Blue Razz f\u00fcr intensiven Dampfgenuss | ElementVape.de<\/title>\n<meta name=\"description\" content=\"BANG KING 45000 Z\u00fcge bietet erfrischende Aromen wie Pineapple Coconut, Strawberry Banana und Blue Razz f\u00fcr ein intensives und langanhaltendes Dampferlebnis.\" \/>\n<meta name=\"robots\" content=\"index, follow, max-snippet:-1, max-image-preview:large, max-video-preview:-1\" \/>\n<link rel=\"canonical\" href=\"https:\/\/www.elementvape.de\/ro\/produkt\/bang-king-45000-zuege-pineapple-coconut-strawberry-banana-blue-razz-fuer-intensiven-dampfgenuss\/\" \/>\n<meta property=\"og:locale\" content=\"ro_RO\" \/>\n<meta property=\"og:type\" content=\"article\" \/>\n<meta property=\"og:title\" content=\"BANG KING 45000 Z\u00fcge Pineapple Coconut-Strawberry Banana-Blue Razz f\u00fcr intensiven Dampfgenuss | ElementVape.de\" \/>\n<meta property=\"og:description\" content=\"BANG KING 45000 Z\u00fcge bietet erfrischende Aromen wie Pineapple Coconut, Strawberry Banana und Blue Razz f\u00fcr ein intensives und langanhaltendes Dampferlebnis.\" \/>\n<meta property=\"og:url\" content=\"https:\/\/www.elementvape.de\/ro\/produkt\/bang-king-45000-zuege-pineapple-coconut-strawberry-banana-blue-razz-fuer-intensiven-dampfgenuss\/\" \/>\n<meta property=\"og:site_name\" content=\"ElementVape.de\" \/>\n<meta property=\"article:modified_time\" content=\"2025-04-19T06:13:05+00:00\" \/>\n<meta property=\"og:image\" content=\"https:\/\/www.elementvape.de\/wp-content\/uploads\/2025\/04\/bangking45k-Pineapple-Coconut-Strawberry-Banana-Blue-Razz.jpg\" \/>\n\t<meta property=\"og:image:width\" content=\"698\" \/>\n\t<meta property=\"og:image:height\" content=\"771\" \/>\n\t<meta property=\"og:image:type\" content=\"image\/jpeg\" \/>\n<meta name=\"twitter:card\" content=\"summary_large_image\" \/>\n<meta name=\"twitter:label1\" content=\"Est. reading time\" \/>\n\t<meta name=\"twitter:data1\" content=\"4 minute\" \/>\n<script type=\"application\/ld+json\" class=\"yoast-schema-graph\">{\"@context\":\"https:\/\/schema.org\",\"@graph\":[{\"@type\":\"WebPage\",\"@id\":\"https:\/\/www.elementvape.de\/sk\/produkt\/bang-king-45000-zuege-pineapple-coconut-strawberry-banana-blue-razz-fuer-intensiven-dampfgenuss\/\",\"url\":\"https:\/\/www.elementvape.de\/sk\/produkt\/bang-king-45000-zuege-pineapple-coconut-strawberry-banana-blue-razz-fuer-intensiven-dampfgenuss\/\",\"name\":\"BANG KING 45000 Z\u00fcge Pineapple Coconut-Strawberry Banana-Blue Razz f\u00fcr intensiven Dampfgenuss | ElementVape.de\",\"isPartOf\":{\"@id\":\"https:\/\/www.elementvape.de\/#website\"},\"primaryImageOfPage\":{\"@id\":\"https:\/\/www.elementvape.de\/sk\/produkt\/bang-king-45000-zuege-pineapple-coconut-strawberry-banana-blue-razz-fuer-intensiven-dampfgenuss\/#primaryimage\"},\"image\":{\"@id\":\"https:\/\/www.elementvape.de\/sk\/produkt\/bang-king-45000-zuege-pineapple-coconut-strawberry-banana-blue-razz-fuer-intensiven-dampfgenuss\/#primaryimage\"},\"thumbnailUrl\":\"https:\/\/www.elementvape.de\/wp-content\/uploads\/2025\/04\/bangking45k-Pineapple-Coconut-Strawberry-Banana-Blue-Razz.jpg\",\"datePublished\":\"2025-04-19T06:01:38+00:00\",\"dateModified\":\"2025-04-19T06:13:05+00:00\",\"description\":\"BANG KING 45000 Z\u00fcge bietet erfrischende Aromen wie Pineapple Coconut, Strawberry Banana und Blue Razz f\u00fcr ein intensives und langanhaltendes Dampferlebnis.\",\"breadcrumb\":{\"@id\":\"https:\/\/www.elementvape.de\/sk\/produkt\/bang-king-45000-zuege-pineapple-coconut-strawberry-banana-blue-razz-fuer-intensiven-dampfgenuss\/#breadcrumb\"},\"inLanguage\":\"ro-RO\",\"potentialAction\":[{\"@type\":\"ReadAction\",\"target\":[\"https:\/\/www.elementvape.de\/sk\/produkt\/bang-king-45000-zuege-pineapple-coconut-strawberry-banana-blue-razz-fuer-intensiven-dampfgenuss\/\"]}]},{\"@type\":\"ImageObject\",\"inLanguage\":\"ro-RO\",\"@id\":\"https:\/\/www.elementvape.de\/sk\/produkt\/bang-king-45000-zuege-pineapple-coconut-strawberry-banana-blue-razz-fuer-intensiven-dampfgenuss\/#primaryimage\",\"url\":\"https:\/\/www.elementvape.de\/wp-content\/uploads\/2025\/04\/bangking45k-Pineapple-Coconut-Strawberry-Banana-Blue-Razz.jpg\",\"contentUrl\":\"https:\/\/www.elementvape.de\/wp-content\/uploads\/2025\/04\/bangking45k-Pineapple-Coconut-Strawberry-Banana-Blue-Razz.jpg\",\"width\":698,\"height\":771},{\"@type\":\"BreadcrumbList\",\"@id\":\"https:\/\/www.elementvape.de\/sk\/produkt\/bang-king-45000-zuege-pineapple-coconut-strawberry-banana-blue-razz-fuer-intensiven-dampfgenuss\/#breadcrumb\",\"itemListElement\":[{\"@type\":\"ListItem\",\"position\":1,\"name\":\"Home\",\"item\":\"https:\/\/www.elementvape.de\/\"},{\"@type\":\"ListItem\",\"position\":2,\"name\":\"Shop\",\"item\":\"https:\/\/www.elementvape.de\/shop\/\"},{\"@type\":\"ListItem\",\"position\":3,\"name\":\"BANG KING 45000 Z\u00fcge Pineapple Coconut-Strawberry Banana-Blue Razz f\u00fcr intensiven Dampfgenuss\"}]},{\"@type\":\"WebSite\",\"@id\":\"https:\/\/www.elementvape.de\/#website\",\"url\":\"https:\/\/www.elementvape.de\/\",\"name\":\"ElementVape.de\",\"description\":\"\",\"publisher\":{\"@id\":\"https:\/\/www.elementvape.de\/#organization\"},\"potentialAction\":[{\"@type\":\"SearchAction\",\"target\":{\"@type\":\"EntryPoint\",\"urlTemplate\":\"https:\/\/www.elementvape.de\/?s={search_term_string}\"},\"query-input\":\"required name=search_term_string\"}],\"inLanguage\":\"ro-RO\"},{\"@type\":\"Organization\",\"@id\":\"https:\/\/www.elementvape.de\/#organization\",\"name\":\"ElementVape.DE\",\"url\":\"https:\/\/www.elementvape.de\/\",\"logo\":{\"@type\":\"ImageObject\",\"inLanguage\":\"ro-RO\",\"@id\":\"https:\/\/www.elementvape.de\/#\/schema\/logo\/image\/\",\"url\":\"https:\/\/www.elementvape.de\/wp-content\/uploads\/2024\/09\/cropped-1elementvape-3.png\",\"contentUrl\":\"https:\/\/www.elementvape.de\/wp-content\/uploads\/2024\/09\/cropped-1elementvape-3.png\",\"width\":285,\"height\":228,\"caption\":\"ElementVape.DE\"},\"image\":{\"@id\":\"https:\/\/www.elementvape.de\/#\/schema\/logo\/image\/\"}}]}<\/script>\n<!-- \/ Yoast SEO plugin. -->","yoast_head_json":{"title":"BANG KING 45000 Z\u00fcge Pineapple Coconut-Strawberry Banana-Blue Razz f\u00fcr intensiven Dampfgenuss | ElementVape.de","description":"BANG KING 45000 Z\u00fcge bietet erfrischende Aromen wie Pineapple Coconut, Strawberry Banana und Blue Razz f\u00fcr ein intensives und langanhaltendes Dampferlebnis.","robots":{"index":"index","follow":"follow","max-snippet":"max-snippet:-1","max-image-preview":"max-image-preview:large","max-video-preview":"max-video-preview:-1"},"canonical":"https:\/\/www.elementvape.de\/ro\/produkt\/bang-king-45000-zuege-pineapple-coconut-strawberry-banana-blue-razz-fuer-intensiven-dampfgenuss\/","og_locale":"ro_RO","og_type":"article","og_title":"BANG KING 45000 Z\u00fcge Pineapple Coconut-Strawberry Banana-Blue Razz f\u00fcr intensiven Dampfgenuss | ElementVape.de","og_description":"BANG KING 45000 Z\u00fcge bietet erfrischende Aromen wie Pineapple Coconut, Strawberry Banana und Blue Razz f\u00fcr ein intensives und langanhaltendes Dampferlebnis.","og_url":"https:\/\/www.elementvape.de\/ro\/produkt\/bang-king-45000-zuege-pineapple-coconut-strawberry-banana-blue-razz-fuer-intensiven-dampfgenuss\/","og_site_name":"ElementVape.de","article_modified_time":"2025-04-19T06:13:05+00:00","og_image":[{"width":698,"height":771,"url":"https:\/\/www.elementvape.de\/wp-content\/uploads\/2025\/04\/bangking45k-Pineapple-Coconut-Strawberry-Banana-Blue-Razz.jpg","type":"image\/jpeg"}],"twitter_card":"summary_large_image","twitter_misc":{"Est. reading time":"4 minute"},"schema":{"@context":"https:\/\/schema.org","@graph":[{"@type":"WebPage","@id":"https:\/\/www.elementvape.de\/sk\/produkt\/bang-king-45000-zuege-pineapple-coconut-strawberry-banana-blue-razz-fuer-intensiven-dampfgenuss\/","url":"https:\/\/www.elementvape.de\/sk\/produkt\/bang-king-45000-zuege-pineapple-coconut-strawberry-banana-blue-razz-fuer-intensiven-dampfgenuss\/","name":"BANG KING 45000 Z\u00fcge Pineapple Coconut-Strawberry Banana-Blue Razz f\u00fcr intensiven Dampfgenuss | ElementVape.de","isPartOf":{"@id":"https:\/\/www.elementvape.de\/#website"},"primaryImageOfPage":{"@id":"https:\/\/www.elementvape.de\/sk\/produkt\/bang-king-45000-zuege-pineapple-coconut-strawberry-banana-blue-razz-fuer-intensiven-dampfgenuss\/#primaryimage"},"image":{"@id":"https:\/\/www.elementvape.de\/sk\/produkt\/bang-king-45000-zuege-pineapple-coconut-strawberry-banana-blue-razz-fuer-intensiven-dampfgenuss\/#primaryimage"},"thumbnailUrl":"https:\/\/www.elementvape.de\/wp-content\/uploads\/2025\/04\/bangking45k-Pineapple-Coconut-Strawberry-Banana-Blue-Razz.jpg","datePublished":"2025-04-19T06:01:38+00:00","dateModified":"2025-04-19T06:13:05+00:00","description":"BANG KING 45000 Z\u00fcge bietet erfrischende Aromen wie Pineapple Coconut, Strawberry Banana und Blue Razz f\u00fcr ein intensives und langanhaltendes Dampferlebnis.","breadcrumb":{"@id":"https:\/\/www.elementvape.de\/sk\/produkt\/bang-king-45000-zuege-pineapple-coconut-strawberry-banana-blue-razz-fuer-intensiven-dampfgenuss\/#breadcrumb"},"inLanguage":"ro-RO","potentialAction":[{"@type":"ReadAction","target":["https:\/\/www.elementvape.de\/sk\/produkt\/bang-king-45000-zuege-pineapple-coconut-strawberry-banana-blue-razz-fuer-intensiven-dampfgenuss\/"]}]},{"@type":"ImageObject","inLanguage":"ro-RO","@id":"https:\/\/www.elementvape.de\/sk\/produkt\/bang-king-45000-zuege-pineapple-coconut-strawberry-banana-blue-razz-fuer-intensiven-dampfgenuss\/#primaryimage","url":"https:\/\/www.elementvape.de\/wp-content\/uploads\/2025\/04\/bangking45k-Pineapple-Coconut-Strawberry-Banana-Blue-Razz.jpg","contentUrl":"https:\/\/www.elementvape.de\/wp-content\/uploads\/2025\/04\/bangking45k-Pineapple-Coconut-Strawberry-Banana-Blue-Razz.jpg","width":698,"height":771},{"@type":"BreadcrumbList","@id":"https:\/\/www.elementvape.de\/sk\/produkt\/bang-king-45000-zuege-pineapple-coconut-strawberry-banana-blue-razz-fuer-intensiven-dampfgenuss\/#breadcrumb","itemListElement":[{"@type":"ListItem","position":1,"name":"Home","item":"https:\/\/www.elementvape.de\/"},{"@type":"ListItem","position":2,"name":"Shop","item":"https:\/\/www.elementvape.de\/shop\/"},{"@type":"ListItem","position":3,"name":"BANG KING 45000 Z\u00fcge Pineapple Coconut-Strawberry Banana-Blue Razz f\u00fcr intensiven Dampfgenuss"}]},{"@type":"WebSite","@id":"https:\/\/www.elementvape.de\/#website","url":"https:\/\/www.elementvape.de\/","name":"ElementVape.de","description":"","publisher":{"@id":"https:\/\/www.elementvape.de\/#organization"},"potentialAction":[{"@type":"SearchAction","target":{"@type":"EntryPoint","urlTemplate":"https:\/\/www.elementvape.de\/?s={search_term_string}"},"query-input":"required name=search_term_string"}],"inLanguage":"ro-RO"},{"@type":"Organization","@id":"https:\/\/www.elementvape.de\/#organization","name":"ElementVape.DE","url":"https:\/\/www.elementvape.de\/","logo":{"@type":"ImageObject","inLanguage":"ro-RO","@id":"https:\/\/www.elementvape.de\/#\/schema\/logo\/image\/","url":"https:\/\/www.elementvape.de\/wp-content\/uploads\/2024\/09\/cropped-1elementvape-3.png","contentUrl":"https:\/\/www.elementvape.de\/wp-content\/uploads\/2024\/09\/cropped-1elementvape-3.png","width":285,"height":228,"caption":"ElementVape.DE"},"image":{"@id":"https:\/\/www.elementvape.de\/#\/schema\/logo\/image\/"}}]}},"_links":{"self":[{"href":"https:\/\/www.elementvape.de\/ro\/wp-json\/wp\/v2\/product\/16314"}],"collection":[{"href":"https:\/\/www.elementvape.de\/ro\/wp-json\/wp\/v2\/product"}],"about":[{"href":"https:\/\/www.elementvape.de\/ro\/wp-json\/wp\/v2\/types\/product"}],"wp:featuredmedia":[{"embeddable":true,"href":"https:\/\/www.elementvape.de\/ro\/wp-json\/wp\/v2\/media\/16298"}],"wp:attachment":[{"href":"https:\/\/www.elementvape.de\/ro\/wp-json\/wp\/v2\/media?parent=16314"}],"wp:term":[{"taxonomy":"product_cat","embeddable":true,"href":"https:\/\/www.elementvape.de\/ro\/wp-json\/wp\/v2\/product_cat?post=16314"},{"taxonomy":"product_tag","embeddable":true,"href":"https:\/\/www.elementvape.de\/ro\/wp-json\/wp\/v2\/product_tag?post=16314"}],"curies":[{"name":"wp","href":"https:\/\/api.w.org\/{rel}","templated":true}]}}